{"id":85952,"date":"2025-06-01T19:01:56","date_gmt":"2025-06-01T17:01:56","guid":{"rendered":"https:\/\/manskin.ch\/produkt\/musgo-real-edt-puro-sangue-3\/"},"modified":"2026-01-15T21:37:43","modified_gmt":"2026-01-15T20:37:43","slug":"musgo-real-edt-1887","status":"publish","type":"product","link":"https:\/\/manskin.ch\/fr\/produkt\/musgo-real-edt-1887\/","title":{"rendered":"Musgo Real &#8211; Eau de Toilette 1887"},"content":{"rendered":"<h2>Musgo Real &#8211; Eau de Toilette 1887<\/h2>\n<ul>\n<li>Zeitlos, elegant, charakterstark.<\/li>\n<li>Musgo Real 1887 Eau de Toilette ist eine Hommage an Beharrlichkeit, an die Kunst der Neuerfindung und an die Achtung eines Erbes, das von Generation zu Generation weitergegeben wird.<\/li>\n<li>1887 steht f\u00fcr die perfekte Verbindung von Tradition und Moderne, von Altem und Gewagtem, von Vergangenheit und Gegenwart.<\/li>\n<li>Dieser maskuline Duft beeindruckt mit einer raffinierten Note, in der die belebende Kraft der Geranie auf die Tiefe warmer Ambra trifft.<\/li>\n<li>Der Duft er\u00f6ffnet mit spritzigen Noten von Grapefruit und Zitrone, gew\u00fcrzt mit einem Hauch rosa Pfeffer. Im Herzen entfalten sich kraftvolle Akkorde von Geranie und Patchouli \u2013 maskulin, aber dennoch raffiniert. Abgerundet wird die Komposition von einer warmen Basis aus Vetiver, Ambra und Eichenmoos, die Tiefe und Charakter verleiht.<\/li>\n<\/ul>\n<p>Duftnoten:<\/p>\n<ul>\n<li>Kopfnoten: Zitrone, rosa Pfeffer, Grapefruit<\/li>\n<li>Herznoten: Geranie, Zistrose, Patchouli<\/li>\n<li>Basisnoten: Vetiver, Ambra, Eichenmoos<\/li>\n<\/ul>\n<p>Inhalt 100 ml.<\/p>\n","protected":false},"excerpt":{"rendered":"<p>Musgo Real &#8211; Eau de Toilette 1887 Zeitlos, elegant, charakterstark. Musgo Real 1887 Eau de Toilette ist eine Hommage an Beharrlichkeit, an die Kunst der Neuerfindung und an die Achtung eines Erbes, das von Generation zu Generation weitergegeben wird. 1887 steht f\u00fcr die perfekte Verbindung von Tradition und Moderne, von Altem und Gewagtem, von Vergangenheit &#8230; <a title=\"Musgo Real &#8211; Eau de Toilette 1887\" class=\"read-more\" href=\"https:\/\/manskin.ch\/fr\/produkt\/musgo-real-edt-1887\/\" aria-label=\"En savoir plus sur Musgo Real &#8211; Eau de Toilette 1887\">Lire la suite<\/a><\/p>\n","protected":false},"featured_media":85963,"comment_status":"closed","ping_status":"closed","template":"","meta":{"_acf_changed":false},"pwb-brand":[2770],"product_brand":[],"product_cat":[2273],"product_tag":[],"class_list":{"0":"post-85952","1":"product","2":"type-product","3":"status-publish","4":"has-post-thumbnail","6":"pwb-brand-musgo-real","7":"product_cat-huile-pour-barbe-fr","8":"sales-flash-overlay","9":"woocommerce-text-align-center","10":"woocommerce-image-align-center","11":"do-quantity-buttons","13":"first","14":"instock","15":"taxable","16":"shipping-taxable","17":"purchasable","18":"product-type-simple"},"acf":[],"yoast_head":"<!-- This site is optimized with the Yoast SEO Premium plugin v27.3 (Yoast SEO v27.3) - https:\/\/yoast.com\/product\/yoast-seo-premium-wordpress\/ -->\n<title>Musgo Real - Eau de Toilette 1887 | Manskin.ch<\/title>\n<meta name=\"description\" content=\"Musgo Real - Eau de Toilette 1887\" \/>\n<meta name=\"robots\" content=\"index, follow, max-snippet:-1, max-image-preview:large, max-video-preview:-1\" \/>\n<link rel=\"canonical\" href=\"https:\/\/manskin.ch\/fr\/produkt\/musgo-real-edt-1887\/\" \/>\n<meta property=\"og:locale\" content=\"fr_FR\" \/>\n<meta property=\"og:type\" content=\"article\" \/>\n<meta property=\"og:title\" content=\"Musgo Real - Eau de Toilette 1887\" \/>\n<meta property=\"og:description\" content=\"Musgo Real - Eau de Toilette 1887\" \/>\n<meta property=\"og:url\" content=\"https:\/\/manskin.ch\/fr\/produkt\/musgo-real-edt-1887\/\" \/>\n<meta property=\"og:site_name\" content=\"Manskin.ch\" \/>\n<meta property=\"article:publisher\" content=\"https:\/\/www.facebook.com\/manskin.ch\" \/>\n<meta property=\"article:modified_time\" content=\"2026-01-15T20:37:43+00:00\" \/>\n<meta property=\"og:image\" content=\"https:\/\/manskin.ch\/wp-content\/uploads\/2025\/06\/Musgo-Classico-1887-Edt-High-Quality.webp\" \/>\n\t<meta property=\"og:image:width\" content=\"1000\" \/>\n\t<meta property=\"og:image:height\" content=\"1000\" \/>\n\t<meta property=\"og:image:type\" content=\"image\/webp\" \/>\n<meta name=\"twitter:card\" content=\"summary_large_image\" \/>\n<meta name=\"twitter:label1\" content=\"Prix\" \/>\n\t<meta name=\"twitter:data1\" content=\"105.00&#067;&#072;&#070;\" \/>\n\t<meta name=\"twitter:label2\" content=\"Disponibilit\u00e9\" \/>\n\t<meta name=\"twitter:data2\" content=\"En stock\" \/>\n<script type=\"application\/ld+json\" class=\"yoast-schema-graph\">{\"@context\":\"https:\\\/\\\/schema.org\",\"@graph\":[{\"@type\":\"WebPage\",\"@id\":\"https:\\\/\\\/manskin.ch\\\/fr\\\/produkt\\\/musgo-real-edt-1887\\\/\",\"url\":\"https:\\\/\\\/manskin.ch\\\/fr\\\/produkt\\\/musgo-real-edt-1887\\\/\",\"name\":\"Musgo Real - Eau de Toilette 1887 | Manskin.ch\",\"isPartOf\":{\"@id\":\"https:\\\/\\\/manskin.ch\\\/fr\\\/#website\"},\"primaryImageOfPage\":{\"@id\":\"https:\\\/\\\/manskin.ch\\\/fr\\\/produkt\\\/musgo-real-edt-1887\\\/#primaryimage\"},\"image\":{\"@id\":\"https:\\\/\\\/manskin.ch\\\/fr\\\/produkt\\\/musgo-real-edt-1887\\\/#primaryimage\"},\"thumbnailUrl\":\"https:\\\/\\\/manskin.ch\\\/wp-content\\\/uploads\\\/2025\\\/06\\\/Musgo-Classico-1887-Edt-High-Quality.webp\",\"datePublished\":\"2025-06-01T17:01:56+00:00\",\"dateModified\":\"2026-01-15T20:37:43+00:00\",\"description\":\"Musgo Real - Eau de Toilette 1887\",\"breadcrumb\":{\"@id\":\"https:\\\/\\\/manskin.ch\\\/fr\\\/produkt\\\/musgo-real-edt-1887\\\/#breadcrumb\"},\"inLanguage\":\"fr-FR\",\"potentialAction\":[{\"@type\":\"ReadAction\",\"target\":[\"https:\\\/\\\/manskin.ch\\\/fr\\\/produkt\\\/musgo-real-edt-1887\\\/\"]}]},{\"@type\":\"ImageObject\",\"inLanguage\":\"fr-FR\",\"@id\":\"https:\\\/\\\/manskin.ch\\\/fr\\\/produkt\\\/musgo-real-edt-1887\\\/#primaryimage\",\"url\":\"https:\\\/\\\/manskin.ch\\\/wp-content\\\/uploads\\\/2025\\\/06\\\/Musgo-Classico-1887-Edt-High-Quality.webp\",\"contentUrl\":\"https:\\\/\\\/manskin.ch\\\/wp-content\\\/uploads\\\/2025\\\/06\\\/Musgo-Classico-1887-Edt-High-Quality.webp\",\"width\":1000,\"height\":1000},{\"@type\":\"BreadcrumbList\",\"@id\":\"https:\\\/\\\/manskin.ch\\\/fr\\\/produkt\\\/musgo-real-edt-1887\\\/#breadcrumb\",\"itemListElement\":[{\"@type\":\"ListItem\",\"position\":1,\"name\":\"Startseite\",\"item\":\"https:\\\/\\\/manskin.ch\\\/fr\\\/\"},{\"@type\":\"ListItem\",\"position\":2,\"name\":\"Boutique Soins pour Hommes &amp; Skincare\",\"item\":\"https:\\\/\\\/manskin.ch\\\/fr\\\/boutique\\\/\"},{\"@type\":\"ListItem\",\"position\":3,\"name\":\"Musgo Real &#8211; Eau de Toilette 1887\"}]},{\"@type\":\"WebSite\",\"@id\":\"https:\\\/\\\/manskin.ch\\\/fr\\\/#website\",\"url\":\"https:\\\/\\\/manskin.ch\\\/fr\\\/\",\"name\":\"Manskin.ch\",\"description\":\"Tous les produits de beaut\u00e9 pour les hommes les plus exigeants\",\"publisher\":{\"@id\":\"https:\\\/\\\/manskin.ch\\\/fr\\\/#organization\"},\"potentialAction\":[{\"@type\":\"SearchAction\",\"target\":{\"@type\":\"EntryPoint\",\"urlTemplate\":\"https:\\\/\\\/manskin.ch\\\/fr\\\/?s={search_term_string}\"},\"query-input\":{\"@type\":\"PropertyValueSpecification\",\"valueRequired\":true,\"valueName\":\"search_term_string\"}}],\"inLanguage\":\"fr-FR\"},{\"@type\":\"Organization\",\"@id\":\"https:\\\/\\\/manskin.ch\\\/fr\\\/#organization\",\"name\":\"Manskin.ch - der Schweizer Onlineshop f\u00fcr qualit\u00e4tsstarke M\u00e4nnerpflege\",\"url\":\"https:\\\/\\\/manskin.ch\\\/fr\\\/\",\"logo\":{\"@type\":\"ImageObject\",\"inLanguage\":\"fr-FR\",\"@id\":\"https:\\\/\\\/manskin.ch\\\/fr\\\/#\\\/schema\\\/logo\\\/image\\\/\",\"url\":\"https:\\\/\\\/manskin.ch\\\/wp-content\\\/uploads\\\/2021\\\/04\\\/cropped-logo_head.png\",\"contentUrl\":\"https:\\\/\\\/manskin.ch\\\/wp-content\\\/uploads\\\/2021\\\/04\\\/cropped-logo_head.png\",\"width\":235,\"height\":75,\"caption\":\"Manskin.ch - der Schweizer Onlineshop f\u00fcr qualit\u00e4tsstarke M\u00e4nnerpflege\"},\"image\":{\"@id\":\"https:\\\/\\\/manskin.ch\\\/fr\\\/#\\\/schema\\\/logo\\\/image\\\/\"},\"sameAs\":[\"https:\\\/\\\/www.facebook.com\\\/manskin.ch\",\"https:\\\/\\\/www.instagram.com\\\/manskin.ch\\\/\"]}]}<\/script>\n<meta property=\"product:price:amount\" content=\"105.00\" \/>\n<meta property=\"product:price:currency\" content=\"CHF\" \/>\n<meta property=\"og:availability\" content=\"instock\" \/>\n<meta property=\"product:availability\" content=\"instock\" \/>\n<meta property=\"product:retailer_item_id\" content=\"14305\" \/>\n<meta property=\"product:condition\" content=\"new\" \/>\n<!-- \/ Yoast SEO Premium plugin. -->","yoast_head_json":{"title":"Musgo Real - Eau de Toilette 1887 | Manskin.ch","description":"Musgo Real - Eau de Toilette 1887","robots":{"index":"index","follow":"follow","max-snippet":"max-snippet:-1","max-image-preview":"max-image-preview:large","max-video-preview":"max-video-preview:-1"},"canonical":"https:\/\/manskin.ch\/fr\/produkt\/musgo-real-edt-1887\/","og_locale":"fr_FR","og_type":"article","og_title":"Musgo Real - Eau de Toilette 1887","og_description":"Musgo Real - Eau de Toilette 1887","og_url":"https:\/\/manskin.ch\/fr\/produkt\/musgo-real-edt-1887\/","og_site_name":"Manskin.ch","article_publisher":"https:\/\/www.facebook.com\/manskin.ch","article_modified_time":"2026-01-15T20:37:43+00:00","og_image":[{"width":1000,"height":1000,"url":"https:\/\/manskin.ch\/wp-content\/uploads\/2025\/06\/Musgo-Classico-1887-Edt-High-Quality.webp","type":"image\/webp"}],"twitter_card":"summary_large_image","twitter_misc":{"Prix":"105.00&#67;&#72;&#70;","Disponibilit\u00e9":"En stock"},"schema":{"@context":"https:\/\/schema.org","@graph":[{"@type":"WebPage","@id":"https:\/\/manskin.ch\/fr\/produkt\/musgo-real-edt-1887\/","url":"https:\/\/manskin.ch\/fr\/produkt\/musgo-real-edt-1887\/","name":"Musgo Real - Eau de Toilette 1887 | Manskin.ch","isPartOf":{"@id":"https:\/\/manskin.ch\/fr\/#website"},"primaryImageOfPage":{"@id":"https:\/\/manskin.ch\/fr\/produkt\/musgo-real-edt-1887\/#primaryimage"},"image":{"@id":"https:\/\/manskin.ch\/fr\/produkt\/musgo-real-edt-1887\/#primaryimage"},"thumbnailUrl":"https:\/\/manskin.ch\/wp-content\/uploads\/2025\/06\/Musgo-Classico-1887-Edt-High-Quality.webp","datePublished":"2025-06-01T17:01:56+00:00","dateModified":"2026-01-15T20:37:43+00:00","description":"Musgo Real - Eau de Toilette 1887","breadcrumb":{"@id":"https:\/\/manskin.ch\/fr\/produkt\/musgo-real-edt-1887\/#breadcrumb"},"inLanguage":"fr-FR","potentialAction":[{"@type":"ReadAction","target":["https:\/\/manskin.ch\/fr\/produkt\/musgo-real-edt-1887\/"]}]},{"@type":"ImageObject","inLanguage":"fr-FR","@id":"https:\/\/manskin.ch\/fr\/produkt\/musgo-real-edt-1887\/#primaryimage","url":"https:\/\/manskin.ch\/wp-content\/uploads\/2025\/06\/Musgo-Classico-1887-Edt-High-Quality.webp","contentUrl":"https:\/\/manskin.ch\/wp-content\/uploads\/2025\/06\/Musgo-Classico-1887-Edt-High-Quality.webp","width":1000,"height":1000},{"@type":"BreadcrumbList","@id":"https:\/\/manskin.ch\/fr\/produkt\/musgo-real-edt-1887\/#breadcrumb","itemListElement":[{"@type":"ListItem","position":1,"name":"Startseite","item":"https:\/\/manskin.ch\/fr\/"},{"@type":"ListItem","position":2,"name":"Boutique Soins pour Hommes &amp; Skincare","item":"https:\/\/manskin.ch\/fr\/boutique\/"},{"@type":"ListItem","position":3,"name":"Musgo Real &#8211; Eau de Toilette 1887"}]},{"@type":"WebSite","@id":"https:\/\/manskin.ch\/fr\/#website","url":"https:\/\/manskin.ch\/fr\/","name":"Manskin.ch","description":"Tous les produits de beaut\u00e9 pour les hommes les plus exigeants","publisher":{"@id":"https:\/\/manskin.ch\/fr\/#organization"},"potentialAction":[{"@type":"SearchAction","target":{"@type":"EntryPoint","urlTemplate":"https:\/\/manskin.ch\/fr\/?s={search_term_string}"},"query-input":{"@type":"PropertyValueSpecification","valueRequired":true,"valueName":"search_term_string"}}],"inLanguage":"fr-FR"},{"@type":"Organization","@id":"https:\/\/manskin.ch\/fr\/#organization","name":"Manskin.ch - der Schweizer Onlineshop f\u00fcr qualit\u00e4tsstarke M\u00e4nnerpflege","url":"https:\/\/manskin.ch\/fr\/","logo":{"@type":"ImageObject","inLanguage":"fr-FR","@id":"https:\/\/manskin.ch\/fr\/#\/schema\/logo\/image\/","url":"https:\/\/manskin.ch\/wp-content\/uploads\/2021\/04\/cropped-logo_head.png","contentUrl":"https:\/\/manskin.ch\/wp-content\/uploads\/2021\/04\/cropped-logo_head.png","width":235,"height":75,"caption":"Manskin.ch - der Schweizer Onlineshop f\u00fcr qualit\u00e4tsstarke M\u00e4nnerpflege"},"image":{"@id":"https:\/\/manskin.ch\/fr\/#\/schema\/logo\/image\/"},"sameAs":["https:\/\/www.facebook.com\/manskin.ch","https:\/\/www.instagram.com\/manskin.ch\/"]}]},"product_price_amount":"105.00","product_price_currency":"CHF","og_availability":"instock","product_availability":"instock","product_retailer_item_id":"14305","product_condition":"new"},"brands":[{"id":2770,"name":"Musgo Real","slug":"musgo-real"}],"_links":{"self":[{"href":"https:\/\/manskin.ch\/fr\/wp-json\/wp\/v2\/product\/85952","targetHints":{"allow":["GET"]}}],"collection":[{"href":"https:\/\/manskin.ch\/fr\/wp-json\/wp\/v2\/product"}],"about":[{"href":"https:\/\/manskin.ch\/fr\/wp-json\/wp\/v2\/types\/product"}],"replies":[{"embeddable":true,"href":"https:\/\/manskin.ch\/fr\/wp-json\/wp\/v2\/comments?post=85952"}],"wp:featuredmedia":[{"embeddable":true,"href":"https:\/\/manskin.ch\/fr\/wp-json\/wp\/v2\/media\/85963"}],"wp:attachment":[{"href":"https:\/\/manskin.ch\/fr\/wp-json\/wp\/v2\/media?parent=85952"}],"wp:term":[{"taxonomy":"pwb-brand","embeddable":true,"href":"https:\/\/manskin.ch\/fr\/wp-json\/wp\/v2\/pwb-brand?post=85952"},{"taxonomy":"product_brand","embeddable":true,"href":"https:\/\/manskin.ch\/fr\/wp-json\/wp\/v2\/product_brand?post=85952"},{"taxonomy":"product_cat","embeddable":true,"href":"https:\/\/manskin.ch\/fr\/wp-json\/wp\/v2\/product_cat?post=85952"},{"taxonomy":"product_tag","embeddable":true,"href":"https:\/\/manskin.ch\/fr\/wp-json\/wp\/v2\/product_tag?post=85952"}],"curies":[{"name":"wp","href":"https:\/\/api.w.org\/{rel}","templated":true}]}}