{"id":85892,"date":"2025-05-31T15:17:04","date_gmt":"2025-05-31T13:17:04","guid":{"rendered":"https:\/\/manskin.ch\/produkt\/musgo-real-edt-black-edition-3\/"},"modified":"2025-08-31T18:22:34","modified_gmt":"2025-08-31T16:22:34","slug":"musgo-real-edt-black-edition-tester","status":"publish","type":"product","link":"https:\/\/manskin.ch\/fr\/produkt\/musgo-real-edt-black-edition-tester\/","title":{"rendered":"Musgo Real &#8211; Eau de Toilette Black Edition Tester 2 ml"},"content":{"rendered":"<h2>Musgo Real &#8211; Eau de Toilette Black Edition Tester 2 ml<\/h2>\n<ul>\n<li>Novatrice et contemporaine, l&rsquo;Eau de Toilette Musgo Real Black Edition est un parfum sophistiqu&eacute; et sensuel.<\/li>\n<li>Une fragrance envoutante et captivante cr&eacute;&eacute;e autour d&rsquo;une base de v&eacute;tiver et de c&egrave;dre, de patchouli et de f&egrave;ve tonka.<\/li>\n<li>Dans son c&frac12;ur noir vit un m&eacute;lange s&eacute;ducteur de ganache et d&rsquo;&eacute;pices exotiques, combin&eacute;es &agrave; des notes agrestes de geni&egrave;vre, de citron et de bergamote.<br \/>\n\t&nbsp;<\/li>\n<li>Musgo Real Black Edition est pr&eacute;sent&eacute; dans flacon en verre noir, noble comme le charbon sculpt&eacute;, qui garde la forme de leurs flacons classiques Musgo Real &ndash; une ic&ocirc;ne angulaire au design Art Deco. Cette version noire est faite &agrave; la main par des artisans portugais et ses lignes classiques sont couronn&eacute;es d&rsquo;un vaporisateur d&rsquo;inspiration retro, noir et dor&eacute;, qui garantit une utilisation pratique et &eacute;l&eacute;gante.<\/li>\n<li>Black Edition est le prince noir de la famille Musgo Real moderne.<\/li>\n<\/ul>\n<p>Notes olfactives: Notes de t&ecirc;te:&nbsp; Bergamote, Citron et Baies de Geni&egrave;vre Notes de coeur: Cacao, Noix Muscade et Cardamome Notes de fond: V&eacute;tiver, Patchouli, C&egrave;dre et F&egrave;ve Tonka<\/p>\n<p>Contenu&nbsp;2 ml.<\/p>\n","protected":false},"excerpt":{"rendered":"<p>Musgo Real &#8211; Eau de Toilette Black Edition Tester 2 ml Novatrice et contemporaine, l&rsquo;Eau de Toilette Musgo Real Black Edition est un parfum sophistiqu&eacute; et sensuel. Une fragrance envoutante et captivante cr&eacute;&eacute;e autour d&rsquo;une base de v&eacute;tiver et de c&egrave;dre, de patchouli et de f&egrave;ve tonka. Dans son c&frac12;ur noir vit un m&eacute;lange s&eacute;ducteur &#8230; <a title=\"Musgo Real &#8211; Eau de Toilette Black Edition Tester 2 ml\" class=\"read-more\" href=\"https:\/\/manskin.ch\/fr\/produkt\/musgo-real-edt-black-edition-tester\/\" aria-label=\"En savoir plus sur Musgo Real &#8211; Eau de Toilette Black Edition Tester 2 ml\">Lire la suite<\/a><\/p>\n","protected":false},"featured_media":85905,"comment_status":"closed","ping_status":"closed","template":"","meta":{"_acf_changed":false},"pwb-brand":[2770],"product_brand":[],"product_cat":[2490,358,2910],"product_tag":[],"class_list":{"0":"post-85892","1":"product","2":"type-product","3":"status-publish","4":"has-post-thumbnail","6":"pwb-brand-musgo-real","7":"product_cat-duefte","8":"product_cat-musgo-real-2","9":"product_cat-sport","10":"product_shipping_class-standard","11":"sales-flash-overlay","12":"woocommerce-text-align-center","13":"woocommerce-image-align-center","14":"do-quantity-buttons","16":"first","17":"instock","18":"taxable","19":"shipping-taxable","20":"purchasable","21":"product-type-simple"},"acf":[],"yoast_head":"<!-- This site is optimized with the Yoast SEO Premium plugin v27.3 (Yoast SEO v27.3) - https:\/\/yoast.com\/product\/yoast-seo-premium-wordpress\/ -->\n<title>Musgo Real - Eau de Toilette Black Edition Tester 2 ml | Manskin.ch<\/title>\n<meta name=\"description\" content=\"Musgo Real - Eau de Toilette Black Edition Tester 2 ml\" \/>\n<meta name=\"robots\" content=\"index, follow, max-snippet:-1, max-image-preview:large, max-video-preview:-1\" \/>\n<link rel=\"canonical\" href=\"https:\/\/manskin.ch\/fr\/produkt\/musgo-real-edt-black-edition-tester\/\" \/>\n<meta property=\"og:locale\" content=\"fr_FR\" \/>\n<meta property=\"og:type\" content=\"article\" \/>\n<meta property=\"og:title\" content=\"Musgo Real - Eau de Toilette Black Edition Tester 2 ml\" \/>\n<meta property=\"og:description\" content=\"Musgo Real - Eau de Toilette Black Edition Tester 2 ml\" \/>\n<meta property=\"og:url\" content=\"https:\/\/manskin.ch\/fr\/produkt\/musgo-real-edt-black-edition-tester\/\" \/>\n<meta property=\"og:site_name\" content=\"Manskin.ch\" \/>\n<meta property=\"article:publisher\" content=\"https:\/\/www.facebook.com\/manskin.ch\" \/>\n<meta property=\"article:modified_time\" content=\"2025-08-31T16:22:34+00:00\" \/>\n<meta property=\"og:image\" content=\"https:\/\/manskin.ch\/wp-content\/uploads\/2025\/05\/Black-Edition-2ml-High-Quality.webp\" \/>\n\t<meta property=\"og:image:width\" content=\"1000\" \/>\n\t<meta property=\"og:image:height\" content=\"1000\" \/>\n\t<meta property=\"og:image:type\" content=\"image\/webp\" \/>\n<meta name=\"twitter:card\" content=\"summary_large_image\" \/>\n<meta name=\"twitter:label1\" content=\"Prix\" \/>\n\t<meta name=\"twitter:data1\" content=\"5.00&#067;&#072;&#070;\" \/>\n\t<meta name=\"twitter:label2\" content=\"Disponibilit\u00e9\" \/>\n\t<meta name=\"twitter:data2\" content=\"En stock\" \/>\n<script type=\"application\/ld+json\" class=\"yoast-schema-graph\">{\"@context\":\"https:\\\/\\\/schema.org\",\"@graph\":[{\"@type\":\"WebPage\",\"@id\":\"https:\\\/\\\/manskin.ch\\\/fr\\\/produkt\\\/musgo-real-edt-black-edition-tester\\\/\",\"url\":\"https:\\\/\\\/manskin.ch\\\/fr\\\/produkt\\\/musgo-real-edt-black-edition-tester\\\/\",\"name\":\"Musgo Real - Eau de Toilette Black Edition Tester 2 ml | Manskin.ch\",\"isPartOf\":{\"@id\":\"https:\\\/\\\/manskin.ch\\\/fr\\\/#website\"},\"primaryImageOfPage\":{\"@id\":\"https:\\\/\\\/manskin.ch\\\/fr\\\/produkt\\\/musgo-real-edt-black-edition-tester\\\/#primaryimage\"},\"image\":{\"@id\":\"https:\\\/\\\/manskin.ch\\\/fr\\\/produkt\\\/musgo-real-edt-black-edition-tester\\\/#primaryimage\"},\"thumbnailUrl\":\"https:\\\/\\\/manskin.ch\\\/wp-content\\\/uploads\\\/2025\\\/05\\\/Black-Edition-2ml-High-Quality.webp\",\"datePublished\":\"2025-05-31T13:17:04+00:00\",\"dateModified\":\"2025-08-31T16:22:34+00:00\",\"description\":\"Musgo Real - Eau de Toilette Black Edition Tester 2 ml\",\"breadcrumb\":{\"@id\":\"https:\\\/\\\/manskin.ch\\\/fr\\\/produkt\\\/musgo-real-edt-black-edition-tester\\\/#breadcrumb\"},\"inLanguage\":\"fr-FR\",\"potentialAction\":[{\"@type\":\"ReadAction\",\"target\":[\"https:\\\/\\\/manskin.ch\\\/fr\\\/produkt\\\/musgo-real-edt-black-edition-tester\\\/\"]}]},{\"@type\":\"ImageObject\",\"inLanguage\":\"fr-FR\",\"@id\":\"https:\\\/\\\/manskin.ch\\\/fr\\\/produkt\\\/musgo-real-edt-black-edition-tester\\\/#primaryimage\",\"url\":\"https:\\\/\\\/manskin.ch\\\/wp-content\\\/uploads\\\/2025\\\/05\\\/Black-Edition-2ml-High-Quality.webp\",\"contentUrl\":\"https:\\\/\\\/manskin.ch\\\/wp-content\\\/uploads\\\/2025\\\/05\\\/Black-Edition-2ml-High-Quality.webp\",\"width\":1000,\"height\":1000},{\"@type\":\"BreadcrumbList\",\"@id\":\"https:\\\/\\\/manskin.ch\\\/fr\\\/produkt\\\/musgo-real-edt-black-edition-tester\\\/#breadcrumb\",\"itemListElement\":[{\"@type\":\"ListItem\",\"position\":1,\"name\":\"Startseite\",\"item\":\"https:\\\/\\\/manskin.ch\\\/fr\\\/\"},{\"@type\":\"ListItem\",\"position\":2,\"name\":\"Boutique\",\"item\":\"https:\\\/\\\/manskin.ch\\\/fr\\\/boutique\\\/\"},{\"@type\":\"ListItem\",\"position\":3,\"name\":\"Musgo Real &#8211; Eau de Toilette Black Edition Tester 2 ml\"}]},{\"@type\":\"WebSite\",\"@id\":\"https:\\\/\\\/manskin.ch\\\/fr\\\/#website\",\"url\":\"https:\\\/\\\/manskin.ch\\\/fr\\\/\",\"name\":\"Manskin.ch\",\"description\":\"Tous les produits de beaut\u00e9 pour les hommes les plus exigeants\",\"publisher\":{\"@id\":\"https:\\\/\\\/manskin.ch\\\/fr\\\/#organization\"},\"potentialAction\":[{\"@type\":\"SearchAction\",\"target\":{\"@type\":\"EntryPoint\",\"urlTemplate\":\"https:\\\/\\\/manskin.ch\\\/fr\\\/?s={search_term_string}\"},\"query-input\":{\"@type\":\"PropertyValueSpecification\",\"valueRequired\":true,\"valueName\":\"search_term_string\"}}],\"inLanguage\":\"fr-FR\"},{\"@type\":\"Organization\",\"@id\":\"https:\\\/\\\/manskin.ch\\\/fr\\\/#organization\",\"name\":\"Manskin.ch - der Schweizer Onlineshop f\u00fcr qualit\u00e4tsstarke M\u00e4nnerpflege\",\"url\":\"https:\\\/\\\/manskin.ch\\\/fr\\\/\",\"logo\":{\"@type\":\"ImageObject\",\"inLanguage\":\"fr-FR\",\"@id\":\"https:\\\/\\\/manskin.ch\\\/fr\\\/#\\\/schema\\\/logo\\\/image\\\/\",\"url\":\"https:\\\/\\\/manskin.ch\\\/wp-content\\\/uploads\\\/2021\\\/04\\\/cropped-logo_head.png\",\"contentUrl\":\"https:\\\/\\\/manskin.ch\\\/wp-content\\\/uploads\\\/2021\\\/04\\\/cropped-logo_head.png\",\"width\":235,\"height\":75,\"caption\":\"Manskin.ch - der Schweizer Onlineshop f\u00fcr qualit\u00e4tsstarke M\u00e4nnerpflege\"},\"image\":{\"@id\":\"https:\\\/\\\/manskin.ch\\\/fr\\\/#\\\/schema\\\/logo\\\/image\\\/\"},\"sameAs\":[\"https:\\\/\\\/www.facebook.com\\\/manskin.ch\",\"https:\\\/\\\/www.instagram.com\\\/manskin.ch\\\/\"]}]}<\/script>\n<meta property=\"product:price:amount\" content=\"5.00\" \/>\n<meta property=\"product:price:currency\" content=\"CHF\" \/>\n<meta property=\"og:availability\" content=\"instock\" \/>\n<meta property=\"product:availability\" content=\"instock\" \/>\n<meta property=\"product:retailer_item_id\" content=\"14304\" \/>\n<meta property=\"product:condition\" content=\"new\" \/>\n<!-- \/ Yoast SEO Premium plugin. -->","yoast_head_json":{"title":"Musgo Real - Eau de Toilette Black Edition Tester 2 ml | Manskin.ch","description":"Musgo Real - Eau de Toilette Black Edition Tester 2 ml","robots":{"index":"index","follow":"follow","max-snippet":"max-snippet:-1","max-image-preview":"max-image-preview:large","max-video-preview":"max-video-preview:-1"},"canonical":"https:\/\/manskin.ch\/fr\/produkt\/musgo-real-edt-black-edition-tester\/","og_locale":"fr_FR","og_type":"article","og_title":"Musgo Real - Eau de Toilette Black Edition Tester 2 ml","og_description":"Musgo Real - Eau de Toilette Black Edition Tester 2 ml","og_url":"https:\/\/manskin.ch\/fr\/produkt\/musgo-real-edt-black-edition-tester\/","og_site_name":"Manskin.ch","article_publisher":"https:\/\/www.facebook.com\/manskin.ch","article_modified_time":"2025-08-31T16:22:34+00:00","og_image":[{"width":1000,"height":1000,"url":"https:\/\/manskin.ch\/wp-content\/uploads\/2025\/05\/Black-Edition-2ml-High-Quality.webp","type":"image\/webp"}],"twitter_card":"summary_large_image","twitter_misc":{"Prix":"5.00&#67;&#72;&#70;","Disponibilit\u00e9":"En stock"},"schema":{"@context":"https:\/\/schema.org","@graph":[{"@type":"WebPage","@id":"https:\/\/manskin.ch\/fr\/produkt\/musgo-real-edt-black-edition-tester\/","url":"https:\/\/manskin.ch\/fr\/produkt\/musgo-real-edt-black-edition-tester\/","name":"Musgo Real - Eau de Toilette Black Edition Tester 2 ml | Manskin.ch","isPartOf":{"@id":"https:\/\/manskin.ch\/fr\/#website"},"primaryImageOfPage":{"@id":"https:\/\/manskin.ch\/fr\/produkt\/musgo-real-edt-black-edition-tester\/#primaryimage"},"image":{"@id":"https:\/\/manskin.ch\/fr\/produkt\/musgo-real-edt-black-edition-tester\/#primaryimage"},"thumbnailUrl":"https:\/\/manskin.ch\/wp-content\/uploads\/2025\/05\/Black-Edition-2ml-High-Quality.webp","datePublished":"2025-05-31T13:17:04+00:00","dateModified":"2025-08-31T16:22:34+00:00","description":"Musgo Real - Eau de Toilette Black Edition Tester 2 ml","breadcrumb":{"@id":"https:\/\/manskin.ch\/fr\/produkt\/musgo-real-edt-black-edition-tester\/#breadcrumb"},"inLanguage":"fr-FR","potentialAction":[{"@type":"ReadAction","target":["https:\/\/manskin.ch\/fr\/produkt\/musgo-real-edt-black-edition-tester\/"]}]},{"@type":"ImageObject","inLanguage":"fr-FR","@id":"https:\/\/manskin.ch\/fr\/produkt\/musgo-real-edt-black-edition-tester\/#primaryimage","url":"https:\/\/manskin.ch\/wp-content\/uploads\/2025\/05\/Black-Edition-2ml-High-Quality.webp","contentUrl":"https:\/\/manskin.ch\/wp-content\/uploads\/2025\/05\/Black-Edition-2ml-High-Quality.webp","width":1000,"height":1000},{"@type":"BreadcrumbList","@id":"https:\/\/manskin.ch\/fr\/produkt\/musgo-real-edt-black-edition-tester\/#breadcrumb","itemListElement":[{"@type":"ListItem","position":1,"name":"Startseite","item":"https:\/\/manskin.ch\/fr\/"},{"@type":"ListItem","position":2,"name":"Boutique","item":"https:\/\/manskin.ch\/fr\/boutique\/"},{"@type":"ListItem","position":3,"name":"Musgo Real &#8211; Eau de Toilette Black Edition Tester 2 ml"}]},{"@type":"WebSite","@id":"https:\/\/manskin.ch\/fr\/#website","url":"https:\/\/manskin.ch\/fr\/","name":"Manskin.ch","description":"Tous les produits de beaut\u00e9 pour les hommes les plus exigeants","publisher":{"@id":"https:\/\/manskin.ch\/fr\/#organization"},"potentialAction":[{"@type":"SearchAction","target":{"@type":"EntryPoint","urlTemplate":"https:\/\/manskin.ch\/fr\/?s={search_term_string}"},"query-input":{"@type":"PropertyValueSpecification","valueRequired":true,"valueName":"search_term_string"}}],"inLanguage":"fr-FR"},{"@type":"Organization","@id":"https:\/\/manskin.ch\/fr\/#organization","name":"Manskin.ch - der Schweizer Onlineshop f\u00fcr qualit\u00e4tsstarke M\u00e4nnerpflege","url":"https:\/\/manskin.ch\/fr\/","logo":{"@type":"ImageObject","inLanguage":"fr-FR","@id":"https:\/\/manskin.ch\/fr\/#\/schema\/logo\/image\/","url":"https:\/\/manskin.ch\/wp-content\/uploads\/2021\/04\/cropped-logo_head.png","contentUrl":"https:\/\/manskin.ch\/wp-content\/uploads\/2021\/04\/cropped-logo_head.png","width":235,"height":75,"caption":"Manskin.ch - der Schweizer Onlineshop f\u00fcr qualit\u00e4tsstarke M\u00e4nnerpflege"},"image":{"@id":"https:\/\/manskin.ch\/fr\/#\/schema\/logo\/image\/"},"sameAs":["https:\/\/www.facebook.com\/manskin.ch","https:\/\/www.instagram.com\/manskin.ch\/"]}]},"product_price_amount":"5.00","product_price_currency":"CHF","og_availability":"instock","product_availability":"instock","product_retailer_item_id":"14304","product_condition":"new"},"brands":[{"id":2770,"name":"Musgo Real","slug":"musgo-real"}],"_links":{"self":[{"href":"https:\/\/manskin.ch\/fr\/wp-json\/wp\/v2\/product\/85892","targetHints":{"allow":["GET"]}}],"collection":[{"href":"https:\/\/manskin.ch\/fr\/wp-json\/wp\/v2\/product"}],"about":[{"href":"https:\/\/manskin.ch\/fr\/wp-json\/wp\/v2\/types\/product"}],"replies":[{"embeddable":true,"href":"https:\/\/manskin.ch\/fr\/wp-json\/wp\/v2\/comments?post=85892"}],"wp:featuredmedia":[{"embeddable":true,"href":"https:\/\/manskin.ch\/fr\/wp-json\/wp\/v2\/media\/85905"}],"wp:attachment":[{"href":"https:\/\/manskin.ch\/fr\/wp-json\/wp\/v2\/media?parent=85892"}],"wp:term":[{"taxonomy":"pwb-brand","embeddable":true,"href":"https:\/\/manskin.ch\/fr\/wp-json\/wp\/v2\/pwb-brand?post=85892"},{"taxonomy":"product_brand","embeddable":true,"href":"https:\/\/manskin.ch\/fr\/wp-json\/wp\/v2\/product_brand?post=85892"},{"taxonomy":"product_cat","embeddable":true,"href":"https:\/\/manskin.ch\/fr\/wp-json\/wp\/v2\/product_cat?post=85892"},{"taxonomy":"product_tag","embeddable":true,"href":"https:\/\/manskin.ch\/fr\/wp-json\/wp\/v2\/product_tag?post=85892"}],"curies":[{"name":"wp","href":"https:\/\/api.w.org\/{rel}","templated":true}]}}