{"id":85434,"date":"2025-05-24T15:34:29","date_gmt":"2025-05-24T13:34:29","guid":{"rendered":"https:\/\/manskin.ch\/produkt\/barberinos-shampoo\/"},"modified":"2026-03-11T08:57:40","modified_gmt":"2026-03-11T07:57:40","slug":"barberinos-shampoo-cheveux-gras","status":"publish","type":"product","link":"https:\/\/manskin.ch\/fr\/produkt\/barberinos-shampoo-cheveux-gras\/","title":{"rendered":"Barberino&rsquo;s &#8211; Shampooing pour cheveux gras"},"content":{"rendered":"<h2>Barberino\u2019s &#8211; Shampooing pour cheveux gras<\/h2>\n<ul>\n<li>Le shampooing pour cheveux gras Barberino&rsquo;s a \u00e9t\u00e9 sp\u00e9cialement con\u00e7u pour les hommes qui souffrent d&rsquo;une production excessive de s\u00e9bum. Il nettoie le cuir chevelu en profondeur et aide \u00e0 r\u00e9tablir le pH naturel, ce qui permet aux cheveux de rester frais et soign\u00e9s plus longtemps.<\/li>\n<li>La formule contient des essences naturelles \u00e0 l&rsquo;action purifiante qui \u00e9liminent l&rsquo;exc\u00e8s de s\u00e9bum et favorisent l&rsquo;\u00e9quilibre du cuir chevelu. Cela favorise une croissance saine des cheveux et leur conf\u00e8re une brillance naturelle.<\/li>\n<li>Ce shampooing est id\u00e9al pour une utilisation quotidienne, car il est doux pour le cuir chevelu et agit en m\u00eame temps efficacement contre les cheveux gras. Il laisse une agr\u00e9able sensation de fra\u00eecheur et de propret\u00e9.<\/li>\n<\/ul>\n<p>Contenu 250 ml.<\/p>\n<ul>\n<li><\/li>\n<\/ul>\n","protected":false},"excerpt":{"rendered":"<p>Barberino\u2019s &#8211; Shampooing pour cheveux gras Le shampooing pour cheveux gras Barberino&rsquo;s a \u00e9t\u00e9 sp\u00e9cialement con\u00e7u pour les hommes qui souffrent d&rsquo;une production excessive de s\u00e9bum. Il nettoie le cuir chevelu en profondeur et aide \u00e0 r\u00e9tablir le pH naturel, ce qui permet aux cheveux de rester frais et soign\u00e9s plus longtemps. La formule contient &#8230; <a title=\"Barberino&rsquo;s &#8211; Shampooing pour cheveux gras\" class=\"read-more\" href=\"https:\/\/manskin.ch\/fr\/produkt\/barberinos-shampoo-cheveux-gras\/\" aria-label=\"En savoir plus sur Barberino&rsquo;s &#8211; Shampooing pour cheveux gras\">Lire la suite<\/a><\/p>\n","protected":false},"featured_media":85449,"comment_status":"closed","ping_status":"closed","template":"","meta":{"_acf_changed":false},"pwb-brand":[2882],"product_brand":[],"product_cat":[6637,2883,1948],"product_tag":[],"class_list":{"0":"post-85434","1":"product","2":"type-product","3":"status-publish","4":"has-post-thumbnail","6":"pwb-brand-barberinos","7":"product_cat-2-pour-1-deals","8":"product_cat-barberinos","9":"product_cat-shampoing-conditioner","10":"product_shipping_class-standard-fr","11":"sales-flash-overlay","12":"woocommerce-text-align-center","13":"woocommerce-image-align-center","14":"do-quantity-buttons","16":"first","17":"instock","18":"taxable","19":"shipping-taxable","20":"purchasable","21":"product-type-simple"},"acf":[],"yoast_head":"<!-- This site is optimized with the Yoast SEO Premium plugin v27.3 (Yoast SEO v27.3) - https:\/\/yoast.com\/product\/yoast-seo-premium-wordpress\/ -->\n<title>Barberino&#039;s Clarifying Shampoo : fortifiant contre la perte de cheveux | Manskin.ch<\/title>\n<meta name=\"description\" content=\"Barberino&#039;s - Shampooing pour cheveux gras\" \/>\n<meta name=\"robots\" content=\"index, follow, max-snippet:-1, max-image-preview:large, max-video-preview:-1\" \/>\n<link rel=\"canonical\" href=\"https:\/\/manskin.ch\/fr\/produkt\/barberinos-shampoo-cheveux-gras\/\" \/>\n<meta property=\"og:locale\" content=\"fr_FR\" \/>\n<meta property=\"og:type\" content=\"article\" \/>\n<meta property=\"og:title\" content=\"Barberino&#039;s - Shampooing pour cheveux gras\" \/>\n<meta property=\"og:description\" content=\"Barberino&#039;s - Shampooing pour cheveux gras\" \/>\n<meta property=\"og:url\" content=\"https:\/\/manskin.ch\/fr\/produkt\/barberinos-shampoo-cheveux-gras\/\" \/>\n<meta property=\"og:site_name\" content=\"Manskin.ch\" \/>\n<meta property=\"article:publisher\" content=\"https:\/\/www.facebook.com\/manskin.ch\" \/>\n<meta property=\"article:modified_time\" content=\"2026-03-11T07:57:40+00:00\" \/>\n<meta property=\"og:image\" content=\"https:\/\/manskin.ch\/wp-content\/uploads\/2025\/05\/Barberino_Rebalancing.jpeg\" \/>\n\t<meta property=\"og:image:width\" content=\"1000\" \/>\n\t<meta property=\"og:image:height\" content=\"1000\" \/>\n\t<meta property=\"og:image:type\" content=\"image\/jpeg\" \/>\n<meta name=\"twitter:card\" content=\"summary_large_image\" \/>\n<meta name=\"twitter:label1\" content=\"Prix\" \/>\n\t<meta name=\"twitter:data1\" content=\"24.00&#067;&#072;&#070;\" \/>\n\t<meta name=\"twitter:label2\" content=\"Disponibilit\u00e9\" \/>\n\t<meta name=\"twitter:data2\" content=\"En stock\" \/>\n<script type=\"application\/ld+json\" class=\"yoast-schema-graph\">{\"@context\":\"https:\\\/\\\/schema.org\",\"@graph\":[{\"@type\":\"WebPage\",\"@id\":\"https:\\\/\\\/manskin.ch\\\/fr\\\/produkt\\\/barberinos-shampoo-cheveux-gras\\\/\",\"url\":\"https:\\\/\\\/manskin.ch\\\/fr\\\/produkt\\\/barberinos-shampoo-cheveux-gras\\\/\",\"name\":\"Barberino's Clarifying Shampoo : fortifiant contre la perte de cheveux | Manskin.ch\",\"isPartOf\":{\"@id\":\"https:\\\/\\\/manskin.ch\\\/fr\\\/#website\"},\"primaryImageOfPage\":{\"@id\":\"https:\\\/\\\/manskin.ch\\\/fr\\\/produkt\\\/barberinos-shampoo-cheveux-gras\\\/#primaryimage\"},\"image\":{\"@id\":\"https:\\\/\\\/manskin.ch\\\/fr\\\/produkt\\\/barberinos-shampoo-cheveux-gras\\\/#primaryimage\"},\"thumbnailUrl\":\"https:\\\/\\\/manskin.ch\\\/wp-content\\\/uploads\\\/2025\\\/05\\\/Barberino_Rebalancing.jpeg\",\"datePublished\":\"2025-05-24T13:34:29+00:00\",\"dateModified\":\"2026-03-11T07:57:40+00:00\",\"description\":\"Barberino's - Shampooing pour cheveux gras\",\"breadcrumb\":{\"@id\":\"https:\\\/\\\/manskin.ch\\\/fr\\\/produkt\\\/barberinos-shampoo-cheveux-gras\\\/#breadcrumb\"},\"inLanguage\":\"fr-FR\",\"potentialAction\":[{\"@type\":\"ReadAction\",\"target\":[\"https:\\\/\\\/manskin.ch\\\/fr\\\/produkt\\\/barberinos-shampoo-cheveux-gras\\\/\"]}]},{\"@type\":\"ImageObject\",\"inLanguage\":\"fr-FR\",\"@id\":\"https:\\\/\\\/manskin.ch\\\/fr\\\/produkt\\\/barberinos-shampoo-cheveux-gras\\\/#primaryimage\",\"url\":\"https:\\\/\\\/manskin.ch\\\/wp-content\\\/uploads\\\/2025\\\/05\\\/Barberino_Rebalancing.jpeg\",\"contentUrl\":\"https:\\\/\\\/manskin.ch\\\/wp-content\\\/uploads\\\/2025\\\/05\\\/Barberino_Rebalancing.jpeg\",\"width\":1000,\"height\":1000},{\"@type\":\"BreadcrumbList\",\"@id\":\"https:\\\/\\\/manskin.ch\\\/fr\\\/produkt\\\/barberinos-shampoo-cheveux-gras\\\/#breadcrumb\",\"itemListElement\":[{\"@type\":\"ListItem\",\"position\":1,\"name\":\"Startseite\",\"item\":\"https:\\\/\\\/manskin.ch\\\/fr\\\/\"},{\"@type\":\"ListItem\",\"position\":2,\"name\":\"Boutique\",\"item\":\"https:\\\/\\\/manskin.ch\\\/fr\\\/boutique\\\/\"},{\"@type\":\"ListItem\",\"position\":3,\"name\":\"Barberino&#8217;s &#8211; Shampooing pour cheveux gras\"}]},{\"@type\":\"WebSite\",\"@id\":\"https:\\\/\\\/manskin.ch\\\/fr\\\/#website\",\"url\":\"https:\\\/\\\/manskin.ch\\\/fr\\\/\",\"name\":\"Manskin.ch\",\"description\":\"Tous les produits de beaut\u00e9 pour les hommes les plus exigeants\",\"publisher\":{\"@id\":\"https:\\\/\\\/manskin.ch\\\/fr\\\/#organization\"},\"potentialAction\":[{\"@type\":\"SearchAction\",\"target\":{\"@type\":\"EntryPoint\",\"urlTemplate\":\"https:\\\/\\\/manskin.ch\\\/fr\\\/?s={search_term_string}\"},\"query-input\":{\"@type\":\"PropertyValueSpecification\",\"valueRequired\":true,\"valueName\":\"search_term_string\"}}],\"inLanguage\":\"fr-FR\"},{\"@type\":\"Organization\",\"@id\":\"https:\\\/\\\/manskin.ch\\\/fr\\\/#organization\",\"name\":\"Manskin.ch - der Schweizer Onlineshop f\u00fcr qualit\u00e4tsstarke M\u00e4nnerpflege\",\"url\":\"https:\\\/\\\/manskin.ch\\\/fr\\\/\",\"logo\":{\"@type\":\"ImageObject\",\"inLanguage\":\"fr-FR\",\"@id\":\"https:\\\/\\\/manskin.ch\\\/fr\\\/#\\\/schema\\\/logo\\\/image\\\/\",\"url\":\"https:\\\/\\\/manskin.ch\\\/wp-content\\\/uploads\\\/2021\\\/04\\\/cropped-logo_head.png\",\"contentUrl\":\"https:\\\/\\\/manskin.ch\\\/wp-content\\\/uploads\\\/2021\\\/04\\\/cropped-logo_head.png\",\"width\":235,\"height\":75,\"caption\":\"Manskin.ch - der Schweizer Onlineshop f\u00fcr qualit\u00e4tsstarke M\u00e4nnerpflege\"},\"image\":{\"@id\":\"https:\\\/\\\/manskin.ch\\\/fr\\\/#\\\/schema\\\/logo\\\/image\\\/\"},\"sameAs\":[\"https:\\\/\\\/www.facebook.com\\\/manskin.ch\",\"https:\\\/\\\/www.instagram.com\\\/manskin.ch\\\/\"]}]}<\/script>\n<meta property=\"product:price:amount\" content=\"24.00\" \/>\n<meta property=\"product:price:currency\" content=\"CHF\" \/>\n<meta property=\"og:availability\" content=\"instock\" \/>\n<meta property=\"product:availability\" content=\"instock\" \/>\n<meta property=\"product:retailer_item_id\" content=\"14296\" \/>\n<meta property=\"product:condition\" content=\"new\" \/>\n<!-- \/ Yoast SEO Premium plugin. -->","yoast_head_json":{"title":"Barberino's Clarifying Shampoo : fortifiant contre la perte de cheveux | Manskin.ch","description":"Barberino's - Shampooing pour cheveux gras","robots":{"index":"index","follow":"follow","max-snippet":"max-snippet:-1","max-image-preview":"max-image-preview:large","max-video-preview":"max-video-preview:-1"},"canonical":"https:\/\/manskin.ch\/fr\/produkt\/barberinos-shampoo-cheveux-gras\/","og_locale":"fr_FR","og_type":"article","og_title":"Barberino's - Shampooing pour cheveux gras","og_description":"Barberino's - Shampooing pour cheveux gras","og_url":"https:\/\/manskin.ch\/fr\/produkt\/barberinos-shampoo-cheveux-gras\/","og_site_name":"Manskin.ch","article_publisher":"https:\/\/www.facebook.com\/manskin.ch","article_modified_time":"2026-03-11T07:57:40+00:00","og_image":[{"width":1000,"height":1000,"url":"https:\/\/manskin.ch\/wp-content\/uploads\/2025\/05\/Barberino_Rebalancing.jpeg","type":"image\/jpeg"}],"twitter_card":"summary_large_image","twitter_misc":{"Prix":"24.00&#67;&#72;&#70;","Disponibilit\u00e9":"En stock"},"schema":{"@context":"https:\/\/schema.org","@graph":[{"@type":"WebPage","@id":"https:\/\/manskin.ch\/fr\/produkt\/barberinos-shampoo-cheveux-gras\/","url":"https:\/\/manskin.ch\/fr\/produkt\/barberinos-shampoo-cheveux-gras\/","name":"Barberino's Clarifying Shampoo : fortifiant contre la perte de cheveux | Manskin.ch","isPartOf":{"@id":"https:\/\/manskin.ch\/fr\/#website"},"primaryImageOfPage":{"@id":"https:\/\/manskin.ch\/fr\/produkt\/barberinos-shampoo-cheveux-gras\/#primaryimage"},"image":{"@id":"https:\/\/manskin.ch\/fr\/produkt\/barberinos-shampoo-cheveux-gras\/#primaryimage"},"thumbnailUrl":"https:\/\/manskin.ch\/wp-content\/uploads\/2025\/05\/Barberino_Rebalancing.jpeg","datePublished":"2025-05-24T13:34:29+00:00","dateModified":"2026-03-11T07:57:40+00:00","description":"Barberino's - Shampooing pour cheveux gras","breadcrumb":{"@id":"https:\/\/manskin.ch\/fr\/produkt\/barberinos-shampoo-cheveux-gras\/#breadcrumb"},"inLanguage":"fr-FR","potentialAction":[{"@type":"ReadAction","target":["https:\/\/manskin.ch\/fr\/produkt\/barberinos-shampoo-cheveux-gras\/"]}]},{"@type":"ImageObject","inLanguage":"fr-FR","@id":"https:\/\/manskin.ch\/fr\/produkt\/barberinos-shampoo-cheveux-gras\/#primaryimage","url":"https:\/\/manskin.ch\/wp-content\/uploads\/2025\/05\/Barberino_Rebalancing.jpeg","contentUrl":"https:\/\/manskin.ch\/wp-content\/uploads\/2025\/05\/Barberino_Rebalancing.jpeg","width":1000,"height":1000},{"@type":"BreadcrumbList","@id":"https:\/\/manskin.ch\/fr\/produkt\/barberinos-shampoo-cheveux-gras\/#breadcrumb","itemListElement":[{"@type":"ListItem","position":1,"name":"Startseite","item":"https:\/\/manskin.ch\/fr\/"},{"@type":"ListItem","position":2,"name":"Boutique","item":"https:\/\/manskin.ch\/fr\/boutique\/"},{"@type":"ListItem","position":3,"name":"Barberino&#8217;s &#8211; Shampooing pour cheveux gras"}]},{"@type":"WebSite","@id":"https:\/\/manskin.ch\/fr\/#website","url":"https:\/\/manskin.ch\/fr\/","name":"Manskin.ch","description":"Tous les produits de beaut\u00e9 pour les hommes les plus exigeants","publisher":{"@id":"https:\/\/manskin.ch\/fr\/#organization"},"potentialAction":[{"@type":"SearchAction","target":{"@type":"EntryPoint","urlTemplate":"https:\/\/manskin.ch\/fr\/?s={search_term_string}"},"query-input":{"@type":"PropertyValueSpecification","valueRequired":true,"valueName":"search_term_string"}}],"inLanguage":"fr-FR"},{"@type":"Organization","@id":"https:\/\/manskin.ch\/fr\/#organization","name":"Manskin.ch - der Schweizer Onlineshop f\u00fcr qualit\u00e4tsstarke M\u00e4nnerpflege","url":"https:\/\/manskin.ch\/fr\/","logo":{"@type":"ImageObject","inLanguage":"fr-FR","@id":"https:\/\/manskin.ch\/fr\/#\/schema\/logo\/image\/","url":"https:\/\/manskin.ch\/wp-content\/uploads\/2021\/04\/cropped-logo_head.png","contentUrl":"https:\/\/manskin.ch\/wp-content\/uploads\/2021\/04\/cropped-logo_head.png","width":235,"height":75,"caption":"Manskin.ch - der Schweizer Onlineshop f\u00fcr qualit\u00e4tsstarke M\u00e4nnerpflege"},"image":{"@id":"https:\/\/manskin.ch\/fr\/#\/schema\/logo\/image\/"},"sameAs":["https:\/\/www.facebook.com\/manskin.ch","https:\/\/www.instagram.com\/manskin.ch\/"]}]},"product_price_amount":"24.00","product_price_currency":"CHF","og_availability":"instock","product_availability":"instock","product_retailer_item_id":"14296","product_condition":"new"},"brands":[{"id":2882,"name":"Barberino\u2019s","slug":"barberinos"}],"_links":{"self":[{"href":"https:\/\/manskin.ch\/fr\/wp-json\/wp\/v2\/product\/85434","targetHints":{"allow":["GET"]}}],"collection":[{"href":"https:\/\/manskin.ch\/fr\/wp-json\/wp\/v2\/product"}],"about":[{"href":"https:\/\/manskin.ch\/fr\/wp-json\/wp\/v2\/types\/product"}],"replies":[{"embeddable":true,"href":"https:\/\/manskin.ch\/fr\/wp-json\/wp\/v2\/comments?post=85434"}],"wp:featuredmedia":[{"embeddable":true,"href":"https:\/\/manskin.ch\/fr\/wp-json\/wp\/v2\/media\/85449"}],"wp:attachment":[{"href":"https:\/\/manskin.ch\/fr\/wp-json\/wp\/v2\/media?parent=85434"}],"wp:term":[{"taxonomy":"pwb-brand","embeddable":true,"href":"https:\/\/manskin.ch\/fr\/wp-json\/wp\/v2\/pwb-brand?post=85434"},{"taxonomy":"product_brand","embeddable":true,"href":"https:\/\/manskin.ch\/fr\/wp-json\/wp\/v2\/product_brand?post=85434"},{"taxonomy":"product_cat","embeddable":true,"href":"https:\/\/manskin.ch\/fr\/wp-json\/wp\/v2\/product_cat?post=85434"},{"taxonomy":"product_tag","embeddable":true,"href":"https:\/\/manskin.ch\/fr\/wp-json\/wp\/v2\/product_tag?post=85434"}],"curies":[{"name":"wp","href":"https:\/\/api.w.org\/{rel}","templated":true}]}}