{"id":85335,"date":"2025-05-23T12:37:48","date_gmt":"2025-05-23T10:37:48","guid":{"rendered":"https:\/\/manskin.ch\/produkt\/muehle-etui-cuir-noir-rasoir-de-securite\/"},"modified":"2026-03-09T17:20:31","modified_gmt":"2026-03-09T16:20:31","slug":"merkur-etui-cuir-noir-rasoir-de-securite","status":"publish","type":"product","link":"https:\/\/manskin.ch\/fr\/produkt\/merkur-etui-cuir-noir-rasoir-de-securite\/","title":{"rendered":"Merkur &#8211; Etui cuir noir pour rasoir de s\u00e9curit\u00e9"},"content":{"rendered":"<h2>Merkur &#8211; Etui en cuir<\/h2>\n<ul>\n<li>L&rsquo;\u00e9tui en cuir est une housse en cuir parfaitement adapt\u00e9e \u00e0\u00a0ton rasoir Merkur d&rsquo;une longueur maximale de 110 mm (par exemple 34 Chrome, 38C, 700002).<\/li>\n<li>Le cuir de vachette tann\u00e9 v\u00e9g\u00e9tal haut de gamme prot\u00e8ge\u00a0ton rasoir pendant vos d\u00e9placements ou dans votre salle de bain.<\/li>\n<\/ul>\n","protected":false},"excerpt":{"rendered":"<p>Merkur &#8211; Etui en cuir L&rsquo;\u00e9tui en cuir est une housse en cuir parfaitement adapt\u00e9e \u00e0\u00a0ton rasoir Merkur d&rsquo;une longueur maximale de 110 mm (par exemple 34 Chrome, 38C, 700002). Le cuir de vachette tann\u00e9 v\u00e9g\u00e9tal haut de gamme prot\u00e8ge\u00a0ton rasoir pendant vos d\u00e9placements ou dans votre salle de bain.<\/p>\n","protected":false},"featured_media":85358,"comment_status":"closed","ping_status":"closed","template":"","meta":{"_acf_changed":false},"pwb-brand":[2947],"product_brand":[],"product_cat":[6590,2422],"product_tag":[],"class_list":{"0":"post-85335","1":"product","2":"type-product","3":"status-publish","4":"has-post-thumbnail","6":"pwb-brand-merkur","7":"product_cat-merkur-fr","8":"product_cat-rasoir-de-suretee","9":"product_shipping_class-standard-fr","10":"sales-flash-overlay","11":"woocommerce-text-align-center","12":"woocommerce-image-align-center","13":"do-quantity-buttons","15":"first","16":"instock","17":"taxable","18":"shipping-taxable","19":"purchasable","20":"product-type-simple"},"acf":[],"yoast_head":"<!-- This site is optimized with the Yoast SEO Premium plugin v27.3 (Yoast SEO v27.3) - https:\/\/yoast.com\/product\/yoast-seo-premium-wordpress\/ -->\n<title>Merkur - Etui cuir noir pour rasoir de s\u00e9curit\u00e9 | Manskin.ch<\/title>\n<meta name=\"description\" content=\"Prot\u00e8ge ton rasoir avec l&#039;\u00e9tui en cuir Merkur pour rasoir. Fabriqu\u00e9 en cuir de haute qualit\u00e9, id\u00e9al pour voyager avec style! Maintenant chez Manskin.ch.\" \/>\n<meta name=\"robots\" content=\"index, follow, max-snippet:-1, max-image-preview:large, max-video-preview:-1\" \/>\n<link rel=\"canonical\" href=\"https:\/\/manskin.ch\/fr\/produkt\/merkur-etui-cuir-noir-rasoir-de-securite\/\" \/>\n<meta property=\"og:locale\" content=\"fr_FR\" \/>\n<meta property=\"og:type\" content=\"article\" \/>\n<meta property=\"og:title\" content=\"Merkur - Etui cuir noir pour rasoir de s\u00e9curit\u00e9\" \/>\n<meta property=\"og:description\" content=\"Prot\u00e8ge ton rasoir avec l&#039;\u00e9tui en cuir Merkur pour rasoir. Fabriqu\u00e9 en cuir de haute qualit\u00e9, id\u00e9al pour voyager avec style! Maintenant chez Manskin.ch.\" \/>\n<meta property=\"og:url\" content=\"https:\/\/manskin.ch\/fr\/produkt\/merkur-etui-cuir-noir-rasoir-de-securite\/\" \/>\n<meta property=\"og:site_name\" content=\"Manskin.ch\" \/>\n<meta property=\"article:publisher\" content=\"https:\/\/www.facebook.com\/manskin.ch\" \/>\n<meta property=\"article:modified_time\" content=\"2026-03-09T16:20:31+00:00\" \/>\n<meta property=\"og:image\" content=\"https:\/\/manskin.ch\/wp-content\/uploads\/2025\/05\/Merkur-Lederhlle-High-Quality.webp\" \/>\n\t<meta property=\"og:image:width\" content=\"1000\" \/>\n\t<meta property=\"og:image:height\" content=\"1000\" \/>\n\t<meta property=\"og:image:type\" content=\"image\/webp\" \/>\n<meta name=\"twitter:card\" content=\"summary_large_image\" \/>\n<meta name=\"twitter:label1\" content=\"Prix\" \/>\n\t<meta name=\"twitter:data1\" content=\"34.00&#067;&#072;&#070;\" \/>\n\t<meta name=\"twitter:label2\" content=\"Disponibilit\u00e9\" \/>\n\t<meta name=\"twitter:data2\" content=\"En stock\" \/>\n<script type=\"application\/ld+json\" class=\"yoast-schema-graph\">{\"@context\":\"https:\\\/\\\/schema.org\",\"@graph\":[{\"@type\":\"WebPage\",\"@id\":\"https:\\\/\\\/manskin.ch\\\/fr\\\/produkt\\\/merkur-etui-cuir-noir-rasoir-de-securite\\\/\",\"url\":\"https:\\\/\\\/manskin.ch\\\/fr\\\/produkt\\\/merkur-etui-cuir-noir-rasoir-de-securite\\\/\",\"name\":\"Merkur - Etui cuir noir pour rasoir de s\u00e9curit\u00e9 | Manskin.ch\",\"isPartOf\":{\"@id\":\"https:\\\/\\\/manskin.ch\\\/fr\\\/#website\"},\"primaryImageOfPage\":{\"@id\":\"https:\\\/\\\/manskin.ch\\\/fr\\\/produkt\\\/merkur-etui-cuir-noir-rasoir-de-securite\\\/#primaryimage\"},\"image\":{\"@id\":\"https:\\\/\\\/manskin.ch\\\/fr\\\/produkt\\\/merkur-etui-cuir-noir-rasoir-de-securite\\\/#primaryimage\"},\"thumbnailUrl\":\"https:\\\/\\\/manskin.ch\\\/wp-content\\\/uploads\\\/2025\\\/05\\\/Merkur-Lederhlle-High-Quality.webp\",\"datePublished\":\"2025-05-23T10:37:48+00:00\",\"dateModified\":\"2026-03-09T16:20:31+00:00\",\"description\":\"Prot\u00e8ge ton rasoir avec l'\u00e9tui en cuir Merkur pour rasoir. Fabriqu\u00e9 en cuir de haute qualit\u00e9, id\u00e9al pour voyager avec style! Maintenant chez Manskin.ch.\",\"breadcrumb\":{\"@id\":\"https:\\\/\\\/manskin.ch\\\/fr\\\/produkt\\\/merkur-etui-cuir-noir-rasoir-de-securite\\\/#breadcrumb\"},\"inLanguage\":\"fr-FR\",\"potentialAction\":[{\"@type\":\"ReadAction\",\"target\":[\"https:\\\/\\\/manskin.ch\\\/fr\\\/produkt\\\/merkur-etui-cuir-noir-rasoir-de-securite\\\/\"]}]},{\"@type\":\"ImageObject\",\"inLanguage\":\"fr-FR\",\"@id\":\"https:\\\/\\\/manskin.ch\\\/fr\\\/produkt\\\/merkur-etui-cuir-noir-rasoir-de-securite\\\/#primaryimage\",\"url\":\"https:\\\/\\\/manskin.ch\\\/wp-content\\\/uploads\\\/2025\\\/05\\\/Merkur-Lederhlle-High-Quality.webp\",\"contentUrl\":\"https:\\\/\\\/manskin.ch\\\/wp-content\\\/uploads\\\/2025\\\/05\\\/Merkur-Lederhlle-High-Quality.webp\",\"width\":1000,\"height\":1000},{\"@type\":\"BreadcrumbList\",\"@id\":\"https:\\\/\\\/manskin.ch\\\/fr\\\/produkt\\\/merkur-etui-cuir-noir-rasoir-de-securite\\\/#breadcrumb\",\"itemListElement\":[{\"@type\":\"ListItem\",\"position\":1,\"name\":\"Startseite\",\"item\":\"https:\\\/\\\/manskin.ch\\\/fr\\\/\"},{\"@type\":\"ListItem\",\"position\":2,\"name\":\"Boutique Soins pour Hommes &amp; Skincare\",\"item\":\"https:\\\/\\\/manskin.ch\\\/fr\\\/boutique\\\/\"},{\"@type\":\"ListItem\",\"position\":3,\"name\":\"Merkur &#8211; Etui cuir noir pour rasoir de s\u00e9curit\u00e9\"}]},{\"@type\":\"WebSite\",\"@id\":\"https:\\\/\\\/manskin.ch\\\/fr\\\/#website\",\"url\":\"https:\\\/\\\/manskin.ch\\\/fr\\\/\",\"name\":\"Manskin.ch\",\"description\":\"Tous les produits de beaut\u00e9 pour les hommes les plus exigeants\",\"publisher\":{\"@id\":\"https:\\\/\\\/manskin.ch\\\/fr\\\/#organization\"},\"potentialAction\":[{\"@type\":\"SearchAction\",\"target\":{\"@type\":\"EntryPoint\",\"urlTemplate\":\"https:\\\/\\\/manskin.ch\\\/fr\\\/?s={search_term_string}\"},\"query-input\":{\"@type\":\"PropertyValueSpecification\",\"valueRequired\":true,\"valueName\":\"search_term_string\"}}],\"inLanguage\":\"fr-FR\"},{\"@type\":\"Organization\",\"@id\":\"https:\\\/\\\/manskin.ch\\\/fr\\\/#organization\",\"name\":\"Manskin.ch - der Schweizer Onlineshop f\u00fcr qualit\u00e4tsstarke M\u00e4nnerpflege\",\"url\":\"https:\\\/\\\/manskin.ch\\\/fr\\\/\",\"logo\":{\"@type\":\"ImageObject\",\"inLanguage\":\"fr-FR\",\"@id\":\"https:\\\/\\\/manskin.ch\\\/fr\\\/#\\\/schema\\\/logo\\\/image\\\/\",\"url\":\"https:\\\/\\\/manskin.ch\\\/wp-content\\\/uploads\\\/2021\\\/04\\\/cropped-logo_head.png\",\"contentUrl\":\"https:\\\/\\\/manskin.ch\\\/wp-content\\\/uploads\\\/2021\\\/04\\\/cropped-logo_head.png\",\"width\":235,\"height\":75,\"caption\":\"Manskin.ch - der Schweizer Onlineshop f\u00fcr qualit\u00e4tsstarke M\u00e4nnerpflege\"},\"image\":{\"@id\":\"https:\\\/\\\/manskin.ch\\\/fr\\\/#\\\/schema\\\/logo\\\/image\\\/\"},\"sameAs\":[\"https:\\\/\\\/www.facebook.com\\\/manskin.ch\",\"https:\\\/\\\/www.instagram.com\\\/manskin.ch\\\/\"]}]}<\/script>\n<meta property=\"product:price:amount\" content=\"34.00\" \/>\n<meta property=\"product:price:currency\" content=\"CHF\" \/>\n<meta property=\"og:availability\" content=\"instock\" \/>\n<meta property=\"product:availability\" content=\"instock\" \/>\n<meta property=\"product:retailer_item_id\" content=\"5006010\" \/>\n<meta property=\"product:condition\" content=\"new\" \/>\n<!-- \/ Yoast SEO Premium plugin. -->","yoast_head_json":{"title":"Merkur - Etui cuir noir pour rasoir de s\u00e9curit\u00e9 | Manskin.ch","description":"Prot\u00e8ge ton rasoir avec l'\u00e9tui en cuir Merkur pour rasoir. Fabriqu\u00e9 en cuir de haute qualit\u00e9, id\u00e9al pour voyager avec style! Maintenant chez Manskin.ch.","robots":{"index":"index","follow":"follow","max-snippet":"max-snippet:-1","max-image-preview":"max-image-preview:large","max-video-preview":"max-video-preview:-1"},"canonical":"https:\/\/manskin.ch\/fr\/produkt\/merkur-etui-cuir-noir-rasoir-de-securite\/","og_locale":"fr_FR","og_type":"article","og_title":"Merkur - Etui cuir noir pour rasoir de s\u00e9curit\u00e9","og_description":"Prot\u00e8ge ton rasoir avec l'\u00e9tui en cuir Merkur pour rasoir. Fabriqu\u00e9 en cuir de haute qualit\u00e9, id\u00e9al pour voyager avec style! Maintenant chez Manskin.ch.","og_url":"https:\/\/manskin.ch\/fr\/produkt\/merkur-etui-cuir-noir-rasoir-de-securite\/","og_site_name":"Manskin.ch","article_publisher":"https:\/\/www.facebook.com\/manskin.ch","article_modified_time":"2026-03-09T16:20:31+00:00","og_image":[{"width":1000,"height":1000,"url":"https:\/\/manskin.ch\/wp-content\/uploads\/2025\/05\/Merkur-Lederhlle-High-Quality.webp","type":"image\/webp"}],"twitter_card":"summary_large_image","twitter_misc":{"Prix":"34.00&#67;&#72;&#70;","Disponibilit\u00e9":"En stock"},"schema":{"@context":"https:\/\/schema.org","@graph":[{"@type":"WebPage","@id":"https:\/\/manskin.ch\/fr\/produkt\/merkur-etui-cuir-noir-rasoir-de-securite\/","url":"https:\/\/manskin.ch\/fr\/produkt\/merkur-etui-cuir-noir-rasoir-de-securite\/","name":"Merkur - Etui cuir noir pour rasoir de s\u00e9curit\u00e9 | Manskin.ch","isPartOf":{"@id":"https:\/\/manskin.ch\/fr\/#website"},"primaryImageOfPage":{"@id":"https:\/\/manskin.ch\/fr\/produkt\/merkur-etui-cuir-noir-rasoir-de-securite\/#primaryimage"},"image":{"@id":"https:\/\/manskin.ch\/fr\/produkt\/merkur-etui-cuir-noir-rasoir-de-securite\/#primaryimage"},"thumbnailUrl":"https:\/\/manskin.ch\/wp-content\/uploads\/2025\/05\/Merkur-Lederhlle-High-Quality.webp","datePublished":"2025-05-23T10:37:48+00:00","dateModified":"2026-03-09T16:20:31+00:00","description":"Prot\u00e8ge ton rasoir avec l'\u00e9tui en cuir Merkur pour rasoir. Fabriqu\u00e9 en cuir de haute qualit\u00e9, id\u00e9al pour voyager avec style! Maintenant chez Manskin.ch.","breadcrumb":{"@id":"https:\/\/manskin.ch\/fr\/produkt\/merkur-etui-cuir-noir-rasoir-de-securite\/#breadcrumb"},"inLanguage":"fr-FR","potentialAction":[{"@type":"ReadAction","target":["https:\/\/manskin.ch\/fr\/produkt\/merkur-etui-cuir-noir-rasoir-de-securite\/"]}]},{"@type":"ImageObject","inLanguage":"fr-FR","@id":"https:\/\/manskin.ch\/fr\/produkt\/merkur-etui-cuir-noir-rasoir-de-securite\/#primaryimage","url":"https:\/\/manskin.ch\/wp-content\/uploads\/2025\/05\/Merkur-Lederhlle-High-Quality.webp","contentUrl":"https:\/\/manskin.ch\/wp-content\/uploads\/2025\/05\/Merkur-Lederhlle-High-Quality.webp","width":1000,"height":1000},{"@type":"BreadcrumbList","@id":"https:\/\/manskin.ch\/fr\/produkt\/merkur-etui-cuir-noir-rasoir-de-securite\/#breadcrumb","itemListElement":[{"@type":"ListItem","position":1,"name":"Startseite","item":"https:\/\/manskin.ch\/fr\/"},{"@type":"ListItem","position":2,"name":"Boutique Soins pour Hommes &amp; Skincare","item":"https:\/\/manskin.ch\/fr\/boutique\/"},{"@type":"ListItem","position":3,"name":"Merkur &#8211; Etui cuir noir pour rasoir de s\u00e9curit\u00e9"}]},{"@type":"WebSite","@id":"https:\/\/manskin.ch\/fr\/#website","url":"https:\/\/manskin.ch\/fr\/","name":"Manskin.ch","description":"Tous les produits de beaut\u00e9 pour les hommes les plus exigeants","publisher":{"@id":"https:\/\/manskin.ch\/fr\/#organization"},"potentialAction":[{"@type":"SearchAction","target":{"@type":"EntryPoint","urlTemplate":"https:\/\/manskin.ch\/fr\/?s={search_term_string}"},"query-input":{"@type":"PropertyValueSpecification","valueRequired":true,"valueName":"search_term_string"}}],"inLanguage":"fr-FR"},{"@type":"Organization","@id":"https:\/\/manskin.ch\/fr\/#organization","name":"Manskin.ch - der Schweizer Onlineshop f\u00fcr qualit\u00e4tsstarke M\u00e4nnerpflege","url":"https:\/\/manskin.ch\/fr\/","logo":{"@type":"ImageObject","inLanguage":"fr-FR","@id":"https:\/\/manskin.ch\/fr\/#\/schema\/logo\/image\/","url":"https:\/\/manskin.ch\/wp-content\/uploads\/2021\/04\/cropped-logo_head.png","contentUrl":"https:\/\/manskin.ch\/wp-content\/uploads\/2021\/04\/cropped-logo_head.png","width":235,"height":75,"caption":"Manskin.ch - der Schweizer Onlineshop f\u00fcr qualit\u00e4tsstarke M\u00e4nnerpflege"},"image":{"@id":"https:\/\/manskin.ch\/fr\/#\/schema\/logo\/image\/"},"sameAs":["https:\/\/www.facebook.com\/manskin.ch","https:\/\/www.instagram.com\/manskin.ch\/"]}]},"product_price_amount":"34.00","product_price_currency":"CHF","og_availability":"instock","product_availability":"instock","product_retailer_item_id":"5006010","product_condition":"new"},"brands":[{"id":2947,"name":"Merkur","slug":"merkur"}],"_links":{"self":[{"href":"https:\/\/manskin.ch\/fr\/wp-json\/wp\/v2\/product\/85335","targetHints":{"allow":["GET"]}}],"collection":[{"href":"https:\/\/manskin.ch\/fr\/wp-json\/wp\/v2\/product"}],"about":[{"href":"https:\/\/manskin.ch\/fr\/wp-json\/wp\/v2\/types\/product"}],"replies":[{"embeddable":true,"href":"https:\/\/manskin.ch\/fr\/wp-json\/wp\/v2\/comments?post=85335"}],"wp:featuredmedia":[{"embeddable":true,"href":"https:\/\/manskin.ch\/fr\/wp-json\/wp\/v2\/media\/85358"}],"wp:attachment":[{"href":"https:\/\/manskin.ch\/fr\/wp-json\/wp\/v2\/media?parent=85335"}],"wp:term":[{"taxonomy":"pwb-brand","embeddable":true,"href":"https:\/\/manskin.ch\/fr\/wp-json\/wp\/v2\/pwb-brand?post=85335"},{"taxonomy":"product_brand","embeddable":true,"href":"https:\/\/manskin.ch\/fr\/wp-json\/wp\/v2\/product_brand?post=85335"},{"taxonomy":"product_cat","embeddable":true,"href":"https:\/\/manskin.ch\/fr\/wp-json\/wp\/v2\/product_cat?post=85335"},{"taxonomy":"product_tag","embeddable":true,"href":"https:\/\/manskin.ch\/fr\/wp-json\/wp\/v2\/product_tag?post=85335"}],"curies":[{"name":"wp","href":"https:\/\/api.w.org\/{rel}","templated":true}]}}