{"id":85314,"date":"2025-05-23T11:35:19","date_gmt":"2025-05-23T09:35:19","guid":{"rendered":"https:\/\/manskin.ch\/produkt\/merkur-rasoir-progress-500\/"},"modified":"2025-11-05T00:51:17","modified_gmt":"2025-11-04T23:51:17","slug":"merkur-lames-super-platinum","status":"publish","type":"product","link":"https:\/\/manskin.ch\/fr\/produkt\/merkur-lames-super-platinum\/","title":{"rendered":"Merkur &#8211; 100 Lames \u00e0 raser Super Platinum"},"content":{"rendered":"<h2>Merkur &#8211; Lames de rasoir Super Platinum 100 pi\u00e8ces<\/h2>\n<ul>\n<li>Avec les lames de rasoir Merkur Super Platinum, tu obtiens des lames doubles de haute qualit\u00e9 pour un rasage de pr\u00e8s, doux et pr\u00e9cis. Ces lames sont fabriqu\u00e9es en Allemagne et sont id\u00e9alement adapt\u00e9es \u00e0 tous les rasoirs classiques.<\/li>\n<li>Gr\u00e2ce \u00e0 leur rev\u00eatement en platine, elles glissent sans effort sur la peau et r\u00e9duisent les irritations cutan\u00e9es.<\/li>\n<li>Dans ce grand emballage, tu re\u00e7ois 10 paquets de 10 lames &#8211; soit 100 lames de rasoir au total, avec lesquelles tu seras \u00e9quip\u00e9 de premi\u00e8re classe pendant des mois.<\/li>\n<\/ul>\n<p>Points forts :<\/p>\n<ul>\n<li>100 pi\u00e8ces : 10 paquets de 10 lames de rasoir<\/li>\n<li>Acier de haute qualit\u00e9 avec rev\u00eatement en platine : pour un rasage doux et durable<\/li>\n<li>Compatible avec tous les rasoirs Double-Edge courants<\/li>\n<li>Fabriqu\u00e9 en Allemagne : une qualit\u00e9 sur laquelle tu peux compter<\/li>\n<li>Emballage individuel : s\u00fbr, hygi\u00e9nique et id\u00e9al pour les d\u00e9placements<\/li>\n<\/ul>\n<p>Conseil : remplace ta lame r\u00e9guli\u00e8rement (par ex. apr\u00e8s 5 \u00e0 7 rasages) pour obtenir un r\u00e9sultat toujours propre et respectueux de la peau &#8211; surtout si tu as la peau sensible.<\/p>\n","protected":false},"excerpt":{"rendered":"<p>Merkur &#8211; Lames de rasoir Super Platinum 100 pi\u00e8ces Avec les lames de rasoir Merkur Super Platinum, tu obtiens des lames doubles de haute qualit\u00e9 pour un rasage de pr\u00e8s, doux et pr\u00e9cis. Ces lames sont fabriqu\u00e9es en Allemagne et sont id\u00e9alement adapt\u00e9es \u00e0 tous les rasoirs classiques. Gr\u00e2ce \u00e0 leur rev\u00eatement en platine, elles &#8230; <a title=\"Merkur &#8211; 100 Lames \u00e0 raser Super Platinum\" class=\"read-more\" href=\"https:\/\/manskin.ch\/fr\/produkt\/merkur-lames-super-platinum\/\" aria-label=\"En savoir plus sur Merkur &#8211; 100 Lames \u00e0 raser Super Platinum\">Lire la suite<\/a><\/p>\n","protected":false},"featured_media":85322,"comment_status":"closed","ping_status":"closed","template":"","meta":{"_acf_changed":false},"pwb-brand":[2947],"product_brand":[],"product_cat":[2943,6590],"product_tag":[],"class_list":{"0":"post-85314","1":"product","2":"type-product","3":"status-publish","4":"has-post-thumbnail","6":"pwb-brand-merkur","7":"product_cat-lames-de-rasage","8":"product_cat-merkur-fr","9":"product_shipping_class-standard-fr","10":"sales-flash-overlay","11":"woocommerce-text-align-center","12":"woocommerce-image-align-center","13":"do-quantity-buttons","15":"first","16":"instock","17":"taxable","18":"shipping-taxable","19":"purchasable","20":"product-type-simple"},"acf":[],"yoast_head":"<!-- This site is optimized with the Yoast SEO Premium plugin v27.3 (Yoast SEO v27.3) - https:\/\/yoast.com\/product\/yoast-seo-premium-wordpress\/ -->\n<title>Lames de rasoir Merkur : 100 pi\u00e8ces pour une qualit\u00e9 longue dur\u00e9e | Manskin.ch<\/title>\n<meta name=\"description\" content=\"Optimise ton rasage avec les lames de rasoir Merkur de qualit\u00e9 sup\u00e9rieure ! Profite du respect de la peau et de la pr\u00e9cision pendant des mois. Acheter maintenant !\" \/>\n<meta name=\"robots\" content=\"index, follow, max-snippet:-1, max-image-preview:large, max-video-preview:-1\" \/>\n<link rel=\"canonical\" href=\"https:\/\/manskin.ch\/fr\/produkt\/merkur-lames-super-platinum\/\" \/>\n<meta property=\"og:locale\" content=\"fr_FR\" \/>\n<meta property=\"og:type\" content=\"article\" \/>\n<meta property=\"og:title\" content=\"Merkur - 100 Lames \u00e0 raser Super Platinum\" \/>\n<meta property=\"og:description\" content=\"Optimise ton rasage avec les lames de rasoir Merkur de qualit\u00e9 sup\u00e9rieure ! Profite du respect de la peau et de la pr\u00e9cision pendant des mois. Acheter maintenant !\" \/>\n<meta property=\"og:url\" content=\"https:\/\/manskin.ch\/fr\/produkt\/merkur-lames-super-platinum\/\" \/>\n<meta property=\"og:site_name\" content=\"Manskin.ch\" \/>\n<meta property=\"article:publisher\" content=\"https:\/\/www.facebook.com\/manskin.ch\" \/>\n<meta property=\"article:modified_time\" content=\"2025-11-04T23:51:17+00:00\" \/>\n<meta property=\"og:image\" content=\"https:\/\/manskin.ch\/wp-content\/uploads\/2025\/05\/Merkur-Platinum-Rasierklingen-High-Quality.webp\" \/>\n\t<meta property=\"og:image:width\" content=\"1000\" \/>\n\t<meta property=\"og:image:height\" content=\"1000\" \/>\n\t<meta property=\"og:image:type\" content=\"image\/webp\" \/>\n<meta name=\"twitter:card\" content=\"summary_large_image\" \/>\n<meta name=\"twitter:label1\" content=\"Prix\" \/>\n\t<meta name=\"twitter:data1\" content=\"55.00&#067;&#072;&#070;\" \/>\n\t<meta name=\"twitter:label2\" content=\"Disponibilit\u00e9\" \/>\n\t<meta name=\"twitter:data2\" content=\"En stock\" \/>\n<script type=\"application\/ld+json\" class=\"yoast-schema-graph\">{\"@context\":\"https:\\\/\\\/schema.org\",\"@graph\":[{\"@type\":\"WebPage\",\"@id\":\"https:\\\/\\\/manskin.ch\\\/fr\\\/produkt\\\/merkur-lames-super-platinum\\\/\",\"url\":\"https:\\\/\\\/manskin.ch\\\/fr\\\/produkt\\\/merkur-lames-super-platinum\\\/\",\"name\":\"Lames de rasoir Merkur : 100 pi\u00e8ces pour une qualit\u00e9 longue dur\u00e9e | Manskin.ch\",\"isPartOf\":{\"@id\":\"https:\\\/\\\/manskin.ch\\\/fr\\\/#website\"},\"primaryImageOfPage\":{\"@id\":\"https:\\\/\\\/manskin.ch\\\/fr\\\/produkt\\\/merkur-lames-super-platinum\\\/#primaryimage\"},\"image\":{\"@id\":\"https:\\\/\\\/manskin.ch\\\/fr\\\/produkt\\\/merkur-lames-super-platinum\\\/#primaryimage\"},\"thumbnailUrl\":\"https:\\\/\\\/manskin.ch\\\/wp-content\\\/uploads\\\/2025\\\/05\\\/Merkur-Platinum-Rasierklingen-High-Quality.webp\",\"datePublished\":\"2025-05-23T09:35:19+00:00\",\"dateModified\":\"2025-11-04T23:51:17+00:00\",\"description\":\"Optimise ton rasage avec les lames de rasoir Merkur de qualit\u00e9 sup\u00e9rieure ! Profite du respect de la peau et de la pr\u00e9cision pendant des mois. Acheter maintenant !\",\"breadcrumb\":{\"@id\":\"https:\\\/\\\/manskin.ch\\\/fr\\\/produkt\\\/merkur-lames-super-platinum\\\/#breadcrumb\"},\"inLanguage\":\"fr-FR\",\"potentialAction\":[{\"@type\":\"ReadAction\",\"target\":[\"https:\\\/\\\/manskin.ch\\\/fr\\\/produkt\\\/merkur-lames-super-platinum\\\/\"]}]},{\"@type\":\"ImageObject\",\"inLanguage\":\"fr-FR\",\"@id\":\"https:\\\/\\\/manskin.ch\\\/fr\\\/produkt\\\/merkur-lames-super-platinum\\\/#primaryimage\",\"url\":\"https:\\\/\\\/manskin.ch\\\/wp-content\\\/uploads\\\/2025\\\/05\\\/Merkur-Platinum-Rasierklingen-High-Quality.webp\",\"contentUrl\":\"https:\\\/\\\/manskin.ch\\\/wp-content\\\/uploads\\\/2025\\\/05\\\/Merkur-Platinum-Rasierklingen-High-Quality.webp\",\"width\":1000,\"height\":1000},{\"@type\":\"BreadcrumbList\",\"@id\":\"https:\\\/\\\/manskin.ch\\\/fr\\\/produkt\\\/merkur-lames-super-platinum\\\/#breadcrumb\",\"itemListElement\":[{\"@type\":\"ListItem\",\"position\":1,\"name\":\"Startseite\",\"item\":\"https:\\\/\\\/manskin.ch\\\/fr\\\/\"},{\"@type\":\"ListItem\",\"position\":2,\"name\":\"Boutique Soins pour Hommes &amp; Skincare\",\"item\":\"https:\\\/\\\/manskin.ch\\\/fr\\\/boutique\\\/\"},{\"@type\":\"ListItem\",\"position\":3,\"name\":\"Merkur &#8211; 100 Lames \u00e0 raser Super Platinum\"}]},{\"@type\":\"WebSite\",\"@id\":\"https:\\\/\\\/manskin.ch\\\/fr\\\/#website\",\"url\":\"https:\\\/\\\/manskin.ch\\\/fr\\\/\",\"name\":\"Manskin.ch\",\"description\":\"Tous les produits de beaut\u00e9 pour les hommes les plus exigeants\",\"publisher\":{\"@id\":\"https:\\\/\\\/manskin.ch\\\/fr\\\/#organization\"},\"potentialAction\":[{\"@type\":\"SearchAction\",\"target\":{\"@type\":\"EntryPoint\",\"urlTemplate\":\"https:\\\/\\\/manskin.ch\\\/fr\\\/?s={search_term_string}\"},\"query-input\":{\"@type\":\"PropertyValueSpecification\",\"valueRequired\":true,\"valueName\":\"search_term_string\"}}],\"inLanguage\":\"fr-FR\"},{\"@type\":\"Organization\",\"@id\":\"https:\\\/\\\/manskin.ch\\\/fr\\\/#organization\",\"name\":\"Manskin.ch - der Schweizer Onlineshop f\u00fcr qualit\u00e4tsstarke M\u00e4nnerpflege\",\"url\":\"https:\\\/\\\/manskin.ch\\\/fr\\\/\",\"logo\":{\"@type\":\"ImageObject\",\"inLanguage\":\"fr-FR\",\"@id\":\"https:\\\/\\\/manskin.ch\\\/fr\\\/#\\\/schema\\\/logo\\\/image\\\/\",\"url\":\"https:\\\/\\\/manskin.ch\\\/wp-content\\\/uploads\\\/2021\\\/04\\\/cropped-logo_head.png\",\"contentUrl\":\"https:\\\/\\\/manskin.ch\\\/wp-content\\\/uploads\\\/2021\\\/04\\\/cropped-logo_head.png\",\"width\":235,\"height\":75,\"caption\":\"Manskin.ch - der Schweizer Onlineshop f\u00fcr qualit\u00e4tsstarke M\u00e4nnerpflege\"},\"image\":{\"@id\":\"https:\\\/\\\/manskin.ch\\\/fr\\\/#\\\/schema\\\/logo\\\/image\\\/\"},\"sameAs\":[\"https:\\\/\\\/www.facebook.com\\\/manskin.ch\",\"https:\\\/\\\/www.instagram.com\\\/manskin.ch\\\/\"]}]}<\/script>\n<meta property=\"product:price:amount\" content=\"55.00\" \/>\n<meta property=\"product:price:currency\" content=\"CHF\" \/>\n<meta property=\"og:availability\" content=\"instock\" \/>\n<meta property=\"product:availability\" content=\"instock\" \/>\n<meta property=\"product:retailer_item_id\" content=\"910000\" \/>\n<meta property=\"product:condition\" content=\"new\" \/>\n<!-- \/ Yoast SEO Premium plugin. -->","yoast_head_json":{"title":"Lames de rasoir Merkur : 100 pi\u00e8ces pour une qualit\u00e9 longue dur\u00e9e | Manskin.ch","description":"Optimise ton rasage avec les lames de rasoir Merkur de qualit\u00e9 sup\u00e9rieure ! Profite du respect de la peau et de la pr\u00e9cision pendant des mois. Acheter maintenant !","robots":{"index":"index","follow":"follow","max-snippet":"max-snippet:-1","max-image-preview":"max-image-preview:large","max-video-preview":"max-video-preview:-1"},"canonical":"https:\/\/manskin.ch\/fr\/produkt\/merkur-lames-super-platinum\/","og_locale":"fr_FR","og_type":"article","og_title":"Merkur - 100 Lames \u00e0 raser Super Platinum","og_description":"Optimise ton rasage avec les lames de rasoir Merkur de qualit\u00e9 sup\u00e9rieure ! Profite du respect de la peau et de la pr\u00e9cision pendant des mois. Acheter maintenant !","og_url":"https:\/\/manskin.ch\/fr\/produkt\/merkur-lames-super-platinum\/","og_site_name":"Manskin.ch","article_publisher":"https:\/\/www.facebook.com\/manskin.ch","article_modified_time":"2025-11-04T23:51:17+00:00","og_image":[{"width":1000,"height":1000,"url":"https:\/\/manskin.ch\/wp-content\/uploads\/2025\/05\/Merkur-Platinum-Rasierklingen-High-Quality.webp","type":"image\/webp"}],"twitter_card":"summary_large_image","twitter_misc":{"Prix":"55.00&#67;&#72;&#70;","Disponibilit\u00e9":"En stock"},"schema":{"@context":"https:\/\/schema.org","@graph":[{"@type":"WebPage","@id":"https:\/\/manskin.ch\/fr\/produkt\/merkur-lames-super-platinum\/","url":"https:\/\/manskin.ch\/fr\/produkt\/merkur-lames-super-platinum\/","name":"Lames de rasoir Merkur : 100 pi\u00e8ces pour une qualit\u00e9 longue dur\u00e9e | Manskin.ch","isPartOf":{"@id":"https:\/\/manskin.ch\/fr\/#website"},"primaryImageOfPage":{"@id":"https:\/\/manskin.ch\/fr\/produkt\/merkur-lames-super-platinum\/#primaryimage"},"image":{"@id":"https:\/\/manskin.ch\/fr\/produkt\/merkur-lames-super-platinum\/#primaryimage"},"thumbnailUrl":"https:\/\/manskin.ch\/wp-content\/uploads\/2025\/05\/Merkur-Platinum-Rasierklingen-High-Quality.webp","datePublished":"2025-05-23T09:35:19+00:00","dateModified":"2025-11-04T23:51:17+00:00","description":"Optimise ton rasage avec les lames de rasoir Merkur de qualit\u00e9 sup\u00e9rieure ! Profite du respect de la peau et de la pr\u00e9cision pendant des mois. Acheter maintenant !","breadcrumb":{"@id":"https:\/\/manskin.ch\/fr\/produkt\/merkur-lames-super-platinum\/#breadcrumb"},"inLanguage":"fr-FR","potentialAction":[{"@type":"ReadAction","target":["https:\/\/manskin.ch\/fr\/produkt\/merkur-lames-super-platinum\/"]}]},{"@type":"ImageObject","inLanguage":"fr-FR","@id":"https:\/\/manskin.ch\/fr\/produkt\/merkur-lames-super-platinum\/#primaryimage","url":"https:\/\/manskin.ch\/wp-content\/uploads\/2025\/05\/Merkur-Platinum-Rasierklingen-High-Quality.webp","contentUrl":"https:\/\/manskin.ch\/wp-content\/uploads\/2025\/05\/Merkur-Platinum-Rasierklingen-High-Quality.webp","width":1000,"height":1000},{"@type":"BreadcrumbList","@id":"https:\/\/manskin.ch\/fr\/produkt\/merkur-lames-super-platinum\/#breadcrumb","itemListElement":[{"@type":"ListItem","position":1,"name":"Startseite","item":"https:\/\/manskin.ch\/fr\/"},{"@type":"ListItem","position":2,"name":"Boutique Soins pour Hommes &amp; Skincare","item":"https:\/\/manskin.ch\/fr\/boutique\/"},{"@type":"ListItem","position":3,"name":"Merkur &#8211; 100 Lames \u00e0 raser Super Platinum"}]},{"@type":"WebSite","@id":"https:\/\/manskin.ch\/fr\/#website","url":"https:\/\/manskin.ch\/fr\/","name":"Manskin.ch","description":"Tous les produits de beaut\u00e9 pour les hommes les plus exigeants","publisher":{"@id":"https:\/\/manskin.ch\/fr\/#organization"},"potentialAction":[{"@type":"SearchAction","target":{"@type":"EntryPoint","urlTemplate":"https:\/\/manskin.ch\/fr\/?s={search_term_string}"},"query-input":{"@type":"PropertyValueSpecification","valueRequired":true,"valueName":"search_term_string"}}],"inLanguage":"fr-FR"},{"@type":"Organization","@id":"https:\/\/manskin.ch\/fr\/#organization","name":"Manskin.ch - der Schweizer Onlineshop f\u00fcr qualit\u00e4tsstarke M\u00e4nnerpflege","url":"https:\/\/manskin.ch\/fr\/","logo":{"@type":"ImageObject","inLanguage":"fr-FR","@id":"https:\/\/manskin.ch\/fr\/#\/schema\/logo\/image\/","url":"https:\/\/manskin.ch\/wp-content\/uploads\/2021\/04\/cropped-logo_head.png","contentUrl":"https:\/\/manskin.ch\/wp-content\/uploads\/2021\/04\/cropped-logo_head.png","width":235,"height":75,"caption":"Manskin.ch - der Schweizer Onlineshop f\u00fcr qualit\u00e4tsstarke M\u00e4nnerpflege"},"image":{"@id":"https:\/\/manskin.ch\/fr\/#\/schema\/logo\/image\/"},"sameAs":["https:\/\/www.facebook.com\/manskin.ch","https:\/\/www.instagram.com\/manskin.ch\/"]}]},"product_price_amount":"55.00","product_price_currency":"CHF","og_availability":"instock","product_availability":"instock","product_retailer_item_id":"910000","product_condition":"new"},"brands":[{"id":2947,"name":"Merkur","slug":"merkur"}],"_links":{"self":[{"href":"https:\/\/manskin.ch\/fr\/wp-json\/wp\/v2\/product\/85314","targetHints":{"allow":["GET"]}}],"collection":[{"href":"https:\/\/manskin.ch\/fr\/wp-json\/wp\/v2\/product"}],"about":[{"href":"https:\/\/manskin.ch\/fr\/wp-json\/wp\/v2\/types\/product"}],"replies":[{"embeddable":true,"href":"https:\/\/manskin.ch\/fr\/wp-json\/wp\/v2\/comments?post=85314"}],"wp:featuredmedia":[{"embeddable":true,"href":"https:\/\/manskin.ch\/fr\/wp-json\/wp\/v2\/media\/85322"}],"wp:attachment":[{"href":"https:\/\/manskin.ch\/fr\/wp-json\/wp\/v2\/media?parent=85314"}],"wp:term":[{"taxonomy":"pwb-brand","embeddable":true,"href":"https:\/\/manskin.ch\/fr\/wp-json\/wp\/v2\/pwb-brand?post=85314"},{"taxonomy":"product_brand","embeddable":true,"href":"https:\/\/manskin.ch\/fr\/wp-json\/wp\/v2\/product_brand?post=85314"},{"taxonomy":"product_cat","embeddable":true,"href":"https:\/\/manskin.ch\/fr\/wp-json\/wp\/v2\/product_cat?post=85314"},{"taxonomy":"product_tag","embeddable":true,"href":"https:\/\/manskin.ch\/fr\/wp-json\/wp\/v2\/product_tag?post=85314"}],"curies":[{"name":"wp","href":"https:\/\/api.w.org\/{rel}","templated":true}]}}