{"id":85261,"date":"2022-01-08T14:11:11","date_gmt":"2022-01-08T13:11:11","guid":{"rendered":"https:\/\/manskin.ch\/produkt\/merkur-rasoir-34c\/"},"modified":"2025-10-24T12:19:34","modified_gmt":"2025-10-24T10:19:34","slug":"merkur-rasoir-34c","status":"publish","type":"product","link":"https:\/\/manskin.ch\/fr\/produkt\/merkur-rasoir-34c\/","title":{"rendered":"Merkur &#8211; Rasoir 34C"},"content":{"rendered":"<h2>Merkur &#8211; Rasoir 34C<\/h2>\n<ul>\n<li>Le Merkur 34C est consid&eacute;r&eacute; comme l&#39;&eacute;talon-or des rasoirs de s&ucirc;ret&eacute;&nbsp;&#8211; compact, &eacute;quilibr&eacute; et particuli&egrave;rement doux pour la peau. Depuis des d&eacute;cennies, il est le favori des amateurs de rasage humide dans le monde entier et particuli&egrave;rement appr&eacute;ci&eacute; des d&eacute;butants qui attachent de l&#39;importance &agrave; la qualit&eacute; et au confort.<\/li>\n<li>Avec son manche court et maniable et son poids parfaitement &eacute;quilibr&eacute;, le 34C offre une excellente prise en main et garantit un rasage s&ucirc;r et contr&ocirc;l&eacute; &#8211; sans aucune irritation de la peau. Sa construction robuste en zinc moul&eacute; sous pression chrom&eacute; et en acier inoxydable en fait un outil durable dans la salle de bain.<\/li>\n<\/ul>\n<p>Les points forts :<\/p>\n<ul>\n<li>Design compact : manche court pour un contr&ocirc;le maximal lors du rasage<\/li>\n<li>Structure du manche : molet&eacute; en croix pour une prise en main antid&eacute;rapante<\/li>\n<li>Peigne ferm&eacute; : doux pour la peau &#8211; id&eacute;al pour les peaux sensibles<\/li>\n<li>Parfaitement &eacute;quilibr&eacute; : poids optimal pour une pression r&eacute;guli&egrave;re sans effort<\/li>\n<li>Construction classique en 2 parties : changement facile de la lame<\/li>\n<li>Fabriqu&eacute; &agrave; Solingen : Qualit&eacute; issue de la fabrication traditionnelle allemande<\/li>\n<\/ul>\n<p>Longueur : 8,5 cm, poids : 77 gr.<\/p>\n","protected":false},"excerpt":{"rendered":"<p>Merkur &#8211; Rasoir 34C Le Merkur 34C est consid&eacute;r&eacute; comme l&#39;&eacute;talon-or des rasoirs de s&ucirc;ret&eacute;&nbsp;&#8211; compact, &eacute;quilibr&eacute; et particuli&egrave;rement doux pour la peau. Depuis des d&eacute;cennies, il est le favori des amateurs de rasage humide dans le monde entier et particuli&egrave;rement appr&eacute;ci&eacute; des d&eacute;butants qui attachent de l&#39;importance &agrave; la qualit&eacute; et au confort. Avec &#8230; <a title=\"Merkur &#8211; Rasoir 34C\" class=\"read-more\" href=\"https:\/\/manskin.ch\/fr\/produkt\/merkur-rasoir-34c\/\" aria-label=\"En savoir plus sur Merkur &#8211; Rasoir 34C\">Lire la suite<\/a><\/p>\n","protected":false},"featured_media":85255,"comment_status":"closed","ping_status":"closed","template":"","meta":{"_acf_changed":false},"pwb-brand":[2947],"product_brand":[],"product_cat":[6590,2422],"product_tag":[],"class_list":{"0":"post-85261","1":"product","2":"type-product","3":"status-publish","4":"has-post-thumbnail","6":"pwb-brand-merkur","7":"product_cat-merkur-fr","8":"product_cat-rasoir-de-suretee","9":"product_shipping_class-standard-fr","10":"pa_hersteller-dovo-fr-2","11":"sales-flash-overlay","12":"woocommerce-text-align-center","13":"woocommerce-image-align-center","14":"do-quantity-buttons","16":"first","17":"instock","18":"purchasable","19":"product-type-simple"},"acf":[],"yoast_head":"<!-- This site is optimized with the Yoast SEO Premium plugin v27.3 (Yoast SEO v27.3) - https:\/\/yoast.com\/product\/yoast-seo-premium-wordpress\/ -->\n<title>Merkur - Rasoir 34C | Manskin.ch<\/title>\n<meta name=\"description\" content=\"Merkur - Rasoir 34C\" \/>\n<meta name=\"robots\" content=\"index, follow, max-snippet:-1, max-image-preview:large, max-video-preview:-1\" \/>\n<link rel=\"canonical\" href=\"https:\/\/manskin.ch\/fr\/produkt\/merkur-rasoir-34c\/\" \/>\n<meta property=\"og:locale\" content=\"fr_FR\" \/>\n<meta property=\"og:type\" content=\"article\" \/>\n<meta property=\"og:title\" content=\"Merkur - Rasoir 34C\" \/>\n<meta property=\"og:description\" content=\"Merkur - Rasoir 34C\" \/>\n<meta property=\"og:url\" content=\"https:\/\/manskin.ch\/fr\/produkt\/merkur-rasoir-34c\/\" \/>\n<meta property=\"og:site_name\" content=\"Manskin.ch\" \/>\n<meta property=\"article:publisher\" content=\"https:\/\/www.facebook.com\/manskin.ch\" \/>\n<meta property=\"article:modified_time\" content=\"2025-10-24T10:19:34+00:00\" \/>\n<meta property=\"og:image\" content=\"https:\/\/manskin.ch\/wp-content\/uploads\/2022\/01\/Merkur-34C-High-Quality.webp\" \/>\n\t<meta property=\"og:image:width\" content=\"1000\" \/>\n\t<meta property=\"og:image:height\" content=\"1000\" \/>\n\t<meta property=\"og:image:type\" content=\"image\/webp\" \/>\n<meta name=\"twitter:card\" content=\"summary_large_image\" \/>\n<meta name=\"twitter:label1\" content=\"Prix\" \/>\n\t<meta name=\"twitter:data1\" content=\"59.00&#067;&#072;&#070;\" \/>\n\t<meta name=\"twitter:label2\" content=\"Disponibilit\u00e9\" \/>\n\t<meta name=\"twitter:data2\" content=\"En stock\" \/>\n<script type=\"application\/ld+json\" class=\"yoast-schema-graph\">{\"@context\":\"https:\\\/\\\/schema.org\",\"@graph\":[{\"@type\":\"WebPage\",\"@id\":\"https:\\\/\\\/manskin.ch\\\/fr\\\/produkt\\\/merkur-rasoir-34c\\\/\",\"url\":\"https:\\\/\\\/manskin.ch\\\/fr\\\/produkt\\\/merkur-rasoir-34c\\\/\",\"name\":\"Merkur - Rasoir 34C | Manskin.ch\",\"isPartOf\":{\"@id\":\"https:\\\/\\\/manskin.ch\\\/fr\\\/#website\"},\"primaryImageOfPage\":{\"@id\":\"https:\\\/\\\/manskin.ch\\\/fr\\\/produkt\\\/merkur-rasoir-34c\\\/#primaryimage\"},\"image\":{\"@id\":\"https:\\\/\\\/manskin.ch\\\/fr\\\/produkt\\\/merkur-rasoir-34c\\\/#primaryimage\"},\"thumbnailUrl\":\"https:\\\/\\\/manskin.ch\\\/wp-content\\\/uploads\\\/2022\\\/01\\\/Merkur-34C-High-Quality.webp\",\"datePublished\":\"2022-01-08T13:11:11+00:00\",\"dateModified\":\"2025-10-24T10:19:34+00:00\",\"description\":\"Merkur - Rasoir 34C\",\"breadcrumb\":{\"@id\":\"https:\\\/\\\/manskin.ch\\\/fr\\\/produkt\\\/merkur-rasoir-34c\\\/#breadcrumb\"},\"inLanguage\":\"fr-FR\",\"potentialAction\":[{\"@type\":\"ReadAction\",\"target\":[\"https:\\\/\\\/manskin.ch\\\/fr\\\/produkt\\\/merkur-rasoir-34c\\\/\"]}]},{\"@type\":\"ImageObject\",\"inLanguage\":\"fr-FR\",\"@id\":\"https:\\\/\\\/manskin.ch\\\/fr\\\/produkt\\\/merkur-rasoir-34c\\\/#primaryimage\",\"url\":\"https:\\\/\\\/manskin.ch\\\/wp-content\\\/uploads\\\/2022\\\/01\\\/Merkur-34C-High-Quality.webp\",\"contentUrl\":\"https:\\\/\\\/manskin.ch\\\/wp-content\\\/uploads\\\/2022\\\/01\\\/Merkur-34C-High-Quality.webp\",\"width\":1000,\"height\":1000},{\"@type\":\"BreadcrumbList\",\"@id\":\"https:\\\/\\\/manskin.ch\\\/fr\\\/produkt\\\/merkur-rasoir-34c\\\/#breadcrumb\",\"itemListElement\":[{\"@type\":\"ListItem\",\"position\":1,\"name\":\"Startseite\",\"item\":\"https:\\\/\\\/manskin.ch\\\/fr\\\/\"},{\"@type\":\"ListItem\",\"position\":2,\"name\":\"Boutique Soins pour Hommes &amp; Skincare\",\"item\":\"https:\\\/\\\/manskin.ch\\\/fr\\\/boutique\\\/\"},{\"@type\":\"ListItem\",\"position\":3,\"name\":\"Merkur &#8211; Rasoir 34C\"}]},{\"@type\":\"WebSite\",\"@id\":\"https:\\\/\\\/manskin.ch\\\/fr\\\/#website\",\"url\":\"https:\\\/\\\/manskin.ch\\\/fr\\\/\",\"name\":\"Manskin.ch\",\"description\":\"Tous les produits de beaut\u00e9 pour les hommes les plus exigeants\",\"publisher\":{\"@id\":\"https:\\\/\\\/manskin.ch\\\/fr\\\/#organization\"},\"potentialAction\":[{\"@type\":\"SearchAction\",\"target\":{\"@type\":\"EntryPoint\",\"urlTemplate\":\"https:\\\/\\\/manskin.ch\\\/fr\\\/?s={search_term_string}\"},\"query-input\":{\"@type\":\"PropertyValueSpecification\",\"valueRequired\":true,\"valueName\":\"search_term_string\"}}],\"inLanguage\":\"fr-FR\"},{\"@type\":\"Organization\",\"@id\":\"https:\\\/\\\/manskin.ch\\\/fr\\\/#organization\",\"name\":\"Manskin.ch - der Schweizer Onlineshop f\u00fcr qualit\u00e4tsstarke M\u00e4nnerpflege\",\"url\":\"https:\\\/\\\/manskin.ch\\\/fr\\\/\",\"logo\":{\"@type\":\"ImageObject\",\"inLanguage\":\"fr-FR\",\"@id\":\"https:\\\/\\\/manskin.ch\\\/fr\\\/#\\\/schema\\\/logo\\\/image\\\/\",\"url\":\"https:\\\/\\\/manskin.ch\\\/wp-content\\\/uploads\\\/2021\\\/04\\\/cropped-logo_head.png\",\"contentUrl\":\"https:\\\/\\\/manskin.ch\\\/wp-content\\\/uploads\\\/2021\\\/04\\\/cropped-logo_head.png\",\"width\":235,\"height\":75,\"caption\":\"Manskin.ch - der Schweizer Onlineshop f\u00fcr qualit\u00e4tsstarke M\u00e4nnerpflege\"},\"image\":{\"@id\":\"https:\\\/\\\/manskin.ch\\\/fr\\\/#\\\/schema\\\/logo\\\/image\\\/\"},\"sameAs\":[\"https:\\\/\\\/www.facebook.com\\\/manskin.ch\",\"https:\\\/\\\/www.instagram.com\\\/manskin.ch\\\/\"]}]}<\/script>\n<meta property=\"product:price:amount\" content=\"59.00\" \/>\n<meta property=\"product:price:currency\" content=\"CHF\" \/>\n<meta property=\"og:availability\" content=\"instock\" \/>\n<meta property=\"product:availability\" content=\"instock\" \/>\n<meta property=\"product:retailer_item_id\" content=\"34001\" \/>\n<meta property=\"product:condition\" content=\"new\" \/>\n<!-- \/ Yoast SEO Premium plugin. -->","yoast_head_json":{"title":"Merkur - Rasoir 34C | Manskin.ch","description":"Merkur - Rasoir 34C","robots":{"index":"index","follow":"follow","max-snippet":"max-snippet:-1","max-image-preview":"max-image-preview:large","max-video-preview":"max-video-preview:-1"},"canonical":"https:\/\/manskin.ch\/fr\/produkt\/merkur-rasoir-34c\/","og_locale":"fr_FR","og_type":"article","og_title":"Merkur - Rasoir 34C","og_description":"Merkur - Rasoir 34C","og_url":"https:\/\/manskin.ch\/fr\/produkt\/merkur-rasoir-34c\/","og_site_name":"Manskin.ch","article_publisher":"https:\/\/www.facebook.com\/manskin.ch","article_modified_time":"2025-10-24T10:19:34+00:00","og_image":[{"width":1000,"height":1000,"url":"https:\/\/manskin.ch\/wp-content\/uploads\/2022\/01\/Merkur-34C-High-Quality.webp","type":"image\/webp"}],"twitter_card":"summary_large_image","twitter_misc":{"Prix":"59.00&#67;&#72;&#70;","Disponibilit\u00e9":"En stock"},"schema":{"@context":"https:\/\/schema.org","@graph":[{"@type":"WebPage","@id":"https:\/\/manskin.ch\/fr\/produkt\/merkur-rasoir-34c\/","url":"https:\/\/manskin.ch\/fr\/produkt\/merkur-rasoir-34c\/","name":"Merkur - Rasoir 34C | Manskin.ch","isPartOf":{"@id":"https:\/\/manskin.ch\/fr\/#website"},"primaryImageOfPage":{"@id":"https:\/\/manskin.ch\/fr\/produkt\/merkur-rasoir-34c\/#primaryimage"},"image":{"@id":"https:\/\/manskin.ch\/fr\/produkt\/merkur-rasoir-34c\/#primaryimage"},"thumbnailUrl":"https:\/\/manskin.ch\/wp-content\/uploads\/2022\/01\/Merkur-34C-High-Quality.webp","datePublished":"2022-01-08T13:11:11+00:00","dateModified":"2025-10-24T10:19:34+00:00","description":"Merkur - Rasoir 34C","breadcrumb":{"@id":"https:\/\/manskin.ch\/fr\/produkt\/merkur-rasoir-34c\/#breadcrumb"},"inLanguage":"fr-FR","potentialAction":[{"@type":"ReadAction","target":["https:\/\/manskin.ch\/fr\/produkt\/merkur-rasoir-34c\/"]}]},{"@type":"ImageObject","inLanguage":"fr-FR","@id":"https:\/\/manskin.ch\/fr\/produkt\/merkur-rasoir-34c\/#primaryimage","url":"https:\/\/manskin.ch\/wp-content\/uploads\/2022\/01\/Merkur-34C-High-Quality.webp","contentUrl":"https:\/\/manskin.ch\/wp-content\/uploads\/2022\/01\/Merkur-34C-High-Quality.webp","width":1000,"height":1000},{"@type":"BreadcrumbList","@id":"https:\/\/manskin.ch\/fr\/produkt\/merkur-rasoir-34c\/#breadcrumb","itemListElement":[{"@type":"ListItem","position":1,"name":"Startseite","item":"https:\/\/manskin.ch\/fr\/"},{"@type":"ListItem","position":2,"name":"Boutique Soins pour Hommes &amp; Skincare","item":"https:\/\/manskin.ch\/fr\/boutique\/"},{"@type":"ListItem","position":3,"name":"Merkur &#8211; Rasoir 34C"}]},{"@type":"WebSite","@id":"https:\/\/manskin.ch\/fr\/#website","url":"https:\/\/manskin.ch\/fr\/","name":"Manskin.ch","description":"Tous les produits de beaut\u00e9 pour les hommes les plus exigeants","publisher":{"@id":"https:\/\/manskin.ch\/fr\/#organization"},"potentialAction":[{"@type":"SearchAction","target":{"@type":"EntryPoint","urlTemplate":"https:\/\/manskin.ch\/fr\/?s={search_term_string}"},"query-input":{"@type":"PropertyValueSpecification","valueRequired":true,"valueName":"search_term_string"}}],"inLanguage":"fr-FR"},{"@type":"Organization","@id":"https:\/\/manskin.ch\/fr\/#organization","name":"Manskin.ch - der Schweizer Onlineshop f\u00fcr qualit\u00e4tsstarke M\u00e4nnerpflege","url":"https:\/\/manskin.ch\/fr\/","logo":{"@type":"ImageObject","inLanguage":"fr-FR","@id":"https:\/\/manskin.ch\/fr\/#\/schema\/logo\/image\/","url":"https:\/\/manskin.ch\/wp-content\/uploads\/2021\/04\/cropped-logo_head.png","contentUrl":"https:\/\/manskin.ch\/wp-content\/uploads\/2021\/04\/cropped-logo_head.png","width":235,"height":75,"caption":"Manskin.ch - der Schweizer Onlineshop f\u00fcr qualit\u00e4tsstarke M\u00e4nnerpflege"},"image":{"@id":"https:\/\/manskin.ch\/fr\/#\/schema\/logo\/image\/"},"sameAs":["https:\/\/www.facebook.com\/manskin.ch","https:\/\/www.instagram.com\/manskin.ch\/"]}]},"product_price_amount":"59.00","product_price_currency":"CHF","og_availability":"instock","product_availability":"instock","product_retailer_item_id":"34001","product_condition":"new"},"brands":[{"id":2947,"name":"Merkur","slug":"merkur"}],"_links":{"self":[{"href":"https:\/\/manskin.ch\/fr\/wp-json\/wp\/v2\/product\/85261","targetHints":{"allow":["GET"]}}],"collection":[{"href":"https:\/\/manskin.ch\/fr\/wp-json\/wp\/v2\/product"}],"about":[{"href":"https:\/\/manskin.ch\/fr\/wp-json\/wp\/v2\/types\/product"}],"replies":[{"embeddable":true,"href":"https:\/\/manskin.ch\/fr\/wp-json\/wp\/v2\/comments?post=85261"}],"wp:featuredmedia":[{"embeddable":true,"href":"https:\/\/manskin.ch\/fr\/wp-json\/wp\/v2\/media\/85255"}],"wp:attachment":[{"href":"https:\/\/manskin.ch\/fr\/wp-json\/wp\/v2\/media?parent=85261"}],"wp:term":[{"taxonomy":"pwb-brand","embeddable":true,"href":"https:\/\/manskin.ch\/fr\/wp-json\/wp\/v2\/pwb-brand?post=85261"},{"taxonomy":"product_brand","embeddable":true,"href":"https:\/\/manskin.ch\/fr\/wp-json\/wp\/v2\/product_brand?post=85261"},{"taxonomy":"product_cat","embeddable":true,"href":"https:\/\/manskin.ch\/fr\/wp-json\/wp\/v2\/product_cat?post=85261"},{"taxonomy":"product_tag","embeddable":true,"href":"https:\/\/manskin.ch\/fr\/wp-json\/wp\/v2\/product_tag?post=85261"}],"curies":[{"name":"wp","href":"https:\/\/api.w.org\/{rel}","templated":true}]}}