{"id":72629,"date":"2025-03-31T09:27:39","date_gmt":"2025-03-31T07:27:39","guid":{"rendered":"https:\/\/manskin.ch\/produkt\/muehle-support-pour-rasoir-de-securite\/"},"modified":"2025-07-20T22:11:04","modified_gmt":"2025-07-20T20:11:04","slug":"muehle-etui-cuir-noir-rasoir-de-securite","status":"publish","type":"product","link":"https:\/\/manskin.ch\/fr\/produkt\/muehle-etui-cuir-noir-rasoir-de-securite\/","title":{"rendered":"M\u00dcHLE &#8211; Etui cuir noir rasoir de s\u00e9curit\u00e9"},"content":{"rendered":"<h2>M&Uuml;HLE &#8211; Etui cuir noir pour rasoir de s&eacute;curit&eacute;<\/h2>\n<ul>\n<li>Etui en cuir noir de haute qualit&eacute; pour ranger le rasoir traditionnel.<\/li>\n<li>Convient pour les rasoirs M&Uuml;HLE Traditional, Grande et Twist (sans capuchon de protection du rasoir).<\/li>\n<li>Fabriqu&eacute; par des maroquiniers florentins dans un travail manuel traditionnel.<\/li>\n<li>Dimensions ext&eacute;rieures de l&#39;&eacute;tui : 4,5 cm (en haut de la t&ecirc;te) x 2,5 cm x 12,5 (L\/L\/H), longueur au pied: 2 cm<\/li>\n<\/ul>\n","protected":false},"excerpt":{"rendered":"<p>M&Uuml;HLE &#8211; Etui cuir noir pour rasoir de s&eacute;curit&eacute; Etui en cuir noir de haute qualit&eacute; pour ranger le rasoir traditionnel. Convient pour les rasoirs M&Uuml;HLE Traditional, Grande et Twist (sans capuchon de protection du rasoir). Fabriqu&eacute; par des maroquiniers florentins dans un travail manuel traditionnel. Dimensions ext&eacute;rieures de l&#39;&eacute;tui : 4,5 cm (en haut &#8230; <a title=\"M\u00dcHLE &#8211; Etui cuir noir rasoir de s\u00e9curit\u00e9\" class=\"read-more\" href=\"https:\/\/manskin.ch\/fr\/produkt\/muehle-etui-cuir-noir-rasoir-de-securite\/\" aria-label=\"En savoir plus sur M\u00dcHLE &#8211; Etui cuir noir rasoir de s\u00e9curit\u00e9\">Lire la suite<\/a><\/p>\n","protected":false},"featured_media":72634,"comment_status":"closed","ping_status":"closed","template":"","meta":{"_acf_changed":false},"pwb-brand":[2769],"product_brand":[],"product_cat":[2412,2422],"product_tag":[],"class_list":{"0":"post-72629","1":"product","2":"type-product","3":"status-publish","4":"has-post-thumbnail","6":"pwb-brand-muehle","7":"product_cat-muehle-fr","8":"product_cat-rasoir-de-suretee","9":"product_shipping_class-standard-fr","10":"sales-flash-overlay","11":"woocommerce-text-align-center","12":"woocommerce-image-align-center","13":"do-quantity-buttons","15":"first","16":"instock","17":"taxable","18":"shipping-taxable","19":"purchasable","20":"product-type-simple"},"acf":[],"yoast_head":"<!-- This site is optimized with the Yoast SEO Premium plugin v27.3 (Yoast SEO v27.3) - https:\/\/yoast.com\/product\/yoast-seo-premium-wordpress\/ -->\n<title>M\u00dcHLE - Etui cuir noir rasoir de s\u00e9curit\u00e9 | Manskin.ch<\/title>\n<meta name=\"description\" content=\"Prot\u00e8ge ton rasoir avec l&#039;\u00e9tui en cuir M\u00fchle pour rasoir. Fabriqu\u00e9 \u00e0 la main en cuir de haute qualit\u00e9, id\u00e9al pour voyager avec style! Maintenant chez Manskin.ch.\" \/>\n<meta name=\"robots\" content=\"index, follow, max-snippet:-1, max-image-preview:large, max-video-preview:-1\" \/>\n<link rel=\"canonical\" href=\"https:\/\/manskin.ch\/fr\/produkt\/muehle-etui-cuir-noir-rasoir-de-securite\/\" \/>\n<meta property=\"og:locale\" content=\"fr_FR\" \/>\n<meta property=\"og:type\" content=\"article\" \/>\n<meta property=\"og:title\" content=\"M\u00dcHLE - Etui cuir noir rasoir de s\u00e9curit\u00e9\" \/>\n<meta property=\"og:description\" content=\"Prot\u00e8ge ton rasoir avec l&#039;\u00e9tui en cuir M\u00fchle pour rasoir. Fabriqu\u00e9 \u00e0 la main en cuir de haute qualit\u00e9, id\u00e9al pour voyager avec style! Maintenant chez Manskin.ch.\" \/>\n<meta property=\"og:url\" content=\"https:\/\/manskin.ch\/fr\/produkt\/muehle-etui-cuir-noir-rasoir-de-securite\/\" \/>\n<meta property=\"og:site_name\" content=\"Manskin.ch\" \/>\n<meta property=\"article:publisher\" content=\"https:\/\/www.facebook.com\/manskin.ch\" \/>\n<meta property=\"article:modified_time\" content=\"2025-07-20T20:11:04+00:00\" \/>\n<meta property=\"og:image\" content=\"https:\/\/manskin.ch\/wp-content\/uploads\/2025\/03\/Lederetui-High-Quality.jpg\" \/>\n\t<meta property=\"og:image:width\" content=\"1000\" \/>\n\t<meta property=\"og:image:height\" content=\"1000\" \/>\n\t<meta property=\"og:image:type\" content=\"image\/jpeg\" \/>\n<meta name=\"twitter:card\" content=\"summary_large_image\" \/>\n<meta name=\"twitter:label1\" content=\"Prix\" \/>\n\t<meta name=\"twitter:data1\" content=\"34.00&#067;&#072;&#070;\" \/>\n\t<meta name=\"twitter:label2\" content=\"Disponibilit\u00e9\" \/>\n\t<meta name=\"twitter:data2\" content=\"En stock\" \/>\n<script type=\"application\/ld+json\" class=\"yoast-schema-graph\">{\"@context\":\"https:\\\/\\\/schema.org\",\"@graph\":[{\"@type\":\"WebPage\",\"@id\":\"https:\\\/\\\/manskin.ch\\\/fr\\\/produkt\\\/muehle-etui-cuir-noir-rasoir-de-securite\\\/\",\"url\":\"https:\\\/\\\/manskin.ch\\\/fr\\\/produkt\\\/muehle-etui-cuir-noir-rasoir-de-securite\\\/\",\"name\":\"M\u00dcHLE - Etui cuir noir rasoir de s\u00e9curit\u00e9 | Manskin.ch\",\"isPartOf\":{\"@id\":\"https:\\\/\\\/manskin.ch\\\/fr\\\/#website\"},\"primaryImageOfPage\":{\"@id\":\"https:\\\/\\\/manskin.ch\\\/fr\\\/produkt\\\/muehle-etui-cuir-noir-rasoir-de-securite\\\/#primaryimage\"},\"image\":{\"@id\":\"https:\\\/\\\/manskin.ch\\\/fr\\\/produkt\\\/muehle-etui-cuir-noir-rasoir-de-securite\\\/#primaryimage\"},\"thumbnailUrl\":\"https:\\\/\\\/manskin.ch\\\/wp-content\\\/uploads\\\/2025\\\/03\\\/Lederetui-High-Quality.jpg\",\"datePublished\":\"2025-03-31T07:27:39+00:00\",\"dateModified\":\"2025-07-20T20:11:04+00:00\",\"description\":\"Prot\u00e8ge ton rasoir avec l'\u00e9tui en cuir M\u00fchle pour rasoir. Fabriqu\u00e9 \u00e0 la main en cuir de haute qualit\u00e9, id\u00e9al pour voyager avec style! Maintenant chez Manskin.ch.\",\"breadcrumb\":{\"@id\":\"https:\\\/\\\/manskin.ch\\\/fr\\\/produkt\\\/muehle-etui-cuir-noir-rasoir-de-securite\\\/#breadcrumb\"},\"inLanguage\":\"fr-FR\",\"potentialAction\":[{\"@type\":\"ReadAction\",\"target\":[\"https:\\\/\\\/manskin.ch\\\/fr\\\/produkt\\\/muehle-etui-cuir-noir-rasoir-de-securite\\\/\"]}]},{\"@type\":\"ImageObject\",\"inLanguage\":\"fr-FR\",\"@id\":\"https:\\\/\\\/manskin.ch\\\/fr\\\/produkt\\\/muehle-etui-cuir-noir-rasoir-de-securite\\\/#primaryimage\",\"url\":\"https:\\\/\\\/manskin.ch\\\/wp-content\\\/uploads\\\/2025\\\/03\\\/Lederetui-High-Quality.jpg\",\"contentUrl\":\"https:\\\/\\\/manskin.ch\\\/wp-content\\\/uploads\\\/2025\\\/03\\\/Lederetui-High-Quality.jpg\",\"width\":1000,\"height\":1000},{\"@type\":\"BreadcrumbList\",\"@id\":\"https:\\\/\\\/manskin.ch\\\/fr\\\/produkt\\\/muehle-etui-cuir-noir-rasoir-de-securite\\\/#breadcrumb\",\"itemListElement\":[{\"@type\":\"ListItem\",\"position\":1,\"name\":\"Startseite\",\"item\":\"https:\\\/\\\/manskin.ch\\\/fr\\\/\"},{\"@type\":\"ListItem\",\"position\":2,\"name\":\"Boutique Soins pour Hommes &amp; Skincare\",\"item\":\"https:\\\/\\\/manskin.ch\\\/fr\\\/boutique\\\/\"},{\"@type\":\"ListItem\",\"position\":3,\"name\":\"M\u00dcHLE &#8211; Etui cuir noir rasoir de s\u00e9curit\u00e9\"}]},{\"@type\":\"WebSite\",\"@id\":\"https:\\\/\\\/manskin.ch\\\/fr\\\/#website\",\"url\":\"https:\\\/\\\/manskin.ch\\\/fr\\\/\",\"name\":\"Manskin.ch\",\"description\":\"Tous les produits de beaut\u00e9 pour les hommes les plus exigeants\",\"publisher\":{\"@id\":\"https:\\\/\\\/manskin.ch\\\/fr\\\/#organization\"},\"potentialAction\":[{\"@type\":\"SearchAction\",\"target\":{\"@type\":\"EntryPoint\",\"urlTemplate\":\"https:\\\/\\\/manskin.ch\\\/fr\\\/?s={search_term_string}\"},\"query-input\":{\"@type\":\"PropertyValueSpecification\",\"valueRequired\":true,\"valueName\":\"search_term_string\"}}],\"inLanguage\":\"fr-FR\"},{\"@type\":\"Organization\",\"@id\":\"https:\\\/\\\/manskin.ch\\\/fr\\\/#organization\",\"name\":\"Manskin.ch - der Schweizer Onlineshop f\u00fcr qualit\u00e4tsstarke M\u00e4nnerpflege\",\"url\":\"https:\\\/\\\/manskin.ch\\\/fr\\\/\",\"logo\":{\"@type\":\"ImageObject\",\"inLanguage\":\"fr-FR\",\"@id\":\"https:\\\/\\\/manskin.ch\\\/fr\\\/#\\\/schema\\\/logo\\\/image\\\/\",\"url\":\"https:\\\/\\\/manskin.ch\\\/wp-content\\\/uploads\\\/2021\\\/04\\\/cropped-logo_head.png\",\"contentUrl\":\"https:\\\/\\\/manskin.ch\\\/wp-content\\\/uploads\\\/2021\\\/04\\\/cropped-logo_head.png\",\"width\":235,\"height\":75,\"caption\":\"Manskin.ch - der Schweizer Onlineshop f\u00fcr qualit\u00e4tsstarke M\u00e4nnerpflege\"},\"image\":{\"@id\":\"https:\\\/\\\/manskin.ch\\\/fr\\\/#\\\/schema\\\/logo\\\/image\\\/\"},\"sameAs\":[\"https:\\\/\\\/www.facebook.com\\\/manskin.ch\",\"https:\\\/\\\/www.instagram.com\\\/manskin.ch\\\/\"]}]}<\/script>\n<meta property=\"product:price:amount\" content=\"34.00\" \/>\n<meta property=\"product:price:currency\" content=\"CHF\" \/>\n<meta property=\"og:availability\" content=\"instock\" \/>\n<meta property=\"product:availability\" content=\"instock\" \/>\n<meta property=\"product:retailer_item_id\" content=\"14256\" \/>\n<meta property=\"product:condition\" content=\"new\" \/>\n<!-- \/ Yoast SEO Premium plugin. -->","yoast_head_json":{"title":"M\u00dcHLE - Etui cuir noir rasoir de s\u00e9curit\u00e9 | Manskin.ch","description":"Prot\u00e8ge ton rasoir avec l'\u00e9tui en cuir M\u00fchle pour rasoir. Fabriqu\u00e9 \u00e0 la main en cuir de haute qualit\u00e9, id\u00e9al pour voyager avec style! Maintenant chez Manskin.ch.","robots":{"index":"index","follow":"follow","max-snippet":"max-snippet:-1","max-image-preview":"max-image-preview:large","max-video-preview":"max-video-preview:-1"},"canonical":"https:\/\/manskin.ch\/fr\/produkt\/muehle-etui-cuir-noir-rasoir-de-securite\/","og_locale":"fr_FR","og_type":"article","og_title":"M\u00dcHLE - Etui cuir noir rasoir de s\u00e9curit\u00e9","og_description":"Prot\u00e8ge ton rasoir avec l'\u00e9tui en cuir M\u00fchle pour rasoir. Fabriqu\u00e9 \u00e0 la main en cuir de haute qualit\u00e9, id\u00e9al pour voyager avec style! Maintenant chez Manskin.ch.","og_url":"https:\/\/manskin.ch\/fr\/produkt\/muehle-etui-cuir-noir-rasoir-de-securite\/","og_site_name":"Manskin.ch","article_publisher":"https:\/\/www.facebook.com\/manskin.ch","article_modified_time":"2025-07-20T20:11:04+00:00","og_image":[{"width":1000,"height":1000,"url":"https:\/\/manskin.ch\/wp-content\/uploads\/2025\/03\/Lederetui-High-Quality.jpg","type":"image\/jpeg"}],"twitter_card":"summary_large_image","twitter_misc":{"Prix":"34.00&#67;&#72;&#70;","Disponibilit\u00e9":"En stock"},"schema":{"@context":"https:\/\/schema.org","@graph":[{"@type":"WebPage","@id":"https:\/\/manskin.ch\/fr\/produkt\/muehle-etui-cuir-noir-rasoir-de-securite\/","url":"https:\/\/manskin.ch\/fr\/produkt\/muehle-etui-cuir-noir-rasoir-de-securite\/","name":"M\u00dcHLE - Etui cuir noir rasoir de s\u00e9curit\u00e9 | Manskin.ch","isPartOf":{"@id":"https:\/\/manskin.ch\/fr\/#website"},"primaryImageOfPage":{"@id":"https:\/\/manskin.ch\/fr\/produkt\/muehle-etui-cuir-noir-rasoir-de-securite\/#primaryimage"},"image":{"@id":"https:\/\/manskin.ch\/fr\/produkt\/muehle-etui-cuir-noir-rasoir-de-securite\/#primaryimage"},"thumbnailUrl":"https:\/\/manskin.ch\/wp-content\/uploads\/2025\/03\/Lederetui-High-Quality.jpg","datePublished":"2025-03-31T07:27:39+00:00","dateModified":"2025-07-20T20:11:04+00:00","description":"Prot\u00e8ge ton rasoir avec l'\u00e9tui en cuir M\u00fchle pour rasoir. Fabriqu\u00e9 \u00e0 la main en cuir de haute qualit\u00e9, id\u00e9al pour voyager avec style! Maintenant chez Manskin.ch.","breadcrumb":{"@id":"https:\/\/manskin.ch\/fr\/produkt\/muehle-etui-cuir-noir-rasoir-de-securite\/#breadcrumb"},"inLanguage":"fr-FR","potentialAction":[{"@type":"ReadAction","target":["https:\/\/manskin.ch\/fr\/produkt\/muehle-etui-cuir-noir-rasoir-de-securite\/"]}]},{"@type":"ImageObject","inLanguage":"fr-FR","@id":"https:\/\/manskin.ch\/fr\/produkt\/muehle-etui-cuir-noir-rasoir-de-securite\/#primaryimage","url":"https:\/\/manskin.ch\/wp-content\/uploads\/2025\/03\/Lederetui-High-Quality.jpg","contentUrl":"https:\/\/manskin.ch\/wp-content\/uploads\/2025\/03\/Lederetui-High-Quality.jpg","width":1000,"height":1000},{"@type":"BreadcrumbList","@id":"https:\/\/manskin.ch\/fr\/produkt\/muehle-etui-cuir-noir-rasoir-de-securite\/#breadcrumb","itemListElement":[{"@type":"ListItem","position":1,"name":"Startseite","item":"https:\/\/manskin.ch\/fr\/"},{"@type":"ListItem","position":2,"name":"Boutique Soins pour Hommes &amp; Skincare","item":"https:\/\/manskin.ch\/fr\/boutique\/"},{"@type":"ListItem","position":3,"name":"M\u00dcHLE &#8211; Etui cuir noir rasoir de s\u00e9curit\u00e9"}]},{"@type":"WebSite","@id":"https:\/\/manskin.ch\/fr\/#website","url":"https:\/\/manskin.ch\/fr\/","name":"Manskin.ch","description":"Tous les produits de beaut\u00e9 pour les hommes les plus exigeants","publisher":{"@id":"https:\/\/manskin.ch\/fr\/#organization"},"potentialAction":[{"@type":"SearchAction","target":{"@type":"EntryPoint","urlTemplate":"https:\/\/manskin.ch\/fr\/?s={search_term_string}"},"query-input":{"@type":"PropertyValueSpecification","valueRequired":true,"valueName":"search_term_string"}}],"inLanguage":"fr-FR"},{"@type":"Organization","@id":"https:\/\/manskin.ch\/fr\/#organization","name":"Manskin.ch - der Schweizer Onlineshop f\u00fcr qualit\u00e4tsstarke M\u00e4nnerpflege","url":"https:\/\/manskin.ch\/fr\/","logo":{"@type":"ImageObject","inLanguage":"fr-FR","@id":"https:\/\/manskin.ch\/fr\/#\/schema\/logo\/image\/","url":"https:\/\/manskin.ch\/wp-content\/uploads\/2021\/04\/cropped-logo_head.png","contentUrl":"https:\/\/manskin.ch\/wp-content\/uploads\/2021\/04\/cropped-logo_head.png","width":235,"height":75,"caption":"Manskin.ch - der Schweizer Onlineshop f\u00fcr qualit\u00e4tsstarke M\u00e4nnerpflege"},"image":{"@id":"https:\/\/manskin.ch\/fr\/#\/schema\/logo\/image\/"},"sameAs":["https:\/\/www.facebook.com\/manskin.ch","https:\/\/www.instagram.com\/manskin.ch\/"]}]},"product_price_amount":"34.00","product_price_currency":"CHF","og_availability":"instock","product_availability":"instock","product_retailer_item_id":"14256","product_condition":"new"},"brands":[{"id":2769,"name":"M\u00dcHLE","slug":"muehle"}],"_links":{"self":[{"href":"https:\/\/manskin.ch\/fr\/wp-json\/wp\/v2\/product\/72629","targetHints":{"allow":["GET"]}}],"collection":[{"href":"https:\/\/manskin.ch\/fr\/wp-json\/wp\/v2\/product"}],"about":[{"href":"https:\/\/manskin.ch\/fr\/wp-json\/wp\/v2\/types\/product"}],"replies":[{"embeddable":true,"href":"https:\/\/manskin.ch\/fr\/wp-json\/wp\/v2\/comments?post=72629"}],"wp:featuredmedia":[{"embeddable":true,"href":"https:\/\/manskin.ch\/fr\/wp-json\/wp\/v2\/media\/72634"}],"wp:attachment":[{"href":"https:\/\/manskin.ch\/fr\/wp-json\/wp\/v2\/media?parent=72629"}],"wp:term":[{"taxonomy":"pwb-brand","embeddable":true,"href":"https:\/\/manskin.ch\/fr\/wp-json\/wp\/v2\/pwb-brand?post=72629"},{"taxonomy":"product_brand","embeddable":true,"href":"https:\/\/manskin.ch\/fr\/wp-json\/wp\/v2\/product_brand?post=72629"},{"taxonomy":"product_cat","embeddable":true,"href":"https:\/\/manskin.ch\/fr\/wp-json\/wp\/v2\/product_cat?post=72629"},{"taxonomy":"product_tag","embeddable":true,"href":"https:\/\/manskin.ch\/fr\/wp-json\/wp\/v2\/product_tag?post=72629"}],"curies":[{"name":"wp","href":"https:\/\/api.w.org\/{rel}","templated":true}]}}