{"id":72068,"date":"2025-03-18T08:37:44","date_gmt":"2025-03-18T07:37:44","guid":{"rendered":"https:\/\/manskin.ch\/produkt\/muehle-set-rasage-argousier\/"},"modified":"2026-03-09T12:46:16","modified_gmt":"2026-03-09T11:46:16","slug":"muehle-set-barbe","status":"publish","type":"product","link":"https:\/\/manskin.ch\/fr\/produkt\/muehle-set-barbe\/","title":{"rendered":"M\u00dcHLE &#8211; Set de soins de Barbe 3 pi\u00e8ces"},"content":{"rendered":"<h2>M\u00dcHLE &#8211; Set de soins de Barbe 3 pi\u00e8ces<\/h2>\n<p>Le trio parfait pour le soin de la barbe :<\/p>\n<ul>\n<li>Shampooing \u00e0 barbe naturel 200 ml<\/li>\n<li>Huile \u00e0 barbe traitante 30 ml<\/li>\n<li>Peigne \u00e0 barbe exclusif M\u00dcHLE<\/li>\n<li>Le shampooing \u00e0 barbe contenu nettoie la barbe en douceur et la g\u00e2te avec des senteurs d\u00e9licates de bois de c\u00e8dre et de bergamote.<\/li>\n<li>Ensuite, l&rsquo;huile \u00e0 barbe soigne les poils de la barbe jusqu&rsquo;aux pointes, leur conf\u00e8re un \u00e9clat soyeux et les prot\u00e8ge du dess\u00e8chement.<\/li>\n<li>Le peigne \u00e0 barbe \u00e0 dents larges en bois d&rsquo;alisier et de noyer est parfait pour d\u00e9faire les n\u0153uds, r\u00e9partir uniform\u00e9ment les produits de soin et donner une forme \u00e9l\u00e9gante \u00e0 la barbe.<\/li>\n<\/ul>\n","protected":false},"excerpt":{"rendered":"<p>M\u00dcHLE &#8211; Set de soins de Barbe 3 pi\u00e8ces Le trio parfait pour le soin de la barbe : Shampooing \u00e0 barbe naturel 200 ml Huile \u00e0 barbe traitante 30 ml Peigne \u00e0 barbe exclusif M\u00dcHLE Le shampooing \u00e0 barbe contenu nettoie la barbe en douceur et la g\u00e2te avec des senteurs d\u00e9licates de bois &#8230; <a title=\"M\u00dcHLE &#8211; Set de soins de Barbe 3 pi\u00e8ces\" class=\"read-more\" href=\"https:\/\/manskin.ch\/fr\/produkt\/muehle-set-barbe\/\" aria-label=\"En savoir plus sur M\u00dcHLE &#8211; Set de soins de Barbe 3 pi\u00e8ces\">Lire la suite<\/a><\/p>\n","protected":false},"featured_media":72074,"comment_status":"closed","ping_status":"closed","template":"","meta":{"_acf_changed":false},"pwb-brand":[2769],"product_brand":[],"product_cat":[2326,2273,2412,2279],"product_tag":[],"class_list":{"0":"post-72068","1":"product","2":"type-product","3":"status-publish","4":"has-post-thumbnail","6":"pwb-brand-muehle","7":"product_cat-cadeaux","8":"product_cat-huile-pour-barbe-fr","9":"product_cat-muehle-fr","10":"product_cat-shampoing-pour-barbe-fr","11":"product_shipping_class-standard-fr","12":"sales-flash-overlay","13":"woocommerce-text-align-center","14":"woocommerce-image-align-center","15":"do-quantity-buttons","17":"first","18":"instock","19":"taxable","20":"shipping-taxable","21":"purchasable","22":"product-type-simple"},"acf":[],"yoast_head":"<!-- This site is optimized with the Yoast SEO Premium plugin v27.3 (Yoast SEO v27.3) - https:\/\/yoast.com\/product\/yoast-seo-premium-wordpress\/ -->\n<title>M\u00fchle Set pour Barbe : Soins pour une barbe parfaite sitename%%<\/title>\n<meta name=\"description\" content=\"Perfectionne ta barbe avec le kit de soins pour barbe M\u00fchle. D\u00e9couvre une brillance soyeuse et une application facile avec le peigne \u00e0 barbe exclusif. Procure-le toi maintenant !\" \/>\n<meta name=\"robots\" content=\"index, follow, max-snippet:-1, max-image-preview:large, max-video-preview:-1\" \/>\n<link rel=\"canonical\" href=\"https:\/\/manskin.ch\/fr\/produkt\/muehle-set-barbe\/\" \/>\n<meta property=\"og:locale\" content=\"fr_FR\" \/>\n<meta property=\"og:type\" content=\"article\" \/>\n<meta property=\"og:title\" content=\"M\u00dcHLE - Set de soins de Barbe 3 pi\u00e8ces\" \/>\n<meta property=\"og:description\" content=\"Perfectionne ta barbe avec le kit de soins pour barbe M\u00fchle. D\u00e9couvre une brillance soyeuse et une application facile avec le peigne \u00e0 barbe exclusif. Procure-le toi maintenant !\" \/>\n<meta property=\"og:url\" content=\"https:\/\/manskin.ch\/fr\/produkt\/muehle-set-barbe\/\" \/>\n<meta property=\"og:site_name\" content=\"Manskin.ch\" \/>\n<meta property=\"article:publisher\" content=\"https:\/\/www.facebook.com\/manskin.ch\" \/>\n<meta property=\"article:modified_time\" content=\"2026-03-09T11:46:16+00:00\" \/>\n<meta property=\"og:image\" content=\"https:\/\/manskin.ch\/wp-content\/uploads\/2025\/03\/Mhle-Bartset-High-Quality.webp\" \/>\n\t<meta property=\"og:image:width\" content=\"1000\" \/>\n\t<meta property=\"og:image:height\" content=\"1000\" \/>\n\t<meta property=\"og:image:type\" content=\"image\/webp\" \/>\n<meta name=\"twitter:card\" content=\"summary_large_image\" \/>\n<meta name=\"twitter:label1\" content=\"Prix\" \/>\n\t<meta name=\"twitter:data1\" content=\"48.50&#067;&#072;&#070;\" \/>\n\t<meta name=\"twitter:label2\" content=\"Disponibilit\u00e9\" \/>\n\t<meta name=\"twitter:data2\" content=\"En stock\" \/>\n<script type=\"application\/ld+json\" class=\"yoast-schema-graph\">{\"@context\":\"https:\\\/\\\/schema.org\",\"@graph\":[{\"@type\":\"WebPage\",\"@id\":\"https:\\\/\\\/manskin.ch\\\/fr\\\/produkt\\\/muehle-set-barbe\\\/\",\"url\":\"https:\\\/\\\/manskin.ch\\\/fr\\\/produkt\\\/muehle-set-barbe\\\/\",\"name\":\"M\u00fchle Set pour Barbe : Soins pour une barbe parfaite sitename%%\",\"isPartOf\":{\"@id\":\"https:\\\/\\\/manskin.ch\\\/fr\\\/#website\"},\"primaryImageOfPage\":{\"@id\":\"https:\\\/\\\/manskin.ch\\\/fr\\\/produkt\\\/muehle-set-barbe\\\/#primaryimage\"},\"image\":{\"@id\":\"https:\\\/\\\/manskin.ch\\\/fr\\\/produkt\\\/muehle-set-barbe\\\/#primaryimage\"},\"thumbnailUrl\":\"https:\\\/\\\/manskin.ch\\\/wp-content\\\/uploads\\\/2025\\\/03\\\/Mhle-Bartset-High-Quality.webp\",\"datePublished\":\"2025-03-18T07:37:44+00:00\",\"dateModified\":\"2026-03-09T11:46:16+00:00\",\"description\":\"Perfectionne ta barbe avec le kit de soins pour barbe M\u00fchle. D\u00e9couvre une brillance soyeuse et une application facile avec le peigne \u00e0 barbe exclusif. Procure-le toi maintenant !\",\"breadcrumb\":{\"@id\":\"https:\\\/\\\/manskin.ch\\\/fr\\\/produkt\\\/muehle-set-barbe\\\/#breadcrumb\"},\"inLanguage\":\"fr-FR\",\"potentialAction\":[{\"@type\":\"ReadAction\",\"target\":[\"https:\\\/\\\/manskin.ch\\\/fr\\\/produkt\\\/muehle-set-barbe\\\/\"]}]},{\"@type\":\"ImageObject\",\"inLanguage\":\"fr-FR\",\"@id\":\"https:\\\/\\\/manskin.ch\\\/fr\\\/produkt\\\/muehle-set-barbe\\\/#primaryimage\",\"url\":\"https:\\\/\\\/manskin.ch\\\/wp-content\\\/uploads\\\/2025\\\/03\\\/Mhle-Bartset-High-Quality.webp\",\"contentUrl\":\"https:\\\/\\\/manskin.ch\\\/wp-content\\\/uploads\\\/2025\\\/03\\\/Mhle-Bartset-High-Quality.webp\",\"width\":1000,\"height\":1000},{\"@type\":\"BreadcrumbList\",\"@id\":\"https:\\\/\\\/manskin.ch\\\/fr\\\/produkt\\\/muehle-set-barbe\\\/#breadcrumb\",\"itemListElement\":[{\"@type\":\"ListItem\",\"position\":1,\"name\":\"Startseite\",\"item\":\"https:\\\/\\\/manskin.ch\\\/fr\\\/\"},{\"@type\":\"ListItem\",\"position\":2,\"name\":\"Boutique Soins pour Hommes &amp; Skincare\",\"item\":\"https:\\\/\\\/manskin.ch\\\/fr\\\/boutique\\\/\"},{\"@type\":\"ListItem\",\"position\":3,\"name\":\"M\u00dcHLE &#8211; Set de soins de Barbe 3 pi\u00e8ces\"}]},{\"@type\":\"WebSite\",\"@id\":\"https:\\\/\\\/manskin.ch\\\/fr\\\/#website\",\"url\":\"https:\\\/\\\/manskin.ch\\\/fr\\\/\",\"name\":\"Manskin.ch\",\"description\":\"Tous les produits de beaut\u00e9 pour les hommes les plus exigeants\",\"publisher\":{\"@id\":\"https:\\\/\\\/manskin.ch\\\/fr\\\/#organization\"},\"potentialAction\":[{\"@type\":\"SearchAction\",\"target\":{\"@type\":\"EntryPoint\",\"urlTemplate\":\"https:\\\/\\\/manskin.ch\\\/fr\\\/?s={search_term_string}\"},\"query-input\":{\"@type\":\"PropertyValueSpecification\",\"valueRequired\":true,\"valueName\":\"search_term_string\"}}],\"inLanguage\":\"fr-FR\"},{\"@type\":\"Organization\",\"@id\":\"https:\\\/\\\/manskin.ch\\\/fr\\\/#organization\",\"name\":\"Manskin.ch - der Schweizer Onlineshop f\u00fcr qualit\u00e4tsstarke M\u00e4nnerpflege\",\"url\":\"https:\\\/\\\/manskin.ch\\\/fr\\\/\",\"logo\":{\"@type\":\"ImageObject\",\"inLanguage\":\"fr-FR\",\"@id\":\"https:\\\/\\\/manskin.ch\\\/fr\\\/#\\\/schema\\\/logo\\\/image\\\/\",\"url\":\"https:\\\/\\\/manskin.ch\\\/wp-content\\\/uploads\\\/2021\\\/04\\\/cropped-logo_head.png\",\"contentUrl\":\"https:\\\/\\\/manskin.ch\\\/wp-content\\\/uploads\\\/2021\\\/04\\\/cropped-logo_head.png\",\"width\":235,\"height\":75,\"caption\":\"Manskin.ch - der Schweizer Onlineshop f\u00fcr qualit\u00e4tsstarke M\u00e4nnerpflege\"},\"image\":{\"@id\":\"https:\\\/\\\/manskin.ch\\\/fr\\\/#\\\/schema\\\/logo\\\/image\\\/\"},\"sameAs\":[\"https:\\\/\\\/www.facebook.com\\\/manskin.ch\",\"https:\\\/\\\/www.instagram.com\\\/manskin.ch\\\/\"]}]}<\/script>\n<meta property=\"product:price:amount\" content=\"48.50\" \/>\n<meta property=\"product:price:currency\" content=\"CHF\" \/>\n<meta property=\"og:availability\" content=\"instock\" \/>\n<meta property=\"product:availability\" content=\"instock\" \/>\n<meta property=\"product:retailer_item_id\" content=\"14252\" \/>\n<meta property=\"product:condition\" content=\"new\" \/>\n<!-- \/ Yoast SEO Premium plugin. -->","yoast_head_json":{"title":"M\u00fchle Set pour Barbe : Soins pour une barbe parfaite sitename%%","description":"Perfectionne ta barbe avec le kit de soins pour barbe M\u00fchle. D\u00e9couvre une brillance soyeuse et une application facile avec le peigne \u00e0 barbe exclusif. Procure-le toi maintenant !","robots":{"index":"index","follow":"follow","max-snippet":"max-snippet:-1","max-image-preview":"max-image-preview:large","max-video-preview":"max-video-preview:-1"},"canonical":"https:\/\/manskin.ch\/fr\/produkt\/muehle-set-barbe\/","og_locale":"fr_FR","og_type":"article","og_title":"M\u00dcHLE - Set de soins de Barbe 3 pi\u00e8ces","og_description":"Perfectionne ta barbe avec le kit de soins pour barbe M\u00fchle. D\u00e9couvre une brillance soyeuse et une application facile avec le peigne \u00e0 barbe exclusif. Procure-le toi maintenant !","og_url":"https:\/\/manskin.ch\/fr\/produkt\/muehle-set-barbe\/","og_site_name":"Manskin.ch","article_publisher":"https:\/\/www.facebook.com\/manskin.ch","article_modified_time":"2026-03-09T11:46:16+00:00","og_image":[{"width":1000,"height":1000,"url":"https:\/\/manskin.ch\/wp-content\/uploads\/2025\/03\/Mhle-Bartset-High-Quality.webp","type":"image\/webp"}],"twitter_card":"summary_large_image","twitter_misc":{"Prix":"48.50&#67;&#72;&#70;","Disponibilit\u00e9":"En stock"},"schema":{"@context":"https:\/\/schema.org","@graph":[{"@type":"WebPage","@id":"https:\/\/manskin.ch\/fr\/produkt\/muehle-set-barbe\/","url":"https:\/\/manskin.ch\/fr\/produkt\/muehle-set-barbe\/","name":"M\u00fchle Set pour Barbe : Soins pour une barbe parfaite sitename%%","isPartOf":{"@id":"https:\/\/manskin.ch\/fr\/#website"},"primaryImageOfPage":{"@id":"https:\/\/manskin.ch\/fr\/produkt\/muehle-set-barbe\/#primaryimage"},"image":{"@id":"https:\/\/manskin.ch\/fr\/produkt\/muehle-set-barbe\/#primaryimage"},"thumbnailUrl":"https:\/\/manskin.ch\/wp-content\/uploads\/2025\/03\/Mhle-Bartset-High-Quality.webp","datePublished":"2025-03-18T07:37:44+00:00","dateModified":"2026-03-09T11:46:16+00:00","description":"Perfectionne ta barbe avec le kit de soins pour barbe M\u00fchle. D\u00e9couvre une brillance soyeuse et une application facile avec le peigne \u00e0 barbe exclusif. Procure-le toi maintenant !","breadcrumb":{"@id":"https:\/\/manskin.ch\/fr\/produkt\/muehle-set-barbe\/#breadcrumb"},"inLanguage":"fr-FR","potentialAction":[{"@type":"ReadAction","target":["https:\/\/manskin.ch\/fr\/produkt\/muehle-set-barbe\/"]}]},{"@type":"ImageObject","inLanguage":"fr-FR","@id":"https:\/\/manskin.ch\/fr\/produkt\/muehle-set-barbe\/#primaryimage","url":"https:\/\/manskin.ch\/wp-content\/uploads\/2025\/03\/Mhle-Bartset-High-Quality.webp","contentUrl":"https:\/\/manskin.ch\/wp-content\/uploads\/2025\/03\/Mhle-Bartset-High-Quality.webp","width":1000,"height":1000},{"@type":"BreadcrumbList","@id":"https:\/\/manskin.ch\/fr\/produkt\/muehle-set-barbe\/#breadcrumb","itemListElement":[{"@type":"ListItem","position":1,"name":"Startseite","item":"https:\/\/manskin.ch\/fr\/"},{"@type":"ListItem","position":2,"name":"Boutique Soins pour Hommes &amp; Skincare","item":"https:\/\/manskin.ch\/fr\/boutique\/"},{"@type":"ListItem","position":3,"name":"M\u00dcHLE &#8211; Set de soins de Barbe 3 pi\u00e8ces"}]},{"@type":"WebSite","@id":"https:\/\/manskin.ch\/fr\/#website","url":"https:\/\/manskin.ch\/fr\/","name":"Manskin.ch","description":"Tous les produits de beaut\u00e9 pour les hommes les plus exigeants","publisher":{"@id":"https:\/\/manskin.ch\/fr\/#organization"},"potentialAction":[{"@type":"SearchAction","target":{"@type":"EntryPoint","urlTemplate":"https:\/\/manskin.ch\/fr\/?s={search_term_string}"},"query-input":{"@type":"PropertyValueSpecification","valueRequired":true,"valueName":"search_term_string"}}],"inLanguage":"fr-FR"},{"@type":"Organization","@id":"https:\/\/manskin.ch\/fr\/#organization","name":"Manskin.ch - der Schweizer Onlineshop f\u00fcr qualit\u00e4tsstarke M\u00e4nnerpflege","url":"https:\/\/manskin.ch\/fr\/","logo":{"@type":"ImageObject","inLanguage":"fr-FR","@id":"https:\/\/manskin.ch\/fr\/#\/schema\/logo\/image\/","url":"https:\/\/manskin.ch\/wp-content\/uploads\/2021\/04\/cropped-logo_head.png","contentUrl":"https:\/\/manskin.ch\/wp-content\/uploads\/2021\/04\/cropped-logo_head.png","width":235,"height":75,"caption":"Manskin.ch - der Schweizer Onlineshop f\u00fcr qualit\u00e4tsstarke M\u00e4nnerpflege"},"image":{"@id":"https:\/\/manskin.ch\/fr\/#\/schema\/logo\/image\/"},"sameAs":["https:\/\/www.facebook.com\/manskin.ch","https:\/\/www.instagram.com\/manskin.ch\/"]}]},"product_price_amount":"48.50","product_price_currency":"CHF","og_availability":"instock","product_availability":"instock","product_retailer_item_id":"14252","product_condition":"new"},"brands":[{"id":2769,"name":"M\u00dcHLE","slug":"muehle"}],"_links":{"self":[{"href":"https:\/\/manskin.ch\/fr\/wp-json\/wp\/v2\/product\/72068","targetHints":{"allow":["GET"]}}],"collection":[{"href":"https:\/\/manskin.ch\/fr\/wp-json\/wp\/v2\/product"}],"about":[{"href":"https:\/\/manskin.ch\/fr\/wp-json\/wp\/v2\/types\/product"}],"replies":[{"embeddable":true,"href":"https:\/\/manskin.ch\/fr\/wp-json\/wp\/v2\/comments?post=72068"}],"wp:featuredmedia":[{"embeddable":true,"href":"https:\/\/manskin.ch\/fr\/wp-json\/wp\/v2\/media\/72074"}],"wp:attachment":[{"href":"https:\/\/manskin.ch\/fr\/wp-json\/wp\/v2\/media?parent=72068"}],"wp:term":[{"taxonomy":"pwb-brand","embeddable":true,"href":"https:\/\/manskin.ch\/fr\/wp-json\/wp\/v2\/pwb-brand?post=72068"},{"taxonomy":"product_brand","embeddable":true,"href":"https:\/\/manskin.ch\/fr\/wp-json\/wp\/v2\/product_brand?post=72068"},{"taxonomy":"product_cat","embeddable":true,"href":"https:\/\/manskin.ch\/fr\/wp-json\/wp\/v2\/product_cat?post=72068"},{"taxonomy":"product_tag","embeddable":true,"href":"https:\/\/manskin.ch\/fr\/wp-json\/wp\/v2\/product_tag?post=72068"}],"curies":[{"name":"wp","href":"https:\/\/api.w.org\/{rel}","templated":true}]}}