{"id":71932,"date":"2025-03-16T10:41:36","date_gmt":"2025-03-16T09:41:36","guid":{"rendered":"https:\/\/manskin.ch\/produkt\/set-rasoir-rocca-r95-en-acier-ecorce-de-bouleau\/"},"modified":"2026-01-15T21:42:07","modified_gmt":"2026-01-15T20:42:07","slug":"muehle-set-rasoir-rocca-acier-noir","status":"publish","type":"product","link":"https:\/\/manskin.ch\/fr\/produkt\/muehle-set-rasoir-rocca-acier-noir\/","title":{"rendered":"M\u00dcHLE &#8211; Rasoir ROCCA R95 en acier\/noir"},"content":{"rendered":"<h2>M\u00dcHLE &#8211; Set de rasage ROCCA en acier inoxydable &amp; \u00e9corce de bouleau R95<\/h2>\n<p>Le set de rasage \u00e0 trois pi\u00e8ces se compose de:<\/p>\n<ul>\n<li>Blaireau \u00e0 pointe d&rsquo;argent, t\u00eate de blaireau interchangeable<\/li>\n<li>Rasoir de s<span style=\"font-family: AppleSystemUIFont;\"><span style=\"font-family: AppleSystemUIFont;\">\u00fbret\u00e9<\/span><\/span><\/li>\n<li>Manche en acier inoxydable\/noir<\/li>\n<li>Support en acier inoxydable<\/li>\n<\/ul>\n<h3><span style=\"color: #e67e22;\">Rasoir avec\u00a0peigne ferm\u00e9<\/span><\/h3>\n<ul>\n<li>La plus belle sobri\u00e9t\u00e9, mais aussi la plus masculine : voil\u00e0 ce que sont les produits de la ligne ROCCA. Le nom ROCCA (de l&rsquo;italien pour ch\u00e2teau ou forteresse) fait r\u00e9f\u00e9rence \u00e0 des mat\u00e9riaux de qualit\u00e9 sup\u00e9rieure et \u00e0 une tr\u00e8s longue dur\u00e9e de vie.<\/li>\n<li>Sans fioritures et avec de subtils extras : les rasoirs de la ligne ROCCA ne pourraient pas \u00eatre plus masculins et plus clairs. Gr\u00e2ce \u00e0 leur forme ergonomique et \u00e0 la structure de la surface des manches, ils tiennent parfaitement en main &#8211; les connaisseurs disent qu&rsquo;ils ont du grip.<\/li>\n<li>Ainsi, un rituel quotidien se transforme jour apr\u00e8s jour en une petite exp\u00e9rience de design.<\/li>\n<\/ul>\n<h3><span style=\"color: #e67e22;\">Blaireau de rasage \u00e0 pointe argent\u00e9e<\/span><\/h3>\n<ul>\n<li>Les connaisseurs consid\u00e8rent le poil de blaireau \u00e0 pointe d&rsquo;argent comme le summum : seuls les meilleurs poils de blaireau soigneusement tri\u00e9s sont utilis\u00e9s pour les blaireaux fabriqu\u00e9s enti\u00e8rement \u00e0 la main.<\/li>\n<li>Ce pr\u00e9cieux mat\u00e9riau naturel est particuli\u00e8rement doux et flexible. Les poils fins et coniques ont la capacit\u00e9 d&rsquo;absorber beaucoup d&rsquo;eau et produisent une mousse dense et cr\u00e9meuse.<\/li>\n<li>La t\u00eate du pinceau peut \u00eatre remplac\u00e9e tr\u00e8s facilement.<\/li>\n<\/ul>\n","protected":false},"excerpt":{"rendered":"<p>Tr\u00e8s beau set de rasage de la meilleure qualit\u00e9<\/p>\n","protected":false},"featured_media":71939,"comment_status":"closed","ping_status":"closed","template":"","meta":{"_acf_changed":false},"pwb-brand":[2769],"product_brand":[],"product_cat":[2425,2412,2422],"product_tag":[],"class_list":{"0":"post-71932","1":"product","2":"type-product","3":"status-publish","4":"has-post-thumbnail","6":"pwb-brand-muehle","7":"product_cat-blaireau-new","8":"product_cat-muehle-fr","9":"product_cat-rasoir-de-suretee","10":"product_shipping_class-standard-fr","11":"sales-flash-overlay","12":"woocommerce-text-align-center","13":"woocommerce-image-align-center","14":"do-quantity-buttons","16":"first","17":"instock","18":"taxable","19":"shipping-taxable","20":"purchasable","21":"product-type-simple"},"acf":[],"yoast_head":"<!-- This site is optimized with the Yoast SEO Premium plugin v27.3 (Yoast SEO v27.3) - https:\/\/yoast.com\/product\/yoast-seo-premium-wordpress\/ -->\n<title>Set de rasage Rocca : design \u00e9l\u00e9gant et mat\u00e9riaux robustes | Manskin.ch<\/title>\n<meta name=\"description\" content=\"Pour les hommes qui appr\u00e9cient la meilleure qualit\u00e9 : Le set de rasage ROCCA avec pointe de blaireau argent\u00e9e et rasoir. A commander maintenant chez Manskin.ch.\" \/>\n<meta name=\"robots\" content=\"index, follow, max-snippet:-1, max-image-preview:large, max-video-preview:-1\" \/>\n<link rel=\"canonical\" href=\"https:\/\/manskin.ch\/fr\/produkt\/muehle-set-rasoir-rocca-acier-noir\/\" \/>\n<meta property=\"og:locale\" content=\"fr_FR\" \/>\n<meta property=\"og:type\" content=\"article\" \/>\n<meta property=\"og:title\" content=\"M\u00dcHLE - Rasoir ROCCA R95 en acier\/noir\" \/>\n<meta property=\"og:description\" content=\"Pour les hommes qui appr\u00e9cient la meilleure qualit\u00e9 : Le set de rasage ROCCA avec pointe de blaireau argent\u00e9e et rasoir. A commander maintenant chez Manskin.ch.\" \/>\n<meta property=\"og:url\" content=\"https:\/\/manskin.ch\/fr\/produkt\/muehle-set-rasoir-rocca-acier-noir\/\" \/>\n<meta property=\"og:site_name\" content=\"Manskin.ch\" \/>\n<meta property=\"article:publisher\" content=\"https:\/\/www.facebook.com\/manskin.ch\" \/>\n<meta property=\"article:modified_time\" content=\"2026-01-15T20:42:07+00:00\" \/>\n<meta property=\"og:image\" content=\"https:\/\/manskin.ch\/wp-content\/uploads\/2025\/03\/Mhle-Rocca-Rasierset-High-Quality.jpg\" \/>\n\t<meta property=\"og:image:width\" content=\"1000\" \/>\n\t<meta property=\"og:image:height\" content=\"1000\" \/>\n\t<meta property=\"og:image:type\" content=\"image\/jpeg\" \/>\n<meta name=\"twitter:card\" content=\"summary_large_image\" \/>\n<meta name=\"twitter:label1\" content=\"Prix\" \/>\n\t<meta name=\"twitter:data1\" content=\"260.00&#067;&#072;&#070;\" \/>\n\t<meta name=\"twitter:label2\" content=\"Disponibilit\u00e9\" \/>\n\t<meta name=\"twitter:data2\" content=\"En stock\" \/>\n<script type=\"application\/ld+json\" class=\"yoast-schema-graph\">{\"@context\":\"https:\\\/\\\/schema.org\",\"@graph\":[{\"@type\":\"WebPage\",\"@id\":\"https:\\\/\\\/manskin.ch\\\/fr\\\/produkt\\\/muehle-set-rasoir-rocca-acier-noir\\\/\",\"url\":\"https:\\\/\\\/manskin.ch\\\/fr\\\/produkt\\\/muehle-set-rasoir-rocca-acier-noir\\\/\",\"name\":\"Set de rasage Rocca : design \u00e9l\u00e9gant et mat\u00e9riaux robustes | Manskin.ch\",\"isPartOf\":{\"@id\":\"https:\\\/\\\/manskin.ch\\\/fr\\\/#website\"},\"primaryImageOfPage\":{\"@id\":\"https:\\\/\\\/manskin.ch\\\/fr\\\/produkt\\\/muehle-set-rasoir-rocca-acier-noir\\\/#primaryimage\"},\"image\":{\"@id\":\"https:\\\/\\\/manskin.ch\\\/fr\\\/produkt\\\/muehle-set-rasoir-rocca-acier-noir\\\/#primaryimage\"},\"thumbnailUrl\":\"https:\\\/\\\/manskin.ch\\\/wp-content\\\/uploads\\\/2025\\\/03\\\/Mhle-Rocca-Rasierset-High-Quality.jpg\",\"datePublished\":\"2025-03-16T09:41:36+00:00\",\"dateModified\":\"2026-01-15T20:42:07+00:00\",\"description\":\"Pour les hommes qui appr\u00e9cient la meilleure qualit\u00e9 : Le set de rasage ROCCA avec pointe de blaireau argent\u00e9e et rasoir. A commander maintenant chez Manskin.ch.\",\"breadcrumb\":{\"@id\":\"https:\\\/\\\/manskin.ch\\\/fr\\\/produkt\\\/muehle-set-rasoir-rocca-acier-noir\\\/#breadcrumb\"},\"inLanguage\":\"fr-FR\",\"potentialAction\":[{\"@type\":\"ReadAction\",\"target\":[\"https:\\\/\\\/manskin.ch\\\/fr\\\/produkt\\\/muehle-set-rasoir-rocca-acier-noir\\\/\"]}]},{\"@type\":\"ImageObject\",\"inLanguage\":\"fr-FR\",\"@id\":\"https:\\\/\\\/manskin.ch\\\/fr\\\/produkt\\\/muehle-set-rasoir-rocca-acier-noir\\\/#primaryimage\",\"url\":\"https:\\\/\\\/manskin.ch\\\/wp-content\\\/uploads\\\/2025\\\/03\\\/Mhle-Rocca-Rasierset-High-Quality.jpg\",\"contentUrl\":\"https:\\\/\\\/manskin.ch\\\/wp-content\\\/uploads\\\/2025\\\/03\\\/Mhle-Rocca-Rasierset-High-Quality.jpg\",\"width\":1000,\"height\":1000},{\"@type\":\"BreadcrumbList\",\"@id\":\"https:\\\/\\\/manskin.ch\\\/fr\\\/produkt\\\/muehle-set-rasoir-rocca-acier-noir\\\/#breadcrumb\",\"itemListElement\":[{\"@type\":\"ListItem\",\"position\":1,\"name\":\"Startseite\",\"item\":\"https:\\\/\\\/manskin.ch\\\/fr\\\/\"},{\"@type\":\"ListItem\",\"position\":2,\"name\":\"Boutique Soins pour Hommes &amp; Skincare\",\"item\":\"https:\\\/\\\/manskin.ch\\\/fr\\\/boutique\\\/\"},{\"@type\":\"ListItem\",\"position\":3,\"name\":\"M\u00dcHLE &#8211; Rasoir ROCCA R95 en acier\\\/noir\"}]},{\"@type\":\"WebSite\",\"@id\":\"https:\\\/\\\/manskin.ch\\\/fr\\\/#website\",\"url\":\"https:\\\/\\\/manskin.ch\\\/fr\\\/\",\"name\":\"Manskin.ch\",\"description\":\"Tous les produits de beaut\u00e9 pour les hommes les plus exigeants\",\"publisher\":{\"@id\":\"https:\\\/\\\/manskin.ch\\\/fr\\\/#organization\"},\"potentialAction\":[{\"@type\":\"SearchAction\",\"target\":{\"@type\":\"EntryPoint\",\"urlTemplate\":\"https:\\\/\\\/manskin.ch\\\/fr\\\/?s={search_term_string}\"},\"query-input\":{\"@type\":\"PropertyValueSpecification\",\"valueRequired\":true,\"valueName\":\"search_term_string\"}}],\"inLanguage\":\"fr-FR\"},{\"@type\":\"Organization\",\"@id\":\"https:\\\/\\\/manskin.ch\\\/fr\\\/#organization\",\"name\":\"Manskin.ch - der Schweizer Onlineshop f\u00fcr qualit\u00e4tsstarke M\u00e4nnerpflege\",\"url\":\"https:\\\/\\\/manskin.ch\\\/fr\\\/\",\"logo\":{\"@type\":\"ImageObject\",\"inLanguage\":\"fr-FR\",\"@id\":\"https:\\\/\\\/manskin.ch\\\/fr\\\/#\\\/schema\\\/logo\\\/image\\\/\",\"url\":\"https:\\\/\\\/manskin.ch\\\/wp-content\\\/uploads\\\/2021\\\/04\\\/cropped-logo_head.png\",\"contentUrl\":\"https:\\\/\\\/manskin.ch\\\/wp-content\\\/uploads\\\/2021\\\/04\\\/cropped-logo_head.png\",\"width\":235,\"height\":75,\"caption\":\"Manskin.ch - der Schweizer Onlineshop f\u00fcr qualit\u00e4tsstarke M\u00e4nnerpflege\"},\"image\":{\"@id\":\"https:\\\/\\\/manskin.ch\\\/fr\\\/#\\\/schema\\\/logo\\\/image\\\/\"},\"sameAs\":[\"https:\\\/\\\/www.facebook.com\\\/manskin.ch\",\"https:\\\/\\\/www.instagram.com\\\/manskin.ch\\\/\"]}]}<\/script>\n<meta property=\"product:price:amount\" content=\"260.00\" \/>\n<meta property=\"product:price:currency\" content=\"CHF\" \/>\n<meta property=\"og:availability\" content=\"instock\" \/>\n<meta property=\"product:availability\" content=\"instock\" \/>\n<meta property=\"product:retailer_item_id\" content=\"S091M96SR\" \/>\n<meta property=\"product:condition\" content=\"new\" \/>\n<!-- \/ Yoast SEO Premium plugin. -->","yoast_head_json":{"title":"Set de rasage Rocca : design \u00e9l\u00e9gant et mat\u00e9riaux robustes | Manskin.ch","description":"Pour les hommes qui appr\u00e9cient la meilleure qualit\u00e9 : Le set de rasage ROCCA avec pointe de blaireau argent\u00e9e et rasoir. A commander maintenant chez Manskin.ch.","robots":{"index":"index","follow":"follow","max-snippet":"max-snippet:-1","max-image-preview":"max-image-preview:large","max-video-preview":"max-video-preview:-1"},"canonical":"https:\/\/manskin.ch\/fr\/produkt\/muehle-set-rasoir-rocca-acier-noir\/","og_locale":"fr_FR","og_type":"article","og_title":"M\u00dcHLE - Rasoir ROCCA R95 en acier\/noir","og_description":"Pour les hommes qui appr\u00e9cient la meilleure qualit\u00e9 : Le set de rasage ROCCA avec pointe de blaireau argent\u00e9e et rasoir. A commander maintenant chez Manskin.ch.","og_url":"https:\/\/manskin.ch\/fr\/produkt\/muehle-set-rasoir-rocca-acier-noir\/","og_site_name":"Manskin.ch","article_publisher":"https:\/\/www.facebook.com\/manskin.ch","article_modified_time":"2026-01-15T20:42:07+00:00","og_image":[{"width":1000,"height":1000,"url":"https:\/\/manskin.ch\/wp-content\/uploads\/2025\/03\/Mhle-Rocca-Rasierset-High-Quality.jpg","type":"image\/jpeg"}],"twitter_card":"summary_large_image","twitter_misc":{"Prix":"260.00&#67;&#72;&#70;","Disponibilit\u00e9":"En stock"},"schema":{"@context":"https:\/\/schema.org","@graph":[{"@type":"WebPage","@id":"https:\/\/manskin.ch\/fr\/produkt\/muehle-set-rasoir-rocca-acier-noir\/","url":"https:\/\/manskin.ch\/fr\/produkt\/muehle-set-rasoir-rocca-acier-noir\/","name":"Set de rasage Rocca : design \u00e9l\u00e9gant et mat\u00e9riaux robustes | Manskin.ch","isPartOf":{"@id":"https:\/\/manskin.ch\/fr\/#website"},"primaryImageOfPage":{"@id":"https:\/\/manskin.ch\/fr\/produkt\/muehle-set-rasoir-rocca-acier-noir\/#primaryimage"},"image":{"@id":"https:\/\/manskin.ch\/fr\/produkt\/muehle-set-rasoir-rocca-acier-noir\/#primaryimage"},"thumbnailUrl":"https:\/\/manskin.ch\/wp-content\/uploads\/2025\/03\/Mhle-Rocca-Rasierset-High-Quality.jpg","datePublished":"2025-03-16T09:41:36+00:00","dateModified":"2026-01-15T20:42:07+00:00","description":"Pour les hommes qui appr\u00e9cient la meilleure qualit\u00e9 : Le set de rasage ROCCA avec pointe de blaireau argent\u00e9e et rasoir. A commander maintenant chez Manskin.ch.","breadcrumb":{"@id":"https:\/\/manskin.ch\/fr\/produkt\/muehle-set-rasoir-rocca-acier-noir\/#breadcrumb"},"inLanguage":"fr-FR","potentialAction":[{"@type":"ReadAction","target":["https:\/\/manskin.ch\/fr\/produkt\/muehle-set-rasoir-rocca-acier-noir\/"]}]},{"@type":"ImageObject","inLanguage":"fr-FR","@id":"https:\/\/manskin.ch\/fr\/produkt\/muehle-set-rasoir-rocca-acier-noir\/#primaryimage","url":"https:\/\/manskin.ch\/wp-content\/uploads\/2025\/03\/Mhle-Rocca-Rasierset-High-Quality.jpg","contentUrl":"https:\/\/manskin.ch\/wp-content\/uploads\/2025\/03\/Mhle-Rocca-Rasierset-High-Quality.jpg","width":1000,"height":1000},{"@type":"BreadcrumbList","@id":"https:\/\/manskin.ch\/fr\/produkt\/muehle-set-rasoir-rocca-acier-noir\/#breadcrumb","itemListElement":[{"@type":"ListItem","position":1,"name":"Startseite","item":"https:\/\/manskin.ch\/fr\/"},{"@type":"ListItem","position":2,"name":"Boutique Soins pour Hommes &amp; Skincare","item":"https:\/\/manskin.ch\/fr\/boutique\/"},{"@type":"ListItem","position":3,"name":"M\u00dcHLE &#8211; Rasoir ROCCA R95 en acier\/noir"}]},{"@type":"WebSite","@id":"https:\/\/manskin.ch\/fr\/#website","url":"https:\/\/manskin.ch\/fr\/","name":"Manskin.ch","description":"Tous les produits de beaut\u00e9 pour les hommes les plus exigeants","publisher":{"@id":"https:\/\/manskin.ch\/fr\/#organization"},"potentialAction":[{"@type":"SearchAction","target":{"@type":"EntryPoint","urlTemplate":"https:\/\/manskin.ch\/fr\/?s={search_term_string}"},"query-input":{"@type":"PropertyValueSpecification","valueRequired":true,"valueName":"search_term_string"}}],"inLanguage":"fr-FR"},{"@type":"Organization","@id":"https:\/\/manskin.ch\/fr\/#organization","name":"Manskin.ch - der Schweizer Onlineshop f\u00fcr qualit\u00e4tsstarke M\u00e4nnerpflege","url":"https:\/\/manskin.ch\/fr\/","logo":{"@type":"ImageObject","inLanguage":"fr-FR","@id":"https:\/\/manskin.ch\/fr\/#\/schema\/logo\/image\/","url":"https:\/\/manskin.ch\/wp-content\/uploads\/2021\/04\/cropped-logo_head.png","contentUrl":"https:\/\/manskin.ch\/wp-content\/uploads\/2021\/04\/cropped-logo_head.png","width":235,"height":75,"caption":"Manskin.ch - der Schweizer Onlineshop f\u00fcr qualit\u00e4tsstarke M\u00e4nnerpflege"},"image":{"@id":"https:\/\/manskin.ch\/fr\/#\/schema\/logo\/image\/"},"sameAs":["https:\/\/www.facebook.com\/manskin.ch","https:\/\/www.instagram.com\/manskin.ch\/"]}]},"product_price_amount":"260.00","product_price_currency":"CHF","og_availability":"instock","product_availability":"instock","product_retailer_item_id":"S091M96SR","product_condition":"new"},"brands":[{"id":2769,"name":"M\u00dcHLE","slug":"muehle"}],"_links":{"self":[{"href":"https:\/\/manskin.ch\/fr\/wp-json\/wp\/v2\/product\/71932","targetHints":{"allow":["GET"]}}],"collection":[{"href":"https:\/\/manskin.ch\/fr\/wp-json\/wp\/v2\/product"}],"about":[{"href":"https:\/\/manskin.ch\/fr\/wp-json\/wp\/v2\/types\/product"}],"replies":[{"embeddable":true,"href":"https:\/\/manskin.ch\/fr\/wp-json\/wp\/v2\/comments?post=71932"}],"wp:featuredmedia":[{"embeddable":true,"href":"https:\/\/manskin.ch\/fr\/wp-json\/wp\/v2\/media\/71939"}],"wp:attachment":[{"href":"https:\/\/manskin.ch\/fr\/wp-json\/wp\/v2\/media?parent=71932"}],"wp:term":[{"taxonomy":"pwb-brand","embeddable":true,"href":"https:\/\/manskin.ch\/fr\/wp-json\/wp\/v2\/pwb-brand?post=71932"},{"taxonomy":"product_brand","embeddable":true,"href":"https:\/\/manskin.ch\/fr\/wp-json\/wp\/v2\/product_brand?post=71932"},{"taxonomy":"product_cat","embeddable":true,"href":"https:\/\/manskin.ch\/fr\/wp-json\/wp\/v2\/product_cat?post=71932"},{"taxonomy":"product_tag","embeddable":true,"href":"https:\/\/manskin.ch\/fr\/wp-json\/wp\/v2\/product_tag?post=71932"}],"curies":[{"name":"wp","href":"https:\/\/api.w.org\/{rel}","templated":true}]}}