{"id":70288,"date":"2025-02-18T09:24:10","date_gmt":"2025-02-18T08:24:10","guid":{"rendered":"https:\/\/manskin.ch\/produkt\/anthony-algae-facial-cleanser-3\/"},"modified":"2026-01-08T08:57:18","modified_gmt":"2026-01-08T07:57:18","slug":"anthony-charcoal-face-wash","status":"publish","type":"product","link":"https:\/\/manskin.ch\/fr\/produkt\/anthony-charcoal-face-wash\/","title":{"rendered":"Anthony &#8211; Charcoal Face Wash"},"content":{"rendered":"<h2>Anthony &#8211; Charcoal Face Wash Nettoyage du visage au charbon actif<\/h2>\n<ul>\n<li>Dynamise ta <span id=\"cke_bm_724S\" style=\"display: none;\">&nbsp;<\/span>routine matinale avec le pouvoir nettoyant du charbon de bois et le coup de pouce &eacute;nerg&eacute;tique du caf&eacute;, de la taurine et de la caf&eacute;ine.<\/li>\n<li>Ce tonique dynamique utilise le pouvoir naturel de la poudre de charbon de bois v&eacute;g&eacute;tal pour d&eacute;toxifier et purifier la peau.<\/li>\n<li>Recharge la peau avec l&#39;infusion stimulante d&#39;extrait de graines de Coffea Arabica (caf&eacute;) et de caf&eacute;ine et profite des propri&eacute;t&eacute;s antioxydantes de la taurine pour restaurer la barri&egrave;re d&#39;hydratation de ta peau.<\/li>\n<li>Gr&acirc;ce &agrave; l&#39;ajout d&#39;extraits <span id=\"cke_bm_724E\" style=\"display: none;\">&nbsp;<\/span>marins qui combattent le vieillissement cutan&eacute; et nourrissent la peau, ce tonique offre une solution de soin de la peau compl&egrave;te, adapt&eacute;e aux hommes d&#39;aujourd&#39;hui.<\/li>\n<\/ul>\n<p>Test&eacute; contre les allergies et sous contr&ocirc;le dermatologique Cruelty-free Pas de sulfates, parab&egrave;nes, phtalates, DEA, triclosan ou gluten.<\/p>\n<p>\nContenu 177 ml.<\/p>\n<ul>\n\t&nbsp;\n<\/ul>\n","protected":false},"excerpt":{"rendered":"<p>Anthony &#8211; Charcoal Face Wash Nettoyage du visage au charbon actif Dynamise ta &nbsp;routine matinale avec le pouvoir nettoyant du charbon de bois et le coup de pouce &eacute;nerg&eacute;tique du caf&eacute;, de la taurine et de la caf&eacute;ine. Ce tonique dynamique utilise le pouvoir naturel de la poudre de charbon de bois v&eacute;g&eacute;tal pour d&eacute;toxifier &#8230; <a title=\"Anthony &#8211; Charcoal Face Wash\" class=\"read-more\" href=\"https:\/\/manskin.ch\/fr\/produkt\/anthony-charcoal-face-wash\/\" aria-label=\"En savoir plus sur Anthony &#8211; Charcoal Face Wash\">Lire la suite<\/a><\/p>\n","protected":false},"featured_media":70308,"comment_status":"closed","ping_status":"closed","template":"","meta":{"_acf_changed":false},"pwb-brand":[2751],"product_brand":[],"product_cat":[2316,6576,2333],"product_tag":[],"class_list":{"0":"post-70288","1":"product","2":"type-product","3":"status-publish","4":"has-post-thumbnail","6":"pwb-brand-anthony","7":"product_cat-anthony","8":"product_cat-myabo-fr","9":"product_cat-nettoyants-visage","10":"product_shipping_class-standard-fr","11":"sales-flash-overlay","12":"woocommerce-text-align-center","13":"woocommerce-image-align-center","14":"do-quantity-buttons","15":"wc-has-gallery","16":"has-subscription-plans","18":"first","19":"instock","20":"taxable","21":"shipping-taxable","22":"purchasable","23":"product-type-simple"},"acf":[],"yoast_head":"<!-- This site is optimized with the Yoast SEO Premium plugin v27.3 (Yoast SEO v27.3) - https:\/\/yoast.com\/product\/yoast-seo-premium-wordpress\/ -->\n<title>Anthony Charcoal Face Wash: de l&#039;\u00e9nergie pour ta peau | Manskin.ch<\/title>\n<meta name=\"description\" content=\"D\u00e9couvre comment l&#039;Anthony Charcoal Face Wash revitalise ta peau! Il combine le charbon de bois et le caf\u00e9 pour une fra\u00eecheur maximale. Procure-le-toi!\" \/>\n<meta name=\"robots\" content=\"index, follow, max-snippet:-1, max-image-preview:large, max-video-preview:-1\" \/>\n<link rel=\"canonical\" href=\"https:\/\/manskin.ch\/fr\/produkt\/anthony-charcoal-face-wash\/\" \/>\n<meta property=\"og:locale\" content=\"fr_FR\" \/>\n<meta property=\"og:type\" content=\"article\" \/>\n<meta property=\"og:title\" content=\"Anthony - Charcoal Face Wash\" \/>\n<meta property=\"og:description\" content=\"D\u00e9couvre comment l&#039;Anthony Charcoal Face Wash revitalise ta peau! Il combine le charbon de bois et le caf\u00e9 pour une fra\u00eecheur maximale. Procure-le-toi!\" \/>\n<meta property=\"og:url\" content=\"https:\/\/manskin.ch\/fr\/produkt\/anthony-charcoal-face-wash\/\" \/>\n<meta property=\"og:site_name\" content=\"Manskin.ch\" \/>\n<meta property=\"article:publisher\" content=\"https:\/\/www.facebook.com\/manskin.ch\" \/>\n<meta property=\"article:modified_time\" content=\"2026-01-08T07:57:18+00:00\" \/>\n<meta property=\"og:image\" content=\"https:\/\/manskin.ch\/wp-content\/uploads\/2025\/02\/Anthony-Charcoal-Face-Wash-High-Quality.jpg\" \/>\n\t<meta property=\"og:image:width\" content=\"1000\" \/>\n\t<meta property=\"og:image:height\" content=\"1000\" \/>\n\t<meta property=\"og:image:type\" content=\"image\/jpeg\" \/>\n<meta name=\"twitter:card\" content=\"summary_large_image\" \/>\n<meta name=\"twitter:label1\" content=\"Prix\" \/>\n\t<meta name=\"twitter:data1\" content=\"30.00&#067;&#072;&#070;\" \/>\n\t<meta name=\"twitter:label2\" content=\"Disponibilit\u00e9\" \/>\n\t<meta name=\"twitter:data2\" content=\"En stock\" \/>\n<script type=\"application\/ld+json\" class=\"yoast-schema-graph\">{\"@context\":\"https:\\\/\\\/schema.org\",\"@graph\":[{\"@type\":\"WebPage\",\"@id\":\"https:\\\/\\\/manskin.ch\\\/fr\\\/produkt\\\/anthony-charcoal-face-wash\\\/\",\"url\":\"https:\\\/\\\/manskin.ch\\\/fr\\\/produkt\\\/anthony-charcoal-face-wash\\\/\",\"name\":\"Anthony Charcoal Face Wash: de l'\u00e9nergie pour ta peau | Manskin.ch\",\"isPartOf\":{\"@id\":\"https:\\\/\\\/manskin.ch\\\/fr\\\/#website\"},\"primaryImageOfPage\":{\"@id\":\"https:\\\/\\\/manskin.ch\\\/fr\\\/produkt\\\/anthony-charcoal-face-wash\\\/#primaryimage\"},\"image\":{\"@id\":\"https:\\\/\\\/manskin.ch\\\/fr\\\/produkt\\\/anthony-charcoal-face-wash\\\/#primaryimage\"},\"thumbnailUrl\":\"https:\\\/\\\/manskin.ch\\\/wp-content\\\/uploads\\\/2025\\\/02\\\/Anthony-Charcoal-Face-Wash-High-Quality.jpg\",\"datePublished\":\"2025-02-18T08:24:10+00:00\",\"dateModified\":\"2026-01-08T07:57:18+00:00\",\"description\":\"D\u00e9couvre comment l'Anthony Charcoal Face Wash revitalise ta peau! Il combine le charbon de bois et le caf\u00e9 pour une fra\u00eecheur maximale. Procure-le-toi!\",\"breadcrumb\":{\"@id\":\"https:\\\/\\\/manskin.ch\\\/fr\\\/produkt\\\/anthony-charcoal-face-wash\\\/#breadcrumb\"},\"inLanguage\":\"fr-FR\",\"potentialAction\":[{\"@type\":\"ReadAction\",\"target\":[\"https:\\\/\\\/manskin.ch\\\/fr\\\/produkt\\\/anthony-charcoal-face-wash\\\/\"]}]},{\"@type\":\"ImageObject\",\"inLanguage\":\"fr-FR\",\"@id\":\"https:\\\/\\\/manskin.ch\\\/fr\\\/produkt\\\/anthony-charcoal-face-wash\\\/#primaryimage\",\"url\":\"https:\\\/\\\/manskin.ch\\\/wp-content\\\/uploads\\\/2025\\\/02\\\/Anthony-Charcoal-Face-Wash-High-Quality.jpg\",\"contentUrl\":\"https:\\\/\\\/manskin.ch\\\/wp-content\\\/uploads\\\/2025\\\/02\\\/Anthony-Charcoal-Face-Wash-High-Quality.jpg\",\"width\":1000,\"height\":1000},{\"@type\":\"BreadcrumbList\",\"@id\":\"https:\\\/\\\/manskin.ch\\\/fr\\\/produkt\\\/anthony-charcoal-face-wash\\\/#breadcrumb\",\"itemListElement\":[{\"@type\":\"ListItem\",\"position\":1,\"name\":\"Startseite\",\"item\":\"https:\\\/\\\/manskin.ch\\\/fr\\\/\"},{\"@type\":\"ListItem\",\"position\":2,\"name\":\"Boutique\",\"item\":\"https:\\\/\\\/manskin.ch\\\/fr\\\/boutique\\\/\"},{\"@type\":\"ListItem\",\"position\":3,\"name\":\"Anthony &#8211; Charcoal Face Wash\"}]},{\"@type\":\"WebSite\",\"@id\":\"https:\\\/\\\/manskin.ch\\\/fr\\\/#website\",\"url\":\"https:\\\/\\\/manskin.ch\\\/fr\\\/\",\"name\":\"Manskin.ch\",\"description\":\"Tous les produits de beaut\u00e9 pour les hommes les plus exigeants\",\"publisher\":{\"@id\":\"https:\\\/\\\/manskin.ch\\\/fr\\\/#organization\"},\"potentialAction\":[{\"@type\":\"SearchAction\",\"target\":{\"@type\":\"EntryPoint\",\"urlTemplate\":\"https:\\\/\\\/manskin.ch\\\/fr\\\/?s={search_term_string}\"},\"query-input\":{\"@type\":\"PropertyValueSpecification\",\"valueRequired\":true,\"valueName\":\"search_term_string\"}}],\"inLanguage\":\"fr-FR\"},{\"@type\":\"Organization\",\"@id\":\"https:\\\/\\\/manskin.ch\\\/fr\\\/#organization\",\"name\":\"Manskin.ch - der Schweizer Onlineshop f\u00fcr qualit\u00e4tsstarke M\u00e4nnerpflege\",\"url\":\"https:\\\/\\\/manskin.ch\\\/fr\\\/\",\"logo\":{\"@type\":\"ImageObject\",\"inLanguage\":\"fr-FR\",\"@id\":\"https:\\\/\\\/manskin.ch\\\/fr\\\/#\\\/schema\\\/logo\\\/image\\\/\",\"url\":\"https:\\\/\\\/manskin.ch\\\/wp-content\\\/uploads\\\/2021\\\/04\\\/cropped-logo_head.png\",\"contentUrl\":\"https:\\\/\\\/manskin.ch\\\/wp-content\\\/uploads\\\/2021\\\/04\\\/cropped-logo_head.png\",\"width\":235,\"height\":75,\"caption\":\"Manskin.ch - der Schweizer Onlineshop f\u00fcr qualit\u00e4tsstarke M\u00e4nnerpflege\"},\"image\":{\"@id\":\"https:\\\/\\\/manskin.ch\\\/fr\\\/#\\\/schema\\\/logo\\\/image\\\/\"},\"sameAs\":[\"https:\\\/\\\/www.facebook.com\\\/manskin.ch\",\"https:\\\/\\\/www.instagram.com\\\/manskin.ch\\\/\"]}]}<\/script>\n<meta property=\"product:price:amount\" content=\"30.00\" \/>\n<meta property=\"product:price:currency\" content=\"CHF\" \/>\n<meta property=\"og:availability\" content=\"instock\" \/>\n<meta property=\"product:availability\" content=\"instock\" \/>\n<meta property=\"product:retailer_item_id\" content=\"14230\" \/>\n<meta property=\"product:condition\" content=\"new\" \/>\n<!-- \/ Yoast SEO Premium plugin. -->","yoast_head_json":{"title":"Anthony Charcoal Face Wash: de l'\u00e9nergie pour ta peau | Manskin.ch","description":"D\u00e9couvre comment l'Anthony Charcoal Face Wash revitalise ta peau! Il combine le charbon de bois et le caf\u00e9 pour une fra\u00eecheur maximale. Procure-le-toi!","robots":{"index":"index","follow":"follow","max-snippet":"max-snippet:-1","max-image-preview":"max-image-preview:large","max-video-preview":"max-video-preview:-1"},"canonical":"https:\/\/manskin.ch\/fr\/produkt\/anthony-charcoal-face-wash\/","og_locale":"fr_FR","og_type":"article","og_title":"Anthony - Charcoal Face Wash","og_description":"D\u00e9couvre comment l'Anthony Charcoal Face Wash revitalise ta peau! Il combine le charbon de bois et le caf\u00e9 pour une fra\u00eecheur maximale. Procure-le-toi!","og_url":"https:\/\/manskin.ch\/fr\/produkt\/anthony-charcoal-face-wash\/","og_site_name":"Manskin.ch","article_publisher":"https:\/\/www.facebook.com\/manskin.ch","article_modified_time":"2026-01-08T07:57:18+00:00","og_image":[{"width":1000,"height":1000,"url":"https:\/\/manskin.ch\/wp-content\/uploads\/2025\/02\/Anthony-Charcoal-Face-Wash-High-Quality.jpg","type":"image\/jpeg"}],"twitter_card":"summary_large_image","twitter_misc":{"Prix":"30.00&#67;&#72;&#70;","Disponibilit\u00e9":"En stock"},"schema":{"@context":"https:\/\/schema.org","@graph":[{"@type":"WebPage","@id":"https:\/\/manskin.ch\/fr\/produkt\/anthony-charcoal-face-wash\/","url":"https:\/\/manskin.ch\/fr\/produkt\/anthony-charcoal-face-wash\/","name":"Anthony Charcoal Face Wash: de l'\u00e9nergie pour ta peau | Manskin.ch","isPartOf":{"@id":"https:\/\/manskin.ch\/fr\/#website"},"primaryImageOfPage":{"@id":"https:\/\/manskin.ch\/fr\/produkt\/anthony-charcoal-face-wash\/#primaryimage"},"image":{"@id":"https:\/\/manskin.ch\/fr\/produkt\/anthony-charcoal-face-wash\/#primaryimage"},"thumbnailUrl":"https:\/\/manskin.ch\/wp-content\/uploads\/2025\/02\/Anthony-Charcoal-Face-Wash-High-Quality.jpg","datePublished":"2025-02-18T08:24:10+00:00","dateModified":"2026-01-08T07:57:18+00:00","description":"D\u00e9couvre comment l'Anthony Charcoal Face Wash revitalise ta peau! Il combine le charbon de bois et le caf\u00e9 pour une fra\u00eecheur maximale. Procure-le-toi!","breadcrumb":{"@id":"https:\/\/manskin.ch\/fr\/produkt\/anthony-charcoal-face-wash\/#breadcrumb"},"inLanguage":"fr-FR","potentialAction":[{"@type":"ReadAction","target":["https:\/\/manskin.ch\/fr\/produkt\/anthony-charcoal-face-wash\/"]}]},{"@type":"ImageObject","inLanguage":"fr-FR","@id":"https:\/\/manskin.ch\/fr\/produkt\/anthony-charcoal-face-wash\/#primaryimage","url":"https:\/\/manskin.ch\/wp-content\/uploads\/2025\/02\/Anthony-Charcoal-Face-Wash-High-Quality.jpg","contentUrl":"https:\/\/manskin.ch\/wp-content\/uploads\/2025\/02\/Anthony-Charcoal-Face-Wash-High-Quality.jpg","width":1000,"height":1000},{"@type":"BreadcrumbList","@id":"https:\/\/manskin.ch\/fr\/produkt\/anthony-charcoal-face-wash\/#breadcrumb","itemListElement":[{"@type":"ListItem","position":1,"name":"Startseite","item":"https:\/\/manskin.ch\/fr\/"},{"@type":"ListItem","position":2,"name":"Boutique","item":"https:\/\/manskin.ch\/fr\/boutique\/"},{"@type":"ListItem","position":3,"name":"Anthony &#8211; Charcoal Face Wash"}]},{"@type":"WebSite","@id":"https:\/\/manskin.ch\/fr\/#website","url":"https:\/\/manskin.ch\/fr\/","name":"Manskin.ch","description":"Tous les produits de beaut\u00e9 pour les hommes les plus exigeants","publisher":{"@id":"https:\/\/manskin.ch\/fr\/#organization"},"potentialAction":[{"@type":"SearchAction","target":{"@type":"EntryPoint","urlTemplate":"https:\/\/manskin.ch\/fr\/?s={search_term_string}"},"query-input":{"@type":"PropertyValueSpecification","valueRequired":true,"valueName":"search_term_string"}}],"inLanguage":"fr-FR"},{"@type":"Organization","@id":"https:\/\/manskin.ch\/fr\/#organization","name":"Manskin.ch - der Schweizer Onlineshop f\u00fcr qualit\u00e4tsstarke M\u00e4nnerpflege","url":"https:\/\/manskin.ch\/fr\/","logo":{"@type":"ImageObject","inLanguage":"fr-FR","@id":"https:\/\/manskin.ch\/fr\/#\/schema\/logo\/image\/","url":"https:\/\/manskin.ch\/wp-content\/uploads\/2021\/04\/cropped-logo_head.png","contentUrl":"https:\/\/manskin.ch\/wp-content\/uploads\/2021\/04\/cropped-logo_head.png","width":235,"height":75,"caption":"Manskin.ch - der Schweizer Onlineshop f\u00fcr qualit\u00e4tsstarke M\u00e4nnerpflege"},"image":{"@id":"https:\/\/manskin.ch\/fr\/#\/schema\/logo\/image\/"},"sameAs":["https:\/\/www.facebook.com\/manskin.ch","https:\/\/www.instagram.com\/manskin.ch\/"]}]},"product_price_amount":"30.00","product_price_currency":"CHF","og_availability":"instock","product_availability":"instock","product_retailer_item_id":"14230","product_condition":"new"},"brands":[{"id":2751,"name":"Anthony","slug":"anthony"}],"_links":{"self":[{"href":"https:\/\/manskin.ch\/fr\/wp-json\/wp\/v2\/product\/70288","targetHints":{"allow":["GET"]}}],"collection":[{"href":"https:\/\/manskin.ch\/fr\/wp-json\/wp\/v2\/product"}],"about":[{"href":"https:\/\/manskin.ch\/fr\/wp-json\/wp\/v2\/types\/product"}],"replies":[{"embeddable":true,"href":"https:\/\/manskin.ch\/fr\/wp-json\/wp\/v2\/comments?post=70288"}],"wp:featuredmedia":[{"embeddable":true,"href":"https:\/\/manskin.ch\/fr\/wp-json\/wp\/v2\/media\/70308"}],"wp:attachment":[{"href":"https:\/\/manskin.ch\/fr\/wp-json\/wp\/v2\/media?parent=70288"}],"wp:term":[{"taxonomy":"pwb-brand","embeddable":true,"href":"https:\/\/manskin.ch\/fr\/wp-json\/wp\/v2\/pwb-brand?post=70288"},{"taxonomy":"product_brand","embeddable":true,"href":"https:\/\/manskin.ch\/fr\/wp-json\/wp\/v2\/product_brand?post=70288"},{"taxonomy":"product_cat","embeddable":true,"href":"https:\/\/manskin.ch\/fr\/wp-json\/wp\/v2\/product_cat?post=70288"},{"taxonomy":"product_tag","embeddable":true,"href":"https:\/\/manskin.ch\/fr\/wp-json\/wp\/v2\/product_tag?post=70288"}],"curies":[{"name":"wp","href":"https:\/\/api.w.org\/{rel}","templated":true}]}}