{"id":68892,"date":"2025-01-12T14:27:40","date_gmt":"2025-01-12T13:27:40","guid":{"rendered":"https:\/\/manskin.ch\/produkt\/gentlehomme-face-wash-booster-3\/"},"modified":"2026-01-26T10:31:49","modified_gmt":"2026-01-26T09:31:49","slug":"gentlehomme-eye-regener-serum","status":"publish","type":"product","link":"https:\/\/manskin.ch\/fr\/produkt\/gentlehomme-eye-regener-serum\/","title":{"rendered":"Gentlehomme &#8211; S\u00e9rum \u00e0 bille EYE REGENER\u00ae"},"content":{"rendered":"<h2>Gentlehomme &#8211; S&eacute;rum &agrave; bille EYE REGENER&reg; avec acide hyaluronique<\/h2>\n<ul>\n<li>Le Gentlehomme Eye Roller est un soin de peau et de beaut&eacute; indispensable pour &eacute;claircir les cernes et les yeux gonfl&eacute;s.<\/li>\n<li>Il suffit d&#39;appliquer le roller m&eacute;tallique sur la peau sous les yeux et de laisser le s&eacute;rum p&eacute;n&eacute;trer dans la peau du visage.<\/li>\n<li>Cette formule avanc&eacute;e pour hommes contient de la vitamine C, de l&#39;acide hyaluronique, de la caf&eacute;ine et la solution Eye Regener&reg; pour une action anti-cernes optimale.<\/li>\n<li>Utilise-la &agrave; tout moment pour avoir l&#39;air frais et &eacute;veill&eacute;.\n<p>\tContenu 10 ml.<\/li>\n<\/ul>\n","protected":false},"excerpt":{"rendered":"<p>R\u00e9duit les cernes et les yeux gonfl\u00e9s.<\/p>\n","protected":false},"featured_media":69024,"comment_status":"closed","ping_status":"closed","template":"","meta":{"_acf_changed":false},"pwb-brand":[],"product_brand":[],"product_cat":[2328,2868],"product_tag":[],"class_list":{"0":"post-68892","1":"product","2":"type-product","3":"status-publish","4":"has-post-thumbnail","6":"product_cat-contour-de-loeil","7":"product_cat-gentlehomme-fr","8":"product_shipping_class-standard-fr","9":"sales-flash-overlay","10":"woocommerce-text-align-center","11":"woocommerce-image-align-center","12":"do-quantity-buttons","14":"first","15":"instock","16":"taxable","17":"shipping-taxable","18":"purchasable","19":"product-type-simple"},"acf":[],"yoast_head":"<!-- This site is optimized with the Yoast SEO Premium plugin v27.3 (Yoast SEO v27.3) - https:\/\/yoast.com\/product\/yoast-seo-premium-wordpress\/ -->\n<title>Gentlehomme Eye Regener : contre les cernes et les poches | Manskin.ch<\/title>\n<meta name=\"description\" content=\"R\u00e9duis efficacement les cernes et les yeux gonfl\u00e9s gr\u00e2ce au Eye Roller. La solution parfaite pour les hommes qui veulent para\u00eetre frais et \u00e9veill\u00e9s.\" \/>\n<meta name=\"robots\" content=\"index, follow, max-snippet:-1, max-image-preview:large, max-video-preview:-1\" \/>\n<link rel=\"canonical\" href=\"https:\/\/manskin.ch\/fr\/produkt\/gentlehomme-eye-regener-serum\/\" \/>\n<meta property=\"og:locale\" content=\"fr_FR\" \/>\n<meta property=\"og:type\" content=\"article\" \/>\n<meta property=\"og:title\" content=\"Gentlehomme - S\u00e9rum \u00e0 bille EYE REGENER\u00ae\" \/>\n<meta property=\"og:description\" content=\"R\u00e9duis efficacement les cernes et les yeux gonfl\u00e9s gr\u00e2ce au Eye Roller. La solution parfaite pour les hommes qui veulent para\u00eetre frais et \u00e9veill\u00e9s.\" \/>\n<meta property=\"og:url\" content=\"https:\/\/manskin.ch\/fr\/produkt\/gentlehomme-eye-regener-serum\/\" \/>\n<meta property=\"og:site_name\" content=\"Manskin.ch\" \/>\n<meta property=\"article:publisher\" content=\"https:\/\/www.facebook.com\/manskin.ch\" \/>\n<meta property=\"article:modified_time\" content=\"2026-01-26T09:31:49+00:00\" \/>\n<meta property=\"og:image\" content=\"https:\/\/manskin.ch\/wp-content\/uploads\/2025\/01\/Gentlehomme-Regener-High-Quality.jpg\" \/>\n\t<meta property=\"og:image:width\" content=\"1000\" \/>\n\t<meta property=\"og:image:height\" content=\"1000\" \/>\n\t<meta property=\"og:image:type\" content=\"image\/jpeg\" \/>\n<meta name=\"twitter:card\" content=\"summary_large_image\" \/>\n<meta name=\"twitter:label1\" content=\"Prix\" \/>\n\t<meta name=\"twitter:data1\" content=\"32.00&#067;&#072;&#070;\" \/>\n\t<meta name=\"twitter:label2\" content=\"Disponibilit\u00e9\" \/>\n\t<meta name=\"twitter:data2\" content=\"En stock\" \/>\n<script type=\"application\/ld+json\" class=\"yoast-schema-graph\">{\"@context\":\"https:\\\/\\\/schema.org\",\"@graph\":[{\"@type\":\"WebPage\",\"@id\":\"https:\\\/\\\/manskin.ch\\\/fr\\\/produkt\\\/gentlehomme-eye-regener-serum\\\/\",\"url\":\"https:\\\/\\\/manskin.ch\\\/fr\\\/produkt\\\/gentlehomme-eye-regener-serum\\\/\",\"name\":\"Gentlehomme Eye Regener : contre les cernes et les poches | Manskin.ch\",\"isPartOf\":{\"@id\":\"https:\\\/\\\/manskin.ch\\\/fr\\\/#website\"},\"primaryImageOfPage\":{\"@id\":\"https:\\\/\\\/manskin.ch\\\/fr\\\/produkt\\\/gentlehomme-eye-regener-serum\\\/#primaryimage\"},\"image\":{\"@id\":\"https:\\\/\\\/manskin.ch\\\/fr\\\/produkt\\\/gentlehomme-eye-regener-serum\\\/#primaryimage\"},\"thumbnailUrl\":\"https:\\\/\\\/manskin.ch\\\/wp-content\\\/uploads\\\/2025\\\/01\\\/Gentlehomme-Regener-High-Quality.jpg\",\"datePublished\":\"2025-01-12T13:27:40+00:00\",\"dateModified\":\"2026-01-26T09:31:49+00:00\",\"description\":\"R\u00e9duis efficacement les cernes et les yeux gonfl\u00e9s gr\u00e2ce au Eye Roller. La solution parfaite pour les hommes qui veulent para\u00eetre frais et \u00e9veill\u00e9s.\",\"breadcrumb\":{\"@id\":\"https:\\\/\\\/manskin.ch\\\/fr\\\/produkt\\\/gentlehomme-eye-regener-serum\\\/#breadcrumb\"},\"inLanguage\":\"fr-FR\",\"potentialAction\":[{\"@type\":\"ReadAction\",\"target\":[\"https:\\\/\\\/manskin.ch\\\/fr\\\/produkt\\\/gentlehomme-eye-regener-serum\\\/\"]}]},{\"@type\":\"ImageObject\",\"inLanguage\":\"fr-FR\",\"@id\":\"https:\\\/\\\/manskin.ch\\\/fr\\\/produkt\\\/gentlehomme-eye-regener-serum\\\/#primaryimage\",\"url\":\"https:\\\/\\\/manskin.ch\\\/wp-content\\\/uploads\\\/2025\\\/01\\\/Gentlehomme-Regener-High-Quality.jpg\",\"contentUrl\":\"https:\\\/\\\/manskin.ch\\\/wp-content\\\/uploads\\\/2025\\\/01\\\/Gentlehomme-Regener-High-Quality.jpg\",\"width\":1000,\"height\":1000},{\"@type\":\"BreadcrumbList\",\"@id\":\"https:\\\/\\\/manskin.ch\\\/fr\\\/produkt\\\/gentlehomme-eye-regener-serum\\\/#breadcrumb\",\"itemListElement\":[{\"@type\":\"ListItem\",\"position\":1,\"name\":\"Startseite\",\"item\":\"https:\\\/\\\/manskin.ch\\\/fr\\\/\"},{\"@type\":\"ListItem\",\"position\":2,\"name\":\"Boutique Soins pour Hommes &amp; Skincare\",\"item\":\"https:\\\/\\\/manskin.ch\\\/fr\\\/boutique\\\/\"},{\"@type\":\"ListItem\",\"position\":3,\"name\":\"Gentlehomme &#8211; S\u00e9rum \u00e0 bille EYE REGENER\u00ae\"}]},{\"@type\":\"WebSite\",\"@id\":\"https:\\\/\\\/manskin.ch\\\/fr\\\/#website\",\"url\":\"https:\\\/\\\/manskin.ch\\\/fr\\\/\",\"name\":\"Manskin.ch\",\"description\":\"Tous les produits de beaut\u00e9 pour les hommes les plus exigeants\",\"publisher\":{\"@id\":\"https:\\\/\\\/manskin.ch\\\/fr\\\/#organization\"},\"potentialAction\":[{\"@type\":\"SearchAction\",\"target\":{\"@type\":\"EntryPoint\",\"urlTemplate\":\"https:\\\/\\\/manskin.ch\\\/fr\\\/?s={search_term_string}\"},\"query-input\":{\"@type\":\"PropertyValueSpecification\",\"valueRequired\":true,\"valueName\":\"search_term_string\"}}],\"inLanguage\":\"fr-FR\"},{\"@type\":\"Organization\",\"@id\":\"https:\\\/\\\/manskin.ch\\\/fr\\\/#organization\",\"name\":\"Manskin.ch - der Schweizer Onlineshop f\u00fcr qualit\u00e4tsstarke M\u00e4nnerpflege\",\"url\":\"https:\\\/\\\/manskin.ch\\\/fr\\\/\",\"logo\":{\"@type\":\"ImageObject\",\"inLanguage\":\"fr-FR\",\"@id\":\"https:\\\/\\\/manskin.ch\\\/fr\\\/#\\\/schema\\\/logo\\\/image\\\/\",\"url\":\"https:\\\/\\\/manskin.ch\\\/wp-content\\\/uploads\\\/2021\\\/04\\\/cropped-logo_head.png\",\"contentUrl\":\"https:\\\/\\\/manskin.ch\\\/wp-content\\\/uploads\\\/2021\\\/04\\\/cropped-logo_head.png\",\"width\":235,\"height\":75,\"caption\":\"Manskin.ch - der Schweizer Onlineshop f\u00fcr qualit\u00e4tsstarke M\u00e4nnerpflege\"},\"image\":{\"@id\":\"https:\\\/\\\/manskin.ch\\\/fr\\\/#\\\/schema\\\/logo\\\/image\\\/\"},\"sameAs\":[\"https:\\\/\\\/www.facebook.com\\\/manskin.ch\",\"https:\\\/\\\/www.instagram.com\\\/manskin.ch\\\/\"]}]}<\/script>\n<meta property=\"product:price:amount\" content=\"32.00\" \/>\n<meta property=\"product:price:currency\" content=\"CHF\" \/>\n<meta property=\"og:availability\" content=\"instock\" \/>\n<meta property=\"product:availability\" content=\"instock\" \/>\n<meta property=\"product:retailer_item_id\" content=\"14219\" \/>\n<meta property=\"product:condition\" content=\"new\" \/>\n<!-- \/ Yoast SEO Premium plugin. -->","yoast_head_json":{"title":"Gentlehomme Eye Regener : contre les cernes et les poches | Manskin.ch","description":"R\u00e9duis efficacement les cernes et les yeux gonfl\u00e9s gr\u00e2ce au Eye Roller. La solution parfaite pour les hommes qui veulent para\u00eetre frais et \u00e9veill\u00e9s.","robots":{"index":"index","follow":"follow","max-snippet":"max-snippet:-1","max-image-preview":"max-image-preview:large","max-video-preview":"max-video-preview:-1"},"canonical":"https:\/\/manskin.ch\/fr\/produkt\/gentlehomme-eye-regener-serum\/","og_locale":"fr_FR","og_type":"article","og_title":"Gentlehomme - S\u00e9rum \u00e0 bille EYE REGENER\u00ae","og_description":"R\u00e9duis efficacement les cernes et les yeux gonfl\u00e9s gr\u00e2ce au Eye Roller. La solution parfaite pour les hommes qui veulent para\u00eetre frais et \u00e9veill\u00e9s.","og_url":"https:\/\/manskin.ch\/fr\/produkt\/gentlehomme-eye-regener-serum\/","og_site_name":"Manskin.ch","article_publisher":"https:\/\/www.facebook.com\/manskin.ch","article_modified_time":"2026-01-26T09:31:49+00:00","og_image":[{"width":1000,"height":1000,"url":"https:\/\/manskin.ch\/wp-content\/uploads\/2025\/01\/Gentlehomme-Regener-High-Quality.jpg","type":"image\/jpeg"}],"twitter_card":"summary_large_image","twitter_misc":{"Prix":"32.00&#67;&#72;&#70;","Disponibilit\u00e9":"En stock"},"schema":{"@context":"https:\/\/schema.org","@graph":[{"@type":"WebPage","@id":"https:\/\/manskin.ch\/fr\/produkt\/gentlehomme-eye-regener-serum\/","url":"https:\/\/manskin.ch\/fr\/produkt\/gentlehomme-eye-regener-serum\/","name":"Gentlehomme Eye Regener : contre les cernes et les poches | Manskin.ch","isPartOf":{"@id":"https:\/\/manskin.ch\/fr\/#website"},"primaryImageOfPage":{"@id":"https:\/\/manskin.ch\/fr\/produkt\/gentlehomme-eye-regener-serum\/#primaryimage"},"image":{"@id":"https:\/\/manskin.ch\/fr\/produkt\/gentlehomme-eye-regener-serum\/#primaryimage"},"thumbnailUrl":"https:\/\/manskin.ch\/wp-content\/uploads\/2025\/01\/Gentlehomme-Regener-High-Quality.jpg","datePublished":"2025-01-12T13:27:40+00:00","dateModified":"2026-01-26T09:31:49+00:00","description":"R\u00e9duis efficacement les cernes et les yeux gonfl\u00e9s gr\u00e2ce au Eye Roller. La solution parfaite pour les hommes qui veulent para\u00eetre frais et \u00e9veill\u00e9s.","breadcrumb":{"@id":"https:\/\/manskin.ch\/fr\/produkt\/gentlehomme-eye-regener-serum\/#breadcrumb"},"inLanguage":"fr-FR","potentialAction":[{"@type":"ReadAction","target":["https:\/\/manskin.ch\/fr\/produkt\/gentlehomme-eye-regener-serum\/"]}]},{"@type":"ImageObject","inLanguage":"fr-FR","@id":"https:\/\/manskin.ch\/fr\/produkt\/gentlehomme-eye-regener-serum\/#primaryimage","url":"https:\/\/manskin.ch\/wp-content\/uploads\/2025\/01\/Gentlehomme-Regener-High-Quality.jpg","contentUrl":"https:\/\/manskin.ch\/wp-content\/uploads\/2025\/01\/Gentlehomme-Regener-High-Quality.jpg","width":1000,"height":1000},{"@type":"BreadcrumbList","@id":"https:\/\/manskin.ch\/fr\/produkt\/gentlehomme-eye-regener-serum\/#breadcrumb","itemListElement":[{"@type":"ListItem","position":1,"name":"Startseite","item":"https:\/\/manskin.ch\/fr\/"},{"@type":"ListItem","position":2,"name":"Boutique Soins pour Hommes &amp; Skincare","item":"https:\/\/manskin.ch\/fr\/boutique\/"},{"@type":"ListItem","position":3,"name":"Gentlehomme &#8211; S\u00e9rum \u00e0 bille EYE REGENER\u00ae"}]},{"@type":"WebSite","@id":"https:\/\/manskin.ch\/fr\/#website","url":"https:\/\/manskin.ch\/fr\/","name":"Manskin.ch","description":"Tous les produits de beaut\u00e9 pour les hommes les plus exigeants","publisher":{"@id":"https:\/\/manskin.ch\/fr\/#organization"},"potentialAction":[{"@type":"SearchAction","target":{"@type":"EntryPoint","urlTemplate":"https:\/\/manskin.ch\/fr\/?s={search_term_string}"},"query-input":{"@type":"PropertyValueSpecification","valueRequired":true,"valueName":"search_term_string"}}],"inLanguage":"fr-FR"},{"@type":"Organization","@id":"https:\/\/manskin.ch\/fr\/#organization","name":"Manskin.ch - der Schweizer Onlineshop f\u00fcr qualit\u00e4tsstarke M\u00e4nnerpflege","url":"https:\/\/manskin.ch\/fr\/","logo":{"@type":"ImageObject","inLanguage":"fr-FR","@id":"https:\/\/manskin.ch\/fr\/#\/schema\/logo\/image\/","url":"https:\/\/manskin.ch\/wp-content\/uploads\/2021\/04\/cropped-logo_head.png","contentUrl":"https:\/\/manskin.ch\/wp-content\/uploads\/2021\/04\/cropped-logo_head.png","width":235,"height":75,"caption":"Manskin.ch - der Schweizer Onlineshop f\u00fcr qualit\u00e4tsstarke M\u00e4nnerpflege"},"image":{"@id":"https:\/\/manskin.ch\/fr\/#\/schema\/logo\/image\/"},"sameAs":["https:\/\/www.facebook.com\/manskin.ch","https:\/\/www.instagram.com\/manskin.ch\/"]}]},"product_price_amount":"32.00","product_price_currency":"CHF","og_availability":"instock","product_availability":"instock","product_retailer_item_id":"14219","product_condition":"new"},"brands":[],"_links":{"self":[{"href":"https:\/\/manskin.ch\/fr\/wp-json\/wp\/v2\/product\/68892","targetHints":{"allow":["GET"]}}],"collection":[{"href":"https:\/\/manskin.ch\/fr\/wp-json\/wp\/v2\/product"}],"about":[{"href":"https:\/\/manskin.ch\/fr\/wp-json\/wp\/v2\/types\/product"}],"replies":[{"embeddable":true,"href":"https:\/\/manskin.ch\/fr\/wp-json\/wp\/v2\/comments?post=68892"}],"wp:featuredmedia":[{"embeddable":true,"href":"https:\/\/manskin.ch\/fr\/wp-json\/wp\/v2\/media\/69024"}],"wp:attachment":[{"href":"https:\/\/manskin.ch\/fr\/wp-json\/wp\/v2\/media?parent=68892"}],"wp:term":[{"taxonomy":"pwb-brand","embeddable":true,"href":"https:\/\/manskin.ch\/fr\/wp-json\/wp\/v2\/pwb-brand?post=68892"},{"taxonomy":"product_brand","embeddable":true,"href":"https:\/\/manskin.ch\/fr\/wp-json\/wp\/v2\/product_brand?post=68892"},{"taxonomy":"product_cat","embeddable":true,"href":"https:\/\/manskin.ch\/fr\/wp-json\/wp\/v2\/product_cat?post=68892"},{"taxonomy":"product_tag","embeddable":true,"href":"https:\/\/manskin.ch\/fr\/wp-json\/wp\/v2\/product_tag?post=68892"}],"curies":[{"name":"wp","href":"https:\/\/api.w.org\/{rel}","templated":true}]}}