{"id":65740,"date":"2022-01-08T13:46:49","date_gmt":"2022-01-08T12:46:49","guid":{"rendered":"https:\/\/manskin.ch\/produkt\/st-james-of-london-badger-castle-rock-2\/"},"modified":"2026-01-15T22:33:04","modified_gmt":"2026-01-15T21:33:04","slug":"st-james-of-london-badger-castle-rock","status":"publish","type":"product","link":"https:\/\/manskin.ch\/fr\/produkt\/st-james-of-london-badger-castle-rock\/","title":{"rendered":"St. James of London &#8211; Super Badger Rasierpinsel Castle Rock"},"content":{"rendered":"<h2>St. James of London &#8211; Super Badger Blaireau Castle Rock<\/h2>\n<ul>\n<li>Les blaireaux de rasage de St. James of London sont tous fabriqu\u00e9s \u00e0 la main en Italie.<\/li>\n<li>Ils sont fabriqu\u00e9s selon un savoir-faire ancestral qui remonte \u00e0 1908.<\/li>\n<li>Le blaireau est fabriqu\u00e9 en poils de blaireau Super Badger de haute qualit\u00e9, extr\u00eamement doux et flexible, qui absorbe et retient l&rsquo;eau sans probl\u00e8me.<\/li>\n<li>Gr\u00e2ce \u00e0 l&rsquo;utilisation de poils de blaireau tr\u00e8s fins, le blaireau Super Badger a 20% de poils en plus que les blaireaux traditionnels.<\/li>\n<li>Ce blaireau produit ainsi la mousse la plus fine qui mouille compl\u00e8tement chaque poil de barbe, ce qui garantit un r\u00e9sultat de rasage optimal.<\/li>\n<li>Chaque manche de blaireau est en r\u00e9sine moul\u00e9e dans un design classique en forme de sablier, avec un anneau chrom\u00e9 sur le dessus pour une touche d&rsquo;\u00e9l\u00e9gance.<\/li>\n<li>Les pinceaux Super Badger sont parfaitement nou\u00e9s, pour un meilleur r\u00e9sultat lors de l&rsquo;utilisation de Shaving Cream ou de savon.<\/li>\n<li>Dimensions : Loft 58 mm &#8211; Manche 54 mm &#8211; Hauteur 112 mm &#8211; N\u0153ud 24 mm<\/li>\n<\/ul>\n","protected":false},"excerpt":{"rendered":"<p>St. James of London &#8211; Super Badger Blaireau Castle Rock Les blaireaux de rasage de St. James of London sont tous fabriqu\u00e9s \u00e0 la main en Italie. Ils sont fabriqu\u00e9s selon un savoir-faire ancestral qui remonte \u00e0 1908. Le blaireau est fabriqu\u00e9 en poils de blaireau Super Badger de haute qualit\u00e9, extr\u00eamement doux et flexible, &#8230; <a title=\"St. James of London &#8211; Super Badger Rasierpinsel Castle Rock\" class=\"read-more\" href=\"https:\/\/manskin.ch\/fr\/produkt\/st-james-of-london-badger-castle-rock\/\" aria-label=\"En savoir plus sur St. James of London &#8211; Super Badger Rasierpinsel Castle Rock\">Lire la suite<\/a><\/p>\n","protected":false},"featured_media":4071,"comment_status":"closed","ping_status":"closed","template":"","meta":{"_acf_changed":false},"pwb-brand":[2784],"product_brand":[],"product_cat":[2425,2799],"product_tag":[],"class_list":{"0":"post-65740","1":"product","2":"type-product","3":"status-publish","4":"has-post-thumbnail","6":"pwb-brand-st-james-of-london","7":"product_cat-blaireau-new","8":"product_cat-st-james-of-london-fr","9":"product_shipping_class-standard-fr","10":"pa_hersteller-st-james-of-london-fr-2","11":"sales-flash-overlay","12":"woocommerce-text-align-center","13":"woocommerce-image-align-center","14":"do-quantity-buttons","16":"first","17":"instock","18":"purchasable","19":"product-type-simple"},"acf":[],"yoast_head":"<!-- This site is optimized with the Yoast SEO Premium plugin v27.3 (Yoast SEO v27.3) - https:\/\/yoast.com\/product\/yoast-seo-premium-wordpress\/ -->\n<title>St. James of London - Super Badger Rasierpinsel Castle Rock | Manskin.ch<\/title>\n<meta name=\"description\" content=\"St. James of London - Super Badger Rasierpinsel Castle Rock\" \/>\n<meta name=\"robots\" content=\"index, follow, max-snippet:-1, max-image-preview:large, max-video-preview:-1\" \/>\n<link rel=\"canonical\" href=\"https:\/\/manskin.ch\/fr\/produkt\/st-james-of-london-badger-castle-rock\/\" \/>\n<meta property=\"og:locale\" content=\"fr_FR\" \/>\n<meta property=\"og:type\" content=\"article\" \/>\n<meta property=\"og:title\" content=\"St. James of London - Super Badger Rasierpinsel Castle Rock\" \/>\n<meta property=\"og:description\" content=\"St. James of London - Super Badger Rasierpinsel Castle Rock\" \/>\n<meta property=\"og:url\" content=\"https:\/\/manskin.ch\/fr\/produkt\/st-james-of-london-badger-castle-rock\/\" \/>\n<meta property=\"og:site_name\" content=\"Manskin.ch\" \/>\n<meta property=\"article:publisher\" content=\"https:\/\/www.facebook.com\/manskin.ch\" \/>\n<meta property=\"article:modified_time\" content=\"2026-01-15T21:33:04+00:00\" \/>\n<meta property=\"og:image\" content=\"https:\/\/manskin.ch\/wp-content\/uploads\/2022\/01\/1255_0.jpg\" \/>\n\t<meta property=\"og:image:width\" content=\"784\" \/>\n\t<meta property=\"og:image:height\" content=\"800\" \/>\n\t<meta property=\"og:image:type\" content=\"image\/jpeg\" \/>\n<meta name=\"twitter:card\" content=\"summary_large_image\" \/>\n<meta name=\"twitter:label1\" content=\"Prix\" \/>\n\t<meta name=\"twitter:data1\" content=\"65.00&#067;&#072;&#070;\" \/>\n\t<meta name=\"twitter:label2\" content=\"Disponibilit\u00e9\" \/>\n\t<meta name=\"twitter:data2\" content=\"En stock\" \/>\n<script type=\"application\/ld+json\" class=\"yoast-schema-graph\">{\"@context\":\"https:\\\/\\\/schema.org\",\"@graph\":[{\"@type\":\"WebPage\",\"@id\":\"https:\\\/\\\/manskin.ch\\\/fr\\\/produkt\\\/st-james-of-london-badger-castle-rock\\\/\",\"url\":\"https:\\\/\\\/manskin.ch\\\/fr\\\/produkt\\\/st-james-of-london-badger-castle-rock\\\/\",\"name\":\"St. James of London - Super Badger Rasierpinsel Castle Rock | Manskin.ch\",\"isPartOf\":{\"@id\":\"https:\\\/\\\/manskin.ch\\\/fr\\\/#website\"},\"primaryImageOfPage\":{\"@id\":\"https:\\\/\\\/manskin.ch\\\/fr\\\/produkt\\\/st-james-of-london-badger-castle-rock\\\/#primaryimage\"},\"image\":{\"@id\":\"https:\\\/\\\/manskin.ch\\\/fr\\\/produkt\\\/st-james-of-london-badger-castle-rock\\\/#primaryimage\"},\"thumbnailUrl\":\"https:\\\/\\\/manskin.ch\\\/wp-content\\\/uploads\\\/2022\\\/01\\\/1255_0.jpg\",\"datePublished\":\"2022-01-08T12:46:49+00:00\",\"dateModified\":\"2026-01-15T21:33:04+00:00\",\"description\":\"St. James of London - Super Badger Rasierpinsel Castle Rock\",\"breadcrumb\":{\"@id\":\"https:\\\/\\\/manskin.ch\\\/fr\\\/produkt\\\/st-james-of-london-badger-castle-rock\\\/#breadcrumb\"},\"inLanguage\":\"fr-FR\",\"potentialAction\":[{\"@type\":\"ReadAction\",\"target\":[\"https:\\\/\\\/manskin.ch\\\/fr\\\/produkt\\\/st-james-of-london-badger-castle-rock\\\/\"]}]},{\"@type\":\"ImageObject\",\"inLanguage\":\"fr-FR\",\"@id\":\"https:\\\/\\\/manskin.ch\\\/fr\\\/produkt\\\/st-james-of-london-badger-castle-rock\\\/#primaryimage\",\"url\":\"https:\\\/\\\/manskin.ch\\\/wp-content\\\/uploads\\\/2022\\\/01\\\/1255_0.jpg\",\"contentUrl\":\"https:\\\/\\\/manskin.ch\\\/wp-content\\\/uploads\\\/2022\\\/01\\\/1255_0.jpg\",\"width\":784,\"height\":800},{\"@type\":\"BreadcrumbList\",\"@id\":\"https:\\\/\\\/manskin.ch\\\/fr\\\/produkt\\\/st-james-of-london-badger-castle-rock\\\/#breadcrumb\",\"itemListElement\":[{\"@type\":\"ListItem\",\"position\":1,\"name\":\"Startseite\",\"item\":\"https:\\\/\\\/manskin.ch\\\/fr\\\/\"},{\"@type\":\"ListItem\",\"position\":2,\"name\":\"Boutique Soins pour Hommes &amp; Skincare\",\"item\":\"https:\\\/\\\/manskin.ch\\\/fr\\\/boutique\\\/\"},{\"@type\":\"ListItem\",\"position\":3,\"name\":\"St. James of London &#8211; Super Badger Rasierpinsel Castle Rock\"}]},{\"@type\":\"WebSite\",\"@id\":\"https:\\\/\\\/manskin.ch\\\/fr\\\/#website\",\"url\":\"https:\\\/\\\/manskin.ch\\\/fr\\\/\",\"name\":\"Manskin.ch\",\"description\":\"Tous les produits de beaut\u00e9 pour les hommes les plus exigeants\",\"publisher\":{\"@id\":\"https:\\\/\\\/manskin.ch\\\/fr\\\/#organization\"},\"potentialAction\":[{\"@type\":\"SearchAction\",\"target\":{\"@type\":\"EntryPoint\",\"urlTemplate\":\"https:\\\/\\\/manskin.ch\\\/fr\\\/?s={search_term_string}\"},\"query-input\":{\"@type\":\"PropertyValueSpecification\",\"valueRequired\":true,\"valueName\":\"search_term_string\"}}],\"inLanguage\":\"fr-FR\"},{\"@type\":\"Organization\",\"@id\":\"https:\\\/\\\/manskin.ch\\\/fr\\\/#organization\",\"name\":\"Manskin.ch - der Schweizer Onlineshop f\u00fcr qualit\u00e4tsstarke M\u00e4nnerpflege\",\"url\":\"https:\\\/\\\/manskin.ch\\\/fr\\\/\",\"logo\":{\"@type\":\"ImageObject\",\"inLanguage\":\"fr-FR\",\"@id\":\"https:\\\/\\\/manskin.ch\\\/fr\\\/#\\\/schema\\\/logo\\\/image\\\/\",\"url\":\"https:\\\/\\\/manskin.ch\\\/wp-content\\\/uploads\\\/2021\\\/04\\\/cropped-logo_head.png\",\"contentUrl\":\"https:\\\/\\\/manskin.ch\\\/wp-content\\\/uploads\\\/2021\\\/04\\\/cropped-logo_head.png\",\"width\":235,\"height\":75,\"caption\":\"Manskin.ch - der Schweizer Onlineshop f\u00fcr qualit\u00e4tsstarke M\u00e4nnerpflege\"},\"image\":{\"@id\":\"https:\\\/\\\/manskin.ch\\\/fr\\\/#\\\/schema\\\/logo\\\/image\\\/\"},\"sameAs\":[\"https:\\\/\\\/www.facebook.com\\\/manskin.ch\",\"https:\\\/\\\/www.instagram.com\\\/manskin.ch\\\/\"]}]}<\/script>\n<meta property=\"product:price:amount\" content=\"65.00\" \/>\n<meta property=\"product:price:currency\" content=\"CHF\" \/>\n<meta property=\"og:availability\" content=\"instock\" \/>\n<meta property=\"product:availability\" content=\"instock\" \/>\n<meta property=\"product:retailer_item_id\" content=\"12758\" \/>\n<meta property=\"product:condition\" content=\"new\" \/>\n<!-- \/ Yoast SEO Premium plugin. -->","yoast_head_json":{"title":"St. James of London - Super Badger Rasierpinsel Castle Rock | Manskin.ch","description":"St. James of London - Super Badger Rasierpinsel Castle Rock","robots":{"index":"index","follow":"follow","max-snippet":"max-snippet:-1","max-image-preview":"max-image-preview:large","max-video-preview":"max-video-preview:-1"},"canonical":"https:\/\/manskin.ch\/fr\/produkt\/st-james-of-london-badger-castle-rock\/","og_locale":"fr_FR","og_type":"article","og_title":"St. James of London - Super Badger Rasierpinsel Castle Rock","og_description":"St. James of London - Super Badger Rasierpinsel Castle Rock","og_url":"https:\/\/manskin.ch\/fr\/produkt\/st-james-of-london-badger-castle-rock\/","og_site_name":"Manskin.ch","article_publisher":"https:\/\/www.facebook.com\/manskin.ch","article_modified_time":"2026-01-15T21:33:04+00:00","og_image":[{"width":784,"height":800,"url":"https:\/\/manskin.ch\/wp-content\/uploads\/2022\/01\/1255_0.jpg","type":"image\/jpeg"}],"twitter_card":"summary_large_image","twitter_misc":{"Prix":"65.00&#67;&#72;&#70;","Disponibilit\u00e9":"En stock"},"schema":{"@context":"https:\/\/schema.org","@graph":[{"@type":"WebPage","@id":"https:\/\/manskin.ch\/fr\/produkt\/st-james-of-london-badger-castle-rock\/","url":"https:\/\/manskin.ch\/fr\/produkt\/st-james-of-london-badger-castle-rock\/","name":"St. James of London - Super Badger Rasierpinsel Castle Rock | Manskin.ch","isPartOf":{"@id":"https:\/\/manskin.ch\/fr\/#website"},"primaryImageOfPage":{"@id":"https:\/\/manskin.ch\/fr\/produkt\/st-james-of-london-badger-castle-rock\/#primaryimage"},"image":{"@id":"https:\/\/manskin.ch\/fr\/produkt\/st-james-of-london-badger-castle-rock\/#primaryimage"},"thumbnailUrl":"https:\/\/manskin.ch\/wp-content\/uploads\/2022\/01\/1255_0.jpg","datePublished":"2022-01-08T12:46:49+00:00","dateModified":"2026-01-15T21:33:04+00:00","description":"St. James of London - Super Badger Rasierpinsel Castle Rock","breadcrumb":{"@id":"https:\/\/manskin.ch\/fr\/produkt\/st-james-of-london-badger-castle-rock\/#breadcrumb"},"inLanguage":"fr-FR","potentialAction":[{"@type":"ReadAction","target":["https:\/\/manskin.ch\/fr\/produkt\/st-james-of-london-badger-castle-rock\/"]}]},{"@type":"ImageObject","inLanguage":"fr-FR","@id":"https:\/\/manskin.ch\/fr\/produkt\/st-james-of-london-badger-castle-rock\/#primaryimage","url":"https:\/\/manskin.ch\/wp-content\/uploads\/2022\/01\/1255_0.jpg","contentUrl":"https:\/\/manskin.ch\/wp-content\/uploads\/2022\/01\/1255_0.jpg","width":784,"height":800},{"@type":"BreadcrumbList","@id":"https:\/\/manskin.ch\/fr\/produkt\/st-james-of-london-badger-castle-rock\/#breadcrumb","itemListElement":[{"@type":"ListItem","position":1,"name":"Startseite","item":"https:\/\/manskin.ch\/fr\/"},{"@type":"ListItem","position":2,"name":"Boutique Soins pour Hommes &amp; Skincare","item":"https:\/\/manskin.ch\/fr\/boutique\/"},{"@type":"ListItem","position":3,"name":"St. James of London &#8211; Super Badger Rasierpinsel Castle Rock"}]},{"@type":"WebSite","@id":"https:\/\/manskin.ch\/fr\/#website","url":"https:\/\/manskin.ch\/fr\/","name":"Manskin.ch","description":"Tous les produits de beaut\u00e9 pour les hommes les plus exigeants","publisher":{"@id":"https:\/\/manskin.ch\/fr\/#organization"},"potentialAction":[{"@type":"SearchAction","target":{"@type":"EntryPoint","urlTemplate":"https:\/\/manskin.ch\/fr\/?s={search_term_string}"},"query-input":{"@type":"PropertyValueSpecification","valueRequired":true,"valueName":"search_term_string"}}],"inLanguage":"fr-FR"},{"@type":"Organization","@id":"https:\/\/manskin.ch\/fr\/#organization","name":"Manskin.ch - der Schweizer Onlineshop f\u00fcr qualit\u00e4tsstarke M\u00e4nnerpflege","url":"https:\/\/manskin.ch\/fr\/","logo":{"@type":"ImageObject","inLanguage":"fr-FR","@id":"https:\/\/manskin.ch\/fr\/#\/schema\/logo\/image\/","url":"https:\/\/manskin.ch\/wp-content\/uploads\/2021\/04\/cropped-logo_head.png","contentUrl":"https:\/\/manskin.ch\/wp-content\/uploads\/2021\/04\/cropped-logo_head.png","width":235,"height":75,"caption":"Manskin.ch - der Schweizer Onlineshop f\u00fcr qualit\u00e4tsstarke M\u00e4nnerpflege"},"image":{"@id":"https:\/\/manskin.ch\/fr\/#\/schema\/logo\/image\/"},"sameAs":["https:\/\/www.facebook.com\/manskin.ch","https:\/\/www.instagram.com\/manskin.ch\/"]}]},"product_price_amount":"65.00","product_price_currency":"CHF","og_availability":"instock","product_availability":"instock","product_retailer_item_id":"12758","product_condition":"new"},"brands":[{"id":2784,"name":"St. James of London","slug":"st-james-of-london"}],"_links":{"self":[{"href":"https:\/\/manskin.ch\/fr\/wp-json\/wp\/v2\/product\/65740","targetHints":{"allow":["GET"]}}],"collection":[{"href":"https:\/\/manskin.ch\/fr\/wp-json\/wp\/v2\/product"}],"about":[{"href":"https:\/\/manskin.ch\/fr\/wp-json\/wp\/v2\/types\/product"}],"replies":[{"embeddable":true,"href":"https:\/\/manskin.ch\/fr\/wp-json\/wp\/v2\/comments?post=65740"}],"wp:featuredmedia":[{"embeddable":true,"href":"https:\/\/manskin.ch\/fr\/wp-json\/wp\/v2\/media\/4071"}],"wp:attachment":[{"href":"https:\/\/manskin.ch\/fr\/wp-json\/wp\/v2\/media?parent=65740"}],"wp:term":[{"taxonomy":"pwb-brand","embeddable":true,"href":"https:\/\/manskin.ch\/fr\/wp-json\/wp\/v2\/pwb-brand?post=65740"},{"taxonomy":"product_brand","embeddable":true,"href":"https:\/\/manskin.ch\/fr\/wp-json\/wp\/v2\/product_brand?post=65740"},{"taxonomy":"product_cat","embeddable":true,"href":"https:\/\/manskin.ch\/fr\/wp-json\/wp\/v2\/product_cat?post=65740"},{"taxonomy":"product_tag","embeddable":true,"href":"https:\/\/manskin.ch\/fr\/wp-json\/wp\/v2\/product_tag?post=65740"}],"curies":[{"name":"wp","href":"https:\/\/api.w.org\/{rel}","templated":true}]}}