{"id":65051,"date":"2024-07-13T10:39:25","date_gmt":"2024-07-13T08:39:25","guid":{"rendered":"https:\/\/manskin.ch\/produkt\/new-york-2049-eau-de-parfum-woman-40-ml-2\/"},"modified":"2025-07-18T11:30:18","modified_gmt":"2025-07-18T09:30:18","slug":"new-york-2049-eau-de-parfum-woman-40-ml","status":"publish","type":"product","link":"https:\/\/manskin.ch\/fr\/produkt\/new-york-2049-eau-de-parfum-woman-40-ml\/","title":{"rendered":"Blauer &#8211; New York 2049 Eau de Parfum Man Spray 80 ml"},"content":{"rendered":"<h2>Blauer &#8211; The Journey Collection&nbsp;New York 2049&nbsp;Eau de Parfum Woman Vapo Natural Spay 40 ml<\/h2>\n<ul>\n<li>Un parfum f&eacute;minin, frais et jeune qui s&#39;ouvre sur une combinaison vivante de bergamote p&eacute;tillante et de poivre rose distill&eacute; au CO2.<\/li>\n<li>Le magnolia ajoute une l&eacute;g&egrave;re note florale et constitue le pr&eacute;lude d&#39;un bouquet enivrant.<\/li>\n<li>Dans la note de c&oelig;ur, la rose rouge et la fleur d&#39;oranger s&#39;unissent au litchi juteux pour donner un sentiment de romantisme enjou&eacute;. Le jasmin absolu, l&#39;ylang-ylang et le davana cr&eacute;ent une profondeur sensuelle et enveloppante.<\/li>\n<li>Dans la note de fond, le patchouli conf&egrave;re &eacute;l&eacute;gance et caract&egrave;re, tandis que la vanille et le labdanum apportent volume et texture.<\/li>\n<li>Enfin, l&#39;ambre blanc enveloppe le tout de sa sensualit&eacute; raffin&eacute;e.<\/li>\n<li>Un parfum qui respire la fra&icirc;cheur, l&#39;&eacute;l&eacute;gance et une f&eacute;minit&eacute; inoubliable.<\/li>\n<\/ul>\n<p>Contenu 40 ml.<\/p>\n","protected":false},"excerpt":{"rendered":"<p>Blauer &#8211; The Journey Collection&nbsp;New York 2049&nbsp;Eau de Parfum Woman Vapo Natural Spay 40 ml Un parfum f&eacute;minin, frais et jeune qui s&#39;ouvre sur une combinaison vivante de bergamote p&eacute;tillante et de poivre rose distill&eacute; au CO2. Le magnolia ajoute une l&eacute;g&egrave;re note florale et constitue le pr&eacute;lude d&#39;un bouquet enivrant. Dans la note de &#8230; <a title=\"Blauer &#8211; New York 2049 Eau de Parfum Man Spray 80 ml\" class=\"read-more\" href=\"https:\/\/manskin.ch\/fr\/produkt\/new-york-2049-eau-de-parfum-woman-40-ml\/\" aria-label=\"En savoir plus sur Blauer &#8211; New York 2049 Eau de Parfum Man Spray 80 ml\">Lire la suite<\/a><\/p>\n","protected":false},"featured_media":59094,"comment_status":"closed","ping_status":"closed","template":"","meta":{"_acf_changed":false},"pwb-brand":[2917],"product_brand":[],"product_cat":[2918,2800],"product_tag":[],"class_list":{"0":"post-65051","1":"product","2":"type-product","3":"status-publish","4":"has-post-thumbnail","6":"pwb-brand-blauer","7":"product_cat-blauer-fr","8":"product_cat-parfum","9":"product_shipping_class-standard-fr","10":"sales-flash-overlay","11":"woocommerce-text-align-center","12":"woocommerce-image-align-center","13":"do-quantity-buttons","15":"first","16":"instock","17":"sale","18":"taxable","19":"shipping-taxable","20":"purchasable","21":"product-type-simple"},"acf":[],"yoast_head":"<!-- This site is optimized with the Yoast SEO Premium plugin v27.3 (Yoast SEO v27.3) - https:\/\/yoast.com\/product\/yoast-seo-premium-wordpress\/ -->\n<title>Blauer - New York 2049 Eau de Parfum Man Spray 80 ml | Manskin.ch<\/title>\n<meta name=\"description\" content=\"Un parfum frais et floral qui s\u00e9duit par son romantisme enjou\u00e9. D\u00e9couvrez la profondeur enveloppante du jasmin et de l&#039;ylang-ylang. \ud83d\udc90\" \/>\n<meta name=\"robots\" content=\"index, follow, max-snippet:-1, max-image-preview:large, max-video-preview:-1\" \/>\n<link rel=\"canonical\" href=\"https:\/\/manskin.ch\/fr\/produkt\/new-york-2049-eau-de-parfum-woman-40-ml\/\" \/>\n<meta property=\"og:locale\" content=\"fr_FR\" \/>\n<meta property=\"og:type\" content=\"article\" \/>\n<meta property=\"og:title\" content=\"Blauer - New York 2049 Eau de Parfum Man Spray 80 ml\" \/>\n<meta property=\"og:description\" content=\"Un parfum frais et floral qui s\u00e9duit par son romantisme enjou\u00e9. D\u00e9couvrez la profondeur enveloppante du jasmin et de l&#039;ylang-ylang. \ud83d\udc90\" \/>\n<meta property=\"og:url\" content=\"https:\/\/manskin.ch\/fr\/produkt\/new-york-2049-eau-de-parfum-woman-40-ml\/\" \/>\n<meta property=\"og:site_name\" content=\"Manskin.ch\" \/>\n<meta property=\"article:publisher\" content=\"https:\/\/www.facebook.com\/manskin.ch\" \/>\n<meta property=\"article:modified_time\" content=\"2025-07-18T09:30:18+00:00\" \/>\n<meta property=\"og:image\" content=\"https:\/\/manskin.ch\/wp-content\/uploads\/2024\/07\/New-York-Woman-40-ml_outer-box-bottle.jpg\" \/>\n\t<meta property=\"og:image:width\" content=\"800\" \/>\n\t<meta property=\"og:image:height\" content=\"800\" \/>\n\t<meta property=\"og:image:type\" content=\"image\/jpeg\" \/>\n<meta name=\"twitter:card\" content=\"summary_large_image\" \/>\n<meta name=\"twitter:label1\" content=\"Prix\" \/>\n\t<meta name=\"twitter:data1\" content=\"27.90&#067;&#072;&#070;\" \/>\n\t<meta name=\"twitter:label2\" content=\"Disponibilit\u00e9\" \/>\n\t<meta name=\"twitter:data2\" content=\"En stock\" \/>\n<script type=\"application\/ld+json\" class=\"yoast-schema-graph\">{\"@context\":\"https:\\\/\\\/schema.org\",\"@graph\":[{\"@type\":\"WebPage\",\"@id\":\"https:\\\/\\\/manskin.ch\\\/fr\\\/produkt\\\/new-york-2049-eau-de-parfum-woman-40-ml\\\/\",\"url\":\"https:\\\/\\\/manskin.ch\\\/fr\\\/produkt\\\/new-york-2049-eau-de-parfum-woman-40-ml\\\/\",\"name\":\"Blauer - New York 2049 Eau de Parfum Man Spray 80 ml | Manskin.ch\",\"isPartOf\":{\"@id\":\"https:\\\/\\\/manskin.ch\\\/fr\\\/#website\"},\"primaryImageOfPage\":{\"@id\":\"https:\\\/\\\/manskin.ch\\\/fr\\\/produkt\\\/new-york-2049-eau-de-parfum-woman-40-ml\\\/#primaryimage\"},\"image\":{\"@id\":\"https:\\\/\\\/manskin.ch\\\/fr\\\/produkt\\\/new-york-2049-eau-de-parfum-woman-40-ml\\\/#primaryimage\"},\"thumbnailUrl\":\"https:\\\/\\\/manskin.ch\\\/wp-content\\\/uploads\\\/2024\\\/07\\\/New-York-Woman-40-ml_outer-box-bottle.jpg\",\"datePublished\":\"2024-07-13T08:39:25+00:00\",\"dateModified\":\"2025-07-18T09:30:18+00:00\",\"description\":\"Un parfum frais et floral qui s\u00e9duit par son romantisme enjou\u00e9. D\u00e9couvrez la profondeur enveloppante du jasmin et de l'ylang-ylang. \ud83d\udc90\",\"breadcrumb\":{\"@id\":\"https:\\\/\\\/manskin.ch\\\/fr\\\/produkt\\\/new-york-2049-eau-de-parfum-woman-40-ml\\\/#breadcrumb\"},\"inLanguage\":\"fr-FR\",\"potentialAction\":[{\"@type\":\"ReadAction\",\"target\":[\"https:\\\/\\\/manskin.ch\\\/fr\\\/produkt\\\/new-york-2049-eau-de-parfum-woman-40-ml\\\/\"]}]},{\"@type\":\"ImageObject\",\"inLanguage\":\"fr-FR\",\"@id\":\"https:\\\/\\\/manskin.ch\\\/fr\\\/produkt\\\/new-york-2049-eau-de-parfum-woman-40-ml\\\/#primaryimage\",\"url\":\"https:\\\/\\\/manskin.ch\\\/wp-content\\\/uploads\\\/2024\\\/07\\\/New-York-Woman-40-ml_outer-box-bottle.jpg\",\"contentUrl\":\"https:\\\/\\\/manskin.ch\\\/wp-content\\\/uploads\\\/2024\\\/07\\\/New-York-Woman-40-ml_outer-box-bottle.jpg\",\"width\":800,\"height\":800},{\"@type\":\"BreadcrumbList\",\"@id\":\"https:\\\/\\\/manskin.ch\\\/fr\\\/produkt\\\/new-york-2049-eau-de-parfum-woman-40-ml\\\/#breadcrumb\",\"itemListElement\":[{\"@type\":\"ListItem\",\"position\":1,\"name\":\"Startseite\",\"item\":\"https:\\\/\\\/manskin.ch\\\/fr\\\/\"},{\"@type\":\"ListItem\",\"position\":2,\"name\":\"Boutique\",\"item\":\"https:\\\/\\\/manskin.ch\\\/fr\\\/boutique\\\/\"},{\"@type\":\"ListItem\",\"position\":3,\"name\":\"Blauer &#8211; New York 2049 Eau de Parfum Man Spray 80 ml\"}]},{\"@type\":\"WebSite\",\"@id\":\"https:\\\/\\\/manskin.ch\\\/fr\\\/#website\",\"url\":\"https:\\\/\\\/manskin.ch\\\/fr\\\/\",\"name\":\"Manskin.ch\",\"description\":\"Tous les produits de beaut\u00e9 pour les hommes les plus exigeants\",\"publisher\":{\"@id\":\"https:\\\/\\\/manskin.ch\\\/fr\\\/#organization\"},\"potentialAction\":[{\"@type\":\"SearchAction\",\"target\":{\"@type\":\"EntryPoint\",\"urlTemplate\":\"https:\\\/\\\/manskin.ch\\\/fr\\\/?s={search_term_string}\"},\"query-input\":{\"@type\":\"PropertyValueSpecification\",\"valueRequired\":true,\"valueName\":\"search_term_string\"}}],\"inLanguage\":\"fr-FR\"},{\"@type\":\"Organization\",\"@id\":\"https:\\\/\\\/manskin.ch\\\/fr\\\/#organization\",\"name\":\"Manskin.ch - der Schweizer Onlineshop f\u00fcr qualit\u00e4tsstarke M\u00e4nnerpflege\",\"url\":\"https:\\\/\\\/manskin.ch\\\/fr\\\/\",\"logo\":{\"@type\":\"ImageObject\",\"inLanguage\":\"fr-FR\",\"@id\":\"https:\\\/\\\/manskin.ch\\\/fr\\\/#\\\/schema\\\/logo\\\/image\\\/\",\"url\":\"https:\\\/\\\/manskin.ch\\\/wp-content\\\/uploads\\\/2021\\\/04\\\/cropped-logo_head.png\",\"contentUrl\":\"https:\\\/\\\/manskin.ch\\\/wp-content\\\/uploads\\\/2021\\\/04\\\/cropped-logo_head.png\",\"width\":235,\"height\":75,\"caption\":\"Manskin.ch - der Schweizer Onlineshop f\u00fcr qualit\u00e4tsstarke M\u00e4nnerpflege\"},\"image\":{\"@id\":\"https:\\\/\\\/manskin.ch\\\/fr\\\/#\\\/schema\\\/logo\\\/image\\\/\"},\"sameAs\":[\"https:\\\/\\\/www.facebook.com\\\/manskin.ch\",\"https:\\\/\\\/www.instagram.com\\\/manskin.ch\\\/\"]}]}<\/script>\n<meta property=\"product:price:amount\" content=\"27.90\" \/>\n<meta property=\"product:price:currency\" content=\"CHF\" \/>\n<meta property=\"og:availability\" content=\"instock\" \/>\n<meta property=\"product:availability\" content=\"instock\" \/>\n<meta property=\"product:retailer_item_id\" content=\"14120\" \/>\n<meta property=\"product:condition\" content=\"new\" \/>\n<!-- \/ Yoast SEO Premium plugin. -->","yoast_head_json":{"title":"Blauer - New York 2049 Eau de Parfum Man Spray 80 ml | Manskin.ch","description":"Un parfum frais et floral qui s\u00e9duit par son romantisme enjou\u00e9. D\u00e9couvrez la profondeur enveloppante du jasmin et de l'ylang-ylang. \ud83d\udc90","robots":{"index":"index","follow":"follow","max-snippet":"max-snippet:-1","max-image-preview":"max-image-preview:large","max-video-preview":"max-video-preview:-1"},"canonical":"https:\/\/manskin.ch\/fr\/produkt\/new-york-2049-eau-de-parfum-woman-40-ml\/","og_locale":"fr_FR","og_type":"article","og_title":"Blauer - New York 2049 Eau de Parfum Man Spray 80 ml","og_description":"Un parfum frais et floral qui s\u00e9duit par son romantisme enjou\u00e9. D\u00e9couvrez la profondeur enveloppante du jasmin et de l'ylang-ylang. \ud83d\udc90","og_url":"https:\/\/manskin.ch\/fr\/produkt\/new-york-2049-eau-de-parfum-woman-40-ml\/","og_site_name":"Manskin.ch","article_publisher":"https:\/\/www.facebook.com\/manskin.ch","article_modified_time":"2025-07-18T09:30:18+00:00","og_image":[{"width":800,"height":800,"url":"https:\/\/manskin.ch\/wp-content\/uploads\/2024\/07\/New-York-Woman-40-ml_outer-box-bottle.jpg","type":"image\/jpeg"}],"twitter_card":"summary_large_image","twitter_misc":{"Prix":"27.90&#67;&#72;&#70;","Disponibilit\u00e9":"En stock"},"schema":{"@context":"https:\/\/schema.org","@graph":[{"@type":"WebPage","@id":"https:\/\/manskin.ch\/fr\/produkt\/new-york-2049-eau-de-parfum-woman-40-ml\/","url":"https:\/\/manskin.ch\/fr\/produkt\/new-york-2049-eau-de-parfum-woman-40-ml\/","name":"Blauer - New York 2049 Eau de Parfum Man Spray 80 ml | Manskin.ch","isPartOf":{"@id":"https:\/\/manskin.ch\/fr\/#website"},"primaryImageOfPage":{"@id":"https:\/\/manskin.ch\/fr\/produkt\/new-york-2049-eau-de-parfum-woman-40-ml\/#primaryimage"},"image":{"@id":"https:\/\/manskin.ch\/fr\/produkt\/new-york-2049-eau-de-parfum-woman-40-ml\/#primaryimage"},"thumbnailUrl":"https:\/\/manskin.ch\/wp-content\/uploads\/2024\/07\/New-York-Woman-40-ml_outer-box-bottle.jpg","datePublished":"2024-07-13T08:39:25+00:00","dateModified":"2025-07-18T09:30:18+00:00","description":"Un parfum frais et floral qui s\u00e9duit par son romantisme enjou\u00e9. D\u00e9couvrez la profondeur enveloppante du jasmin et de l'ylang-ylang. \ud83d\udc90","breadcrumb":{"@id":"https:\/\/manskin.ch\/fr\/produkt\/new-york-2049-eau-de-parfum-woman-40-ml\/#breadcrumb"},"inLanguage":"fr-FR","potentialAction":[{"@type":"ReadAction","target":["https:\/\/manskin.ch\/fr\/produkt\/new-york-2049-eau-de-parfum-woman-40-ml\/"]}]},{"@type":"ImageObject","inLanguage":"fr-FR","@id":"https:\/\/manskin.ch\/fr\/produkt\/new-york-2049-eau-de-parfum-woman-40-ml\/#primaryimage","url":"https:\/\/manskin.ch\/wp-content\/uploads\/2024\/07\/New-York-Woman-40-ml_outer-box-bottle.jpg","contentUrl":"https:\/\/manskin.ch\/wp-content\/uploads\/2024\/07\/New-York-Woman-40-ml_outer-box-bottle.jpg","width":800,"height":800},{"@type":"BreadcrumbList","@id":"https:\/\/manskin.ch\/fr\/produkt\/new-york-2049-eau-de-parfum-woman-40-ml\/#breadcrumb","itemListElement":[{"@type":"ListItem","position":1,"name":"Startseite","item":"https:\/\/manskin.ch\/fr\/"},{"@type":"ListItem","position":2,"name":"Boutique","item":"https:\/\/manskin.ch\/fr\/boutique\/"},{"@type":"ListItem","position":3,"name":"Blauer &#8211; New York 2049 Eau de Parfum Man Spray 80 ml"}]},{"@type":"WebSite","@id":"https:\/\/manskin.ch\/fr\/#website","url":"https:\/\/manskin.ch\/fr\/","name":"Manskin.ch","description":"Tous les produits de beaut\u00e9 pour les hommes les plus exigeants","publisher":{"@id":"https:\/\/manskin.ch\/fr\/#organization"},"potentialAction":[{"@type":"SearchAction","target":{"@type":"EntryPoint","urlTemplate":"https:\/\/manskin.ch\/fr\/?s={search_term_string}"},"query-input":{"@type":"PropertyValueSpecification","valueRequired":true,"valueName":"search_term_string"}}],"inLanguage":"fr-FR"},{"@type":"Organization","@id":"https:\/\/manskin.ch\/fr\/#organization","name":"Manskin.ch - der Schweizer Onlineshop f\u00fcr qualit\u00e4tsstarke M\u00e4nnerpflege","url":"https:\/\/manskin.ch\/fr\/","logo":{"@type":"ImageObject","inLanguage":"fr-FR","@id":"https:\/\/manskin.ch\/fr\/#\/schema\/logo\/image\/","url":"https:\/\/manskin.ch\/wp-content\/uploads\/2021\/04\/cropped-logo_head.png","contentUrl":"https:\/\/manskin.ch\/wp-content\/uploads\/2021\/04\/cropped-logo_head.png","width":235,"height":75,"caption":"Manskin.ch - der Schweizer Onlineshop f\u00fcr qualit\u00e4tsstarke M\u00e4nnerpflege"},"image":{"@id":"https:\/\/manskin.ch\/fr\/#\/schema\/logo\/image\/"},"sameAs":["https:\/\/www.facebook.com\/manskin.ch","https:\/\/www.instagram.com\/manskin.ch\/"]}]},"product_price_amount":"27.90","product_price_currency":"CHF","og_availability":"instock","product_availability":"instock","product_retailer_item_id":"14120","product_condition":"new"},"brands":[{"id":2917,"name":"Blauer","slug":"blauer"}],"_links":{"self":[{"href":"https:\/\/manskin.ch\/fr\/wp-json\/wp\/v2\/product\/65051","targetHints":{"allow":["GET"]}}],"collection":[{"href":"https:\/\/manskin.ch\/fr\/wp-json\/wp\/v2\/product"}],"about":[{"href":"https:\/\/manskin.ch\/fr\/wp-json\/wp\/v2\/types\/product"}],"replies":[{"embeddable":true,"href":"https:\/\/manskin.ch\/fr\/wp-json\/wp\/v2\/comments?post=65051"}],"wp:featuredmedia":[{"embeddable":true,"href":"https:\/\/manskin.ch\/fr\/wp-json\/wp\/v2\/media\/59094"}],"wp:attachment":[{"href":"https:\/\/manskin.ch\/fr\/wp-json\/wp\/v2\/media?parent=65051"}],"wp:term":[{"taxonomy":"pwb-brand","embeddable":true,"href":"https:\/\/manskin.ch\/fr\/wp-json\/wp\/v2\/pwb-brand?post=65051"},{"taxonomy":"product_brand","embeddable":true,"href":"https:\/\/manskin.ch\/fr\/wp-json\/wp\/v2\/product_brand?post=65051"},{"taxonomy":"product_cat","embeddable":true,"href":"https:\/\/manskin.ch\/fr\/wp-json\/wp\/v2\/product_cat?post=65051"},{"taxonomy":"product_tag","embeddable":true,"href":"https:\/\/manskin.ch\/fr\/wp-json\/wp\/v2\/product_tag?post=65051"}],"curies":[{"name":"wp","href":"https:\/\/api.w.org\/{rel}","templated":true}]}}