{"id":61527,"date":"2024-10-05T16:06:22","date_gmt":"2024-10-05T14:06:22","guid":{"rendered":"https:\/\/manskin.ch\/produkt\/set-rasoir-rocca-r95-en-acier-ecorce-de-bouleau\/"},"modified":"2026-01-15T21:44:27","modified_gmt":"2026-01-15T20:44:27","slug":"blaireau-rocca-en-acier-ecorce-de-bouleau","status":"publish","type":"product","link":"https:\/\/manskin.ch\/fr\/produkt\/blaireau-rocca-en-acier-ecorce-de-bouleau\/","title":{"rendered":"M\u00dcHLE &#8211; Blaireau ROCCA en acier inoxydable &amp; \u00e9corce de bouleau"},"content":{"rendered":"<h2>M\u00dcHLE &#8211; Blaireau ROCCA pointe argent\u00e9e en acier inoxydable &amp; \u00e9corce de bouleau M95<\/h2>\n<ul>\n<li>Blaireau avec pointe argent\u00e9e, t\u00eate de blaireau interchangeable<\/li>\n<li>Taille de la bague M : 21 mm<\/li>\n<li>Poign\u00e9es en acier inoxydable\/\u00e9corce de bouleau<\/li>\n<li>Les connaisseurs consid\u00e8rent le poil de blaireau Silverspitz comme le summum : seuls les meilleurs poils de blaireau soigneusement tri\u00e9s sont utilis\u00e9s pour les blaireaux fabriqu\u00e9s enti\u00e8rement \u00e0 la main.<\/li>\n<li>Ce pr\u00e9cieux mat\u00e9riau naturel est particuli\u00e8rement doux et flexible. Les poils fins et coniques ont la capacit\u00e9 d&rsquo;absorber beaucoup d&rsquo;eau et produisent une mousse dense et cr\u00e9meuse.<\/li>\n<li>La t\u00eate du pinceau est dot\u00e9e d&rsquo;un filetage fin &#8211; et peut donc \u00eatre remplac\u00e9e tr\u00e8s facilement.<\/li>\n<li>Manche : 57 mm x 32 mm, poids : 120 gr.<\/li>\n<\/ul>\n<h3><span style=\"color: #f39c12;\">Le mat\u00e9riau \u00e9corce de bouleau<\/span><\/h3>\n<ul>\n<li>Pendant des mill\u00e9naires, l&rsquo;\u00e9corce de bouleau a eu une importance technique similaire \u00e0 celle des mati\u00e8res plastiques de nos jours.<\/li>\n<li>Outre sa texture vari\u00e9e, l&rsquo;\u00e9corce impressionne par son toucher agr\u00e9able, chaud et velout\u00e9.<\/li>\n<li>Le mat\u00e9riau est extr\u00eamement durable, tr\u00e8s maniable m\u00eame lorsqu&rsquo;il est mouill\u00e9 et particuli\u00e8rement facile \u00e0 entretenir..<\/li>\n<\/ul>\n","protected":false},"excerpt":{"rendered":"<p>M\u00dcHLE &#8211; Blaireau ROCCA pointe argent\u00e9e en acier inoxydable &amp; \u00e9corce de bouleau M95 Blaireau avec pointe argent\u00e9e, t\u00eate de blaireau interchangeable Taille de la bague M : 21 mm Poign\u00e9es en acier inoxydable\/\u00e9corce de bouleau Les connaisseurs consid\u00e8rent le poil de blaireau Silverspitz comme le summum : seuls les meilleurs poils de blaireau soigneusement &#8230; <a title=\"M\u00dcHLE &#8211; Blaireau ROCCA en acier inoxydable &amp; \u00e9corce de bouleau\" class=\"read-more\" href=\"https:\/\/manskin.ch\/fr\/produkt\/blaireau-rocca-en-acier-ecorce-de-bouleau\/\" aria-label=\"En savoir plus sur M\u00dcHLE &#8211; Blaireau ROCCA en acier inoxydable &amp; \u00e9corce de bouleau\">Lire la suite<\/a><\/p>\n","protected":false},"featured_media":61534,"comment_status":"closed","ping_status":"closed","template":"","meta":{"_acf_changed":false},"pwb-brand":[2769],"product_brand":[],"product_cat":[2425,2412],"product_tag":[],"class_list":{"0":"post-61527","1":"product","2":"type-product","3":"status-publish","4":"has-post-thumbnail","6":"pwb-brand-muehle","7":"product_cat-blaireau-new","8":"product_cat-muehle-fr","9":"product_shipping_class-standard-fr","10":"sales-flash-overlay","11":"woocommerce-text-align-center","12":"woocommerce-image-align-center","13":"do-quantity-buttons","15":"first","16":"instock","17":"taxable","18":"shipping-taxable","19":"purchasable","20":"product-type-simple"},"acf":[],"yoast_head":"<!-- This site is optimized with the Yoast SEO Premium plugin v27.3 (Yoast SEO v27.3) - https:\/\/yoast.com\/product\/yoast-seo-premium-wordpress\/ -->\n<title>M\u00fchle Rocca Blaireau acier inoxydable &amp; \u00e9corce de bouleau | Manskin.ch<\/title>\n<meta name=\"description\" content=\"Obtenez le nec plus ultra des blaireaux \u00e0 pointe argent\u00e9e pour un rasage de luxe. D\u00e9couvrez la qualit\u00e9 et le confort de Rocca*\" \/>\n<meta name=\"robots\" content=\"index, follow, max-snippet:-1, max-image-preview:large, max-video-preview:-1\" \/>\n<link rel=\"canonical\" href=\"https:\/\/manskin.ch\/fr\/produkt\/blaireau-rocca-en-acier-ecorce-de-bouleau\/\" \/>\n<meta property=\"og:locale\" content=\"fr_FR\" \/>\n<meta property=\"og:type\" content=\"article\" \/>\n<meta property=\"og:title\" content=\"M\u00dcHLE - Blaireau ROCCA en acier inoxydable &amp; \u00e9corce de bouleau\" \/>\n<meta property=\"og:description\" content=\"Obtenez le nec plus ultra des blaireaux \u00e0 pointe argent\u00e9e pour un rasage de luxe. D\u00e9couvrez la qualit\u00e9 et le confort de Rocca*\" \/>\n<meta property=\"og:url\" content=\"https:\/\/manskin.ch\/fr\/produkt\/blaireau-rocca-en-acier-ecorce-de-bouleau\/\" \/>\n<meta property=\"og:site_name\" content=\"Manskin.ch\" \/>\n<meta property=\"article:publisher\" content=\"https:\/\/www.facebook.com\/manskin.ch\" \/>\n<meta property=\"article:modified_time\" content=\"2026-01-15T20:44:27+00:00\" \/>\n<meta property=\"og:image\" content=\"https:\/\/manskin.ch\/wp-content\/uploads\/2024\/10\/091m95-rocca-brush_birch.jpg\" \/>\n\t<meta property=\"og:image:width\" content=\"800\" \/>\n\t<meta property=\"og:image:height\" content=\"800\" \/>\n\t<meta property=\"og:image:type\" content=\"image\/jpeg\" \/>\n<meta name=\"twitter:card\" content=\"summary_large_image\" \/>\n<meta name=\"twitter:label1\" content=\"Prix\" \/>\n\t<meta name=\"twitter:data1\" content=\"139.00&#067;&#072;&#070;\" \/>\n\t<meta name=\"twitter:label2\" content=\"Disponibilit\u00e9\" \/>\n\t<meta name=\"twitter:data2\" content=\"En stock\" \/>\n<script type=\"application\/ld+json\" class=\"yoast-schema-graph\">{\"@context\":\"https:\\\/\\\/schema.org\",\"@graph\":[{\"@type\":\"WebPage\",\"@id\":\"https:\\\/\\\/manskin.ch\\\/fr\\\/produkt\\\/blaireau-rocca-en-acier-ecorce-de-bouleau\\\/\",\"url\":\"https:\\\/\\\/manskin.ch\\\/fr\\\/produkt\\\/blaireau-rocca-en-acier-ecorce-de-bouleau\\\/\",\"name\":\"M\u00fchle Rocca Blaireau acier inoxydable & \u00e9corce de bouleau | Manskin.ch\",\"isPartOf\":{\"@id\":\"https:\\\/\\\/manskin.ch\\\/fr\\\/#website\"},\"primaryImageOfPage\":{\"@id\":\"https:\\\/\\\/manskin.ch\\\/fr\\\/produkt\\\/blaireau-rocca-en-acier-ecorce-de-bouleau\\\/#primaryimage\"},\"image\":{\"@id\":\"https:\\\/\\\/manskin.ch\\\/fr\\\/produkt\\\/blaireau-rocca-en-acier-ecorce-de-bouleau\\\/#primaryimage\"},\"thumbnailUrl\":\"https:\\\/\\\/manskin.ch\\\/wp-content\\\/uploads\\\/2024\\\/10\\\/091m95-rocca-brush_birch.jpg\",\"datePublished\":\"2024-10-05T14:06:22+00:00\",\"dateModified\":\"2026-01-15T20:44:27+00:00\",\"description\":\"Obtenez le nec plus ultra des blaireaux \u00e0 pointe argent\u00e9e pour un rasage de luxe. D\u00e9couvrez la qualit\u00e9 et le confort de Rocca*\",\"breadcrumb\":{\"@id\":\"https:\\\/\\\/manskin.ch\\\/fr\\\/produkt\\\/blaireau-rocca-en-acier-ecorce-de-bouleau\\\/#breadcrumb\"},\"inLanguage\":\"fr-FR\",\"potentialAction\":[{\"@type\":\"ReadAction\",\"target\":[\"https:\\\/\\\/manskin.ch\\\/fr\\\/produkt\\\/blaireau-rocca-en-acier-ecorce-de-bouleau\\\/\"]}]},{\"@type\":\"ImageObject\",\"inLanguage\":\"fr-FR\",\"@id\":\"https:\\\/\\\/manskin.ch\\\/fr\\\/produkt\\\/blaireau-rocca-en-acier-ecorce-de-bouleau\\\/#primaryimage\",\"url\":\"https:\\\/\\\/manskin.ch\\\/wp-content\\\/uploads\\\/2024\\\/10\\\/091m95-rocca-brush_birch.jpg\",\"contentUrl\":\"https:\\\/\\\/manskin.ch\\\/wp-content\\\/uploads\\\/2024\\\/10\\\/091m95-rocca-brush_birch.jpg\",\"width\":800,\"height\":800},{\"@type\":\"BreadcrumbList\",\"@id\":\"https:\\\/\\\/manskin.ch\\\/fr\\\/produkt\\\/blaireau-rocca-en-acier-ecorce-de-bouleau\\\/#breadcrumb\",\"itemListElement\":[{\"@type\":\"ListItem\",\"position\":1,\"name\":\"Startseite\",\"item\":\"https:\\\/\\\/manskin.ch\\\/fr\\\/\"},{\"@type\":\"ListItem\",\"position\":2,\"name\":\"Boutique\",\"item\":\"https:\\\/\\\/manskin.ch\\\/fr\\\/boutique\\\/\"},{\"@type\":\"ListItem\",\"position\":3,\"name\":\"M\u00dcHLE &#8211; Blaireau ROCCA en acier inoxydable &amp; \u00e9corce de bouleau\"}]},{\"@type\":\"WebSite\",\"@id\":\"https:\\\/\\\/manskin.ch\\\/fr\\\/#website\",\"url\":\"https:\\\/\\\/manskin.ch\\\/fr\\\/\",\"name\":\"Manskin.ch\",\"description\":\"Tous les produits de beaut\u00e9 pour les hommes les plus exigeants\",\"publisher\":{\"@id\":\"https:\\\/\\\/manskin.ch\\\/fr\\\/#organization\"},\"potentialAction\":[{\"@type\":\"SearchAction\",\"target\":{\"@type\":\"EntryPoint\",\"urlTemplate\":\"https:\\\/\\\/manskin.ch\\\/fr\\\/?s={search_term_string}\"},\"query-input\":{\"@type\":\"PropertyValueSpecification\",\"valueRequired\":true,\"valueName\":\"search_term_string\"}}],\"inLanguage\":\"fr-FR\"},{\"@type\":\"Organization\",\"@id\":\"https:\\\/\\\/manskin.ch\\\/fr\\\/#organization\",\"name\":\"Manskin.ch - der Schweizer Onlineshop f\u00fcr qualit\u00e4tsstarke M\u00e4nnerpflege\",\"url\":\"https:\\\/\\\/manskin.ch\\\/fr\\\/\",\"logo\":{\"@type\":\"ImageObject\",\"inLanguage\":\"fr-FR\",\"@id\":\"https:\\\/\\\/manskin.ch\\\/fr\\\/#\\\/schema\\\/logo\\\/image\\\/\",\"url\":\"https:\\\/\\\/manskin.ch\\\/wp-content\\\/uploads\\\/2021\\\/04\\\/cropped-logo_head.png\",\"contentUrl\":\"https:\\\/\\\/manskin.ch\\\/wp-content\\\/uploads\\\/2021\\\/04\\\/cropped-logo_head.png\",\"width\":235,\"height\":75,\"caption\":\"Manskin.ch - der Schweizer Onlineshop f\u00fcr qualit\u00e4tsstarke M\u00e4nnerpflege\"},\"image\":{\"@id\":\"https:\\\/\\\/manskin.ch\\\/fr\\\/#\\\/schema\\\/logo\\\/image\\\/\"},\"sameAs\":[\"https:\\\/\\\/www.facebook.com\\\/manskin.ch\",\"https:\\\/\\\/www.instagram.com\\\/manskin.ch\\\/\"]}]}<\/script>\n<meta property=\"product:price:amount\" content=\"139.00\" \/>\n<meta property=\"product:price:currency\" content=\"CHF\" \/>\n<meta property=\"og:availability\" content=\"instock\" \/>\n<meta property=\"product:availability\" content=\"instock\" \/>\n<meta property=\"product:retailer_item_id\" content=\"14178\" \/>\n<meta property=\"product:condition\" content=\"new\" \/>\n<!-- \/ Yoast SEO Premium plugin. -->","yoast_head_json":{"title":"M\u00fchle Rocca Blaireau acier inoxydable & \u00e9corce de bouleau | Manskin.ch","description":"Obtenez le nec plus ultra des blaireaux \u00e0 pointe argent\u00e9e pour un rasage de luxe. D\u00e9couvrez la qualit\u00e9 et le confort de Rocca*","robots":{"index":"index","follow":"follow","max-snippet":"max-snippet:-1","max-image-preview":"max-image-preview:large","max-video-preview":"max-video-preview:-1"},"canonical":"https:\/\/manskin.ch\/fr\/produkt\/blaireau-rocca-en-acier-ecorce-de-bouleau\/","og_locale":"fr_FR","og_type":"article","og_title":"M\u00dcHLE - Blaireau ROCCA en acier inoxydable &amp; \u00e9corce de bouleau","og_description":"Obtenez le nec plus ultra des blaireaux \u00e0 pointe argent\u00e9e pour un rasage de luxe. D\u00e9couvrez la qualit\u00e9 et le confort de Rocca*","og_url":"https:\/\/manskin.ch\/fr\/produkt\/blaireau-rocca-en-acier-ecorce-de-bouleau\/","og_site_name":"Manskin.ch","article_publisher":"https:\/\/www.facebook.com\/manskin.ch","article_modified_time":"2026-01-15T20:44:27+00:00","og_image":[{"width":800,"height":800,"url":"https:\/\/manskin.ch\/wp-content\/uploads\/2024\/10\/091m95-rocca-brush_birch.jpg","type":"image\/jpeg"}],"twitter_card":"summary_large_image","twitter_misc":{"Prix":"139.00&#67;&#72;&#70;","Disponibilit\u00e9":"En stock"},"schema":{"@context":"https:\/\/schema.org","@graph":[{"@type":"WebPage","@id":"https:\/\/manskin.ch\/fr\/produkt\/blaireau-rocca-en-acier-ecorce-de-bouleau\/","url":"https:\/\/manskin.ch\/fr\/produkt\/blaireau-rocca-en-acier-ecorce-de-bouleau\/","name":"M\u00fchle Rocca Blaireau acier inoxydable & \u00e9corce de bouleau | Manskin.ch","isPartOf":{"@id":"https:\/\/manskin.ch\/fr\/#website"},"primaryImageOfPage":{"@id":"https:\/\/manskin.ch\/fr\/produkt\/blaireau-rocca-en-acier-ecorce-de-bouleau\/#primaryimage"},"image":{"@id":"https:\/\/manskin.ch\/fr\/produkt\/blaireau-rocca-en-acier-ecorce-de-bouleau\/#primaryimage"},"thumbnailUrl":"https:\/\/manskin.ch\/wp-content\/uploads\/2024\/10\/091m95-rocca-brush_birch.jpg","datePublished":"2024-10-05T14:06:22+00:00","dateModified":"2026-01-15T20:44:27+00:00","description":"Obtenez le nec plus ultra des blaireaux \u00e0 pointe argent\u00e9e pour un rasage de luxe. D\u00e9couvrez la qualit\u00e9 et le confort de Rocca*","breadcrumb":{"@id":"https:\/\/manskin.ch\/fr\/produkt\/blaireau-rocca-en-acier-ecorce-de-bouleau\/#breadcrumb"},"inLanguage":"fr-FR","potentialAction":[{"@type":"ReadAction","target":["https:\/\/manskin.ch\/fr\/produkt\/blaireau-rocca-en-acier-ecorce-de-bouleau\/"]}]},{"@type":"ImageObject","inLanguage":"fr-FR","@id":"https:\/\/manskin.ch\/fr\/produkt\/blaireau-rocca-en-acier-ecorce-de-bouleau\/#primaryimage","url":"https:\/\/manskin.ch\/wp-content\/uploads\/2024\/10\/091m95-rocca-brush_birch.jpg","contentUrl":"https:\/\/manskin.ch\/wp-content\/uploads\/2024\/10\/091m95-rocca-brush_birch.jpg","width":800,"height":800},{"@type":"BreadcrumbList","@id":"https:\/\/manskin.ch\/fr\/produkt\/blaireau-rocca-en-acier-ecorce-de-bouleau\/#breadcrumb","itemListElement":[{"@type":"ListItem","position":1,"name":"Startseite","item":"https:\/\/manskin.ch\/fr\/"},{"@type":"ListItem","position":2,"name":"Boutique","item":"https:\/\/manskin.ch\/fr\/boutique\/"},{"@type":"ListItem","position":3,"name":"M\u00dcHLE &#8211; Blaireau ROCCA en acier inoxydable &amp; \u00e9corce de bouleau"}]},{"@type":"WebSite","@id":"https:\/\/manskin.ch\/fr\/#website","url":"https:\/\/manskin.ch\/fr\/","name":"Manskin.ch","description":"Tous les produits de beaut\u00e9 pour les hommes les plus exigeants","publisher":{"@id":"https:\/\/manskin.ch\/fr\/#organization"},"potentialAction":[{"@type":"SearchAction","target":{"@type":"EntryPoint","urlTemplate":"https:\/\/manskin.ch\/fr\/?s={search_term_string}"},"query-input":{"@type":"PropertyValueSpecification","valueRequired":true,"valueName":"search_term_string"}}],"inLanguage":"fr-FR"},{"@type":"Organization","@id":"https:\/\/manskin.ch\/fr\/#organization","name":"Manskin.ch - der Schweizer Onlineshop f\u00fcr qualit\u00e4tsstarke M\u00e4nnerpflege","url":"https:\/\/manskin.ch\/fr\/","logo":{"@type":"ImageObject","inLanguage":"fr-FR","@id":"https:\/\/manskin.ch\/fr\/#\/schema\/logo\/image\/","url":"https:\/\/manskin.ch\/wp-content\/uploads\/2021\/04\/cropped-logo_head.png","contentUrl":"https:\/\/manskin.ch\/wp-content\/uploads\/2021\/04\/cropped-logo_head.png","width":235,"height":75,"caption":"Manskin.ch - der Schweizer Onlineshop f\u00fcr qualit\u00e4tsstarke M\u00e4nnerpflege"},"image":{"@id":"https:\/\/manskin.ch\/fr\/#\/schema\/logo\/image\/"},"sameAs":["https:\/\/www.facebook.com\/manskin.ch","https:\/\/www.instagram.com\/manskin.ch\/"]}]},"product_price_amount":"139.00","product_price_currency":"CHF","og_availability":"instock","product_availability":"instock","product_retailer_item_id":"14178","product_condition":"new"},"brands":[{"id":2769,"name":"M\u00dcHLE","slug":"muehle"}],"_links":{"self":[{"href":"https:\/\/manskin.ch\/fr\/wp-json\/wp\/v2\/product\/61527","targetHints":{"allow":["GET"]}}],"collection":[{"href":"https:\/\/manskin.ch\/fr\/wp-json\/wp\/v2\/product"}],"about":[{"href":"https:\/\/manskin.ch\/fr\/wp-json\/wp\/v2\/types\/product"}],"replies":[{"embeddable":true,"href":"https:\/\/manskin.ch\/fr\/wp-json\/wp\/v2\/comments?post=61527"}],"wp:featuredmedia":[{"embeddable":true,"href":"https:\/\/manskin.ch\/fr\/wp-json\/wp\/v2\/media\/61534"}],"wp:attachment":[{"href":"https:\/\/manskin.ch\/fr\/wp-json\/wp\/v2\/media?parent=61527"}],"wp:term":[{"taxonomy":"pwb-brand","embeddable":true,"href":"https:\/\/manskin.ch\/fr\/wp-json\/wp\/v2\/pwb-brand?post=61527"},{"taxonomy":"product_brand","embeddable":true,"href":"https:\/\/manskin.ch\/fr\/wp-json\/wp\/v2\/product_brand?post=61527"},{"taxonomy":"product_cat","embeddable":true,"href":"https:\/\/manskin.ch\/fr\/wp-json\/wp\/v2\/product_cat?post=61527"},{"taxonomy":"product_tag","embeddable":true,"href":"https:\/\/manskin.ch\/fr\/wp-json\/wp\/v2\/product_tag?post=61527"}],"curies":[{"name":"wp","href":"https:\/\/api.w.org\/{rel}","templated":true}]}}