{"id":61396,"date":"2024-10-02T14:28:42","date_gmt":"2024-10-02T12:28:42","guid":{"rendered":"https:\/\/manskin.ch\/produkt\/beard-and-brow-mascara-brun-fonce\/"},"modified":"2025-08-16T22:59:04","modified_gmt":"2025-08-16T20:59:04","slug":"bb-cream-light","status":"publish","type":"product","link":"https:\/\/manskin.ch\/fr\/produkt\/bb-cream-light\/","title":{"rendered":"BB Cream Tinted Moisturiser Light"},"content":{"rendered":"<h2>BB Cream Light &#8211; Cr&egrave;me de jour teint&eacute;e<\/h2>\n<ul>\n<li>La BB Creme (Beauty Balm) assure un teint frais et sans d&eacute;faut avec un fini anti-brillance.<\/li>\n<li>Avec cette formule qui p&eacute;n&egrave;tre rapidement, tu peux cacher et &eacute;liminer de mani&egrave;re cibl&eacute;e les rougeurs, les irritations, les taches, les impuret&eacute;s cutan&eacute;es, la peau rugueuse et bien d&#39;autres choses encore.<\/li>\n<li>La BB Cream a &eacute;t&eacute; con&ccedil;ue avec une touche de couleur pour camoufler instantan&eacute;ment les imperfections de la peau.<\/li>\n<li>La formule 5 en 1 de la BB Cream pour hommes offre:\u25e6Age Defense : elle offre une excellente protection quotidienne de la peau et emp&ecirc;che la salet&eacute;, les toxines et les impuret&eacute;s de p&eacute;n&eacute;trer dans la peau.<\/li>\n<li>Teinte l&eacute;g&egrave;re : la touche de couleur masculine permet d&#39;obtenir une apparence plus &eacute;clatante et plus saine gr&acirc;ce &agrave; des ingr&eacute;dients hydratants.<\/li>\n<li>Enzymes &eacute;claircissantes : elles conf&egrave;rent &agrave; la peau un &eacute;clat mat sain et cr&eacute;ent des effets de diffusion de la lumi&egrave;re &agrave; la surface de la peau pour minimiser l&#39;apparence des peaux rugueuses et ab&icirc;m&eacute;es.<\/li>\n<li>Contr&ocirc;le du s&eacute;bum : des particules absorbant l&#39;huile assurent un fini mat.<\/li>\n<li>Mol&eacute;cules &eacute;claircissantes : ces mol&eacute;cules comblent les lignes de stress, les rides et les ridules chez les hommes et font para&icirc;tre le teint plus jeune et plus vital.<br \/>\n\t&nbsp;<\/li>\n<li>Disponible dans les couleurs Light (clair) et Light\/Medium.<\/li>\n<\/ul>\n<p>Contenu 40 ml.<\/p>\n<p>.<\/p>\n","protected":false},"excerpt":{"rendered":"<p>Hydratant teint\u00e9<\/p>\n","protected":false},"featured_media":65578,"comment_status":"closed","ping_status":"closed","template":"","meta":{"_acf_changed":false},"pwb-brand":[],"product_brand":[],"product_cat":[2869,2890,2406,2337],"product_tag":[],"class_list":{"0":"post-61396","1":"product","2":"type-product","3":"status-publish","4":"has-post-thumbnail","6":"product_cat-make-up-pour-hommes","8":"product_cat-make-up-fuer-gesicht-fr","9":"product_cat-teint-parfait","10":"product_shipping_class-standard-fr","11":"sales-flash-overlay","12":"woocommerce-text-align-center","13":"woocommerce-image-align-center","14":"do-quantity-buttons","15":"wc-has-gallery","17":"first","18":"instock","19":"taxable","20":"shipping-taxable","21":"purchasable","22":"product-type-simple"},"acf":[],"yoast_head":"<!-- This site is optimized with the Yoast SEO Premium plugin v27.3 (Yoast SEO v27.3) - https:\/\/yoast.com\/product\/yoast-seo-premium-wordpress\/ -->\n<title>BB Cream cr\u00e8me de jour teint\u00e9e pour hommes | maintenant chez Manskin.ch<\/title>\n<meta name=\"description\" content=\"Obtenez un teint impeccable avec un fini anti-brillance gr\u00e2ce \u00e0 notre BB Cream pour hommes. Sa formule 5 en 1 couvre les imperfections de la peau et donne un teint frais.\" \/>\n<meta name=\"robots\" content=\"index, follow, max-snippet:-1, max-image-preview:large, max-video-preview:-1\" \/>\n<link rel=\"canonical\" href=\"https:\/\/manskin.ch\/fr\/produkt\/bb-cream-light\/\" \/>\n<meta property=\"og:locale\" content=\"fr_FR\" \/>\n<meta property=\"og:type\" content=\"article\" \/>\n<meta property=\"og:title\" content=\"BB Cream Tinted Moisturiser Light\" \/>\n<meta property=\"og:description\" content=\"Obtenez un teint impeccable avec un fini anti-brillance gr\u00e2ce \u00e0 notre BB Cream pour hommes. Sa formule 5 en 1 couvre les imperfections de la peau et donne un teint frais.\" \/>\n<meta property=\"og:url\" content=\"https:\/\/manskin.ch\/fr\/produkt\/bb-cream-light\/\" \/>\n<meta property=\"og:site_name\" content=\"Manskin.ch\" \/>\n<meta property=\"article:publisher\" content=\"https:\/\/www.facebook.com\/manskin.ch\" \/>\n<meta property=\"article:modified_time\" content=\"2025-08-16T20:59:04+00:00\" \/>\n<meta property=\"og:image\" content=\"https:\/\/manskin.ch\/wp-content\/uploads\/2024\/10\/BB-Cream-Light-Fro-High-Quality.jpg\" \/>\n\t<meta property=\"og:image:width\" content=\"1000\" \/>\n\t<meta property=\"og:image:height\" content=\"1000\" \/>\n\t<meta property=\"og:image:type\" content=\"image\/jpeg\" \/>\n<meta name=\"twitter:card\" content=\"summary_large_image\" \/>\n<meta name=\"twitter:label1\" content=\"Prix\" \/>\n\t<meta name=\"twitter:data1\" content=\"39.00&#067;&#072;&#070;\" \/>\n\t<meta name=\"twitter:label2\" content=\"Disponibilit\u00e9\" \/>\n\t<meta name=\"twitter:data2\" content=\"En stock\" \/>\n<script type=\"application\/ld+json\" class=\"yoast-schema-graph\">{\"@context\":\"https:\\\/\\\/schema.org\",\"@graph\":[{\"@type\":\"WebPage\",\"@id\":\"https:\\\/\\\/manskin.ch\\\/fr\\\/produkt\\\/bb-cream-light\\\/\",\"url\":\"https:\\\/\\\/manskin.ch\\\/fr\\\/produkt\\\/bb-cream-light\\\/\",\"name\":\"BB Cream cr\u00e8me de jour teint\u00e9e pour hommes | maintenant chez Manskin.ch\",\"isPartOf\":{\"@id\":\"https:\\\/\\\/manskin.ch\\\/fr\\\/#website\"},\"primaryImageOfPage\":{\"@id\":\"https:\\\/\\\/manskin.ch\\\/fr\\\/produkt\\\/bb-cream-light\\\/#primaryimage\"},\"image\":{\"@id\":\"https:\\\/\\\/manskin.ch\\\/fr\\\/produkt\\\/bb-cream-light\\\/#primaryimage\"},\"thumbnailUrl\":\"https:\\\/\\\/manskin.ch\\\/wp-content\\\/uploads\\\/2024\\\/10\\\/BB-Cream-Light-Fro-High-Quality.jpg\",\"datePublished\":\"2024-10-02T12:28:42+00:00\",\"dateModified\":\"2025-08-16T20:59:04+00:00\",\"description\":\"Obtenez un teint impeccable avec un fini anti-brillance gr\u00e2ce \u00e0 notre BB Cream pour hommes. Sa formule 5 en 1 couvre les imperfections de la peau et donne un teint frais.\",\"breadcrumb\":{\"@id\":\"https:\\\/\\\/manskin.ch\\\/fr\\\/produkt\\\/bb-cream-light\\\/#breadcrumb\"},\"inLanguage\":\"fr-FR\",\"potentialAction\":[{\"@type\":\"ReadAction\",\"target\":[\"https:\\\/\\\/manskin.ch\\\/fr\\\/produkt\\\/bb-cream-light\\\/\"]}]},{\"@type\":\"ImageObject\",\"inLanguage\":\"fr-FR\",\"@id\":\"https:\\\/\\\/manskin.ch\\\/fr\\\/produkt\\\/bb-cream-light\\\/#primaryimage\",\"url\":\"https:\\\/\\\/manskin.ch\\\/wp-content\\\/uploads\\\/2024\\\/10\\\/BB-Cream-Light-Fro-High-Quality.jpg\",\"contentUrl\":\"https:\\\/\\\/manskin.ch\\\/wp-content\\\/uploads\\\/2024\\\/10\\\/BB-Cream-Light-Fro-High-Quality.jpg\",\"width\":1000,\"height\":1000},{\"@type\":\"BreadcrumbList\",\"@id\":\"https:\\\/\\\/manskin.ch\\\/fr\\\/produkt\\\/bb-cream-light\\\/#breadcrumb\",\"itemListElement\":[{\"@type\":\"ListItem\",\"position\":1,\"name\":\"Startseite\",\"item\":\"https:\\\/\\\/manskin.ch\\\/fr\\\/\"},{\"@type\":\"ListItem\",\"position\":2,\"name\":\"Boutique\",\"item\":\"https:\\\/\\\/manskin.ch\\\/fr\\\/boutique\\\/\"},{\"@type\":\"ListItem\",\"position\":3,\"name\":\"BB Cream Tinted Moisturiser Light\"}]},{\"@type\":\"WebSite\",\"@id\":\"https:\\\/\\\/manskin.ch\\\/fr\\\/#website\",\"url\":\"https:\\\/\\\/manskin.ch\\\/fr\\\/\",\"name\":\"Manskin.ch\",\"description\":\"Tous les produits de beaut\u00e9 pour les hommes les plus exigeants\",\"publisher\":{\"@id\":\"https:\\\/\\\/manskin.ch\\\/fr\\\/#organization\"},\"potentialAction\":[{\"@type\":\"SearchAction\",\"target\":{\"@type\":\"EntryPoint\",\"urlTemplate\":\"https:\\\/\\\/manskin.ch\\\/fr\\\/?s={search_term_string}\"},\"query-input\":{\"@type\":\"PropertyValueSpecification\",\"valueRequired\":true,\"valueName\":\"search_term_string\"}}],\"inLanguage\":\"fr-FR\"},{\"@type\":\"Organization\",\"@id\":\"https:\\\/\\\/manskin.ch\\\/fr\\\/#organization\",\"name\":\"Manskin.ch - der Schweizer Onlineshop f\u00fcr qualit\u00e4tsstarke M\u00e4nnerpflege\",\"url\":\"https:\\\/\\\/manskin.ch\\\/fr\\\/\",\"logo\":{\"@type\":\"ImageObject\",\"inLanguage\":\"fr-FR\",\"@id\":\"https:\\\/\\\/manskin.ch\\\/fr\\\/#\\\/schema\\\/logo\\\/image\\\/\",\"url\":\"https:\\\/\\\/manskin.ch\\\/wp-content\\\/uploads\\\/2021\\\/04\\\/cropped-logo_head.png\",\"contentUrl\":\"https:\\\/\\\/manskin.ch\\\/wp-content\\\/uploads\\\/2021\\\/04\\\/cropped-logo_head.png\",\"width\":235,\"height\":75,\"caption\":\"Manskin.ch - der Schweizer Onlineshop f\u00fcr qualit\u00e4tsstarke M\u00e4nnerpflege\"},\"image\":{\"@id\":\"https:\\\/\\\/manskin.ch\\\/fr\\\/#\\\/schema\\\/logo\\\/image\\\/\"},\"sameAs\":[\"https:\\\/\\\/www.facebook.com\\\/manskin.ch\",\"https:\\\/\\\/www.instagram.com\\\/manskin.ch\\\/\"]}]}<\/script>\n<meta property=\"product:price:amount\" content=\"39.00\" \/>\n<meta property=\"product:price:currency\" content=\"CHF\" \/>\n<meta property=\"og:availability\" content=\"instock\" \/>\n<meta property=\"product:availability\" content=\"instock\" \/>\n<meta property=\"product:retailer_item_id\" content=\"14173\" \/>\n<meta property=\"product:condition\" content=\"new\" \/>\n<!-- \/ Yoast SEO Premium plugin. -->","yoast_head_json":{"title":"BB Cream cr\u00e8me de jour teint\u00e9e pour hommes | maintenant chez Manskin.ch","description":"Obtenez un teint impeccable avec un fini anti-brillance gr\u00e2ce \u00e0 notre BB Cream pour hommes. Sa formule 5 en 1 couvre les imperfections de la peau et donne un teint frais.","robots":{"index":"index","follow":"follow","max-snippet":"max-snippet:-1","max-image-preview":"max-image-preview:large","max-video-preview":"max-video-preview:-1"},"canonical":"https:\/\/manskin.ch\/fr\/produkt\/bb-cream-light\/","og_locale":"fr_FR","og_type":"article","og_title":"BB Cream Tinted Moisturiser Light","og_description":"Obtenez un teint impeccable avec un fini anti-brillance gr\u00e2ce \u00e0 notre BB Cream pour hommes. Sa formule 5 en 1 couvre les imperfections de la peau et donne un teint frais.","og_url":"https:\/\/manskin.ch\/fr\/produkt\/bb-cream-light\/","og_site_name":"Manskin.ch","article_publisher":"https:\/\/www.facebook.com\/manskin.ch","article_modified_time":"2025-08-16T20:59:04+00:00","og_image":[{"width":1000,"height":1000,"url":"https:\/\/manskin.ch\/wp-content\/uploads\/2024\/10\/BB-Cream-Light-Fro-High-Quality.jpg","type":"image\/jpeg"}],"twitter_card":"summary_large_image","twitter_misc":{"Prix":"39.00&#67;&#72;&#70;","Disponibilit\u00e9":"En stock"},"schema":{"@context":"https:\/\/schema.org","@graph":[{"@type":"WebPage","@id":"https:\/\/manskin.ch\/fr\/produkt\/bb-cream-light\/","url":"https:\/\/manskin.ch\/fr\/produkt\/bb-cream-light\/","name":"BB Cream cr\u00e8me de jour teint\u00e9e pour hommes | maintenant chez Manskin.ch","isPartOf":{"@id":"https:\/\/manskin.ch\/fr\/#website"},"primaryImageOfPage":{"@id":"https:\/\/manskin.ch\/fr\/produkt\/bb-cream-light\/#primaryimage"},"image":{"@id":"https:\/\/manskin.ch\/fr\/produkt\/bb-cream-light\/#primaryimage"},"thumbnailUrl":"https:\/\/manskin.ch\/wp-content\/uploads\/2024\/10\/BB-Cream-Light-Fro-High-Quality.jpg","datePublished":"2024-10-02T12:28:42+00:00","dateModified":"2025-08-16T20:59:04+00:00","description":"Obtenez un teint impeccable avec un fini anti-brillance gr\u00e2ce \u00e0 notre BB Cream pour hommes. Sa formule 5 en 1 couvre les imperfections de la peau et donne un teint frais.","breadcrumb":{"@id":"https:\/\/manskin.ch\/fr\/produkt\/bb-cream-light\/#breadcrumb"},"inLanguage":"fr-FR","potentialAction":[{"@type":"ReadAction","target":["https:\/\/manskin.ch\/fr\/produkt\/bb-cream-light\/"]}]},{"@type":"ImageObject","inLanguage":"fr-FR","@id":"https:\/\/manskin.ch\/fr\/produkt\/bb-cream-light\/#primaryimage","url":"https:\/\/manskin.ch\/wp-content\/uploads\/2024\/10\/BB-Cream-Light-Fro-High-Quality.jpg","contentUrl":"https:\/\/manskin.ch\/wp-content\/uploads\/2024\/10\/BB-Cream-Light-Fro-High-Quality.jpg","width":1000,"height":1000},{"@type":"BreadcrumbList","@id":"https:\/\/manskin.ch\/fr\/produkt\/bb-cream-light\/#breadcrumb","itemListElement":[{"@type":"ListItem","position":1,"name":"Startseite","item":"https:\/\/manskin.ch\/fr\/"},{"@type":"ListItem","position":2,"name":"Boutique","item":"https:\/\/manskin.ch\/fr\/boutique\/"},{"@type":"ListItem","position":3,"name":"BB Cream Tinted Moisturiser Light"}]},{"@type":"WebSite","@id":"https:\/\/manskin.ch\/fr\/#website","url":"https:\/\/manskin.ch\/fr\/","name":"Manskin.ch","description":"Tous les produits de beaut\u00e9 pour les hommes les plus exigeants","publisher":{"@id":"https:\/\/manskin.ch\/fr\/#organization"},"potentialAction":[{"@type":"SearchAction","target":{"@type":"EntryPoint","urlTemplate":"https:\/\/manskin.ch\/fr\/?s={search_term_string}"},"query-input":{"@type":"PropertyValueSpecification","valueRequired":true,"valueName":"search_term_string"}}],"inLanguage":"fr-FR"},{"@type":"Organization","@id":"https:\/\/manskin.ch\/fr\/#organization","name":"Manskin.ch - der Schweizer Onlineshop f\u00fcr qualit\u00e4tsstarke M\u00e4nnerpflege","url":"https:\/\/manskin.ch\/fr\/","logo":{"@type":"ImageObject","inLanguage":"fr-FR","@id":"https:\/\/manskin.ch\/fr\/#\/schema\/logo\/image\/","url":"https:\/\/manskin.ch\/wp-content\/uploads\/2021\/04\/cropped-logo_head.png","contentUrl":"https:\/\/manskin.ch\/wp-content\/uploads\/2021\/04\/cropped-logo_head.png","width":235,"height":75,"caption":"Manskin.ch - der Schweizer Onlineshop f\u00fcr qualit\u00e4tsstarke M\u00e4nnerpflege"},"image":{"@id":"https:\/\/manskin.ch\/fr\/#\/schema\/logo\/image\/"},"sameAs":["https:\/\/www.facebook.com\/manskin.ch","https:\/\/www.instagram.com\/manskin.ch\/"]}]},"product_price_amount":"39.00","product_price_currency":"CHF","og_availability":"instock","product_availability":"instock","product_retailer_item_id":"14173","product_condition":"new"},"brands":[],"_links":{"self":[{"href":"https:\/\/manskin.ch\/fr\/wp-json\/wp\/v2\/product\/61396","targetHints":{"allow":["GET"]}}],"collection":[{"href":"https:\/\/manskin.ch\/fr\/wp-json\/wp\/v2\/product"}],"about":[{"href":"https:\/\/manskin.ch\/fr\/wp-json\/wp\/v2\/types\/product"}],"replies":[{"embeddable":true,"href":"https:\/\/manskin.ch\/fr\/wp-json\/wp\/v2\/comments?post=61396"}],"wp:featuredmedia":[{"embeddable":true,"href":"https:\/\/manskin.ch\/fr\/wp-json\/wp\/v2\/media\/65578"}],"wp:attachment":[{"href":"https:\/\/manskin.ch\/fr\/wp-json\/wp\/v2\/media?parent=61396"}],"wp:term":[{"taxonomy":"pwb-brand","embeddable":true,"href":"https:\/\/manskin.ch\/fr\/wp-json\/wp\/v2\/pwb-brand?post=61396"},{"taxonomy":"product_brand","embeddable":true,"href":"https:\/\/manskin.ch\/fr\/wp-json\/wp\/v2\/product_brand?post=61396"},{"taxonomy":"product_cat","embeddable":true,"href":"https:\/\/manskin.ch\/fr\/wp-json\/wp\/v2\/product_cat?post=61396"},{"taxonomy":"product_tag","embeddable":true,"href":"https:\/\/manskin.ch\/fr\/wp-json\/wp\/v2\/product_tag?post=61396"}],"curies":[{"name":"wp","href":"https:\/\/api.w.org\/{rel}","templated":true}]}}