{"id":61254,"date":"2024-09-29T22:40:08","date_gmt":"2024-09-29T20:40:08","guid":{"rendered":"https:\/\/manskin.ch\/produkt\/barberinos-shampooing-pour-barbe\/"},"modified":"2026-03-09T12:48:18","modified_gmt":"2026-03-09T11:48:18","slug":"barberinos-huile-dargan","status":"publish","type":"product","link":"https:\/\/manskin.ch\/fr\/produkt\/barberinos-huile-dargan\/","title":{"rendered":"Barberino&rsquo;s &#8211; Huile d&rsquo;argan pour barbe et cheveux"},"content":{"rendered":"<h2>Barberino\u2019s &#8211; Huile d&rsquo;argan pour la barbe et les cheveux<\/h2>\n<ul>\n<li>L&rsquo;huile d&rsquo;argan pour la barbe et les cheveux est une huile naturelle extraite de l&rsquo;amande d&rsquo;argan qui convient parfaitement au soin, au renforcement et \u00e0 l&rsquo;\u00e9claircissement des cheveux et de la barbe.<\/li>\n<li>Ce pr\u00e9cieux \u00e9lixir naturel a une formulation unique qui agit en profondeur, donnant une sensation de douceur et de vitalit\u00e9 incomparables.<\/li>\n<li>Il donne de l&rsquo;\u00e9clat \u00e0 la barbe et aux cheveux et les hydrate. En outre, gr\u00e2ce \u00e0 sa composition, cette huile \u00e0 barbe forme un \u00ab film protecteur \u00bb qui prot\u00e8ge contre les \u00e9l\u00e9ments.<\/li>\n<li>En \u00e9t\u00e9, elle est parfaite comme soin apr\u00e8s-soleil pour la barbe et les cheveux le soir.<\/li>\n<li>L&rsquo;huile d&rsquo;argan convient \u00e0 tous les types de cheveux et aux barbes de longueur moyenne \u00e0 longue. Quel que soit ton style, cet \u00e9lixir polyvalent s&rsquo;adapte aux besoins de chacun et garantit des r\u00e9sultats \u00e9tonnants.<\/li>\n<\/ul>\n<p>Contenu\u00a050 ml.<\/p>\n","protected":false},"excerpt":{"rendered":"<p>Huile d&rsquo;argan pour le soin de la barbe et des cheveux<\/p>\n","protected":false},"featured_media":61275,"comment_status":"closed","ping_status":"closed","template":"","meta":{"_acf_changed":false},"pwb-brand":[2882],"product_brand":[],"product_cat":[2883,2273,2313],"product_tag":[],"class_list":{"0":"post-61254","1":"product","2":"type-product","3":"status-publish","4":"has-post-thumbnail","6":"pwb-brand-barberinos","7":"product_cat-barberinos","8":"product_cat-huile-pour-barbe-fr","9":"product_cat-soin-special-pour-barbe","10":"product_shipping_class-standard-fr","11":"sales-flash-overlay","12":"woocommerce-text-align-center","13":"woocommerce-image-align-center","14":"do-quantity-buttons","15":"wc-has-gallery","17":"first","18":"instock","19":"taxable","20":"shipping-taxable","21":"purchasable","22":"product-type-simple"},"acf":[],"yoast_head":"<!-- This site is optimized with the Yoast SEO Premium plugin v27.3 (Yoast SEO v27.3) - https:\/\/yoast.com\/product\/yoast-seo-premium-wordpress\/ -->\n<title>L&#039;huile d&#039;argan Barberino&#039;s pour la barbe et les cheveux : soin et brillance | Manskin.ch<\/title>\n<meta name=\"description\" content=\"Transforme tes cheveux et ta barbe avec l&#039;huile d&#039;argan de Barberino. Obtiens une brillance \u00e9clatante et hydrate-les en profondeur. Commence d\u00e8s aujourd&#039;hui !\" \/>\n<meta name=\"robots\" content=\"index, follow, max-snippet:-1, max-image-preview:large, max-video-preview:-1\" \/>\n<link rel=\"canonical\" href=\"https:\/\/manskin.ch\/fr\/produkt\/barberinos-huile-dargan\/\" \/>\n<meta property=\"og:locale\" content=\"fr_FR\" \/>\n<meta property=\"og:type\" content=\"article\" \/>\n<meta property=\"og:title\" content=\"Barberino&#039;s - Huile d&#039;argan pour barbe et cheveux\" \/>\n<meta property=\"og:description\" content=\"Transforme tes cheveux et ta barbe avec l&#039;huile d&#039;argan de Barberino. Obtiens une brillance \u00e9clatante et hydrate-les en profondeur. Commence d\u00e8s aujourd&#039;hui !\" \/>\n<meta property=\"og:url\" content=\"https:\/\/manskin.ch\/fr\/produkt\/barberinos-huile-dargan\/\" \/>\n<meta property=\"og:site_name\" content=\"Manskin.ch\" \/>\n<meta property=\"article:publisher\" content=\"https:\/\/www.facebook.com\/manskin.ch\" \/>\n<meta property=\"article:modified_time\" content=\"2026-03-09T11:48:18+00:00\" \/>\n<meta property=\"og:image\" content=\"https:\/\/manskin.ch\/wp-content\/uploads\/2024\/09\/OlioArgan1_1000x1000-1.webp\" \/>\n\t<meta property=\"og:image:width\" content=\"800\" \/>\n\t<meta property=\"og:image:height\" content=\"800\" \/>\n\t<meta property=\"og:image:type\" content=\"image\/webp\" \/>\n<meta name=\"twitter:card\" content=\"summary_large_image\" \/>\n<meta name=\"twitter:label1\" content=\"Prix\" \/>\n\t<meta name=\"twitter:data1\" content=\"22.00&#067;&#072;&#070;\" \/>\n\t<meta name=\"twitter:label2\" content=\"Disponibilit\u00e9\" \/>\n\t<meta name=\"twitter:data2\" content=\"En stock\" \/>\n<script type=\"application\/ld+json\" class=\"yoast-schema-graph\">{\"@context\":\"https:\\\/\\\/schema.org\",\"@graph\":[{\"@type\":\"WebPage\",\"@id\":\"https:\\\/\\\/manskin.ch\\\/fr\\\/produkt\\\/barberinos-huile-dargan\\\/\",\"url\":\"https:\\\/\\\/manskin.ch\\\/fr\\\/produkt\\\/barberinos-huile-dargan\\\/\",\"name\":\"L'huile d'argan Barberino's pour la barbe et les cheveux : soin et brillance | Manskin.ch\",\"isPartOf\":{\"@id\":\"https:\\\/\\\/manskin.ch\\\/fr\\\/#website\"},\"primaryImageOfPage\":{\"@id\":\"https:\\\/\\\/manskin.ch\\\/fr\\\/produkt\\\/barberinos-huile-dargan\\\/#primaryimage\"},\"image\":{\"@id\":\"https:\\\/\\\/manskin.ch\\\/fr\\\/produkt\\\/barberinos-huile-dargan\\\/#primaryimage\"},\"thumbnailUrl\":\"https:\\\/\\\/manskin.ch\\\/wp-content\\\/uploads\\\/2024\\\/09\\\/OlioArgan1_1000x1000-1.webp\",\"datePublished\":\"2024-09-29T20:40:08+00:00\",\"dateModified\":\"2026-03-09T11:48:18+00:00\",\"description\":\"Transforme tes cheveux et ta barbe avec l'huile d'argan de Barberino. Obtiens une brillance \u00e9clatante et hydrate-les en profondeur. Commence d\u00e8s aujourd'hui !\",\"breadcrumb\":{\"@id\":\"https:\\\/\\\/manskin.ch\\\/fr\\\/produkt\\\/barberinos-huile-dargan\\\/#breadcrumb\"},\"inLanguage\":\"fr-FR\",\"potentialAction\":[{\"@type\":\"ReadAction\",\"target\":[\"https:\\\/\\\/manskin.ch\\\/fr\\\/produkt\\\/barberinos-huile-dargan\\\/\"]}]},{\"@type\":\"ImageObject\",\"inLanguage\":\"fr-FR\",\"@id\":\"https:\\\/\\\/manskin.ch\\\/fr\\\/produkt\\\/barberinos-huile-dargan\\\/#primaryimage\",\"url\":\"https:\\\/\\\/manskin.ch\\\/wp-content\\\/uploads\\\/2024\\\/09\\\/OlioArgan1_1000x1000-1.webp\",\"contentUrl\":\"https:\\\/\\\/manskin.ch\\\/wp-content\\\/uploads\\\/2024\\\/09\\\/OlioArgan1_1000x1000-1.webp\",\"width\":800,\"height\":800},{\"@type\":\"BreadcrumbList\",\"@id\":\"https:\\\/\\\/manskin.ch\\\/fr\\\/produkt\\\/barberinos-huile-dargan\\\/#breadcrumb\",\"itemListElement\":[{\"@type\":\"ListItem\",\"position\":1,\"name\":\"Startseite\",\"item\":\"https:\\\/\\\/manskin.ch\\\/fr\\\/\"},{\"@type\":\"ListItem\",\"position\":2,\"name\":\"Boutique Soins pour Hommes &amp; Skincare\",\"item\":\"https:\\\/\\\/manskin.ch\\\/fr\\\/boutique\\\/\"},{\"@type\":\"ListItem\",\"position\":3,\"name\":\"Barberino&#8217;s &#8211; Huile d&#8217;argan pour barbe et cheveux\"}]},{\"@type\":\"WebSite\",\"@id\":\"https:\\\/\\\/manskin.ch\\\/fr\\\/#website\",\"url\":\"https:\\\/\\\/manskin.ch\\\/fr\\\/\",\"name\":\"Manskin.ch\",\"description\":\"Tous les produits de beaut\u00e9 pour les hommes les plus exigeants\",\"publisher\":{\"@id\":\"https:\\\/\\\/manskin.ch\\\/fr\\\/#organization\"},\"potentialAction\":[{\"@type\":\"SearchAction\",\"target\":{\"@type\":\"EntryPoint\",\"urlTemplate\":\"https:\\\/\\\/manskin.ch\\\/fr\\\/?s={search_term_string}\"},\"query-input\":{\"@type\":\"PropertyValueSpecification\",\"valueRequired\":true,\"valueName\":\"search_term_string\"}}],\"inLanguage\":\"fr-FR\"},{\"@type\":\"Organization\",\"@id\":\"https:\\\/\\\/manskin.ch\\\/fr\\\/#organization\",\"name\":\"Manskin.ch - der Schweizer Onlineshop f\u00fcr qualit\u00e4tsstarke M\u00e4nnerpflege\",\"url\":\"https:\\\/\\\/manskin.ch\\\/fr\\\/\",\"logo\":{\"@type\":\"ImageObject\",\"inLanguage\":\"fr-FR\",\"@id\":\"https:\\\/\\\/manskin.ch\\\/fr\\\/#\\\/schema\\\/logo\\\/image\\\/\",\"url\":\"https:\\\/\\\/manskin.ch\\\/wp-content\\\/uploads\\\/2021\\\/04\\\/cropped-logo_head.png\",\"contentUrl\":\"https:\\\/\\\/manskin.ch\\\/wp-content\\\/uploads\\\/2021\\\/04\\\/cropped-logo_head.png\",\"width\":235,\"height\":75,\"caption\":\"Manskin.ch - der Schweizer Onlineshop f\u00fcr qualit\u00e4tsstarke M\u00e4nnerpflege\"},\"image\":{\"@id\":\"https:\\\/\\\/manskin.ch\\\/fr\\\/#\\\/schema\\\/logo\\\/image\\\/\"},\"sameAs\":[\"https:\\\/\\\/www.facebook.com\\\/manskin.ch\",\"https:\\\/\\\/www.instagram.com\\\/manskin.ch\\\/\"]}]}<\/script>\n<meta property=\"product:price:amount\" content=\"22.00\" \/>\n<meta property=\"product:price:currency\" content=\"CHF\" \/>\n<meta property=\"og:availability\" content=\"instock\" \/>\n<meta property=\"product:availability\" content=\"instock\" \/>\n<meta property=\"product:retailer_item_id\" content=\"14165\" \/>\n<meta property=\"product:condition\" content=\"new\" \/>\n<!-- \/ Yoast SEO Premium plugin. -->","yoast_head_json":{"title":"L'huile d'argan Barberino's pour la barbe et les cheveux : soin et brillance | Manskin.ch","description":"Transforme tes cheveux et ta barbe avec l'huile d'argan de Barberino. Obtiens une brillance \u00e9clatante et hydrate-les en profondeur. Commence d\u00e8s aujourd'hui !","robots":{"index":"index","follow":"follow","max-snippet":"max-snippet:-1","max-image-preview":"max-image-preview:large","max-video-preview":"max-video-preview:-1"},"canonical":"https:\/\/manskin.ch\/fr\/produkt\/barberinos-huile-dargan\/","og_locale":"fr_FR","og_type":"article","og_title":"Barberino's - Huile d'argan pour barbe et cheveux","og_description":"Transforme tes cheveux et ta barbe avec l'huile d'argan de Barberino. Obtiens une brillance \u00e9clatante et hydrate-les en profondeur. Commence d\u00e8s aujourd'hui !","og_url":"https:\/\/manskin.ch\/fr\/produkt\/barberinos-huile-dargan\/","og_site_name":"Manskin.ch","article_publisher":"https:\/\/www.facebook.com\/manskin.ch","article_modified_time":"2026-03-09T11:48:18+00:00","og_image":[{"width":800,"height":800,"url":"https:\/\/manskin.ch\/wp-content\/uploads\/2024\/09\/OlioArgan1_1000x1000-1.webp","type":"image\/webp"}],"twitter_card":"summary_large_image","twitter_misc":{"Prix":"22.00&#67;&#72;&#70;","Disponibilit\u00e9":"En stock"},"schema":{"@context":"https:\/\/schema.org","@graph":[{"@type":"WebPage","@id":"https:\/\/manskin.ch\/fr\/produkt\/barberinos-huile-dargan\/","url":"https:\/\/manskin.ch\/fr\/produkt\/barberinos-huile-dargan\/","name":"L'huile d'argan Barberino's pour la barbe et les cheveux : soin et brillance | Manskin.ch","isPartOf":{"@id":"https:\/\/manskin.ch\/fr\/#website"},"primaryImageOfPage":{"@id":"https:\/\/manskin.ch\/fr\/produkt\/barberinos-huile-dargan\/#primaryimage"},"image":{"@id":"https:\/\/manskin.ch\/fr\/produkt\/barberinos-huile-dargan\/#primaryimage"},"thumbnailUrl":"https:\/\/manskin.ch\/wp-content\/uploads\/2024\/09\/OlioArgan1_1000x1000-1.webp","datePublished":"2024-09-29T20:40:08+00:00","dateModified":"2026-03-09T11:48:18+00:00","description":"Transforme tes cheveux et ta barbe avec l'huile d'argan de Barberino. Obtiens une brillance \u00e9clatante et hydrate-les en profondeur. Commence d\u00e8s aujourd'hui !","breadcrumb":{"@id":"https:\/\/manskin.ch\/fr\/produkt\/barberinos-huile-dargan\/#breadcrumb"},"inLanguage":"fr-FR","potentialAction":[{"@type":"ReadAction","target":["https:\/\/manskin.ch\/fr\/produkt\/barberinos-huile-dargan\/"]}]},{"@type":"ImageObject","inLanguage":"fr-FR","@id":"https:\/\/manskin.ch\/fr\/produkt\/barberinos-huile-dargan\/#primaryimage","url":"https:\/\/manskin.ch\/wp-content\/uploads\/2024\/09\/OlioArgan1_1000x1000-1.webp","contentUrl":"https:\/\/manskin.ch\/wp-content\/uploads\/2024\/09\/OlioArgan1_1000x1000-1.webp","width":800,"height":800},{"@type":"BreadcrumbList","@id":"https:\/\/manskin.ch\/fr\/produkt\/barberinos-huile-dargan\/#breadcrumb","itemListElement":[{"@type":"ListItem","position":1,"name":"Startseite","item":"https:\/\/manskin.ch\/fr\/"},{"@type":"ListItem","position":2,"name":"Boutique Soins pour Hommes &amp; Skincare","item":"https:\/\/manskin.ch\/fr\/boutique\/"},{"@type":"ListItem","position":3,"name":"Barberino&#8217;s &#8211; Huile d&#8217;argan pour barbe et cheveux"}]},{"@type":"WebSite","@id":"https:\/\/manskin.ch\/fr\/#website","url":"https:\/\/manskin.ch\/fr\/","name":"Manskin.ch","description":"Tous les produits de beaut\u00e9 pour les hommes les plus exigeants","publisher":{"@id":"https:\/\/manskin.ch\/fr\/#organization"},"potentialAction":[{"@type":"SearchAction","target":{"@type":"EntryPoint","urlTemplate":"https:\/\/manskin.ch\/fr\/?s={search_term_string}"},"query-input":{"@type":"PropertyValueSpecification","valueRequired":true,"valueName":"search_term_string"}}],"inLanguage":"fr-FR"},{"@type":"Organization","@id":"https:\/\/manskin.ch\/fr\/#organization","name":"Manskin.ch - der Schweizer Onlineshop f\u00fcr qualit\u00e4tsstarke M\u00e4nnerpflege","url":"https:\/\/manskin.ch\/fr\/","logo":{"@type":"ImageObject","inLanguage":"fr-FR","@id":"https:\/\/manskin.ch\/fr\/#\/schema\/logo\/image\/","url":"https:\/\/manskin.ch\/wp-content\/uploads\/2021\/04\/cropped-logo_head.png","contentUrl":"https:\/\/manskin.ch\/wp-content\/uploads\/2021\/04\/cropped-logo_head.png","width":235,"height":75,"caption":"Manskin.ch - der Schweizer Onlineshop f\u00fcr qualit\u00e4tsstarke M\u00e4nnerpflege"},"image":{"@id":"https:\/\/manskin.ch\/fr\/#\/schema\/logo\/image\/"},"sameAs":["https:\/\/www.facebook.com\/manskin.ch","https:\/\/www.instagram.com\/manskin.ch\/"]}]},"product_price_amount":"22.00","product_price_currency":"CHF","og_availability":"instock","product_availability":"instock","product_retailer_item_id":"14165","product_condition":"new"},"brands":[{"id":2882,"name":"Barberino\u2019s","slug":"barberinos"}],"_links":{"self":[{"href":"https:\/\/manskin.ch\/fr\/wp-json\/wp\/v2\/product\/61254","targetHints":{"allow":["GET"]}}],"collection":[{"href":"https:\/\/manskin.ch\/fr\/wp-json\/wp\/v2\/product"}],"about":[{"href":"https:\/\/manskin.ch\/fr\/wp-json\/wp\/v2\/types\/product"}],"replies":[{"embeddable":true,"href":"https:\/\/manskin.ch\/fr\/wp-json\/wp\/v2\/comments?post=61254"}],"wp:featuredmedia":[{"embeddable":true,"href":"https:\/\/manskin.ch\/fr\/wp-json\/wp\/v2\/media\/61275"}],"wp:attachment":[{"href":"https:\/\/manskin.ch\/fr\/wp-json\/wp\/v2\/media?parent=61254"}],"wp:term":[{"taxonomy":"pwb-brand","embeddable":true,"href":"https:\/\/manskin.ch\/fr\/wp-json\/wp\/v2\/pwb-brand?post=61254"},{"taxonomy":"product_brand","embeddable":true,"href":"https:\/\/manskin.ch\/fr\/wp-json\/wp\/v2\/product_brand?post=61254"},{"taxonomy":"product_cat","embeddable":true,"href":"https:\/\/manskin.ch\/fr\/wp-json\/wp\/v2\/product_cat?post=61254"},{"taxonomy":"product_tag","embeddable":true,"href":"https:\/\/manskin.ch\/fr\/wp-json\/wp\/v2\/product_tag?post=61254"}],"curies":[{"name":"wp","href":"https:\/\/api.w.org\/{rel}","templated":true}]}}