{"id":60003,"date":"2024-08-21T12:47:26","date_gmt":"2024-08-21T10:47:26","guid":{"rendered":"https:\/\/manskin.ch\/produkt\/baxter-of-california-deodorant-stick\/"},"modified":"2026-04-12T10:35:40","modified_gmt":"2026-04-12T08:35:40","slug":"baxter-of-california-deodorant-stick-2","status":"publish","type":"product","link":"https:\/\/manskin.ch\/fr\/produkt\/baxter-of-california-deodorant-stick-2\/","title":{"rendered":"Baxter of California &#8211; Deo Stick Cedarwood &amp; Oakmoss"},"content":{"rendered":"<h2>Baxter of California &#8211; Deodorant Stick&nbsp;Cedarwood &amp; Oakmoss<\/h2>\n<ul>\n<li>Ce d&eacute;odorant sans aluminium et sans alcool combat les odeurs tout en d&eacute;toxifiant et en soignant la peau.<\/li>\n<li>La formule gel claire et solide contient des extraits d&#39;arbre &agrave; th&eacute; et d&#39;hamam&eacute;lis qui ont un effet tonifiant et d&eacute;sinfectant et combattent les bact&eacute;ries responsables des odeurs.<\/li>\n<li>Parfait pour les peaux sensibles<\/li>\n<li>P&eacute;n&egrave;tre rapidement.<\/li>\n<li>Ne laisse pas de taches ou de d&eacute;coloration sur les v&ecirc;tements.<\/li>\n<li>Sans parab&egrave;ne.<\/li>\n<li>Parfum&nbsp;de bois de c&egrave;dre et mousse de ch&ecirc;ne.<\/li>\n<\/ul>\n<p>Contenu 75 ml.<\/p>\n<div>&nbsp;<\/div>\n","protected":false},"excerpt":{"rendered":"<p>Sans alcool et sans aluminium<\/p>\n","protected":false},"featured_media":60005,"comment_status":"closed","ping_status":"closed","template":"","meta":{"_acf_changed":false},"pwb-brand":[2753],"product_brand":[],"product_cat":[2905,2358,6576],"product_tag":[],"class_list":{"0":"post-60003","1":"product","2":"type-product","3":"status-publish","4":"has-post-thumbnail","6":"pwb-brand-baxter-of-california","7":"product_cat-baxter-of-california-fr","8":"product_cat-edt-deo","9":"product_cat-myabo-fr","10":"product_shipping_class-standard-fr","11":"sales-flash-overlay","12":"woocommerce-text-align-center","13":"woocommerce-image-align-center","14":"do-quantity-buttons","15":"has-subscription-plans","17":"first","18":"instock","19":"taxable","20":"shipping-taxable","21":"purchasable","22":"product-type-simple"},"acf":[],"yoast_head":"<!-- This site is optimized with the Yoast SEO Premium plugin v27.3 (Yoast SEO v27.3) - https:\/\/yoast.com\/product\/yoast-seo-premium-wordpress\/ -->\n<title>D\u00e9o Baxter of California au bois de c\u00e8dre et \u00e0 la mousse de ch\u00eane | maintenant chez Manskin.ch<\/title>\n<meta name=\"description\" content=\"D\u00e9odorant efficace au parfum de c\u00e8dre. La formule gel claire combat les odeurs et est douce pour la peau. Commandez d\u00e8s aujourd&#039;hui votre d\u00e9o Baxter!\" \/>\n<meta name=\"robots\" content=\"index, follow, max-snippet:-1, max-image-preview:large, max-video-preview:-1\" \/>\n<link rel=\"canonical\" href=\"https:\/\/manskin.ch\/fr\/produkt\/baxter-of-california-deodorant-stick-2\/\" \/>\n<meta property=\"og:locale\" content=\"fr_FR\" \/>\n<meta property=\"og:type\" content=\"article\" \/>\n<meta property=\"og:title\" content=\"Baxter of California - Deo Stick Cedarwood &amp; Oakmoss\" \/>\n<meta property=\"og:description\" content=\"D\u00e9odorant efficace au parfum de c\u00e8dre. La formule gel claire combat les odeurs et est douce pour la peau. Commandez d\u00e8s aujourd&#039;hui votre d\u00e9o Baxter!\" \/>\n<meta property=\"og:url\" content=\"https:\/\/manskin.ch\/fr\/produkt\/baxter-of-california-deodorant-stick-2\/\" \/>\n<meta property=\"og:site_name\" content=\"Manskin.ch\" \/>\n<meta property=\"article:publisher\" content=\"https:\/\/www.facebook.com\/manskin.ch\" \/>\n<meta property=\"article:modified_time\" content=\"2026-04-12T08:35:40+00:00\" \/>\n<meta property=\"og:image\" content=\"https:\/\/manskin.ch\/wp-content\/uploads\/2024\/08\/Baxter-Deo-Cedarwood.jpg\" \/>\n\t<meta property=\"og:image:width\" content=\"800\" \/>\n\t<meta property=\"og:image:height\" content=\"800\" \/>\n\t<meta property=\"og:image:type\" content=\"image\/jpeg\" \/>\n<meta name=\"twitter:card\" content=\"summary_large_image\" \/>\n<meta name=\"twitter:label1\" content=\"Prix\" \/>\n\t<meta name=\"twitter:data1\" content=\"25.50&#067;&#072;&#070;\" \/>\n\t<meta name=\"twitter:label2\" content=\"Disponibilit\u00e9\" \/>\n\t<meta name=\"twitter:data2\" content=\"En stock\" \/>\n<script type=\"application\/ld+json\" class=\"yoast-schema-graph\">{\"@context\":\"https:\\\/\\\/schema.org\",\"@graph\":[{\"@type\":\"WebPage\",\"@id\":\"https:\\\/\\\/manskin.ch\\\/fr\\\/produkt\\\/baxter-of-california-deodorant-stick-2\\\/\",\"url\":\"https:\\\/\\\/manskin.ch\\\/fr\\\/produkt\\\/baxter-of-california-deodorant-stick-2\\\/\",\"name\":\"D\u00e9o Baxter of California au bois de c\u00e8dre et \u00e0 la mousse de ch\u00eane | maintenant chez Manskin.ch\",\"isPartOf\":{\"@id\":\"https:\\\/\\\/manskin.ch\\\/fr\\\/#website\"},\"primaryImageOfPage\":{\"@id\":\"https:\\\/\\\/manskin.ch\\\/fr\\\/produkt\\\/baxter-of-california-deodorant-stick-2\\\/#primaryimage\"},\"image\":{\"@id\":\"https:\\\/\\\/manskin.ch\\\/fr\\\/produkt\\\/baxter-of-california-deodorant-stick-2\\\/#primaryimage\"},\"thumbnailUrl\":\"https:\\\/\\\/manskin.ch\\\/wp-content\\\/uploads\\\/2024\\\/08\\\/Baxter-Deo-Cedarwood.jpg\",\"datePublished\":\"2024-08-21T10:47:26+00:00\",\"dateModified\":\"2026-04-12T08:35:40+00:00\",\"description\":\"D\u00e9odorant efficace au parfum de c\u00e8dre. La formule gel claire combat les odeurs et est douce pour la peau. Commandez d\u00e8s aujourd'hui votre d\u00e9o Baxter!\",\"breadcrumb\":{\"@id\":\"https:\\\/\\\/manskin.ch\\\/fr\\\/produkt\\\/baxter-of-california-deodorant-stick-2\\\/#breadcrumb\"},\"inLanguage\":\"fr-FR\",\"potentialAction\":[{\"@type\":\"ReadAction\",\"target\":[\"https:\\\/\\\/manskin.ch\\\/fr\\\/produkt\\\/baxter-of-california-deodorant-stick-2\\\/\"]}]},{\"@type\":\"ImageObject\",\"inLanguage\":\"fr-FR\",\"@id\":\"https:\\\/\\\/manskin.ch\\\/fr\\\/produkt\\\/baxter-of-california-deodorant-stick-2\\\/#primaryimage\",\"url\":\"https:\\\/\\\/manskin.ch\\\/wp-content\\\/uploads\\\/2024\\\/08\\\/Baxter-Deo-Cedarwood.jpg\",\"contentUrl\":\"https:\\\/\\\/manskin.ch\\\/wp-content\\\/uploads\\\/2024\\\/08\\\/Baxter-Deo-Cedarwood.jpg\",\"width\":800,\"height\":800},{\"@type\":\"BreadcrumbList\",\"@id\":\"https:\\\/\\\/manskin.ch\\\/fr\\\/produkt\\\/baxter-of-california-deodorant-stick-2\\\/#breadcrumb\",\"itemListElement\":[{\"@type\":\"ListItem\",\"position\":1,\"name\":\"Startseite\",\"item\":\"https:\\\/\\\/manskin.ch\\\/fr\\\/\"},{\"@type\":\"ListItem\",\"position\":2,\"name\":\"Boutique\",\"item\":\"https:\\\/\\\/manskin.ch\\\/fr\\\/boutique\\\/\"},{\"@type\":\"ListItem\",\"position\":3,\"name\":\"Baxter of California &#8211; Deo Stick Cedarwood &amp; Oakmoss\"}]},{\"@type\":\"WebSite\",\"@id\":\"https:\\\/\\\/manskin.ch\\\/fr\\\/#website\",\"url\":\"https:\\\/\\\/manskin.ch\\\/fr\\\/\",\"name\":\"Manskin.ch\",\"description\":\"Tous les produits de beaut\u00e9 pour les hommes les plus exigeants\",\"publisher\":{\"@id\":\"https:\\\/\\\/manskin.ch\\\/fr\\\/#organization\"},\"potentialAction\":[{\"@type\":\"SearchAction\",\"target\":{\"@type\":\"EntryPoint\",\"urlTemplate\":\"https:\\\/\\\/manskin.ch\\\/fr\\\/?s={search_term_string}\"},\"query-input\":{\"@type\":\"PropertyValueSpecification\",\"valueRequired\":true,\"valueName\":\"search_term_string\"}}],\"inLanguage\":\"fr-FR\"},{\"@type\":\"Organization\",\"@id\":\"https:\\\/\\\/manskin.ch\\\/fr\\\/#organization\",\"name\":\"Manskin.ch - der Schweizer Onlineshop f\u00fcr qualit\u00e4tsstarke M\u00e4nnerpflege\",\"url\":\"https:\\\/\\\/manskin.ch\\\/fr\\\/\",\"logo\":{\"@type\":\"ImageObject\",\"inLanguage\":\"fr-FR\",\"@id\":\"https:\\\/\\\/manskin.ch\\\/fr\\\/#\\\/schema\\\/logo\\\/image\\\/\",\"url\":\"https:\\\/\\\/manskin.ch\\\/wp-content\\\/uploads\\\/2021\\\/04\\\/cropped-logo_head.png\",\"contentUrl\":\"https:\\\/\\\/manskin.ch\\\/wp-content\\\/uploads\\\/2021\\\/04\\\/cropped-logo_head.png\",\"width\":235,\"height\":75,\"caption\":\"Manskin.ch - der Schweizer Onlineshop f\u00fcr qualit\u00e4tsstarke M\u00e4nnerpflege\"},\"image\":{\"@id\":\"https:\\\/\\\/manskin.ch\\\/fr\\\/#\\\/schema\\\/logo\\\/image\\\/\"},\"sameAs\":[\"https:\\\/\\\/www.facebook.com\\\/manskin.ch\",\"https:\\\/\\\/www.instagram.com\\\/manskin.ch\\\/\"]}]}<\/script>\n<meta property=\"product:price:amount\" content=\"25.50\" \/>\n<meta property=\"product:price:currency\" content=\"CHF\" \/>\n<meta property=\"og:availability\" content=\"instock\" \/>\n<meta property=\"product:availability\" content=\"instock\" \/>\n<meta property=\"product:retailer_item_id\" content=\"14142\" \/>\n<meta property=\"product:condition\" content=\"new\" \/>\n<!-- \/ Yoast SEO Premium plugin. -->","yoast_head_json":{"title":"D\u00e9o Baxter of California au bois de c\u00e8dre et \u00e0 la mousse de ch\u00eane | maintenant chez Manskin.ch","description":"D\u00e9odorant efficace au parfum de c\u00e8dre. La formule gel claire combat les odeurs et est douce pour la peau. Commandez d\u00e8s aujourd'hui votre d\u00e9o Baxter!","robots":{"index":"index","follow":"follow","max-snippet":"max-snippet:-1","max-image-preview":"max-image-preview:large","max-video-preview":"max-video-preview:-1"},"canonical":"https:\/\/manskin.ch\/fr\/produkt\/baxter-of-california-deodorant-stick-2\/","og_locale":"fr_FR","og_type":"article","og_title":"Baxter of California - Deo Stick Cedarwood &amp; Oakmoss","og_description":"D\u00e9odorant efficace au parfum de c\u00e8dre. La formule gel claire combat les odeurs et est douce pour la peau. Commandez d\u00e8s aujourd'hui votre d\u00e9o Baxter!","og_url":"https:\/\/manskin.ch\/fr\/produkt\/baxter-of-california-deodorant-stick-2\/","og_site_name":"Manskin.ch","article_publisher":"https:\/\/www.facebook.com\/manskin.ch","article_modified_time":"2026-04-12T08:35:40+00:00","og_image":[{"width":800,"height":800,"url":"https:\/\/manskin.ch\/wp-content\/uploads\/2024\/08\/Baxter-Deo-Cedarwood.jpg","type":"image\/jpeg"}],"twitter_card":"summary_large_image","twitter_misc":{"Prix":"25.50&#67;&#72;&#70;","Disponibilit\u00e9":"En stock"},"schema":{"@context":"https:\/\/schema.org","@graph":[{"@type":"WebPage","@id":"https:\/\/manskin.ch\/fr\/produkt\/baxter-of-california-deodorant-stick-2\/","url":"https:\/\/manskin.ch\/fr\/produkt\/baxter-of-california-deodorant-stick-2\/","name":"D\u00e9o Baxter of California au bois de c\u00e8dre et \u00e0 la mousse de ch\u00eane | maintenant chez Manskin.ch","isPartOf":{"@id":"https:\/\/manskin.ch\/fr\/#website"},"primaryImageOfPage":{"@id":"https:\/\/manskin.ch\/fr\/produkt\/baxter-of-california-deodorant-stick-2\/#primaryimage"},"image":{"@id":"https:\/\/manskin.ch\/fr\/produkt\/baxter-of-california-deodorant-stick-2\/#primaryimage"},"thumbnailUrl":"https:\/\/manskin.ch\/wp-content\/uploads\/2024\/08\/Baxter-Deo-Cedarwood.jpg","datePublished":"2024-08-21T10:47:26+00:00","dateModified":"2026-04-12T08:35:40+00:00","description":"D\u00e9odorant efficace au parfum de c\u00e8dre. La formule gel claire combat les odeurs et est douce pour la peau. Commandez d\u00e8s aujourd'hui votre d\u00e9o Baxter!","breadcrumb":{"@id":"https:\/\/manskin.ch\/fr\/produkt\/baxter-of-california-deodorant-stick-2\/#breadcrumb"},"inLanguage":"fr-FR","potentialAction":[{"@type":"ReadAction","target":["https:\/\/manskin.ch\/fr\/produkt\/baxter-of-california-deodorant-stick-2\/"]}]},{"@type":"ImageObject","inLanguage":"fr-FR","@id":"https:\/\/manskin.ch\/fr\/produkt\/baxter-of-california-deodorant-stick-2\/#primaryimage","url":"https:\/\/manskin.ch\/wp-content\/uploads\/2024\/08\/Baxter-Deo-Cedarwood.jpg","contentUrl":"https:\/\/manskin.ch\/wp-content\/uploads\/2024\/08\/Baxter-Deo-Cedarwood.jpg","width":800,"height":800},{"@type":"BreadcrumbList","@id":"https:\/\/manskin.ch\/fr\/produkt\/baxter-of-california-deodorant-stick-2\/#breadcrumb","itemListElement":[{"@type":"ListItem","position":1,"name":"Startseite","item":"https:\/\/manskin.ch\/fr\/"},{"@type":"ListItem","position":2,"name":"Boutique","item":"https:\/\/manskin.ch\/fr\/boutique\/"},{"@type":"ListItem","position":3,"name":"Baxter of California &#8211; Deo Stick Cedarwood &amp; Oakmoss"}]},{"@type":"WebSite","@id":"https:\/\/manskin.ch\/fr\/#website","url":"https:\/\/manskin.ch\/fr\/","name":"Manskin.ch","description":"Tous les produits de beaut\u00e9 pour les hommes les plus exigeants","publisher":{"@id":"https:\/\/manskin.ch\/fr\/#organization"},"potentialAction":[{"@type":"SearchAction","target":{"@type":"EntryPoint","urlTemplate":"https:\/\/manskin.ch\/fr\/?s={search_term_string}"},"query-input":{"@type":"PropertyValueSpecification","valueRequired":true,"valueName":"search_term_string"}}],"inLanguage":"fr-FR"},{"@type":"Organization","@id":"https:\/\/manskin.ch\/fr\/#organization","name":"Manskin.ch - der Schweizer Onlineshop f\u00fcr qualit\u00e4tsstarke M\u00e4nnerpflege","url":"https:\/\/manskin.ch\/fr\/","logo":{"@type":"ImageObject","inLanguage":"fr-FR","@id":"https:\/\/manskin.ch\/fr\/#\/schema\/logo\/image\/","url":"https:\/\/manskin.ch\/wp-content\/uploads\/2021\/04\/cropped-logo_head.png","contentUrl":"https:\/\/manskin.ch\/wp-content\/uploads\/2021\/04\/cropped-logo_head.png","width":235,"height":75,"caption":"Manskin.ch - der Schweizer Onlineshop f\u00fcr qualit\u00e4tsstarke M\u00e4nnerpflege"},"image":{"@id":"https:\/\/manskin.ch\/fr\/#\/schema\/logo\/image\/"},"sameAs":["https:\/\/www.facebook.com\/manskin.ch","https:\/\/www.instagram.com\/manskin.ch\/"]}]},"product_price_amount":"25.50","product_price_currency":"CHF","og_availability":"instock","product_availability":"instock","product_retailer_item_id":"14142","product_condition":"new"},"brands":[{"id":2753,"name":"Baxter of California","slug":"baxter-of-california"}],"_links":{"self":[{"href":"https:\/\/manskin.ch\/fr\/wp-json\/wp\/v2\/product\/60003","targetHints":{"allow":["GET"]}}],"collection":[{"href":"https:\/\/manskin.ch\/fr\/wp-json\/wp\/v2\/product"}],"about":[{"href":"https:\/\/manskin.ch\/fr\/wp-json\/wp\/v2\/types\/product"}],"replies":[{"embeddable":true,"href":"https:\/\/manskin.ch\/fr\/wp-json\/wp\/v2\/comments?post=60003"}],"wp:featuredmedia":[{"embeddable":true,"href":"https:\/\/manskin.ch\/fr\/wp-json\/wp\/v2\/media\/60005"}],"wp:attachment":[{"href":"https:\/\/manskin.ch\/fr\/wp-json\/wp\/v2\/media?parent=60003"}],"wp:term":[{"taxonomy":"pwb-brand","embeddable":true,"href":"https:\/\/manskin.ch\/fr\/wp-json\/wp\/v2\/pwb-brand?post=60003"},{"taxonomy":"product_brand","embeddable":true,"href":"https:\/\/manskin.ch\/fr\/wp-json\/wp\/v2\/product_brand?post=60003"},{"taxonomy":"product_cat","embeddable":true,"href":"https:\/\/manskin.ch\/fr\/wp-json\/wp\/v2\/product_cat?post=60003"},{"taxonomy":"product_tag","embeddable":true,"href":"https:\/\/manskin.ch\/fr\/wp-json\/wp\/v2\/product_tag?post=60003"}],"curies":[{"name":"wp","href":"https:\/\/api.w.org\/{rel}","templated":true}]}}