{"id":59224,"date":"2024-07-24T08:23:05","date_gmt":"2024-07-24T06:23:05","guid":{"rendered":"https:\/\/manskin.ch\/produkt\/cosrx-advanced-snail-92-all-in-one-cream\/"},"modified":"2025-08-10T18:12:58","modified_gmt":"2025-08-10T16:12:58","slug":"cosrx-advanced-snail-eye-cream","status":"publish","type":"product","link":"https:\/\/manskin.ch\/fr\/produkt\/cosrx-advanced-snail-eye-cream\/","title":{"rendered":"COSRX &#8211; Advanced Snail Peptide Eye Cream"},"content":{"rendered":"<h2>Cosrx &#8211; Advanced Snail Peptide Eye Cream<\/h2>\n<ul>\n<li>Cr&egrave;me pour le contour des&nbsp;yeux &agrave; la bave d&#39;escargot &eacute;claircissante et &eacute;nergisante.<\/li>\n<li>Cette cr&egrave;me doublement efficace pour les yeux contient de la s&eacute;cr&eacute;tion d&#39;escargot qui hydrate, prot&egrave;ge et rajeunit le contour des yeux.<\/li>\n<li>La bave d&#39;escargot, 5 types de peptides et la niacinamide permettent de produire du collag&egrave;ne, d&#39;&eacute;claircir les cernes et d&#39;hydrater en m&ecirc;me temps !<\/li>\n<li>Gr&acirc;ce au r&eacute;cipient airless, la cr&egrave;me peut &ecirc;tre enti&egrave;rement pr&eacute;lev&eacute;e dans le flacon jusqu&#39;&agrave; la derni&egrave;re goutte.<\/li>\n<li>Cr&egrave;me hydratante pour les yeux, rapidement absorb&eacute;e, pour TOUS &#8211; 20, 30, 70 ans et plus*<\/li>\n<\/ul>\n<p>Contenu 25ml.<\/p>\n","protected":false},"excerpt":{"rendered":"<p>Prot\u00e8ge et rajeunit le contour des yeux gr\u00e2ce \u00e0 la bave d&rsquo;escargot<\/p>\n","protected":false},"featured_media":59226,"comment_status":"closed","ping_status":"closed","template":"","meta":{"_acf_changed":false},"pwb-brand":[2862],"product_brand":[],"product_cat":[1930,2328,2865],"product_tag":[],"class_list":{"0":"post-59224","1":"product","2":"type-product","3":"status-publish","4":"has-post-thumbnail","6":"pwb-brand-cosrx","7":"product_cat-anti-age","8":"product_cat-contour-de-loeil","9":"product_cat-cosrx-fr","10":"product_shipping_class-standard-fr","11":"sales-flash-overlay","12":"woocommerce-text-align-center","13":"woocommerce-image-align-center","14":"do-quantity-buttons","16":"first","17":"instock","18":"taxable","19":"shipping-taxable","20":"purchasable","21":"product-type-simple"},"acf":[],"yoast_head":"<!-- This site is optimized with the Yoast SEO Premium plugin v27.3 (Yoast SEO v27.3) - https:\/\/yoast.com\/product\/yoast-seo-premium-wordpress\/ -->\n<title>COSRX - Advanced Snail Peptide Eye Cream| Manskin.ch<\/title>\n<meta name=\"description\" content=\"Rajeunis le contour de tes yeux avec la cr\u00e8me \u00e9claircissante pour les yeux \u00e0 la bave d&#039;escargot de COSRX. D\u00e9couvre l&#039;hydratation &amp; la production de collag\u00e8ne en un seul produit*\" \/>\n<meta name=\"robots\" content=\"index, follow, max-snippet:-1, max-image-preview:large, max-video-preview:-1\" \/>\n<link rel=\"canonical\" href=\"https:\/\/manskin.ch\/fr\/produkt\/cosrx-advanced-snail-eye-cream\/\" \/>\n<meta property=\"og:locale\" content=\"fr_FR\" \/>\n<meta property=\"og:type\" content=\"article\" \/>\n<meta property=\"og:title\" content=\"COSRX - Advanced Snail Peptide Eye Cream\" \/>\n<meta property=\"og:description\" content=\"Rajeunis le contour de tes yeux avec la cr\u00e8me \u00e9claircissante pour les yeux \u00e0 la bave d&#039;escargot de COSRX. D\u00e9couvre l&#039;hydratation &amp; la production de collag\u00e8ne en un seul produit*\" \/>\n<meta property=\"og:url\" content=\"https:\/\/manskin.ch\/fr\/produkt\/cosrx-advanced-snail-eye-cream\/\" \/>\n<meta property=\"og:site_name\" content=\"Manskin.ch\" \/>\n<meta property=\"article:publisher\" content=\"https:\/\/www.facebook.com\/manskin.ch\" \/>\n<meta property=\"article:modified_time\" content=\"2025-08-10T16:12:58+00:00\" \/>\n<meta property=\"og:image\" content=\"https:\/\/manskin.ch\/wp-content\/uploads\/2024\/07\/Advanced-Eye-Cream.jpg\" \/>\n\t<meta property=\"og:image:width\" content=\"800\" \/>\n\t<meta property=\"og:image:height\" content=\"800\" \/>\n\t<meta property=\"og:image:type\" content=\"image\/jpeg\" \/>\n<meta name=\"twitter:card\" content=\"summary_large_image\" \/>\n<meta name=\"twitter:label1\" content=\"Prix\" \/>\n\t<meta name=\"twitter:data1\" content=\"24.50&#067;&#072;&#070;\" \/>\n\t<meta name=\"twitter:label2\" content=\"Disponibilit\u00e9\" \/>\n\t<meta name=\"twitter:data2\" content=\"En stock\" \/>\n<script type=\"application\/ld+json\" class=\"yoast-schema-graph\">{\"@context\":\"https:\\\/\\\/schema.org\",\"@graph\":[{\"@type\":\"WebPage\",\"@id\":\"https:\\\/\\\/manskin.ch\\\/fr\\\/produkt\\\/cosrx-advanced-snail-eye-cream\\\/\",\"url\":\"https:\\\/\\\/manskin.ch\\\/fr\\\/produkt\\\/cosrx-advanced-snail-eye-cream\\\/\",\"name\":\"COSRX - Advanced Snail Peptide Eye Cream| Manskin.ch\",\"isPartOf\":{\"@id\":\"https:\\\/\\\/manskin.ch\\\/fr\\\/#website\"},\"primaryImageOfPage\":{\"@id\":\"https:\\\/\\\/manskin.ch\\\/fr\\\/produkt\\\/cosrx-advanced-snail-eye-cream\\\/#primaryimage\"},\"image\":{\"@id\":\"https:\\\/\\\/manskin.ch\\\/fr\\\/produkt\\\/cosrx-advanced-snail-eye-cream\\\/#primaryimage\"},\"thumbnailUrl\":\"https:\\\/\\\/manskin.ch\\\/wp-content\\\/uploads\\\/2024\\\/07\\\/Advanced-Eye-Cream.jpg\",\"datePublished\":\"2024-07-24T06:23:05+00:00\",\"dateModified\":\"2025-08-10T16:12:58+00:00\",\"description\":\"Rajeunis le contour de tes yeux avec la cr\u00e8me \u00e9claircissante pour les yeux \u00e0 la bave d'escargot de COSRX. D\u00e9couvre l'hydratation & la production de collag\u00e8ne en un seul produit*\",\"breadcrumb\":{\"@id\":\"https:\\\/\\\/manskin.ch\\\/fr\\\/produkt\\\/cosrx-advanced-snail-eye-cream\\\/#breadcrumb\"},\"inLanguage\":\"fr-FR\",\"potentialAction\":[{\"@type\":\"ReadAction\",\"target\":[\"https:\\\/\\\/manskin.ch\\\/fr\\\/produkt\\\/cosrx-advanced-snail-eye-cream\\\/\"]}]},{\"@type\":\"ImageObject\",\"inLanguage\":\"fr-FR\",\"@id\":\"https:\\\/\\\/manskin.ch\\\/fr\\\/produkt\\\/cosrx-advanced-snail-eye-cream\\\/#primaryimage\",\"url\":\"https:\\\/\\\/manskin.ch\\\/wp-content\\\/uploads\\\/2024\\\/07\\\/Advanced-Eye-Cream.jpg\",\"contentUrl\":\"https:\\\/\\\/manskin.ch\\\/wp-content\\\/uploads\\\/2024\\\/07\\\/Advanced-Eye-Cream.jpg\",\"width\":800,\"height\":800},{\"@type\":\"BreadcrumbList\",\"@id\":\"https:\\\/\\\/manskin.ch\\\/fr\\\/produkt\\\/cosrx-advanced-snail-eye-cream\\\/#breadcrumb\",\"itemListElement\":[{\"@type\":\"ListItem\",\"position\":1,\"name\":\"Startseite\",\"item\":\"https:\\\/\\\/manskin.ch\\\/fr\\\/\"},{\"@type\":\"ListItem\",\"position\":2,\"name\":\"Boutique Soins pour Hommes &amp; Skincare\",\"item\":\"https:\\\/\\\/manskin.ch\\\/fr\\\/boutique\\\/\"},{\"@type\":\"ListItem\",\"position\":3,\"name\":\"COSRX &#8211; Advanced Snail Peptide Eye Cream\"}]},{\"@type\":\"WebSite\",\"@id\":\"https:\\\/\\\/manskin.ch\\\/fr\\\/#website\",\"url\":\"https:\\\/\\\/manskin.ch\\\/fr\\\/\",\"name\":\"Manskin.ch\",\"description\":\"Tous les produits de beaut\u00e9 pour les hommes les plus exigeants\",\"publisher\":{\"@id\":\"https:\\\/\\\/manskin.ch\\\/fr\\\/#organization\"},\"potentialAction\":[{\"@type\":\"SearchAction\",\"target\":{\"@type\":\"EntryPoint\",\"urlTemplate\":\"https:\\\/\\\/manskin.ch\\\/fr\\\/?s={search_term_string}\"},\"query-input\":{\"@type\":\"PropertyValueSpecification\",\"valueRequired\":true,\"valueName\":\"search_term_string\"}}],\"inLanguage\":\"fr-FR\"},{\"@type\":\"Organization\",\"@id\":\"https:\\\/\\\/manskin.ch\\\/fr\\\/#organization\",\"name\":\"Manskin.ch - der Schweizer Onlineshop f\u00fcr qualit\u00e4tsstarke M\u00e4nnerpflege\",\"url\":\"https:\\\/\\\/manskin.ch\\\/fr\\\/\",\"logo\":{\"@type\":\"ImageObject\",\"inLanguage\":\"fr-FR\",\"@id\":\"https:\\\/\\\/manskin.ch\\\/fr\\\/#\\\/schema\\\/logo\\\/image\\\/\",\"url\":\"https:\\\/\\\/manskin.ch\\\/wp-content\\\/uploads\\\/2021\\\/04\\\/cropped-logo_head.png\",\"contentUrl\":\"https:\\\/\\\/manskin.ch\\\/wp-content\\\/uploads\\\/2021\\\/04\\\/cropped-logo_head.png\",\"width\":235,\"height\":75,\"caption\":\"Manskin.ch - der Schweizer Onlineshop f\u00fcr qualit\u00e4tsstarke M\u00e4nnerpflege\"},\"image\":{\"@id\":\"https:\\\/\\\/manskin.ch\\\/fr\\\/#\\\/schema\\\/logo\\\/image\\\/\"},\"sameAs\":[\"https:\\\/\\\/www.facebook.com\\\/manskin.ch\",\"https:\\\/\\\/www.instagram.com\\\/manskin.ch\\\/\"]}]}<\/script>\n<meta property=\"product:price:amount\" content=\"24.50\" \/>\n<meta property=\"product:price:currency\" content=\"CHF\" \/>\n<meta property=\"og:availability\" content=\"instock\" \/>\n<meta property=\"product:availability\" content=\"instock\" \/>\n<meta property=\"product:retailer_item_id\" content=\"14127\" \/>\n<meta property=\"product:condition\" content=\"new\" \/>\n<!-- \/ Yoast SEO Premium plugin. -->","yoast_head_json":{"title":"COSRX - Advanced Snail Peptide Eye Cream| Manskin.ch","description":"Rajeunis le contour de tes yeux avec la cr\u00e8me \u00e9claircissante pour les yeux \u00e0 la bave d'escargot de COSRX. D\u00e9couvre l'hydratation & la production de collag\u00e8ne en un seul produit*","robots":{"index":"index","follow":"follow","max-snippet":"max-snippet:-1","max-image-preview":"max-image-preview:large","max-video-preview":"max-video-preview:-1"},"canonical":"https:\/\/manskin.ch\/fr\/produkt\/cosrx-advanced-snail-eye-cream\/","og_locale":"fr_FR","og_type":"article","og_title":"COSRX - Advanced Snail Peptide Eye Cream","og_description":"Rajeunis le contour de tes yeux avec la cr\u00e8me \u00e9claircissante pour les yeux \u00e0 la bave d'escargot de COSRX. D\u00e9couvre l'hydratation & la production de collag\u00e8ne en un seul produit*","og_url":"https:\/\/manskin.ch\/fr\/produkt\/cosrx-advanced-snail-eye-cream\/","og_site_name":"Manskin.ch","article_publisher":"https:\/\/www.facebook.com\/manskin.ch","article_modified_time":"2025-08-10T16:12:58+00:00","og_image":[{"width":800,"height":800,"url":"https:\/\/manskin.ch\/wp-content\/uploads\/2024\/07\/Advanced-Eye-Cream.jpg","type":"image\/jpeg"}],"twitter_card":"summary_large_image","twitter_misc":{"Prix":"24.50&#67;&#72;&#70;","Disponibilit\u00e9":"En stock"},"schema":{"@context":"https:\/\/schema.org","@graph":[{"@type":"WebPage","@id":"https:\/\/manskin.ch\/fr\/produkt\/cosrx-advanced-snail-eye-cream\/","url":"https:\/\/manskin.ch\/fr\/produkt\/cosrx-advanced-snail-eye-cream\/","name":"COSRX - Advanced Snail Peptide Eye Cream| Manskin.ch","isPartOf":{"@id":"https:\/\/manskin.ch\/fr\/#website"},"primaryImageOfPage":{"@id":"https:\/\/manskin.ch\/fr\/produkt\/cosrx-advanced-snail-eye-cream\/#primaryimage"},"image":{"@id":"https:\/\/manskin.ch\/fr\/produkt\/cosrx-advanced-snail-eye-cream\/#primaryimage"},"thumbnailUrl":"https:\/\/manskin.ch\/wp-content\/uploads\/2024\/07\/Advanced-Eye-Cream.jpg","datePublished":"2024-07-24T06:23:05+00:00","dateModified":"2025-08-10T16:12:58+00:00","description":"Rajeunis le contour de tes yeux avec la cr\u00e8me \u00e9claircissante pour les yeux \u00e0 la bave d'escargot de COSRX. D\u00e9couvre l'hydratation & la production de collag\u00e8ne en un seul produit*","breadcrumb":{"@id":"https:\/\/manskin.ch\/fr\/produkt\/cosrx-advanced-snail-eye-cream\/#breadcrumb"},"inLanguage":"fr-FR","potentialAction":[{"@type":"ReadAction","target":["https:\/\/manskin.ch\/fr\/produkt\/cosrx-advanced-snail-eye-cream\/"]}]},{"@type":"ImageObject","inLanguage":"fr-FR","@id":"https:\/\/manskin.ch\/fr\/produkt\/cosrx-advanced-snail-eye-cream\/#primaryimage","url":"https:\/\/manskin.ch\/wp-content\/uploads\/2024\/07\/Advanced-Eye-Cream.jpg","contentUrl":"https:\/\/manskin.ch\/wp-content\/uploads\/2024\/07\/Advanced-Eye-Cream.jpg","width":800,"height":800},{"@type":"BreadcrumbList","@id":"https:\/\/manskin.ch\/fr\/produkt\/cosrx-advanced-snail-eye-cream\/#breadcrumb","itemListElement":[{"@type":"ListItem","position":1,"name":"Startseite","item":"https:\/\/manskin.ch\/fr\/"},{"@type":"ListItem","position":2,"name":"Boutique Soins pour Hommes &amp; Skincare","item":"https:\/\/manskin.ch\/fr\/boutique\/"},{"@type":"ListItem","position":3,"name":"COSRX &#8211; Advanced Snail Peptide Eye Cream"}]},{"@type":"WebSite","@id":"https:\/\/manskin.ch\/fr\/#website","url":"https:\/\/manskin.ch\/fr\/","name":"Manskin.ch","description":"Tous les produits de beaut\u00e9 pour les hommes les plus exigeants","publisher":{"@id":"https:\/\/manskin.ch\/fr\/#organization"},"potentialAction":[{"@type":"SearchAction","target":{"@type":"EntryPoint","urlTemplate":"https:\/\/manskin.ch\/fr\/?s={search_term_string}"},"query-input":{"@type":"PropertyValueSpecification","valueRequired":true,"valueName":"search_term_string"}}],"inLanguage":"fr-FR"},{"@type":"Organization","@id":"https:\/\/manskin.ch\/fr\/#organization","name":"Manskin.ch - der Schweizer Onlineshop f\u00fcr qualit\u00e4tsstarke M\u00e4nnerpflege","url":"https:\/\/manskin.ch\/fr\/","logo":{"@type":"ImageObject","inLanguage":"fr-FR","@id":"https:\/\/manskin.ch\/fr\/#\/schema\/logo\/image\/","url":"https:\/\/manskin.ch\/wp-content\/uploads\/2021\/04\/cropped-logo_head.png","contentUrl":"https:\/\/manskin.ch\/wp-content\/uploads\/2021\/04\/cropped-logo_head.png","width":235,"height":75,"caption":"Manskin.ch - der Schweizer Onlineshop f\u00fcr qualit\u00e4tsstarke M\u00e4nnerpflege"},"image":{"@id":"https:\/\/manskin.ch\/fr\/#\/schema\/logo\/image\/"},"sameAs":["https:\/\/www.facebook.com\/manskin.ch","https:\/\/www.instagram.com\/manskin.ch\/"]}]},"product_price_amount":"24.50","product_price_currency":"CHF","og_availability":"instock","product_availability":"instock","product_retailer_item_id":"14127","product_condition":"new"},"brands":[{"id":2862,"name":"COSRX","slug":"cosrx"}],"_links":{"self":[{"href":"https:\/\/manskin.ch\/fr\/wp-json\/wp\/v2\/product\/59224","targetHints":{"allow":["GET"]}}],"collection":[{"href":"https:\/\/manskin.ch\/fr\/wp-json\/wp\/v2\/product"}],"about":[{"href":"https:\/\/manskin.ch\/fr\/wp-json\/wp\/v2\/types\/product"}],"replies":[{"embeddable":true,"href":"https:\/\/manskin.ch\/fr\/wp-json\/wp\/v2\/comments?post=59224"}],"wp:featuredmedia":[{"embeddable":true,"href":"https:\/\/manskin.ch\/fr\/wp-json\/wp\/v2\/media\/59226"}],"wp:attachment":[{"href":"https:\/\/manskin.ch\/fr\/wp-json\/wp\/v2\/media?parent=59224"}],"wp:term":[{"taxonomy":"pwb-brand","embeddable":true,"href":"https:\/\/manskin.ch\/fr\/wp-json\/wp\/v2\/pwb-brand?post=59224"},{"taxonomy":"product_brand","embeddable":true,"href":"https:\/\/manskin.ch\/fr\/wp-json\/wp\/v2\/product_brand?post=59224"},{"taxonomy":"product_cat","embeddable":true,"href":"https:\/\/manskin.ch\/fr\/wp-json\/wp\/v2\/product_cat?post=59224"},{"taxonomy":"product_tag","embeddable":true,"href":"https:\/\/manskin.ch\/fr\/wp-json\/wp\/v2\/product_tag?post=59224"}],"curies":[{"name":"wp","href":"https:\/\/api.w.org\/{rel}","templated":true}]}}