{"id":59156,"date":"2024-07-21T20:55:22","date_gmt":"2024-07-21T18:55:22","guid":{"rendered":"https:\/\/manskin.ch\/produkt\/aloe-propolis-soothing-gel\/"},"modified":"2026-03-09T12:49:15","modified_gmt":"2026-03-09T11:49:15","slug":"cosrx-advanced-snail-96-power-essence","status":"publish","type":"product","link":"https:\/\/manskin.ch\/fr\/produkt\/cosrx-advanced-snail-96-power-essence\/","title":{"rendered":"COSRX &#8211; Advanced Snail 96 Mucin Power Essence"},"content":{"rendered":"<h2>Cosrx &#8211; Advanced Snail 96 Mucin Power Essence<\/h2>\n<ul>\n<li>Le Cosrx Power Essence avec 96% de filtrat de s\u00e9cr\u00e9tion d&rsquo;escargot (mucine) prot\u00e8ge la peau contre la perte d&rsquo;hydratation et maintient la structure de la peau lisse et saine.<\/li>\n<li>L&rsquo;essence est fabriqu\u00e9e \u00e0 partir de mucine d&rsquo;escargot filtr\u00e9e, de sorte qu&rsquo;elle hydrate et nourrit la peau en profondeur, lui redonne son \u00e9lasticit\u00e9 initiale et r\u00e9g\u00e9n\u00e8re les dommages cutan\u00e9s. De plus, elle favorise la r\u00e9g\u00e9n\u00e9ration naturelle des cellules et renforce la peau de l&rsquo;int\u00e9rieur.<\/li>\n<li>Pour peaux sensibles, peaux s\u00e8ches, peaux matures.<\/li>\n<li>Sans parfum, alcool, silicone, parab\u00e8nes.<\/li>\n<\/ul>\n<p>Application : apr\u00e8s le nettoyage, applique une petite quantit\u00e9 sur l&rsquo;ensemble du visage. Tapote doucement l&rsquo;essence du bout des doigts et utilise ensuite une cr\u00e8me pour le visage.<\/p>\n<p>Contenu 100 ml.<\/p>\n","protected":false},"excerpt":{"rendered":"<p>Essence avec 96% de filtrat de s\u00e9cr\u00e9tion d&rsquo;escargot pour une peau saine<\/p>\n","protected":false},"featured_media":59197,"comment_status":"closed","ping_status":"closed","template":"","meta":{"_acf_changed":false},"pwb-brand":[2862],"product_brand":[],"product_cat":[1930,2865,2345,2352,2334],"product_tag":[],"class_list":{"0":"post-59156","1":"product","2":"type-product","3":"status-publish","4":"has-post-thumbnail","6":"pwb-brand-cosrx","7":"product_cat-anti-age","8":"product_cat-cosrx-fr","9":"product_cat-fines-lignes-rides","10":"product_cat-peau-seche","11":"product_cat-serum-visage","12":"product_shipping_class-standard-fr","13":"sales-flash-overlay","14":"woocommerce-text-align-center","15":"woocommerce-image-align-center","16":"do-quantity-buttons","18":"first","19":"instock","20":"taxable","21":"shipping-taxable","22":"purchasable","23":"product-type-simple"},"acf":[],"yoast_head":"<!-- This site is optimized with the Yoast SEO Premium plugin v27.3 (Yoast SEO v27.3) - https:\/\/yoast.com\/product\/yoast-seo-premium-wordpress\/ -->\n<title>COSRX - Advanced Snail 96 Mucin Power Essence | Manskin.ch<\/title>\n<meta name=\"description\" content=\"Une essence puissante pour une peau \u00e9clatante : COSRX Snail 96 Essence avec 96% de filtrat de s\u00e9cr\u00e9tion d&#039;escargot. Renforce ta peau!\" \/>\n<meta name=\"robots\" content=\"index, follow, max-snippet:-1, max-image-preview:large, max-video-preview:-1\" \/>\n<link rel=\"canonical\" href=\"https:\/\/manskin.ch\/fr\/produkt\/cosrx-advanced-snail-96-power-essence\/\" \/>\n<meta property=\"og:locale\" content=\"fr_FR\" \/>\n<meta property=\"og:type\" content=\"article\" \/>\n<meta property=\"og:title\" content=\"COSRX - Advanced Snail 96 Mucin Power Essence\" \/>\n<meta property=\"og:description\" content=\"Une essence puissante pour une peau \u00e9clatante : COSRX Snail 96 Essence avec 96% de filtrat de s\u00e9cr\u00e9tion d&#039;escargot. Renforce ta peau!\" \/>\n<meta property=\"og:url\" content=\"https:\/\/manskin.ch\/fr\/produkt\/cosrx-advanced-snail-96-power-essence\/\" \/>\n<meta property=\"og:site_name\" content=\"Manskin.ch\" \/>\n<meta property=\"article:publisher\" content=\"https:\/\/www.facebook.com\/manskin.ch\" \/>\n<meta property=\"article:modified_time\" content=\"2026-03-09T11:49:15+00:00\" \/>\n<meta property=\"og:image\" content=\"https:\/\/manskin.ch\/wp-content\/uploads\/2024\/07\/Cosrx_Essence.jpg\" \/>\n\t<meta property=\"og:image:width\" content=\"800\" \/>\n\t<meta property=\"og:image:height\" content=\"800\" \/>\n\t<meta property=\"og:image:type\" content=\"image\/jpeg\" \/>\n<meta name=\"twitter:card\" content=\"summary_large_image\" \/>\n<meta name=\"twitter:label1\" content=\"Prix\" \/>\n\t<meta name=\"twitter:data1\" content=\"23.00&#067;&#072;&#070;\" \/>\n\t<meta name=\"twitter:label2\" content=\"Disponibilit\u00e9\" \/>\n\t<meta name=\"twitter:data2\" content=\"En stock\" \/>\n<script type=\"application\/ld+json\" class=\"yoast-schema-graph\">{\"@context\":\"https:\\\/\\\/schema.org\",\"@graph\":[{\"@type\":\"WebPage\",\"@id\":\"https:\\\/\\\/manskin.ch\\\/fr\\\/produkt\\\/cosrx-advanced-snail-96-power-essence\\\/\",\"url\":\"https:\\\/\\\/manskin.ch\\\/fr\\\/produkt\\\/cosrx-advanced-snail-96-power-essence\\\/\",\"name\":\"COSRX - Advanced Snail 96 Mucin Power Essence | Manskin.ch\",\"isPartOf\":{\"@id\":\"https:\\\/\\\/manskin.ch\\\/fr\\\/#website\"},\"primaryImageOfPage\":{\"@id\":\"https:\\\/\\\/manskin.ch\\\/fr\\\/produkt\\\/cosrx-advanced-snail-96-power-essence\\\/#primaryimage\"},\"image\":{\"@id\":\"https:\\\/\\\/manskin.ch\\\/fr\\\/produkt\\\/cosrx-advanced-snail-96-power-essence\\\/#primaryimage\"},\"thumbnailUrl\":\"https:\\\/\\\/manskin.ch\\\/wp-content\\\/uploads\\\/2024\\\/07\\\/Cosrx_Essence.jpg\",\"datePublished\":\"2024-07-21T18:55:22+00:00\",\"dateModified\":\"2026-03-09T11:49:15+00:00\",\"description\":\"Une essence puissante pour une peau \u00e9clatante : COSRX Snail 96 Essence avec 96% de filtrat de s\u00e9cr\u00e9tion d'escargot. Renforce ta peau!\",\"breadcrumb\":{\"@id\":\"https:\\\/\\\/manskin.ch\\\/fr\\\/produkt\\\/cosrx-advanced-snail-96-power-essence\\\/#breadcrumb\"},\"inLanguage\":\"fr-FR\",\"potentialAction\":[{\"@type\":\"ReadAction\",\"target\":[\"https:\\\/\\\/manskin.ch\\\/fr\\\/produkt\\\/cosrx-advanced-snail-96-power-essence\\\/\"]}]},{\"@type\":\"ImageObject\",\"inLanguage\":\"fr-FR\",\"@id\":\"https:\\\/\\\/manskin.ch\\\/fr\\\/produkt\\\/cosrx-advanced-snail-96-power-essence\\\/#primaryimage\",\"url\":\"https:\\\/\\\/manskin.ch\\\/wp-content\\\/uploads\\\/2024\\\/07\\\/Cosrx_Essence.jpg\",\"contentUrl\":\"https:\\\/\\\/manskin.ch\\\/wp-content\\\/uploads\\\/2024\\\/07\\\/Cosrx_Essence.jpg\",\"width\":800,\"height\":800},{\"@type\":\"BreadcrumbList\",\"@id\":\"https:\\\/\\\/manskin.ch\\\/fr\\\/produkt\\\/cosrx-advanced-snail-96-power-essence\\\/#breadcrumb\",\"itemListElement\":[{\"@type\":\"ListItem\",\"position\":1,\"name\":\"Startseite\",\"item\":\"https:\\\/\\\/manskin.ch\\\/fr\\\/\"},{\"@type\":\"ListItem\",\"position\":2,\"name\":\"Boutique Soins pour Hommes &amp; Skincare\",\"item\":\"https:\\\/\\\/manskin.ch\\\/fr\\\/boutique\\\/\"},{\"@type\":\"ListItem\",\"position\":3,\"name\":\"COSRX &#8211; Advanced Snail 96 Mucin Power Essence\"}]},{\"@type\":\"WebSite\",\"@id\":\"https:\\\/\\\/manskin.ch\\\/fr\\\/#website\",\"url\":\"https:\\\/\\\/manskin.ch\\\/fr\\\/\",\"name\":\"Manskin.ch\",\"description\":\"Tous les produits de beaut\u00e9 pour les hommes les plus exigeants\",\"publisher\":{\"@id\":\"https:\\\/\\\/manskin.ch\\\/fr\\\/#organization\"},\"potentialAction\":[{\"@type\":\"SearchAction\",\"target\":{\"@type\":\"EntryPoint\",\"urlTemplate\":\"https:\\\/\\\/manskin.ch\\\/fr\\\/?s={search_term_string}\"},\"query-input\":{\"@type\":\"PropertyValueSpecification\",\"valueRequired\":true,\"valueName\":\"search_term_string\"}}],\"inLanguage\":\"fr-FR\"},{\"@type\":\"Organization\",\"@id\":\"https:\\\/\\\/manskin.ch\\\/fr\\\/#organization\",\"name\":\"Manskin.ch - der Schweizer Onlineshop f\u00fcr qualit\u00e4tsstarke M\u00e4nnerpflege\",\"url\":\"https:\\\/\\\/manskin.ch\\\/fr\\\/\",\"logo\":{\"@type\":\"ImageObject\",\"inLanguage\":\"fr-FR\",\"@id\":\"https:\\\/\\\/manskin.ch\\\/fr\\\/#\\\/schema\\\/logo\\\/image\\\/\",\"url\":\"https:\\\/\\\/manskin.ch\\\/wp-content\\\/uploads\\\/2021\\\/04\\\/cropped-logo_head.png\",\"contentUrl\":\"https:\\\/\\\/manskin.ch\\\/wp-content\\\/uploads\\\/2021\\\/04\\\/cropped-logo_head.png\",\"width\":235,\"height\":75,\"caption\":\"Manskin.ch - der Schweizer Onlineshop f\u00fcr qualit\u00e4tsstarke M\u00e4nnerpflege\"},\"image\":{\"@id\":\"https:\\\/\\\/manskin.ch\\\/fr\\\/#\\\/schema\\\/logo\\\/image\\\/\"},\"sameAs\":[\"https:\\\/\\\/www.facebook.com\\\/manskin.ch\",\"https:\\\/\\\/www.instagram.com\\\/manskin.ch\\\/\"]}]}<\/script>\n<meta property=\"product:price:amount\" content=\"23.00\" \/>\n<meta property=\"product:price:currency\" content=\"CHF\" \/>\n<meta property=\"og:availability\" content=\"instock\" \/>\n<meta property=\"product:availability\" content=\"instock\" \/>\n<meta property=\"product:retailer_item_id\" content=\"14125\" \/>\n<meta property=\"product:condition\" content=\"new\" \/>\n<!-- \/ Yoast SEO Premium plugin. -->","yoast_head_json":{"title":"COSRX - Advanced Snail 96 Mucin Power Essence | Manskin.ch","description":"Une essence puissante pour une peau \u00e9clatante : COSRX Snail 96 Essence avec 96% de filtrat de s\u00e9cr\u00e9tion d'escargot. Renforce ta peau!","robots":{"index":"index","follow":"follow","max-snippet":"max-snippet:-1","max-image-preview":"max-image-preview:large","max-video-preview":"max-video-preview:-1"},"canonical":"https:\/\/manskin.ch\/fr\/produkt\/cosrx-advanced-snail-96-power-essence\/","og_locale":"fr_FR","og_type":"article","og_title":"COSRX - Advanced Snail 96 Mucin Power Essence","og_description":"Une essence puissante pour une peau \u00e9clatante : COSRX Snail 96 Essence avec 96% de filtrat de s\u00e9cr\u00e9tion d'escargot. Renforce ta peau!","og_url":"https:\/\/manskin.ch\/fr\/produkt\/cosrx-advanced-snail-96-power-essence\/","og_site_name":"Manskin.ch","article_publisher":"https:\/\/www.facebook.com\/manskin.ch","article_modified_time":"2026-03-09T11:49:15+00:00","og_image":[{"width":800,"height":800,"url":"https:\/\/manskin.ch\/wp-content\/uploads\/2024\/07\/Cosrx_Essence.jpg","type":"image\/jpeg"}],"twitter_card":"summary_large_image","twitter_misc":{"Prix":"23.00&#67;&#72;&#70;","Disponibilit\u00e9":"En stock"},"schema":{"@context":"https:\/\/schema.org","@graph":[{"@type":"WebPage","@id":"https:\/\/manskin.ch\/fr\/produkt\/cosrx-advanced-snail-96-power-essence\/","url":"https:\/\/manskin.ch\/fr\/produkt\/cosrx-advanced-snail-96-power-essence\/","name":"COSRX - Advanced Snail 96 Mucin Power Essence | Manskin.ch","isPartOf":{"@id":"https:\/\/manskin.ch\/fr\/#website"},"primaryImageOfPage":{"@id":"https:\/\/manskin.ch\/fr\/produkt\/cosrx-advanced-snail-96-power-essence\/#primaryimage"},"image":{"@id":"https:\/\/manskin.ch\/fr\/produkt\/cosrx-advanced-snail-96-power-essence\/#primaryimage"},"thumbnailUrl":"https:\/\/manskin.ch\/wp-content\/uploads\/2024\/07\/Cosrx_Essence.jpg","datePublished":"2024-07-21T18:55:22+00:00","dateModified":"2026-03-09T11:49:15+00:00","description":"Une essence puissante pour une peau \u00e9clatante : COSRX Snail 96 Essence avec 96% de filtrat de s\u00e9cr\u00e9tion d'escargot. Renforce ta peau!","breadcrumb":{"@id":"https:\/\/manskin.ch\/fr\/produkt\/cosrx-advanced-snail-96-power-essence\/#breadcrumb"},"inLanguage":"fr-FR","potentialAction":[{"@type":"ReadAction","target":["https:\/\/manskin.ch\/fr\/produkt\/cosrx-advanced-snail-96-power-essence\/"]}]},{"@type":"ImageObject","inLanguage":"fr-FR","@id":"https:\/\/manskin.ch\/fr\/produkt\/cosrx-advanced-snail-96-power-essence\/#primaryimage","url":"https:\/\/manskin.ch\/wp-content\/uploads\/2024\/07\/Cosrx_Essence.jpg","contentUrl":"https:\/\/manskin.ch\/wp-content\/uploads\/2024\/07\/Cosrx_Essence.jpg","width":800,"height":800},{"@type":"BreadcrumbList","@id":"https:\/\/manskin.ch\/fr\/produkt\/cosrx-advanced-snail-96-power-essence\/#breadcrumb","itemListElement":[{"@type":"ListItem","position":1,"name":"Startseite","item":"https:\/\/manskin.ch\/fr\/"},{"@type":"ListItem","position":2,"name":"Boutique Soins pour Hommes &amp; Skincare","item":"https:\/\/manskin.ch\/fr\/boutique\/"},{"@type":"ListItem","position":3,"name":"COSRX &#8211; Advanced Snail 96 Mucin Power Essence"}]},{"@type":"WebSite","@id":"https:\/\/manskin.ch\/fr\/#website","url":"https:\/\/manskin.ch\/fr\/","name":"Manskin.ch","description":"Tous les produits de beaut\u00e9 pour les hommes les plus exigeants","publisher":{"@id":"https:\/\/manskin.ch\/fr\/#organization"},"potentialAction":[{"@type":"SearchAction","target":{"@type":"EntryPoint","urlTemplate":"https:\/\/manskin.ch\/fr\/?s={search_term_string}"},"query-input":{"@type":"PropertyValueSpecification","valueRequired":true,"valueName":"search_term_string"}}],"inLanguage":"fr-FR"},{"@type":"Organization","@id":"https:\/\/manskin.ch\/fr\/#organization","name":"Manskin.ch - der Schweizer Onlineshop f\u00fcr qualit\u00e4tsstarke M\u00e4nnerpflege","url":"https:\/\/manskin.ch\/fr\/","logo":{"@type":"ImageObject","inLanguage":"fr-FR","@id":"https:\/\/manskin.ch\/fr\/#\/schema\/logo\/image\/","url":"https:\/\/manskin.ch\/wp-content\/uploads\/2021\/04\/cropped-logo_head.png","contentUrl":"https:\/\/manskin.ch\/wp-content\/uploads\/2021\/04\/cropped-logo_head.png","width":235,"height":75,"caption":"Manskin.ch - der Schweizer Onlineshop f\u00fcr qualit\u00e4tsstarke M\u00e4nnerpflege"},"image":{"@id":"https:\/\/manskin.ch\/fr\/#\/schema\/logo\/image\/"},"sameAs":["https:\/\/www.facebook.com\/manskin.ch","https:\/\/www.instagram.com\/manskin.ch\/"]}]},"product_price_amount":"23.00","product_price_currency":"CHF","og_availability":"instock","product_availability":"instock","product_retailer_item_id":"14125","product_condition":"new"},"brands":[{"id":2862,"name":"COSRX","slug":"cosrx"}],"_links":{"self":[{"href":"https:\/\/manskin.ch\/fr\/wp-json\/wp\/v2\/product\/59156","targetHints":{"allow":["GET"]}}],"collection":[{"href":"https:\/\/manskin.ch\/fr\/wp-json\/wp\/v2\/product"}],"about":[{"href":"https:\/\/manskin.ch\/fr\/wp-json\/wp\/v2\/types\/product"}],"replies":[{"embeddable":true,"href":"https:\/\/manskin.ch\/fr\/wp-json\/wp\/v2\/comments?post=59156"}],"wp:featuredmedia":[{"embeddable":true,"href":"https:\/\/manskin.ch\/fr\/wp-json\/wp\/v2\/media\/59197"}],"wp:attachment":[{"href":"https:\/\/manskin.ch\/fr\/wp-json\/wp\/v2\/media?parent=59156"}],"wp:term":[{"taxonomy":"pwb-brand","embeddable":true,"href":"https:\/\/manskin.ch\/fr\/wp-json\/wp\/v2\/pwb-brand?post=59156"},{"taxonomy":"product_brand","embeddable":true,"href":"https:\/\/manskin.ch\/fr\/wp-json\/wp\/v2\/product_brand?post=59156"},{"taxonomy":"product_cat","embeddable":true,"href":"https:\/\/manskin.ch\/fr\/wp-json\/wp\/v2\/product_cat?post=59156"},{"taxonomy":"product_tag","embeddable":true,"href":"https:\/\/manskin.ch\/fr\/wp-json\/wp\/v2\/product_tag?post=59156"}],"curies":[{"name":"wp","href":"https:\/\/api.w.org\/{rel}","templated":true}]}}