{"id":505629,"date":"2026-05-03T10:58:06","date_gmt":"2026-05-03T08:58:06","guid":{"rendered":"https:\/\/manskin.ch\/produkt\/merkur-rasoir-futur-701-chrome-brillant\/"},"modified":"2026-05-04T10:21:19","modified_gmt":"2026-05-04T08:21:19","slug":"merkur-rasoir-futur-701-chrome-brillant","status":"publish","type":"product","link":"https:\/\/manskin.ch\/fr\/produkt\/merkur-rasoir-futur-701-chrome-brillant\/","title":{"rendered":"Merkur &#8211; Rasoir Futur 701 Chrom\u00e9 Brillant"},"content":{"rendered":"<h2 class=\"p1\">Merkur &#8211; Rasoir Futur 701 Chrom\u00e9 Brillant<\/h2>\n<ul>\n<li class=\"p2\">Le Merkur Futur 701 est le rasoir pour les hommes exigeants &#8211; en termes de technique, d&rsquo;esth\u00e9tique et d&rsquo;individualit\u00e9.<\/li>\n<li class=\"p2\">Son design moderne et minimaliste en chrome mat noble rencontre une fonction unique : la fente de la lame est r\u00e9glable en continu et s&rsquo;adapte ainsi parfaitement \u00e0 ta barbe et \u00e0 ton type de peau.<\/li>\n<li class=\"p2\">Qu&rsquo;il s&rsquo;agisse d&rsquo;un rasage doux le matin ou d&rsquo;un contour de barbe pr\u00e9cis le week-end, le Futur 701 offre une flexibilit\u00e9 maximale pour chaque jour gr\u00e2ce \u00e0 sa t\u00eate de rasage r\u00e9glable. Sa construction solide en m\u00e9tal offre une bonne prise en main et son design \u00e9pur\u00e9 en fait un v\u00e9ritable point de mire dans la salle de Bains.<\/li>\n<\/ul>\n<p>Points forts :<\/p>\n<ul>\n<li class=\"p2\">R\u00e9glable en continu : \u00c9cartement des lames finement r\u00e9glable pour des r\u00e9sultats de rasage personnalis\u00e9s<\/li>\n<li class=\"p2\">Bo\u00eetier m\u00e9tallique massif : Finition de haute qualit\u00e9, durable et \u00e9quilibr\u00e9e<\/li>\n<li class=\"p2\">Design futuriste : Surface chrom\u00e9e brillant au caract\u00e8re \u00e9pur\u00e9<\/li>\n<li class=\"p2\">Manche : Lisse, de forme ergonomique<\/li>\n<li class=\"p2\">T\u00eate : R\u00e9glable (1-6), syst\u00e8me ferm\u00e9<\/li>\n<li class=\"p2\">Id\u00e9al pour les utilisateurs avanc\u00e9s: pour les hommes qui souhaitent perfectionner leur rasage<\/li>\n<\/ul>\n<p class=\"p2\">Fabriqu\u00e9 en Allemagne : Pr\u00e9cision de Solingen<br \/>\nLongueur : env. 11 cm, poids : env. 125 gr.<\/p>\n","protected":false},"excerpt":{"rendered":"<p>Merkur &#8211; Rasoir Futur 701 Chrom\u00e9 Brillant Le Merkur Futur 701 est le rasoir pour les hommes exigeants &#8211; en termes de technique, d&rsquo;esth\u00e9tique et d&rsquo;individualit\u00e9. Son design moderne et minimaliste en chrome mat noble rencontre une fonction unique : la fente de la lame est r\u00e9glable en continu et s&rsquo;adapte ainsi parfaitement \u00e0 ta &#8230; <a title=\"Merkur &#8211; Rasoir Futur 701 Chrom\u00e9 Brillant\" class=\"read-more\" href=\"https:\/\/manskin.ch\/fr\/produkt\/merkur-rasoir-futur-701-chrome-brillant\/\" aria-label=\"En savoir plus sur Merkur &#8211; Rasoir Futur 701 Chrom\u00e9 Brillant\">Lire la suite<\/a><\/p>\n","protected":false},"featured_media":505617,"comment_status":"closed","ping_status":"closed","template":"","meta":{"_acf_changed":false},"pwb-brand":[2947],"product_brand":[],"product_cat":[6590,2422],"product_tag":[],"class_list":{"0":"post-505629","1":"product","2":"type-product","3":"status-publish","4":"has-post-thumbnail","6":"pwb-brand-merkur","7":"product_cat-merkur-fr","8":"product_cat-rasoir-de-suretee","9":"product_shipping_class-standard-fr","10":"sales-flash-overlay","11":"woocommerce-text-align-center","12":"woocommerce-image-align-center","13":"do-quantity-buttons","15":"first","16":"instock","17":"taxable","18":"shipping-taxable","19":"purchasable","20":"product-type-simple"},"acf":[],"yoast_head":"<!-- This site is optimized with the Yoast SEO Premium plugin v27.3 (Yoast SEO v27.3) - https:\/\/yoast.com\/product\/yoast-seo-premium-wordpress\/ -->\n<title>Rasoir Merkur Futur 701 \u00e0 t\u00eate r\u00e9glable | Manskin.ch<\/title>\n<meta name=\"description\" content=\"Le rasoir Merkur Futur 701 t&#039;offre l&#039;alliance parfaite entre technologie et design. Adapte l&#039;\u00e9cartement des lames \u00e0 ta barbe!\" \/>\n<meta name=\"robots\" content=\"index, follow, max-snippet:-1, max-image-preview:large, max-video-preview:-1\" \/>\n<link rel=\"canonical\" href=\"https:\/\/manskin.ch\/fr\/produkt\/merkur-rasoir-futur-701-chrome-brillant\/\" \/>\n<meta property=\"og:locale\" content=\"fr_FR\" \/>\n<meta property=\"og:type\" content=\"article\" \/>\n<meta property=\"og:title\" content=\"Merkur - Rasoir Futur 701 Chrom\u00e9 Brillant\" \/>\n<meta property=\"og:description\" content=\"Le rasoir Merkur Futur 701 t&#039;offre l&#039;alliance parfaite entre technologie et design. Adapte l&#039;\u00e9cartement des lames \u00e0 ta barbe!\" \/>\n<meta property=\"og:url\" content=\"https:\/\/manskin.ch\/fr\/produkt\/merkur-rasoir-futur-701-chrome-brillant\/\" \/>\n<meta property=\"og:site_name\" content=\"Manskin.ch\" \/>\n<meta property=\"article:publisher\" content=\"https:\/\/www.facebook.com\/manskin.ch\" \/>\n<meta property=\"article:modified_time\" content=\"2026-05-04T08:21:19+00:00\" \/>\n<meta name=\"twitter:card\" content=\"summary_large_image\" \/>\n<meta name=\"twitter:label1\" content=\"Prix\" \/>\n\t<meta name=\"twitter:data1\" content=\"82.00&#067;&#072;&#070;\" \/>\n\t<meta name=\"twitter:label2\" content=\"Disponibilit\u00e9\" \/>\n\t<meta name=\"twitter:data2\" content=\"En stock\" \/>\n<script type=\"application\/ld+json\" class=\"yoast-schema-graph\">{\"@context\":\"https:\\\/\\\/schema.org\",\"@graph\":[{\"@type\":\"WebPage\",\"@id\":\"https:\\\/\\\/manskin.ch\\\/fr\\\/produkt\\\/merkur-rasoir-futur-701-chrome-brillant\\\/\",\"url\":\"https:\\\/\\\/manskin.ch\\\/fr\\\/produkt\\\/merkur-rasoir-futur-701-chrome-brillant\\\/\",\"name\":\"Rasoir Merkur Futur 701 \u00e0 t\u00eate r\u00e9glable | Manskin.ch\",\"isPartOf\":{\"@id\":\"https:\\\/\\\/manskin.ch\\\/fr\\\/#website\"},\"primaryImageOfPage\":{\"@id\":\"https:\\\/\\\/manskin.ch\\\/fr\\\/produkt\\\/merkur-rasoir-futur-701-chrome-brillant\\\/#primaryimage\"},\"image\":{\"@id\":\"https:\\\/\\\/manskin.ch\\\/fr\\\/produkt\\\/merkur-rasoir-futur-701-chrome-brillant\\\/#primaryimage\"},\"thumbnailUrl\":\"https:\\\/\\\/manskin.ch\\\/wp-content\\\/uploads\\\/2026\\\/05\\\/Merkur-Futur-701.jpg\",\"datePublished\":\"2026-05-03T08:58:06+00:00\",\"dateModified\":\"2026-05-04T08:21:19+00:00\",\"description\":\"Le rasoir Merkur Futur 701 t'offre l'alliance parfaite entre technologie et design. Adapte l'\u00e9cartement des lames \u00e0 ta barbe!\",\"breadcrumb\":{\"@id\":\"https:\\\/\\\/manskin.ch\\\/fr\\\/produkt\\\/merkur-rasoir-futur-701-chrome-brillant\\\/#breadcrumb\"},\"inLanguage\":\"fr-FR\",\"potentialAction\":[{\"@type\":\"ReadAction\",\"target\":[\"https:\\\/\\\/manskin.ch\\\/fr\\\/produkt\\\/merkur-rasoir-futur-701-chrome-brillant\\\/\"]}]},{\"@type\":\"ImageObject\",\"inLanguage\":\"fr-FR\",\"@id\":\"https:\\\/\\\/manskin.ch\\\/fr\\\/produkt\\\/merkur-rasoir-futur-701-chrome-brillant\\\/#primaryimage\",\"url\":\"https:\\\/\\\/manskin.ch\\\/wp-content\\\/uploads\\\/2026\\\/05\\\/Merkur-Futur-701.jpg\",\"contentUrl\":\"https:\\\/\\\/manskin.ch\\\/wp-content\\\/uploads\\\/2026\\\/05\\\/Merkur-Futur-701.jpg\",\"width\":1000,\"height\":1000},{\"@type\":\"BreadcrumbList\",\"@id\":\"https:\\\/\\\/manskin.ch\\\/fr\\\/produkt\\\/merkur-rasoir-futur-701-chrome-brillant\\\/#breadcrumb\",\"itemListElement\":[{\"@type\":\"ListItem\",\"position\":1,\"name\":\"Startseite\",\"item\":\"https:\\\/\\\/manskin.ch\\\/fr\\\/\"},{\"@type\":\"ListItem\",\"position\":2,\"name\":\"Boutique Soins pour Hommes &amp; Skincare\",\"item\":\"https:\\\/\\\/manskin.ch\\\/fr\\\/boutique\\\/\"},{\"@type\":\"ListItem\",\"position\":3,\"name\":\"Merkur &#8211; Rasoir Futur 701 Chrom\u00e9 Brillant\"}]},{\"@type\":\"WebSite\",\"@id\":\"https:\\\/\\\/manskin.ch\\\/fr\\\/#website\",\"url\":\"https:\\\/\\\/manskin.ch\\\/fr\\\/\",\"name\":\"Manskin.ch\",\"description\":\"Tous les produits de beaut\u00e9 pour les hommes les plus exigeants\",\"publisher\":{\"@id\":\"https:\\\/\\\/manskin.ch\\\/fr\\\/#organization\"},\"potentialAction\":[{\"@type\":\"SearchAction\",\"target\":{\"@type\":\"EntryPoint\",\"urlTemplate\":\"https:\\\/\\\/manskin.ch\\\/fr\\\/?s={search_term_string}\"},\"query-input\":{\"@type\":\"PropertyValueSpecification\",\"valueRequired\":true,\"valueName\":\"search_term_string\"}}],\"inLanguage\":\"fr-FR\"},{\"@type\":\"Organization\",\"@id\":\"https:\\\/\\\/manskin.ch\\\/fr\\\/#organization\",\"name\":\"Manskin.ch - der Schweizer Onlineshop f\u00fcr qualit\u00e4tsstarke M\u00e4nnerpflege\",\"url\":\"https:\\\/\\\/manskin.ch\\\/fr\\\/\",\"logo\":{\"@type\":\"ImageObject\",\"inLanguage\":\"fr-FR\",\"@id\":\"https:\\\/\\\/manskin.ch\\\/fr\\\/#\\\/schema\\\/logo\\\/image\\\/\",\"url\":\"https:\\\/\\\/manskin.ch\\\/wp-content\\\/uploads\\\/2021\\\/04\\\/cropped-logo_head.png\",\"contentUrl\":\"https:\\\/\\\/manskin.ch\\\/wp-content\\\/uploads\\\/2021\\\/04\\\/cropped-logo_head.png\",\"width\":235,\"height\":75,\"caption\":\"Manskin.ch - der Schweizer Onlineshop f\u00fcr qualit\u00e4tsstarke M\u00e4nnerpflege\"},\"image\":{\"@id\":\"https:\\\/\\\/manskin.ch\\\/fr\\\/#\\\/schema\\\/logo\\\/image\\\/\"},\"sameAs\":[\"https:\\\/\\\/www.facebook.com\\\/manskin.ch\",\"https:\\\/\\\/www.instagram.com\\\/manskin.ch\\\/\"],\"hasMerchantReturnPolicy\":{\"@type\":\"MerchantReturnPolicy\",\"merchantReturnLink\":\"https:\\\/\\\/manskin.ch\\\/impressum\\\/ruecksendungen\\\/\"}}]}<\/script>\n<meta property=\"product:brand\" content=\"Merkur\" \/>\n<meta property=\"product:price:amount\" content=\"82.00\" \/>\n<meta property=\"product:price:currency\" content=\"CHF\" \/>\n<meta property=\"og:availability\" content=\"instock\" \/>\n<meta property=\"product:availability\" content=\"instock\" \/>\n<meta property=\"product:retailer_item_id\" content=\"701001\" \/>\n<meta property=\"product:condition\" content=\"new\" \/>\n<!-- \/ Yoast SEO Premium plugin. -->","yoast_head_json":{"title":"Rasoir Merkur Futur 701 \u00e0 t\u00eate r\u00e9glable | Manskin.ch","description":"Le rasoir Merkur Futur 701 t'offre l'alliance parfaite entre technologie et design. Adapte l'\u00e9cartement des lames \u00e0 ta barbe!","robots":{"index":"index","follow":"follow","max-snippet":"max-snippet:-1","max-image-preview":"max-image-preview:large","max-video-preview":"max-video-preview:-1"},"canonical":"https:\/\/manskin.ch\/fr\/produkt\/merkur-rasoir-futur-701-chrome-brillant\/","og_locale":"fr_FR","og_type":"article","og_title":"Merkur - Rasoir Futur 701 Chrom\u00e9 Brillant","og_description":"Le rasoir Merkur Futur 701 t'offre l'alliance parfaite entre technologie et design. Adapte l'\u00e9cartement des lames \u00e0 ta barbe!","og_url":"https:\/\/manskin.ch\/fr\/produkt\/merkur-rasoir-futur-701-chrome-brillant\/","og_site_name":"Manskin.ch","article_publisher":"https:\/\/www.facebook.com\/manskin.ch","article_modified_time":"2026-05-04T08:21:19+00:00","twitter_card":"summary_large_image","twitter_misc":{"Prix":"82.00&#67;&#72;&#70;","Disponibilit\u00e9":"En stock"},"schema":{"@context":"https:\/\/schema.org","@graph":[{"@type":"WebPage","@id":"https:\/\/manskin.ch\/fr\/produkt\/merkur-rasoir-futur-701-chrome-brillant\/","url":"https:\/\/manskin.ch\/fr\/produkt\/merkur-rasoir-futur-701-chrome-brillant\/","name":"Rasoir Merkur Futur 701 \u00e0 t\u00eate r\u00e9glable | Manskin.ch","isPartOf":{"@id":"https:\/\/manskin.ch\/fr\/#website"},"primaryImageOfPage":{"@id":"https:\/\/manskin.ch\/fr\/produkt\/merkur-rasoir-futur-701-chrome-brillant\/#primaryimage"},"image":{"@id":"https:\/\/manskin.ch\/fr\/produkt\/merkur-rasoir-futur-701-chrome-brillant\/#primaryimage"},"thumbnailUrl":"https:\/\/manskin.ch\/wp-content\/uploads\/2026\/05\/Merkur-Futur-701.jpg","datePublished":"2026-05-03T08:58:06+00:00","dateModified":"2026-05-04T08:21:19+00:00","description":"Le rasoir Merkur Futur 701 t'offre l'alliance parfaite entre technologie et design. Adapte l'\u00e9cartement des lames \u00e0 ta barbe!","breadcrumb":{"@id":"https:\/\/manskin.ch\/fr\/produkt\/merkur-rasoir-futur-701-chrome-brillant\/#breadcrumb"},"inLanguage":"fr-FR","potentialAction":[{"@type":"ReadAction","target":["https:\/\/manskin.ch\/fr\/produkt\/merkur-rasoir-futur-701-chrome-brillant\/"]}]},{"@type":"ImageObject","inLanguage":"fr-FR","@id":"https:\/\/manskin.ch\/fr\/produkt\/merkur-rasoir-futur-701-chrome-brillant\/#primaryimage","url":"https:\/\/manskin.ch\/wp-content\/uploads\/2026\/05\/Merkur-Futur-701.jpg","contentUrl":"https:\/\/manskin.ch\/wp-content\/uploads\/2026\/05\/Merkur-Futur-701.jpg","width":1000,"height":1000},{"@type":"BreadcrumbList","@id":"https:\/\/manskin.ch\/fr\/produkt\/merkur-rasoir-futur-701-chrome-brillant\/#breadcrumb","itemListElement":[{"@type":"ListItem","position":1,"name":"Startseite","item":"https:\/\/manskin.ch\/fr\/"},{"@type":"ListItem","position":2,"name":"Boutique Soins pour Hommes &amp; Skincare","item":"https:\/\/manskin.ch\/fr\/boutique\/"},{"@type":"ListItem","position":3,"name":"Merkur &#8211; Rasoir Futur 701 Chrom\u00e9 Brillant"}]},{"@type":"WebSite","@id":"https:\/\/manskin.ch\/fr\/#website","url":"https:\/\/manskin.ch\/fr\/","name":"Manskin.ch","description":"Tous les produits de beaut\u00e9 pour les hommes les plus exigeants","publisher":{"@id":"https:\/\/manskin.ch\/fr\/#organization"},"potentialAction":[{"@type":"SearchAction","target":{"@type":"EntryPoint","urlTemplate":"https:\/\/manskin.ch\/fr\/?s={search_term_string}"},"query-input":{"@type":"PropertyValueSpecification","valueRequired":true,"valueName":"search_term_string"}}],"inLanguage":"fr-FR"},{"@type":"Organization","@id":"https:\/\/manskin.ch\/fr\/#organization","name":"Manskin.ch - der Schweizer Onlineshop f\u00fcr qualit\u00e4tsstarke M\u00e4nnerpflege","url":"https:\/\/manskin.ch\/fr\/","logo":{"@type":"ImageObject","inLanguage":"fr-FR","@id":"https:\/\/manskin.ch\/fr\/#\/schema\/logo\/image\/","url":"https:\/\/manskin.ch\/wp-content\/uploads\/2021\/04\/cropped-logo_head.png","contentUrl":"https:\/\/manskin.ch\/wp-content\/uploads\/2021\/04\/cropped-logo_head.png","width":235,"height":75,"caption":"Manskin.ch - der Schweizer Onlineshop f\u00fcr qualit\u00e4tsstarke M\u00e4nnerpflege"},"image":{"@id":"https:\/\/manskin.ch\/fr\/#\/schema\/logo\/image\/"},"sameAs":["https:\/\/www.facebook.com\/manskin.ch","https:\/\/www.instagram.com\/manskin.ch\/"],"hasMerchantReturnPolicy":{"@type":"MerchantReturnPolicy","merchantReturnLink":"https:\/\/manskin.ch\/impressum\/ruecksendungen\/"}}]},"product_brand":"Merkur","product_price_amount":"82.00","product_price_currency":"CHF","og_availability":"instock","product_availability":"instock","product_retailer_item_id":"701001","product_condition":"new"},"brands":[{"id":2947,"name":"Merkur","slug":"merkur"}],"_links":{"self":[{"href":"https:\/\/manskin.ch\/fr\/wp-json\/wp\/v2\/product\/505629","targetHints":{"allow":["GET"]}}],"collection":[{"href":"https:\/\/manskin.ch\/fr\/wp-json\/wp\/v2\/product"}],"about":[{"href":"https:\/\/manskin.ch\/fr\/wp-json\/wp\/v2\/types\/product"}],"replies":[{"embeddable":true,"href":"https:\/\/manskin.ch\/fr\/wp-json\/wp\/v2\/comments?post=505629"}],"wp:featuredmedia":[{"embeddable":true,"href":"https:\/\/manskin.ch\/fr\/wp-json\/wp\/v2\/media\/505617"}],"wp:attachment":[{"href":"https:\/\/manskin.ch\/fr\/wp-json\/wp\/v2\/media?parent=505629"}],"wp:term":[{"taxonomy":"pwb-brand","embeddable":true,"href":"https:\/\/manskin.ch\/fr\/wp-json\/wp\/v2\/pwb-brand?post=505629"},{"taxonomy":"product_brand","embeddable":true,"href":"https:\/\/manskin.ch\/fr\/wp-json\/wp\/v2\/product_brand?post=505629"},{"taxonomy":"product_cat","embeddable":true,"href":"https:\/\/manskin.ch\/fr\/wp-json\/wp\/v2\/product_cat?post=505629"},{"taxonomy":"product_tag","embeddable":true,"href":"https:\/\/manskin.ch\/fr\/wp-json\/wp\/v2\/product_tag?post=505629"}],"curies":[{"name":"wp","href":"https:\/\/api.w.org\/{rel}","templated":true}]}}