{"id":505558,"date":"2026-04-27T13:32:46","date_gmt":"2026-04-27T11:32:46","guid":{"rendered":"https:\/\/manskin.ch\/produkt\/gentlehomme-ball-spray-bergamot-noir\/"},"modified":"2026-04-27T13:32:46","modified_gmt":"2026-04-27T11:32:46","slug":"gentlehomme-ball-spray-bergamot-noir","status":"publish","type":"product","link":"https:\/\/manskin.ch\/fr\/produkt\/gentlehomme-ball-spray-bergamot-noir\/","title":{"rendered":"Gentlehomme &#8211; Ball Spray Bergamot Noir"},"content":{"rendered":"<h2>Gentlehomme &#8211; Ball Spray Bergamot Noir<\/h2>\n<p>\u2022Sp\u00e9cialement con\u00e7ue pour les parties intimes masculines, cette formule garantit que tes testicules restent hydrat\u00e9s et souples, m\u00eame pendant l&rsquo;activit\u00e9 physique.<br \/>\n\u2022\u00c0 l&rsquo;hamam\u00e9lis pour apaiser la peau des parties intimes, et \u00e0 l&rsquo;aloe vera aux vertus apaisantes pour un parfum longue dur\u00e9e.<br \/>\n\u2022Parfum\u00e9 naturellement d&rsquo;une fragrance fra\u00eeche.<br \/>\n\u2022Ce d\u00e9odorant pour les testicules est pr\u00e9sent\u00e9 dans un flacon vaporisateur afin que tu puisses l&rsquo;appliquer facilement sur ta zone intime pour qu&rsquo;elle reste souple et sente bon.<br \/>\n\u2022Sans ingr\u00e9dients c\u00e9dog\u00e8nes, alcools nocifs, allerg\u00e8nes, gluten, sulfates, parab\u00e8nes, silicones, PEG et parfums synth\u00e9tiques.<br \/>\n\u2022Notes de bergamote, mandarine, pamplemousse, orange am\u00e8re, bois d\u2019amyris, fleur de caf\u00e9, poivre noir, v\u00e9tiver et patchouli.<\/p>\n<p>Quand l\u2019utiliser :<br \/>\n\u2022Le matin apr\u00e8s la douche ou le bain, pour que tu sentes bon toute la journ\u00e9e.<br \/>\n\u2022Avant une activit\u00e9 sportive ou en voyage.<br \/>\n\u2022En cas de position assise prolong\u00e9e.<br \/>\n\u2022Au lit, pour te sentir bien et bien dormir, ou apr\u00e8s \u00eatre all\u00e9e aux toilettes.<br \/>\n\u2022Avant une soir\u00e9e intime.<\/p>\n<p>Mode d&#8217;emploi :<br \/>\n\u2022Vaporise le produit directement sur ta zone intime. Utilise-le aussi souvent que tu le souhaites, de jour comme de nuit.<\/p>\n<p>Contenance 120 ml.<\/p>\n","protected":false},"excerpt":{"rendered":"<p>Gentlehomme &#8211; Ball Spray Bergamot Noir \u2022Sp\u00e9cialement con\u00e7ue pour les parties intimes masculines, cette formule garantit que tes testicules restent hydrat\u00e9s et souples, m\u00eame pendant l&rsquo;activit\u00e9 physique. \u2022\u00c0 l&rsquo;hamam\u00e9lis pour apaiser la peau des parties intimes, et \u00e0 l&rsquo;aloe vera aux vertus apaisantes pour un parfum longue dur\u00e9e. \u2022Parfum\u00e9 naturellement d&rsquo;une fragrance fra\u00eeche. \u2022Ce d\u00e9odorant &#8230; <a title=\"Gentlehomme &#8211; Ball Spray Bergamot Noir\" class=\"read-more\" href=\"https:\/\/manskin.ch\/fr\/produkt\/gentlehomme-ball-spray-bergamot-noir\/\" aria-label=\"En savoir plus sur Gentlehomme &#8211; Ball Spray Bergamot Noir\">Lire la suite<\/a><\/p>\n","protected":false},"featured_media":505556,"comment_status":"closed","ping_status":"closed","template":"","meta":{"_acf_changed":false},"pwb-brand":[],"product_brand":[],"product_cat":[2359,2868,2869,2911],"product_tag":[],"class_list":{"0":"post-505558","1":"product","2":"type-product","3":"status-publish","4":"has-post-thumbnail","6":"product_cat-depilation","7":"product_cat-gentlehomme-fr","8":"product_cat-make-up-pour-hommes","9":"product_cat-travel-sport","10":"product_shipping_class-standard-fr","11":"sales-flash-overlay","12":"woocommerce-text-align-center","13":"woocommerce-image-align-center","14":"do-quantity-buttons","16":"first","17":"instock","18":"taxable","19":"shipping-taxable","20":"purchasable","21":"product-type-simple"},"acf":[],"yoast_head":"<!-- This site is optimized with the Yoast SEO Premium plugin v27.3 (Yoast SEO v27.3) - https:\/\/yoast.com\/product\/yoast-seo-premium-wordpress\/ -->\n<title>Gentlehomme - Ball Spray Bergamot Noir | Manskin.ch<\/title>\n<meta name=\"description\" content=\"Gentlehomme - Ball Spray Bergamot Noir\" \/>\n<meta name=\"robots\" content=\"index, follow, max-snippet:-1, max-image-preview:large, max-video-preview:-1\" \/>\n<link rel=\"canonical\" href=\"https:\/\/manskin.ch\/fr\/produkt\/gentlehomme-ball-spray-bergamot-noir\/\" \/>\n<meta property=\"og:locale\" content=\"fr_FR\" \/>\n<meta property=\"og:type\" content=\"article\" \/>\n<meta property=\"og:title\" content=\"Gentlehomme - Ball Spray Bergamot Noir\" \/>\n<meta property=\"og:description\" content=\"Gentlehomme - Ball Spray Bergamot Noir\" \/>\n<meta property=\"og:url\" content=\"https:\/\/manskin.ch\/fr\/produkt\/gentlehomme-ball-spray-bergamot-noir\/\" \/>\n<meta property=\"og:site_name\" content=\"Manskin.ch\" \/>\n<meta property=\"article:publisher\" content=\"https:\/\/www.facebook.com\/manskin.ch\" \/>\n<meta name=\"twitter:card\" content=\"summary_large_image\" \/>\n<meta name=\"twitter:label1\" content=\"Prix\" \/>\n\t<meta name=\"twitter:data1\" content=\"34.00&#067;&#072;&#070;\" \/>\n\t<meta name=\"twitter:label2\" content=\"Disponibilit\u00e9\" \/>\n\t<meta name=\"twitter:data2\" content=\"En stock\" \/>\n<script type=\"application\/ld+json\" class=\"yoast-schema-graph\">{\"@context\":\"https:\\\/\\\/schema.org\",\"@graph\":[{\"@type\":\"WebPage\",\"@id\":\"https:\\\/\\\/manskin.ch\\\/fr\\\/produkt\\\/gentlehomme-ball-spray-bergamot-noir\\\/\",\"url\":\"https:\\\/\\\/manskin.ch\\\/fr\\\/produkt\\\/gentlehomme-ball-spray-bergamot-noir\\\/\",\"name\":\"Gentlehomme - Ball Spray Bergamot Noir | Manskin.ch\",\"isPartOf\":{\"@id\":\"https:\\\/\\\/manskin.ch\\\/fr\\\/#website\"},\"primaryImageOfPage\":{\"@id\":\"https:\\\/\\\/manskin.ch\\\/fr\\\/produkt\\\/gentlehomme-ball-spray-bergamot-noir\\\/#primaryimage\"},\"image\":{\"@id\":\"https:\\\/\\\/manskin.ch\\\/fr\\\/produkt\\\/gentlehomme-ball-spray-bergamot-noir\\\/#primaryimage\"},\"thumbnailUrl\":\"https:\\\/\\\/manskin.ch\\\/wp-content\\\/uploads\\\/2026\\\/04\\\/Balls_Deo_NO_CAP_-_BLACK_-_FRONT2.jpg\",\"datePublished\":\"2026-04-27T11:32:46+00:00\",\"description\":\"Gentlehomme - Ball Spray Bergamot Noir\",\"breadcrumb\":{\"@id\":\"https:\\\/\\\/manskin.ch\\\/fr\\\/produkt\\\/gentlehomme-ball-spray-bergamot-noir\\\/#breadcrumb\"},\"inLanguage\":\"fr-FR\",\"potentialAction\":[{\"@type\":\"ReadAction\",\"target\":[\"https:\\\/\\\/manskin.ch\\\/fr\\\/produkt\\\/gentlehomme-ball-spray-bergamot-noir\\\/\"]}]},{\"@type\":\"ImageObject\",\"inLanguage\":\"fr-FR\",\"@id\":\"https:\\\/\\\/manskin.ch\\\/fr\\\/produkt\\\/gentlehomme-ball-spray-bergamot-noir\\\/#primaryimage\",\"url\":\"https:\\\/\\\/manskin.ch\\\/wp-content\\\/uploads\\\/2026\\\/04\\\/Balls_Deo_NO_CAP_-_BLACK_-_FRONT2.jpg\",\"contentUrl\":\"https:\\\/\\\/manskin.ch\\\/wp-content\\\/uploads\\\/2026\\\/04\\\/Balls_Deo_NO_CAP_-_BLACK_-_FRONT2.jpg\",\"width\":1000,\"height\":1000},{\"@type\":\"BreadcrumbList\",\"@id\":\"https:\\\/\\\/manskin.ch\\\/fr\\\/produkt\\\/gentlehomme-ball-spray-bergamot-noir\\\/#breadcrumb\",\"itemListElement\":[{\"@type\":\"ListItem\",\"position\":1,\"name\":\"Startseite\",\"item\":\"https:\\\/\\\/manskin.ch\\\/fr\\\/\"},{\"@type\":\"ListItem\",\"position\":2,\"name\":\"Boutique Soins pour Hommes &amp; Skincare\",\"item\":\"https:\\\/\\\/manskin.ch\\\/fr\\\/boutique\\\/\"},{\"@type\":\"ListItem\",\"position\":3,\"name\":\"Gentlehomme &#8211; Ball Spray Bergamot Noir\"}]},{\"@type\":\"WebSite\",\"@id\":\"https:\\\/\\\/manskin.ch\\\/fr\\\/#website\",\"url\":\"https:\\\/\\\/manskin.ch\\\/fr\\\/\",\"name\":\"Manskin.ch\",\"description\":\"Tous les produits de beaut\u00e9 pour les hommes les plus exigeants\",\"publisher\":{\"@id\":\"https:\\\/\\\/manskin.ch\\\/fr\\\/#organization\"},\"potentialAction\":[{\"@type\":\"SearchAction\",\"target\":{\"@type\":\"EntryPoint\",\"urlTemplate\":\"https:\\\/\\\/manskin.ch\\\/fr\\\/?s={search_term_string}\"},\"query-input\":{\"@type\":\"PropertyValueSpecification\",\"valueRequired\":true,\"valueName\":\"search_term_string\"}}],\"inLanguage\":\"fr-FR\"},{\"@type\":\"Organization\",\"@id\":\"https:\\\/\\\/manskin.ch\\\/fr\\\/#organization\",\"name\":\"Manskin.ch - der Schweizer Onlineshop f\u00fcr qualit\u00e4tsstarke M\u00e4nnerpflege\",\"url\":\"https:\\\/\\\/manskin.ch\\\/fr\\\/\",\"logo\":{\"@type\":\"ImageObject\",\"inLanguage\":\"fr-FR\",\"@id\":\"https:\\\/\\\/manskin.ch\\\/fr\\\/#\\\/schema\\\/logo\\\/image\\\/\",\"url\":\"https:\\\/\\\/manskin.ch\\\/wp-content\\\/uploads\\\/2021\\\/04\\\/cropped-logo_head.png\",\"contentUrl\":\"https:\\\/\\\/manskin.ch\\\/wp-content\\\/uploads\\\/2021\\\/04\\\/cropped-logo_head.png\",\"width\":235,\"height\":75,\"caption\":\"Manskin.ch - der Schweizer Onlineshop f\u00fcr qualit\u00e4tsstarke M\u00e4nnerpflege\"},\"image\":{\"@id\":\"https:\\\/\\\/manskin.ch\\\/fr\\\/#\\\/schema\\\/logo\\\/image\\\/\"},\"sameAs\":[\"https:\\\/\\\/www.facebook.com\\\/manskin.ch\",\"https:\\\/\\\/www.instagram.com\\\/manskin.ch\\\/\"]}]}<\/script>\n<meta property=\"product:price:amount\" content=\"34.00\" \/>\n<meta property=\"product:price:currency\" content=\"CHF\" \/>\n<meta property=\"og:availability\" content=\"instock\" \/>\n<meta property=\"product:availability\" content=\"instock\" \/>\n<meta property=\"product:retailer_item_id\" content=\"14437\" \/>\n<meta property=\"product:condition\" content=\"new\" \/>\n<!-- \/ Yoast SEO Premium plugin. -->","yoast_head_json":{"title":"Gentlehomme - Ball Spray Bergamot Noir | Manskin.ch","description":"Gentlehomme - Ball Spray Bergamot Noir","robots":{"index":"index","follow":"follow","max-snippet":"max-snippet:-1","max-image-preview":"max-image-preview:large","max-video-preview":"max-video-preview:-1"},"canonical":"https:\/\/manskin.ch\/fr\/produkt\/gentlehomme-ball-spray-bergamot-noir\/","og_locale":"fr_FR","og_type":"article","og_title":"Gentlehomme - Ball Spray Bergamot Noir","og_description":"Gentlehomme - Ball Spray Bergamot Noir","og_url":"https:\/\/manskin.ch\/fr\/produkt\/gentlehomme-ball-spray-bergamot-noir\/","og_site_name":"Manskin.ch","article_publisher":"https:\/\/www.facebook.com\/manskin.ch","twitter_card":"summary_large_image","twitter_misc":{"Prix":"34.00&#67;&#72;&#70;","Disponibilit\u00e9":"En stock"},"schema":{"@context":"https:\/\/schema.org","@graph":[{"@type":"WebPage","@id":"https:\/\/manskin.ch\/fr\/produkt\/gentlehomme-ball-spray-bergamot-noir\/","url":"https:\/\/manskin.ch\/fr\/produkt\/gentlehomme-ball-spray-bergamot-noir\/","name":"Gentlehomme - Ball Spray Bergamot Noir | Manskin.ch","isPartOf":{"@id":"https:\/\/manskin.ch\/fr\/#website"},"primaryImageOfPage":{"@id":"https:\/\/manskin.ch\/fr\/produkt\/gentlehomme-ball-spray-bergamot-noir\/#primaryimage"},"image":{"@id":"https:\/\/manskin.ch\/fr\/produkt\/gentlehomme-ball-spray-bergamot-noir\/#primaryimage"},"thumbnailUrl":"https:\/\/manskin.ch\/wp-content\/uploads\/2026\/04\/Balls_Deo_NO_CAP_-_BLACK_-_FRONT2.jpg","datePublished":"2026-04-27T11:32:46+00:00","description":"Gentlehomme - Ball Spray Bergamot Noir","breadcrumb":{"@id":"https:\/\/manskin.ch\/fr\/produkt\/gentlehomme-ball-spray-bergamot-noir\/#breadcrumb"},"inLanguage":"fr-FR","potentialAction":[{"@type":"ReadAction","target":["https:\/\/manskin.ch\/fr\/produkt\/gentlehomme-ball-spray-bergamot-noir\/"]}]},{"@type":"ImageObject","inLanguage":"fr-FR","@id":"https:\/\/manskin.ch\/fr\/produkt\/gentlehomme-ball-spray-bergamot-noir\/#primaryimage","url":"https:\/\/manskin.ch\/wp-content\/uploads\/2026\/04\/Balls_Deo_NO_CAP_-_BLACK_-_FRONT2.jpg","contentUrl":"https:\/\/manskin.ch\/wp-content\/uploads\/2026\/04\/Balls_Deo_NO_CAP_-_BLACK_-_FRONT2.jpg","width":1000,"height":1000},{"@type":"BreadcrumbList","@id":"https:\/\/manskin.ch\/fr\/produkt\/gentlehomme-ball-spray-bergamot-noir\/#breadcrumb","itemListElement":[{"@type":"ListItem","position":1,"name":"Startseite","item":"https:\/\/manskin.ch\/fr\/"},{"@type":"ListItem","position":2,"name":"Boutique Soins pour Hommes &amp; Skincare","item":"https:\/\/manskin.ch\/fr\/boutique\/"},{"@type":"ListItem","position":3,"name":"Gentlehomme &#8211; Ball Spray Bergamot Noir"}]},{"@type":"WebSite","@id":"https:\/\/manskin.ch\/fr\/#website","url":"https:\/\/manskin.ch\/fr\/","name":"Manskin.ch","description":"Tous les produits de beaut\u00e9 pour les hommes les plus exigeants","publisher":{"@id":"https:\/\/manskin.ch\/fr\/#organization"},"potentialAction":[{"@type":"SearchAction","target":{"@type":"EntryPoint","urlTemplate":"https:\/\/manskin.ch\/fr\/?s={search_term_string}"},"query-input":{"@type":"PropertyValueSpecification","valueRequired":true,"valueName":"search_term_string"}}],"inLanguage":"fr-FR"},{"@type":"Organization","@id":"https:\/\/manskin.ch\/fr\/#organization","name":"Manskin.ch - der Schweizer Onlineshop f\u00fcr qualit\u00e4tsstarke M\u00e4nnerpflege","url":"https:\/\/manskin.ch\/fr\/","logo":{"@type":"ImageObject","inLanguage":"fr-FR","@id":"https:\/\/manskin.ch\/fr\/#\/schema\/logo\/image\/","url":"https:\/\/manskin.ch\/wp-content\/uploads\/2021\/04\/cropped-logo_head.png","contentUrl":"https:\/\/manskin.ch\/wp-content\/uploads\/2021\/04\/cropped-logo_head.png","width":235,"height":75,"caption":"Manskin.ch - der Schweizer Onlineshop f\u00fcr qualit\u00e4tsstarke M\u00e4nnerpflege"},"image":{"@id":"https:\/\/manskin.ch\/fr\/#\/schema\/logo\/image\/"},"sameAs":["https:\/\/www.facebook.com\/manskin.ch","https:\/\/www.instagram.com\/manskin.ch\/"]}]},"product_price_amount":"34.00","product_price_currency":"CHF","og_availability":"instock","product_availability":"instock","product_retailer_item_id":"14437","product_condition":"new"},"brands":[],"_links":{"self":[{"href":"https:\/\/manskin.ch\/fr\/wp-json\/wp\/v2\/product\/505558","targetHints":{"allow":["GET"]}}],"collection":[{"href":"https:\/\/manskin.ch\/fr\/wp-json\/wp\/v2\/product"}],"about":[{"href":"https:\/\/manskin.ch\/fr\/wp-json\/wp\/v2\/types\/product"}],"replies":[{"embeddable":true,"href":"https:\/\/manskin.ch\/fr\/wp-json\/wp\/v2\/comments?post=505558"}],"wp:featuredmedia":[{"embeddable":true,"href":"https:\/\/manskin.ch\/fr\/wp-json\/wp\/v2\/media\/505556"}],"wp:attachment":[{"href":"https:\/\/manskin.ch\/fr\/wp-json\/wp\/v2\/media?parent=505558"}],"wp:term":[{"taxonomy":"pwb-brand","embeddable":true,"href":"https:\/\/manskin.ch\/fr\/wp-json\/wp\/v2\/pwb-brand?post=505558"},{"taxonomy":"product_brand","embeddable":true,"href":"https:\/\/manskin.ch\/fr\/wp-json\/wp\/v2\/product_brand?post=505558"},{"taxonomy":"product_cat","embeddable":true,"href":"https:\/\/manskin.ch\/fr\/wp-json\/wp\/v2\/product_cat?post=505558"},{"taxonomy":"product_tag","embeddable":true,"href":"https:\/\/manskin.ch\/fr\/wp-json\/wp\/v2\/product_tag?post=505558"}],"curies":[{"name":"wp","href":"https:\/\/api.w.org\/{rel}","templated":true}]}}