{"id":505279,"date":"2022-04-16T13:56:37","date_gmt":"2022-04-16T11:56:37","guid":{"rendered":"https:\/\/manskin.ch\/produkt\/collistar-creme-depilatoire-pour-homme\/"},"modified":"2022-04-16T13:56:37","modified_gmt":"2022-04-16T11:56:37","slug":"collistar-creme-depilatoire-pour-homme","status":"publish","type":"product","link":"https:\/\/manskin.ch\/fr\/produkt\/collistar-creme-depilatoire-pour-homme\/","title":{"rendered":"Collistar &#8211; Cr\u00e8me d\u00e9pilatoire pour homme"},"content":{"rendered":"<h2>Collistar &#8211; Cr\u00e8me d\u00e9pilatoire pour homme<\/h2>\n<p>Sp\u00e9cialement con\u00e7ue pour les hommes, cette cr\u00e8me \u00e9limine parfaitement les poils sans irriter l&rsquo;\u00e9piderme ni alt\u00e9rer son \u00e9quilibre naturel.<br \/>\nFacile \u00e0 utiliser, elle agit en douceur et efficacement en quelques minutes.<br \/>\nElle convient \u00e0 toutes les parties du corps.<br \/>\nHydratante, apaisante et adoucissante, elle laisse la peau douce et convient \u00e9galement aux peaux sensibles.<br \/>\nElle retarde la repousse des poils et allonge l&rsquo;intervalle entre les \u00e9pilations.<br \/>\nLa nouvelle formule est enrichie d&rsquo;un pr\u00e9cieux actif v\u00e9g\u00e9tal et procure trois effets diff\u00e9rents :<br \/>\n1) ralentit la pousse des poils.<br \/>\n2) rend les poils plus doux et plus fins.<br \/>\n3) apaise la peau.<br \/>\nL&rsquo;huile de jojoba, la cire d&rsquo;abeille, l&rsquo;extrait de mauve et l&rsquo;ur\u00e9e hydratent la peau et procurent une sensation de douceur et de confort apr\u00e8s l&rsquo;\u00e9pilation.<\/p>\n<p>Contenance 200 ml.<\/p>\n","protected":false},"excerpt":{"rendered":"<p>Collistar &#8211; Cr\u00e8me d\u00e9pilatoire pour homme Sp\u00e9cialement con\u00e7ue pour les hommes, cette cr\u00e8me \u00e9limine parfaitement les poils sans irriter l&rsquo;\u00e9piderme ni alt\u00e9rer son \u00e9quilibre naturel. Facile \u00e0 utiliser, elle agit en douceur et efficacement en quelques minutes. Elle convient \u00e0 toutes les parties du corps. Hydratante, apaisante et adoucissante, elle laisse la peau douce et &#8230; <a title=\"Collistar &#8211; Cr\u00e8me d\u00e9pilatoire pour homme\" class=\"read-more\" href=\"https:\/\/manskin.ch\/fr\/produkt\/collistar-creme-depilatoire-pour-homme\/\" aria-label=\"En savoir plus sur Collistar &#8211; Cr\u00e8me d\u00e9pilatoire pour homme\">Lire la suite<\/a><\/p>\n","protected":false},"featured_media":504914,"comment_status":"closed","ping_status":"closed","template":"","meta":{"_acf_changed":false},"pwb-brand":[],"product_brand":[],"product_cat":[2370,2359],"product_tag":[],"class_list":{"0":"post-505279","1":"product","2":"type-product","3":"status-publish","4":"has-post-thumbnail","6":"product_cat-collistar-fr","7":"product_cat-depilation","8":"product_shipping_class-standard-fr","9":"sales-flash-overlay","10":"woocommerce-text-align-center","11":"woocommerce-image-align-center","12":"do-quantity-buttons","14":"first","15":"instock","16":"taxable","17":"shipping-taxable","18":"purchasable","19":"product-type-simple"},"acf":[],"yoast_head":"<!-- This site is optimized with the Yoast SEO Premium plugin v27.3 (Yoast SEO v27.3) - https:\/\/yoast.com\/product\/yoast-seo-premium-wordpress\/ -->\n<title>Collistar Collistar - Cr\u00e8me d\u00e9pilatoire pour homme | Manskin.ch<\/title>\n<meta name=\"description\" content=\"Cette cr\u00e8me sp\u00e9cialement con\u00e7ue pour les hommes \u00e9limine parfaitement les poils sans irriter la peau. D\u00e9couvrez d&#039;autres produits Collistar Uomo sur Manskin.ch\" \/>\n<meta name=\"robots\" content=\"index, follow, max-snippet:-1, max-image-preview:large, max-video-preview:-1\" \/>\n<link rel=\"canonical\" href=\"https:\/\/manskin.ch\/fr\/produkt\/collistar-creme-depilatoire-pour-homme\/\" \/>\n<meta property=\"og:locale\" content=\"fr_FR\" \/>\n<meta property=\"og:type\" content=\"article\" \/>\n<meta property=\"og:title\" content=\"Collistar - Cr\u00e8me d\u00e9pilatoire pour homme\" \/>\n<meta property=\"og:description\" content=\"Cette cr\u00e8me sp\u00e9cialement con\u00e7ue pour les hommes \u00e9limine parfaitement les poils sans irriter la peau. D\u00e9couvrez d&#039;autres produits Collistar Uomo sur Manskin.ch\" \/>\n<meta property=\"og:url\" content=\"https:\/\/manskin.ch\/fr\/produkt\/collistar-creme-depilatoire-pour-homme\/\" \/>\n<meta property=\"og:site_name\" content=\"Manskin.ch\" \/>\n<meta property=\"article:publisher\" content=\"https:\/\/www.facebook.com\/manskin.ch\" \/>\n<meta name=\"twitter:card\" content=\"summary_large_image\" \/>\n<meta name=\"twitter:label1\" content=\"Prix\" \/>\n\t<meta name=\"twitter:data1\" content=\"26.00&#067;&#072;&#070;\" \/>\n\t<meta name=\"twitter:label2\" content=\"Disponibilit\u00e9\" \/>\n\t<meta name=\"twitter:data2\" content=\"En stock\" \/>\n<script type=\"application\/ld+json\" class=\"yoast-schema-graph\">{\"@context\":\"https:\\\/\\\/schema.org\",\"@graph\":[{\"@type\":\"WebPage\",\"@id\":\"https:\\\/\\\/manskin.ch\\\/fr\\\/produkt\\\/collistar-creme-depilatoire-pour-homme\\\/\",\"url\":\"https:\\\/\\\/manskin.ch\\\/fr\\\/produkt\\\/collistar-creme-depilatoire-pour-homme\\\/\",\"name\":\"Collistar Collistar - Cr\u00e8me d\u00e9pilatoire pour homme | Manskin.ch\",\"isPartOf\":{\"@id\":\"https:\\\/\\\/manskin.ch\\\/fr\\\/#website\"},\"primaryImageOfPage\":{\"@id\":\"https:\\\/\\\/manskin.ch\\\/fr\\\/produkt\\\/collistar-creme-depilatoire-pour-homme\\\/#primaryimage\"},\"image\":{\"@id\":\"https:\\\/\\\/manskin.ch\\\/fr\\\/produkt\\\/collistar-creme-depilatoire-pour-homme\\\/#primaryimage\"},\"thumbnailUrl\":\"https:\\\/\\\/manskin.ch\\\/wp-content\\\/uploads\\\/2022\\\/04\\\/Collistar-Enthaarungscreme.jpg\",\"datePublished\":\"2022-04-16T11:56:37+00:00\",\"description\":\"Cette cr\u00e8me sp\u00e9cialement con\u00e7ue pour les hommes \u00e9limine parfaitement les poils sans irriter la peau. D\u00e9couvrez d'autres produits Collistar Uomo sur Manskin.ch\",\"breadcrumb\":{\"@id\":\"https:\\\/\\\/manskin.ch\\\/fr\\\/produkt\\\/collistar-creme-depilatoire-pour-homme\\\/#breadcrumb\"},\"inLanguage\":\"fr-FR\",\"potentialAction\":[{\"@type\":\"ReadAction\",\"target\":[\"https:\\\/\\\/manskin.ch\\\/fr\\\/produkt\\\/collistar-creme-depilatoire-pour-homme\\\/\"]}]},{\"@type\":\"ImageObject\",\"inLanguage\":\"fr-FR\",\"@id\":\"https:\\\/\\\/manskin.ch\\\/fr\\\/produkt\\\/collistar-creme-depilatoire-pour-homme\\\/#primaryimage\",\"url\":\"https:\\\/\\\/manskin.ch\\\/wp-content\\\/uploads\\\/2022\\\/04\\\/Collistar-Enthaarungscreme.jpg\",\"contentUrl\":\"https:\\\/\\\/manskin.ch\\\/wp-content\\\/uploads\\\/2022\\\/04\\\/Collistar-Enthaarungscreme.jpg\",\"width\":1000,\"height\":1000},{\"@type\":\"BreadcrumbList\",\"@id\":\"https:\\\/\\\/manskin.ch\\\/fr\\\/produkt\\\/collistar-creme-depilatoire-pour-homme\\\/#breadcrumb\",\"itemListElement\":[{\"@type\":\"ListItem\",\"position\":1,\"name\":\"Startseite\",\"item\":\"https:\\\/\\\/manskin.ch\\\/fr\\\/\"},{\"@type\":\"ListItem\",\"position\":2,\"name\":\"Boutique Soins pour Hommes &amp; Skincare\",\"item\":\"https:\\\/\\\/manskin.ch\\\/fr\\\/boutique\\\/\"},{\"@type\":\"ListItem\",\"position\":3,\"name\":\"Collistar &#8211; Cr\u00e8me d\u00e9pilatoire pour homme\"}]},{\"@type\":\"WebSite\",\"@id\":\"https:\\\/\\\/manskin.ch\\\/fr\\\/#website\",\"url\":\"https:\\\/\\\/manskin.ch\\\/fr\\\/\",\"name\":\"Manskin.ch\",\"description\":\"Tous les produits de beaut\u00e9 pour les hommes les plus exigeants\",\"publisher\":{\"@id\":\"https:\\\/\\\/manskin.ch\\\/fr\\\/#organization\"},\"potentialAction\":[{\"@type\":\"SearchAction\",\"target\":{\"@type\":\"EntryPoint\",\"urlTemplate\":\"https:\\\/\\\/manskin.ch\\\/fr\\\/?s={search_term_string}\"},\"query-input\":{\"@type\":\"PropertyValueSpecification\",\"valueRequired\":true,\"valueName\":\"search_term_string\"}}],\"inLanguage\":\"fr-FR\"},{\"@type\":\"Organization\",\"@id\":\"https:\\\/\\\/manskin.ch\\\/fr\\\/#organization\",\"name\":\"Manskin.ch - der Schweizer Onlineshop f\u00fcr qualit\u00e4tsstarke M\u00e4nnerpflege\",\"url\":\"https:\\\/\\\/manskin.ch\\\/fr\\\/\",\"logo\":{\"@type\":\"ImageObject\",\"inLanguage\":\"fr-FR\",\"@id\":\"https:\\\/\\\/manskin.ch\\\/fr\\\/#\\\/schema\\\/logo\\\/image\\\/\",\"url\":\"https:\\\/\\\/manskin.ch\\\/wp-content\\\/uploads\\\/2021\\\/04\\\/cropped-logo_head.png\",\"contentUrl\":\"https:\\\/\\\/manskin.ch\\\/wp-content\\\/uploads\\\/2021\\\/04\\\/cropped-logo_head.png\",\"width\":235,\"height\":75,\"caption\":\"Manskin.ch - der Schweizer Onlineshop f\u00fcr qualit\u00e4tsstarke M\u00e4nnerpflege\"},\"image\":{\"@id\":\"https:\\\/\\\/manskin.ch\\\/fr\\\/#\\\/schema\\\/logo\\\/image\\\/\"},\"sameAs\":[\"https:\\\/\\\/www.facebook.com\\\/manskin.ch\",\"https:\\\/\\\/www.instagram.com\\\/manskin.ch\\\/\"]}]}<\/script>\n<meta property=\"product:price:amount\" content=\"26.00\" \/>\n<meta property=\"product:price:currency\" content=\"CHF\" \/>\n<meta property=\"og:availability\" content=\"instock\" \/>\n<meta property=\"product:availability\" content=\"instock\" \/>\n<meta property=\"product:retailer_item_id\" content=\"10705\" \/>\n<meta property=\"product:condition\" content=\"new\" \/>\n<!-- \/ Yoast SEO Premium plugin. -->","yoast_head_json":{"title":"Collistar Collistar - Cr\u00e8me d\u00e9pilatoire pour homme | Manskin.ch","description":"Cette cr\u00e8me sp\u00e9cialement con\u00e7ue pour les hommes \u00e9limine parfaitement les poils sans irriter la peau. D\u00e9couvrez d'autres produits Collistar Uomo sur Manskin.ch","robots":{"index":"index","follow":"follow","max-snippet":"max-snippet:-1","max-image-preview":"max-image-preview:large","max-video-preview":"max-video-preview:-1"},"canonical":"https:\/\/manskin.ch\/fr\/produkt\/collistar-creme-depilatoire-pour-homme\/","og_locale":"fr_FR","og_type":"article","og_title":"Collistar - Cr\u00e8me d\u00e9pilatoire pour homme","og_description":"Cette cr\u00e8me sp\u00e9cialement con\u00e7ue pour les hommes \u00e9limine parfaitement les poils sans irriter la peau. D\u00e9couvrez d'autres produits Collistar Uomo sur Manskin.ch","og_url":"https:\/\/manskin.ch\/fr\/produkt\/collistar-creme-depilatoire-pour-homme\/","og_site_name":"Manskin.ch","article_publisher":"https:\/\/www.facebook.com\/manskin.ch","twitter_card":"summary_large_image","twitter_misc":{"Prix":"26.00&#67;&#72;&#70;","Disponibilit\u00e9":"En stock"},"schema":{"@context":"https:\/\/schema.org","@graph":[{"@type":"WebPage","@id":"https:\/\/manskin.ch\/fr\/produkt\/collistar-creme-depilatoire-pour-homme\/","url":"https:\/\/manskin.ch\/fr\/produkt\/collistar-creme-depilatoire-pour-homme\/","name":"Collistar Collistar - Cr\u00e8me d\u00e9pilatoire pour homme | Manskin.ch","isPartOf":{"@id":"https:\/\/manskin.ch\/fr\/#website"},"primaryImageOfPage":{"@id":"https:\/\/manskin.ch\/fr\/produkt\/collistar-creme-depilatoire-pour-homme\/#primaryimage"},"image":{"@id":"https:\/\/manskin.ch\/fr\/produkt\/collistar-creme-depilatoire-pour-homme\/#primaryimage"},"thumbnailUrl":"https:\/\/manskin.ch\/wp-content\/uploads\/2022\/04\/Collistar-Enthaarungscreme.jpg","datePublished":"2022-04-16T11:56:37+00:00","description":"Cette cr\u00e8me sp\u00e9cialement con\u00e7ue pour les hommes \u00e9limine parfaitement les poils sans irriter la peau. D\u00e9couvrez d'autres produits Collistar Uomo sur Manskin.ch","breadcrumb":{"@id":"https:\/\/manskin.ch\/fr\/produkt\/collistar-creme-depilatoire-pour-homme\/#breadcrumb"},"inLanguage":"fr-FR","potentialAction":[{"@type":"ReadAction","target":["https:\/\/manskin.ch\/fr\/produkt\/collistar-creme-depilatoire-pour-homme\/"]}]},{"@type":"ImageObject","inLanguage":"fr-FR","@id":"https:\/\/manskin.ch\/fr\/produkt\/collistar-creme-depilatoire-pour-homme\/#primaryimage","url":"https:\/\/manskin.ch\/wp-content\/uploads\/2022\/04\/Collistar-Enthaarungscreme.jpg","contentUrl":"https:\/\/manskin.ch\/wp-content\/uploads\/2022\/04\/Collistar-Enthaarungscreme.jpg","width":1000,"height":1000},{"@type":"BreadcrumbList","@id":"https:\/\/manskin.ch\/fr\/produkt\/collistar-creme-depilatoire-pour-homme\/#breadcrumb","itemListElement":[{"@type":"ListItem","position":1,"name":"Startseite","item":"https:\/\/manskin.ch\/fr\/"},{"@type":"ListItem","position":2,"name":"Boutique Soins pour Hommes &amp; Skincare","item":"https:\/\/manskin.ch\/fr\/boutique\/"},{"@type":"ListItem","position":3,"name":"Collistar &#8211; Cr\u00e8me d\u00e9pilatoire pour homme"}]},{"@type":"WebSite","@id":"https:\/\/manskin.ch\/fr\/#website","url":"https:\/\/manskin.ch\/fr\/","name":"Manskin.ch","description":"Tous les produits de beaut\u00e9 pour les hommes les plus exigeants","publisher":{"@id":"https:\/\/manskin.ch\/fr\/#organization"},"potentialAction":[{"@type":"SearchAction","target":{"@type":"EntryPoint","urlTemplate":"https:\/\/manskin.ch\/fr\/?s={search_term_string}"},"query-input":{"@type":"PropertyValueSpecification","valueRequired":true,"valueName":"search_term_string"}}],"inLanguage":"fr-FR"},{"@type":"Organization","@id":"https:\/\/manskin.ch\/fr\/#organization","name":"Manskin.ch - der Schweizer Onlineshop f\u00fcr qualit\u00e4tsstarke M\u00e4nnerpflege","url":"https:\/\/manskin.ch\/fr\/","logo":{"@type":"ImageObject","inLanguage":"fr-FR","@id":"https:\/\/manskin.ch\/fr\/#\/schema\/logo\/image\/","url":"https:\/\/manskin.ch\/wp-content\/uploads\/2021\/04\/cropped-logo_head.png","contentUrl":"https:\/\/manskin.ch\/wp-content\/uploads\/2021\/04\/cropped-logo_head.png","width":235,"height":75,"caption":"Manskin.ch - der Schweizer Onlineshop f\u00fcr qualit\u00e4tsstarke M\u00e4nnerpflege"},"image":{"@id":"https:\/\/manskin.ch\/fr\/#\/schema\/logo\/image\/"},"sameAs":["https:\/\/www.facebook.com\/manskin.ch","https:\/\/www.instagram.com\/manskin.ch\/"]}]},"product_price_amount":"26.00","product_price_currency":"CHF","og_availability":"instock","product_availability":"instock","product_retailer_item_id":"10705","product_condition":"new"},"brands":[],"_links":{"self":[{"href":"https:\/\/manskin.ch\/fr\/wp-json\/wp\/v2\/product\/505279","targetHints":{"allow":["GET"]}}],"collection":[{"href":"https:\/\/manskin.ch\/fr\/wp-json\/wp\/v2\/product"}],"about":[{"href":"https:\/\/manskin.ch\/fr\/wp-json\/wp\/v2\/types\/product"}],"replies":[{"embeddable":true,"href":"https:\/\/manskin.ch\/fr\/wp-json\/wp\/v2\/comments?post=505279"}],"wp:featuredmedia":[{"embeddable":true,"href":"https:\/\/manskin.ch\/fr\/wp-json\/wp\/v2\/media\/504914"}],"wp:attachment":[{"href":"https:\/\/manskin.ch\/fr\/wp-json\/wp\/v2\/media?parent=505279"}],"wp:term":[{"taxonomy":"pwb-brand","embeddable":true,"href":"https:\/\/manskin.ch\/fr\/wp-json\/wp\/v2\/pwb-brand?post=505279"},{"taxonomy":"product_brand","embeddable":true,"href":"https:\/\/manskin.ch\/fr\/wp-json\/wp\/v2\/product_brand?post=505279"},{"taxonomy":"product_cat","embeddable":true,"href":"https:\/\/manskin.ch\/fr\/wp-json\/wp\/v2\/product_cat?post=505279"},{"taxonomy":"product_tag","embeddable":true,"href":"https:\/\/manskin.ch\/fr\/wp-json\/wp\/v2\/product_tag?post=505279"}],"curies":[{"name":"wp","href":"https:\/\/api.w.org\/{rel}","templated":true}]}}