{"id":505066,"date":"2026-03-19T10:00:09","date_gmt":"2026-03-19T09:00:09","guid":{"rendered":"https:\/\/manskin.ch\/produkt\/muehle-blaireau-vivo-en-resine-noble-noir\/"},"modified":"2026-04-06T08:30:05","modified_gmt":"2026-04-06T06:30:05","slug":"muehle-blaireau-vivo-en-resine-noble-noir","status":"publish","type":"product","link":"https:\/\/manskin.ch\/fr\/produkt\/muehle-blaireau-vivo-en-resine-noble-noir\/","title":{"rendered":"M\u00dcHLE &#8211; Blaireau VIVO en r\u00e9sine noble noir"},"content":{"rendered":"<h2 class=\"p1\">M\u00dcHLE &#8211; Blaireau VIVO en r\u00e9sine pr\u00e9cieuse noir<\/h2>\n<p class=\"p2\">Le blaireau de la s\u00e9rie VIVO avec poils v\u00e9ritables allie un design classique \u00e0 une fonctionnalit\u00e9 moderne et constitue le point d&rsquo;entr\u00e9e id\u00e9al dans l&rsquo;univers du rasage \u00e0 l&rsquo;ancienne.<\/p>\n<p class=\"p2\">Le manche en r\u00e9sine noble de haute qualit\u00e9, d&rsquo;un \u00e9l\u00e9gant noir, s\u00e9duit par son aspect chaleureux et naturel et son toucher agr\u00e9able.<\/p>\n<p class=\"p2\">Ce mat\u00e9riau est particuli\u00e8rement durable, r\u00e9sistant \u00e0 l&rsquo;humidit\u00e9 et conserve son \u00e9clat raffin\u00e9 m\u00eame en cas d&rsquo;utilisation quotidienne.<\/p>\n<p class=\"p3\"><b>T\u00eate de blaireau \u2013 Poils de blaireau purs<\/b><\/p>\n<ul>\n<li class=\"p2\">La t\u00eate du blaireau est compos\u00e9e de poils de blaireau purs \u2013 une qualit\u00e9 de base \u00e9prouv\u00e9e parmi les poils naturels. Reconnaissables \u00e0 leur teinte l\u00e9g\u00e8rement plus fonc\u00e9e, ces poils sont un peu plus \u00e9pais, tout en restant agr\u00e9ablement doux et nettement plus souples que les poils de sanglier.<\/li>\n<li class=\"p2\">Ces propri\u00e9t\u00e9s procurent un effet de massage perceptible sur la peau et pr\u00e9parent les poils de barbe de mani\u00e8re optimale au rasage. En m\u00eame temps, le blaireau permet de cr\u00e9er sans effort une mousse onctueuse et stable \u00e0 partir de savon ou de cr\u00e8me \u00e0 raser.<\/li>\n<li class=\"p2\">Comme tous les produits M\u00dcHLE, ce blaireau est fabriqu\u00e9 selon les normes de qualit\u00e9 les plus \u00e9lev\u00e9es et s\u00e9duit par sa long\u00e9vit\u00e9 et sa fiabilit\u00e9.<\/li>\n<\/ul>\n<p class=\"p4\"><b>Les avantages en un coup d&rsquo;\u0153il :<\/b><\/p>\n<ul>\n<li class=\"p2\">Manche en r\u00e9sine noble d&rsquo;un \u00e9l\u00e9gant noir<\/li>\n<li class=\"p2\">T\u00eate de blaireau en poils de blaireau purs avec un l\u00e9ger effet massant<\/li>\n<li class=\"p2\">Poils r\u00e9sistants et souples pour une moussage efficace<\/li>\n<li class=\"p2\">Forme ergonomique pour une prise en main s\u00fbre<\/li>\n<li class=\"p2\">Id\u00e9al pour les d\u00e9butants et les amateurs de rasage classique<\/li>\n<\/ul>\n","protected":false},"excerpt":{"rendered":"<p>Un blaireau \u00e9l\u00e9gant en poils de blaireau v\u00e9ritables pour un rasage luxueux<\/p>\n","protected":false},"featured_media":505064,"comment_status":"closed","ping_status":"closed","template":"","meta":{"_acf_changed":false},"pwb-brand":[2769],"product_brand":[],"product_cat":[2425,2412],"product_tag":[],"class_list":{"0":"post-505066","1":"product","2":"type-product","3":"status-publish","4":"has-post-thumbnail","6":"pwb-brand-muehle","7":"product_cat-blaireau-new","8":"product_cat-muehle-fr","9":"product_shipping_class-standard-fr","10":"sales-flash-overlay","11":"woocommerce-text-align-center","12":"woocommerce-image-align-center","13":"do-quantity-buttons","15":"first","16":"outofstock","17":"taxable","18":"shipping-taxable","19":"purchasable","20":"product-type-simple"},"acf":[],"yoast_head":"<!-- This site is optimized with the Yoast SEO Premium plugin v27.3 (Yoast SEO v27.3) - https:\/\/yoast.com\/product\/yoast-seo-premium-wordpress\/ -->\n<title>M\u00fchle Blaireau Vivo en r\u00e9sine noir | Manskin.ch<\/title>\n<meta name=\"description\" content=\"M\u00dcHLE Blaireau VIVO\" \/>\n<meta name=\"robots\" content=\"index, follow, max-snippet:-1, max-image-preview:large, max-video-preview:-1\" \/>\n<link rel=\"canonical\" href=\"https:\/\/manskin.ch\/fr\/produkt\/muehle-blaireau-vivo-en-resine-noble-noir\/\" \/>\n<meta property=\"og:locale\" content=\"fr_FR\" \/>\n<meta property=\"og:type\" content=\"article\" \/>\n<meta property=\"og:title\" content=\"M\u00dcHLE - Blaireau VIVO en r\u00e9sine noble noir\" \/>\n<meta property=\"og:description\" content=\"M\u00dcHLE Blaireau VIVO\" \/>\n<meta property=\"og:url\" content=\"https:\/\/manskin.ch\/fr\/produkt\/muehle-blaireau-vivo-en-resine-noble-noir\/\" \/>\n<meta property=\"og:site_name\" content=\"Manskin.ch\" \/>\n<meta property=\"article:publisher\" content=\"https:\/\/www.facebook.com\/manskin.ch\" \/>\n<meta property=\"article:modified_time\" content=\"2026-04-06T06:30:05+00:00\" \/>\n<meta name=\"twitter:card\" content=\"summary_large_image\" \/>\n<meta name=\"twitter:label1\" content=\"Prix\" \/>\n\t<meta name=\"twitter:data1\" content=\"48.50&#067;&#072;&#070;\" \/>\n\t<meta name=\"twitter:label2\" content=\"Disponibilit\u00e9\" \/>\n\t<meta name=\"twitter:data2\" content=\"Rupture de stock\" \/>\n<script type=\"application\/ld+json\" class=\"yoast-schema-graph\">{\"@context\":\"https:\\\/\\\/schema.org\",\"@graph\":[{\"@type\":\"WebPage\",\"@id\":\"https:\\\/\\\/manskin.ch\\\/fr\\\/produkt\\\/muehle-blaireau-vivo-en-resine-noble-noir\\\/\",\"url\":\"https:\\\/\\\/manskin.ch\\\/fr\\\/produkt\\\/muehle-blaireau-vivo-en-resine-noble-noir\\\/\",\"name\":\"M\u00fchle Blaireau Vivo en r\u00e9sine noir | Manskin.ch\",\"isPartOf\":{\"@id\":\"https:\\\/\\\/manskin.ch\\\/fr\\\/#website\"},\"primaryImageOfPage\":{\"@id\":\"https:\\\/\\\/manskin.ch\\\/fr\\\/produkt\\\/muehle-blaireau-vivo-en-resine-noble-noir\\\/#primaryimage\"},\"image\":{\"@id\":\"https:\\\/\\\/manskin.ch\\\/fr\\\/produkt\\\/muehle-blaireau-vivo-en-resine-noble-noir\\\/#primaryimage\"},\"thumbnailUrl\":\"https:\\\/\\\/manskin.ch\\\/wp-content\\\/uploads\\\/2026\\\/03\\\/Muehle-Rasierpinsel-Vivo-schwarz.jpg\",\"datePublished\":\"2026-03-19T09:00:09+00:00\",\"dateModified\":\"2026-04-06T06:30:05+00:00\",\"description\":\"M\u00dcHLE Blaireau VIVO\",\"breadcrumb\":{\"@id\":\"https:\\\/\\\/manskin.ch\\\/fr\\\/produkt\\\/muehle-blaireau-vivo-en-resine-noble-noir\\\/#breadcrumb\"},\"inLanguage\":\"fr-FR\",\"potentialAction\":[{\"@type\":\"ReadAction\",\"target\":[\"https:\\\/\\\/manskin.ch\\\/fr\\\/produkt\\\/muehle-blaireau-vivo-en-resine-noble-noir\\\/\"]}]},{\"@type\":\"ImageObject\",\"inLanguage\":\"fr-FR\",\"@id\":\"https:\\\/\\\/manskin.ch\\\/fr\\\/produkt\\\/muehle-blaireau-vivo-en-resine-noble-noir\\\/#primaryimage\",\"url\":\"https:\\\/\\\/manskin.ch\\\/wp-content\\\/uploads\\\/2026\\\/03\\\/Muehle-Rasierpinsel-Vivo-schwarz.jpg\",\"contentUrl\":\"https:\\\/\\\/manskin.ch\\\/wp-content\\\/uploads\\\/2026\\\/03\\\/Muehle-Rasierpinsel-Vivo-schwarz.jpg\",\"width\":1000,\"height\":1000},{\"@type\":\"BreadcrumbList\",\"@id\":\"https:\\\/\\\/manskin.ch\\\/fr\\\/produkt\\\/muehle-blaireau-vivo-en-resine-noble-noir\\\/#breadcrumb\",\"itemListElement\":[{\"@type\":\"ListItem\",\"position\":1,\"name\":\"Startseite\",\"item\":\"https:\\\/\\\/manskin.ch\\\/fr\\\/\"},{\"@type\":\"ListItem\",\"position\":2,\"name\":\"Boutique Soins pour Hommes &amp; Skincare\",\"item\":\"https:\\\/\\\/manskin.ch\\\/fr\\\/boutique\\\/\"},{\"@type\":\"ListItem\",\"position\":3,\"name\":\"M\u00dcHLE &#8211; Blaireau VIVO en r\u00e9sine noble noir\"}]},{\"@type\":\"WebSite\",\"@id\":\"https:\\\/\\\/manskin.ch\\\/fr\\\/#website\",\"url\":\"https:\\\/\\\/manskin.ch\\\/fr\\\/\",\"name\":\"Manskin.ch\",\"description\":\"Tous les produits de beaut\u00e9 pour les hommes les plus exigeants\",\"publisher\":{\"@id\":\"https:\\\/\\\/manskin.ch\\\/fr\\\/#organization\"},\"potentialAction\":[{\"@type\":\"SearchAction\",\"target\":{\"@type\":\"EntryPoint\",\"urlTemplate\":\"https:\\\/\\\/manskin.ch\\\/fr\\\/?s={search_term_string}\"},\"query-input\":{\"@type\":\"PropertyValueSpecification\",\"valueRequired\":true,\"valueName\":\"search_term_string\"}}],\"inLanguage\":\"fr-FR\"},{\"@type\":\"Organization\",\"@id\":\"https:\\\/\\\/manskin.ch\\\/fr\\\/#organization\",\"name\":\"Manskin.ch - der Schweizer Onlineshop f\u00fcr qualit\u00e4tsstarke M\u00e4nnerpflege\",\"url\":\"https:\\\/\\\/manskin.ch\\\/fr\\\/\",\"logo\":{\"@type\":\"ImageObject\",\"inLanguage\":\"fr-FR\",\"@id\":\"https:\\\/\\\/manskin.ch\\\/fr\\\/#\\\/schema\\\/logo\\\/image\\\/\",\"url\":\"https:\\\/\\\/manskin.ch\\\/wp-content\\\/uploads\\\/2021\\\/04\\\/cropped-logo_head.png\",\"contentUrl\":\"https:\\\/\\\/manskin.ch\\\/wp-content\\\/uploads\\\/2021\\\/04\\\/cropped-logo_head.png\",\"width\":235,\"height\":75,\"caption\":\"Manskin.ch - der Schweizer Onlineshop f\u00fcr qualit\u00e4tsstarke M\u00e4nnerpflege\"},\"image\":{\"@id\":\"https:\\\/\\\/manskin.ch\\\/fr\\\/#\\\/schema\\\/logo\\\/image\\\/\"},\"sameAs\":[\"https:\\\/\\\/www.facebook.com\\\/manskin.ch\",\"https:\\\/\\\/www.instagram.com\\\/manskin.ch\\\/\"]}]}<\/script>\n<meta property=\"product:price:amount\" content=\"48.50\" \/>\n<meta property=\"product:price:currency\" content=\"CHF\" \/>\n<meta property=\"og:availability\" content=\"out of stock\" \/>\n<meta property=\"product:availability\" content=\"out of stock\" \/>\n<meta property=\"product:retailer_item_id\" content=\"81M336\" \/>\n<meta property=\"product:condition\" content=\"new\" \/>\n<!-- \/ Yoast SEO Premium plugin. -->","yoast_head_json":{"title":"M\u00fchle Blaireau Vivo en r\u00e9sine noir | Manskin.ch","description":"M\u00dcHLE Blaireau VIVO","robots":{"index":"index","follow":"follow","max-snippet":"max-snippet:-1","max-image-preview":"max-image-preview:large","max-video-preview":"max-video-preview:-1"},"canonical":"https:\/\/manskin.ch\/fr\/produkt\/muehle-blaireau-vivo-en-resine-noble-noir\/","og_locale":"fr_FR","og_type":"article","og_title":"M\u00dcHLE - Blaireau VIVO en r\u00e9sine noble noir","og_description":"M\u00dcHLE Blaireau VIVO","og_url":"https:\/\/manskin.ch\/fr\/produkt\/muehle-blaireau-vivo-en-resine-noble-noir\/","og_site_name":"Manskin.ch","article_publisher":"https:\/\/www.facebook.com\/manskin.ch","article_modified_time":"2026-04-06T06:30:05+00:00","twitter_card":"summary_large_image","twitter_misc":{"Prix":"48.50&#67;&#72;&#70;","Disponibilit\u00e9":"Rupture de stock"},"schema":{"@context":"https:\/\/schema.org","@graph":[{"@type":"WebPage","@id":"https:\/\/manskin.ch\/fr\/produkt\/muehle-blaireau-vivo-en-resine-noble-noir\/","url":"https:\/\/manskin.ch\/fr\/produkt\/muehle-blaireau-vivo-en-resine-noble-noir\/","name":"M\u00fchle Blaireau Vivo en r\u00e9sine noir | Manskin.ch","isPartOf":{"@id":"https:\/\/manskin.ch\/fr\/#website"},"primaryImageOfPage":{"@id":"https:\/\/manskin.ch\/fr\/produkt\/muehle-blaireau-vivo-en-resine-noble-noir\/#primaryimage"},"image":{"@id":"https:\/\/manskin.ch\/fr\/produkt\/muehle-blaireau-vivo-en-resine-noble-noir\/#primaryimage"},"thumbnailUrl":"https:\/\/manskin.ch\/wp-content\/uploads\/2026\/03\/Muehle-Rasierpinsel-Vivo-schwarz.jpg","datePublished":"2026-03-19T09:00:09+00:00","dateModified":"2026-04-06T06:30:05+00:00","description":"M\u00dcHLE Blaireau VIVO","breadcrumb":{"@id":"https:\/\/manskin.ch\/fr\/produkt\/muehle-blaireau-vivo-en-resine-noble-noir\/#breadcrumb"},"inLanguage":"fr-FR","potentialAction":[{"@type":"ReadAction","target":["https:\/\/manskin.ch\/fr\/produkt\/muehle-blaireau-vivo-en-resine-noble-noir\/"]}]},{"@type":"ImageObject","inLanguage":"fr-FR","@id":"https:\/\/manskin.ch\/fr\/produkt\/muehle-blaireau-vivo-en-resine-noble-noir\/#primaryimage","url":"https:\/\/manskin.ch\/wp-content\/uploads\/2026\/03\/Muehle-Rasierpinsel-Vivo-schwarz.jpg","contentUrl":"https:\/\/manskin.ch\/wp-content\/uploads\/2026\/03\/Muehle-Rasierpinsel-Vivo-schwarz.jpg","width":1000,"height":1000},{"@type":"BreadcrumbList","@id":"https:\/\/manskin.ch\/fr\/produkt\/muehle-blaireau-vivo-en-resine-noble-noir\/#breadcrumb","itemListElement":[{"@type":"ListItem","position":1,"name":"Startseite","item":"https:\/\/manskin.ch\/fr\/"},{"@type":"ListItem","position":2,"name":"Boutique Soins pour Hommes &amp; Skincare","item":"https:\/\/manskin.ch\/fr\/boutique\/"},{"@type":"ListItem","position":3,"name":"M\u00dcHLE &#8211; Blaireau VIVO en r\u00e9sine noble noir"}]},{"@type":"WebSite","@id":"https:\/\/manskin.ch\/fr\/#website","url":"https:\/\/manskin.ch\/fr\/","name":"Manskin.ch","description":"Tous les produits de beaut\u00e9 pour les hommes les plus exigeants","publisher":{"@id":"https:\/\/manskin.ch\/fr\/#organization"},"potentialAction":[{"@type":"SearchAction","target":{"@type":"EntryPoint","urlTemplate":"https:\/\/manskin.ch\/fr\/?s={search_term_string}"},"query-input":{"@type":"PropertyValueSpecification","valueRequired":true,"valueName":"search_term_string"}}],"inLanguage":"fr-FR"},{"@type":"Organization","@id":"https:\/\/manskin.ch\/fr\/#organization","name":"Manskin.ch - der Schweizer Onlineshop f\u00fcr qualit\u00e4tsstarke M\u00e4nnerpflege","url":"https:\/\/manskin.ch\/fr\/","logo":{"@type":"ImageObject","inLanguage":"fr-FR","@id":"https:\/\/manskin.ch\/fr\/#\/schema\/logo\/image\/","url":"https:\/\/manskin.ch\/wp-content\/uploads\/2021\/04\/cropped-logo_head.png","contentUrl":"https:\/\/manskin.ch\/wp-content\/uploads\/2021\/04\/cropped-logo_head.png","width":235,"height":75,"caption":"Manskin.ch - der Schweizer Onlineshop f\u00fcr qualit\u00e4tsstarke M\u00e4nnerpflege"},"image":{"@id":"https:\/\/manskin.ch\/fr\/#\/schema\/logo\/image\/"},"sameAs":["https:\/\/www.facebook.com\/manskin.ch","https:\/\/www.instagram.com\/manskin.ch\/"]}]},"product_price_amount":"48.50","product_price_currency":"CHF","og_availability":"out of stock","product_availability":"out of stock","product_retailer_item_id":"81M336","product_condition":"new"},"brands":[{"id":2769,"name":"M\u00dcHLE","slug":"muehle"}],"_links":{"self":[{"href":"https:\/\/manskin.ch\/fr\/wp-json\/wp\/v2\/product\/505066","targetHints":{"allow":["GET"]}}],"collection":[{"href":"https:\/\/manskin.ch\/fr\/wp-json\/wp\/v2\/product"}],"about":[{"href":"https:\/\/manskin.ch\/fr\/wp-json\/wp\/v2\/types\/product"}],"replies":[{"embeddable":true,"href":"https:\/\/manskin.ch\/fr\/wp-json\/wp\/v2\/comments?post=505066"}],"wp:featuredmedia":[{"embeddable":true,"href":"https:\/\/manskin.ch\/fr\/wp-json\/wp\/v2\/media\/505064"}],"wp:attachment":[{"href":"https:\/\/manskin.ch\/fr\/wp-json\/wp\/v2\/media?parent=505066"}],"wp:term":[{"taxonomy":"pwb-brand","embeddable":true,"href":"https:\/\/manskin.ch\/fr\/wp-json\/wp\/v2\/pwb-brand?post=505066"},{"taxonomy":"product_brand","embeddable":true,"href":"https:\/\/manskin.ch\/fr\/wp-json\/wp\/v2\/product_brand?post=505066"},{"taxonomy":"product_cat","embeddable":true,"href":"https:\/\/manskin.ch\/fr\/wp-json\/wp\/v2\/product_cat?post=505066"},{"taxonomy":"product_tag","embeddable":true,"href":"https:\/\/manskin.ch\/fr\/wp-json\/wp\/v2\/product_tag?post=505066"}],"curies":[{"name":"wp","href":"https:\/\/api.w.org\/{rel}","templated":true}]}}