{"id":505063,"date":"2026-03-19T09:12:20","date_gmt":"2026-03-19T08:12:20","guid":{"rendered":"https:\/\/manskin.ch\/produkt\/muehle-blaireau-vegan-vivo-black-fibre-brun-corne\/"},"modified":"2026-04-06T08:28:38","modified_gmt":"2026-04-06T06:28:38","slug":"muehle-blaireau-vegan-vivo-black-fibre-brun-corne","status":"publish","type":"product","link":"https:\/\/manskin.ch\/fr\/produkt\/muehle-blaireau-vegan-vivo-black-fibre-brun-corne\/","title":{"rendered":"M\u00dcHLE &#8211; Blaireau Vegan VIVO Black Fibre brun corn\u00e9"},"content":{"rendered":"<h2 class=\"p1\">M\u00dcHLE &#8211; Blaireau Vegan VIVO Black Fibre brun corn\u00e9<b><br \/>\n<\/b><\/h2>\n<p class=\"p2\">Le blaireau vegan de la s\u00e9rie VIVO de M\u00fchle allie un design moderne \u00e0 une performance simple et efficace \u2013 parfait pour le rasage quotidien.<\/p>\n<p class=\"p2\">Le manche en r\u00e9sine noble de haute qualit\u00e9, de couleur brun corn\u00e9, s\u00e9duit par son aspect \u00e9l\u00e9gant et naturel ainsi que par son toucher particuli\u00e8rement agr\u00e9able. Ce mat\u00e9riau robuste est durable, facile d&rsquo;entretien et r\u00e9sistant \u00e0 l&rsquo;humidit\u00e9 \u2013 id\u00e9al pour une utilisation quotidienne dans la salle de bain.<\/p>\n<p class=\"p3\"><b>T\u00eate de blaireau \u2013 Black Fibre<\/b><\/p>\n<ul>\n<li class=\"p4\">La t\u00eate de blaireau est \u00e9quip\u00e9e des fibres synth\u00e9tiques innovantes Black Fibre de M\u00dcHLE, faisant de ce blaireau une alternative vegan \u2013 parfaite pour tous ceux qui renoncent d\u00e9lib\u00e9r\u00e9ment aux mat\u00e9riaux d&rsquo;origine animale.<\/li>\n<li class=\"p4\">Les fibres sont douces pour la peau, s\u00e8chent rapidement et produisent en un clin d\u2019\u0153il une mousse onctueuse aux pores fins, aussi bien avec du savon \u00e0 raser qu\u2019avec de la cr\u00e8me \u00e0 raser.<\/li>\n<li class=\"p4\">Elles sont \u00e9galement particuli\u00e8rement hygi\u00e9niques, durables et faciles d\u2019entretien.<\/li>\n<\/ul>\n<p class=\"p2\"><b>Les avantages en un coup d&rsquo;\u0153il:<\/b><\/p>\n<ul>\n<li class=\"p4\">Manche en r\u00e9sine noble d&rsquo;un \u00e9l\u00e9gant brun corn\u00e9<\/li>\n<li class=\"p4\">Brosse \u00e0 raser vegan avec fibres synth\u00e9tiques Black Fibre<\/li>\n<li class=\"p4\">Douce, hygi\u00e9nique et \u00e0 s\u00e9chage rapide<\/li>\n<li class=\"p4\">Moussage sans effort du savon et de la cr\u00e8me \u00e0 raser<\/li>\n<li class=\"p4\">Id\u00e9ale pour les d\u00e9butants et les grands voyageurs<\/li>\n<\/ul>\n","protected":false},"excerpt":{"rendered":"<p>Blaireau vegan dot\u00e9e de fibres souples de haute technologie<\/p>\n","protected":false},"featured_media":505060,"comment_status":"closed","ping_status":"closed","template":"","meta":{"_acf_changed":false},"pwb-brand":[2769],"product_brand":[],"product_cat":[2425,2412],"product_tag":[],"class_list":{"0":"post-505063","1":"product","2":"type-product","3":"status-publish","4":"has-post-thumbnail","6":"pwb-brand-muehle","7":"product_cat-blaireau-new","8":"product_cat-muehle-fr","9":"product_shipping_class-standard-fr","10":"sales-flash-overlay","11":"woocommerce-text-align-center","12":"woocommerce-image-align-center","13":"do-quantity-buttons","15":"first","16":"instock","17":"taxable","18":"shipping-taxable","19":"purchasable","20":"product-type-simple"},"acf":[],"yoast_head":"<!-- This site is optimized with the Yoast SEO Premium plugin v27.3 (Yoast SEO v27.3) - https:\/\/yoast.com\/product\/yoast-seo-premium-wordpress\/ -->\n<title>M\u00fchle Blaireau Vivo en r\u00e9sine brun corn\u00e9 | Manskin.ch<\/title>\n<meta name=\"description\" content=\"Profite de chaque instant de rasage avec le blaireau vegan Vivo, qui allie design moderne et performance. Offre-toi cet \u00e9l\u00e9gant blaireau!\" \/>\n<meta name=\"robots\" content=\"index, follow, max-snippet:-1, max-image-preview:large, max-video-preview:-1\" \/>\n<link rel=\"canonical\" href=\"https:\/\/manskin.ch\/fr\/produkt\/muehle-blaireau-vegan-vivo-black-fibre-brun-corne\/\" \/>\n<meta property=\"og:locale\" content=\"fr_FR\" \/>\n<meta property=\"og:type\" content=\"article\" \/>\n<meta property=\"og:title\" content=\"M\u00dcHLE - Blaireau Vegan VIVO Black Fibre brun corn\u00e9\" \/>\n<meta property=\"og:description\" content=\"Profite de chaque instant de rasage avec le blaireau vegan Vivo, qui allie design moderne et performance. Offre-toi cet \u00e9l\u00e9gant blaireau!\" \/>\n<meta property=\"og:url\" content=\"https:\/\/manskin.ch\/fr\/produkt\/muehle-blaireau-vegan-vivo-black-fibre-brun-corne\/\" \/>\n<meta property=\"og:site_name\" content=\"Manskin.ch\" \/>\n<meta property=\"article:publisher\" content=\"https:\/\/www.facebook.com\/manskin.ch\" \/>\n<meta property=\"article:modified_time\" content=\"2026-04-06T06:28:38+00:00\" \/>\n<meta name=\"twitter:card\" content=\"summary_large_image\" \/>\n<meta name=\"twitter:label1\" content=\"Prix\" \/>\n\t<meta name=\"twitter:data1\" content=\"48.50&#067;&#072;&#070;\" \/>\n\t<meta name=\"twitter:label2\" content=\"Disponibilit\u00e9\" \/>\n\t<meta name=\"twitter:data2\" content=\"En stock\" \/>\n<script type=\"application\/ld+json\" class=\"yoast-schema-graph\">{\"@context\":\"https:\\\/\\\/schema.org\",\"@graph\":[{\"@type\":\"WebPage\",\"@id\":\"https:\\\/\\\/manskin.ch\\\/fr\\\/produkt\\\/muehle-blaireau-vegan-vivo-black-fibre-brun-corne\\\/\",\"url\":\"https:\\\/\\\/manskin.ch\\\/fr\\\/produkt\\\/muehle-blaireau-vegan-vivo-black-fibre-brun-corne\\\/\",\"name\":\"M\u00fchle Blaireau Vivo en r\u00e9sine brun corn\u00e9 | Manskin.ch\",\"isPartOf\":{\"@id\":\"https:\\\/\\\/manskin.ch\\\/fr\\\/#website\"},\"primaryImageOfPage\":{\"@id\":\"https:\\\/\\\/manskin.ch\\\/fr\\\/produkt\\\/muehle-blaireau-vegan-vivo-black-fibre-brun-corne\\\/#primaryimage\"},\"image\":{\"@id\":\"https:\\\/\\\/manskin.ch\\\/fr\\\/produkt\\\/muehle-blaireau-vegan-vivo-black-fibre-brun-corne\\\/#primaryimage\"},\"thumbnailUrl\":\"https:\\\/\\\/manskin.ch\\\/wp-content\\\/uploads\\\/2026\\\/03\\\/Muehle-Rasierpinsel-Vivo-Black-Fibre-hornbraun.jpg\",\"datePublished\":\"2026-03-19T08:12:20+00:00\",\"dateModified\":\"2026-04-06T06:28:38+00:00\",\"description\":\"Profite de chaque instant de rasage avec le blaireau vegan Vivo, qui allie design moderne et performance. Offre-toi cet \u00e9l\u00e9gant blaireau!\",\"breadcrumb\":{\"@id\":\"https:\\\/\\\/manskin.ch\\\/fr\\\/produkt\\\/muehle-blaireau-vegan-vivo-black-fibre-brun-corne\\\/#breadcrumb\"},\"inLanguage\":\"fr-FR\",\"potentialAction\":[{\"@type\":\"ReadAction\",\"target\":[\"https:\\\/\\\/manskin.ch\\\/fr\\\/produkt\\\/muehle-blaireau-vegan-vivo-black-fibre-brun-corne\\\/\"]}]},{\"@type\":\"ImageObject\",\"inLanguage\":\"fr-FR\",\"@id\":\"https:\\\/\\\/manskin.ch\\\/fr\\\/produkt\\\/muehle-blaireau-vegan-vivo-black-fibre-brun-corne\\\/#primaryimage\",\"url\":\"https:\\\/\\\/manskin.ch\\\/wp-content\\\/uploads\\\/2026\\\/03\\\/Muehle-Rasierpinsel-Vivo-Black-Fibre-hornbraun.jpg\",\"contentUrl\":\"https:\\\/\\\/manskin.ch\\\/wp-content\\\/uploads\\\/2026\\\/03\\\/Muehle-Rasierpinsel-Vivo-Black-Fibre-hornbraun.jpg\",\"width\":1000,\"height\":1000},{\"@type\":\"BreadcrumbList\",\"@id\":\"https:\\\/\\\/manskin.ch\\\/fr\\\/produkt\\\/muehle-blaireau-vegan-vivo-black-fibre-brun-corne\\\/#breadcrumb\",\"itemListElement\":[{\"@type\":\"ListItem\",\"position\":1,\"name\":\"Startseite\",\"item\":\"https:\\\/\\\/manskin.ch\\\/fr\\\/\"},{\"@type\":\"ListItem\",\"position\":2,\"name\":\"Boutique Soins pour Hommes &amp; Skincare\",\"item\":\"https:\\\/\\\/manskin.ch\\\/fr\\\/boutique\\\/\"},{\"@type\":\"ListItem\",\"position\":3,\"name\":\"M\u00dcHLE &#8211; Blaireau Vegan VIVO Black Fibre brun corn\u00e9\"}]},{\"@type\":\"WebSite\",\"@id\":\"https:\\\/\\\/manskin.ch\\\/fr\\\/#website\",\"url\":\"https:\\\/\\\/manskin.ch\\\/fr\\\/\",\"name\":\"Manskin.ch\",\"description\":\"Tous les produits de beaut\u00e9 pour les hommes les plus exigeants\",\"publisher\":{\"@id\":\"https:\\\/\\\/manskin.ch\\\/fr\\\/#organization\"},\"potentialAction\":[{\"@type\":\"SearchAction\",\"target\":{\"@type\":\"EntryPoint\",\"urlTemplate\":\"https:\\\/\\\/manskin.ch\\\/fr\\\/?s={search_term_string}\"},\"query-input\":{\"@type\":\"PropertyValueSpecification\",\"valueRequired\":true,\"valueName\":\"search_term_string\"}}],\"inLanguage\":\"fr-FR\"},{\"@type\":\"Organization\",\"@id\":\"https:\\\/\\\/manskin.ch\\\/fr\\\/#organization\",\"name\":\"Manskin.ch - der Schweizer Onlineshop f\u00fcr qualit\u00e4tsstarke M\u00e4nnerpflege\",\"url\":\"https:\\\/\\\/manskin.ch\\\/fr\\\/\",\"logo\":{\"@type\":\"ImageObject\",\"inLanguage\":\"fr-FR\",\"@id\":\"https:\\\/\\\/manskin.ch\\\/fr\\\/#\\\/schema\\\/logo\\\/image\\\/\",\"url\":\"https:\\\/\\\/manskin.ch\\\/wp-content\\\/uploads\\\/2021\\\/04\\\/cropped-logo_head.png\",\"contentUrl\":\"https:\\\/\\\/manskin.ch\\\/wp-content\\\/uploads\\\/2021\\\/04\\\/cropped-logo_head.png\",\"width\":235,\"height\":75,\"caption\":\"Manskin.ch - der Schweizer Onlineshop f\u00fcr qualit\u00e4tsstarke M\u00e4nnerpflege\"},\"image\":{\"@id\":\"https:\\\/\\\/manskin.ch\\\/fr\\\/#\\\/schema\\\/logo\\\/image\\\/\"},\"sameAs\":[\"https:\\\/\\\/www.facebook.com\\\/manskin.ch\",\"https:\\\/\\\/www.instagram.com\\\/manskin.ch\\\/\"],\"hasMerchantReturnPolicy\":{\"@type\":\"MerchantReturnPolicy\",\"merchantReturnLink\":\"https:\\\/\\\/manskin.ch\\\/impressum\\\/ruecksendungen\\\/\"}}]}<\/script>\n<meta property=\"product:brand\" content=\"M\u00dcHLE\" \/>\n<meta property=\"product:price:amount\" content=\"48.50\" \/>\n<meta property=\"product:price:currency\" content=\"CHF\" \/>\n<meta property=\"og:availability\" content=\"instock\" \/>\n<meta property=\"product:availability\" content=\"instock\" \/>\n<meta property=\"product:retailer_item_id\" content=\"21M332\" \/>\n<meta property=\"product:condition\" content=\"new\" \/>\n<!-- \/ Yoast SEO Premium plugin. -->","yoast_head_json":{"title":"M\u00fchle Blaireau Vivo en r\u00e9sine brun corn\u00e9 | Manskin.ch","description":"Profite de chaque instant de rasage avec le blaireau vegan Vivo, qui allie design moderne et performance. Offre-toi cet \u00e9l\u00e9gant blaireau!","robots":{"index":"index","follow":"follow","max-snippet":"max-snippet:-1","max-image-preview":"max-image-preview:large","max-video-preview":"max-video-preview:-1"},"canonical":"https:\/\/manskin.ch\/fr\/produkt\/muehle-blaireau-vegan-vivo-black-fibre-brun-corne\/","og_locale":"fr_FR","og_type":"article","og_title":"M\u00dcHLE - Blaireau Vegan VIVO Black Fibre brun corn\u00e9","og_description":"Profite de chaque instant de rasage avec le blaireau vegan Vivo, qui allie design moderne et performance. Offre-toi cet \u00e9l\u00e9gant blaireau!","og_url":"https:\/\/manskin.ch\/fr\/produkt\/muehle-blaireau-vegan-vivo-black-fibre-brun-corne\/","og_site_name":"Manskin.ch","article_publisher":"https:\/\/www.facebook.com\/manskin.ch","article_modified_time":"2026-04-06T06:28:38+00:00","twitter_card":"summary_large_image","twitter_misc":{"Prix":"48.50&#67;&#72;&#70;","Disponibilit\u00e9":"En stock"},"schema":{"@context":"https:\/\/schema.org","@graph":[{"@type":"WebPage","@id":"https:\/\/manskin.ch\/fr\/produkt\/muehle-blaireau-vegan-vivo-black-fibre-brun-corne\/","url":"https:\/\/manskin.ch\/fr\/produkt\/muehle-blaireau-vegan-vivo-black-fibre-brun-corne\/","name":"M\u00fchle Blaireau Vivo en r\u00e9sine brun corn\u00e9 | Manskin.ch","isPartOf":{"@id":"https:\/\/manskin.ch\/fr\/#website"},"primaryImageOfPage":{"@id":"https:\/\/manskin.ch\/fr\/produkt\/muehle-blaireau-vegan-vivo-black-fibre-brun-corne\/#primaryimage"},"image":{"@id":"https:\/\/manskin.ch\/fr\/produkt\/muehle-blaireau-vegan-vivo-black-fibre-brun-corne\/#primaryimage"},"thumbnailUrl":"https:\/\/manskin.ch\/wp-content\/uploads\/2026\/03\/Muehle-Rasierpinsel-Vivo-Black-Fibre-hornbraun.jpg","datePublished":"2026-03-19T08:12:20+00:00","dateModified":"2026-04-06T06:28:38+00:00","description":"Profite de chaque instant de rasage avec le blaireau vegan Vivo, qui allie design moderne et performance. Offre-toi cet \u00e9l\u00e9gant blaireau!","breadcrumb":{"@id":"https:\/\/manskin.ch\/fr\/produkt\/muehle-blaireau-vegan-vivo-black-fibre-brun-corne\/#breadcrumb"},"inLanguage":"fr-FR","potentialAction":[{"@type":"ReadAction","target":["https:\/\/manskin.ch\/fr\/produkt\/muehle-blaireau-vegan-vivo-black-fibre-brun-corne\/"]}]},{"@type":"ImageObject","inLanguage":"fr-FR","@id":"https:\/\/manskin.ch\/fr\/produkt\/muehle-blaireau-vegan-vivo-black-fibre-brun-corne\/#primaryimage","url":"https:\/\/manskin.ch\/wp-content\/uploads\/2026\/03\/Muehle-Rasierpinsel-Vivo-Black-Fibre-hornbraun.jpg","contentUrl":"https:\/\/manskin.ch\/wp-content\/uploads\/2026\/03\/Muehle-Rasierpinsel-Vivo-Black-Fibre-hornbraun.jpg","width":1000,"height":1000},{"@type":"BreadcrumbList","@id":"https:\/\/manskin.ch\/fr\/produkt\/muehle-blaireau-vegan-vivo-black-fibre-brun-corne\/#breadcrumb","itemListElement":[{"@type":"ListItem","position":1,"name":"Startseite","item":"https:\/\/manskin.ch\/fr\/"},{"@type":"ListItem","position":2,"name":"Boutique Soins pour Hommes &amp; Skincare","item":"https:\/\/manskin.ch\/fr\/boutique\/"},{"@type":"ListItem","position":3,"name":"M\u00dcHLE &#8211; Blaireau Vegan VIVO Black Fibre brun corn\u00e9"}]},{"@type":"WebSite","@id":"https:\/\/manskin.ch\/fr\/#website","url":"https:\/\/manskin.ch\/fr\/","name":"Manskin.ch","description":"Tous les produits de beaut\u00e9 pour les hommes les plus exigeants","publisher":{"@id":"https:\/\/manskin.ch\/fr\/#organization"},"potentialAction":[{"@type":"SearchAction","target":{"@type":"EntryPoint","urlTemplate":"https:\/\/manskin.ch\/fr\/?s={search_term_string}"},"query-input":{"@type":"PropertyValueSpecification","valueRequired":true,"valueName":"search_term_string"}}],"inLanguage":"fr-FR"},{"@type":"Organization","@id":"https:\/\/manskin.ch\/fr\/#organization","name":"Manskin.ch - der Schweizer Onlineshop f\u00fcr qualit\u00e4tsstarke M\u00e4nnerpflege","url":"https:\/\/manskin.ch\/fr\/","logo":{"@type":"ImageObject","inLanguage":"fr-FR","@id":"https:\/\/manskin.ch\/fr\/#\/schema\/logo\/image\/","url":"https:\/\/manskin.ch\/wp-content\/uploads\/2021\/04\/cropped-logo_head.png","contentUrl":"https:\/\/manskin.ch\/wp-content\/uploads\/2021\/04\/cropped-logo_head.png","width":235,"height":75,"caption":"Manskin.ch - der Schweizer Onlineshop f\u00fcr qualit\u00e4tsstarke M\u00e4nnerpflege"},"image":{"@id":"https:\/\/manskin.ch\/fr\/#\/schema\/logo\/image\/"},"sameAs":["https:\/\/www.facebook.com\/manskin.ch","https:\/\/www.instagram.com\/manskin.ch\/"],"hasMerchantReturnPolicy":{"@type":"MerchantReturnPolicy","merchantReturnLink":"https:\/\/manskin.ch\/impressum\/ruecksendungen\/"}}]},"product_brand":"M\u00dcHLE","product_price_amount":"48.50","product_price_currency":"CHF","og_availability":"instock","product_availability":"instock","product_retailer_item_id":"21M332","product_condition":"new"},"brands":[{"id":2769,"name":"M\u00dcHLE","slug":"muehle"}],"_links":{"self":[{"href":"https:\/\/manskin.ch\/fr\/wp-json\/wp\/v2\/product\/505063","targetHints":{"allow":["GET"]}}],"collection":[{"href":"https:\/\/manskin.ch\/fr\/wp-json\/wp\/v2\/product"}],"about":[{"href":"https:\/\/manskin.ch\/fr\/wp-json\/wp\/v2\/types\/product"}],"replies":[{"embeddable":true,"href":"https:\/\/manskin.ch\/fr\/wp-json\/wp\/v2\/comments?post=505063"}],"wp:featuredmedia":[{"embeddable":true,"href":"https:\/\/manskin.ch\/fr\/wp-json\/wp\/v2\/media\/505060"}],"wp:attachment":[{"href":"https:\/\/manskin.ch\/fr\/wp-json\/wp\/v2\/media?parent=505063"}],"wp:term":[{"taxonomy":"pwb-brand","embeddable":true,"href":"https:\/\/manskin.ch\/fr\/wp-json\/wp\/v2\/pwb-brand?post=505063"},{"taxonomy":"product_brand","embeddable":true,"href":"https:\/\/manskin.ch\/fr\/wp-json\/wp\/v2\/product_brand?post=505063"},{"taxonomy":"product_cat","embeddable":true,"href":"https:\/\/manskin.ch\/fr\/wp-json\/wp\/v2\/product_cat?post=505063"},{"taxonomy":"product_tag","embeddable":true,"href":"https:\/\/manskin.ch\/fr\/wp-json\/wp\/v2\/product_tag?post=505063"}],"curies":[{"name":"wp","href":"https:\/\/api.w.org\/{rel}","templated":true}]}}