{"id":504971,"date":"2026-03-10T11:49:10","date_gmt":"2026-03-10T10:49:10","guid":{"rendered":"https:\/\/manskin.ch\/produkt\/suntique-im-medi-100-zinc-sun-spf50\/"},"modified":"2026-03-11T08:56:05","modified_gmt":"2026-03-11T07:56:05","slug":"suntique-im-medi-100-zinc-sun-spf50","status":"publish","type":"product","link":"https:\/\/manskin.ch\/fr\/produkt\/suntique-im-medi-100-zinc-sun-spf50\/","title":{"rendered":"Suntique &#8211; I&rsquo;m Medi 100% Zinc Sun SPF50"},"content":{"rendered":"<h2 class=\"p1\">Suntique I\u2019m Medi 100 % Zinc Sun SPF50+<\/h2>\n<ul>\n<li class=\"p2\">Suntique I\u2019m Medi 100 % Zinc Sun SPF50+ est une protection solaire purement min\u00e9rale sp\u00e9cialement con\u00e7ue pour les peaux sensibles, irrit\u00e9es ou sujettes aux imperfections. Sa formule est enti\u00e8rement \u00e0 base d&rsquo;oxyde de zinc, un filtre UV physique qui prot\u00e8ge efficacement la peau contre les rayons UVA et UVB.<\/li>\n<li class=\"p2\">Gr\u00e2ce \u00e0 sa composition douce et respectueuse de la peau, cette cr\u00e8me solaire est id\u00e9ale pour les peaux sensibles ou sujettes aux irritations. En m\u00eame temps, sa formule l\u00e9g\u00e8re aide \u00e0 r\u00e9guler l&rsquo;exc\u00e8s de s\u00e9bum et offre un fini mat naturel sans obstruer les pores.<\/li>\n<li class=\"p2\">Sa texture s&rsquo;applique uniform\u00e9ment et forme une barri\u00e8re protectrice contre les rayons UV et les agressions ext\u00e9rieures. Des ingr\u00e9dients apaisants aident \u00e9galement \u00e0 att\u00e9nuer les rougeurs et \u00e0 maintenir l&rsquo;\u00e9quilibre de la peau.<\/li>\n<\/ul>\n<p class=\"p3\">Avantages :<\/p>\n<ul>\n<li class=\"p2\">Protection solaire min\u00e9rale avec 100 % d&rsquo;oxyde de zinc<\/li>\n<li class=\"p2\">Protection \u00e9lev\u00e9e : SPF50+ \/ PA++++<\/li>\n<li class=\"p2\">Particuli\u00e8rement adapt\u00e9e aux peaux sensibles et impures<\/li>\n<li class=\"p2\">Apaise les peaux irrit\u00e9es et aide \u00e0 r\u00e9duire les rougeurs<\/li>\n<li class=\"p2\">R\u00e9gule l&rsquo;exc\u00e8s de s\u00e9bum et assure un fini mat<\/li>\n<li class=\"p2\">Formule non com\u00e9dog\u00e8ne et douce pour la peau<\/li>\n<\/ul>\n<p class=\"p3\">Application: en derni\u00e8re \u00e9tape de votre routine de soins, appliquez une quantit\u00e9 suffisante de mani\u00e8re uniforme sur le visage et le cou. Renouvelez r\u00e9guli\u00e8rement l&rsquo;application en cas d&rsquo;exposition prolong\u00e9e au Soleil.<\/p>\n<p class=\"p3\">Contenu 50 ml.<\/p>\n","protected":false},"excerpt":{"rendered":"<p>Protection solaire min\u00e9rale \u00e0 base d&rsquo;oxyde de zinc \u00e0 100 % pour les peaux sensibles<\/p>\n","protected":false},"featured_media":504968,"comment_status":"closed","ping_status":"closed","template":"","meta":{"_acf_changed":false},"pwb-brand":[6644],"product_brand":[],"product_cat":[1943,6645],"product_tag":[],"class_list":{"0":"post-504971","1":"product","2":"type-product","3":"status-publish","4":"has-post-thumbnail","6":"pwb-brand-suntique","7":"product_cat-protection-solaire","8":"product_cat-suntique","9":"product_shipping_class-standard-fr","10":"sales-flash-overlay","11":"woocommerce-text-align-center","12":"woocommerce-image-align-center","13":"do-quantity-buttons","15":"first","16":"instock","17":"taxable","18":"shipping-taxable","19":"purchasable","20":"product-type-simple"},"acf":[],"yoast_head":"<!-- This site is optimized with the Yoast SEO Premium plugin v27.3 (Yoast SEO v27.3) - https:\/\/yoast.com\/product\/yoast-seo-premium-wordpress\/ -->\n<title>Suntique I&#039;m Medi 100 % Zinc Sun SPF50 pour peaux sensibles | Manskin.ch<\/title>\n<meta name=\"description\" content=\"D\u00e9couvre la protection solaire min\u00e9rale avec Suntique I&#039;m Medi 100 % Zinc Sun SPF50 pour peaux sensibles. Prot\u00e8ge ta peau des rayons UV !\" \/>\n<meta name=\"robots\" content=\"index, follow, max-snippet:-1, max-image-preview:large, max-video-preview:-1\" \/>\n<link rel=\"canonical\" href=\"https:\/\/manskin.ch\/fr\/produkt\/suntique-im-medi-100-zinc-sun-spf50\/\" \/>\n<meta property=\"og:locale\" content=\"fr_FR\" \/>\n<meta property=\"og:type\" content=\"article\" \/>\n<meta property=\"og:title\" content=\"Suntique - I&#039;m Medi 100% Zinc Sun SPF50\" \/>\n<meta property=\"og:description\" content=\"D\u00e9couvre la protection solaire min\u00e9rale avec Suntique I&#039;m Medi 100 % Zinc Sun SPF50 pour peaux sensibles. Prot\u00e8ge ta peau des rayons UV !\" \/>\n<meta property=\"og:url\" content=\"https:\/\/manskin.ch\/fr\/produkt\/suntique-im-medi-100-zinc-sun-spf50\/\" \/>\n<meta property=\"og:site_name\" content=\"Manskin.ch\" \/>\n<meta property=\"article:publisher\" content=\"https:\/\/www.facebook.com\/manskin.ch\" \/>\n<meta property=\"article:modified_time\" content=\"2026-03-11T07:56:05+00:00\" \/>\n<meta name=\"twitter:card\" content=\"summary_large_image\" \/>\n<meta name=\"twitter:label1\" content=\"Prix\" \/>\n\t<meta name=\"twitter:data1\" content=\"25.00&#067;&#072;&#070;\" \/>\n\t<meta name=\"twitter:label2\" content=\"Disponibilit\u00e9\" \/>\n\t<meta name=\"twitter:data2\" content=\"En stock\" \/>\n<script type=\"application\/ld+json\" class=\"yoast-schema-graph\">{\"@context\":\"https:\\\/\\\/schema.org\",\"@graph\":[{\"@type\":\"WebPage\",\"@id\":\"https:\\\/\\\/manskin.ch\\\/fr\\\/produkt\\\/suntique-im-medi-100-zinc-sun-spf50\\\/\",\"url\":\"https:\\\/\\\/manskin.ch\\\/fr\\\/produkt\\\/suntique-im-medi-100-zinc-sun-spf50\\\/\",\"name\":\"Suntique I'm Medi 100 % Zinc Sun SPF50 pour peaux sensibles | Manskin.ch\",\"isPartOf\":{\"@id\":\"https:\\\/\\\/manskin.ch\\\/fr\\\/#website\"},\"primaryImageOfPage\":{\"@id\":\"https:\\\/\\\/manskin.ch\\\/fr\\\/produkt\\\/suntique-im-medi-100-zinc-sun-spf50\\\/#primaryimage\"},\"image\":{\"@id\":\"https:\\\/\\\/manskin.ch\\\/fr\\\/produkt\\\/suntique-im-medi-100-zinc-sun-spf50\\\/#primaryimage\"},\"thumbnailUrl\":\"https:\\\/\\\/manskin.ch\\\/wp-content\\\/uploads\\\/2026\\\/03\\\/Suntique-Zinc-Sun.jpg\",\"datePublished\":\"2026-03-10T10:49:10+00:00\",\"dateModified\":\"2026-03-11T07:56:05+00:00\",\"description\":\"D\u00e9couvre la protection solaire min\u00e9rale avec Suntique I'm Medi 100 % Zinc Sun SPF50 pour peaux sensibles. Prot\u00e8ge ta peau des rayons UV !\",\"breadcrumb\":{\"@id\":\"https:\\\/\\\/manskin.ch\\\/fr\\\/produkt\\\/suntique-im-medi-100-zinc-sun-spf50\\\/#breadcrumb\"},\"inLanguage\":\"fr-FR\",\"potentialAction\":[{\"@type\":\"ReadAction\",\"target\":[\"https:\\\/\\\/manskin.ch\\\/fr\\\/produkt\\\/suntique-im-medi-100-zinc-sun-spf50\\\/\"]}]},{\"@type\":\"ImageObject\",\"inLanguage\":\"fr-FR\",\"@id\":\"https:\\\/\\\/manskin.ch\\\/fr\\\/produkt\\\/suntique-im-medi-100-zinc-sun-spf50\\\/#primaryimage\",\"url\":\"https:\\\/\\\/manskin.ch\\\/wp-content\\\/uploads\\\/2026\\\/03\\\/Suntique-Zinc-Sun.jpg\",\"contentUrl\":\"https:\\\/\\\/manskin.ch\\\/wp-content\\\/uploads\\\/2026\\\/03\\\/Suntique-Zinc-Sun.jpg\",\"width\":1000,\"height\":1000},{\"@type\":\"BreadcrumbList\",\"@id\":\"https:\\\/\\\/manskin.ch\\\/fr\\\/produkt\\\/suntique-im-medi-100-zinc-sun-spf50\\\/#breadcrumb\",\"itemListElement\":[{\"@type\":\"ListItem\",\"position\":1,\"name\":\"Startseite\",\"item\":\"https:\\\/\\\/manskin.ch\\\/fr\\\/\"},{\"@type\":\"ListItem\",\"position\":2,\"name\":\"Boutique Soins pour Hommes &amp; Skincare\",\"item\":\"https:\\\/\\\/manskin.ch\\\/fr\\\/boutique\\\/\"},{\"@type\":\"ListItem\",\"position\":3,\"name\":\"Suntique &#8211; I&#8217;m Medi 100% Zinc Sun SPF50\"}]},{\"@type\":\"WebSite\",\"@id\":\"https:\\\/\\\/manskin.ch\\\/fr\\\/#website\",\"url\":\"https:\\\/\\\/manskin.ch\\\/fr\\\/\",\"name\":\"Manskin.ch\",\"description\":\"Tous les produits de beaut\u00e9 pour les hommes les plus exigeants\",\"publisher\":{\"@id\":\"https:\\\/\\\/manskin.ch\\\/fr\\\/#organization\"},\"potentialAction\":[{\"@type\":\"SearchAction\",\"target\":{\"@type\":\"EntryPoint\",\"urlTemplate\":\"https:\\\/\\\/manskin.ch\\\/fr\\\/?s={search_term_string}\"},\"query-input\":{\"@type\":\"PropertyValueSpecification\",\"valueRequired\":true,\"valueName\":\"search_term_string\"}}],\"inLanguage\":\"fr-FR\"},{\"@type\":\"Organization\",\"@id\":\"https:\\\/\\\/manskin.ch\\\/fr\\\/#organization\",\"name\":\"Manskin.ch - der Schweizer Onlineshop f\u00fcr qualit\u00e4tsstarke M\u00e4nnerpflege\",\"url\":\"https:\\\/\\\/manskin.ch\\\/fr\\\/\",\"logo\":{\"@type\":\"ImageObject\",\"inLanguage\":\"fr-FR\",\"@id\":\"https:\\\/\\\/manskin.ch\\\/fr\\\/#\\\/schema\\\/logo\\\/image\\\/\",\"url\":\"https:\\\/\\\/manskin.ch\\\/wp-content\\\/uploads\\\/2021\\\/04\\\/cropped-logo_head.png\",\"contentUrl\":\"https:\\\/\\\/manskin.ch\\\/wp-content\\\/uploads\\\/2021\\\/04\\\/cropped-logo_head.png\",\"width\":235,\"height\":75,\"caption\":\"Manskin.ch - der Schweizer Onlineshop f\u00fcr qualit\u00e4tsstarke M\u00e4nnerpflege\"},\"image\":{\"@id\":\"https:\\\/\\\/manskin.ch\\\/fr\\\/#\\\/schema\\\/logo\\\/image\\\/\"},\"sameAs\":[\"https:\\\/\\\/www.facebook.com\\\/manskin.ch\",\"https:\\\/\\\/www.instagram.com\\\/manskin.ch\\\/\"]}]}<\/script>\n<meta property=\"product:price:amount\" content=\"25.00\" \/>\n<meta property=\"product:price:currency\" content=\"CHF\" \/>\n<meta property=\"og:availability\" content=\"instock\" \/>\n<meta property=\"product:availability\" content=\"instock\" \/>\n<meta property=\"product:retailer_item_id\" content=\"14431\" \/>\n<meta property=\"product:condition\" content=\"new\" \/>\n<!-- \/ Yoast SEO Premium plugin. -->","yoast_head_json":{"title":"Suntique I'm Medi 100 % Zinc Sun SPF50 pour peaux sensibles | Manskin.ch","description":"D\u00e9couvre la protection solaire min\u00e9rale avec Suntique I'm Medi 100 % Zinc Sun SPF50 pour peaux sensibles. Prot\u00e8ge ta peau des rayons UV !","robots":{"index":"index","follow":"follow","max-snippet":"max-snippet:-1","max-image-preview":"max-image-preview:large","max-video-preview":"max-video-preview:-1"},"canonical":"https:\/\/manskin.ch\/fr\/produkt\/suntique-im-medi-100-zinc-sun-spf50\/","og_locale":"fr_FR","og_type":"article","og_title":"Suntique - I'm Medi 100% Zinc Sun SPF50","og_description":"D\u00e9couvre la protection solaire min\u00e9rale avec Suntique I'm Medi 100 % Zinc Sun SPF50 pour peaux sensibles. Prot\u00e8ge ta peau des rayons UV !","og_url":"https:\/\/manskin.ch\/fr\/produkt\/suntique-im-medi-100-zinc-sun-spf50\/","og_site_name":"Manskin.ch","article_publisher":"https:\/\/www.facebook.com\/manskin.ch","article_modified_time":"2026-03-11T07:56:05+00:00","twitter_card":"summary_large_image","twitter_misc":{"Prix":"25.00&#67;&#72;&#70;","Disponibilit\u00e9":"En stock"},"schema":{"@context":"https:\/\/schema.org","@graph":[{"@type":"WebPage","@id":"https:\/\/manskin.ch\/fr\/produkt\/suntique-im-medi-100-zinc-sun-spf50\/","url":"https:\/\/manskin.ch\/fr\/produkt\/suntique-im-medi-100-zinc-sun-spf50\/","name":"Suntique I'm Medi 100 % Zinc Sun SPF50 pour peaux sensibles | Manskin.ch","isPartOf":{"@id":"https:\/\/manskin.ch\/fr\/#website"},"primaryImageOfPage":{"@id":"https:\/\/manskin.ch\/fr\/produkt\/suntique-im-medi-100-zinc-sun-spf50\/#primaryimage"},"image":{"@id":"https:\/\/manskin.ch\/fr\/produkt\/suntique-im-medi-100-zinc-sun-spf50\/#primaryimage"},"thumbnailUrl":"https:\/\/manskin.ch\/wp-content\/uploads\/2026\/03\/Suntique-Zinc-Sun.jpg","datePublished":"2026-03-10T10:49:10+00:00","dateModified":"2026-03-11T07:56:05+00:00","description":"D\u00e9couvre la protection solaire min\u00e9rale avec Suntique I'm Medi 100 % Zinc Sun SPF50 pour peaux sensibles. Prot\u00e8ge ta peau des rayons UV !","breadcrumb":{"@id":"https:\/\/manskin.ch\/fr\/produkt\/suntique-im-medi-100-zinc-sun-spf50\/#breadcrumb"},"inLanguage":"fr-FR","potentialAction":[{"@type":"ReadAction","target":["https:\/\/manskin.ch\/fr\/produkt\/suntique-im-medi-100-zinc-sun-spf50\/"]}]},{"@type":"ImageObject","inLanguage":"fr-FR","@id":"https:\/\/manskin.ch\/fr\/produkt\/suntique-im-medi-100-zinc-sun-spf50\/#primaryimage","url":"https:\/\/manskin.ch\/wp-content\/uploads\/2026\/03\/Suntique-Zinc-Sun.jpg","contentUrl":"https:\/\/manskin.ch\/wp-content\/uploads\/2026\/03\/Suntique-Zinc-Sun.jpg","width":1000,"height":1000},{"@type":"BreadcrumbList","@id":"https:\/\/manskin.ch\/fr\/produkt\/suntique-im-medi-100-zinc-sun-spf50\/#breadcrumb","itemListElement":[{"@type":"ListItem","position":1,"name":"Startseite","item":"https:\/\/manskin.ch\/fr\/"},{"@type":"ListItem","position":2,"name":"Boutique Soins pour Hommes &amp; Skincare","item":"https:\/\/manskin.ch\/fr\/boutique\/"},{"@type":"ListItem","position":3,"name":"Suntique &#8211; I&#8217;m Medi 100% Zinc Sun SPF50"}]},{"@type":"WebSite","@id":"https:\/\/manskin.ch\/fr\/#website","url":"https:\/\/manskin.ch\/fr\/","name":"Manskin.ch","description":"Tous les produits de beaut\u00e9 pour les hommes les plus exigeants","publisher":{"@id":"https:\/\/manskin.ch\/fr\/#organization"},"potentialAction":[{"@type":"SearchAction","target":{"@type":"EntryPoint","urlTemplate":"https:\/\/manskin.ch\/fr\/?s={search_term_string}"},"query-input":{"@type":"PropertyValueSpecification","valueRequired":true,"valueName":"search_term_string"}}],"inLanguage":"fr-FR"},{"@type":"Organization","@id":"https:\/\/manskin.ch\/fr\/#organization","name":"Manskin.ch - der Schweizer Onlineshop f\u00fcr qualit\u00e4tsstarke M\u00e4nnerpflege","url":"https:\/\/manskin.ch\/fr\/","logo":{"@type":"ImageObject","inLanguage":"fr-FR","@id":"https:\/\/manskin.ch\/fr\/#\/schema\/logo\/image\/","url":"https:\/\/manskin.ch\/wp-content\/uploads\/2021\/04\/cropped-logo_head.png","contentUrl":"https:\/\/manskin.ch\/wp-content\/uploads\/2021\/04\/cropped-logo_head.png","width":235,"height":75,"caption":"Manskin.ch - der Schweizer Onlineshop f\u00fcr qualit\u00e4tsstarke M\u00e4nnerpflege"},"image":{"@id":"https:\/\/manskin.ch\/fr\/#\/schema\/logo\/image\/"},"sameAs":["https:\/\/www.facebook.com\/manskin.ch","https:\/\/www.instagram.com\/manskin.ch\/"]}]},"product_price_amount":"25.00","product_price_currency":"CHF","og_availability":"instock","product_availability":"instock","product_retailer_item_id":"14431","product_condition":"new"},"brands":[{"id":6644,"name":"Suntique","slug":"suntique"}],"_links":{"self":[{"href":"https:\/\/manskin.ch\/fr\/wp-json\/wp\/v2\/product\/504971","targetHints":{"allow":["GET"]}}],"collection":[{"href":"https:\/\/manskin.ch\/fr\/wp-json\/wp\/v2\/product"}],"about":[{"href":"https:\/\/manskin.ch\/fr\/wp-json\/wp\/v2\/types\/product"}],"replies":[{"embeddable":true,"href":"https:\/\/manskin.ch\/fr\/wp-json\/wp\/v2\/comments?post=504971"}],"wp:featuredmedia":[{"embeddable":true,"href":"https:\/\/manskin.ch\/fr\/wp-json\/wp\/v2\/media\/504968"}],"wp:attachment":[{"href":"https:\/\/manskin.ch\/fr\/wp-json\/wp\/v2\/media?parent=504971"}],"wp:term":[{"taxonomy":"pwb-brand","embeddable":true,"href":"https:\/\/manskin.ch\/fr\/wp-json\/wp\/v2\/pwb-brand?post=504971"},{"taxonomy":"product_brand","embeddable":true,"href":"https:\/\/manskin.ch\/fr\/wp-json\/wp\/v2\/product_brand?post=504971"},{"taxonomy":"product_cat","embeddable":true,"href":"https:\/\/manskin.ch\/fr\/wp-json\/wp\/v2\/product_cat?post=504971"},{"taxonomy":"product_tag","embeddable":true,"href":"https:\/\/manskin.ch\/fr\/wp-json\/wp\/v2\/product_tag?post=504971"}],"curies":[{"name":"wp","href":"https:\/\/api.w.org\/{rel}","templated":true}]}}