{"id":504861,"date":"2026-03-03T08:50:48","date_gmt":"2026-03-03T07:50:48","guid":{"rendered":"https:\/\/manskin.ch\/produkt\/504861\/"},"modified":"2026-04-08T10:01:14","modified_gmt":"2026-04-08T08:01:14","slug":"coffret-cadeau-travel","status":"publish","type":"product","link":"https:\/\/manskin.ch\/fr\/produkt\/coffret-cadeau-travel\/","title":{"rendered":"M\u00dcHLE &#8211; Coffret cadeau Travel"},"content":{"rendered":"<h2 class=\"p1\">M\u00dcHLE &#8211; Coffret cadeau Travel Blaireau, rasoir et stick de rasage<\/h2>\n<p class=\"p2\">Le coffret M\u00dcHLE Travel est la solution id\u00e9ale pour tous ceux qui ne veulent pas renoncer \u00e0 un rasage pr\u00e9cis et \u00e9l\u00e9gant, m\u00eame en d\u00e9placement. Compact, bien pens\u00e9 et de grande qualit\u00e9, il vous accompagnera en toute fiabilit\u00e9 lors de vos voyages d&rsquo;affaires, week-ends ou vacances.<\/p>\n<ul>\n<li class=\"p3\">Le rasoir de voyage l\u00e9ger en aluminium anodis\u00e9 noir tient bien en main et est agr\u00e9able \u00e0 utiliser. Il est compatible avec les lames Gillette\u00ae Fusion\u2122, Fusion ProGlide et SkinGuard et garantit ainsi un rasage de pr\u00e8s et confortable, comme \u00e0 la maison. Un prot\u00e8ge-lame adapt\u00e9 prot\u00e8ge la lame pendant le transport.<\/li>\n<li class=\"p3\">La blaireau de voyage Silvertip Fibre\u00ae s\u00e9duit par ses fibres synth\u00e9tiques durables et \u00e0 s\u00e9chage rapide. La t\u00eate de la brosse produit une mousse fine et onctueuse et se range dans le manche pour gagner de la place, ce qui est parfait pour les bagages \u00e0 main.<\/li>\n<li class=\"p3\">Le set est compl\u00e9t\u00e9 par un savon \u00e0 raser en stick au parfum de bois de santal. Il d\u00e9gage un parfum classique agr\u00e9ablement chaud et peut \u00eatre appliqu\u00e9 directement sur la peau ou mouss\u00e9 \u00e0 l&rsquo;aide du blaireau. Gr\u00e2ce \u00e0 sa consistance ferme et \u00e0 sa forme compacte, il est id\u00e9al pour les d\u00e9placements. Le stick est rechargeable, les recharges correspondantes sont disponibles s\u00e9par\u00e9ment.<\/li>\n<\/ul>\n<p class=\"p2\">Un coffret haut de gamme bien pens\u00e9 pour un rasage soign\u00e9, \u00e0 tout moment et en tout lieu.<\/p>\n<p>Contient :<br \/>\n1x blaireau de voyage Silvertip Fibre noir<br \/>\n1x rasoir de voyage (compatible avec Gillette Fusion, ProGlide et Skinguard<br \/>\n1x stick de rasage bois de santal<\/p>\n","protected":false},"excerpt":{"rendered":"<p>M\u00dcHLE &#8211; Coffret cadeau Travel Blaireau, rasoir et stick de rasage Le coffret M\u00dcHLE Travel est la solution id\u00e9ale pour tous ceux qui ne veulent pas renoncer \u00e0 un rasage pr\u00e9cis et \u00e9l\u00e9gant, m\u00eame en d\u00e9placement. Compact, bien pens\u00e9 et de grande qualit\u00e9, il vous accompagnera en toute fiabilit\u00e9 lors de vos voyages d&rsquo;affaires, week-ends &#8230; <a title=\"M\u00dcHLE &#8211; Coffret cadeau Travel\" class=\"read-more\" href=\"https:\/\/manskin.ch\/fr\/produkt\/coffret-cadeau-travel\/\" aria-label=\"En savoir plus sur M\u00dcHLE &#8211; Coffret cadeau Travel\">Lire la suite<\/a><\/p>\n","protected":false},"featured_media":504859,"comment_status":"closed","ping_status":"closed","template":"","meta":{"_acf_changed":false},"pwb-brand":[2769],"product_brand":[],"product_cat":[2326,2412,2424,2911],"product_tag":[],"class_list":{"0":"post-504861","1":"product","2":"type-product","3":"status-publish","4":"has-post-thumbnail","6":"pwb-brand-muehle","7":"product_cat-cadeaux","8":"product_cat-muehle-fr","9":"product_cat-sets-de-rasage","10":"product_cat-travel-sport","11":"product_shipping_class-standard-fr","12":"sales-flash-overlay","13":"woocommerce-text-align-center","14":"woocommerce-image-align-center","15":"do-quantity-buttons","17":"first","18":"instock","19":"taxable","20":"shipping-taxable","21":"purchasable","22":"product-type-simple"},"acf":[],"yoast_head":"<!-- This site is optimized with the Yoast SEO Premium plugin v27.3 (Yoast SEO v27.3) - https:\/\/yoast.com\/product\/yoast-seo-premium-wordpress\/ -->\n<title>Coffret cadeau M\u00fchle Travel: compact et haut de gamme | Manskin.ch<\/title>\n<meta name=\"description\" content=\"Voyage avec style gr\u00e2ce au coffret cadeau Travel de M\u00fchle! Un rasage parfait dans un coffret compact, id\u00e9al pour les voyages et vacances. Chez Manskin.ch.\" \/>\n<meta name=\"robots\" content=\"index, follow, max-snippet:-1, max-image-preview:large, max-video-preview:-1\" \/>\n<link rel=\"canonical\" href=\"https:\/\/manskin.ch\/fr\/produkt\/coffret-cadeau-travel\/\" \/>\n<meta property=\"og:locale\" content=\"fr_FR\" \/>\n<meta property=\"og:type\" content=\"article\" \/>\n<meta property=\"og:title\" content=\"M\u00dcHLE - Coffret cadeau Travel\" \/>\n<meta property=\"og:description\" content=\"Voyage avec style gr\u00e2ce au coffret cadeau Travel de M\u00fchle! Un rasage parfait dans un coffret compact, id\u00e9al pour les voyages et vacances. Chez Manskin.ch.\" \/>\n<meta property=\"og:url\" content=\"https:\/\/manskin.ch\/fr\/produkt\/coffret-cadeau-travel\/\" \/>\n<meta property=\"og:site_name\" content=\"Manskin.ch\" \/>\n<meta property=\"article:publisher\" content=\"https:\/\/www.facebook.com\/manskin.ch\" \/>\n<meta property=\"article:modified_time\" content=\"2026-04-08T08:01:14+00:00\" \/>\n<meta name=\"twitter:card\" content=\"summary_large_image\" \/>\n<meta name=\"twitter:label1\" content=\"Prix\" \/>\n\t<meta name=\"twitter:data1\" content=\"89.00&#067;&#072;&#070;\" \/>\n\t<meta name=\"twitter:label2\" content=\"Disponibilit\u00e9\" \/>\n\t<meta name=\"twitter:data2\" content=\"En stock\" \/>\n<script type=\"application\/ld+json\" class=\"yoast-schema-graph\">{\"@context\":\"https:\\\/\\\/schema.org\",\"@graph\":[{\"@type\":\"WebPage\",\"@id\":\"https:\\\/\\\/manskin.ch\\\/fr\\\/produkt\\\/coffret-cadeau-travel\\\/\",\"url\":\"https:\\\/\\\/manskin.ch\\\/fr\\\/produkt\\\/coffret-cadeau-travel\\\/\",\"name\":\"Coffret cadeau M\u00fchle Travel: compact et haut de gamme | Manskin.ch\",\"isPartOf\":{\"@id\":\"https:\\\/\\\/manskin.ch\\\/fr\\\/#website\"},\"primaryImageOfPage\":{\"@id\":\"https:\\\/\\\/manskin.ch\\\/fr\\\/produkt\\\/coffret-cadeau-travel\\\/#primaryimage\"},\"image\":{\"@id\":\"https:\\\/\\\/manskin.ch\\\/fr\\\/produkt\\\/coffret-cadeau-travel\\\/#primaryimage\"},\"thumbnailUrl\":\"https:\\\/\\\/manskin.ch\\\/wp-content\\\/uploads\\\/2026\\\/03\\\/Muehle-Travel-Set.jpg\",\"datePublished\":\"2026-03-03T07:50:48+00:00\",\"dateModified\":\"2026-04-08T08:01:14+00:00\",\"description\":\"Voyage avec style gr\u00e2ce au coffret cadeau Travel de M\u00fchle! Un rasage parfait dans un coffret compact, id\u00e9al pour les voyages et vacances. Chez Manskin.ch.\",\"breadcrumb\":{\"@id\":\"https:\\\/\\\/manskin.ch\\\/fr\\\/produkt\\\/coffret-cadeau-travel\\\/#breadcrumb\"},\"inLanguage\":\"fr-FR\",\"potentialAction\":[{\"@type\":\"ReadAction\",\"target\":[\"https:\\\/\\\/manskin.ch\\\/fr\\\/produkt\\\/coffret-cadeau-travel\\\/\"]}]},{\"@type\":\"ImageObject\",\"inLanguage\":\"fr-FR\",\"@id\":\"https:\\\/\\\/manskin.ch\\\/fr\\\/produkt\\\/coffret-cadeau-travel\\\/#primaryimage\",\"url\":\"https:\\\/\\\/manskin.ch\\\/wp-content\\\/uploads\\\/2026\\\/03\\\/Muehle-Travel-Set.jpg\",\"contentUrl\":\"https:\\\/\\\/manskin.ch\\\/wp-content\\\/uploads\\\/2026\\\/03\\\/Muehle-Travel-Set.jpg\",\"width\":1000,\"height\":1000},{\"@type\":\"BreadcrumbList\",\"@id\":\"https:\\\/\\\/manskin.ch\\\/fr\\\/produkt\\\/coffret-cadeau-travel\\\/#breadcrumb\",\"itemListElement\":[{\"@type\":\"ListItem\",\"position\":1,\"name\":\"Startseite\",\"item\":\"https:\\\/\\\/manskin.ch\\\/fr\\\/\"},{\"@type\":\"ListItem\",\"position\":2,\"name\":\"Boutique Soins pour Hommes &amp; Skincare\",\"item\":\"https:\\\/\\\/manskin.ch\\\/fr\\\/boutique\\\/\"},{\"@type\":\"ListItem\",\"position\":3,\"name\":\"M\u00dcHLE &#8211; Coffret cadeau Travel\"}]},{\"@type\":\"WebSite\",\"@id\":\"https:\\\/\\\/manskin.ch\\\/fr\\\/#website\",\"url\":\"https:\\\/\\\/manskin.ch\\\/fr\\\/\",\"name\":\"Manskin.ch\",\"description\":\"Tous les produits de beaut\u00e9 pour les hommes les plus exigeants\",\"publisher\":{\"@id\":\"https:\\\/\\\/manskin.ch\\\/fr\\\/#organization\"},\"potentialAction\":[{\"@type\":\"SearchAction\",\"target\":{\"@type\":\"EntryPoint\",\"urlTemplate\":\"https:\\\/\\\/manskin.ch\\\/fr\\\/?s={search_term_string}\"},\"query-input\":{\"@type\":\"PropertyValueSpecification\",\"valueRequired\":true,\"valueName\":\"search_term_string\"}}],\"inLanguage\":\"fr-FR\"},{\"@type\":\"Organization\",\"@id\":\"https:\\\/\\\/manskin.ch\\\/fr\\\/#organization\",\"name\":\"Manskin.ch - der Schweizer Onlineshop f\u00fcr qualit\u00e4tsstarke M\u00e4nnerpflege\",\"url\":\"https:\\\/\\\/manskin.ch\\\/fr\\\/\",\"logo\":{\"@type\":\"ImageObject\",\"inLanguage\":\"fr-FR\",\"@id\":\"https:\\\/\\\/manskin.ch\\\/fr\\\/#\\\/schema\\\/logo\\\/image\\\/\",\"url\":\"https:\\\/\\\/manskin.ch\\\/wp-content\\\/uploads\\\/2021\\\/04\\\/cropped-logo_head.png\",\"contentUrl\":\"https:\\\/\\\/manskin.ch\\\/wp-content\\\/uploads\\\/2021\\\/04\\\/cropped-logo_head.png\",\"width\":235,\"height\":75,\"caption\":\"Manskin.ch - der Schweizer Onlineshop f\u00fcr qualit\u00e4tsstarke M\u00e4nnerpflege\"},\"image\":{\"@id\":\"https:\\\/\\\/manskin.ch\\\/fr\\\/#\\\/schema\\\/logo\\\/image\\\/\"},\"sameAs\":[\"https:\\\/\\\/www.facebook.com\\\/manskin.ch\",\"https:\\\/\\\/www.instagram.com\\\/manskin.ch\\\/\"]}]}<\/script>\n<meta property=\"product:price:amount\" content=\"89.00\" \/>\n<meta property=\"product:price:currency\" content=\"CHF\" \/>\n<meta property=\"og:availability\" content=\"instock\" \/>\n<meta property=\"product:availability\" content=\"instock\" \/>\n<meta property=\"product:retailer_item_id\" content=\"14429\" \/>\n<meta property=\"product:condition\" content=\"new\" \/>\n<!-- \/ Yoast SEO Premium plugin. -->","yoast_head_json":{"title":"Coffret cadeau M\u00fchle Travel: compact et haut de gamme | Manskin.ch","description":"Voyage avec style gr\u00e2ce au coffret cadeau Travel de M\u00fchle! Un rasage parfait dans un coffret compact, id\u00e9al pour les voyages et vacances. Chez Manskin.ch.","robots":{"index":"index","follow":"follow","max-snippet":"max-snippet:-1","max-image-preview":"max-image-preview:large","max-video-preview":"max-video-preview:-1"},"canonical":"https:\/\/manskin.ch\/fr\/produkt\/coffret-cadeau-travel\/","og_locale":"fr_FR","og_type":"article","og_title":"M\u00dcHLE - Coffret cadeau Travel","og_description":"Voyage avec style gr\u00e2ce au coffret cadeau Travel de M\u00fchle! Un rasage parfait dans un coffret compact, id\u00e9al pour les voyages et vacances. Chez Manskin.ch.","og_url":"https:\/\/manskin.ch\/fr\/produkt\/coffret-cadeau-travel\/","og_site_name":"Manskin.ch","article_publisher":"https:\/\/www.facebook.com\/manskin.ch","article_modified_time":"2026-04-08T08:01:14+00:00","twitter_card":"summary_large_image","twitter_misc":{"Prix":"89.00&#67;&#72;&#70;","Disponibilit\u00e9":"En stock"},"schema":{"@context":"https:\/\/schema.org","@graph":[{"@type":"WebPage","@id":"https:\/\/manskin.ch\/fr\/produkt\/coffret-cadeau-travel\/","url":"https:\/\/manskin.ch\/fr\/produkt\/coffret-cadeau-travel\/","name":"Coffret cadeau M\u00fchle Travel: compact et haut de gamme | Manskin.ch","isPartOf":{"@id":"https:\/\/manskin.ch\/fr\/#website"},"primaryImageOfPage":{"@id":"https:\/\/manskin.ch\/fr\/produkt\/coffret-cadeau-travel\/#primaryimage"},"image":{"@id":"https:\/\/manskin.ch\/fr\/produkt\/coffret-cadeau-travel\/#primaryimage"},"thumbnailUrl":"https:\/\/manskin.ch\/wp-content\/uploads\/2026\/03\/Muehle-Travel-Set.jpg","datePublished":"2026-03-03T07:50:48+00:00","dateModified":"2026-04-08T08:01:14+00:00","description":"Voyage avec style gr\u00e2ce au coffret cadeau Travel de M\u00fchle! Un rasage parfait dans un coffret compact, id\u00e9al pour les voyages et vacances. Chez Manskin.ch.","breadcrumb":{"@id":"https:\/\/manskin.ch\/fr\/produkt\/coffret-cadeau-travel\/#breadcrumb"},"inLanguage":"fr-FR","potentialAction":[{"@type":"ReadAction","target":["https:\/\/manskin.ch\/fr\/produkt\/coffret-cadeau-travel\/"]}]},{"@type":"ImageObject","inLanguage":"fr-FR","@id":"https:\/\/manskin.ch\/fr\/produkt\/coffret-cadeau-travel\/#primaryimage","url":"https:\/\/manskin.ch\/wp-content\/uploads\/2026\/03\/Muehle-Travel-Set.jpg","contentUrl":"https:\/\/manskin.ch\/wp-content\/uploads\/2026\/03\/Muehle-Travel-Set.jpg","width":1000,"height":1000},{"@type":"BreadcrumbList","@id":"https:\/\/manskin.ch\/fr\/produkt\/coffret-cadeau-travel\/#breadcrumb","itemListElement":[{"@type":"ListItem","position":1,"name":"Startseite","item":"https:\/\/manskin.ch\/fr\/"},{"@type":"ListItem","position":2,"name":"Boutique Soins pour Hommes &amp; Skincare","item":"https:\/\/manskin.ch\/fr\/boutique\/"},{"@type":"ListItem","position":3,"name":"M\u00dcHLE &#8211; Coffret cadeau Travel"}]},{"@type":"WebSite","@id":"https:\/\/manskin.ch\/fr\/#website","url":"https:\/\/manskin.ch\/fr\/","name":"Manskin.ch","description":"Tous les produits de beaut\u00e9 pour les hommes les plus exigeants","publisher":{"@id":"https:\/\/manskin.ch\/fr\/#organization"},"potentialAction":[{"@type":"SearchAction","target":{"@type":"EntryPoint","urlTemplate":"https:\/\/manskin.ch\/fr\/?s={search_term_string}"},"query-input":{"@type":"PropertyValueSpecification","valueRequired":true,"valueName":"search_term_string"}}],"inLanguage":"fr-FR"},{"@type":"Organization","@id":"https:\/\/manskin.ch\/fr\/#organization","name":"Manskin.ch - der Schweizer Onlineshop f\u00fcr qualit\u00e4tsstarke M\u00e4nnerpflege","url":"https:\/\/manskin.ch\/fr\/","logo":{"@type":"ImageObject","inLanguage":"fr-FR","@id":"https:\/\/manskin.ch\/fr\/#\/schema\/logo\/image\/","url":"https:\/\/manskin.ch\/wp-content\/uploads\/2021\/04\/cropped-logo_head.png","contentUrl":"https:\/\/manskin.ch\/wp-content\/uploads\/2021\/04\/cropped-logo_head.png","width":235,"height":75,"caption":"Manskin.ch - der Schweizer Onlineshop f\u00fcr qualit\u00e4tsstarke M\u00e4nnerpflege"},"image":{"@id":"https:\/\/manskin.ch\/fr\/#\/schema\/logo\/image\/"},"sameAs":["https:\/\/www.facebook.com\/manskin.ch","https:\/\/www.instagram.com\/manskin.ch\/"]}]},"product_price_amount":"89.00","product_price_currency":"CHF","og_availability":"instock","product_availability":"instock","product_retailer_item_id":"14429","product_condition":"new"},"brands":[{"id":2769,"name":"M\u00dcHLE","slug":"muehle"}],"_links":{"self":[{"href":"https:\/\/manskin.ch\/fr\/wp-json\/wp\/v2\/product\/504861","targetHints":{"allow":["GET"]}}],"collection":[{"href":"https:\/\/manskin.ch\/fr\/wp-json\/wp\/v2\/product"}],"about":[{"href":"https:\/\/manskin.ch\/fr\/wp-json\/wp\/v2\/types\/product"}],"replies":[{"embeddable":true,"href":"https:\/\/manskin.ch\/fr\/wp-json\/wp\/v2\/comments?post=504861"}],"wp:featuredmedia":[{"embeddable":true,"href":"https:\/\/manskin.ch\/fr\/wp-json\/wp\/v2\/media\/504859"}],"wp:attachment":[{"href":"https:\/\/manskin.ch\/fr\/wp-json\/wp\/v2\/media?parent=504861"}],"wp:term":[{"taxonomy":"pwb-brand","embeddable":true,"href":"https:\/\/manskin.ch\/fr\/wp-json\/wp\/v2\/pwb-brand?post=504861"},{"taxonomy":"product_brand","embeddable":true,"href":"https:\/\/manskin.ch\/fr\/wp-json\/wp\/v2\/product_brand?post=504861"},{"taxonomy":"product_cat","embeddable":true,"href":"https:\/\/manskin.ch\/fr\/wp-json\/wp\/v2\/product_cat?post=504861"},{"taxonomy":"product_tag","embeddable":true,"href":"https:\/\/manskin.ch\/fr\/wp-json\/wp\/v2\/product_tag?post=504861"}],"curies":[{"name":"wp","href":"https:\/\/api.w.org\/{rel}","templated":true}]}}