{"id":504840,"date":"2026-03-02T09:14:34","date_gmt":"2026-03-02T08:14:34","guid":{"rendered":"https:\/\/manskin.ch\/produkt\/muehle-coffret-cadeau-starter\/"},"modified":"2026-03-09T14:57:12","modified_gmt":"2026-03-09T13:57:12","slug":"muehle-coffret-cadeau-starter","status":"publish","type":"product","link":"https:\/\/manskin.ch\/fr\/produkt\/muehle-coffret-cadeau-starter\/","title":{"rendered":"M\u00dcHLE &#8211; Coffret Cadeau Starter"},"content":{"rendered":"<h2 class=\"p1\">M\u00dcHLE &#8211; Coffret Cadeau Starter<\/h2>\n<ul>\n<li class=\"p2\">Pour une initiation optimale \u00e0 la culture du rasage : le coffret M\u00dcHLE Starter comprend un blaireau haut de gamme en bois de fr\u00eane, une cr\u00e8me \u00e0 raser au bois de santal, une serviette de rasage en coton biologique et un livret informatif contenant des conseils de rasage.<\/li>\n<li class=\"p2\">La combinaison id\u00e9ale pour tous ceux qui souhaitent d\u00e9couvrir le rasage classique ou perfectionner leur rituel.<\/li>\n<li class=\"p2\">La pinceau \u00e0 barbe vegan Black Fibre permet de faire mousser sans effort la cr\u00e8me \u00e0 raser au bois de santal pour obtenir une mousse fine aux notes bois\u00e9es et chaleureuses.<\/li>\n<li class=\"p2\">L&rsquo;effet massant du blaireau pr\u00e9pare la peau de mani\u00e8re optimale au rasage. La serviette de rasage M\u00dcHLE en piqu\u00e9 gaufr\u00e9 tr\u00e8s fin peut \u00eatre humidifi\u00e9e et utilis\u00e9e comme \u00ab serviette chaude \u00bb pour pr\u00e9parer le rasage ou pour s\u00e9cher la peau en douceur apr\u00e8s le rasage.<\/li>\n<li class=\"p2\">La brochure jointe contient d&rsquo;autres conseils pratiques et informations utiles sur la pr\u00e9paration, le rasage et les soins.<\/li>\n<\/ul>\n<p class=\"p3\">Contenu :<\/p>\n<ul>\n<li class=\"p3\">1x blaireau vegan avec fibres synth\u00e9tiques, manche en bois de fr\u00eane<\/li>\n<li class=\"p3\">1x cr\u00e8me \u00e0 raser au bois de santal<\/li>\n<li class=\"p3\">1x serviette de rasage<\/li>\n<li class=\"p3\">1x livret<\/li>\n<\/ul>\n","protected":false},"excerpt":{"rendered":"<p>M\u00dcHLE &#8211; Coffret Cadeau Starter Pour une initiation optimale \u00e0 la culture du rasage : le coffret M\u00dcHLE Starter comprend un blaireau haut de gamme en bois de fr\u00eane, une cr\u00e8me \u00e0 raser au bois de santal, une serviette de rasage en coton biologique et un livret informatif contenant des conseils de rasage. La combinaison &#8230; <a title=\"M\u00dcHLE &#8211; Coffret Cadeau Starter\" class=\"read-more\" href=\"https:\/\/manskin.ch\/fr\/produkt\/muehle-coffret-cadeau-starter\/\" aria-label=\"En savoir plus sur M\u00dcHLE &#8211; Coffret Cadeau Starter\">Lire la suite<\/a><\/p>\n","protected":false},"featured_media":504834,"comment_status":"closed","ping_status":"closed","template":"","meta":{"_acf_changed":false},"pwb-brand":[2769],"product_brand":[],"product_cat":[2425,2326,2412,2424],"product_tag":[],"class_list":{"0":"post-504840","1":"product","2":"type-product","3":"status-publish","4":"has-post-thumbnail","6":"pwb-brand-muehle","7":"product_cat-blaireau-new","8":"product_cat-cadeaux","9":"product_cat-muehle-fr","10":"product_cat-sets-de-rasage","11":"product_shipping_class-standard-fr","12":"sales-flash-overlay","13":"woocommerce-text-align-center","14":"woocommerce-image-align-center","15":"do-quantity-buttons","17":"first","18":"instock","19":"taxable","20":"shipping-taxable","21":"purchasable","22":"product-type-simple"},"acf":[],"yoast_head":"<!-- This site is optimized with the Yoast SEO Premium plugin v27.3 (Yoast SEO v27.3) - https:\/\/yoast.com\/product\/yoast-seo-premium-wordpress\/ -->\n<title>M\u00dcHLE - Coffret Cadeau Starter | Manskin.ch<\/title>\n<meta name=\"description\" content=\"D\u00e9couvre le coffret cadeau M\u00fchle Starter pour une initiation parfaite \u00e0 l&#039;art du rasage. Rase-toi avec style gr\u00e2ce \u00e0 un blaireau de haute qualit\u00e9!\" \/>\n<meta name=\"robots\" content=\"index, follow, max-snippet:-1, max-image-preview:large, max-video-preview:-1\" \/>\n<link rel=\"canonical\" href=\"https:\/\/manskin.ch\/fr\/produkt\/muehle-coffret-cadeau-starter\/\" \/>\n<meta property=\"og:locale\" content=\"fr_FR\" \/>\n<meta property=\"og:type\" content=\"article\" \/>\n<meta property=\"og:title\" content=\"M\u00dcHLE - Coffret Cadeau Starter\" \/>\n<meta property=\"og:description\" content=\"D\u00e9couvre le coffret cadeau M\u00fchle Starter pour une initiation parfaite \u00e0 l&#039;art du rasage. Rase-toi avec style gr\u00e2ce \u00e0 un blaireau de haute qualit\u00e9!\" \/>\n<meta property=\"og:url\" content=\"https:\/\/manskin.ch\/fr\/produkt\/muehle-coffret-cadeau-starter\/\" \/>\n<meta property=\"og:site_name\" content=\"Manskin.ch\" \/>\n<meta property=\"article:publisher\" content=\"https:\/\/www.facebook.com\/manskin.ch\" \/>\n<meta property=\"article:modified_time\" content=\"2026-03-09T13:57:12+00:00\" \/>\n<meta name=\"twitter:card\" content=\"summary_large_image\" \/>\n<meta name=\"twitter:label1\" content=\"Prix\" \/>\n\t<meta name=\"twitter:data1\" content=\"49.00&#067;&#072;&#070;\" \/>\n\t<meta name=\"twitter:label2\" content=\"Disponibilit\u00e9\" \/>\n\t<meta name=\"twitter:data2\" content=\"En stock\" \/>\n<script type=\"application\/ld+json\" class=\"yoast-schema-graph\">{\"@context\":\"https:\\\/\\\/schema.org\",\"@graph\":[{\"@type\":\"WebPage\",\"@id\":\"https:\\\/\\\/manskin.ch\\\/fr\\\/produkt\\\/muehle-coffret-cadeau-starter\\\/\",\"url\":\"https:\\\/\\\/manskin.ch\\\/fr\\\/produkt\\\/muehle-coffret-cadeau-starter\\\/\",\"name\":\"M\u00dcHLE - Coffret Cadeau Starter | Manskin.ch\",\"isPartOf\":{\"@id\":\"https:\\\/\\\/manskin.ch\\\/fr\\\/#website\"},\"primaryImageOfPage\":{\"@id\":\"https:\\\/\\\/manskin.ch\\\/fr\\\/produkt\\\/muehle-coffret-cadeau-starter\\\/#primaryimage\"},\"image\":{\"@id\":\"https:\\\/\\\/manskin.ch\\\/fr\\\/produkt\\\/muehle-coffret-cadeau-starter\\\/#primaryimage\"},\"thumbnailUrl\":\"https:\\\/\\\/manskin.ch\\\/wp-content\\\/uploads\\\/2026\\\/03\\\/Muehle-Starter-Set.jpg\",\"datePublished\":\"2026-03-02T08:14:34+00:00\",\"dateModified\":\"2026-03-09T13:57:12+00:00\",\"description\":\"D\u00e9couvre le coffret cadeau M\u00fchle Starter pour une initiation parfaite \u00e0 l'art du rasage. Rase-toi avec style gr\u00e2ce \u00e0 un blaireau de haute qualit\u00e9!\",\"breadcrumb\":{\"@id\":\"https:\\\/\\\/manskin.ch\\\/fr\\\/produkt\\\/muehle-coffret-cadeau-starter\\\/#breadcrumb\"},\"inLanguage\":\"fr-FR\",\"potentialAction\":[{\"@type\":\"ReadAction\",\"target\":[\"https:\\\/\\\/manskin.ch\\\/fr\\\/produkt\\\/muehle-coffret-cadeau-starter\\\/\"]}]},{\"@type\":\"ImageObject\",\"inLanguage\":\"fr-FR\",\"@id\":\"https:\\\/\\\/manskin.ch\\\/fr\\\/produkt\\\/muehle-coffret-cadeau-starter\\\/#primaryimage\",\"url\":\"https:\\\/\\\/manskin.ch\\\/wp-content\\\/uploads\\\/2026\\\/03\\\/Muehle-Starter-Set.jpg\",\"contentUrl\":\"https:\\\/\\\/manskin.ch\\\/wp-content\\\/uploads\\\/2026\\\/03\\\/Muehle-Starter-Set.jpg\",\"width\":1000,\"height\":1000},{\"@type\":\"BreadcrumbList\",\"@id\":\"https:\\\/\\\/manskin.ch\\\/fr\\\/produkt\\\/muehle-coffret-cadeau-starter\\\/#breadcrumb\",\"itemListElement\":[{\"@type\":\"ListItem\",\"position\":1,\"name\":\"Startseite\",\"item\":\"https:\\\/\\\/manskin.ch\\\/fr\\\/\"},{\"@type\":\"ListItem\",\"position\":2,\"name\":\"Boutique Soins pour Hommes &amp; Skincare\",\"item\":\"https:\\\/\\\/manskin.ch\\\/fr\\\/boutique\\\/\"},{\"@type\":\"ListItem\",\"position\":3,\"name\":\"M\u00dcHLE &#8211; Coffret Cadeau Starter\"}]},{\"@type\":\"WebSite\",\"@id\":\"https:\\\/\\\/manskin.ch\\\/fr\\\/#website\",\"url\":\"https:\\\/\\\/manskin.ch\\\/fr\\\/\",\"name\":\"Manskin.ch\",\"description\":\"Tous les produits de beaut\u00e9 pour les hommes les plus exigeants\",\"publisher\":{\"@id\":\"https:\\\/\\\/manskin.ch\\\/fr\\\/#organization\"},\"potentialAction\":[{\"@type\":\"SearchAction\",\"target\":{\"@type\":\"EntryPoint\",\"urlTemplate\":\"https:\\\/\\\/manskin.ch\\\/fr\\\/?s={search_term_string}\"},\"query-input\":{\"@type\":\"PropertyValueSpecification\",\"valueRequired\":true,\"valueName\":\"search_term_string\"}}],\"inLanguage\":\"fr-FR\"},{\"@type\":\"Organization\",\"@id\":\"https:\\\/\\\/manskin.ch\\\/fr\\\/#organization\",\"name\":\"Manskin.ch - der Schweizer Onlineshop f\u00fcr qualit\u00e4tsstarke M\u00e4nnerpflege\",\"url\":\"https:\\\/\\\/manskin.ch\\\/fr\\\/\",\"logo\":{\"@type\":\"ImageObject\",\"inLanguage\":\"fr-FR\",\"@id\":\"https:\\\/\\\/manskin.ch\\\/fr\\\/#\\\/schema\\\/logo\\\/image\\\/\",\"url\":\"https:\\\/\\\/manskin.ch\\\/wp-content\\\/uploads\\\/2021\\\/04\\\/cropped-logo_head.png\",\"contentUrl\":\"https:\\\/\\\/manskin.ch\\\/wp-content\\\/uploads\\\/2021\\\/04\\\/cropped-logo_head.png\",\"width\":235,\"height\":75,\"caption\":\"Manskin.ch - der Schweizer Onlineshop f\u00fcr qualit\u00e4tsstarke M\u00e4nnerpflege\"},\"image\":{\"@id\":\"https:\\\/\\\/manskin.ch\\\/fr\\\/#\\\/schema\\\/logo\\\/image\\\/\"},\"sameAs\":[\"https:\\\/\\\/www.facebook.com\\\/manskin.ch\",\"https:\\\/\\\/www.instagram.com\\\/manskin.ch\\\/\"]}]}<\/script>\n<meta property=\"product:price:amount\" content=\"49.00\" \/>\n<meta property=\"product:price:currency\" content=\"CHF\" \/>\n<meta property=\"og:availability\" content=\"instock\" \/>\n<meta property=\"product:availability\" content=\"instock\" \/>\n<meta property=\"product:retailer_item_id\" content=\"14428\" \/>\n<meta property=\"product:condition\" content=\"new\" \/>\n<!-- \/ Yoast SEO Premium plugin. -->","yoast_head_json":{"title":"M\u00dcHLE - Coffret Cadeau Starter | Manskin.ch","description":"D\u00e9couvre le coffret cadeau M\u00fchle Starter pour une initiation parfaite \u00e0 l'art du rasage. Rase-toi avec style gr\u00e2ce \u00e0 un blaireau de haute qualit\u00e9!","robots":{"index":"index","follow":"follow","max-snippet":"max-snippet:-1","max-image-preview":"max-image-preview:large","max-video-preview":"max-video-preview:-1"},"canonical":"https:\/\/manskin.ch\/fr\/produkt\/muehle-coffret-cadeau-starter\/","og_locale":"fr_FR","og_type":"article","og_title":"M\u00dcHLE - Coffret Cadeau Starter","og_description":"D\u00e9couvre le coffret cadeau M\u00fchle Starter pour une initiation parfaite \u00e0 l'art du rasage. Rase-toi avec style gr\u00e2ce \u00e0 un blaireau de haute qualit\u00e9!","og_url":"https:\/\/manskin.ch\/fr\/produkt\/muehle-coffret-cadeau-starter\/","og_site_name":"Manskin.ch","article_publisher":"https:\/\/www.facebook.com\/manskin.ch","article_modified_time":"2026-03-09T13:57:12+00:00","twitter_card":"summary_large_image","twitter_misc":{"Prix":"49.00&#67;&#72;&#70;","Disponibilit\u00e9":"En stock"},"schema":{"@context":"https:\/\/schema.org","@graph":[{"@type":"WebPage","@id":"https:\/\/manskin.ch\/fr\/produkt\/muehle-coffret-cadeau-starter\/","url":"https:\/\/manskin.ch\/fr\/produkt\/muehle-coffret-cadeau-starter\/","name":"M\u00dcHLE - Coffret Cadeau Starter | Manskin.ch","isPartOf":{"@id":"https:\/\/manskin.ch\/fr\/#website"},"primaryImageOfPage":{"@id":"https:\/\/manskin.ch\/fr\/produkt\/muehle-coffret-cadeau-starter\/#primaryimage"},"image":{"@id":"https:\/\/manskin.ch\/fr\/produkt\/muehle-coffret-cadeau-starter\/#primaryimage"},"thumbnailUrl":"https:\/\/manskin.ch\/wp-content\/uploads\/2026\/03\/Muehle-Starter-Set.jpg","datePublished":"2026-03-02T08:14:34+00:00","dateModified":"2026-03-09T13:57:12+00:00","description":"D\u00e9couvre le coffret cadeau M\u00fchle Starter pour une initiation parfaite \u00e0 l'art du rasage. Rase-toi avec style gr\u00e2ce \u00e0 un blaireau de haute qualit\u00e9!","breadcrumb":{"@id":"https:\/\/manskin.ch\/fr\/produkt\/muehle-coffret-cadeau-starter\/#breadcrumb"},"inLanguage":"fr-FR","potentialAction":[{"@type":"ReadAction","target":["https:\/\/manskin.ch\/fr\/produkt\/muehle-coffret-cadeau-starter\/"]}]},{"@type":"ImageObject","inLanguage":"fr-FR","@id":"https:\/\/manskin.ch\/fr\/produkt\/muehle-coffret-cadeau-starter\/#primaryimage","url":"https:\/\/manskin.ch\/wp-content\/uploads\/2026\/03\/Muehle-Starter-Set.jpg","contentUrl":"https:\/\/manskin.ch\/wp-content\/uploads\/2026\/03\/Muehle-Starter-Set.jpg","width":1000,"height":1000},{"@type":"BreadcrumbList","@id":"https:\/\/manskin.ch\/fr\/produkt\/muehle-coffret-cadeau-starter\/#breadcrumb","itemListElement":[{"@type":"ListItem","position":1,"name":"Startseite","item":"https:\/\/manskin.ch\/fr\/"},{"@type":"ListItem","position":2,"name":"Boutique Soins pour Hommes &amp; Skincare","item":"https:\/\/manskin.ch\/fr\/boutique\/"},{"@type":"ListItem","position":3,"name":"M\u00dcHLE &#8211; Coffret Cadeau Starter"}]},{"@type":"WebSite","@id":"https:\/\/manskin.ch\/fr\/#website","url":"https:\/\/manskin.ch\/fr\/","name":"Manskin.ch","description":"Tous les produits de beaut\u00e9 pour les hommes les plus exigeants","publisher":{"@id":"https:\/\/manskin.ch\/fr\/#organization"},"potentialAction":[{"@type":"SearchAction","target":{"@type":"EntryPoint","urlTemplate":"https:\/\/manskin.ch\/fr\/?s={search_term_string}"},"query-input":{"@type":"PropertyValueSpecification","valueRequired":true,"valueName":"search_term_string"}}],"inLanguage":"fr-FR"},{"@type":"Organization","@id":"https:\/\/manskin.ch\/fr\/#organization","name":"Manskin.ch - der Schweizer Onlineshop f\u00fcr qualit\u00e4tsstarke M\u00e4nnerpflege","url":"https:\/\/manskin.ch\/fr\/","logo":{"@type":"ImageObject","inLanguage":"fr-FR","@id":"https:\/\/manskin.ch\/fr\/#\/schema\/logo\/image\/","url":"https:\/\/manskin.ch\/wp-content\/uploads\/2021\/04\/cropped-logo_head.png","contentUrl":"https:\/\/manskin.ch\/wp-content\/uploads\/2021\/04\/cropped-logo_head.png","width":235,"height":75,"caption":"Manskin.ch - der Schweizer Onlineshop f\u00fcr qualit\u00e4tsstarke M\u00e4nnerpflege"},"image":{"@id":"https:\/\/manskin.ch\/fr\/#\/schema\/logo\/image\/"},"sameAs":["https:\/\/www.facebook.com\/manskin.ch","https:\/\/www.instagram.com\/manskin.ch\/"]}]},"product_price_amount":"49.00","product_price_currency":"CHF","og_availability":"instock","product_availability":"instock","product_retailer_item_id":"14428","product_condition":"new"},"brands":[{"id":2769,"name":"M\u00dcHLE","slug":"muehle"}],"_links":{"self":[{"href":"https:\/\/manskin.ch\/fr\/wp-json\/wp\/v2\/product\/504840","targetHints":{"allow":["GET"]}}],"collection":[{"href":"https:\/\/manskin.ch\/fr\/wp-json\/wp\/v2\/product"}],"about":[{"href":"https:\/\/manskin.ch\/fr\/wp-json\/wp\/v2\/types\/product"}],"replies":[{"embeddable":true,"href":"https:\/\/manskin.ch\/fr\/wp-json\/wp\/v2\/comments?post=504840"}],"wp:featuredmedia":[{"embeddable":true,"href":"https:\/\/manskin.ch\/fr\/wp-json\/wp\/v2\/media\/504834"}],"wp:attachment":[{"href":"https:\/\/manskin.ch\/fr\/wp-json\/wp\/v2\/media?parent=504840"}],"wp:term":[{"taxonomy":"pwb-brand","embeddable":true,"href":"https:\/\/manskin.ch\/fr\/wp-json\/wp\/v2\/pwb-brand?post=504840"},{"taxonomy":"product_brand","embeddable":true,"href":"https:\/\/manskin.ch\/fr\/wp-json\/wp\/v2\/product_brand?post=504840"},{"taxonomy":"product_cat","embeddable":true,"href":"https:\/\/manskin.ch\/fr\/wp-json\/wp\/v2\/product_cat?post=504840"},{"taxonomy":"product_tag","embeddable":true,"href":"https:\/\/manskin.ch\/fr\/wp-json\/wp\/v2\/product_tag?post=504840"}],"curies":[{"name":"wp","href":"https:\/\/api.w.org\/{rel}","templated":true}]}}