{"id":504839,"date":"2026-03-01T13:35:22","date_gmt":"2026-03-01T12:35:22","guid":{"rendered":"https:\/\/manskin.ch\/produkt\/sapiens-savon-vanilla-ice\/"},"modified":"2026-03-12T11:55:54","modified_gmt":"2026-03-12T10:55:54","slug":"sapiens-savon-vanilla-ice","status":"publish","type":"product","link":"https:\/\/manskin.ch\/fr\/produkt\/sapiens-savon-vanilla-ice\/","title":{"rendered":"Sapiens &#8211; Savon Capillaire Vanilla Ice"},"content":{"rendered":"<h2 class=\"p1\">Sapiens &#8211; Savon Capillaire Vanilla Ice<\/h2>\n<p class=\"p2\">Ce shampoing solide nettoie en douceur sans dess\u00e9cher les cheveux et respecte le pH naturel du cuir chevelu. Il forme une mousse onctueuse et apporte l\u00e9g\u00e8ret\u00e9 et brillance aux cheveux.<\/p>\n<p>Sa formule douce nettoie le cuir chevelu en profondeur, \u00e9limine les impuret\u00e9s et l&rsquo;exc\u00e8s de s\u00e9bum tout en pr\u00e9servant la fibre capillaire. Les cheveux sont propres, l\u00e9gers et souples, et se d\u00e9m\u00ealent facilement.<\/p>\n<p>Les ingr\u00e9dients cl\u00e9s:<\/p>\n<ul>\n<li class=\"p3\">Sodium Lauroyl Glutamate : un tensioactif d&rsquo;origine v\u00e9g\u00e9tale particuli\u00e8rement doux qui forme une mousse onctueuse qui nettoie sans agresser les cheveux.<\/li>\n<li class=\"p3\">Huile de jojoba biologique (Simmondsia Chinensis) : aide \u00e0 r\u00e9guler le s\u00e9bum, assouplit les cheveux et leur donne de la brillance.<\/li>\n<li class=\"p3\">Huile de graines de brocoli biologique (Brassica Oleracea Italica) : lisse la fibre capillaire pour une sensation de douceur et un effet nourrissant naturel.<\/li>\n<li class=\"p3\">98 % d&rsquo;ingr\u00e9dients naturels.<\/li>\n<li class=\"p3\">Certifi\u00e9 biologique par Ecocert.<\/li>\n<li class=\"p3\">Sans sulfates, parab\u00e8nes ni silicones. Certifi\u00e9 Cosmos Organic.<\/li>\n<li class=\"p3\">Durable et pratique.<\/li>\n<\/ul>\n<p>Forme solide, 50 g, dure environ 2 mois, sans plastique, fabriqu\u00e9 en France.<\/p>\n","protected":false},"excerpt":{"rendered":"<p>Pratique et durable, savon capillaire pour des cheveux sains et doux<\/p>\n","protected":false},"featured_media":504814,"comment_status":"closed","ping_status":"closed","template":"","meta":{"_acf_changed":false},"pwb-brand":[2832],"product_brand":[],"product_cat":[2414,2831,2341],"product_tag":[],"class_list":{"0":"post-504839","1":"product","2":"type-product","3":"status-publish","4":"has-post-thumbnail","6":"pwb-brand-sapiens","7":"product_cat-cosmetique-naturelle","8":"product_cat-sapiens-fr","9":"product_cat-savon-pour-cheveux","10":"product_shipping_class-standard-fr","11":"sales-flash-overlay","12":"woocommerce-text-align-center","13":"woocommerce-image-align-center","14":"do-quantity-buttons","16":"first","17":"instock","18":"taxable","19":"shipping-taxable","20":"purchasable","21":"product-type-simple"},"acf":[],"yoast_head":"<!-- This site is optimized with the Yoast SEO Premium plugin v27.3 (Yoast SEO v27.3) - https:\/\/yoast.com\/product\/yoast-seo-premium-wordpress\/ -->\n<title>Sapiens - Savon Capillaire Vanilla Ice | Manskin.ch<\/title>\n<meta name=\"description\" content=\"D\u00e9couvre le savon naturel pour cheveux Sapiens, qui nettoie en douceur et respecte le pH de ton cuir chevelu. Certifi\u00e9 biologique, pratique et durable!\" \/>\n<meta name=\"robots\" content=\"index, follow, max-snippet:-1, max-image-preview:large, max-video-preview:-1\" \/>\n<link rel=\"canonical\" href=\"https:\/\/manskin.ch\/fr\/produkt\/sapiens-savon-vanilla-ice\/\" \/>\n<meta property=\"og:locale\" content=\"fr_FR\" \/>\n<meta property=\"og:type\" content=\"article\" \/>\n<meta property=\"og:title\" content=\"Sapiens - Savon Capillaire Vanilla Ice\" \/>\n<meta property=\"og:description\" content=\"D\u00e9couvre le savon naturel pour cheveux Sapiens, qui nettoie en douceur et respecte le pH de ton cuir chevelu. Certifi\u00e9 biologique, pratique et durable!\" \/>\n<meta property=\"og:url\" content=\"https:\/\/manskin.ch\/fr\/produkt\/sapiens-savon-vanilla-ice\/\" \/>\n<meta property=\"og:site_name\" content=\"Manskin.ch\" \/>\n<meta property=\"article:publisher\" content=\"https:\/\/www.facebook.com\/manskin.ch\" \/>\n<meta property=\"article:modified_time\" content=\"2026-03-12T10:55:54+00:00\" \/>\n<meta name=\"twitter:card\" content=\"summary_large_image\" \/>\n<meta name=\"twitter:label1\" content=\"Prix\" \/>\n\t<meta name=\"twitter:data1\" content=\"12.50&#067;&#072;&#070;\" \/>\n\t<meta name=\"twitter:label2\" content=\"Disponibilit\u00e9\" \/>\n\t<meta name=\"twitter:data2\" content=\"En stock\" \/>\n<script type=\"application\/ld+json\" class=\"yoast-schema-graph\">{\"@context\":\"https:\\\/\\\/schema.org\",\"@graph\":[{\"@type\":\"WebPage\",\"@id\":\"https:\\\/\\\/manskin.ch\\\/fr\\\/produkt\\\/sapiens-savon-vanilla-ice\\\/\",\"url\":\"https:\\\/\\\/manskin.ch\\\/fr\\\/produkt\\\/sapiens-savon-vanilla-ice\\\/\",\"name\":\"Sapiens - Savon Capillaire Vanilla Ice | Manskin.ch\",\"isPartOf\":{\"@id\":\"https:\\\/\\\/manskin.ch\\\/fr\\\/#website\"},\"primaryImageOfPage\":{\"@id\":\"https:\\\/\\\/manskin.ch\\\/fr\\\/produkt\\\/sapiens-savon-vanilla-ice\\\/#primaryimage\"},\"image\":{\"@id\":\"https:\\\/\\\/manskin.ch\\\/fr\\\/produkt\\\/sapiens-savon-vanilla-ice\\\/#primaryimage\"},\"thumbnailUrl\":\"https:\\\/\\\/manskin.ch\\\/wp-content\\\/uploads\\\/2026\\\/03\\\/Sapiens-Haarseife-Vanilla-Ice.jpg\",\"datePublished\":\"2026-03-01T12:35:22+00:00\",\"dateModified\":\"2026-03-12T10:55:54+00:00\",\"description\":\"D\u00e9couvre le savon naturel pour cheveux Sapiens, qui nettoie en douceur et respecte le pH de ton cuir chevelu. Certifi\u00e9 biologique, pratique et durable!\",\"breadcrumb\":{\"@id\":\"https:\\\/\\\/manskin.ch\\\/fr\\\/produkt\\\/sapiens-savon-vanilla-ice\\\/#breadcrumb\"},\"inLanguage\":\"fr-FR\",\"potentialAction\":[{\"@type\":\"ReadAction\",\"target\":[\"https:\\\/\\\/manskin.ch\\\/fr\\\/produkt\\\/sapiens-savon-vanilla-ice\\\/\"]}]},{\"@type\":\"ImageObject\",\"inLanguage\":\"fr-FR\",\"@id\":\"https:\\\/\\\/manskin.ch\\\/fr\\\/produkt\\\/sapiens-savon-vanilla-ice\\\/#primaryimage\",\"url\":\"https:\\\/\\\/manskin.ch\\\/wp-content\\\/uploads\\\/2026\\\/03\\\/Sapiens-Haarseife-Vanilla-Ice.jpg\",\"contentUrl\":\"https:\\\/\\\/manskin.ch\\\/wp-content\\\/uploads\\\/2026\\\/03\\\/Sapiens-Haarseife-Vanilla-Ice.jpg\",\"width\":1000,\"height\":1000},{\"@type\":\"BreadcrumbList\",\"@id\":\"https:\\\/\\\/manskin.ch\\\/fr\\\/produkt\\\/sapiens-savon-vanilla-ice\\\/#breadcrumb\",\"itemListElement\":[{\"@type\":\"ListItem\",\"position\":1,\"name\":\"Startseite\",\"item\":\"https:\\\/\\\/manskin.ch\\\/fr\\\/\"},{\"@type\":\"ListItem\",\"position\":2,\"name\":\"Boutique Soins pour Hommes &amp; Skincare\",\"item\":\"https:\\\/\\\/manskin.ch\\\/fr\\\/boutique\\\/\"},{\"@type\":\"ListItem\",\"position\":3,\"name\":\"Sapiens &#8211; Savon Capillaire Vanilla Ice\"}]},{\"@type\":\"WebSite\",\"@id\":\"https:\\\/\\\/manskin.ch\\\/fr\\\/#website\",\"url\":\"https:\\\/\\\/manskin.ch\\\/fr\\\/\",\"name\":\"Manskin.ch\",\"description\":\"Tous les produits de beaut\u00e9 pour les hommes les plus exigeants\",\"publisher\":{\"@id\":\"https:\\\/\\\/manskin.ch\\\/fr\\\/#organization\"},\"potentialAction\":[{\"@type\":\"SearchAction\",\"target\":{\"@type\":\"EntryPoint\",\"urlTemplate\":\"https:\\\/\\\/manskin.ch\\\/fr\\\/?s={search_term_string}\"},\"query-input\":{\"@type\":\"PropertyValueSpecification\",\"valueRequired\":true,\"valueName\":\"search_term_string\"}}],\"inLanguage\":\"fr-FR\"},{\"@type\":\"Organization\",\"@id\":\"https:\\\/\\\/manskin.ch\\\/fr\\\/#organization\",\"name\":\"Manskin.ch - der Schweizer Onlineshop f\u00fcr qualit\u00e4tsstarke M\u00e4nnerpflege\",\"url\":\"https:\\\/\\\/manskin.ch\\\/fr\\\/\",\"logo\":{\"@type\":\"ImageObject\",\"inLanguage\":\"fr-FR\",\"@id\":\"https:\\\/\\\/manskin.ch\\\/fr\\\/#\\\/schema\\\/logo\\\/image\\\/\",\"url\":\"https:\\\/\\\/manskin.ch\\\/wp-content\\\/uploads\\\/2021\\\/04\\\/cropped-logo_head.png\",\"contentUrl\":\"https:\\\/\\\/manskin.ch\\\/wp-content\\\/uploads\\\/2021\\\/04\\\/cropped-logo_head.png\",\"width\":235,\"height\":75,\"caption\":\"Manskin.ch - der Schweizer Onlineshop f\u00fcr qualit\u00e4tsstarke M\u00e4nnerpflege\"},\"image\":{\"@id\":\"https:\\\/\\\/manskin.ch\\\/fr\\\/#\\\/schema\\\/logo\\\/image\\\/\"},\"sameAs\":[\"https:\\\/\\\/www.facebook.com\\\/manskin.ch\",\"https:\\\/\\\/www.instagram.com\\\/manskin.ch\\\/\"]}]}<\/script>\n<meta property=\"product:price:amount\" content=\"12.50\" \/>\n<meta property=\"product:price:currency\" content=\"CHF\" \/>\n<meta property=\"og:availability\" content=\"instock\" \/>\n<meta property=\"product:availability\" content=\"instock\" \/>\n<meta property=\"product:retailer_item_id\" content=\"14426\" \/>\n<meta property=\"product:condition\" content=\"new\" \/>\n<!-- \/ Yoast SEO Premium plugin. -->","yoast_head_json":{"title":"Sapiens - Savon Capillaire Vanilla Ice | Manskin.ch","description":"D\u00e9couvre le savon naturel pour cheveux Sapiens, qui nettoie en douceur et respecte le pH de ton cuir chevelu. Certifi\u00e9 biologique, pratique et durable!","robots":{"index":"index","follow":"follow","max-snippet":"max-snippet:-1","max-image-preview":"max-image-preview:large","max-video-preview":"max-video-preview:-1"},"canonical":"https:\/\/manskin.ch\/fr\/produkt\/sapiens-savon-vanilla-ice\/","og_locale":"fr_FR","og_type":"article","og_title":"Sapiens - Savon Capillaire Vanilla Ice","og_description":"D\u00e9couvre le savon naturel pour cheveux Sapiens, qui nettoie en douceur et respecte le pH de ton cuir chevelu. Certifi\u00e9 biologique, pratique et durable!","og_url":"https:\/\/manskin.ch\/fr\/produkt\/sapiens-savon-vanilla-ice\/","og_site_name":"Manskin.ch","article_publisher":"https:\/\/www.facebook.com\/manskin.ch","article_modified_time":"2026-03-12T10:55:54+00:00","twitter_card":"summary_large_image","twitter_misc":{"Prix":"12.50&#67;&#72;&#70;","Disponibilit\u00e9":"En stock"},"schema":{"@context":"https:\/\/schema.org","@graph":[{"@type":"WebPage","@id":"https:\/\/manskin.ch\/fr\/produkt\/sapiens-savon-vanilla-ice\/","url":"https:\/\/manskin.ch\/fr\/produkt\/sapiens-savon-vanilla-ice\/","name":"Sapiens - Savon Capillaire Vanilla Ice | Manskin.ch","isPartOf":{"@id":"https:\/\/manskin.ch\/fr\/#website"},"primaryImageOfPage":{"@id":"https:\/\/manskin.ch\/fr\/produkt\/sapiens-savon-vanilla-ice\/#primaryimage"},"image":{"@id":"https:\/\/manskin.ch\/fr\/produkt\/sapiens-savon-vanilla-ice\/#primaryimage"},"thumbnailUrl":"https:\/\/manskin.ch\/wp-content\/uploads\/2026\/03\/Sapiens-Haarseife-Vanilla-Ice.jpg","datePublished":"2026-03-01T12:35:22+00:00","dateModified":"2026-03-12T10:55:54+00:00","description":"D\u00e9couvre le savon naturel pour cheveux Sapiens, qui nettoie en douceur et respecte le pH de ton cuir chevelu. Certifi\u00e9 biologique, pratique et durable!","breadcrumb":{"@id":"https:\/\/manskin.ch\/fr\/produkt\/sapiens-savon-vanilla-ice\/#breadcrumb"},"inLanguage":"fr-FR","potentialAction":[{"@type":"ReadAction","target":["https:\/\/manskin.ch\/fr\/produkt\/sapiens-savon-vanilla-ice\/"]}]},{"@type":"ImageObject","inLanguage":"fr-FR","@id":"https:\/\/manskin.ch\/fr\/produkt\/sapiens-savon-vanilla-ice\/#primaryimage","url":"https:\/\/manskin.ch\/wp-content\/uploads\/2026\/03\/Sapiens-Haarseife-Vanilla-Ice.jpg","contentUrl":"https:\/\/manskin.ch\/wp-content\/uploads\/2026\/03\/Sapiens-Haarseife-Vanilla-Ice.jpg","width":1000,"height":1000},{"@type":"BreadcrumbList","@id":"https:\/\/manskin.ch\/fr\/produkt\/sapiens-savon-vanilla-ice\/#breadcrumb","itemListElement":[{"@type":"ListItem","position":1,"name":"Startseite","item":"https:\/\/manskin.ch\/fr\/"},{"@type":"ListItem","position":2,"name":"Boutique Soins pour Hommes &amp; Skincare","item":"https:\/\/manskin.ch\/fr\/boutique\/"},{"@type":"ListItem","position":3,"name":"Sapiens &#8211; Savon Capillaire Vanilla Ice"}]},{"@type":"WebSite","@id":"https:\/\/manskin.ch\/fr\/#website","url":"https:\/\/manskin.ch\/fr\/","name":"Manskin.ch","description":"Tous les produits de beaut\u00e9 pour les hommes les plus exigeants","publisher":{"@id":"https:\/\/manskin.ch\/fr\/#organization"},"potentialAction":[{"@type":"SearchAction","target":{"@type":"EntryPoint","urlTemplate":"https:\/\/manskin.ch\/fr\/?s={search_term_string}"},"query-input":{"@type":"PropertyValueSpecification","valueRequired":true,"valueName":"search_term_string"}}],"inLanguage":"fr-FR"},{"@type":"Organization","@id":"https:\/\/manskin.ch\/fr\/#organization","name":"Manskin.ch - der Schweizer Onlineshop f\u00fcr qualit\u00e4tsstarke M\u00e4nnerpflege","url":"https:\/\/manskin.ch\/fr\/","logo":{"@type":"ImageObject","inLanguage":"fr-FR","@id":"https:\/\/manskin.ch\/fr\/#\/schema\/logo\/image\/","url":"https:\/\/manskin.ch\/wp-content\/uploads\/2021\/04\/cropped-logo_head.png","contentUrl":"https:\/\/manskin.ch\/wp-content\/uploads\/2021\/04\/cropped-logo_head.png","width":235,"height":75,"caption":"Manskin.ch - der Schweizer Onlineshop f\u00fcr qualit\u00e4tsstarke M\u00e4nnerpflege"},"image":{"@id":"https:\/\/manskin.ch\/fr\/#\/schema\/logo\/image\/"},"sameAs":["https:\/\/www.facebook.com\/manskin.ch","https:\/\/www.instagram.com\/manskin.ch\/"]}]},"product_price_amount":"12.50","product_price_currency":"CHF","og_availability":"instock","product_availability":"instock","product_retailer_item_id":"14426","product_condition":"new"},"brands":[{"id":2832,"name":"Sapiens.","slug":"sapiens"}],"_links":{"self":[{"href":"https:\/\/manskin.ch\/fr\/wp-json\/wp\/v2\/product\/504839","targetHints":{"allow":["GET"]}}],"collection":[{"href":"https:\/\/manskin.ch\/fr\/wp-json\/wp\/v2\/product"}],"about":[{"href":"https:\/\/manskin.ch\/fr\/wp-json\/wp\/v2\/types\/product"}],"replies":[{"embeddable":true,"href":"https:\/\/manskin.ch\/fr\/wp-json\/wp\/v2\/comments?post=504839"}],"wp:featuredmedia":[{"embeddable":true,"href":"https:\/\/manskin.ch\/fr\/wp-json\/wp\/v2\/media\/504814"}],"wp:attachment":[{"href":"https:\/\/manskin.ch\/fr\/wp-json\/wp\/v2\/media?parent=504839"}],"wp:term":[{"taxonomy":"pwb-brand","embeddable":true,"href":"https:\/\/manskin.ch\/fr\/wp-json\/wp\/v2\/pwb-brand?post=504839"},{"taxonomy":"product_brand","embeddable":true,"href":"https:\/\/manskin.ch\/fr\/wp-json\/wp\/v2\/product_brand?post=504839"},{"taxonomy":"product_cat","embeddable":true,"href":"https:\/\/manskin.ch\/fr\/wp-json\/wp\/v2\/product_cat?post=504839"},{"taxonomy":"product_tag","embeddable":true,"href":"https:\/\/manskin.ch\/fr\/wp-json\/wp\/v2\/product_tag?post=504839"}],"curies":[{"name":"wp","href":"https:\/\/api.w.org\/{rel}","templated":true}]}}