{"id":504838,"date":"2026-03-01T14:16:25","date_gmt":"2026-03-01T13:16:25","guid":{"rendered":"https:\/\/manskin.ch\/produkt\/sapiens-savon-a-barbe-beard-wizard\/"},"modified":"2026-03-09T14:56:37","modified_gmt":"2026-03-09T13:56:37","slug":"sapiens-savon-a-barbe-beard-wizard","status":"publish","type":"product","link":"https:\/\/manskin.ch\/fr\/produkt\/sapiens-savon-a-barbe-beard-wizard\/","title":{"rendered":"Sapiens &#8211; Savon \u00e0 barbe Beard Wizard"},"content":{"rendered":"<h2 class=\"p1\">Sapiens &#8211; Savon \u00e0 barbe Beard Wizard<\/h2>\n<p class=\"p1\">Ce shampoing solide bio sp\u00e9cialement con\u00e7u pour la barbe \u00e9limine les impuret\u00e9s et les salissures tout en pr\u00e9servant la peau du visage. Sa base lavante douce et son effet nourrissant garantissent une barbe douce et facile \u00e0 coiffer.<\/p>\n<p>Principes actifs et ingr\u00e9dients principaux :<\/p>\n<ul>\n<li class=\"p3\">Tensioactifs doux (lauroyl glutamate de sodium, d\u00e9cyl glucoside) : nettoient sans dess\u00e9cher.<\/li>\n<li class=\"p3\">Huile de ricin : nourrit et renforce la fibre capillaire.<\/li>\n<li class=\"p3\">Huile de jojoba : aide \u00e0 r\u00e9guler et \u00e0 assouplir la barbe.<\/li>\n<li class=\"p3\">Charbon v\u00e9g\u00e9tal : effet nettoyant\/adsorbant.<\/li>\n<li class=\"p3\">Sans sulfates, sans silicones, sans parab\u00e8nes.<\/li>\n<li class=\"p3\">98 % d&rsquo;ingr\u00e9dients naturels.<\/li>\n<li class=\"p3\">Certifi\u00e9 biologique par Ecocert.<\/li>\n<li class=\"p3\">Nettoie en douceur, d\u00e9m\u00eale et assouplit la barbe sans la dess\u00e9cher.<\/li>\n<li class=\"p3\">Apaise la peau sous la barbe.<\/li>\n<li class=\"p3\">Aide \u00e0 r\u00e9duire les d\u00e9mangeaisons et les sensations de tiraillement d\u00e8s la premi\u00e8re utilisation.<\/li>\n<li class=\"p3\">Sans sulfates, sans parab\u00e8nes, sans silicones.<\/li>\n<li class=\"p3\">Durable et pratique.<\/li>\n<li class=\"p3\">Dur\u00e9e d&rsquo;utilisation : 50 g = environ 4 mois pour une barbe moyenne.<\/li>\n<\/ul>\n","protected":false},"excerpt":{"rendered":"<p>2 en 1 : nettoie et assouplit la barbe<\/p>\n","protected":false},"featured_media":504819,"comment_status":"closed","ping_status":"closed","template":"","meta":{"_acf_changed":false},"pwb-brand":[2832],"product_brand":[],"product_cat":[2414,2831,2279],"product_tag":[],"class_list":{"0":"post-504838","1":"product","2":"type-product","3":"status-publish","4":"has-post-thumbnail","6":"pwb-brand-sapiens","7":"product_cat-cosmetique-naturelle","8":"product_cat-sapiens-fr","9":"product_cat-shampoing-pour-barbe-fr","10":"product_shipping_class-standard-fr","11":"sales-flash-overlay","12":"woocommerce-text-align-center","13":"woocommerce-image-align-center","14":"do-quantity-buttons","16":"first","17":"instock","18":"taxable","19":"shipping-taxable","20":"purchasable","21":"product-type-simple"},"acf":[],"yoast_head":"<!-- This site is optimized with the Yoast SEO Premium plugin v27.3 (Yoast SEO v27.3) - https:\/\/yoast.com\/product\/yoast-seo-premium-wordpress\/ -->\n<title>Sapiens - Savon \u00e0 barbe Beard Wizard | Manskin.ch<\/title>\n<meta name=\"description\" content=\"Le savon \u00e0 barbe Sapiens rendra ta barbe \u00e9clatante de propret\u00e9. L&#039;association d&#039;huile de jojoba et d&#039;huile de ricin garantit un soin qui te ravira!\" \/>\n<meta name=\"robots\" content=\"index, follow, max-snippet:-1, max-image-preview:large, max-video-preview:-1\" \/>\n<link rel=\"canonical\" href=\"https:\/\/manskin.ch\/fr\/produkt\/sapiens-savon-a-barbe-beard-wizard\/\" \/>\n<meta property=\"og:locale\" content=\"fr_FR\" \/>\n<meta property=\"og:type\" content=\"article\" \/>\n<meta property=\"og:title\" content=\"Sapiens - Savon \u00e0 barbe Beard Wizard\" \/>\n<meta property=\"og:description\" content=\"Le savon \u00e0 barbe Sapiens rendra ta barbe \u00e9clatante de propret\u00e9. L&#039;association d&#039;huile de jojoba et d&#039;huile de ricin garantit un soin qui te ravira!\" \/>\n<meta property=\"og:url\" content=\"https:\/\/manskin.ch\/fr\/produkt\/sapiens-savon-a-barbe-beard-wizard\/\" \/>\n<meta property=\"og:site_name\" content=\"Manskin.ch\" \/>\n<meta property=\"article:publisher\" content=\"https:\/\/www.facebook.com\/manskin.ch\" \/>\n<meta property=\"article:modified_time\" content=\"2026-03-09T13:56:37+00:00\" \/>\n<meta name=\"twitter:card\" content=\"summary_large_image\" \/>\n<meta name=\"twitter:label1\" content=\"Prix\" \/>\n\t<meta name=\"twitter:data1\" content=\"12.50&#067;&#072;&#070;\" \/>\n\t<meta name=\"twitter:label2\" content=\"Disponibilit\u00e9\" \/>\n\t<meta name=\"twitter:data2\" content=\"En stock\" \/>\n<script type=\"application\/ld+json\" class=\"yoast-schema-graph\">{\"@context\":\"https:\\\/\\\/schema.org\",\"@graph\":[{\"@type\":\"WebPage\",\"@id\":\"https:\\\/\\\/manskin.ch\\\/fr\\\/produkt\\\/sapiens-savon-a-barbe-beard-wizard\\\/\",\"url\":\"https:\\\/\\\/manskin.ch\\\/fr\\\/produkt\\\/sapiens-savon-a-barbe-beard-wizard\\\/\",\"name\":\"Sapiens - Savon \u00e0 barbe Beard Wizard | Manskin.ch\",\"isPartOf\":{\"@id\":\"https:\\\/\\\/manskin.ch\\\/fr\\\/#website\"},\"primaryImageOfPage\":{\"@id\":\"https:\\\/\\\/manskin.ch\\\/fr\\\/produkt\\\/sapiens-savon-a-barbe-beard-wizard\\\/#primaryimage\"},\"image\":{\"@id\":\"https:\\\/\\\/manskin.ch\\\/fr\\\/produkt\\\/sapiens-savon-a-barbe-beard-wizard\\\/#primaryimage\"},\"thumbnailUrl\":\"https:\\\/\\\/manskin.ch\\\/wp-content\\\/uploads\\\/2026\\\/03\\\/Sapiens-Bartseife-2.jpg\",\"datePublished\":\"2026-03-01T13:16:25+00:00\",\"dateModified\":\"2026-03-09T13:56:37+00:00\",\"description\":\"Le savon \u00e0 barbe Sapiens rendra ta barbe \u00e9clatante de propret\u00e9. L'association d'huile de jojoba et d'huile de ricin garantit un soin qui te ravira!\",\"breadcrumb\":{\"@id\":\"https:\\\/\\\/manskin.ch\\\/fr\\\/produkt\\\/sapiens-savon-a-barbe-beard-wizard\\\/#breadcrumb\"},\"inLanguage\":\"fr-FR\",\"potentialAction\":[{\"@type\":\"ReadAction\",\"target\":[\"https:\\\/\\\/manskin.ch\\\/fr\\\/produkt\\\/sapiens-savon-a-barbe-beard-wizard\\\/\"]}]},{\"@type\":\"ImageObject\",\"inLanguage\":\"fr-FR\",\"@id\":\"https:\\\/\\\/manskin.ch\\\/fr\\\/produkt\\\/sapiens-savon-a-barbe-beard-wizard\\\/#primaryimage\",\"url\":\"https:\\\/\\\/manskin.ch\\\/wp-content\\\/uploads\\\/2026\\\/03\\\/Sapiens-Bartseife-2.jpg\",\"contentUrl\":\"https:\\\/\\\/manskin.ch\\\/wp-content\\\/uploads\\\/2026\\\/03\\\/Sapiens-Bartseife-2.jpg\",\"width\":1000,\"height\":1000},{\"@type\":\"BreadcrumbList\",\"@id\":\"https:\\\/\\\/manskin.ch\\\/fr\\\/produkt\\\/sapiens-savon-a-barbe-beard-wizard\\\/#breadcrumb\",\"itemListElement\":[{\"@type\":\"ListItem\",\"position\":1,\"name\":\"Startseite\",\"item\":\"https:\\\/\\\/manskin.ch\\\/fr\\\/\"},{\"@type\":\"ListItem\",\"position\":2,\"name\":\"Boutique Soins pour Hommes &amp; Skincare\",\"item\":\"https:\\\/\\\/manskin.ch\\\/fr\\\/boutique\\\/\"},{\"@type\":\"ListItem\",\"position\":3,\"name\":\"Sapiens &#8211; Savon \u00e0 barbe Beard Wizard\"}]},{\"@type\":\"WebSite\",\"@id\":\"https:\\\/\\\/manskin.ch\\\/fr\\\/#website\",\"url\":\"https:\\\/\\\/manskin.ch\\\/fr\\\/\",\"name\":\"Manskin.ch\",\"description\":\"Tous les produits de beaut\u00e9 pour les hommes les plus exigeants\",\"publisher\":{\"@id\":\"https:\\\/\\\/manskin.ch\\\/fr\\\/#organization\"},\"potentialAction\":[{\"@type\":\"SearchAction\",\"target\":{\"@type\":\"EntryPoint\",\"urlTemplate\":\"https:\\\/\\\/manskin.ch\\\/fr\\\/?s={search_term_string}\"},\"query-input\":{\"@type\":\"PropertyValueSpecification\",\"valueRequired\":true,\"valueName\":\"search_term_string\"}}],\"inLanguage\":\"fr-FR\"},{\"@type\":\"Organization\",\"@id\":\"https:\\\/\\\/manskin.ch\\\/fr\\\/#organization\",\"name\":\"Manskin.ch - der Schweizer Onlineshop f\u00fcr qualit\u00e4tsstarke M\u00e4nnerpflege\",\"url\":\"https:\\\/\\\/manskin.ch\\\/fr\\\/\",\"logo\":{\"@type\":\"ImageObject\",\"inLanguage\":\"fr-FR\",\"@id\":\"https:\\\/\\\/manskin.ch\\\/fr\\\/#\\\/schema\\\/logo\\\/image\\\/\",\"url\":\"https:\\\/\\\/manskin.ch\\\/wp-content\\\/uploads\\\/2021\\\/04\\\/cropped-logo_head.png\",\"contentUrl\":\"https:\\\/\\\/manskin.ch\\\/wp-content\\\/uploads\\\/2021\\\/04\\\/cropped-logo_head.png\",\"width\":235,\"height\":75,\"caption\":\"Manskin.ch - der Schweizer Onlineshop f\u00fcr qualit\u00e4tsstarke M\u00e4nnerpflege\"},\"image\":{\"@id\":\"https:\\\/\\\/manskin.ch\\\/fr\\\/#\\\/schema\\\/logo\\\/image\\\/\"},\"sameAs\":[\"https:\\\/\\\/www.facebook.com\\\/manskin.ch\",\"https:\\\/\\\/www.instagram.com\\\/manskin.ch\\\/\"]}]}<\/script>\n<meta property=\"product:price:amount\" content=\"12.50\" \/>\n<meta property=\"product:price:currency\" content=\"CHF\" \/>\n<meta property=\"og:availability\" content=\"instock\" \/>\n<meta property=\"product:availability\" content=\"instock\" \/>\n<meta property=\"product:retailer_item_id\" content=\"14427\" \/>\n<meta property=\"product:condition\" content=\"new\" \/>\n<!-- \/ Yoast SEO Premium plugin. -->","yoast_head_json":{"title":"Sapiens - Savon \u00e0 barbe Beard Wizard | Manskin.ch","description":"Le savon \u00e0 barbe Sapiens rendra ta barbe \u00e9clatante de propret\u00e9. L'association d'huile de jojoba et d'huile de ricin garantit un soin qui te ravira!","robots":{"index":"index","follow":"follow","max-snippet":"max-snippet:-1","max-image-preview":"max-image-preview:large","max-video-preview":"max-video-preview:-1"},"canonical":"https:\/\/manskin.ch\/fr\/produkt\/sapiens-savon-a-barbe-beard-wizard\/","og_locale":"fr_FR","og_type":"article","og_title":"Sapiens - Savon \u00e0 barbe Beard Wizard","og_description":"Le savon \u00e0 barbe Sapiens rendra ta barbe \u00e9clatante de propret\u00e9. L'association d'huile de jojoba et d'huile de ricin garantit un soin qui te ravira!","og_url":"https:\/\/manskin.ch\/fr\/produkt\/sapiens-savon-a-barbe-beard-wizard\/","og_site_name":"Manskin.ch","article_publisher":"https:\/\/www.facebook.com\/manskin.ch","article_modified_time":"2026-03-09T13:56:37+00:00","twitter_card":"summary_large_image","twitter_misc":{"Prix":"12.50&#67;&#72;&#70;","Disponibilit\u00e9":"En stock"},"schema":{"@context":"https:\/\/schema.org","@graph":[{"@type":"WebPage","@id":"https:\/\/manskin.ch\/fr\/produkt\/sapiens-savon-a-barbe-beard-wizard\/","url":"https:\/\/manskin.ch\/fr\/produkt\/sapiens-savon-a-barbe-beard-wizard\/","name":"Sapiens - Savon \u00e0 barbe Beard Wizard | Manskin.ch","isPartOf":{"@id":"https:\/\/manskin.ch\/fr\/#website"},"primaryImageOfPage":{"@id":"https:\/\/manskin.ch\/fr\/produkt\/sapiens-savon-a-barbe-beard-wizard\/#primaryimage"},"image":{"@id":"https:\/\/manskin.ch\/fr\/produkt\/sapiens-savon-a-barbe-beard-wizard\/#primaryimage"},"thumbnailUrl":"https:\/\/manskin.ch\/wp-content\/uploads\/2026\/03\/Sapiens-Bartseife-2.jpg","datePublished":"2026-03-01T13:16:25+00:00","dateModified":"2026-03-09T13:56:37+00:00","description":"Le savon \u00e0 barbe Sapiens rendra ta barbe \u00e9clatante de propret\u00e9. L'association d'huile de jojoba et d'huile de ricin garantit un soin qui te ravira!","breadcrumb":{"@id":"https:\/\/manskin.ch\/fr\/produkt\/sapiens-savon-a-barbe-beard-wizard\/#breadcrumb"},"inLanguage":"fr-FR","potentialAction":[{"@type":"ReadAction","target":["https:\/\/manskin.ch\/fr\/produkt\/sapiens-savon-a-barbe-beard-wizard\/"]}]},{"@type":"ImageObject","inLanguage":"fr-FR","@id":"https:\/\/manskin.ch\/fr\/produkt\/sapiens-savon-a-barbe-beard-wizard\/#primaryimage","url":"https:\/\/manskin.ch\/wp-content\/uploads\/2026\/03\/Sapiens-Bartseife-2.jpg","contentUrl":"https:\/\/manskin.ch\/wp-content\/uploads\/2026\/03\/Sapiens-Bartseife-2.jpg","width":1000,"height":1000},{"@type":"BreadcrumbList","@id":"https:\/\/manskin.ch\/fr\/produkt\/sapiens-savon-a-barbe-beard-wizard\/#breadcrumb","itemListElement":[{"@type":"ListItem","position":1,"name":"Startseite","item":"https:\/\/manskin.ch\/fr\/"},{"@type":"ListItem","position":2,"name":"Boutique Soins pour Hommes &amp; Skincare","item":"https:\/\/manskin.ch\/fr\/boutique\/"},{"@type":"ListItem","position":3,"name":"Sapiens &#8211; Savon \u00e0 barbe Beard Wizard"}]},{"@type":"WebSite","@id":"https:\/\/manskin.ch\/fr\/#website","url":"https:\/\/manskin.ch\/fr\/","name":"Manskin.ch","description":"Tous les produits de beaut\u00e9 pour les hommes les plus exigeants","publisher":{"@id":"https:\/\/manskin.ch\/fr\/#organization"},"potentialAction":[{"@type":"SearchAction","target":{"@type":"EntryPoint","urlTemplate":"https:\/\/manskin.ch\/fr\/?s={search_term_string}"},"query-input":{"@type":"PropertyValueSpecification","valueRequired":true,"valueName":"search_term_string"}}],"inLanguage":"fr-FR"},{"@type":"Organization","@id":"https:\/\/manskin.ch\/fr\/#organization","name":"Manskin.ch - der Schweizer Onlineshop f\u00fcr qualit\u00e4tsstarke M\u00e4nnerpflege","url":"https:\/\/manskin.ch\/fr\/","logo":{"@type":"ImageObject","inLanguage":"fr-FR","@id":"https:\/\/manskin.ch\/fr\/#\/schema\/logo\/image\/","url":"https:\/\/manskin.ch\/wp-content\/uploads\/2021\/04\/cropped-logo_head.png","contentUrl":"https:\/\/manskin.ch\/wp-content\/uploads\/2021\/04\/cropped-logo_head.png","width":235,"height":75,"caption":"Manskin.ch - der Schweizer Onlineshop f\u00fcr qualit\u00e4tsstarke M\u00e4nnerpflege"},"image":{"@id":"https:\/\/manskin.ch\/fr\/#\/schema\/logo\/image\/"},"sameAs":["https:\/\/www.facebook.com\/manskin.ch","https:\/\/www.instagram.com\/manskin.ch\/"]}]},"product_price_amount":"12.50","product_price_currency":"CHF","og_availability":"instock","product_availability":"instock","product_retailer_item_id":"14427","product_condition":"new"},"brands":[{"id":2832,"name":"Sapiens.","slug":"sapiens"}],"_links":{"self":[{"href":"https:\/\/manskin.ch\/fr\/wp-json\/wp\/v2\/product\/504838","targetHints":{"allow":["GET"]}}],"collection":[{"href":"https:\/\/manskin.ch\/fr\/wp-json\/wp\/v2\/product"}],"about":[{"href":"https:\/\/manskin.ch\/fr\/wp-json\/wp\/v2\/types\/product"}],"replies":[{"embeddable":true,"href":"https:\/\/manskin.ch\/fr\/wp-json\/wp\/v2\/comments?post=504838"}],"wp:featuredmedia":[{"embeddable":true,"href":"https:\/\/manskin.ch\/fr\/wp-json\/wp\/v2\/media\/504819"}],"wp:attachment":[{"href":"https:\/\/manskin.ch\/fr\/wp-json\/wp\/v2\/media?parent=504838"}],"wp:term":[{"taxonomy":"pwb-brand","embeddable":true,"href":"https:\/\/manskin.ch\/fr\/wp-json\/wp\/v2\/pwb-brand?post=504838"},{"taxonomy":"product_brand","embeddable":true,"href":"https:\/\/manskin.ch\/fr\/wp-json\/wp\/v2\/product_brand?post=504838"},{"taxonomy":"product_cat","embeddable":true,"href":"https:\/\/manskin.ch\/fr\/wp-json\/wp\/v2\/product_cat?post=504838"},{"taxonomy":"product_tag","embeddable":true,"href":"https:\/\/manskin.ch\/fr\/wp-json\/wp\/v2\/product_tag?post=504838"}],"curies":[{"name":"wp","href":"https:\/\/api.w.org\/{rel}","templated":true}]}}