{"id":504764,"date":"2026-02-25T17:32:47","date_gmt":"2026-02-25T16:32:47","guid":{"rendered":"https:\/\/manskin.ch\/produkt\/salt-stone-body-cream-bergamot-hinoki\/"},"modified":"2026-02-25T21:34:02","modified_gmt":"2026-02-25T20:34:02","slug":"salt-stone-body-cream-bergamot-hinoki","status":"publish","type":"product","link":"https:\/\/manskin.ch\/fr\/produkt\/salt-stone-body-cream-bergamot-hinoki\/","title":{"rendered":"Salt &amp; Stone &#8211; Body Cream Bergamot &amp; Hinoki"},"content":{"rendered":"<h2 class=\"p1\">Salt &amp; Stone &#8211; Body Cream Bergamot &amp; Hinoki<\/h2>\n<ul>\n<li>La cr\u00e8me corporelle Salt &amp; Stone Bergamote &amp; Hinoki est une cr\u00e8me intens\u00e9ment nourrissante qui hydrate durablement les peaux s\u00e8ches et ab\u00eem\u00e9es. Sa texture riche mais rapidement absorb\u00e9e renforce la barri\u00e8re cutan\u00e9e et laisse la peau douce et nourrie, sans l&rsquo;alourdir.Ingr\u00e9dients hautement efficaces:\n<p><b style=\"font-family: -apple-system, system-ui, BlinkMacSystemFont, 'Segoe UI', Helvetica, Arial, sans-serif, 'Apple Color Emoji', 'Segoe UI Emoji', 'Segoe UI Symbol';\">Extraits d&rsquo;algues et spiruline<\/b><span style=\"font-family: -apple-system, system-ui, BlinkMacSystemFont, 'Segoe UI', Helvetica, Arial, sans-serif, 'Apple Color Emoji', 'Segoe UI Emoji', 'Segoe UI Symbol';\"> : des plantes marines riches en antioxydants qui apaisent et r\u00e9g\u00e9n\u00e8rent la peau, en particulier lorsqu&rsquo;elle est stress\u00e9e par des facteurs environnementaux.<br \/>\n<\/span><b style=\"font-family: -apple-system, system-ui, BlinkMacSystemFont, 'Segoe UI', Helvetica, Arial, sans-serif, 'Apple Color Emoji', 'Segoe UI Emoji', 'Segoe UI Symbol';\">Saccharide Isomerate <\/b><span style=\"font-family: -apple-system, system-ui, BlinkMacSystemFont, 'Segoe UI', Helvetica, Arial, sans-serif, 'Apple Color Emoji', 'Segoe UI Emoji', 'Segoe UI Symbol';\">: un hydratant v\u00e9g\u00e9tal qui procure une hydratation longue dur\u00e9e et rend la peau visiblement plus douce tout au long de la journ\u00e9e.<br \/>\n<\/span><b style=\"font-family: -apple-system, system-ui, BlinkMacSystemFont, 'Segoe UI', Helvetica, Arial, sans-serif, 'Apple Color Emoji', 'Segoe UI Emoji', 'Segoe UI Symbol';\">Squalane :<\/b><span style=\"font-family: -apple-system, system-ui, BlinkMacSystemFont, 'Segoe UI', Helvetica, Arial, sans-serif, 'Apple Color Emoji', 'Segoe UI Emoji', 'Segoe UI Symbol';\"> un \u00e9mollient identique \u00e0 celui de la peau, aux propri\u00e9t\u00e9s antioxydantes, qui aide \u00e0 pr\u00e9server l&rsquo;hydratation de la peau et \u00e0 la garder souple.<br \/>\n<\/span><b style=\"font-family: -apple-system, system-ui, BlinkMacSystemFont, 'Segoe UI', Helvetica, Arial, sans-serif, 'Apple Color Emoji', 'Segoe UI Emoji', 'Segoe UI Symbol';\">Huile d&rsquo;argan <\/b><span style=\"font-family: -apple-system, system-ui, BlinkMacSystemFont, 'Segoe UI', Helvetica, Arial, sans-serif, 'Apple Color Emoji', 'Segoe UI Emoji', 'Segoe UI Symbol';\">: riche en acides gras essentiels, vitamines et antioxydants. Nourrit intens\u00e9ment, favorise l&rsquo;\u00e9lasticit\u00e9 de la peau et prot\u00e8ge du dess\u00e8chement.<\/span><\/p>\n<p><b>Profil olfactif <\/b>: bergamote et hinoki.<br \/>\nLa fra\u00eecheur de la bergamote rencontre la chaleur du bois de hinoki (cypr\u00e8s japonais). La composition est claire, \u00e9l\u00e9gante et discr\u00e8tement bois\u00e9e : un parfum moderne et unisexe au caract\u00e8re apaisant.<\/p>\n<p>Les avantages en un coup d&rsquo;\u0153il :<\/li>\n<li class=\"p3\">Hydratation intense et durable<\/li>\n<li class=\"p3\">Renforce la barri\u00e8re cutan\u00e9e naturelle<\/li>\n<li class=\"p3\">Protection antioxydante contre les agressions ext\u00e9rieures<\/li>\n<li class=\"p3\">P\u00e9n\u00e8tre rapidement sans coller<\/li>\n<li class=\"p3\">Convient \u00e0 tous les types de peau<\/li>\n<\/ul>\n<p>Notes parfum\u00e9es :<\/p>\n<ul>\n<li class=\"p3\">Note de t\u00eate &#8211; Bergamote italienne, pamplemousse<\/li>\n<li class=\"p3\">Note de c\u0153ur &#8211; Hinoki, v\u00e9tiver<\/li>\n<li class=\"p3\">Note de fond &#8211; Eucalyptus, ambre, fleur d&rsquo;oranger<\/li>\n<\/ul>\n<p>Contenu 200 ml.<\/p>\n","protected":false},"excerpt":{"rendered":"<p>Hydratation intense \u00e0 la bergamote et au hinoki<\/p>\n","protected":false},"featured_media":504758,"comment_status":"closed","ping_status":"closed","template":"","meta":{"_acf_changed":false},"pwb-brand":[2780],"product_brand":[],"product_cat":[2356,2392],"product_tag":[],"class_list":{"0":"post-504764","1":"product","2":"type-product","3":"status-publish","4":"has-post-thumbnail","6":"pwb-brand-salt-stone","7":"product_cat-lotion-corps","8":"product_cat-salt-stone-fr","9":"product_shipping_class-standard-fr","10":"sales-flash-overlay","11":"woocommerce-text-align-center","12":"woocommerce-image-align-center","13":"do-quantity-buttons","15":"first","16":"instock","17":"taxable","18":"shipping-taxable","19":"purchasable","20":"product-type-simple"},"acf":[],"yoast_head":"<!-- This site is optimized with the Yoast SEO Premium plugin v27.3 (Yoast SEO v27.3) - https:\/\/yoast.com\/product\/yoast-seo-premium-wordpress\/ -->\n<title>Cr\u00e8me pour le corps Salt &amp; Stone Bergamote &amp; Hinoki | Manskin.ch<\/title>\n<meta name=\"description\" content=\"D\u00e9couvre la cr\u00e8me pour le corps Salt &amp; Stone Bergamot &amp; Hinoki, qui hydrate intens\u00e9ment les peaux s\u00e8ches.\" \/>\n<meta name=\"robots\" content=\"index, follow, max-snippet:-1, max-image-preview:large, max-video-preview:-1\" \/>\n<link rel=\"canonical\" href=\"https:\/\/manskin.ch\/fr\/produkt\/salt-stone-body-cream-bergamot-hinoki\/\" \/>\n<meta property=\"og:locale\" content=\"fr_FR\" \/>\n<meta property=\"og:type\" content=\"article\" \/>\n<meta property=\"og:title\" content=\"Salt &amp; Stone - Body Cream Bergamot &amp; Hinoki\" \/>\n<meta property=\"og:description\" content=\"D\u00e9couvre la cr\u00e8me pour le corps Salt &amp; Stone Bergamot &amp; Hinoki, qui hydrate intens\u00e9ment les peaux s\u00e8ches.\" \/>\n<meta property=\"og:url\" content=\"https:\/\/manskin.ch\/fr\/produkt\/salt-stone-body-cream-bergamot-hinoki\/\" \/>\n<meta property=\"og:site_name\" content=\"Manskin.ch\" \/>\n<meta property=\"article:publisher\" content=\"https:\/\/www.facebook.com\/manskin.ch\" \/>\n<meta property=\"article:modified_time\" content=\"2026-02-25T20:34:02+00:00\" \/>\n<meta name=\"twitter:card\" content=\"summary_large_image\" \/>\n<meta name=\"twitter:label1\" content=\"Prix\" \/>\n\t<meta name=\"twitter:data1\" content=\"49.00&#067;&#072;&#070;\" \/>\n\t<meta name=\"twitter:label2\" content=\"Disponibilit\u00e9\" \/>\n\t<meta name=\"twitter:data2\" content=\"En stock\" \/>\n<script type=\"application\/ld+json\" class=\"yoast-schema-graph\">{\"@context\":\"https:\\\/\\\/schema.org\",\"@graph\":[{\"@type\":\"WebPage\",\"@id\":\"https:\\\/\\\/manskin.ch\\\/fr\\\/produkt\\\/salt-stone-body-cream-bergamot-hinoki\\\/\",\"url\":\"https:\\\/\\\/manskin.ch\\\/fr\\\/produkt\\\/salt-stone-body-cream-bergamot-hinoki\\\/\",\"name\":\"Cr\u00e8me pour le corps Salt & Stone Bergamote & Hinoki | Manskin.ch\",\"isPartOf\":{\"@id\":\"https:\\\/\\\/manskin.ch\\\/fr\\\/#website\"},\"primaryImageOfPage\":{\"@id\":\"https:\\\/\\\/manskin.ch\\\/fr\\\/produkt\\\/salt-stone-body-cream-bergamot-hinoki\\\/#primaryimage\"},\"image\":{\"@id\":\"https:\\\/\\\/manskin.ch\\\/fr\\\/produkt\\\/salt-stone-body-cream-bergamot-hinoki\\\/#primaryimage\"},\"thumbnailUrl\":\"https:\\\/\\\/manskin.ch\\\/wp-content\\\/uploads\\\/2026\\\/02\\\/Salt-Stone-Body-Cream-Bergamot.jpg\",\"datePublished\":\"2026-02-25T16:32:47+00:00\",\"dateModified\":\"2026-02-25T20:34:02+00:00\",\"description\":\"D\u00e9couvre la cr\u00e8me pour le corps Salt & Stone Bergamot & Hinoki, qui hydrate intens\u00e9ment les peaux s\u00e8ches.\",\"breadcrumb\":{\"@id\":\"https:\\\/\\\/manskin.ch\\\/fr\\\/produkt\\\/salt-stone-body-cream-bergamot-hinoki\\\/#breadcrumb\"},\"inLanguage\":\"fr-FR\",\"potentialAction\":[{\"@type\":\"ReadAction\",\"target\":[\"https:\\\/\\\/manskin.ch\\\/fr\\\/produkt\\\/salt-stone-body-cream-bergamot-hinoki\\\/\"]}]},{\"@type\":\"ImageObject\",\"inLanguage\":\"fr-FR\",\"@id\":\"https:\\\/\\\/manskin.ch\\\/fr\\\/produkt\\\/salt-stone-body-cream-bergamot-hinoki\\\/#primaryimage\",\"url\":\"https:\\\/\\\/manskin.ch\\\/wp-content\\\/uploads\\\/2026\\\/02\\\/Salt-Stone-Body-Cream-Bergamot.jpg\",\"contentUrl\":\"https:\\\/\\\/manskin.ch\\\/wp-content\\\/uploads\\\/2026\\\/02\\\/Salt-Stone-Body-Cream-Bergamot.jpg\",\"width\":1000,\"height\":1000},{\"@type\":\"BreadcrumbList\",\"@id\":\"https:\\\/\\\/manskin.ch\\\/fr\\\/produkt\\\/salt-stone-body-cream-bergamot-hinoki\\\/#breadcrumb\",\"itemListElement\":[{\"@type\":\"ListItem\",\"position\":1,\"name\":\"Startseite\",\"item\":\"https:\\\/\\\/manskin.ch\\\/fr\\\/\"},{\"@type\":\"ListItem\",\"position\":2,\"name\":\"Boutique\",\"item\":\"https:\\\/\\\/manskin.ch\\\/fr\\\/boutique\\\/\"},{\"@type\":\"ListItem\",\"position\":3,\"name\":\"Salt &amp; Stone &#8211; Body Cream Bergamot &amp; Hinoki\"}]},{\"@type\":\"WebSite\",\"@id\":\"https:\\\/\\\/manskin.ch\\\/fr\\\/#website\",\"url\":\"https:\\\/\\\/manskin.ch\\\/fr\\\/\",\"name\":\"Manskin.ch\",\"description\":\"Tous les produits de beaut\u00e9 pour les hommes les plus exigeants\",\"publisher\":{\"@id\":\"https:\\\/\\\/manskin.ch\\\/fr\\\/#organization\"},\"potentialAction\":[{\"@type\":\"SearchAction\",\"target\":{\"@type\":\"EntryPoint\",\"urlTemplate\":\"https:\\\/\\\/manskin.ch\\\/fr\\\/?s={search_term_string}\"},\"query-input\":{\"@type\":\"PropertyValueSpecification\",\"valueRequired\":true,\"valueName\":\"search_term_string\"}}],\"inLanguage\":\"fr-FR\"},{\"@type\":\"Organization\",\"@id\":\"https:\\\/\\\/manskin.ch\\\/fr\\\/#organization\",\"name\":\"Manskin.ch - der Schweizer Onlineshop f\u00fcr qualit\u00e4tsstarke M\u00e4nnerpflege\",\"url\":\"https:\\\/\\\/manskin.ch\\\/fr\\\/\",\"logo\":{\"@type\":\"ImageObject\",\"inLanguage\":\"fr-FR\",\"@id\":\"https:\\\/\\\/manskin.ch\\\/fr\\\/#\\\/schema\\\/logo\\\/image\\\/\",\"url\":\"https:\\\/\\\/manskin.ch\\\/wp-content\\\/uploads\\\/2021\\\/04\\\/cropped-logo_head.png\",\"contentUrl\":\"https:\\\/\\\/manskin.ch\\\/wp-content\\\/uploads\\\/2021\\\/04\\\/cropped-logo_head.png\",\"width\":235,\"height\":75,\"caption\":\"Manskin.ch - der Schweizer Onlineshop f\u00fcr qualit\u00e4tsstarke M\u00e4nnerpflege\"},\"image\":{\"@id\":\"https:\\\/\\\/manskin.ch\\\/fr\\\/#\\\/schema\\\/logo\\\/image\\\/\"},\"sameAs\":[\"https:\\\/\\\/www.facebook.com\\\/manskin.ch\",\"https:\\\/\\\/www.instagram.com\\\/manskin.ch\\\/\"]}]}<\/script>\n<meta property=\"product:price:amount\" content=\"49.00\" \/>\n<meta property=\"product:price:currency\" content=\"CHF\" \/>\n<meta property=\"og:availability\" content=\"instock\" \/>\n<meta property=\"product:availability\" content=\"instock\" \/>\n<meta property=\"product:retailer_item_id\" content=\"14424\" \/>\n<meta property=\"product:condition\" content=\"new\" \/>\n<!-- \/ Yoast SEO Premium plugin. -->","yoast_head_json":{"title":"Cr\u00e8me pour le corps Salt & Stone Bergamote & Hinoki | Manskin.ch","description":"D\u00e9couvre la cr\u00e8me pour le corps Salt & Stone Bergamot & Hinoki, qui hydrate intens\u00e9ment les peaux s\u00e8ches.","robots":{"index":"index","follow":"follow","max-snippet":"max-snippet:-1","max-image-preview":"max-image-preview:large","max-video-preview":"max-video-preview:-1"},"canonical":"https:\/\/manskin.ch\/fr\/produkt\/salt-stone-body-cream-bergamot-hinoki\/","og_locale":"fr_FR","og_type":"article","og_title":"Salt &amp; Stone - Body Cream Bergamot &amp; Hinoki","og_description":"D\u00e9couvre la cr\u00e8me pour le corps Salt & Stone Bergamot & Hinoki, qui hydrate intens\u00e9ment les peaux s\u00e8ches.","og_url":"https:\/\/manskin.ch\/fr\/produkt\/salt-stone-body-cream-bergamot-hinoki\/","og_site_name":"Manskin.ch","article_publisher":"https:\/\/www.facebook.com\/manskin.ch","article_modified_time":"2026-02-25T20:34:02+00:00","twitter_card":"summary_large_image","twitter_misc":{"Prix":"49.00&#67;&#72;&#70;","Disponibilit\u00e9":"En stock"},"schema":{"@context":"https:\/\/schema.org","@graph":[{"@type":"WebPage","@id":"https:\/\/manskin.ch\/fr\/produkt\/salt-stone-body-cream-bergamot-hinoki\/","url":"https:\/\/manskin.ch\/fr\/produkt\/salt-stone-body-cream-bergamot-hinoki\/","name":"Cr\u00e8me pour le corps Salt & Stone Bergamote & Hinoki | Manskin.ch","isPartOf":{"@id":"https:\/\/manskin.ch\/fr\/#website"},"primaryImageOfPage":{"@id":"https:\/\/manskin.ch\/fr\/produkt\/salt-stone-body-cream-bergamot-hinoki\/#primaryimage"},"image":{"@id":"https:\/\/manskin.ch\/fr\/produkt\/salt-stone-body-cream-bergamot-hinoki\/#primaryimage"},"thumbnailUrl":"https:\/\/manskin.ch\/wp-content\/uploads\/2026\/02\/Salt-Stone-Body-Cream-Bergamot.jpg","datePublished":"2026-02-25T16:32:47+00:00","dateModified":"2026-02-25T20:34:02+00:00","description":"D\u00e9couvre la cr\u00e8me pour le corps Salt & Stone Bergamot & Hinoki, qui hydrate intens\u00e9ment les peaux s\u00e8ches.","breadcrumb":{"@id":"https:\/\/manskin.ch\/fr\/produkt\/salt-stone-body-cream-bergamot-hinoki\/#breadcrumb"},"inLanguage":"fr-FR","potentialAction":[{"@type":"ReadAction","target":["https:\/\/manskin.ch\/fr\/produkt\/salt-stone-body-cream-bergamot-hinoki\/"]}]},{"@type":"ImageObject","inLanguage":"fr-FR","@id":"https:\/\/manskin.ch\/fr\/produkt\/salt-stone-body-cream-bergamot-hinoki\/#primaryimage","url":"https:\/\/manskin.ch\/wp-content\/uploads\/2026\/02\/Salt-Stone-Body-Cream-Bergamot.jpg","contentUrl":"https:\/\/manskin.ch\/wp-content\/uploads\/2026\/02\/Salt-Stone-Body-Cream-Bergamot.jpg","width":1000,"height":1000},{"@type":"BreadcrumbList","@id":"https:\/\/manskin.ch\/fr\/produkt\/salt-stone-body-cream-bergamot-hinoki\/#breadcrumb","itemListElement":[{"@type":"ListItem","position":1,"name":"Startseite","item":"https:\/\/manskin.ch\/fr\/"},{"@type":"ListItem","position":2,"name":"Boutique","item":"https:\/\/manskin.ch\/fr\/boutique\/"},{"@type":"ListItem","position":3,"name":"Salt &amp; Stone &#8211; Body Cream Bergamot &amp; Hinoki"}]},{"@type":"WebSite","@id":"https:\/\/manskin.ch\/fr\/#website","url":"https:\/\/manskin.ch\/fr\/","name":"Manskin.ch","description":"Tous les produits de beaut\u00e9 pour les hommes les plus exigeants","publisher":{"@id":"https:\/\/manskin.ch\/fr\/#organization"},"potentialAction":[{"@type":"SearchAction","target":{"@type":"EntryPoint","urlTemplate":"https:\/\/manskin.ch\/fr\/?s={search_term_string}"},"query-input":{"@type":"PropertyValueSpecification","valueRequired":true,"valueName":"search_term_string"}}],"inLanguage":"fr-FR"},{"@type":"Organization","@id":"https:\/\/manskin.ch\/fr\/#organization","name":"Manskin.ch - der Schweizer Onlineshop f\u00fcr qualit\u00e4tsstarke M\u00e4nnerpflege","url":"https:\/\/manskin.ch\/fr\/","logo":{"@type":"ImageObject","inLanguage":"fr-FR","@id":"https:\/\/manskin.ch\/fr\/#\/schema\/logo\/image\/","url":"https:\/\/manskin.ch\/wp-content\/uploads\/2021\/04\/cropped-logo_head.png","contentUrl":"https:\/\/manskin.ch\/wp-content\/uploads\/2021\/04\/cropped-logo_head.png","width":235,"height":75,"caption":"Manskin.ch - der Schweizer Onlineshop f\u00fcr qualit\u00e4tsstarke M\u00e4nnerpflege"},"image":{"@id":"https:\/\/manskin.ch\/fr\/#\/schema\/logo\/image\/"},"sameAs":["https:\/\/www.facebook.com\/manskin.ch","https:\/\/www.instagram.com\/manskin.ch\/"]}]},"product_price_amount":"49.00","product_price_currency":"CHF","og_availability":"instock","product_availability":"instock","product_retailer_item_id":"14424","product_condition":"new"},"brands":[{"id":2780,"name":"Salt &amp; Stone","slug":"salt-stone"}],"_links":{"self":[{"href":"https:\/\/manskin.ch\/fr\/wp-json\/wp\/v2\/product\/504764","targetHints":{"allow":["GET"]}}],"collection":[{"href":"https:\/\/manskin.ch\/fr\/wp-json\/wp\/v2\/product"}],"about":[{"href":"https:\/\/manskin.ch\/fr\/wp-json\/wp\/v2\/types\/product"}],"replies":[{"embeddable":true,"href":"https:\/\/manskin.ch\/fr\/wp-json\/wp\/v2\/comments?post=504764"}],"wp:featuredmedia":[{"embeddable":true,"href":"https:\/\/manskin.ch\/fr\/wp-json\/wp\/v2\/media\/504758"}],"wp:attachment":[{"href":"https:\/\/manskin.ch\/fr\/wp-json\/wp\/v2\/media?parent=504764"}],"wp:term":[{"taxonomy":"pwb-brand","embeddable":true,"href":"https:\/\/manskin.ch\/fr\/wp-json\/wp\/v2\/pwb-brand?post=504764"},{"taxonomy":"product_brand","embeddable":true,"href":"https:\/\/manskin.ch\/fr\/wp-json\/wp\/v2\/product_brand?post=504764"},{"taxonomy":"product_cat","embeddable":true,"href":"https:\/\/manskin.ch\/fr\/wp-json\/wp\/v2\/product_cat?post=504764"},{"taxonomy":"product_tag","embeddable":true,"href":"https:\/\/manskin.ch\/fr\/wp-json\/wp\/v2\/product_tag?post=504764"}],"curies":[{"name":"wp","href":"https:\/\/api.w.org\/{rel}","templated":true}]}}