{"id":504753,"date":"2026-02-24T21:45:52","date_gmt":"2026-02-24T20:45:52","guid":{"rendered":"https:\/\/manskin.ch\/produkt\/medicube-zero-pore-one-day-serum\/"},"modified":"2026-02-25T13:37:25","modified_gmt":"2026-02-25T12:37:25","slug":"medicube-zero-pore-one-day-serum","status":"publish","type":"product","link":"https:\/\/manskin.ch\/fr\/produkt\/medicube-zero-pore-one-day-serum\/","title":{"rendered":"Medicube &#8211; Zero Pore One Day Serum"},"content":{"rendered":"<h2 class=\"p1\">Medicube &#8211; Zero Pore One Day Serum<\/h2>\n<p class=\"p2\">Le s\u00e9rum Zero Pore One-day Serum est compos\u00e9 d&rsquo;une combinaison hautement concentr\u00e9e de 15,2 % d&rsquo;acides triples (AHA, BHA, PHA) et de 2 % de niacinamide.<\/p>\n<p class=\"p2\">Ce m\u00e9lange unique exfolie la peau en douceur, \u00e9limine les cellules mortes, d\u00e9sobstrue les pores et renforce la barri\u00e8re cutan\u00e9e. La niacinamide assure un teint uniforme, r\u00e9gule l&rsquo;exc\u00e8s de s\u00e9bum et a un effet anti-inflammatoire &#8211; id\u00e9al pour les peaux mixtes, grasses et impures.<\/p>\n<p class=\"p2\">Que ce soit dans le cadre de votre routine de soins quotidienne ou comme traitement cibl\u00e9, le s\u00e9rum Zero Pore One-day est le choix parfait pour tous ceux qui r\u00eavent d&rsquo;un teint impeccable et sans pores.<\/p>\n<p class=\"p2\">Sa texture l\u00e9g\u00e8re p\u00e9n\u00e8tre rapidement, ne laisse pas de sensation collante et pr\u00e9pare la peau de mani\u00e8re optimale aux soins suivants.<\/p>\n<p class=\"p3\">Avantages :<\/p>\n<ul>\n<li class=\"p2\">Raffermit les pores<\/li>\n<li class=\"p2\">15,2 % d&rsquo;acides exfoliants<\/li>\n<li class=\"p2\">Niacinamide<\/li>\n<li class=\"p2\">Lisse le grain de peau<\/li>\n<li class=\"p2\">Purifie<\/li>\n<li class=\"p2\">Pour les peaux sensibles, grasses et mixtes<\/li>\n<li class=\"p2\">Sans : microplastiques, huiles min\u00e9rales, parab\u00e8nes, sulfates, parfums artificiels, colorants artificiels, alcool nocif.<\/li>\n<\/ul>\n<p class=\"p3\">Contenu 30 ml.<\/p>\n","protected":false},"excerpt":{"rendered":"<p>Raffermit les pores gr\u00e2ce \u00e0 15,2 % d&rsquo;acides exfoliants<\/p>\n","protected":false},"featured_media":504751,"comment_status":"closed","ping_status":"closed","template":"","meta":{"_acf_changed":false},"pwb-brand":[6641],"product_brand":[],"product_cat":[6642,2334],"product_tag":[],"class_list":{"0":"post-504753","1":"product","2":"type-product","3":"status-publish","4":"has-post-thumbnail","6":"pwb-brand-medicube","7":"product_cat-medicube","8":"product_cat-serum-visage","9":"product_shipping_class-standard-fr","10":"sales-flash-overlay","11":"woocommerce-text-align-center","12":"woocommerce-image-align-center","13":"do-quantity-buttons","15":"first","16":"instock","17":"taxable","18":"shipping-taxable","19":"purchasable","20":"product-type-simple"},"acf":[],"yoast_head":"<!-- This site is optimized with the Yoast SEO Premium plugin v27.3 (Yoast SEO v27.3) - https:\/\/yoast.com\/product\/yoast-seo-premium-wordpress\/ -->\n<title>S\u00e9rum Medicube Zero Pore One Day pour un teint uniforme | Manskin.ch<\/title>\n<meta name=\"description\" content=\"D\u00e9couvre la r\u00e9volution des soins de la peau avec le s\u00e9rum Medicube Zero Pore One Day Serum ! Id\u00e9al pour r\u00e9guler le s\u00e9bum et uniformiser le teint.\" \/>\n<meta name=\"robots\" content=\"index, follow, max-snippet:-1, max-image-preview:large, max-video-preview:-1\" \/>\n<link rel=\"canonical\" href=\"https:\/\/manskin.ch\/fr\/produkt\/medicube-zero-pore-one-day-serum\/\" \/>\n<meta property=\"og:locale\" content=\"fr_FR\" \/>\n<meta property=\"og:type\" content=\"article\" \/>\n<meta property=\"og:title\" content=\"Medicube - Zero Pore One Day Serum\" \/>\n<meta property=\"og:description\" content=\"D\u00e9couvre la r\u00e9volution des soins de la peau avec le s\u00e9rum Medicube Zero Pore One Day Serum ! Id\u00e9al pour r\u00e9guler le s\u00e9bum et uniformiser le teint.\" \/>\n<meta property=\"og:url\" content=\"https:\/\/manskin.ch\/fr\/produkt\/medicube-zero-pore-one-day-serum\/\" \/>\n<meta property=\"og:site_name\" content=\"Manskin.ch\" \/>\n<meta property=\"article:publisher\" content=\"https:\/\/www.facebook.com\/manskin.ch\" \/>\n<meta property=\"article:modified_time\" content=\"2026-02-25T12:37:25+00:00\" \/>\n<meta name=\"twitter:card\" content=\"summary_large_image\" \/>\n<meta name=\"twitter:label1\" content=\"Prix\" \/>\n\t<meta name=\"twitter:data1\" content=\"29.90&#067;&#072;&#070;\" \/>\n\t<meta name=\"twitter:label2\" content=\"Disponibilit\u00e9\" \/>\n\t<meta name=\"twitter:data2\" content=\"En stock\" \/>\n<script type=\"application\/ld+json\" class=\"yoast-schema-graph\">{\"@context\":\"https:\\\/\\\/schema.org\",\"@graph\":[{\"@type\":\"WebPage\",\"@id\":\"https:\\\/\\\/manskin.ch\\\/fr\\\/produkt\\\/medicube-zero-pore-one-day-serum\\\/\",\"url\":\"https:\\\/\\\/manskin.ch\\\/fr\\\/produkt\\\/medicube-zero-pore-one-day-serum\\\/\",\"name\":\"S\u00e9rum Medicube Zero Pore One Day pour un teint uniforme | Manskin.ch\",\"isPartOf\":{\"@id\":\"https:\\\/\\\/manskin.ch\\\/fr\\\/#website\"},\"primaryImageOfPage\":{\"@id\":\"https:\\\/\\\/manskin.ch\\\/fr\\\/produkt\\\/medicube-zero-pore-one-day-serum\\\/#primaryimage\"},\"image\":{\"@id\":\"https:\\\/\\\/manskin.ch\\\/fr\\\/produkt\\\/medicube-zero-pore-one-day-serum\\\/#primaryimage\"},\"thumbnailUrl\":\"https:\\\/\\\/manskin.ch\\\/wp-content\\\/uploads\\\/2026\\\/02\\\/Medicube-one-day-serum.webp\",\"datePublished\":\"2026-02-24T20:45:52+00:00\",\"dateModified\":\"2026-02-25T12:37:25+00:00\",\"description\":\"D\u00e9couvre la r\u00e9volution des soins de la peau avec le s\u00e9rum Medicube Zero Pore One Day Serum ! Id\u00e9al pour r\u00e9guler le s\u00e9bum et uniformiser le teint.\",\"breadcrumb\":{\"@id\":\"https:\\\/\\\/manskin.ch\\\/fr\\\/produkt\\\/medicube-zero-pore-one-day-serum\\\/#breadcrumb\"},\"inLanguage\":\"fr-FR\",\"potentialAction\":[{\"@type\":\"ReadAction\",\"target\":[\"https:\\\/\\\/manskin.ch\\\/fr\\\/produkt\\\/medicube-zero-pore-one-day-serum\\\/\"]}]},{\"@type\":\"ImageObject\",\"inLanguage\":\"fr-FR\",\"@id\":\"https:\\\/\\\/manskin.ch\\\/fr\\\/produkt\\\/medicube-zero-pore-one-day-serum\\\/#primaryimage\",\"url\":\"https:\\\/\\\/manskin.ch\\\/wp-content\\\/uploads\\\/2026\\\/02\\\/Medicube-one-day-serum.webp\",\"contentUrl\":\"https:\\\/\\\/manskin.ch\\\/wp-content\\\/uploads\\\/2026\\\/02\\\/Medicube-one-day-serum.webp\",\"width\":1500,\"height\":1500},{\"@type\":\"BreadcrumbList\",\"@id\":\"https:\\\/\\\/manskin.ch\\\/fr\\\/produkt\\\/medicube-zero-pore-one-day-serum\\\/#breadcrumb\",\"itemListElement\":[{\"@type\":\"ListItem\",\"position\":1,\"name\":\"Startseite\",\"item\":\"https:\\\/\\\/manskin.ch\\\/fr\\\/\"},{\"@type\":\"ListItem\",\"position\":2,\"name\":\"Boutique\",\"item\":\"https:\\\/\\\/manskin.ch\\\/fr\\\/boutique\\\/\"},{\"@type\":\"ListItem\",\"position\":3,\"name\":\"Medicube &#8211; Zero Pore One Day Serum\"}]},{\"@type\":\"WebSite\",\"@id\":\"https:\\\/\\\/manskin.ch\\\/fr\\\/#website\",\"url\":\"https:\\\/\\\/manskin.ch\\\/fr\\\/\",\"name\":\"Manskin.ch\",\"description\":\"Tous les produits de beaut\u00e9 pour les hommes les plus exigeants\",\"publisher\":{\"@id\":\"https:\\\/\\\/manskin.ch\\\/fr\\\/#organization\"},\"potentialAction\":[{\"@type\":\"SearchAction\",\"target\":{\"@type\":\"EntryPoint\",\"urlTemplate\":\"https:\\\/\\\/manskin.ch\\\/fr\\\/?s={search_term_string}\"},\"query-input\":{\"@type\":\"PropertyValueSpecification\",\"valueRequired\":true,\"valueName\":\"search_term_string\"}}],\"inLanguage\":\"fr-FR\"},{\"@type\":\"Organization\",\"@id\":\"https:\\\/\\\/manskin.ch\\\/fr\\\/#organization\",\"name\":\"Manskin.ch - der Schweizer Onlineshop f\u00fcr qualit\u00e4tsstarke M\u00e4nnerpflege\",\"url\":\"https:\\\/\\\/manskin.ch\\\/fr\\\/\",\"logo\":{\"@type\":\"ImageObject\",\"inLanguage\":\"fr-FR\",\"@id\":\"https:\\\/\\\/manskin.ch\\\/fr\\\/#\\\/schema\\\/logo\\\/image\\\/\",\"url\":\"https:\\\/\\\/manskin.ch\\\/wp-content\\\/uploads\\\/2021\\\/04\\\/cropped-logo_head.png\",\"contentUrl\":\"https:\\\/\\\/manskin.ch\\\/wp-content\\\/uploads\\\/2021\\\/04\\\/cropped-logo_head.png\",\"width\":235,\"height\":75,\"caption\":\"Manskin.ch - der Schweizer Onlineshop f\u00fcr qualit\u00e4tsstarke M\u00e4nnerpflege\"},\"image\":{\"@id\":\"https:\\\/\\\/manskin.ch\\\/fr\\\/#\\\/schema\\\/logo\\\/image\\\/\"},\"sameAs\":[\"https:\\\/\\\/www.facebook.com\\\/manskin.ch\",\"https:\\\/\\\/www.instagram.com\\\/manskin.ch\\\/\"]}]}<\/script>\n<meta property=\"product:price:amount\" content=\"29.90\" \/>\n<meta property=\"product:price:currency\" content=\"CHF\" \/>\n<meta property=\"og:availability\" content=\"instock\" \/>\n<meta property=\"product:availability\" content=\"instock\" \/>\n<meta property=\"product:retailer_item_id\" content=\"14423\" \/>\n<meta property=\"product:condition\" content=\"new\" \/>\n<!-- \/ Yoast SEO Premium plugin. -->","yoast_head_json":{"title":"S\u00e9rum Medicube Zero Pore One Day pour un teint uniforme | Manskin.ch","description":"D\u00e9couvre la r\u00e9volution des soins de la peau avec le s\u00e9rum Medicube Zero Pore One Day Serum ! Id\u00e9al pour r\u00e9guler le s\u00e9bum et uniformiser le teint.","robots":{"index":"index","follow":"follow","max-snippet":"max-snippet:-1","max-image-preview":"max-image-preview:large","max-video-preview":"max-video-preview:-1"},"canonical":"https:\/\/manskin.ch\/fr\/produkt\/medicube-zero-pore-one-day-serum\/","og_locale":"fr_FR","og_type":"article","og_title":"Medicube - Zero Pore One Day Serum","og_description":"D\u00e9couvre la r\u00e9volution des soins de la peau avec le s\u00e9rum Medicube Zero Pore One Day Serum ! Id\u00e9al pour r\u00e9guler le s\u00e9bum et uniformiser le teint.","og_url":"https:\/\/manskin.ch\/fr\/produkt\/medicube-zero-pore-one-day-serum\/","og_site_name":"Manskin.ch","article_publisher":"https:\/\/www.facebook.com\/manskin.ch","article_modified_time":"2026-02-25T12:37:25+00:00","twitter_card":"summary_large_image","twitter_misc":{"Prix":"29.90&#67;&#72;&#70;","Disponibilit\u00e9":"En stock"},"schema":{"@context":"https:\/\/schema.org","@graph":[{"@type":"WebPage","@id":"https:\/\/manskin.ch\/fr\/produkt\/medicube-zero-pore-one-day-serum\/","url":"https:\/\/manskin.ch\/fr\/produkt\/medicube-zero-pore-one-day-serum\/","name":"S\u00e9rum Medicube Zero Pore One Day pour un teint uniforme | Manskin.ch","isPartOf":{"@id":"https:\/\/manskin.ch\/fr\/#website"},"primaryImageOfPage":{"@id":"https:\/\/manskin.ch\/fr\/produkt\/medicube-zero-pore-one-day-serum\/#primaryimage"},"image":{"@id":"https:\/\/manskin.ch\/fr\/produkt\/medicube-zero-pore-one-day-serum\/#primaryimage"},"thumbnailUrl":"https:\/\/manskin.ch\/wp-content\/uploads\/2026\/02\/Medicube-one-day-serum.webp","datePublished":"2026-02-24T20:45:52+00:00","dateModified":"2026-02-25T12:37:25+00:00","description":"D\u00e9couvre la r\u00e9volution des soins de la peau avec le s\u00e9rum Medicube Zero Pore One Day Serum ! Id\u00e9al pour r\u00e9guler le s\u00e9bum et uniformiser le teint.","breadcrumb":{"@id":"https:\/\/manskin.ch\/fr\/produkt\/medicube-zero-pore-one-day-serum\/#breadcrumb"},"inLanguage":"fr-FR","potentialAction":[{"@type":"ReadAction","target":["https:\/\/manskin.ch\/fr\/produkt\/medicube-zero-pore-one-day-serum\/"]}]},{"@type":"ImageObject","inLanguage":"fr-FR","@id":"https:\/\/manskin.ch\/fr\/produkt\/medicube-zero-pore-one-day-serum\/#primaryimage","url":"https:\/\/manskin.ch\/wp-content\/uploads\/2026\/02\/Medicube-one-day-serum.webp","contentUrl":"https:\/\/manskin.ch\/wp-content\/uploads\/2026\/02\/Medicube-one-day-serum.webp","width":1500,"height":1500},{"@type":"BreadcrumbList","@id":"https:\/\/manskin.ch\/fr\/produkt\/medicube-zero-pore-one-day-serum\/#breadcrumb","itemListElement":[{"@type":"ListItem","position":1,"name":"Startseite","item":"https:\/\/manskin.ch\/fr\/"},{"@type":"ListItem","position":2,"name":"Boutique","item":"https:\/\/manskin.ch\/fr\/boutique\/"},{"@type":"ListItem","position":3,"name":"Medicube &#8211; Zero Pore One Day Serum"}]},{"@type":"WebSite","@id":"https:\/\/manskin.ch\/fr\/#website","url":"https:\/\/manskin.ch\/fr\/","name":"Manskin.ch","description":"Tous les produits de beaut\u00e9 pour les hommes les plus exigeants","publisher":{"@id":"https:\/\/manskin.ch\/fr\/#organization"},"potentialAction":[{"@type":"SearchAction","target":{"@type":"EntryPoint","urlTemplate":"https:\/\/manskin.ch\/fr\/?s={search_term_string}"},"query-input":{"@type":"PropertyValueSpecification","valueRequired":true,"valueName":"search_term_string"}}],"inLanguage":"fr-FR"},{"@type":"Organization","@id":"https:\/\/manskin.ch\/fr\/#organization","name":"Manskin.ch - der Schweizer Onlineshop f\u00fcr qualit\u00e4tsstarke M\u00e4nnerpflege","url":"https:\/\/manskin.ch\/fr\/","logo":{"@type":"ImageObject","inLanguage":"fr-FR","@id":"https:\/\/manskin.ch\/fr\/#\/schema\/logo\/image\/","url":"https:\/\/manskin.ch\/wp-content\/uploads\/2021\/04\/cropped-logo_head.png","contentUrl":"https:\/\/manskin.ch\/wp-content\/uploads\/2021\/04\/cropped-logo_head.png","width":235,"height":75,"caption":"Manskin.ch - der Schweizer Onlineshop f\u00fcr qualit\u00e4tsstarke M\u00e4nnerpflege"},"image":{"@id":"https:\/\/manskin.ch\/fr\/#\/schema\/logo\/image\/"},"sameAs":["https:\/\/www.facebook.com\/manskin.ch","https:\/\/www.instagram.com\/manskin.ch\/"]}]},"product_price_amount":"29.90","product_price_currency":"CHF","og_availability":"instock","product_availability":"instock","product_retailer_item_id":"14423","product_condition":"new"},"brands":[{"id":6641,"name":"Medicube","slug":"medicube"}],"_links":{"self":[{"href":"https:\/\/manskin.ch\/fr\/wp-json\/wp\/v2\/product\/504753","targetHints":{"allow":["GET"]}}],"collection":[{"href":"https:\/\/manskin.ch\/fr\/wp-json\/wp\/v2\/product"}],"about":[{"href":"https:\/\/manskin.ch\/fr\/wp-json\/wp\/v2\/types\/product"}],"replies":[{"embeddable":true,"href":"https:\/\/manskin.ch\/fr\/wp-json\/wp\/v2\/comments?post=504753"}],"wp:featuredmedia":[{"embeddable":true,"href":"https:\/\/manskin.ch\/fr\/wp-json\/wp\/v2\/media\/504751"}],"wp:attachment":[{"href":"https:\/\/manskin.ch\/fr\/wp-json\/wp\/v2\/media?parent=504753"}],"wp:term":[{"taxonomy":"pwb-brand","embeddable":true,"href":"https:\/\/manskin.ch\/fr\/wp-json\/wp\/v2\/pwb-brand?post=504753"},{"taxonomy":"product_brand","embeddable":true,"href":"https:\/\/manskin.ch\/fr\/wp-json\/wp\/v2\/product_brand?post=504753"},{"taxonomy":"product_cat","embeddable":true,"href":"https:\/\/manskin.ch\/fr\/wp-json\/wp\/v2\/product_cat?post=504753"},{"taxonomy":"product_tag","embeddable":true,"href":"https:\/\/manskin.ch\/fr\/wp-json\/wp\/v2\/product_tag?post=504753"}],"curies":[{"name":"wp","href":"https:\/\/api.w.org\/{rel}","templated":true}]}}