{"id":504742,"date":"2026-02-24T21:23:12","date_gmt":"2026-02-24T20:23:12","guid":{"rendered":"https:\/\/manskin.ch\/produkt\/medicube-zero-pore-pad\/"},"modified":"2026-02-25T13:40:01","modified_gmt":"2026-02-25T12:40:01","slug":"medicube-zero-pore-pad","status":"publish","type":"product","link":"https:\/\/manskin.ch\/fr\/produkt\/medicube-zero-pore-pad\/","title":{"rendered":"Medicube &#8211; Zero Pore Pad"},"content":{"rendered":"<h2 class=\"p1\">Medicube &#8211; Zero Pore Pad 2.0<\/h2>\n<p class=\"p1\">Le Medicube Zero Pore Pad 2.0 est un produit de soin sophistiqu\u00e9 qui affine visiblement le grain de peau et l&rsquo;uniformise. Les tampons impr\u00e9gn\u00e9s pratiques nettoient la peau en profondeur, \u00e9liminent l&rsquo;exc\u00e8s de s\u00e9bum et les cellules mortes, pour une peau plus lisse et plus claire. Chaque bo\u00eete contient 70 disques et convient parfaitement \u00e0 une utilisation quotidienne.<\/p>\n<p class=\"p2\">Principales fonctions et avantages :<\/p>\n<ul>\n<li class=\"p3\">Raffinement des pores : minimise l&rsquo;apparence des pores dilat\u00e9s et favorise un teint plus uniforme.<\/li>\n<li class=\"p3\">Exfoliation douce et efficace : la combinaison d&rsquo;acide lactique (AHA) et d&rsquo;acide salicylique (BHA) \u00e9limine les cellules mortes, favorise le renouvellement cellulaire et nettoie les pores en profondeur.<\/li>\n<li class=\"p3\">R\u00e9gulation du s\u00e9bum : l&rsquo;ingr\u00e9dient actif brevet\u00e9 Anti-Sebum P aide \u00e0 contr\u00f4ler la production de s\u00e9bum et r\u00e9duit la brillance ind\u00e9sirable de la peau.<\/li>\n<li class=\"p3\">Soin apaisant : la centella asiatica et le panth\u00e9nol ont un effet apaisant et hydratant sur la peau et favorisent la r\u00e9g\u00e9n\u00e9ration naturelle ainsi que la barri\u00e8re cutan\u00e9e.<\/li>\n<\/ul>\n<p class=\"p2\">Autres avantages :<\/p>\n<ul>\n<li class=\"p3\">Utilisation simple et hygi\u00e9nique gr\u00e2ce aux disques pr\u00e9-imbib\u00e9s<\/li>\n<li class=\"p3\">Id\u00e9al pour la routine de soins quotidienne ou en d\u00e9placement<\/li>\n<li class=\"p3\">Particuli\u00e8rement adapt\u00e9 aux peaux grasses, mixtes et sujettes aux imperfections<\/li>\n<li class=\"p3\">Test\u00e9 dermatologiquement<\/li>\n<li class=\"p3\">Sans parab\u00e8nes, sulfates ni parfums artificiels<\/li>\n<li class=\"p2\">Pour un teint clair, lisse et visiblement affin\u00e9, jour apr\u00e8s jour.<\/li>\n<\/ul>\n<p class=\"p2\">Contenu: 70 disques, 155 ml<\/p>\n","protected":false},"excerpt":{"rendered":"<p>Disques exfoliants affinant les pores pour une peau uniforme<\/p>\n","protected":false},"featured_media":504740,"comment_status":"closed","ping_status":"closed","template":"","meta":{"_acf_changed":false},"pwb-brand":[6641],"product_brand":[],"product_cat":[2485,6642,2333,2346,2347,2348],"product_tag":[],"class_list":{"0":"post-504742","1":"product","2":"type-product","3":"status-publish","4":"has-post-thumbnail","6":"pwb-brand-medicube","7":"product_cat-lotion-tonique","8":"product_cat-medicube","9":"product_cat-nettoyants-visage","10":"product_cat-peau-grasse","11":"product_cat-peau-mixte","12":"product_cat-points-noir","13":"product_shipping_class-standard-fr","14":"sales-flash-overlay","15":"woocommerce-text-align-center","16":"woocommerce-image-align-center","17":"do-quantity-buttons","19":"first","20":"instock","21":"taxable","22":"shipping-taxable","23":"purchasable","24":"product-type-simple"},"acf":[],"yoast_head":"<!-- This site is optimized with the Yoast SEO Premium plugin v27.3 (Yoast SEO v27.3) - https:\/\/yoast.com\/product\/yoast-seo-premium-wordpress\/ -->\n<title>Medicube Zero Pore Pads : affinement visible des pores | Manskin.ch<\/title>\n<meta name=\"description\" content=\"D\u00e9couvre une peau visiblement affin\u00e9e gr\u00e2ce aux disques Medicube Zero Pore Pads! Ces disques nettoient en profondeur et garantissent une peau claire.\" \/>\n<meta name=\"robots\" content=\"index, follow, max-snippet:-1, max-image-preview:large, max-video-preview:-1\" \/>\n<link rel=\"canonical\" href=\"https:\/\/manskin.ch\/fr\/produkt\/medicube-zero-pore-pad\/\" \/>\n<meta property=\"og:locale\" content=\"fr_FR\" \/>\n<meta property=\"og:type\" content=\"article\" \/>\n<meta property=\"og:title\" content=\"Medicube - Zero Pore Pad\" \/>\n<meta property=\"og:description\" content=\"D\u00e9couvre une peau visiblement affin\u00e9e gr\u00e2ce aux disques Medicube Zero Pore Pads! Ces disques nettoient en profondeur et garantissent une peau claire.\" \/>\n<meta property=\"og:url\" content=\"https:\/\/manskin.ch\/fr\/produkt\/medicube-zero-pore-pad\/\" \/>\n<meta property=\"og:site_name\" content=\"Manskin.ch\" \/>\n<meta property=\"article:publisher\" content=\"https:\/\/www.facebook.com\/manskin.ch\" \/>\n<meta property=\"article:modified_time\" content=\"2026-02-25T12:40:01+00:00\" \/>\n<meta name=\"twitter:card\" content=\"summary_large_image\" \/>\n<meta name=\"twitter:label1\" content=\"Prix\" \/>\n\t<meta name=\"twitter:data1\" content=\"25.00&#067;&#072;&#070;\" \/>\n\t<meta name=\"twitter:label2\" content=\"Disponibilit\u00e9\" \/>\n\t<meta name=\"twitter:data2\" content=\"En stock\" \/>\n<script type=\"application\/ld+json\" class=\"yoast-schema-graph\">{\"@context\":\"https:\\\/\\\/schema.org\",\"@graph\":[{\"@type\":\"WebPage\",\"@id\":\"https:\\\/\\\/manskin.ch\\\/fr\\\/produkt\\\/medicube-zero-pore-pad\\\/\",\"url\":\"https:\\\/\\\/manskin.ch\\\/fr\\\/produkt\\\/medicube-zero-pore-pad\\\/\",\"name\":\"Medicube Zero Pore Pads : affinement visible des pores | Manskin.ch\",\"isPartOf\":{\"@id\":\"https:\\\/\\\/manskin.ch\\\/fr\\\/#website\"},\"primaryImageOfPage\":{\"@id\":\"https:\\\/\\\/manskin.ch\\\/fr\\\/produkt\\\/medicube-zero-pore-pad\\\/#primaryimage\"},\"image\":{\"@id\":\"https:\\\/\\\/manskin.ch\\\/fr\\\/produkt\\\/medicube-zero-pore-pad\\\/#primaryimage\"},\"thumbnailUrl\":\"https:\\\/\\\/manskin.ch\\\/wp-content\\\/uploads\\\/2026\\\/02\\\/medicube-zero-pore-pad.jpg\",\"datePublished\":\"2026-02-24T20:23:12+00:00\",\"dateModified\":\"2026-02-25T12:40:01+00:00\",\"description\":\"D\u00e9couvre une peau visiblement affin\u00e9e gr\u00e2ce aux disques Medicube Zero Pore Pads! Ces disques nettoient en profondeur et garantissent une peau claire.\",\"breadcrumb\":{\"@id\":\"https:\\\/\\\/manskin.ch\\\/fr\\\/produkt\\\/medicube-zero-pore-pad\\\/#breadcrumb\"},\"inLanguage\":\"fr-FR\",\"potentialAction\":[{\"@type\":\"ReadAction\",\"target\":[\"https:\\\/\\\/manskin.ch\\\/fr\\\/produkt\\\/medicube-zero-pore-pad\\\/\"]}]},{\"@type\":\"ImageObject\",\"inLanguage\":\"fr-FR\",\"@id\":\"https:\\\/\\\/manskin.ch\\\/fr\\\/produkt\\\/medicube-zero-pore-pad\\\/#primaryimage\",\"url\":\"https:\\\/\\\/manskin.ch\\\/wp-content\\\/uploads\\\/2026\\\/02\\\/medicube-zero-pore-pad.jpg\",\"contentUrl\":\"https:\\\/\\\/manskin.ch\\\/wp-content\\\/uploads\\\/2026\\\/02\\\/medicube-zero-pore-pad.jpg\",\"width\":1000,\"height\":1000},{\"@type\":\"BreadcrumbList\",\"@id\":\"https:\\\/\\\/manskin.ch\\\/fr\\\/produkt\\\/medicube-zero-pore-pad\\\/#breadcrumb\",\"itemListElement\":[{\"@type\":\"ListItem\",\"position\":1,\"name\":\"Startseite\",\"item\":\"https:\\\/\\\/manskin.ch\\\/fr\\\/\"},{\"@type\":\"ListItem\",\"position\":2,\"name\":\"Boutique\",\"item\":\"https:\\\/\\\/manskin.ch\\\/fr\\\/boutique\\\/\"},{\"@type\":\"ListItem\",\"position\":3,\"name\":\"Medicube &#8211; Zero Pore Pad\"}]},{\"@type\":\"WebSite\",\"@id\":\"https:\\\/\\\/manskin.ch\\\/fr\\\/#website\",\"url\":\"https:\\\/\\\/manskin.ch\\\/fr\\\/\",\"name\":\"Manskin.ch\",\"description\":\"Tous les produits de beaut\u00e9 pour les hommes les plus exigeants\",\"publisher\":{\"@id\":\"https:\\\/\\\/manskin.ch\\\/fr\\\/#organization\"},\"potentialAction\":[{\"@type\":\"SearchAction\",\"target\":{\"@type\":\"EntryPoint\",\"urlTemplate\":\"https:\\\/\\\/manskin.ch\\\/fr\\\/?s={search_term_string}\"},\"query-input\":{\"@type\":\"PropertyValueSpecification\",\"valueRequired\":true,\"valueName\":\"search_term_string\"}}],\"inLanguage\":\"fr-FR\"},{\"@type\":\"Organization\",\"@id\":\"https:\\\/\\\/manskin.ch\\\/fr\\\/#organization\",\"name\":\"Manskin.ch - der Schweizer Onlineshop f\u00fcr qualit\u00e4tsstarke M\u00e4nnerpflege\",\"url\":\"https:\\\/\\\/manskin.ch\\\/fr\\\/\",\"logo\":{\"@type\":\"ImageObject\",\"inLanguage\":\"fr-FR\",\"@id\":\"https:\\\/\\\/manskin.ch\\\/fr\\\/#\\\/schema\\\/logo\\\/image\\\/\",\"url\":\"https:\\\/\\\/manskin.ch\\\/wp-content\\\/uploads\\\/2021\\\/04\\\/cropped-logo_head.png\",\"contentUrl\":\"https:\\\/\\\/manskin.ch\\\/wp-content\\\/uploads\\\/2021\\\/04\\\/cropped-logo_head.png\",\"width\":235,\"height\":75,\"caption\":\"Manskin.ch - der Schweizer Onlineshop f\u00fcr qualit\u00e4tsstarke M\u00e4nnerpflege\"},\"image\":{\"@id\":\"https:\\\/\\\/manskin.ch\\\/fr\\\/#\\\/schema\\\/logo\\\/image\\\/\"},\"sameAs\":[\"https:\\\/\\\/www.facebook.com\\\/manskin.ch\",\"https:\\\/\\\/www.instagram.com\\\/manskin.ch\\\/\"]}]}<\/script>\n<meta property=\"product:price:amount\" content=\"25.00\" \/>\n<meta property=\"product:price:currency\" content=\"CHF\" \/>\n<meta property=\"og:availability\" content=\"instock\" \/>\n<meta property=\"product:availability\" content=\"instock\" \/>\n<meta property=\"product:retailer_item_id\" content=\"14421\" \/>\n<meta property=\"product:condition\" content=\"new\" \/>\n<!-- \/ Yoast SEO Premium plugin. -->","yoast_head_json":{"title":"Medicube Zero Pore Pads : affinement visible des pores | Manskin.ch","description":"D\u00e9couvre une peau visiblement affin\u00e9e gr\u00e2ce aux disques Medicube Zero Pore Pads! Ces disques nettoient en profondeur et garantissent une peau claire.","robots":{"index":"index","follow":"follow","max-snippet":"max-snippet:-1","max-image-preview":"max-image-preview:large","max-video-preview":"max-video-preview:-1"},"canonical":"https:\/\/manskin.ch\/fr\/produkt\/medicube-zero-pore-pad\/","og_locale":"fr_FR","og_type":"article","og_title":"Medicube - Zero Pore Pad","og_description":"D\u00e9couvre une peau visiblement affin\u00e9e gr\u00e2ce aux disques Medicube Zero Pore Pads! Ces disques nettoient en profondeur et garantissent une peau claire.","og_url":"https:\/\/manskin.ch\/fr\/produkt\/medicube-zero-pore-pad\/","og_site_name":"Manskin.ch","article_publisher":"https:\/\/www.facebook.com\/manskin.ch","article_modified_time":"2026-02-25T12:40:01+00:00","twitter_card":"summary_large_image","twitter_misc":{"Prix":"25.00&#67;&#72;&#70;","Disponibilit\u00e9":"En stock"},"schema":{"@context":"https:\/\/schema.org","@graph":[{"@type":"WebPage","@id":"https:\/\/manskin.ch\/fr\/produkt\/medicube-zero-pore-pad\/","url":"https:\/\/manskin.ch\/fr\/produkt\/medicube-zero-pore-pad\/","name":"Medicube Zero Pore Pads : affinement visible des pores | Manskin.ch","isPartOf":{"@id":"https:\/\/manskin.ch\/fr\/#website"},"primaryImageOfPage":{"@id":"https:\/\/manskin.ch\/fr\/produkt\/medicube-zero-pore-pad\/#primaryimage"},"image":{"@id":"https:\/\/manskin.ch\/fr\/produkt\/medicube-zero-pore-pad\/#primaryimage"},"thumbnailUrl":"https:\/\/manskin.ch\/wp-content\/uploads\/2026\/02\/medicube-zero-pore-pad.jpg","datePublished":"2026-02-24T20:23:12+00:00","dateModified":"2026-02-25T12:40:01+00:00","description":"D\u00e9couvre une peau visiblement affin\u00e9e gr\u00e2ce aux disques Medicube Zero Pore Pads! Ces disques nettoient en profondeur et garantissent une peau claire.","breadcrumb":{"@id":"https:\/\/manskin.ch\/fr\/produkt\/medicube-zero-pore-pad\/#breadcrumb"},"inLanguage":"fr-FR","potentialAction":[{"@type":"ReadAction","target":["https:\/\/manskin.ch\/fr\/produkt\/medicube-zero-pore-pad\/"]}]},{"@type":"ImageObject","inLanguage":"fr-FR","@id":"https:\/\/manskin.ch\/fr\/produkt\/medicube-zero-pore-pad\/#primaryimage","url":"https:\/\/manskin.ch\/wp-content\/uploads\/2026\/02\/medicube-zero-pore-pad.jpg","contentUrl":"https:\/\/manskin.ch\/wp-content\/uploads\/2026\/02\/medicube-zero-pore-pad.jpg","width":1000,"height":1000},{"@type":"BreadcrumbList","@id":"https:\/\/manskin.ch\/fr\/produkt\/medicube-zero-pore-pad\/#breadcrumb","itemListElement":[{"@type":"ListItem","position":1,"name":"Startseite","item":"https:\/\/manskin.ch\/fr\/"},{"@type":"ListItem","position":2,"name":"Boutique","item":"https:\/\/manskin.ch\/fr\/boutique\/"},{"@type":"ListItem","position":3,"name":"Medicube &#8211; Zero Pore Pad"}]},{"@type":"WebSite","@id":"https:\/\/manskin.ch\/fr\/#website","url":"https:\/\/manskin.ch\/fr\/","name":"Manskin.ch","description":"Tous les produits de beaut\u00e9 pour les hommes les plus exigeants","publisher":{"@id":"https:\/\/manskin.ch\/fr\/#organization"},"potentialAction":[{"@type":"SearchAction","target":{"@type":"EntryPoint","urlTemplate":"https:\/\/manskin.ch\/fr\/?s={search_term_string}"},"query-input":{"@type":"PropertyValueSpecification","valueRequired":true,"valueName":"search_term_string"}}],"inLanguage":"fr-FR"},{"@type":"Organization","@id":"https:\/\/manskin.ch\/fr\/#organization","name":"Manskin.ch - der Schweizer Onlineshop f\u00fcr qualit\u00e4tsstarke M\u00e4nnerpflege","url":"https:\/\/manskin.ch\/fr\/","logo":{"@type":"ImageObject","inLanguage":"fr-FR","@id":"https:\/\/manskin.ch\/fr\/#\/schema\/logo\/image\/","url":"https:\/\/manskin.ch\/wp-content\/uploads\/2021\/04\/cropped-logo_head.png","contentUrl":"https:\/\/manskin.ch\/wp-content\/uploads\/2021\/04\/cropped-logo_head.png","width":235,"height":75,"caption":"Manskin.ch - der Schweizer Onlineshop f\u00fcr qualit\u00e4tsstarke M\u00e4nnerpflege"},"image":{"@id":"https:\/\/manskin.ch\/fr\/#\/schema\/logo\/image\/"},"sameAs":["https:\/\/www.facebook.com\/manskin.ch","https:\/\/www.instagram.com\/manskin.ch\/"]}]},"product_price_amount":"25.00","product_price_currency":"CHF","og_availability":"instock","product_availability":"instock","product_retailer_item_id":"14421","product_condition":"new"},"brands":[{"id":6641,"name":"Medicube","slug":"medicube"}],"_links":{"self":[{"href":"https:\/\/manskin.ch\/fr\/wp-json\/wp\/v2\/product\/504742","targetHints":{"allow":["GET"]}}],"collection":[{"href":"https:\/\/manskin.ch\/fr\/wp-json\/wp\/v2\/product"}],"about":[{"href":"https:\/\/manskin.ch\/fr\/wp-json\/wp\/v2\/types\/product"}],"replies":[{"embeddable":true,"href":"https:\/\/manskin.ch\/fr\/wp-json\/wp\/v2\/comments?post=504742"}],"wp:featuredmedia":[{"embeddable":true,"href":"https:\/\/manskin.ch\/fr\/wp-json\/wp\/v2\/media\/504740"}],"wp:attachment":[{"href":"https:\/\/manskin.ch\/fr\/wp-json\/wp\/v2\/media?parent=504742"}],"wp:term":[{"taxonomy":"pwb-brand","embeddable":true,"href":"https:\/\/manskin.ch\/fr\/wp-json\/wp\/v2\/pwb-brand?post=504742"},{"taxonomy":"product_brand","embeddable":true,"href":"https:\/\/manskin.ch\/fr\/wp-json\/wp\/v2\/product_brand?post=504742"},{"taxonomy":"product_cat","embeddable":true,"href":"https:\/\/manskin.ch\/fr\/wp-json\/wp\/v2\/product_cat?post=504742"},{"taxonomy":"product_tag","embeddable":true,"href":"https:\/\/manskin.ch\/fr\/wp-json\/wp\/v2\/product_tag?post=504742"}],"curies":[{"name":"wp","href":"https:\/\/api.w.org\/{rel}","templated":true}]}}