{"id":504673,"date":"2026-02-17T08:26:21","date_gmt":"2026-02-17T07:26:21","guid":{"rendered":"https:\/\/manskin.ch\/produkt\/sapiens-huile-a-barbe-bio-original\/"},"modified":"2026-02-18T21:41:17","modified_gmt":"2026-02-18T20:41:17","slug":"sapiens-huile-a-barbe-bio-original","status":"publish","type":"product","link":"https:\/\/manskin.ch\/fr\/produkt\/sapiens-huile-a-barbe-bio-original\/","title":{"rendered":"Sapiens &#8211; Huile \u00e0 barbe bio Original"},"content":{"rendered":"<h2 class=\"p1\">Sapiens. &#8211; Huile \u00e0 barbe bio<\/h2>\n<ul>\n<li class=\"p2\">L&rsquo;huile \u00e0 barbe au ricin bio, au jojoba bio, \u00e0 l&rsquo;argan bio et \u00e0 l&rsquo;amande douce bio hydrate et nourrit le poil en profondeur, tout en favorisant la croissance et la douceur de la barbe.<\/li>\n<li class=\"p2\">L&rsquo;huile \u00e0 barbe Sapiens est enrichie d&rsquo;huile de ricin bio et de vitamine E pour stimuler et favoriser la croissance des poils.<\/li>\n<li class=\"p2\">Elle est 100% naturelle et a une texture l\u00e9g\u00e8re qui ne laisse pas de sensation grasse.<\/li>\n<\/ul>\n<p>Contenu 50 ml.<\/p>\n","protected":false},"excerpt":{"rendered":"<p>Sapiens. &#8211; Huile \u00e0 barbe bio L&rsquo;huile \u00e0 barbe au ricin bio, au jojoba bio, \u00e0 l&rsquo;argan bio et \u00e0 l&rsquo;amande douce bio hydrate et nourrit le poil en profondeur, tout en favorisant la croissance et la douceur de la barbe. L&rsquo;huile \u00e0 barbe Sapiens est enrichie d&rsquo;huile de ricin bio et de vitamine E &#8230; <a title=\"Sapiens &#8211; Huile \u00e0 barbe bio Original\" class=\"read-more\" href=\"https:\/\/manskin.ch\/fr\/produkt\/sapiens-huile-a-barbe-bio-original\/\" aria-label=\"En savoir plus sur Sapiens &#8211; Huile \u00e0 barbe bio Original\">Lire la suite<\/a><\/p>\n","protected":false},"featured_media":504676,"comment_status":"closed","ping_status":"closed","template":"","meta":{"_acf_changed":false},"pwb-brand":[2832],"product_brand":[],"product_cat":[2256,2273,2831],"product_tag":[],"class_list":{"0":"post-504673","1":"product","2":"type-product","3":"status-publish","4":"has-post-thumbnail","6":"pwb-brand-sapiens","7":"product_cat-barbe-fr","8":"product_cat-huile-pour-barbe-fr","9":"product_cat-sapiens-fr","10":"product_shipping_class-standard-fr","11":"sales-flash-overlay","12":"woocommerce-text-align-center","13":"woocommerce-image-align-center","14":"do-quantity-buttons","16":"first","17":"instock","18":"taxable","19":"shipping-taxable","20":"purchasable","21":"product-type-simple"},"acf":[],"yoast_head":"<!-- This site is optimized with the Yoast SEO Premium plugin v27.3 (Yoast SEO v27.3) - https:\/\/yoast.com\/product\/yoast-seo-premium-wordpress\/ -->\n<title>Sapiens - Huile \u00e0 barbe bio Original | Manskin.ch<\/title>\n<meta name=\"description\" content=\"Huile \u00e0 barbe 100 % naturelle \u00e0 base de ricin bio, de jojoba bio, d&#039;argan bio et d&#039;amande douce bio pour une barbe saine. Chez Manskin.ch!\" \/>\n<meta name=\"robots\" content=\"index, follow, max-snippet:-1, max-image-preview:large, max-video-preview:-1\" \/>\n<link rel=\"canonical\" href=\"https:\/\/manskin.ch\/fr\/produkt\/sapiens-huile-a-barbe-bio-original\/\" \/>\n<meta property=\"og:locale\" content=\"fr_FR\" \/>\n<meta property=\"og:type\" content=\"article\" \/>\n<meta property=\"og:title\" content=\"Sapiens - Huile \u00e0 barbe bio Original\" \/>\n<meta property=\"og:description\" content=\"Huile \u00e0 barbe 100 % naturelle \u00e0 base de ricin bio, de jojoba bio, d&#039;argan bio et d&#039;amande douce bio pour une barbe saine. Chez Manskin.ch!\" \/>\n<meta property=\"og:url\" content=\"https:\/\/manskin.ch\/fr\/produkt\/sapiens-huile-a-barbe-bio-original\/\" \/>\n<meta property=\"og:site_name\" content=\"Manskin.ch\" \/>\n<meta property=\"article:publisher\" content=\"https:\/\/www.facebook.com\/manskin.ch\" \/>\n<meta property=\"article:modified_time\" content=\"2026-02-18T20:41:17+00:00\" \/>\n<meta name=\"twitter:card\" content=\"summary_large_image\" \/>\n<meta name=\"twitter:label1\" content=\"Prix\" \/>\n\t<meta name=\"twitter:data1\" content=\"22.00&#067;&#072;&#070;\" \/>\n\t<meta name=\"twitter:label2\" content=\"Disponibilit\u00e9\" \/>\n\t<meta name=\"twitter:data2\" content=\"En stock\" \/>\n<script type=\"application\/ld+json\" class=\"yoast-schema-graph\">{\"@context\":\"https:\\\/\\\/schema.org\",\"@graph\":[{\"@type\":\"WebPage\",\"@id\":\"https:\\\/\\\/manskin.ch\\\/fr\\\/produkt\\\/sapiens-huile-a-barbe-bio-original\\\/\",\"url\":\"https:\\\/\\\/manskin.ch\\\/fr\\\/produkt\\\/sapiens-huile-a-barbe-bio-original\\\/\",\"name\":\"Sapiens - Huile \u00e0 barbe bio Original | Manskin.ch\",\"isPartOf\":{\"@id\":\"https:\\\/\\\/manskin.ch\\\/fr\\\/#website\"},\"primaryImageOfPage\":{\"@id\":\"https:\\\/\\\/manskin.ch\\\/fr\\\/produkt\\\/sapiens-huile-a-barbe-bio-original\\\/#primaryimage\"},\"image\":{\"@id\":\"https:\\\/\\\/manskin.ch\\\/fr\\\/produkt\\\/sapiens-huile-a-barbe-bio-original\\\/#primaryimage\"},\"thumbnailUrl\":\"https:\\\/\\\/manskin.ch\\\/wp-content\\\/uploads\\\/2026\\\/02\\\/Sapiens-Beard-Oil-Original.jpg\",\"datePublished\":\"2026-02-17T07:26:21+00:00\",\"dateModified\":\"2026-02-18T20:41:17+00:00\",\"description\":\"Huile \u00e0 barbe 100 % naturelle \u00e0 base de ricin bio, de jojoba bio, d'argan bio et d'amande douce bio pour une barbe saine. Chez Manskin.ch!\",\"breadcrumb\":{\"@id\":\"https:\\\/\\\/manskin.ch\\\/fr\\\/produkt\\\/sapiens-huile-a-barbe-bio-original\\\/#breadcrumb\"},\"inLanguage\":\"fr-FR\",\"potentialAction\":[{\"@type\":\"ReadAction\",\"target\":[\"https:\\\/\\\/manskin.ch\\\/fr\\\/produkt\\\/sapiens-huile-a-barbe-bio-original\\\/\"]}]},{\"@type\":\"ImageObject\",\"inLanguage\":\"fr-FR\",\"@id\":\"https:\\\/\\\/manskin.ch\\\/fr\\\/produkt\\\/sapiens-huile-a-barbe-bio-original\\\/#primaryimage\",\"url\":\"https:\\\/\\\/manskin.ch\\\/wp-content\\\/uploads\\\/2026\\\/02\\\/Sapiens-Beard-Oil-Original.jpg\",\"contentUrl\":\"https:\\\/\\\/manskin.ch\\\/wp-content\\\/uploads\\\/2026\\\/02\\\/Sapiens-Beard-Oil-Original.jpg\",\"width\":1000,\"height\":1000},{\"@type\":\"BreadcrumbList\",\"@id\":\"https:\\\/\\\/manskin.ch\\\/fr\\\/produkt\\\/sapiens-huile-a-barbe-bio-original\\\/#breadcrumb\",\"itemListElement\":[{\"@type\":\"ListItem\",\"position\":1,\"name\":\"Startseite\",\"item\":\"https:\\\/\\\/manskin.ch\\\/fr\\\/\"},{\"@type\":\"ListItem\",\"position\":2,\"name\":\"Boutique\",\"item\":\"https:\\\/\\\/manskin.ch\\\/fr\\\/boutique\\\/\"},{\"@type\":\"ListItem\",\"position\":3,\"name\":\"Sapiens &#8211; Huile \u00e0 barbe bio Original\"}]},{\"@type\":\"WebSite\",\"@id\":\"https:\\\/\\\/manskin.ch\\\/fr\\\/#website\",\"url\":\"https:\\\/\\\/manskin.ch\\\/fr\\\/\",\"name\":\"Manskin.ch\",\"description\":\"Tous les produits de beaut\u00e9 pour les hommes les plus exigeants\",\"publisher\":{\"@id\":\"https:\\\/\\\/manskin.ch\\\/fr\\\/#organization\"},\"potentialAction\":[{\"@type\":\"SearchAction\",\"target\":{\"@type\":\"EntryPoint\",\"urlTemplate\":\"https:\\\/\\\/manskin.ch\\\/fr\\\/?s={search_term_string}\"},\"query-input\":{\"@type\":\"PropertyValueSpecification\",\"valueRequired\":true,\"valueName\":\"search_term_string\"}}],\"inLanguage\":\"fr-FR\"},{\"@type\":\"Organization\",\"@id\":\"https:\\\/\\\/manskin.ch\\\/fr\\\/#organization\",\"name\":\"Manskin.ch - der Schweizer Onlineshop f\u00fcr qualit\u00e4tsstarke M\u00e4nnerpflege\",\"url\":\"https:\\\/\\\/manskin.ch\\\/fr\\\/\",\"logo\":{\"@type\":\"ImageObject\",\"inLanguage\":\"fr-FR\",\"@id\":\"https:\\\/\\\/manskin.ch\\\/fr\\\/#\\\/schema\\\/logo\\\/image\\\/\",\"url\":\"https:\\\/\\\/manskin.ch\\\/wp-content\\\/uploads\\\/2021\\\/04\\\/cropped-logo_head.png\",\"contentUrl\":\"https:\\\/\\\/manskin.ch\\\/wp-content\\\/uploads\\\/2021\\\/04\\\/cropped-logo_head.png\",\"width\":235,\"height\":75,\"caption\":\"Manskin.ch - der Schweizer Onlineshop f\u00fcr qualit\u00e4tsstarke M\u00e4nnerpflege\"},\"image\":{\"@id\":\"https:\\\/\\\/manskin.ch\\\/fr\\\/#\\\/schema\\\/logo\\\/image\\\/\"},\"sameAs\":[\"https:\\\/\\\/www.facebook.com\\\/manskin.ch\",\"https:\\\/\\\/www.instagram.com\\\/manskin.ch\\\/\"]}]}<\/script>\n<meta property=\"product:price:amount\" content=\"22.00\" \/>\n<meta property=\"product:price:currency\" content=\"CHF\" \/>\n<meta property=\"og:availability\" content=\"instock\" \/>\n<meta property=\"product:availability\" content=\"instock\" \/>\n<meta property=\"product:retailer_item_id\" content=\"14420\" \/>\n<meta property=\"product:condition\" content=\"new\" \/>\n<!-- \/ Yoast SEO Premium plugin. -->","yoast_head_json":{"title":"Sapiens - Huile \u00e0 barbe bio Original | Manskin.ch","description":"Huile \u00e0 barbe 100 % naturelle \u00e0 base de ricin bio, de jojoba bio, d'argan bio et d'amande douce bio pour une barbe saine. Chez Manskin.ch!","robots":{"index":"index","follow":"follow","max-snippet":"max-snippet:-1","max-image-preview":"max-image-preview:large","max-video-preview":"max-video-preview:-1"},"canonical":"https:\/\/manskin.ch\/fr\/produkt\/sapiens-huile-a-barbe-bio-original\/","og_locale":"fr_FR","og_type":"article","og_title":"Sapiens - Huile \u00e0 barbe bio Original","og_description":"Huile \u00e0 barbe 100 % naturelle \u00e0 base de ricin bio, de jojoba bio, d'argan bio et d'amande douce bio pour une barbe saine. Chez Manskin.ch!","og_url":"https:\/\/manskin.ch\/fr\/produkt\/sapiens-huile-a-barbe-bio-original\/","og_site_name":"Manskin.ch","article_publisher":"https:\/\/www.facebook.com\/manskin.ch","article_modified_time":"2026-02-18T20:41:17+00:00","twitter_card":"summary_large_image","twitter_misc":{"Prix":"22.00&#67;&#72;&#70;","Disponibilit\u00e9":"En stock"},"schema":{"@context":"https:\/\/schema.org","@graph":[{"@type":"WebPage","@id":"https:\/\/manskin.ch\/fr\/produkt\/sapiens-huile-a-barbe-bio-original\/","url":"https:\/\/manskin.ch\/fr\/produkt\/sapiens-huile-a-barbe-bio-original\/","name":"Sapiens - Huile \u00e0 barbe bio Original | Manskin.ch","isPartOf":{"@id":"https:\/\/manskin.ch\/fr\/#website"},"primaryImageOfPage":{"@id":"https:\/\/manskin.ch\/fr\/produkt\/sapiens-huile-a-barbe-bio-original\/#primaryimage"},"image":{"@id":"https:\/\/manskin.ch\/fr\/produkt\/sapiens-huile-a-barbe-bio-original\/#primaryimage"},"thumbnailUrl":"https:\/\/manskin.ch\/wp-content\/uploads\/2026\/02\/Sapiens-Beard-Oil-Original.jpg","datePublished":"2026-02-17T07:26:21+00:00","dateModified":"2026-02-18T20:41:17+00:00","description":"Huile \u00e0 barbe 100 % naturelle \u00e0 base de ricin bio, de jojoba bio, d'argan bio et d'amande douce bio pour une barbe saine. Chez Manskin.ch!","breadcrumb":{"@id":"https:\/\/manskin.ch\/fr\/produkt\/sapiens-huile-a-barbe-bio-original\/#breadcrumb"},"inLanguage":"fr-FR","potentialAction":[{"@type":"ReadAction","target":["https:\/\/manskin.ch\/fr\/produkt\/sapiens-huile-a-barbe-bio-original\/"]}]},{"@type":"ImageObject","inLanguage":"fr-FR","@id":"https:\/\/manskin.ch\/fr\/produkt\/sapiens-huile-a-barbe-bio-original\/#primaryimage","url":"https:\/\/manskin.ch\/wp-content\/uploads\/2026\/02\/Sapiens-Beard-Oil-Original.jpg","contentUrl":"https:\/\/manskin.ch\/wp-content\/uploads\/2026\/02\/Sapiens-Beard-Oil-Original.jpg","width":1000,"height":1000},{"@type":"BreadcrumbList","@id":"https:\/\/manskin.ch\/fr\/produkt\/sapiens-huile-a-barbe-bio-original\/#breadcrumb","itemListElement":[{"@type":"ListItem","position":1,"name":"Startseite","item":"https:\/\/manskin.ch\/fr\/"},{"@type":"ListItem","position":2,"name":"Boutique","item":"https:\/\/manskin.ch\/fr\/boutique\/"},{"@type":"ListItem","position":3,"name":"Sapiens &#8211; Huile \u00e0 barbe bio Original"}]},{"@type":"WebSite","@id":"https:\/\/manskin.ch\/fr\/#website","url":"https:\/\/manskin.ch\/fr\/","name":"Manskin.ch","description":"Tous les produits de beaut\u00e9 pour les hommes les plus exigeants","publisher":{"@id":"https:\/\/manskin.ch\/fr\/#organization"},"potentialAction":[{"@type":"SearchAction","target":{"@type":"EntryPoint","urlTemplate":"https:\/\/manskin.ch\/fr\/?s={search_term_string}"},"query-input":{"@type":"PropertyValueSpecification","valueRequired":true,"valueName":"search_term_string"}}],"inLanguage":"fr-FR"},{"@type":"Organization","@id":"https:\/\/manskin.ch\/fr\/#organization","name":"Manskin.ch - der Schweizer Onlineshop f\u00fcr qualit\u00e4tsstarke M\u00e4nnerpflege","url":"https:\/\/manskin.ch\/fr\/","logo":{"@type":"ImageObject","inLanguage":"fr-FR","@id":"https:\/\/manskin.ch\/fr\/#\/schema\/logo\/image\/","url":"https:\/\/manskin.ch\/wp-content\/uploads\/2021\/04\/cropped-logo_head.png","contentUrl":"https:\/\/manskin.ch\/wp-content\/uploads\/2021\/04\/cropped-logo_head.png","width":235,"height":75,"caption":"Manskin.ch - der Schweizer Onlineshop f\u00fcr qualit\u00e4tsstarke M\u00e4nnerpflege"},"image":{"@id":"https:\/\/manskin.ch\/fr\/#\/schema\/logo\/image\/"},"sameAs":["https:\/\/www.facebook.com\/manskin.ch","https:\/\/www.instagram.com\/manskin.ch\/"]}]},"product_price_amount":"22.00","product_price_currency":"CHF","og_availability":"instock","product_availability":"instock","product_retailer_item_id":"14420","product_condition":"new"},"brands":[{"id":2832,"name":"Sapiens.","slug":"sapiens"}],"_links":{"self":[{"href":"https:\/\/manskin.ch\/fr\/wp-json\/wp\/v2\/product\/504673","targetHints":{"allow":["GET"]}}],"collection":[{"href":"https:\/\/manskin.ch\/fr\/wp-json\/wp\/v2\/product"}],"about":[{"href":"https:\/\/manskin.ch\/fr\/wp-json\/wp\/v2\/types\/product"}],"replies":[{"embeddable":true,"href":"https:\/\/manskin.ch\/fr\/wp-json\/wp\/v2\/comments?post=504673"}],"wp:featuredmedia":[{"embeddable":true,"href":"https:\/\/manskin.ch\/fr\/wp-json\/wp\/v2\/media\/504676"}],"wp:attachment":[{"href":"https:\/\/manskin.ch\/fr\/wp-json\/wp\/v2\/media?parent=504673"}],"wp:term":[{"taxonomy":"pwb-brand","embeddable":true,"href":"https:\/\/manskin.ch\/fr\/wp-json\/wp\/v2\/pwb-brand?post=504673"},{"taxonomy":"product_brand","embeddable":true,"href":"https:\/\/manskin.ch\/fr\/wp-json\/wp\/v2\/product_brand?post=504673"},{"taxonomy":"product_cat","embeddable":true,"href":"https:\/\/manskin.ch\/fr\/wp-json\/wp\/v2\/product_cat?post=504673"},{"taxonomy":"product_tag","embeddable":true,"href":"https:\/\/manskin.ch\/fr\/wp-json\/wp\/v2\/product_tag?post=504673"}],"curies":[{"name":"wp","href":"https:\/\/api.w.org\/{rel}","templated":true}]}}