{"id":504672,"date":"2026-02-11T15:18:01","date_gmt":"2026-02-11T14:18:01","guid":{"rendered":"https:\/\/manskin.ch\/produkt\/shakeup-lip-hero-vitamin-c-lip-balm\/"},"modified":"2026-02-18T21:40:18","modified_gmt":"2026-02-18T20:40:18","slug":"shakeup-lip-hero-vitamin-c-lip-balm","status":"publish","type":"product","link":"https:\/\/manskin.ch\/fr\/produkt\/shakeup-lip-hero-vitamin-c-lip-balm\/","title":{"rendered":"Shakeup &#8211; Lip Hero Vitamin C Lip Balm"},"content":{"rendered":"<h2 class=\"p1\">Shakeup &#8211; Lip Hero Vitamin C Lip Balm<\/h2>\n<ul>\n<li class=\"p2\">Le baume \u00e0 l\u00e8vres Lip Hero est votre soin quotidien haute performance pour les l\u00e8vres s\u00e8ches et ab\u00eem\u00e9es.<\/li>\n<li class=\"p2\">Sp\u00e9cialement con\u00e7ue pour les hommes, sa formule hydrate intens\u00e9ment, prot\u00e8ge contre les agressions ext\u00e9rieures et offre un fini naturel, sans sensation collante.<\/li>\n<li class=\"p2\">Hydrate les l\u00e8vres durablement sans les rendre grasses.<\/li>\n<li class=\"p2\">Con\u00e7u pour r\u00e9g\u00e9n\u00e9rer et prot\u00e9ger les l\u00e8vres avec un SPF30.<\/li>\n<li class=\"p2\">Saveur rafra\u00eechissante de menthe poivr\u00e9e et de yuzu.<\/li>\n<li class=\"p2\">Formules 100 % v\u00e9g\u00e9taliennes et non test\u00e9es sur les animaux. Fabriqu\u00e9 au Royaume-Uni.<\/li>\n<\/ul>\n<p class=\"p2\">La formule de soin puissante combine des ingr\u00e9dients actifs modernes et des huiles nourrissantes:<\/p>\n<ul>\n<li class=\"p3\">Acide hyaluronique:<br \/>\nretient efficacement l&rsquo;hydratation dans la peau, am\u00e9liore la texture de la peau et revitalise la surface des l\u00e8vres, pour des l\u00e8vres visiblement plus saines et plus pulpeuses.<\/li>\n<li class=\"p3\">Vitamine C:<br \/>\nun antioxydant puissant qui prot\u00e8ge contre les influences n\u00e9fastes de l&rsquo;environnement et contribue \u00e0 un teint frais et uniforme.<\/li>\n<li class=\"p3\">Huile d&rsquo;avocat:<br \/>\nriche en vitamines et en acides gras. Renforce la barri\u00e8re cutan\u00e9e naturelle (film hydrolipidique) et rend les l\u00e8vres s\u00e8ches \u00e0 nouveau douces et souples.<\/li>\n<li class=\"p3\">Beurre de cacao:<br \/>\ncontient des acides gras pr\u00e9cieux tels que l&rsquo;acide ol\u00e9ique, l&rsquo;acide palmitique et l&rsquo;acide st\u00e9arique. Forme une barri\u00e8re protectrice, retient l&rsquo;humidit\u00e9 et nourrit intens\u00e9ment les l\u00e8vres gerc\u00e9es.<\/li>\n<\/ul>\n<p class=\"p2\">Id\u00e9al pour les jours froids, l&rsquo;air sec du chauffage ou simplement comme compagnon quotidien facile \u00e0 utiliser.<\/p>\n<p class=\"p2\">Contenu 10 ml.<\/p>\n","protected":false},"excerpt":{"rendered":"<p>Shakeup &#8211; Lip Hero Vitamin C Lip Balm Le baume \u00e0 l\u00e8vres Lip Hero est votre soin quotidien haute performance pour les l\u00e8vres s\u00e8ches et ab\u00eem\u00e9es. Sp\u00e9cialement con\u00e7ue pour les hommes, sa formule hydrate intens\u00e9ment, prot\u00e8ge contre les agressions ext\u00e9rieures et offre un fini naturel, sans sensation collante. Hydrate les l\u00e8vres durablement sans les rendre &#8230; <a title=\"Shakeup &#8211; Lip Hero Vitamin C Lip Balm\" class=\"read-more\" href=\"https:\/\/manskin.ch\/fr\/produkt\/shakeup-lip-hero-vitamin-c-lip-balm\/\" aria-label=\"En savoir plus sur Shakeup &#8211; Lip Hero Vitamin C Lip Balm\">Lire la suite<\/a><\/p>\n","protected":false},"featured_media":504656,"comment_status":"closed","ping_status":"closed","template":"","meta":{"_acf_changed":false},"pwb-brand":[2848],"product_brand":[],"product_cat":[2335,2869,1943,2850,2911],"product_tag":[],"class_list":{"0":"post-504672","1":"product","2":"type-product","3":"status-publish","4":"has-post-thumbnail","6":"pwb-brand-shakeup","7":"product_cat-levres","8":"product_cat-make-up-pour-hommes","9":"product_cat-protection-solaire","10":"product_cat-shakeup-fr","11":"product_cat-travel-sport","12":"product_shipping_class-standard-fr","13":"sales-flash-overlay","14":"woocommerce-text-align-center","15":"woocommerce-image-align-center","16":"do-quantity-buttons","18":"first","19":"instock","20":"taxable","21":"shipping-taxable","22":"purchasable","23":"product-type-simple"},"acf":[],"yoast_head":"<!-- This site is optimized with the Yoast SEO Premium plugin v27.3 (Yoast SEO v27.3) - https:\/\/yoast.com\/product\/yoast-seo-premium-wordpress\/ -->\n<title>Baume \u00e0 l\u00e8vres Shakeup : hydratation intense pour hommes | Manskin.ch<\/title>\n<meta name=\"description\" content=\"Prends soin de tes l\u00e8vres avec le baume \u00e0 l\u00e8vres Shakeup! Prot\u00e8ge-toi gr\u00e2ce \u00e0 son indice SPF30 et \u00e0 ses ingr\u00e9dients s\u00e9lectionn\u00e9s. Essaie-le d\u00e8s maintenant!\" \/>\n<meta name=\"robots\" content=\"index, follow, max-snippet:-1, max-image-preview:large, max-video-preview:-1\" \/>\n<link rel=\"canonical\" href=\"https:\/\/manskin.ch\/fr\/produkt\/shakeup-lip-hero-vitamin-c-lip-balm\/\" \/>\n<meta property=\"og:locale\" content=\"fr_FR\" \/>\n<meta property=\"og:type\" content=\"article\" \/>\n<meta property=\"og:title\" content=\"Shakeup - Lip Hero Vitamin C Lip Balm\" \/>\n<meta property=\"og:description\" content=\"Prends soin de tes l\u00e8vres avec le baume \u00e0 l\u00e8vres Shakeup! Prot\u00e8ge-toi gr\u00e2ce \u00e0 son indice SPF30 et \u00e0 ses ingr\u00e9dients s\u00e9lectionn\u00e9s. Essaie-le d\u00e8s maintenant!\" \/>\n<meta property=\"og:url\" content=\"https:\/\/manskin.ch\/fr\/produkt\/shakeup-lip-hero-vitamin-c-lip-balm\/\" \/>\n<meta property=\"og:site_name\" content=\"Manskin.ch\" \/>\n<meta property=\"article:publisher\" content=\"https:\/\/www.facebook.com\/manskin.ch\" \/>\n<meta property=\"article:modified_time\" content=\"2026-02-18T20:40:18+00:00\" \/>\n<meta name=\"twitter:card\" content=\"summary_large_image\" \/>\n<meta name=\"twitter:label1\" content=\"Prix\" \/>\n\t<meta name=\"twitter:data1\" content=\"15.00&#067;&#072;&#070;\" \/>\n\t<meta name=\"twitter:label2\" content=\"Disponibilit\u00e9\" \/>\n\t<meta name=\"twitter:data2\" content=\"En stock\" \/>\n<script type=\"application\/ld+json\" class=\"yoast-schema-graph\">{\"@context\":\"https:\\\/\\\/schema.org\",\"@graph\":[{\"@type\":\"WebPage\",\"@id\":\"https:\\\/\\\/manskin.ch\\\/fr\\\/produkt\\\/shakeup-lip-hero-vitamin-c-lip-balm\\\/\",\"url\":\"https:\\\/\\\/manskin.ch\\\/fr\\\/produkt\\\/shakeup-lip-hero-vitamin-c-lip-balm\\\/\",\"name\":\"Baume \u00e0 l\u00e8vres Shakeup : hydratation intense pour hommes | Manskin.ch\",\"isPartOf\":{\"@id\":\"https:\\\/\\\/manskin.ch\\\/fr\\\/#website\"},\"primaryImageOfPage\":{\"@id\":\"https:\\\/\\\/manskin.ch\\\/fr\\\/produkt\\\/shakeup-lip-hero-vitamin-c-lip-balm\\\/#primaryimage\"},\"image\":{\"@id\":\"https:\\\/\\\/manskin.ch\\\/fr\\\/produkt\\\/shakeup-lip-hero-vitamin-c-lip-balm\\\/#primaryimage\"},\"thumbnailUrl\":\"https:\\\/\\\/manskin.ch\\\/wp-content\\\/uploads\\\/2026\\\/02\\\/Shakeup-Lip-Hero.png\",\"datePublished\":\"2026-02-11T14:18:01+00:00\",\"dateModified\":\"2026-02-18T20:40:18+00:00\",\"description\":\"Prends soin de tes l\u00e8vres avec le baume \u00e0 l\u00e8vres Shakeup! Prot\u00e8ge-toi gr\u00e2ce \u00e0 son indice SPF30 et \u00e0 ses ingr\u00e9dients s\u00e9lectionn\u00e9s. Essaie-le d\u00e8s maintenant!\",\"breadcrumb\":{\"@id\":\"https:\\\/\\\/manskin.ch\\\/fr\\\/produkt\\\/shakeup-lip-hero-vitamin-c-lip-balm\\\/#breadcrumb\"},\"inLanguage\":\"fr-FR\",\"potentialAction\":[{\"@type\":\"ReadAction\",\"target\":[\"https:\\\/\\\/manskin.ch\\\/fr\\\/produkt\\\/shakeup-lip-hero-vitamin-c-lip-balm\\\/\"]}]},{\"@type\":\"ImageObject\",\"inLanguage\":\"fr-FR\",\"@id\":\"https:\\\/\\\/manskin.ch\\\/fr\\\/produkt\\\/shakeup-lip-hero-vitamin-c-lip-balm\\\/#primaryimage\",\"url\":\"https:\\\/\\\/manskin.ch\\\/wp-content\\\/uploads\\\/2026\\\/02\\\/Shakeup-Lip-Hero.png\",\"contentUrl\":\"https:\\\/\\\/manskin.ch\\\/wp-content\\\/uploads\\\/2026\\\/02\\\/Shakeup-Lip-Hero.png\",\"width\":1000,\"height\":1000},{\"@type\":\"BreadcrumbList\",\"@id\":\"https:\\\/\\\/manskin.ch\\\/fr\\\/produkt\\\/shakeup-lip-hero-vitamin-c-lip-balm\\\/#breadcrumb\",\"itemListElement\":[{\"@type\":\"ListItem\",\"position\":1,\"name\":\"Startseite\",\"item\":\"https:\\\/\\\/manskin.ch\\\/fr\\\/\"},{\"@type\":\"ListItem\",\"position\":2,\"name\":\"Boutique\",\"item\":\"https:\\\/\\\/manskin.ch\\\/fr\\\/boutique\\\/\"},{\"@type\":\"ListItem\",\"position\":3,\"name\":\"Shakeup &#8211; Lip Hero Vitamin C Lip Balm\"}]},{\"@type\":\"WebSite\",\"@id\":\"https:\\\/\\\/manskin.ch\\\/fr\\\/#website\",\"url\":\"https:\\\/\\\/manskin.ch\\\/fr\\\/\",\"name\":\"Manskin.ch\",\"description\":\"Tous les produits de beaut\u00e9 pour les hommes les plus exigeants\",\"publisher\":{\"@id\":\"https:\\\/\\\/manskin.ch\\\/fr\\\/#organization\"},\"potentialAction\":[{\"@type\":\"SearchAction\",\"target\":{\"@type\":\"EntryPoint\",\"urlTemplate\":\"https:\\\/\\\/manskin.ch\\\/fr\\\/?s={search_term_string}\"},\"query-input\":{\"@type\":\"PropertyValueSpecification\",\"valueRequired\":true,\"valueName\":\"search_term_string\"}}],\"inLanguage\":\"fr-FR\"},{\"@type\":\"Organization\",\"@id\":\"https:\\\/\\\/manskin.ch\\\/fr\\\/#organization\",\"name\":\"Manskin.ch - der Schweizer Onlineshop f\u00fcr qualit\u00e4tsstarke M\u00e4nnerpflege\",\"url\":\"https:\\\/\\\/manskin.ch\\\/fr\\\/\",\"logo\":{\"@type\":\"ImageObject\",\"inLanguage\":\"fr-FR\",\"@id\":\"https:\\\/\\\/manskin.ch\\\/fr\\\/#\\\/schema\\\/logo\\\/image\\\/\",\"url\":\"https:\\\/\\\/manskin.ch\\\/wp-content\\\/uploads\\\/2021\\\/04\\\/cropped-logo_head.png\",\"contentUrl\":\"https:\\\/\\\/manskin.ch\\\/wp-content\\\/uploads\\\/2021\\\/04\\\/cropped-logo_head.png\",\"width\":235,\"height\":75,\"caption\":\"Manskin.ch - der Schweizer Onlineshop f\u00fcr qualit\u00e4tsstarke M\u00e4nnerpflege\"},\"image\":{\"@id\":\"https:\\\/\\\/manskin.ch\\\/fr\\\/#\\\/schema\\\/logo\\\/image\\\/\"},\"sameAs\":[\"https:\\\/\\\/www.facebook.com\\\/manskin.ch\",\"https:\\\/\\\/www.instagram.com\\\/manskin.ch\\\/\"]}]}<\/script>\n<meta property=\"product:price:amount\" content=\"15.00\" \/>\n<meta property=\"product:price:currency\" content=\"CHF\" \/>\n<meta property=\"og:availability\" content=\"instock\" \/>\n<meta property=\"product:availability\" content=\"instock\" \/>\n<meta property=\"product:retailer_item_id\" content=\"14419\" \/>\n<meta property=\"product:condition\" content=\"new\" \/>\n<!-- \/ Yoast SEO Premium plugin. -->","yoast_head_json":{"title":"Baume \u00e0 l\u00e8vres Shakeup : hydratation intense pour hommes | Manskin.ch","description":"Prends soin de tes l\u00e8vres avec le baume \u00e0 l\u00e8vres Shakeup! Prot\u00e8ge-toi gr\u00e2ce \u00e0 son indice SPF30 et \u00e0 ses ingr\u00e9dients s\u00e9lectionn\u00e9s. Essaie-le d\u00e8s maintenant!","robots":{"index":"index","follow":"follow","max-snippet":"max-snippet:-1","max-image-preview":"max-image-preview:large","max-video-preview":"max-video-preview:-1"},"canonical":"https:\/\/manskin.ch\/fr\/produkt\/shakeup-lip-hero-vitamin-c-lip-balm\/","og_locale":"fr_FR","og_type":"article","og_title":"Shakeup - Lip Hero Vitamin C Lip Balm","og_description":"Prends soin de tes l\u00e8vres avec le baume \u00e0 l\u00e8vres Shakeup! Prot\u00e8ge-toi gr\u00e2ce \u00e0 son indice SPF30 et \u00e0 ses ingr\u00e9dients s\u00e9lectionn\u00e9s. Essaie-le d\u00e8s maintenant!","og_url":"https:\/\/manskin.ch\/fr\/produkt\/shakeup-lip-hero-vitamin-c-lip-balm\/","og_site_name":"Manskin.ch","article_publisher":"https:\/\/www.facebook.com\/manskin.ch","article_modified_time":"2026-02-18T20:40:18+00:00","twitter_card":"summary_large_image","twitter_misc":{"Prix":"15.00&#67;&#72;&#70;","Disponibilit\u00e9":"En stock"},"schema":{"@context":"https:\/\/schema.org","@graph":[{"@type":"WebPage","@id":"https:\/\/manskin.ch\/fr\/produkt\/shakeup-lip-hero-vitamin-c-lip-balm\/","url":"https:\/\/manskin.ch\/fr\/produkt\/shakeup-lip-hero-vitamin-c-lip-balm\/","name":"Baume \u00e0 l\u00e8vres Shakeup : hydratation intense pour hommes | Manskin.ch","isPartOf":{"@id":"https:\/\/manskin.ch\/fr\/#website"},"primaryImageOfPage":{"@id":"https:\/\/manskin.ch\/fr\/produkt\/shakeup-lip-hero-vitamin-c-lip-balm\/#primaryimage"},"image":{"@id":"https:\/\/manskin.ch\/fr\/produkt\/shakeup-lip-hero-vitamin-c-lip-balm\/#primaryimage"},"thumbnailUrl":"https:\/\/manskin.ch\/wp-content\/uploads\/2026\/02\/Shakeup-Lip-Hero.png","datePublished":"2026-02-11T14:18:01+00:00","dateModified":"2026-02-18T20:40:18+00:00","description":"Prends soin de tes l\u00e8vres avec le baume \u00e0 l\u00e8vres Shakeup! Prot\u00e8ge-toi gr\u00e2ce \u00e0 son indice SPF30 et \u00e0 ses ingr\u00e9dients s\u00e9lectionn\u00e9s. Essaie-le d\u00e8s maintenant!","breadcrumb":{"@id":"https:\/\/manskin.ch\/fr\/produkt\/shakeup-lip-hero-vitamin-c-lip-balm\/#breadcrumb"},"inLanguage":"fr-FR","potentialAction":[{"@type":"ReadAction","target":["https:\/\/manskin.ch\/fr\/produkt\/shakeup-lip-hero-vitamin-c-lip-balm\/"]}]},{"@type":"ImageObject","inLanguage":"fr-FR","@id":"https:\/\/manskin.ch\/fr\/produkt\/shakeup-lip-hero-vitamin-c-lip-balm\/#primaryimage","url":"https:\/\/manskin.ch\/wp-content\/uploads\/2026\/02\/Shakeup-Lip-Hero.png","contentUrl":"https:\/\/manskin.ch\/wp-content\/uploads\/2026\/02\/Shakeup-Lip-Hero.png","width":1000,"height":1000},{"@type":"BreadcrumbList","@id":"https:\/\/manskin.ch\/fr\/produkt\/shakeup-lip-hero-vitamin-c-lip-balm\/#breadcrumb","itemListElement":[{"@type":"ListItem","position":1,"name":"Startseite","item":"https:\/\/manskin.ch\/fr\/"},{"@type":"ListItem","position":2,"name":"Boutique","item":"https:\/\/manskin.ch\/fr\/boutique\/"},{"@type":"ListItem","position":3,"name":"Shakeup &#8211; Lip Hero Vitamin C Lip Balm"}]},{"@type":"WebSite","@id":"https:\/\/manskin.ch\/fr\/#website","url":"https:\/\/manskin.ch\/fr\/","name":"Manskin.ch","description":"Tous les produits de beaut\u00e9 pour les hommes les plus exigeants","publisher":{"@id":"https:\/\/manskin.ch\/fr\/#organization"},"potentialAction":[{"@type":"SearchAction","target":{"@type":"EntryPoint","urlTemplate":"https:\/\/manskin.ch\/fr\/?s={search_term_string}"},"query-input":{"@type":"PropertyValueSpecification","valueRequired":true,"valueName":"search_term_string"}}],"inLanguage":"fr-FR"},{"@type":"Organization","@id":"https:\/\/manskin.ch\/fr\/#organization","name":"Manskin.ch - der Schweizer Onlineshop f\u00fcr qualit\u00e4tsstarke M\u00e4nnerpflege","url":"https:\/\/manskin.ch\/fr\/","logo":{"@type":"ImageObject","inLanguage":"fr-FR","@id":"https:\/\/manskin.ch\/fr\/#\/schema\/logo\/image\/","url":"https:\/\/manskin.ch\/wp-content\/uploads\/2021\/04\/cropped-logo_head.png","contentUrl":"https:\/\/manskin.ch\/wp-content\/uploads\/2021\/04\/cropped-logo_head.png","width":235,"height":75,"caption":"Manskin.ch - der Schweizer Onlineshop f\u00fcr qualit\u00e4tsstarke M\u00e4nnerpflege"},"image":{"@id":"https:\/\/manskin.ch\/fr\/#\/schema\/logo\/image\/"},"sameAs":["https:\/\/www.facebook.com\/manskin.ch","https:\/\/www.instagram.com\/manskin.ch\/"]}]},"product_price_amount":"15.00","product_price_currency":"CHF","og_availability":"instock","product_availability":"instock","product_retailer_item_id":"14419","product_condition":"new"},"brands":[{"id":2848,"name":"Shakeup","slug":"shakeup"}],"_links":{"self":[{"href":"https:\/\/manskin.ch\/fr\/wp-json\/wp\/v2\/product\/504672","targetHints":{"allow":["GET"]}}],"collection":[{"href":"https:\/\/manskin.ch\/fr\/wp-json\/wp\/v2\/product"}],"about":[{"href":"https:\/\/manskin.ch\/fr\/wp-json\/wp\/v2\/types\/product"}],"replies":[{"embeddable":true,"href":"https:\/\/manskin.ch\/fr\/wp-json\/wp\/v2\/comments?post=504672"}],"wp:featuredmedia":[{"embeddable":true,"href":"https:\/\/manskin.ch\/fr\/wp-json\/wp\/v2\/media\/504656"}],"wp:attachment":[{"href":"https:\/\/manskin.ch\/fr\/wp-json\/wp\/v2\/media?parent=504672"}],"wp:term":[{"taxonomy":"pwb-brand","embeddable":true,"href":"https:\/\/manskin.ch\/fr\/wp-json\/wp\/v2\/pwb-brand?post=504672"},{"taxonomy":"product_brand","embeddable":true,"href":"https:\/\/manskin.ch\/fr\/wp-json\/wp\/v2\/product_brand?post=504672"},{"taxonomy":"product_cat","embeddable":true,"href":"https:\/\/manskin.ch\/fr\/wp-json\/wp\/v2\/product_cat?post=504672"},{"taxonomy":"product_tag","embeddable":true,"href":"https:\/\/manskin.ch\/fr\/wp-json\/wp\/v2\/product_tag?post=504672"}],"curies":[{"name":"wp","href":"https:\/\/api.w.org\/{rel}","templated":true}]}}