{"id":504654,"date":"2026-02-09T11:57:53","date_gmt":"2026-02-09T10:57:53","guid":{"rendered":"https:\/\/manskin.ch\/produkt\/muehle-blaireau-hexagon-vegan-silvertip-forest\/"},"modified":"2026-02-18T21:38:30","modified_gmt":"2026-02-18T20:38:30","slug":"muehle-blaireau-hexagon-vegan-silvertip-forest","status":"publish","type":"product","link":"https:\/\/manskin.ch\/fr\/produkt\/muehle-blaireau-hexagon-vegan-silvertip-forest\/","title":{"rendered":"M\u00dcHLE &#8211; Blaireau HEXAGON vegan Silvertip Forest"},"content":{"rendered":"<h3 class=\"p1\">M\u00dcHLE &#8211; Blaireau HEXAGON avec fibres Silvertip, couleur Forest<\/h3>\n<ul>\n<li class=\"p2\">Gr\u00e2ce \u00e0 sa forme hexagonale caract\u00e9ristique, le blaireau HEXAGON offre une prise en main s\u00fbre et \u00e9quilibr\u00e9e, quelle que soit la taille de la main ou le style de prise.<\/li>\n<li class=\"p2\">Con\u00e7u par Mark Braun, son design rappelle les outils classiques et allie une esth\u00e9tique \u00e9pur\u00e9e \u00e0 une pr\u00e9cision fonctionnelle.<\/li>\n<li class=\"p2\">Le manche en aluminium anodis\u00e9 de couleur forest est robuste, durable et agr\u00e9ablement \u00e9quilibr\u00e9. Le blaireau dispose d&rsquo;une t\u00eate interchangeable et reste ainsi un compagnon fiable \u00e0 long terme.<\/li>\n<\/ul>\n<p><b>T\u00eate de pinceau Silvertip Fibre\u00ae<\/b><\/p>\n<ul>\n<li class=\"p2\">La Silvertip Fibre\u00ae innovante et enti\u00e8rement vegan est une fibre synth\u00e9tique haut de gamme dont les propri\u00e9t\u00e9s s&rsquo;inspirent des poils de blaireau argent\u00e9s de grande qualit\u00e9. De nombreux utilisateurs la trouvent m\u00eame sup\u00e9rieure.<\/li>\n<li class=\"p4\">Les pointes fines et particuli\u00e8rement douces procurent une sensation agr\u00e9able sur la peau, tandis que les fibres plus r\u00e9sistantes \u00e0 l&rsquo;int\u00e9rieur offrent suffisamment de soutien pour obtenir une mousse dense et onctueuse.<\/li>\n<li class=\"p4\">La fibre s\u00e8che rapidement, est facile d&rsquo;entretien, r\u00e9sistante aux savons et cr\u00e8mes \u00e0 raser et permet une utilisation \u00e9conomique du produit. Gr\u00e2ce \u00e0 son filetage fin, la t\u00eate de brosse est facilement rempla\u00e7able.D\u00e9tails du produit :<\/li>\n<li class=\"p2\">Pinceau \u00e0 raser Silvertip Fibre\u00ae, vegan<\/li>\n<li class=\"p2\">T\u00eate de brosse rempla\u00e7able<\/li>\n<li class=\"p2\">Taille de l&rsquo;anneau M : 21 mm<\/li>\n<li class=\"p2\">Manche en aluminium anodis\u00e9, forest<\/li>\n<li class=\"p2\">Design : Mark Braun<\/li>\n<li class=\"p4\">Dimension: Manche : 55 mm x 32 mm<\/li>\n<li class=\"p4\">Poids : 127 gr.<\/li>\n<\/ul>\n","protected":false},"excerpt":{"rendered":"<p>Blaireau design avec poils Silvertip Fibre\u00ae vegan<\/p>\n","protected":false},"featured_media":504554,"comment_status":"closed","ping_status":"closed","template":"","meta":{"_acf_changed":false},"pwb-brand":[2769],"product_brand":[],"product_cat":[2425,2412],"product_tag":[],"class_list":{"0":"post-504654","1":"product","2":"type-product","3":"status-publish","4":"has-post-thumbnail","6":"pwb-brand-muehle","7":"product_cat-blaireau-new","8":"product_cat-muehle-fr","9":"product_shipping_class-standard-fr","10":"sales-flash-overlay","11":"woocommerce-text-align-center","12":"woocommerce-image-align-center","13":"do-quantity-buttons","15":"first","16":"instock","17":"taxable","18":"shipping-taxable","19":"purchasable","20":"product-type-simple"},"acf":[],"yoast_head":"<!-- This site is optimized with the Yoast SEO Premium plugin v27.3 (Yoast SEO v27.3) - https:\/\/yoast.com\/product\/yoast-seo-premium-wordpress\/ -->\n<title>M\u00dcHLE - Blaireau HEXAGON vegan Silvertip Forest | Manskin.ch<\/title>\n<meta name=\"description\" content=\"M\u00dcHLE - Blaireau HEXAGON vegan Silvertip Forest\" \/>\n<meta name=\"robots\" content=\"index, follow, max-snippet:-1, max-image-preview:large, max-video-preview:-1\" \/>\n<link rel=\"canonical\" href=\"https:\/\/manskin.ch\/fr\/produkt\/muehle-blaireau-hexagon-vegan-silvertip-forest\/\" \/>\n<meta property=\"og:locale\" content=\"fr_FR\" \/>\n<meta property=\"og:type\" content=\"article\" \/>\n<meta property=\"og:title\" content=\"M\u00dcHLE - Blaireau HEXAGON vegan Silvertip Forest\" \/>\n<meta property=\"og:description\" content=\"M\u00dcHLE - Blaireau HEXAGON vegan Silvertip Forest\" \/>\n<meta property=\"og:url\" content=\"https:\/\/manskin.ch\/fr\/produkt\/muehle-blaireau-hexagon-vegan-silvertip-forest\/\" \/>\n<meta property=\"og:site_name\" content=\"Manskin.ch\" \/>\n<meta property=\"article:publisher\" content=\"https:\/\/www.facebook.com\/manskin.ch\" \/>\n<meta property=\"article:modified_time\" content=\"2026-02-18T20:38:30+00:00\" \/>\n<meta name=\"twitter:card\" content=\"summary_large_image\" \/>\n<meta name=\"twitter:label1\" content=\"Prix\" \/>\n\t<meta name=\"twitter:data1\" content=\"69.00&#067;&#072;&#070;\" \/>\n\t<meta name=\"twitter:label2\" content=\"Disponibilit\u00e9\" \/>\n\t<meta name=\"twitter:data2\" content=\"En stock\" \/>\n<script type=\"application\/ld+json\" class=\"yoast-schema-graph\">{\"@context\":\"https:\\\/\\\/schema.org\",\"@graph\":[{\"@type\":\"WebPage\",\"@id\":\"https:\\\/\\\/manskin.ch\\\/fr\\\/produkt\\\/muehle-blaireau-hexagon-vegan-silvertip-forest\\\/\",\"url\":\"https:\\\/\\\/manskin.ch\\\/fr\\\/produkt\\\/muehle-blaireau-hexagon-vegan-silvertip-forest\\\/\",\"name\":\"M\u00dcHLE - Blaireau HEXAGON vegan Silvertip Forest | Manskin.ch\",\"isPartOf\":{\"@id\":\"https:\\\/\\\/manskin.ch\\\/fr\\\/#website\"},\"primaryImageOfPage\":{\"@id\":\"https:\\\/\\\/manskin.ch\\\/fr\\\/produkt\\\/muehle-blaireau-hexagon-vegan-silvertip-forest\\\/#primaryimage\"},\"image\":{\"@id\":\"https:\\\/\\\/manskin.ch\\\/fr\\\/produkt\\\/muehle-blaireau-hexagon-vegan-silvertip-forest\\\/#primaryimage\"},\"thumbnailUrl\":\"https:\\\/\\\/manskin.ch\\\/wp-content\\\/uploads\\\/2026\\\/02\\\/Muehle-Hexagon-Silvertip-Fibre.jpg\",\"datePublished\":\"2026-02-09T10:57:53+00:00\",\"dateModified\":\"2026-02-18T20:38:30+00:00\",\"description\":\"M\u00dcHLE - Blaireau HEXAGON vegan Silvertip Forest\",\"breadcrumb\":{\"@id\":\"https:\\\/\\\/manskin.ch\\\/fr\\\/produkt\\\/muehle-blaireau-hexagon-vegan-silvertip-forest\\\/#breadcrumb\"},\"inLanguage\":\"fr-FR\",\"potentialAction\":[{\"@type\":\"ReadAction\",\"target\":[\"https:\\\/\\\/manskin.ch\\\/fr\\\/produkt\\\/muehle-blaireau-hexagon-vegan-silvertip-forest\\\/\"]}]},{\"@type\":\"ImageObject\",\"inLanguage\":\"fr-FR\",\"@id\":\"https:\\\/\\\/manskin.ch\\\/fr\\\/produkt\\\/muehle-blaireau-hexagon-vegan-silvertip-forest\\\/#primaryimage\",\"url\":\"https:\\\/\\\/manskin.ch\\\/wp-content\\\/uploads\\\/2026\\\/02\\\/Muehle-Hexagon-Silvertip-Fibre.jpg\",\"contentUrl\":\"https:\\\/\\\/manskin.ch\\\/wp-content\\\/uploads\\\/2026\\\/02\\\/Muehle-Hexagon-Silvertip-Fibre.jpg\",\"width\":1000,\"height\":1000},{\"@type\":\"BreadcrumbList\",\"@id\":\"https:\\\/\\\/manskin.ch\\\/fr\\\/produkt\\\/muehle-blaireau-hexagon-vegan-silvertip-forest\\\/#breadcrumb\",\"itemListElement\":[{\"@type\":\"ListItem\",\"position\":1,\"name\":\"Startseite\",\"item\":\"https:\\\/\\\/manskin.ch\\\/fr\\\/\"},{\"@type\":\"ListItem\",\"position\":2,\"name\":\"Boutique\",\"item\":\"https:\\\/\\\/manskin.ch\\\/fr\\\/boutique\\\/\"},{\"@type\":\"ListItem\",\"position\":3,\"name\":\"M\u00dcHLE &#8211; Blaireau HEXAGON vegan Silvertip Forest\"}]},{\"@type\":\"WebSite\",\"@id\":\"https:\\\/\\\/manskin.ch\\\/fr\\\/#website\",\"url\":\"https:\\\/\\\/manskin.ch\\\/fr\\\/\",\"name\":\"Manskin.ch\",\"description\":\"Tous les produits de beaut\u00e9 pour les hommes les plus exigeants\",\"publisher\":{\"@id\":\"https:\\\/\\\/manskin.ch\\\/fr\\\/#organization\"},\"potentialAction\":[{\"@type\":\"SearchAction\",\"target\":{\"@type\":\"EntryPoint\",\"urlTemplate\":\"https:\\\/\\\/manskin.ch\\\/fr\\\/?s={search_term_string}\"},\"query-input\":{\"@type\":\"PropertyValueSpecification\",\"valueRequired\":true,\"valueName\":\"search_term_string\"}}],\"inLanguage\":\"fr-FR\"},{\"@type\":\"Organization\",\"@id\":\"https:\\\/\\\/manskin.ch\\\/fr\\\/#organization\",\"name\":\"Manskin.ch - der Schweizer Onlineshop f\u00fcr qualit\u00e4tsstarke M\u00e4nnerpflege\",\"url\":\"https:\\\/\\\/manskin.ch\\\/fr\\\/\",\"logo\":{\"@type\":\"ImageObject\",\"inLanguage\":\"fr-FR\",\"@id\":\"https:\\\/\\\/manskin.ch\\\/fr\\\/#\\\/schema\\\/logo\\\/image\\\/\",\"url\":\"https:\\\/\\\/manskin.ch\\\/wp-content\\\/uploads\\\/2021\\\/04\\\/cropped-logo_head.png\",\"contentUrl\":\"https:\\\/\\\/manskin.ch\\\/wp-content\\\/uploads\\\/2021\\\/04\\\/cropped-logo_head.png\",\"width\":235,\"height\":75,\"caption\":\"Manskin.ch - der Schweizer Onlineshop f\u00fcr qualit\u00e4tsstarke M\u00e4nnerpflege\"},\"image\":{\"@id\":\"https:\\\/\\\/manskin.ch\\\/fr\\\/#\\\/schema\\\/logo\\\/image\\\/\"},\"sameAs\":[\"https:\\\/\\\/www.facebook.com\\\/manskin.ch\",\"https:\\\/\\\/www.instagram.com\\\/manskin.ch\\\/\"]}]}<\/script>\n<meta property=\"product:price:amount\" content=\"69.00\" \/>\n<meta property=\"product:price:currency\" content=\"CHF\" \/>\n<meta property=\"og:availability\" content=\"instock\" \/>\n<meta property=\"product:availability\" content=\"instock\" \/>\n<meta property=\"product:retailer_item_id\" content=\"14418\" \/>\n<meta property=\"product:condition\" content=\"new\" \/>\n<!-- \/ Yoast SEO Premium plugin. -->","yoast_head_json":{"title":"M\u00dcHLE - Blaireau HEXAGON vegan Silvertip Forest | Manskin.ch","description":"M\u00dcHLE - Blaireau HEXAGON vegan Silvertip Forest","robots":{"index":"index","follow":"follow","max-snippet":"max-snippet:-1","max-image-preview":"max-image-preview:large","max-video-preview":"max-video-preview:-1"},"canonical":"https:\/\/manskin.ch\/fr\/produkt\/muehle-blaireau-hexagon-vegan-silvertip-forest\/","og_locale":"fr_FR","og_type":"article","og_title":"M\u00dcHLE - Blaireau HEXAGON vegan Silvertip Forest","og_description":"M\u00dcHLE - Blaireau HEXAGON vegan Silvertip Forest","og_url":"https:\/\/manskin.ch\/fr\/produkt\/muehle-blaireau-hexagon-vegan-silvertip-forest\/","og_site_name":"Manskin.ch","article_publisher":"https:\/\/www.facebook.com\/manskin.ch","article_modified_time":"2026-02-18T20:38:30+00:00","twitter_card":"summary_large_image","twitter_misc":{"Prix":"69.00&#67;&#72;&#70;","Disponibilit\u00e9":"En stock"},"schema":{"@context":"https:\/\/schema.org","@graph":[{"@type":"WebPage","@id":"https:\/\/manskin.ch\/fr\/produkt\/muehle-blaireau-hexagon-vegan-silvertip-forest\/","url":"https:\/\/manskin.ch\/fr\/produkt\/muehle-blaireau-hexagon-vegan-silvertip-forest\/","name":"M\u00dcHLE - Blaireau HEXAGON vegan Silvertip Forest | Manskin.ch","isPartOf":{"@id":"https:\/\/manskin.ch\/fr\/#website"},"primaryImageOfPage":{"@id":"https:\/\/manskin.ch\/fr\/produkt\/muehle-blaireau-hexagon-vegan-silvertip-forest\/#primaryimage"},"image":{"@id":"https:\/\/manskin.ch\/fr\/produkt\/muehle-blaireau-hexagon-vegan-silvertip-forest\/#primaryimage"},"thumbnailUrl":"https:\/\/manskin.ch\/wp-content\/uploads\/2026\/02\/Muehle-Hexagon-Silvertip-Fibre.jpg","datePublished":"2026-02-09T10:57:53+00:00","dateModified":"2026-02-18T20:38:30+00:00","description":"M\u00dcHLE - Blaireau HEXAGON vegan Silvertip Forest","breadcrumb":{"@id":"https:\/\/manskin.ch\/fr\/produkt\/muehle-blaireau-hexagon-vegan-silvertip-forest\/#breadcrumb"},"inLanguage":"fr-FR","potentialAction":[{"@type":"ReadAction","target":["https:\/\/manskin.ch\/fr\/produkt\/muehle-blaireau-hexagon-vegan-silvertip-forest\/"]}]},{"@type":"ImageObject","inLanguage":"fr-FR","@id":"https:\/\/manskin.ch\/fr\/produkt\/muehle-blaireau-hexagon-vegan-silvertip-forest\/#primaryimage","url":"https:\/\/manskin.ch\/wp-content\/uploads\/2026\/02\/Muehle-Hexagon-Silvertip-Fibre.jpg","contentUrl":"https:\/\/manskin.ch\/wp-content\/uploads\/2026\/02\/Muehle-Hexagon-Silvertip-Fibre.jpg","width":1000,"height":1000},{"@type":"BreadcrumbList","@id":"https:\/\/manskin.ch\/fr\/produkt\/muehle-blaireau-hexagon-vegan-silvertip-forest\/#breadcrumb","itemListElement":[{"@type":"ListItem","position":1,"name":"Startseite","item":"https:\/\/manskin.ch\/fr\/"},{"@type":"ListItem","position":2,"name":"Boutique","item":"https:\/\/manskin.ch\/fr\/boutique\/"},{"@type":"ListItem","position":3,"name":"M\u00dcHLE &#8211; Blaireau HEXAGON vegan Silvertip Forest"}]},{"@type":"WebSite","@id":"https:\/\/manskin.ch\/fr\/#website","url":"https:\/\/manskin.ch\/fr\/","name":"Manskin.ch","description":"Tous les produits de beaut\u00e9 pour les hommes les plus exigeants","publisher":{"@id":"https:\/\/manskin.ch\/fr\/#organization"},"potentialAction":[{"@type":"SearchAction","target":{"@type":"EntryPoint","urlTemplate":"https:\/\/manskin.ch\/fr\/?s={search_term_string}"},"query-input":{"@type":"PropertyValueSpecification","valueRequired":true,"valueName":"search_term_string"}}],"inLanguage":"fr-FR"},{"@type":"Organization","@id":"https:\/\/manskin.ch\/fr\/#organization","name":"Manskin.ch - der Schweizer Onlineshop f\u00fcr qualit\u00e4tsstarke M\u00e4nnerpflege","url":"https:\/\/manskin.ch\/fr\/","logo":{"@type":"ImageObject","inLanguage":"fr-FR","@id":"https:\/\/manskin.ch\/fr\/#\/schema\/logo\/image\/","url":"https:\/\/manskin.ch\/wp-content\/uploads\/2021\/04\/cropped-logo_head.png","contentUrl":"https:\/\/manskin.ch\/wp-content\/uploads\/2021\/04\/cropped-logo_head.png","width":235,"height":75,"caption":"Manskin.ch - der Schweizer Onlineshop f\u00fcr qualit\u00e4tsstarke M\u00e4nnerpflege"},"image":{"@id":"https:\/\/manskin.ch\/fr\/#\/schema\/logo\/image\/"},"sameAs":["https:\/\/www.facebook.com\/manskin.ch","https:\/\/www.instagram.com\/manskin.ch\/"]}]},"product_price_amount":"69.00","product_price_currency":"CHF","og_availability":"instock","product_availability":"instock","product_retailer_item_id":"14418","product_condition":"new"},"brands":[{"id":2769,"name":"M\u00dcHLE","slug":"muehle"}],"_links":{"self":[{"href":"https:\/\/manskin.ch\/fr\/wp-json\/wp\/v2\/product\/504654","targetHints":{"allow":["GET"]}}],"collection":[{"href":"https:\/\/manskin.ch\/fr\/wp-json\/wp\/v2\/product"}],"about":[{"href":"https:\/\/manskin.ch\/fr\/wp-json\/wp\/v2\/types\/product"}],"replies":[{"embeddable":true,"href":"https:\/\/manskin.ch\/fr\/wp-json\/wp\/v2\/comments?post=504654"}],"wp:featuredmedia":[{"embeddable":true,"href":"https:\/\/manskin.ch\/fr\/wp-json\/wp\/v2\/media\/504554"}],"wp:attachment":[{"href":"https:\/\/manskin.ch\/fr\/wp-json\/wp\/v2\/media?parent=504654"}],"wp:term":[{"taxonomy":"pwb-brand","embeddable":true,"href":"https:\/\/manskin.ch\/fr\/wp-json\/wp\/v2\/pwb-brand?post=504654"},{"taxonomy":"product_brand","embeddable":true,"href":"https:\/\/manskin.ch\/fr\/wp-json\/wp\/v2\/product_brand?post=504654"},{"taxonomy":"product_cat","embeddable":true,"href":"https:\/\/manskin.ch\/fr\/wp-json\/wp\/v2\/product_cat?post=504654"},{"taxonomy":"product_tag","embeddable":true,"href":"https:\/\/manskin.ch\/fr\/wp-json\/wp\/v2\/product_tag?post=504654"}],"curies":[{"name":"wp","href":"https:\/\/api.w.org\/{rel}","templated":true}]}}