{"id":504340,"date":"2026-01-16T11:15:47","date_gmt":"2026-01-16T10:15:47","guid":{"rendered":"https:\/\/manskin.ch\/produkt\/salt-stone-mini-deo-discovery-set\/"},"modified":"2026-02-18T21:36:10","modified_gmt":"2026-02-18T20:36:10","slug":"salt-stone-mini-deo-discovery-set","status":"publish","type":"product","link":"https:\/\/manskin.ch\/fr\/produkt\/salt-stone-mini-deo-discovery-set\/","title":{"rendered":"Salt &amp; Stone &#8211; Mini Deo Discovery Set"},"content":{"rendered":"<h3 class=\"p1\">Salt &amp; Stone &#8211; Mini coffret d\u00e9couverte d\u00e9odorants<\/h3>\n<ul>\n<li class=\"p2\">Le mini coffret d\u00e9couverte d\u00e9odorants de Salt &amp; Stone est id\u00e9al pour d\u00e9couvrir les parfums naturels caract\u00e9ristiques de la marque ou comme compagnon \u00e9l\u00e9gant pour les voyages, le sport et le quotidien.<\/li>\n<li class=\"p2\">Les mini formats pratiques offrent une protection fiable et durable contre les odeurs, sans aluminium.<\/li>\n<li class=\"p2\">La formule naturelle est \u00e0 base de min\u00e9raux et d&rsquo;ingr\u00e9dients v\u00e9g\u00e9taux efficaces qui neutralisent efficacement les odeurs, prennent soin de la peau et conviennent \u00e9galement aux peaux sensibles. L&rsquo;exp\u00e9rience de soin est compl\u00e9t\u00e9e par des compositions parfum\u00e9es modernes inspir\u00e9es de la nature et impr\u00e9gn\u00e9es du style de vie californien.<\/li>\n<\/ul>\n<p class=\"p3\">Le coffret contient quatre parfums diff\u00e9rents :<\/p>\n<ul>\n<li class=\"p2\">Santal &amp; V\u00e9tiver \u2013 chaud, bois\u00e9 et \u00e9l\u00e9gant<\/li>\n<li class=\"p2\">Bergamote &amp; Hinoki \u2013 frais, clair et vivifiant<\/li>\n<li class=\"p2\">Rose noire &amp; Oud \u2013 intense, sensuel et moderne<\/li>\n<li class=\"p2\">N\u00e9roli &amp; Basilic \u2013 l\u00e9ger, vert et rafra\u00eechissant<\/li>\n<\/ul>\n<p>Points forts :<\/p>\n<ul>\n<li class=\"p2\">Quatre parfums populaires en format mini pratique<\/li>\n<li class=\"p2\">Formule d\u00e9odorante naturelle sans aluminium<\/li>\n<li class=\"p2\">Doux pour la peau, nourrissant et efficace<\/li>\n<li class=\"p2\">Parfait pour tester, pour les d\u00e9placements ou comme cadeau<\/li>\n<\/ul>\n<p class=\"p3\">Un coffret d\u00e9couverte haut de gamme pour tous ceux qui appr\u00e9cient les performances naturelles, le design minimaliste et les parfums sp\u00e9ciaux.<\/p>\n<p>Contenu 4 x 28 gr.<\/p>\n","protected":false},"excerpt":{"rendered":"<p>Id\u00e9al pour tester les parfums ou comme format voyage pratique de Salt &amp; Stone.<\/p>\n","protected":false},"featured_media":504338,"comment_status":"closed","ping_status":"closed","template":"","meta":{"_acf_changed":false},"pwb-brand":[2780],"product_brand":[],"product_cat":[2358,2392],"product_tag":[],"class_list":{"0":"post-504340","1":"product","2":"type-product","3":"status-publish","4":"has-post-thumbnail","6":"pwb-brand-salt-stone","7":"product_cat-edt-deo","8":"product_cat-salt-stone-fr","9":"product_shipping_class-standard-fr","10":"sales-flash-overlay","11":"woocommerce-text-align-center","12":"woocommerce-image-align-center","13":"do-quantity-buttons","15":"first","16":"instock","17":"taxable","18":"shipping-taxable","19":"purchasable","20":"product-type-simple"},"acf":[],"yoast_head":"<!-- This site is optimized with the Yoast SEO Premium plugin v27.3 (Yoast SEO v27.3) - https:\/\/yoast.com\/product\/yoast-seo-premium-wordpress\/ -->\n<title>Salt &amp; Stone - Mini Deo Discovery Set | Manskin.ch<\/title>\n<meta name=\"description\" content=\"Salt &amp; Stone - Mini Deo Discovery Set\" \/>\n<meta name=\"robots\" content=\"index, follow, max-snippet:-1, max-image-preview:large, max-video-preview:-1\" \/>\n<link rel=\"canonical\" href=\"https:\/\/manskin.ch\/fr\/produkt\/salt-stone-mini-deo-discovery-set\/\" \/>\n<meta property=\"og:locale\" content=\"fr_FR\" \/>\n<meta property=\"og:type\" content=\"article\" \/>\n<meta property=\"og:title\" content=\"Salt &amp; Stone - Mini Deo Discovery Set\" \/>\n<meta property=\"og:description\" content=\"Salt &amp; Stone - Mini Deo Discovery Set\" \/>\n<meta property=\"og:url\" content=\"https:\/\/manskin.ch\/fr\/produkt\/salt-stone-mini-deo-discovery-set\/\" \/>\n<meta property=\"og:site_name\" content=\"Manskin.ch\" \/>\n<meta property=\"article:publisher\" content=\"https:\/\/www.facebook.com\/manskin.ch\" \/>\n<meta property=\"article:modified_time\" content=\"2026-02-18T20:36:10+00:00\" \/>\n<meta name=\"twitter:card\" content=\"summary_large_image\" \/>\n<meta name=\"twitter:label1\" content=\"Prix\" \/>\n\t<meta name=\"twitter:data1\" content=\"45.00&#067;&#072;&#070;\" \/>\n\t<meta name=\"twitter:label2\" content=\"Disponibilit\u00e9\" \/>\n\t<meta name=\"twitter:data2\" content=\"En stock\" \/>\n<script type=\"application\/ld+json\" class=\"yoast-schema-graph\">{\"@context\":\"https:\\\/\\\/schema.org\",\"@graph\":[{\"@type\":\"WebPage\",\"@id\":\"https:\\\/\\\/manskin.ch\\\/fr\\\/produkt\\\/salt-stone-mini-deo-discovery-set\\\/\",\"url\":\"https:\\\/\\\/manskin.ch\\\/fr\\\/produkt\\\/salt-stone-mini-deo-discovery-set\\\/\",\"name\":\"Salt &amp; Stone - Mini Deo Discovery Set | Manskin.ch\",\"isPartOf\":{\"@id\":\"https:\\\/\\\/manskin.ch\\\/fr\\\/#website\"},\"primaryImageOfPage\":{\"@id\":\"https:\\\/\\\/manskin.ch\\\/fr\\\/produkt\\\/salt-stone-mini-deo-discovery-set\\\/#primaryimage\"},\"image\":{\"@id\":\"https:\\\/\\\/manskin.ch\\\/fr\\\/produkt\\\/salt-stone-mini-deo-discovery-set\\\/#primaryimage\"},\"thumbnailUrl\":\"https:\\\/\\\/manskin.ch\\\/wp-content\\\/uploads\\\/2026\\\/01\\\/Salt-Stone-Discovery-Set.jpg\",\"datePublished\":\"2026-01-16T10:15:47+00:00\",\"dateModified\":\"2026-02-18T20:36:10+00:00\",\"description\":\"Salt &amp; Stone - Mini Deo Discovery Set\",\"breadcrumb\":{\"@id\":\"https:\\\/\\\/manskin.ch\\\/fr\\\/produkt\\\/salt-stone-mini-deo-discovery-set\\\/#breadcrumb\"},\"inLanguage\":\"fr-FR\",\"potentialAction\":[{\"@type\":\"ReadAction\",\"target\":[\"https:\\\/\\\/manskin.ch\\\/fr\\\/produkt\\\/salt-stone-mini-deo-discovery-set\\\/\"]}]},{\"@type\":\"ImageObject\",\"inLanguage\":\"fr-FR\",\"@id\":\"https:\\\/\\\/manskin.ch\\\/fr\\\/produkt\\\/salt-stone-mini-deo-discovery-set\\\/#primaryimage\",\"url\":\"https:\\\/\\\/manskin.ch\\\/wp-content\\\/uploads\\\/2026\\\/01\\\/Salt-Stone-Discovery-Set.jpg\",\"contentUrl\":\"https:\\\/\\\/manskin.ch\\\/wp-content\\\/uploads\\\/2026\\\/01\\\/Salt-Stone-Discovery-Set.jpg\",\"width\":1000,\"height\":1000},{\"@type\":\"BreadcrumbList\",\"@id\":\"https:\\\/\\\/manskin.ch\\\/fr\\\/produkt\\\/salt-stone-mini-deo-discovery-set\\\/#breadcrumb\",\"itemListElement\":[{\"@type\":\"ListItem\",\"position\":1,\"name\":\"Startseite\",\"item\":\"https:\\\/\\\/manskin.ch\\\/fr\\\/\"},{\"@type\":\"ListItem\",\"position\":2,\"name\":\"Boutique Soins pour Hommes &amp; Skincare\",\"item\":\"https:\\\/\\\/manskin.ch\\\/fr\\\/boutique\\\/\"},{\"@type\":\"ListItem\",\"position\":3,\"name\":\"Salt &amp; Stone &#8211; Mini Deo Discovery Set\"}]},{\"@type\":\"WebSite\",\"@id\":\"https:\\\/\\\/manskin.ch\\\/fr\\\/#website\",\"url\":\"https:\\\/\\\/manskin.ch\\\/fr\\\/\",\"name\":\"Manskin.ch\",\"description\":\"Tous les produits de beaut\u00e9 pour les hommes les plus exigeants\",\"publisher\":{\"@id\":\"https:\\\/\\\/manskin.ch\\\/fr\\\/#organization\"},\"potentialAction\":[{\"@type\":\"SearchAction\",\"target\":{\"@type\":\"EntryPoint\",\"urlTemplate\":\"https:\\\/\\\/manskin.ch\\\/fr\\\/?s={search_term_string}\"},\"query-input\":{\"@type\":\"PropertyValueSpecification\",\"valueRequired\":true,\"valueName\":\"search_term_string\"}}],\"inLanguage\":\"fr-FR\"},{\"@type\":\"Organization\",\"@id\":\"https:\\\/\\\/manskin.ch\\\/fr\\\/#organization\",\"name\":\"Manskin.ch - der Schweizer Onlineshop f\u00fcr qualit\u00e4tsstarke M\u00e4nnerpflege\",\"url\":\"https:\\\/\\\/manskin.ch\\\/fr\\\/\",\"logo\":{\"@type\":\"ImageObject\",\"inLanguage\":\"fr-FR\",\"@id\":\"https:\\\/\\\/manskin.ch\\\/fr\\\/#\\\/schema\\\/logo\\\/image\\\/\",\"url\":\"https:\\\/\\\/manskin.ch\\\/wp-content\\\/uploads\\\/2021\\\/04\\\/cropped-logo_head.png\",\"contentUrl\":\"https:\\\/\\\/manskin.ch\\\/wp-content\\\/uploads\\\/2021\\\/04\\\/cropped-logo_head.png\",\"width\":235,\"height\":75,\"caption\":\"Manskin.ch - der Schweizer Onlineshop f\u00fcr qualit\u00e4tsstarke M\u00e4nnerpflege\"},\"image\":{\"@id\":\"https:\\\/\\\/manskin.ch\\\/fr\\\/#\\\/schema\\\/logo\\\/image\\\/\"},\"sameAs\":[\"https:\\\/\\\/www.facebook.com\\\/manskin.ch\",\"https:\\\/\\\/www.instagram.com\\\/manskin.ch\\\/\"]}]}<\/script>\n<meta property=\"product:price:amount\" content=\"45.00\" \/>\n<meta property=\"product:price:currency\" content=\"CHF\" \/>\n<meta property=\"og:availability\" content=\"instock\" \/>\n<meta property=\"product:availability\" content=\"instock\" \/>\n<meta property=\"product:retailer_item_id\" content=\"14416\" \/>\n<meta property=\"product:condition\" content=\"new\" \/>\n<!-- \/ Yoast SEO Premium plugin. -->","yoast_head_json":{"title":"Salt &amp; Stone - Mini Deo Discovery Set | Manskin.ch","description":"Salt &amp; Stone - Mini Deo Discovery Set","robots":{"index":"index","follow":"follow","max-snippet":"max-snippet:-1","max-image-preview":"max-image-preview:large","max-video-preview":"max-video-preview:-1"},"canonical":"https:\/\/manskin.ch\/fr\/produkt\/salt-stone-mini-deo-discovery-set\/","og_locale":"fr_FR","og_type":"article","og_title":"Salt &amp; Stone - Mini Deo Discovery Set","og_description":"Salt &amp; Stone - Mini Deo Discovery Set","og_url":"https:\/\/manskin.ch\/fr\/produkt\/salt-stone-mini-deo-discovery-set\/","og_site_name":"Manskin.ch","article_publisher":"https:\/\/www.facebook.com\/manskin.ch","article_modified_time":"2026-02-18T20:36:10+00:00","twitter_card":"summary_large_image","twitter_misc":{"Prix":"45.00&#67;&#72;&#70;","Disponibilit\u00e9":"En stock"},"schema":{"@context":"https:\/\/schema.org","@graph":[{"@type":"WebPage","@id":"https:\/\/manskin.ch\/fr\/produkt\/salt-stone-mini-deo-discovery-set\/","url":"https:\/\/manskin.ch\/fr\/produkt\/salt-stone-mini-deo-discovery-set\/","name":"Salt &amp; Stone - Mini Deo Discovery Set | Manskin.ch","isPartOf":{"@id":"https:\/\/manskin.ch\/fr\/#website"},"primaryImageOfPage":{"@id":"https:\/\/manskin.ch\/fr\/produkt\/salt-stone-mini-deo-discovery-set\/#primaryimage"},"image":{"@id":"https:\/\/manskin.ch\/fr\/produkt\/salt-stone-mini-deo-discovery-set\/#primaryimage"},"thumbnailUrl":"https:\/\/manskin.ch\/wp-content\/uploads\/2026\/01\/Salt-Stone-Discovery-Set.jpg","datePublished":"2026-01-16T10:15:47+00:00","dateModified":"2026-02-18T20:36:10+00:00","description":"Salt &amp; Stone - Mini Deo Discovery Set","breadcrumb":{"@id":"https:\/\/manskin.ch\/fr\/produkt\/salt-stone-mini-deo-discovery-set\/#breadcrumb"},"inLanguage":"fr-FR","potentialAction":[{"@type":"ReadAction","target":["https:\/\/manskin.ch\/fr\/produkt\/salt-stone-mini-deo-discovery-set\/"]}]},{"@type":"ImageObject","inLanguage":"fr-FR","@id":"https:\/\/manskin.ch\/fr\/produkt\/salt-stone-mini-deo-discovery-set\/#primaryimage","url":"https:\/\/manskin.ch\/wp-content\/uploads\/2026\/01\/Salt-Stone-Discovery-Set.jpg","contentUrl":"https:\/\/manskin.ch\/wp-content\/uploads\/2026\/01\/Salt-Stone-Discovery-Set.jpg","width":1000,"height":1000},{"@type":"BreadcrumbList","@id":"https:\/\/manskin.ch\/fr\/produkt\/salt-stone-mini-deo-discovery-set\/#breadcrumb","itemListElement":[{"@type":"ListItem","position":1,"name":"Startseite","item":"https:\/\/manskin.ch\/fr\/"},{"@type":"ListItem","position":2,"name":"Boutique Soins pour Hommes &amp; Skincare","item":"https:\/\/manskin.ch\/fr\/boutique\/"},{"@type":"ListItem","position":3,"name":"Salt &amp; Stone &#8211; Mini Deo Discovery Set"}]},{"@type":"WebSite","@id":"https:\/\/manskin.ch\/fr\/#website","url":"https:\/\/manskin.ch\/fr\/","name":"Manskin.ch","description":"Tous les produits de beaut\u00e9 pour les hommes les plus exigeants","publisher":{"@id":"https:\/\/manskin.ch\/fr\/#organization"},"potentialAction":[{"@type":"SearchAction","target":{"@type":"EntryPoint","urlTemplate":"https:\/\/manskin.ch\/fr\/?s={search_term_string}"},"query-input":{"@type":"PropertyValueSpecification","valueRequired":true,"valueName":"search_term_string"}}],"inLanguage":"fr-FR"},{"@type":"Organization","@id":"https:\/\/manskin.ch\/fr\/#organization","name":"Manskin.ch - der Schweizer Onlineshop f\u00fcr qualit\u00e4tsstarke M\u00e4nnerpflege","url":"https:\/\/manskin.ch\/fr\/","logo":{"@type":"ImageObject","inLanguage":"fr-FR","@id":"https:\/\/manskin.ch\/fr\/#\/schema\/logo\/image\/","url":"https:\/\/manskin.ch\/wp-content\/uploads\/2021\/04\/cropped-logo_head.png","contentUrl":"https:\/\/manskin.ch\/wp-content\/uploads\/2021\/04\/cropped-logo_head.png","width":235,"height":75,"caption":"Manskin.ch - der Schweizer Onlineshop f\u00fcr qualit\u00e4tsstarke M\u00e4nnerpflege"},"image":{"@id":"https:\/\/manskin.ch\/fr\/#\/schema\/logo\/image\/"},"sameAs":["https:\/\/www.facebook.com\/manskin.ch","https:\/\/www.instagram.com\/manskin.ch\/"]}]},"product_price_amount":"45.00","product_price_currency":"CHF","og_availability":"instock","product_availability":"instock","product_retailer_item_id":"14416","product_condition":"new"},"brands":[{"id":2780,"name":"Salt &amp; Stone","slug":"salt-stone"}],"_links":{"self":[{"href":"https:\/\/manskin.ch\/fr\/wp-json\/wp\/v2\/product\/504340","targetHints":{"allow":["GET"]}}],"collection":[{"href":"https:\/\/manskin.ch\/fr\/wp-json\/wp\/v2\/product"}],"about":[{"href":"https:\/\/manskin.ch\/fr\/wp-json\/wp\/v2\/types\/product"}],"replies":[{"embeddable":true,"href":"https:\/\/manskin.ch\/fr\/wp-json\/wp\/v2\/comments?post=504340"}],"wp:featuredmedia":[{"embeddable":true,"href":"https:\/\/manskin.ch\/fr\/wp-json\/wp\/v2\/media\/504338"}],"wp:attachment":[{"href":"https:\/\/manskin.ch\/fr\/wp-json\/wp\/v2\/media?parent=504340"}],"wp:term":[{"taxonomy":"pwb-brand","embeddable":true,"href":"https:\/\/manskin.ch\/fr\/wp-json\/wp\/v2\/pwb-brand?post=504340"},{"taxonomy":"product_brand","embeddable":true,"href":"https:\/\/manskin.ch\/fr\/wp-json\/wp\/v2\/product_brand?post=504340"},{"taxonomy":"product_cat","embeddable":true,"href":"https:\/\/manskin.ch\/fr\/wp-json\/wp\/v2\/product_cat?post=504340"},{"taxonomy":"product_tag","embeddable":true,"href":"https:\/\/manskin.ch\/fr\/wp-json\/wp\/v2\/product_tag?post=504340"}],"curies":[{"name":"wp","href":"https:\/\/api.w.org\/{rel}","templated":true}]}}