{"id":504327,"date":"2025-11-28T11:51:21","date_gmt":"2025-11-28T10:51:21","guid":{"rendered":"https:\/\/manskin.ch\/produkt\/anthony-high-performance-creme-visage-vitamin-a\/"},"modified":"2026-03-09T08:26:07","modified_gmt":"2026-03-09T07:26:07","slug":"anthony-high-performance-creme-visage-vitamin-a","status":"publish","type":"product","link":"https:\/\/manskin.ch\/fr\/produkt\/anthony-high-performance-creme-visage-vitamin-a\/","title":{"rendered":"Anthony &#8211; High Performance Cr\u00e8me Visage Vitamin A"},"content":{"rendered":"<h3 class=\"p1\">Anthony &#8211; High Performance Cr\u00e8me Visage Vitamin A<\/h3>\n<ul>\n<li class=\"p2\">Compl\u00e8te ta gamme de produits indispensables avec ce soin du visage hautement efficace \u00e0 la vitamine A pour raffermir la peau, r\u00e9duire l&rsquo;apparence des rides et ridules et pr\u00e9server l&rsquo;\u00e9lasticit\u00e9.<\/li>\n<li class=\"p2\">Ce soin de pointe a \u00e9t\u00e9 formul\u00e9 \u00e0 partir d&rsquo;un m\u00e9lange synth\u00e9tique de vitamine A (\u00e9galement connue sous le nom de r\u00e9tinol), de beurre de karit\u00e9 et de squalane. Il a \u00e9t\u00e9 con\u00e7u pour stimuler la production de collag\u00e8ne, prot\u00e9ger contre les polluants et laisser votre peau agr\u00e9ablement lisse, douce, souple et profond\u00e9ment hydrat\u00e9e.<\/li>\n<li>Pour les peaux normales \u00e0 s\u00e8ches.<\/li>\n<li class=\"p2\">Sans parab\u00e8nes, phtalates, OGM, DEA, triclosan et gluten.<\/li>\n<li class=\"p2\">Test\u00e9 contre les allergies et dermatologiquement.<\/li>\n<li class=\"p2\">Fabriqu\u00e9 sans tests sur les animaux.<\/li>\n<\/ul>\n<p>Application : applique une petite quantit\u00e9 sur le visage et le cou propres et secs et \u00e9talez en mouvements ascendants. Utilise le matin et soir. Si tu utilise le matin, applique ensuite la cr\u00e8me de jour Anthony Day Cream SPF 30.<\/p>\n<p class=\"p3\">Contenu 50 ml.<\/p>\n","protected":false},"excerpt":{"rendered":"<p>Raffermi la peau, r\u00e9duit l&rsquo;apparence des rides et ridules et pr\u00e9serve l&rsquo;\u00e9lasticit\u00e9<\/p>\n","protected":false},"featured_media":503649,"comment_status":"closed","ping_status":"closed","template":"","meta":{"_acf_changed":false},"pwb-brand":[2751],"product_brand":[],"product_cat":[2316,2345,2329,2352],"product_tag":[],"class_list":{"0":"post-504327","1":"product","2":"type-product","3":"status-publish","4":"has-post-thumbnail","6":"pwb-brand-anthony","7":"product_cat-anthony","8":"product_cat-fines-lignes-rides","9":"product_cat-hydratants","10":"product_cat-peau-seche","11":"product_shipping_class-standard-fr","12":"sales-flash-overlay","13":"woocommerce-text-align-center","14":"woocommerce-image-align-center","15":"do-quantity-buttons","17":"first","18":"instock","19":"taxable","20":"shipping-taxable","21":"purchasable","22":"product-type-simple"},"acf":[],"yoast_head":"<!-- This site is optimized with the Yoast SEO Premium plugin v27.3 (Yoast SEO v27.3) - https:\/\/yoast.com\/product\/yoast-seo-premium-wordpress\/ -->\n<title>Anthony High Performance Cr\u00e8me Anti-Rides Vitamine A | Manskin.ch<\/title>\n<meta name=\"description\" content=\"La cr\u00e8me pour le visage Anthony High Performance Vitamin A raffermit la peau et minimise les ridules. Constate-le par toi-m\u00eame et commande d\u00e8s aujourd&#039;hui!\" \/>\n<meta name=\"robots\" content=\"index, follow, max-snippet:-1, max-image-preview:large, max-video-preview:-1\" \/>\n<link rel=\"canonical\" href=\"https:\/\/manskin.ch\/fr\/produkt\/anthony-high-performance-creme-visage-vitamin-a\/\" \/>\n<meta property=\"og:locale\" content=\"fr_FR\" \/>\n<meta property=\"og:type\" content=\"article\" \/>\n<meta property=\"og:title\" content=\"Anthony - High Performance Cr\u00e8me Visage Vitamin A\" \/>\n<meta property=\"og:description\" content=\"La cr\u00e8me pour le visage Anthony High Performance Vitamin A raffermit la peau et minimise les ridules. Constate-le par toi-m\u00eame et commande d\u00e8s aujourd&#039;hui!\" \/>\n<meta property=\"og:url\" content=\"https:\/\/manskin.ch\/fr\/produkt\/anthony-high-performance-creme-visage-vitamin-a\/\" \/>\n<meta property=\"og:site_name\" content=\"Manskin.ch\" \/>\n<meta property=\"article:publisher\" content=\"https:\/\/www.facebook.com\/manskin.ch\" \/>\n<meta property=\"article:modified_time\" content=\"2026-03-09T07:26:07+00:00\" \/>\n<meta name=\"twitter:card\" content=\"summary_large_image\" \/>\n<meta name=\"twitter:label1\" content=\"Prix\" \/>\n\t<meta name=\"twitter:data1\" content=\"59.00&#067;&#072;&#070;\" \/>\n\t<meta name=\"twitter:label2\" content=\"Disponibilit\u00e9\" \/>\n\t<meta name=\"twitter:data2\" content=\"En stock\" \/>\n<script type=\"application\/ld+json\" class=\"yoast-schema-graph\">{\"@context\":\"https:\\\/\\\/schema.org\",\"@graph\":[{\"@type\":\"WebPage\",\"@id\":\"https:\\\/\\\/manskin.ch\\\/fr\\\/produkt\\\/anthony-high-performance-creme-visage-vitamin-a\\\/\",\"url\":\"https:\\\/\\\/manskin.ch\\\/fr\\\/produkt\\\/anthony-high-performance-creme-visage-vitamin-a\\\/\",\"name\":\"Anthony High Performance Cr\u00e8me Anti-Rides Vitamine A | Manskin.ch\",\"isPartOf\":{\"@id\":\"https:\\\/\\\/manskin.ch\\\/fr\\\/#website\"},\"primaryImageOfPage\":{\"@id\":\"https:\\\/\\\/manskin.ch\\\/fr\\\/produkt\\\/anthony-high-performance-creme-visage-vitamin-a\\\/#primaryimage\"},\"image\":{\"@id\":\"https:\\\/\\\/manskin.ch\\\/fr\\\/produkt\\\/anthony-high-performance-creme-visage-vitamin-a\\\/#primaryimage\"},\"thumbnailUrl\":\"https:\\\/\\\/manskin.ch\\\/wp-content\\\/uploads\\\/2025\\\/11\\\/Anthony-Vitamin-A.jpg\",\"datePublished\":\"2025-11-28T10:51:21+00:00\",\"dateModified\":\"2026-03-09T07:26:07+00:00\",\"description\":\"La cr\u00e8me pour le visage Anthony High Performance Vitamin A raffermit la peau et minimise les ridules. Constate-le par toi-m\u00eame et commande d\u00e8s aujourd'hui!\",\"breadcrumb\":{\"@id\":\"https:\\\/\\\/manskin.ch\\\/fr\\\/produkt\\\/anthony-high-performance-creme-visage-vitamin-a\\\/#breadcrumb\"},\"inLanguage\":\"fr-FR\",\"potentialAction\":[{\"@type\":\"ReadAction\",\"target\":[\"https:\\\/\\\/manskin.ch\\\/fr\\\/produkt\\\/anthony-high-performance-creme-visage-vitamin-a\\\/\"]}]},{\"@type\":\"ImageObject\",\"inLanguage\":\"fr-FR\",\"@id\":\"https:\\\/\\\/manskin.ch\\\/fr\\\/produkt\\\/anthony-high-performance-creme-visage-vitamin-a\\\/#primaryimage\",\"url\":\"https:\\\/\\\/manskin.ch\\\/wp-content\\\/uploads\\\/2025\\\/11\\\/Anthony-Vitamin-A.jpg\",\"contentUrl\":\"https:\\\/\\\/manskin.ch\\\/wp-content\\\/uploads\\\/2025\\\/11\\\/Anthony-Vitamin-A.jpg\",\"width\":1000,\"height\":1000},{\"@type\":\"BreadcrumbList\",\"@id\":\"https:\\\/\\\/manskin.ch\\\/fr\\\/produkt\\\/anthony-high-performance-creme-visage-vitamin-a\\\/#breadcrumb\",\"itemListElement\":[{\"@type\":\"ListItem\",\"position\":1,\"name\":\"Startseite\",\"item\":\"https:\\\/\\\/manskin.ch\\\/fr\\\/\"},{\"@type\":\"ListItem\",\"position\":2,\"name\":\"Boutique Soins pour Hommes &amp; Skincare\",\"item\":\"https:\\\/\\\/manskin.ch\\\/fr\\\/boutique\\\/\"},{\"@type\":\"ListItem\",\"position\":3,\"name\":\"Anthony &#8211; High Performance Cr\u00e8me Visage Vitamin A\"}]},{\"@type\":\"WebSite\",\"@id\":\"https:\\\/\\\/manskin.ch\\\/fr\\\/#website\",\"url\":\"https:\\\/\\\/manskin.ch\\\/fr\\\/\",\"name\":\"Manskin.ch\",\"description\":\"Tous les produits de beaut\u00e9 pour les hommes les plus exigeants\",\"publisher\":{\"@id\":\"https:\\\/\\\/manskin.ch\\\/fr\\\/#organization\"},\"potentialAction\":[{\"@type\":\"SearchAction\",\"target\":{\"@type\":\"EntryPoint\",\"urlTemplate\":\"https:\\\/\\\/manskin.ch\\\/fr\\\/?s={search_term_string}\"},\"query-input\":{\"@type\":\"PropertyValueSpecification\",\"valueRequired\":true,\"valueName\":\"search_term_string\"}}],\"inLanguage\":\"fr-FR\"},{\"@type\":\"Organization\",\"@id\":\"https:\\\/\\\/manskin.ch\\\/fr\\\/#organization\",\"name\":\"Manskin.ch - der Schweizer Onlineshop f\u00fcr qualit\u00e4tsstarke M\u00e4nnerpflege\",\"url\":\"https:\\\/\\\/manskin.ch\\\/fr\\\/\",\"logo\":{\"@type\":\"ImageObject\",\"inLanguage\":\"fr-FR\",\"@id\":\"https:\\\/\\\/manskin.ch\\\/fr\\\/#\\\/schema\\\/logo\\\/image\\\/\",\"url\":\"https:\\\/\\\/manskin.ch\\\/wp-content\\\/uploads\\\/2021\\\/04\\\/cropped-logo_head.png\",\"contentUrl\":\"https:\\\/\\\/manskin.ch\\\/wp-content\\\/uploads\\\/2021\\\/04\\\/cropped-logo_head.png\",\"width\":235,\"height\":75,\"caption\":\"Manskin.ch - der Schweizer Onlineshop f\u00fcr qualit\u00e4tsstarke M\u00e4nnerpflege\"},\"image\":{\"@id\":\"https:\\\/\\\/manskin.ch\\\/fr\\\/#\\\/schema\\\/logo\\\/image\\\/\"},\"sameAs\":[\"https:\\\/\\\/www.facebook.com\\\/manskin.ch\",\"https:\\\/\\\/www.instagram.com\\\/manskin.ch\\\/\"]}]}<\/script>\n<meta property=\"product:price:amount\" content=\"59.00\" \/>\n<meta property=\"product:price:currency\" content=\"CHF\" \/>\n<meta property=\"og:availability\" content=\"instock\" \/>\n<meta property=\"product:availability\" content=\"instock\" \/>\n<meta property=\"product:retailer_item_id\" content=\"14399\" \/>\n<meta property=\"product:condition\" content=\"new\" \/>\n<!-- \/ Yoast SEO Premium plugin. -->","yoast_head_json":{"title":"Anthony High Performance Cr\u00e8me Anti-Rides Vitamine A | Manskin.ch","description":"La cr\u00e8me pour le visage Anthony High Performance Vitamin A raffermit la peau et minimise les ridules. Constate-le par toi-m\u00eame et commande d\u00e8s aujourd'hui!","robots":{"index":"index","follow":"follow","max-snippet":"max-snippet:-1","max-image-preview":"max-image-preview:large","max-video-preview":"max-video-preview:-1"},"canonical":"https:\/\/manskin.ch\/fr\/produkt\/anthony-high-performance-creme-visage-vitamin-a\/","og_locale":"fr_FR","og_type":"article","og_title":"Anthony - High Performance Cr\u00e8me Visage Vitamin A","og_description":"La cr\u00e8me pour le visage Anthony High Performance Vitamin A raffermit la peau et minimise les ridules. Constate-le par toi-m\u00eame et commande d\u00e8s aujourd'hui!","og_url":"https:\/\/manskin.ch\/fr\/produkt\/anthony-high-performance-creme-visage-vitamin-a\/","og_site_name":"Manskin.ch","article_publisher":"https:\/\/www.facebook.com\/manskin.ch","article_modified_time":"2026-03-09T07:26:07+00:00","twitter_card":"summary_large_image","twitter_misc":{"Prix":"59.00&#67;&#72;&#70;","Disponibilit\u00e9":"En stock"},"schema":{"@context":"https:\/\/schema.org","@graph":[{"@type":"WebPage","@id":"https:\/\/manskin.ch\/fr\/produkt\/anthony-high-performance-creme-visage-vitamin-a\/","url":"https:\/\/manskin.ch\/fr\/produkt\/anthony-high-performance-creme-visage-vitamin-a\/","name":"Anthony High Performance Cr\u00e8me Anti-Rides Vitamine A | Manskin.ch","isPartOf":{"@id":"https:\/\/manskin.ch\/fr\/#website"},"primaryImageOfPage":{"@id":"https:\/\/manskin.ch\/fr\/produkt\/anthony-high-performance-creme-visage-vitamin-a\/#primaryimage"},"image":{"@id":"https:\/\/manskin.ch\/fr\/produkt\/anthony-high-performance-creme-visage-vitamin-a\/#primaryimage"},"thumbnailUrl":"https:\/\/manskin.ch\/wp-content\/uploads\/2025\/11\/Anthony-Vitamin-A.jpg","datePublished":"2025-11-28T10:51:21+00:00","dateModified":"2026-03-09T07:26:07+00:00","description":"La cr\u00e8me pour le visage Anthony High Performance Vitamin A raffermit la peau et minimise les ridules. Constate-le par toi-m\u00eame et commande d\u00e8s aujourd'hui!","breadcrumb":{"@id":"https:\/\/manskin.ch\/fr\/produkt\/anthony-high-performance-creme-visage-vitamin-a\/#breadcrumb"},"inLanguage":"fr-FR","potentialAction":[{"@type":"ReadAction","target":["https:\/\/manskin.ch\/fr\/produkt\/anthony-high-performance-creme-visage-vitamin-a\/"]}]},{"@type":"ImageObject","inLanguage":"fr-FR","@id":"https:\/\/manskin.ch\/fr\/produkt\/anthony-high-performance-creme-visage-vitamin-a\/#primaryimage","url":"https:\/\/manskin.ch\/wp-content\/uploads\/2025\/11\/Anthony-Vitamin-A.jpg","contentUrl":"https:\/\/manskin.ch\/wp-content\/uploads\/2025\/11\/Anthony-Vitamin-A.jpg","width":1000,"height":1000},{"@type":"BreadcrumbList","@id":"https:\/\/manskin.ch\/fr\/produkt\/anthony-high-performance-creme-visage-vitamin-a\/#breadcrumb","itemListElement":[{"@type":"ListItem","position":1,"name":"Startseite","item":"https:\/\/manskin.ch\/fr\/"},{"@type":"ListItem","position":2,"name":"Boutique Soins pour Hommes &amp; Skincare","item":"https:\/\/manskin.ch\/fr\/boutique\/"},{"@type":"ListItem","position":3,"name":"Anthony &#8211; High Performance Cr\u00e8me Visage Vitamin A"}]},{"@type":"WebSite","@id":"https:\/\/manskin.ch\/fr\/#website","url":"https:\/\/manskin.ch\/fr\/","name":"Manskin.ch","description":"Tous les produits de beaut\u00e9 pour les hommes les plus exigeants","publisher":{"@id":"https:\/\/manskin.ch\/fr\/#organization"},"potentialAction":[{"@type":"SearchAction","target":{"@type":"EntryPoint","urlTemplate":"https:\/\/manskin.ch\/fr\/?s={search_term_string}"},"query-input":{"@type":"PropertyValueSpecification","valueRequired":true,"valueName":"search_term_string"}}],"inLanguage":"fr-FR"},{"@type":"Organization","@id":"https:\/\/manskin.ch\/fr\/#organization","name":"Manskin.ch - der Schweizer Onlineshop f\u00fcr qualit\u00e4tsstarke M\u00e4nnerpflege","url":"https:\/\/manskin.ch\/fr\/","logo":{"@type":"ImageObject","inLanguage":"fr-FR","@id":"https:\/\/manskin.ch\/fr\/#\/schema\/logo\/image\/","url":"https:\/\/manskin.ch\/wp-content\/uploads\/2021\/04\/cropped-logo_head.png","contentUrl":"https:\/\/manskin.ch\/wp-content\/uploads\/2021\/04\/cropped-logo_head.png","width":235,"height":75,"caption":"Manskin.ch - der Schweizer Onlineshop f\u00fcr qualit\u00e4tsstarke M\u00e4nnerpflege"},"image":{"@id":"https:\/\/manskin.ch\/fr\/#\/schema\/logo\/image\/"},"sameAs":["https:\/\/www.facebook.com\/manskin.ch","https:\/\/www.instagram.com\/manskin.ch\/"]}]},"product_price_amount":"59.00","product_price_currency":"CHF","og_availability":"instock","product_availability":"instock","product_retailer_item_id":"14399","product_condition":"new"},"brands":[{"id":2751,"name":"Anthony","slug":"anthony"}],"_links":{"self":[{"href":"https:\/\/manskin.ch\/fr\/wp-json\/wp\/v2\/product\/504327","targetHints":{"allow":["GET"]}}],"collection":[{"href":"https:\/\/manskin.ch\/fr\/wp-json\/wp\/v2\/product"}],"about":[{"href":"https:\/\/manskin.ch\/fr\/wp-json\/wp\/v2\/types\/product"}],"replies":[{"embeddable":true,"href":"https:\/\/manskin.ch\/fr\/wp-json\/wp\/v2\/comments?post=504327"}],"wp:featuredmedia":[{"embeddable":true,"href":"https:\/\/manskin.ch\/fr\/wp-json\/wp\/v2\/media\/503649"}],"wp:attachment":[{"href":"https:\/\/manskin.ch\/fr\/wp-json\/wp\/v2\/media?parent=504327"}],"wp:term":[{"taxonomy":"pwb-brand","embeddable":true,"href":"https:\/\/manskin.ch\/fr\/wp-json\/wp\/v2\/pwb-brand?post=504327"},{"taxonomy":"product_brand","embeddable":true,"href":"https:\/\/manskin.ch\/fr\/wp-json\/wp\/v2\/product_brand?post=504327"},{"taxonomy":"product_cat","embeddable":true,"href":"https:\/\/manskin.ch\/fr\/wp-json\/wp\/v2\/product_cat?post=504327"},{"taxonomy":"product_tag","embeddable":true,"href":"https:\/\/manskin.ch\/fr\/wp-json\/wp\/v2\/product_tag?post=504327"}],"curies":[{"name":"wp","href":"https:\/\/api.w.org\/{rel}","templated":true}]}}