{"id":504280,"date":"2026-01-14T11:17:34","date_gmt":"2026-01-14T10:17:34","guid":{"rendered":"https:\/\/manskin.ch\/produkt\/murdock-london-ingrown-hair-treatment-face-body\/"},"modified":"2026-01-14T13:56:25","modified_gmt":"2026-01-14T12:56:25","slug":"murdock-london-ingrown-hair-treatment-face-body","status":"publish","type":"product","link":"https:\/\/manskin.ch\/fr\/produkt\/murdock-london-ingrown-hair-treatment-face-body\/","title":{"rendered":"Murdock London &#8211; Ingrown Hair Treatment Face &amp; Body"},"content":{"rendered":"<h2 class=\"p1\">Murdock London &#8211; Ingrown Hair Treatment for Face &amp; Body<\/h2>\n<ul>\n<li class=\"p2\">Finis les poils incarn\u00e9s et les boutons dus au rasage : le traitement Ingrown Hair Treatment for Face &amp; Body est un soin efficace contre les irritations, les bosses douloureuses et les poils incarn\u00e9s apr\u00e8s le rasage ou l&rsquo;\u00e9pilation.<\/li>\n<li class=\"p2\">Sa formule puissante \u00e0 base d&rsquo;acide salicylique et d&rsquo;acide glycolique exfolie la peau en douceur, \u00e9limine les poils incarn\u00e9s et favorise un teint clair et uniforme.<\/li>\n<li class=\"p2\">En m\u00eame temps, ses ingr\u00e9dients antibact\u00e9riens ont un effet apaisant et anti-inflammatoire et pr\u00e9viennent les impuret\u00e9s \u2013 id\u00e9al apr\u00e8s le rasage, l&rsquo;\u00e9pilation \u00e0 la cire ou la coupe.<\/li>\n<li class=\"p2\">Polyvalent, il s&rsquo;utilise sur le visage, le cou, la poitrine et le corps, partout o\u00f9 la peau a besoin de soins apr\u00e8s l&rsquo;\u00e9pilation.Application :<br \/>\nApr\u00e8s le rasage, appliquez une petite quantit\u00e9 le soir sur une peau propre et s\u00e8che. Ne rincez pas. Utilisez r\u00e9guli\u00e8rement pour des r\u00e9sultats optimaux.<\/p>\n<p>Les points forts en un coup d&rsquo;\u0153il:<\/li>\n<li class=\"p2\">R\u00e9duit les poils incarn\u00e9s et les boutons dus au rasage<\/li>\n<li class=\"p2\">Exfoliant doux et antibact\u00e9rien<\/li>\n<li class=\"p2\">Apaise la peau irrit\u00e9e apr\u00e8s le rasage<\/li>\n<li class=\"p2\">Convient au visage et au Corps<\/li>\n<li class=\"p2\">Id\u00e9al apr\u00e8s le rasage ou l&rsquo;\u00e9pilation \u00e0 la cire.La solution parfaite pour une peau lisse, soign\u00e9e et d\u00e9tendue, jour apr\u00e8s jour.<\/li>\n<\/ul>\n","protected":false},"excerpt":{"rendered":"<p>Soin efficace contre les poils incarn\u00e9s et les boutons dus au rasage pour le visage et le corps<\/p>\n","protected":false},"featured_media":504277,"comment_status":"closed","ping_status":"closed","template":"","meta":{"_acf_changed":false},"pwb-brand":[2752],"product_brand":[],"product_cat":[2418,2274,6576],"product_tag":[],"class_list":{"0":"post-504280","1":"product","2":"type-product","3":"status-publish","4":"has-post-thumbnail","6":"pwb-brand-murdock-london","7":"product_cat-apres-rasage","8":"product_cat-murdock-london-fr","9":"product_cat-myabo-fr","10":"product_shipping_class-standard-fr","11":"sales-flash-overlay","12":"woocommerce-text-align-center","13":"woocommerce-image-align-center","14":"do-quantity-buttons","15":"has-subscription-plans","17":"first","18":"instock","19":"taxable","20":"shipping-taxable","21":"purchasable","22":"product-type-simple"},"acf":[],"yoast_head":"<!-- This site is optimized with the Yoast SEO Premium plugin v27.3 (Yoast SEO v27.3) - https:\/\/yoast.com\/product\/yoast-seo-premium-wordpress\/ -->\n<title>Murdock London Traitement contre les poils incarn\u00e9s| Manskin.ch<\/title>\n<meta name=\"description\" content=\"Fini les poils incarn\u00e9s! Le traitement Murdock London Ingrown Hair Treatment Face &amp; Body assure une exfoliation douce et un teint clair.\" \/>\n<meta name=\"robots\" content=\"index, follow, max-snippet:-1, max-image-preview:large, max-video-preview:-1\" \/>\n<link rel=\"canonical\" href=\"https:\/\/manskin.ch\/fr\/produkt\/murdock-london-ingrown-hair-treatment-face-body\/\" \/>\n<meta property=\"og:locale\" content=\"fr_FR\" \/>\n<meta property=\"og:type\" content=\"article\" \/>\n<meta property=\"og:title\" content=\"Murdock London - Ingrown Hair Treatment Face &amp; Body\" \/>\n<meta property=\"og:description\" content=\"Fini les poils incarn\u00e9s! Le traitement Murdock London Ingrown Hair Treatment Face &amp; Body assure une exfoliation douce et un teint clair.\" \/>\n<meta property=\"og:url\" content=\"https:\/\/manskin.ch\/fr\/produkt\/murdock-london-ingrown-hair-treatment-face-body\/\" \/>\n<meta property=\"og:site_name\" content=\"Manskin.ch\" \/>\n<meta property=\"article:publisher\" content=\"https:\/\/www.facebook.com\/manskin.ch\" \/>\n<meta property=\"article:modified_time\" content=\"2026-01-14T12:56:25+00:00\" \/>\n<meta property=\"og:image\" content=\"https:\/\/manskin.ch\/wp-content\/uploads\/2026\/01\/Murdock-London-Ingrown-Hair.jpg\" \/>\n\t<meta property=\"og:image:width\" content=\"1000\" \/>\n\t<meta property=\"og:image:height\" content=\"1000\" \/>\n\t<meta property=\"og:image:type\" content=\"image\/jpeg\" \/>\n<meta name=\"twitter:card\" content=\"summary_large_image\" \/>\n<meta name=\"twitter:label1\" content=\"Prix\" \/>\n\t<meta name=\"twitter:data1\" content=\"35.00&#067;&#072;&#070;\" \/>\n\t<meta name=\"twitter:label2\" content=\"Disponibilit\u00e9\" \/>\n\t<meta name=\"twitter:data2\" content=\"En stock\" \/>\n<script type=\"application\/ld+json\" class=\"yoast-schema-graph\">{\"@context\":\"https:\\\/\\\/schema.org\",\"@graph\":[{\"@type\":\"WebPage\",\"@id\":\"https:\\\/\\\/manskin.ch\\\/fr\\\/produkt\\\/murdock-london-ingrown-hair-treatment-face-body\\\/\",\"url\":\"https:\\\/\\\/manskin.ch\\\/fr\\\/produkt\\\/murdock-london-ingrown-hair-treatment-face-body\\\/\",\"name\":\"Murdock London Traitement contre les poils incarn\u00e9s| Manskin.ch\",\"isPartOf\":{\"@id\":\"https:\\\/\\\/manskin.ch\\\/fr\\\/#website\"},\"primaryImageOfPage\":{\"@id\":\"https:\\\/\\\/manskin.ch\\\/fr\\\/produkt\\\/murdock-london-ingrown-hair-treatment-face-body\\\/#primaryimage\"},\"image\":{\"@id\":\"https:\\\/\\\/manskin.ch\\\/fr\\\/produkt\\\/murdock-london-ingrown-hair-treatment-face-body\\\/#primaryimage\"},\"thumbnailUrl\":\"https:\\\/\\\/manskin.ch\\\/wp-content\\\/uploads\\\/2026\\\/01\\\/Murdock-London-Ingrown-Hair.jpg\",\"datePublished\":\"2026-01-14T10:17:34+00:00\",\"dateModified\":\"2026-01-14T12:56:25+00:00\",\"description\":\"Fini les poils incarn\u00e9s! Le traitement Murdock London Ingrown Hair Treatment Face & Body assure une exfoliation douce et un teint clair.\",\"breadcrumb\":{\"@id\":\"https:\\\/\\\/manskin.ch\\\/fr\\\/produkt\\\/murdock-london-ingrown-hair-treatment-face-body\\\/#breadcrumb\"},\"inLanguage\":\"fr-FR\",\"potentialAction\":[{\"@type\":\"ReadAction\",\"target\":[\"https:\\\/\\\/manskin.ch\\\/fr\\\/produkt\\\/murdock-london-ingrown-hair-treatment-face-body\\\/\"]}]},{\"@type\":\"ImageObject\",\"inLanguage\":\"fr-FR\",\"@id\":\"https:\\\/\\\/manskin.ch\\\/fr\\\/produkt\\\/murdock-london-ingrown-hair-treatment-face-body\\\/#primaryimage\",\"url\":\"https:\\\/\\\/manskin.ch\\\/wp-content\\\/uploads\\\/2026\\\/01\\\/Murdock-London-Ingrown-Hair.jpg\",\"contentUrl\":\"https:\\\/\\\/manskin.ch\\\/wp-content\\\/uploads\\\/2026\\\/01\\\/Murdock-London-Ingrown-Hair.jpg\",\"width\":1000,\"height\":1000},{\"@type\":\"BreadcrumbList\",\"@id\":\"https:\\\/\\\/manskin.ch\\\/fr\\\/produkt\\\/murdock-london-ingrown-hair-treatment-face-body\\\/#breadcrumb\",\"itemListElement\":[{\"@type\":\"ListItem\",\"position\":1,\"name\":\"Startseite\",\"item\":\"https:\\\/\\\/manskin.ch\\\/fr\\\/\"},{\"@type\":\"ListItem\",\"position\":2,\"name\":\"Boutique\",\"item\":\"https:\\\/\\\/manskin.ch\\\/fr\\\/boutique\\\/\"},{\"@type\":\"ListItem\",\"position\":3,\"name\":\"Murdock London &#8211; Ingrown Hair Treatment Face &amp; Body\"}]},{\"@type\":\"WebSite\",\"@id\":\"https:\\\/\\\/manskin.ch\\\/fr\\\/#website\",\"url\":\"https:\\\/\\\/manskin.ch\\\/fr\\\/\",\"name\":\"Manskin.ch\",\"description\":\"Tous les produits de beaut\u00e9 pour les hommes les plus exigeants\",\"publisher\":{\"@id\":\"https:\\\/\\\/manskin.ch\\\/fr\\\/#organization\"},\"potentialAction\":[{\"@type\":\"SearchAction\",\"target\":{\"@type\":\"EntryPoint\",\"urlTemplate\":\"https:\\\/\\\/manskin.ch\\\/fr\\\/?s={search_term_string}\"},\"query-input\":{\"@type\":\"PropertyValueSpecification\",\"valueRequired\":true,\"valueName\":\"search_term_string\"}}],\"inLanguage\":\"fr-FR\"},{\"@type\":\"Organization\",\"@id\":\"https:\\\/\\\/manskin.ch\\\/fr\\\/#organization\",\"name\":\"Manskin.ch - der Schweizer Onlineshop f\u00fcr qualit\u00e4tsstarke M\u00e4nnerpflege\",\"url\":\"https:\\\/\\\/manskin.ch\\\/fr\\\/\",\"logo\":{\"@type\":\"ImageObject\",\"inLanguage\":\"fr-FR\",\"@id\":\"https:\\\/\\\/manskin.ch\\\/fr\\\/#\\\/schema\\\/logo\\\/image\\\/\",\"url\":\"https:\\\/\\\/manskin.ch\\\/wp-content\\\/uploads\\\/2021\\\/04\\\/cropped-logo_head.png\",\"contentUrl\":\"https:\\\/\\\/manskin.ch\\\/wp-content\\\/uploads\\\/2021\\\/04\\\/cropped-logo_head.png\",\"width\":235,\"height\":75,\"caption\":\"Manskin.ch - der Schweizer Onlineshop f\u00fcr qualit\u00e4tsstarke M\u00e4nnerpflege\"},\"image\":{\"@id\":\"https:\\\/\\\/manskin.ch\\\/fr\\\/#\\\/schema\\\/logo\\\/image\\\/\"},\"sameAs\":[\"https:\\\/\\\/www.facebook.com\\\/manskin.ch\",\"https:\\\/\\\/www.instagram.com\\\/manskin.ch\\\/\"]}]}<\/script>\n<meta property=\"product:price:amount\" content=\"35.00\" \/>\n<meta property=\"product:price:currency\" content=\"CHF\" \/>\n<meta property=\"og:availability\" content=\"instock\" \/>\n<meta property=\"product:availability\" content=\"instock\" \/>\n<meta property=\"product:retailer_item_id\" content=\"14415\" \/>\n<meta property=\"product:condition\" content=\"new\" \/>\n<!-- \/ Yoast SEO Premium plugin. -->","yoast_head_json":{"title":"Murdock London Traitement contre les poils incarn\u00e9s| Manskin.ch","description":"Fini les poils incarn\u00e9s! Le traitement Murdock London Ingrown Hair Treatment Face & Body assure une exfoliation douce et un teint clair.","robots":{"index":"index","follow":"follow","max-snippet":"max-snippet:-1","max-image-preview":"max-image-preview:large","max-video-preview":"max-video-preview:-1"},"canonical":"https:\/\/manskin.ch\/fr\/produkt\/murdock-london-ingrown-hair-treatment-face-body\/","og_locale":"fr_FR","og_type":"article","og_title":"Murdock London - Ingrown Hair Treatment Face &amp; Body","og_description":"Fini les poils incarn\u00e9s! Le traitement Murdock London Ingrown Hair Treatment Face & Body assure une exfoliation douce et un teint clair.","og_url":"https:\/\/manskin.ch\/fr\/produkt\/murdock-london-ingrown-hair-treatment-face-body\/","og_site_name":"Manskin.ch","article_publisher":"https:\/\/www.facebook.com\/manskin.ch","article_modified_time":"2026-01-14T12:56:25+00:00","og_image":[{"width":1000,"height":1000,"url":"https:\/\/manskin.ch\/wp-content\/uploads\/2026\/01\/Murdock-London-Ingrown-Hair.jpg","type":"image\/jpeg"}],"twitter_card":"summary_large_image","twitter_misc":{"Prix":"35.00&#67;&#72;&#70;","Disponibilit\u00e9":"En stock"},"schema":{"@context":"https:\/\/schema.org","@graph":[{"@type":"WebPage","@id":"https:\/\/manskin.ch\/fr\/produkt\/murdock-london-ingrown-hair-treatment-face-body\/","url":"https:\/\/manskin.ch\/fr\/produkt\/murdock-london-ingrown-hair-treatment-face-body\/","name":"Murdock London Traitement contre les poils incarn\u00e9s| Manskin.ch","isPartOf":{"@id":"https:\/\/manskin.ch\/fr\/#website"},"primaryImageOfPage":{"@id":"https:\/\/manskin.ch\/fr\/produkt\/murdock-london-ingrown-hair-treatment-face-body\/#primaryimage"},"image":{"@id":"https:\/\/manskin.ch\/fr\/produkt\/murdock-london-ingrown-hair-treatment-face-body\/#primaryimage"},"thumbnailUrl":"https:\/\/manskin.ch\/wp-content\/uploads\/2026\/01\/Murdock-London-Ingrown-Hair.jpg","datePublished":"2026-01-14T10:17:34+00:00","dateModified":"2026-01-14T12:56:25+00:00","description":"Fini les poils incarn\u00e9s! Le traitement Murdock London Ingrown Hair Treatment Face & Body assure une exfoliation douce et un teint clair.","breadcrumb":{"@id":"https:\/\/manskin.ch\/fr\/produkt\/murdock-london-ingrown-hair-treatment-face-body\/#breadcrumb"},"inLanguage":"fr-FR","potentialAction":[{"@type":"ReadAction","target":["https:\/\/manskin.ch\/fr\/produkt\/murdock-london-ingrown-hair-treatment-face-body\/"]}]},{"@type":"ImageObject","inLanguage":"fr-FR","@id":"https:\/\/manskin.ch\/fr\/produkt\/murdock-london-ingrown-hair-treatment-face-body\/#primaryimage","url":"https:\/\/manskin.ch\/wp-content\/uploads\/2026\/01\/Murdock-London-Ingrown-Hair.jpg","contentUrl":"https:\/\/manskin.ch\/wp-content\/uploads\/2026\/01\/Murdock-London-Ingrown-Hair.jpg","width":1000,"height":1000},{"@type":"BreadcrumbList","@id":"https:\/\/manskin.ch\/fr\/produkt\/murdock-london-ingrown-hair-treatment-face-body\/#breadcrumb","itemListElement":[{"@type":"ListItem","position":1,"name":"Startseite","item":"https:\/\/manskin.ch\/fr\/"},{"@type":"ListItem","position":2,"name":"Boutique","item":"https:\/\/manskin.ch\/fr\/boutique\/"},{"@type":"ListItem","position":3,"name":"Murdock London &#8211; Ingrown Hair Treatment Face &amp; Body"}]},{"@type":"WebSite","@id":"https:\/\/manskin.ch\/fr\/#website","url":"https:\/\/manskin.ch\/fr\/","name":"Manskin.ch","description":"Tous les produits de beaut\u00e9 pour les hommes les plus exigeants","publisher":{"@id":"https:\/\/manskin.ch\/fr\/#organization"},"potentialAction":[{"@type":"SearchAction","target":{"@type":"EntryPoint","urlTemplate":"https:\/\/manskin.ch\/fr\/?s={search_term_string}"},"query-input":{"@type":"PropertyValueSpecification","valueRequired":true,"valueName":"search_term_string"}}],"inLanguage":"fr-FR"},{"@type":"Organization","@id":"https:\/\/manskin.ch\/fr\/#organization","name":"Manskin.ch - der Schweizer Onlineshop f\u00fcr qualit\u00e4tsstarke M\u00e4nnerpflege","url":"https:\/\/manskin.ch\/fr\/","logo":{"@type":"ImageObject","inLanguage":"fr-FR","@id":"https:\/\/manskin.ch\/fr\/#\/schema\/logo\/image\/","url":"https:\/\/manskin.ch\/wp-content\/uploads\/2021\/04\/cropped-logo_head.png","contentUrl":"https:\/\/manskin.ch\/wp-content\/uploads\/2021\/04\/cropped-logo_head.png","width":235,"height":75,"caption":"Manskin.ch - der Schweizer Onlineshop f\u00fcr qualit\u00e4tsstarke M\u00e4nnerpflege"},"image":{"@id":"https:\/\/manskin.ch\/fr\/#\/schema\/logo\/image\/"},"sameAs":["https:\/\/www.facebook.com\/manskin.ch","https:\/\/www.instagram.com\/manskin.ch\/"]}]},"product_price_amount":"35.00","product_price_currency":"CHF","og_availability":"instock","product_availability":"instock","product_retailer_item_id":"14415","product_condition":"new"},"brands":[{"id":2752,"name":"Murdock London","slug":"murdock-london"}],"_links":{"self":[{"href":"https:\/\/manskin.ch\/fr\/wp-json\/wp\/v2\/product\/504280","targetHints":{"allow":["GET"]}}],"collection":[{"href":"https:\/\/manskin.ch\/fr\/wp-json\/wp\/v2\/product"}],"about":[{"href":"https:\/\/manskin.ch\/fr\/wp-json\/wp\/v2\/types\/product"}],"replies":[{"embeddable":true,"href":"https:\/\/manskin.ch\/fr\/wp-json\/wp\/v2\/comments?post=504280"}],"wp:featuredmedia":[{"embeddable":true,"href":"https:\/\/manskin.ch\/fr\/wp-json\/wp\/v2\/media\/504277"}],"wp:attachment":[{"href":"https:\/\/manskin.ch\/fr\/wp-json\/wp\/v2\/media?parent=504280"}],"wp:term":[{"taxonomy":"pwb-brand","embeddable":true,"href":"https:\/\/manskin.ch\/fr\/wp-json\/wp\/v2\/pwb-brand?post=504280"},{"taxonomy":"product_brand","embeddable":true,"href":"https:\/\/manskin.ch\/fr\/wp-json\/wp\/v2\/product_brand?post=504280"},{"taxonomy":"product_cat","embeddable":true,"href":"https:\/\/manskin.ch\/fr\/wp-json\/wp\/v2\/product_cat?post=504280"},{"taxonomy":"product_tag","embeddable":true,"href":"https:\/\/manskin.ch\/fr\/wp-json\/wp\/v2\/product_tag?post=504280"}],"curies":[{"name":"wp","href":"https:\/\/api.w.org\/{rel}","templated":true}]}}