{"id":504037,"date":"2025-12-18T08:11:56","date_gmt":"2025-12-18T07:11:56","guid":{"rendered":"https:\/\/manskin.ch\/produkt\/muehle-petite-trousse-en-cuir-avec-rasoir-gillette-fusion-et-blaireau\/"},"modified":"2026-01-14T13:57:02","modified_gmt":"2026-01-14T12:57:02","slug":"muehle-petite-trousse-en-cuir-avec-rasoir-gillette-fusion-et-blaireau","status":"publish","type":"product","link":"https:\/\/manskin.ch\/fr\/produkt\/muehle-petite-trousse-en-cuir-avec-rasoir-gillette-fusion-et-blaireau\/","title":{"rendered":"M\u00dcHLE &#8211; Petite trousse en cuir avec rasoir Gillette\u00ae Fusion\u2122 et blaireau"},"content":{"rendered":"<h3 class=\"p1\">M\u00dcHLE &#8211; Petite trousse de toilette en cuir de vachette avec rasoir Gillette\u00ae Fusion\u2122 et blaireau de voyage<\/h3>\n<p class=\"p2\">Voyage avec style et substance.<br \/>\nM\u00eame en voyage, ton rituel de soins quotidien m\u00e9rite une qualit\u00e9 sans compromis. Cette petite trousse de toilette M\u00dcHLE allie un design fonctionnel, un savoir-faire artisanal authentique et des mat\u00e9riaux durables \u2013 pour les hommes exigeants.<\/p>\n<ul>\n<li class=\"p3\">La trousse est fabriqu\u00e9e dans une manufacture r\u00e9gionale. Le cuir de vachette tann\u00e9 v\u00e9g\u00e9tal est d\u00e9lib\u00e9r\u00e9ment laiss\u00e9 \u00e0 l&rsquo;\u00e9tat naturel, robuste et d\u00e9veloppe avec le temps une patine pleine de caract\u00e8re qui refl\u00e8te chaque voyage et chaque propri\u00e9taire. Les petites nuances de couleur ou les fines marques ne sont pas des d\u00e9fauts, mais l&rsquo;expression de l&rsquo;origine naturelle du cuir.<\/li>\n<\/ul>\n<p>\u00c0 l&rsquo;int\u00e9rieur se trouve un kit de voyage parfaitement assorti:<\/p>\n<ul>\n<li class=\"p3\">un blaireau de voyage avec des fibres Silvertip Fibre\u00ae (diam\u00e8tre de la t\u00eate 21 mm) pour une mousse excellente et une utilisation douce<\/li>\n<li class=\"p3\">un rasoir Gillette\u00ae Fusion\u2122 \u00e0 5 lames avec un manche chrom\u00e9 argent\u00e9 brillant pour un rasage de pr\u00e8s et confortable<\/li>\n<\/ul>\n<p class=\"p2\">Points forts :<\/p>\n<ul>\n<li class=\"p3\">Trousse de toilette haut de gamme en cuir de vachette tann\u00e9 v\u00e9g\u00e9tal<\/li>\n<li class=\"p3\">Durable, r\u00e9sistante, avec une patine individuelle<\/li>\n<li class=\"p3\">Brosse \u00e0 barbe de voyage avec Silvertip Fibre\u00ae incluse<\/li>\n<li class=\"p3\">Rasoir Gillette\u00ae Fusion\u2122 avec manche chrom\u00e9<\/li>\n<\/ul>\n<p>Id\u00e9ale pour voyager avec style sans encombrer<\/p>\n","protected":false},"excerpt":{"rendered":"<p>Trousse de toilette compacte en cuir avec kit de rasage de voyage haut de gamme<\/p>\n","protected":false},"featured_media":504017,"comment_status":"closed","ping_status":"closed","template":"","meta":{"_acf_changed":false},"pwb-brand":[2769],"product_brand":[],"product_cat":[2425,2326,2412,2911],"product_tag":[],"class_list":{"0":"post-504037","1":"product","2":"type-product","3":"status-publish","4":"has-post-thumbnail","6":"pwb-brand-muehle","7":"product_cat-blaireau-new","8":"product_cat-cadeaux","9":"product_cat-muehle-fr","10":"product_cat-travel-sport","11":"product_shipping_class-standard-fr","12":"sales-flash-overlay","13":"woocommerce-text-align-center","14":"woocommerce-image-align-center","15":"do-quantity-buttons","17":"first","18":"instock","19":"taxable","20":"shipping-taxable","21":"purchasable","22":"product-type-simple"},"acf":[],"yoast_head":"<!-- This site is optimized with the Yoast SEO Premium plugin v27.3 (Yoast SEO v27.3) - https:\/\/yoast.com\/product\/yoast-seo-premium-wordpress\/ -->\n<title>M\u00fchle Trousse avec Gillette Fusion et blaireau | Manskin.ch<\/title>\n<meta name=\"description\" content=\"Profite lors de tes voyages de la trousse haut de gamme en cuir avec Gillette Fusion et blaireau. Le compagnon id\u00e9al pour tout homme \u00e9l\u00e9gant!\" \/>\n<meta name=\"robots\" content=\"index, follow, max-snippet:-1, max-image-preview:large, max-video-preview:-1\" \/>\n<link rel=\"canonical\" href=\"https:\/\/manskin.ch\/fr\/produkt\/muehle-petite-trousse-en-cuir-avec-rasoir-gillette-fusion-et-blaireau\/\" \/>\n<meta property=\"og:locale\" content=\"fr_FR\" \/>\n<meta property=\"og:type\" content=\"article\" \/>\n<meta property=\"og:title\" content=\"M\u00dcHLE - Petite trousse en cuir avec rasoir Gillette\u00ae Fusion\u2122 et blaireau\" \/>\n<meta property=\"og:description\" content=\"Profite lors de tes voyages de la trousse haut de gamme en cuir avec Gillette Fusion et blaireau. Le compagnon id\u00e9al pour tout homme \u00e9l\u00e9gant!\" \/>\n<meta property=\"og:url\" content=\"https:\/\/manskin.ch\/fr\/produkt\/muehle-petite-trousse-en-cuir-avec-rasoir-gillette-fusion-et-blaireau\/\" \/>\n<meta property=\"og:site_name\" content=\"Manskin.ch\" \/>\n<meta property=\"article:publisher\" content=\"https:\/\/www.facebook.com\/manskin.ch\" \/>\n<meta property=\"article:modified_time\" content=\"2026-01-14T12:57:02+00:00\" \/>\n<meta name=\"twitter:card\" content=\"summary_large_image\" \/>\n<meta name=\"twitter:label1\" content=\"Prix\" \/>\n\t<meta name=\"twitter:data1\" content=\"189.00&#067;&#072;&#070;\" \/>\n\t<meta name=\"twitter:label2\" content=\"Disponibilit\u00e9\" \/>\n\t<meta name=\"twitter:data2\" content=\"En stock\" \/>\n<script type=\"application\/ld+json\" class=\"yoast-schema-graph\">{\"@context\":\"https:\\\/\\\/schema.org\",\"@graph\":[{\"@type\":\"WebPage\",\"@id\":\"https:\\\/\\\/manskin.ch\\\/fr\\\/produkt\\\/muehle-petite-trousse-en-cuir-avec-rasoir-gillette-fusion-et-blaireau\\\/\",\"url\":\"https:\\\/\\\/manskin.ch\\\/fr\\\/produkt\\\/muehle-petite-trousse-en-cuir-avec-rasoir-gillette-fusion-et-blaireau\\\/\",\"name\":\"M\u00fchle Trousse avec Gillette Fusion et blaireau | Manskin.ch\",\"isPartOf\":{\"@id\":\"https:\\\/\\\/manskin.ch\\\/fr\\\/#website\"},\"primaryImageOfPage\":{\"@id\":\"https:\\\/\\\/manskin.ch\\\/fr\\\/produkt\\\/muehle-petite-trousse-en-cuir-avec-rasoir-gillette-fusion-et-blaireau\\\/#primaryimage\"},\"image\":{\"@id\":\"https:\\\/\\\/manskin.ch\\\/fr\\\/produkt\\\/muehle-petite-trousse-en-cuir-avec-rasoir-gillette-fusion-et-blaireau\\\/#primaryimage\"},\"thumbnailUrl\":\"https:\\\/\\\/manskin.ch\\\/wp-content\\\/uploads\\\/2025\\\/12\\\/Muehle-Gillette-Rasierpinsel-2-1.jpg\",\"datePublished\":\"2025-12-18T07:11:56+00:00\",\"dateModified\":\"2026-01-14T12:57:02+00:00\",\"description\":\"Profite lors de tes voyages de la trousse haut de gamme en cuir avec Gillette Fusion et blaireau. Le compagnon id\u00e9al pour tout homme \u00e9l\u00e9gant!\",\"breadcrumb\":{\"@id\":\"https:\\\/\\\/manskin.ch\\\/fr\\\/produkt\\\/muehle-petite-trousse-en-cuir-avec-rasoir-gillette-fusion-et-blaireau\\\/#breadcrumb\"},\"inLanguage\":\"fr-FR\",\"potentialAction\":[{\"@type\":\"ReadAction\",\"target\":[\"https:\\\/\\\/manskin.ch\\\/fr\\\/produkt\\\/muehle-petite-trousse-en-cuir-avec-rasoir-gillette-fusion-et-blaireau\\\/\"]}]},{\"@type\":\"ImageObject\",\"inLanguage\":\"fr-FR\",\"@id\":\"https:\\\/\\\/manskin.ch\\\/fr\\\/produkt\\\/muehle-petite-trousse-en-cuir-avec-rasoir-gillette-fusion-et-blaireau\\\/#primaryimage\",\"url\":\"https:\\\/\\\/manskin.ch\\\/wp-content\\\/uploads\\\/2025\\\/12\\\/Muehle-Gillette-Rasierpinsel-2-1.jpg\",\"contentUrl\":\"https:\\\/\\\/manskin.ch\\\/wp-content\\\/uploads\\\/2025\\\/12\\\/Muehle-Gillette-Rasierpinsel-2-1.jpg\",\"width\":1000,\"height\":1000},{\"@type\":\"BreadcrumbList\",\"@id\":\"https:\\\/\\\/manskin.ch\\\/fr\\\/produkt\\\/muehle-petite-trousse-en-cuir-avec-rasoir-gillette-fusion-et-blaireau\\\/#breadcrumb\",\"itemListElement\":[{\"@type\":\"ListItem\",\"position\":1,\"name\":\"Startseite\",\"item\":\"https:\\\/\\\/manskin.ch\\\/fr\\\/\"},{\"@type\":\"ListItem\",\"position\":2,\"name\":\"Boutique Soins pour Hommes &amp; Skincare\",\"item\":\"https:\\\/\\\/manskin.ch\\\/fr\\\/boutique\\\/\"},{\"@type\":\"ListItem\",\"position\":3,\"name\":\"M\u00dcHLE &#8211; Petite trousse en cuir avec rasoir Gillette\u00ae Fusion\u2122 et blaireau\"}]},{\"@type\":\"WebSite\",\"@id\":\"https:\\\/\\\/manskin.ch\\\/fr\\\/#website\",\"url\":\"https:\\\/\\\/manskin.ch\\\/fr\\\/\",\"name\":\"Manskin.ch\",\"description\":\"Tous les produits de beaut\u00e9 pour les hommes les plus exigeants\",\"publisher\":{\"@id\":\"https:\\\/\\\/manskin.ch\\\/fr\\\/#organization\"},\"potentialAction\":[{\"@type\":\"SearchAction\",\"target\":{\"@type\":\"EntryPoint\",\"urlTemplate\":\"https:\\\/\\\/manskin.ch\\\/fr\\\/?s={search_term_string}\"},\"query-input\":{\"@type\":\"PropertyValueSpecification\",\"valueRequired\":true,\"valueName\":\"search_term_string\"}}],\"inLanguage\":\"fr-FR\"},{\"@type\":\"Organization\",\"@id\":\"https:\\\/\\\/manskin.ch\\\/fr\\\/#organization\",\"name\":\"Manskin.ch - der Schweizer Onlineshop f\u00fcr qualit\u00e4tsstarke M\u00e4nnerpflege\",\"url\":\"https:\\\/\\\/manskin.ch\\\/fr\\\/\",\"logo\":{\"@type\":\"ImageObject\",\"inLanguage\":\"fr-FR\",\"@id\":\"https:\\\/\\\/manskin.ch\\\/fr\\\/#\\\/schema\\\/logo\\\/image\\\/\",\"url\":\"https:\\\/\\\/manskin.ch\\\/wp-content\\\/uploads\\\/2021\\\/04\\\/cropped-logo_head.png\",\"contentUrl\":\"https:\\\/\\\/manskin.ch\\\/wp-content\\\/uploads\\\/2021\\\/04\\\/cropped-logo_head.png\",\"width\":235,\"height\":75,\"caption\":\"Manskin.ch - der Schweizer Onlineshop f\u00fcr qualit\u00e4tsstarke M\u00e4nnerpflege\"},\"image\":{\"@id\":\"https:\\\/\\\/manskin.ch\\\/fr\\\/#\\\/schema\\\/logo\\\/image\\\/\"},\"sameAs\":[\"https:\\\/\\\/www.facebook.com\\\/manskin.ch\",\"https:\\\/\\\/www.instagram.com\\\/manskin.ch\\\/\"]}]}<\/script>\n<meta property=\"product:price:amount\" content=\"189.00\" \/>\n<meta property=\"product:price:currency\" content=\"CHF\" \/>\n<meta property=\"og:availability\" content=\"instock\" \/>\n<meta property=\"product:availability\" content=\"instock\" \/>\n<meta property=\"product:retailer_item_id\" content=\"14414\" \/>\n<meta property=\"product:condition\" content=\"new\" \/>\n<!-- \/ Yoast SEO Premium plugin. -->","yoast_head_json":{"title":"M\u00fchle Trousse avec Gillette Fusion et blaireau | Manskin.ch","description":"Profite lors de tes voyages de la trousse haut de gamme en cuir avec Gillette Fusion et blaireau. Le compagnon id\u00e9al pour tout homme \u00e9l\u00e9gant!","robots":{"index":"index","follow":"follow","max-snippet":"max-snippet:-1","max-image-preview":"max-image-preview:large","max-video-preview":"max-video-preview:-1"},"canonical":"https:\/\/manskin.ch\/fr\/produkt\/muehle-petite-trousse-en-cuir-avec-rasoir-gillette-fusion-et-blaireau\/","og_locale":"fr_FR","og_type":"article","og_title":"M\u00dcHLE - Petite trousse en cuir avec rasoir Gillette\u00ae Fusion\u2122 et blaireau","og_description":"Profite lors de tes voyages de la trousse haut de gamme en cuir avec Gillette Fusion et blaireau. Le compagnon id\u00e9al pour tout homme \u00e9l\u00e9gant!","og_url":"https:\/\/manskin.ch\/fr\/produkt\/muehle-petite-trousse-en-cuir-avec-rasoir-gillette-fusion-et-blaireau\/","og_site_name":"Manskin.ch","article_publisher":"https:\/\/www.facebook.com\/manskin.ch","article_modified_time":"2026-01-14T12:57:02+00:00","twitter_card":"summary_large_image","twitter_misc":{"Prix":"189.00&#67;&#72;&#70;","Disponibilit\u00e9":"En stock"},"schema":{"@context":"https:\/\/schema.org","@graph":[{"@type":"WebPage","@id":"https:\/\/manskin.ch\/fr\/produkt\/muehle-petite-trousse-en-cuir-avec-rasoir-gillette-fusion-et-blaireau\/","url":"https:\/\/manskin.ch\/fr\/produkt\/muehle-petite-trousse-en-cuir-avec-rasoir-gillette-fusion-et-blaireau\/","name":"M\u00fchle Trousse avec Gillette Fusion et blaireau | Manskin.ch","isPartOf":{"@id":"https:\/\/manskin.ch\/fr\/#website"},"primaryImageOfPage":{"@id":"https:\/\/manskin.ch\/fr\/produkt\/muehle-petite-trousse-en-cuir-avec-rasoir-gillette-fusion-et-blaireau\/#primaryimage"},"image":{"@id":"https:\/\/manskin.ch\/fr\/produkt\/muehle-petite-trousse-en-cuir-avec-rasoir-gillette-fusion-et-blaireau\/#primaryimage"},"thumbnailUrl":"https:\/\/manskin.ch\/wp-content\/uploads\/2025\/12\/Muehle-Gillette-Rasierpinsel-2-1.jpg","datePublished":"2025-12-18T07:11:56+00:00","dateModified":"2026-01-14T12:57:02+00:00","description":"Profite lors de tes voyages de la trousse haut de gamme en cuir avec Gillette Fusion et blaireau. Le compagnon id\u00e9al pour tout homme \u00e9l\u00e9gant!","breadcrumb":{"@id":"https:\/\/manskin.ch\/fr\/produkt\/muehle-petite-trousse-en-cuir-avec-rasoir-gillette-fusion-et-blaireau\/#breadcrumb"},"inLanguage":"fr-FR","potentialAction":[{"@type":"ReadAction","target":["https:\/\/manskin.ch\/fr\/produkt\/muehle-petite-trousse-en-cuir-avec-rasoir-gillette-fusion-et-blaireau\/"]}]},{"@type":"ImageObject","inLanguage":"fr-FR","@id":"https:\/\/manskin.ch\/fr\/produkt\/muehle-petite-trousse-en-cuir-avec-rasoir-gillette-fusion-et-blaireau\/#primaryimage","url":"https:\/\/manskin.ch\/wp-content\/uploads\/2025\/12\/Muehle-Gillette-Rasierpinsel-2-1.jpg","contentUrl":"https:\/\/manskin.ch\/wp-content\/uploads\/2025\/12\/Muehle-Gillette-Rasierpinsel-2-1.jpg","width":1000,"height":1000},{"@type":"BreadcrumbList","@id":"https:\/\/manskin.ch\/fr\/produkt\/muehle-petite-trousse-en-cuir-avec-rasoir-gillette-fusion-et-blaireau\/#breadcrumb","itemListElement":[{"@type":"ListItem","position":1,"name":"Startseite","item":"https:\/\/manskin.ch\/fr\/"},{"@type":"ListItem","position":2,"name":"Boutique Soins pour Hommes &amp; Skincare","item":"https:\/\/manskin.ch\/fr\/boutique\/"},{"@type":"ListItem","position":3,"name":"M\u00dcHLE &#8211; Petite trousse en cuir avec rasoir Gillette\u00ae Fusion\u2122 et blaireau"}]},{"@type":"WebSite","@id":"https:\/\/manskin.ch\/fr\/#website","url":"https:\/\/manskin.ch\/fr\/","name":"Manskin.ch","description":"Tous les produits de beaut\u00e9 pour les hommes les plus exigeants","publisher":{"@id":"https:\/\/manskin.ch\/fr\/#organization"},"potentialAction":[{"@type":"SearchAction","target":{"@type":"EntryPoint","urlTemplate":"https:\/\/manskin.ch\/fr\/?s={search_term_string}"},"query-input":{"@type":"PropertyValueSpecification","valueRequired":true,"valueName":"search_term_string"}}],"inLanguage":"fr-FR"},{"@type":"Organization","@id":"https:\/\/manskin.ch\/fr\/#organization","name":"Manskin.ch - der Schweizer Onlineshop f\u00fcr qualit\u00e4tsstarke M\u00e4nnerpflege","url":"https:\/\/manskin.ch\/fr\/","logo":{"@type":"ImageObject","inLanguage":"fr-FR","@id":"https:\/\/manskin.ch\/fr\/#\/schema\/logo\/image\/","url":"https:\/\/manskin.ch\/wp-content\/uploads\/2021\/04\/cropped-logo_head.png","contentUrl":"https:\/\/manskin.ch\/wp-content\/uploads\/2021\/04\/cropped-logo_head.png","width":235,"height":75,"caption":"Manskin.ch - der Schweizer Onlineshop f\u00fcr qualit\u00e4tsstarke M\u00e4nnerpflege"},"image":{"@id":"https:\/\/manskin.ch\/fr\/#\/schema\/logo\/image\/"},"sameAs":["https:\/\/www.facebook.com\/manskin.ch","https:\/\/www.instagram.com\/manskin.ch\/"]}]},"product_price_amount":"189.00","product_price_currency":"CHF","og_availability":"instock","product_availability":"instock","product_retailer_item_id":"14414","product_condition":"new"},"brands":[{"id":2769,"name":"M\u00dcHLE","slug":"muehle"}],"_links":{"self":[{"href":"https:\/\/manskin.ch\/fr\/wp-json\/wp\/v2\/product\/504037","targetHints":{"allow":["GET"]}}],"collection":[{"href":"https:\/\/manskin.ch\/fr\/wp-json\/wp\/v2\/product"}],"about":[{"href":"https:\/\/manskin.ch\/fr\/wp-json\/wp\/v2\/types\/product"}],"replies":[{"embeddable":true,"href":"https:\/\/manskin.ch\/fr\/wp-json\/wp\/v2\/comments?post=504037"}],"wp:featuredmedia":[{"embeddable":true,"href":"https:\/\/manskin.ch\/fr\/wp-json\/wp\/v2\/media\/504017"}],"wp:attachment":[{"href":"https:\/\/manskin.ch\/fr\/wp-json\/wp\/v2\/media?parent=504037"}],"wp:term":[{"taxonomy":"pwb-brand","embeddable":true,"href":"https:\/\/manskin.ch\/fr\/wp-json\/wp\/v2\/pwb-brand?post=504037"},{"taxonomy":"product_brand","embeddable":true,"href":"https:\/\/manskin.ch\/fr\/wp-json\/wp\/v2\/product_brand?post=504037"},{"taxonomy":"product_cat","embeddable":true,"href":"https:\/\/manskin.ch\/fr\/wp-json\/wp\/v2\/product_cat?post=504037"},{"taxonomy":"product_tag","embeddable":true,"href":"https:\/\/manskin.ch\/fr\/wp-json\/wp\/v2\/product_tag?post=504037"}],"curies":[{"name":"wp","href":"https:\/\/api.w.org\/{rel}","templated":true}]}}