{"id":503809,"date":"2025-12-02T13:28:44","date_gmt":"2025-12-02T12:28:44","guid":{"rendered":"https:\/\/manskin.ch\/produkt\/salt-stone-bougie-parfumee-fig-violet\/"},"modified":"2025-12-06T18:01:20","modified_gmt":"2025-12-06T17:01:20","slug":"salt-stone-bougie-parfumee-fig-violet","status":"publish","type":"product","link":"https:\/\/manskin.ch\/fr\/produkt\/salt-stone-bougie-parfumee-fig-violet\/","title":{"rendered":"Salt &#038; Stone &#8211; Bougie parfum\u00e9e Fig &#038; Violet"},"content":{"rendered":"<h2 class=\"p1\">Salt &amp; Stone &#8211; Bougie parfum\u00e9e Fig &amp; Violet<\/h2>\n<ul>\n<li class=\"p2\">La bougie Fig &amp; Violet de Salt &amp; Stone transporte votre int\u00e9rieur dans un \u00e9t\u00e9 m\u00e9diterran\u00e9en: des figues noires juteuses se marient \u00e0 la note douce et cr\u00e9meuse du lait de coco, tandis que des feuilles de lierre fra\u00eeches ajoutent une touche verte et naturelle.<\/li>\n<li class=\"p2\">Au c\u0153ur du parfum se d\u00e9ploient la violette douce, le jasmin blanc floral et une touche de basilic, pour une note florale \u00e0 la fois douce et vivante. En fond, la f\u00e8ve tonka chaude, la racine d&rsquo;iris velout\u00e9e et le musc blanc d\u00e9licat apportent de la profondeur et une finale sensuelle et longue en bouche.<\/li>\n<li class=\"p2\">Gr\u00e2ce \u00e0 son m\u00e9lange de cire de coco et de soja de haute qualit\u00e9, cette bougie br\u00fble de mani\u00e8re uniforme et propre, cr\u00e9ant une atmosph\u00e8re chaleureuse, relaxante et \u00e9l\u00e9gante avec son parfum.<\/li>\n<\/ul>\n<p class=\"p3\">Profil olfactif:<\/p>\n<ul>\n<li class=\"p2\">Notes de t\u00eate : figue noire, lait de coco, feuilles de lierre<\/li>\n<li class=\"p2\">Notes de c\u0153ur : violette, jasmin blanc, basilic<\/li>\n<li class=\"p2\">Notes de fond : F\u00e8ve tonka, racine d&rsquo;iris, musc blanc<\/li>\n<\/ul>\n<p class=\"p3\">Caract\u00e9ristiques :<\/p>\n<ul>\n<li class=\"p2\">Cire v\u00e9g\u00e9tale \u00e0 base de noix de coco et de soja<\/li>\n<li class=\"p2\">Combustion propre et r\u00e9guli\u00e8re<\/li>\n<li class=\"p2\">Dur\u00e9e de combustion : jusqu&rsquo;\u00e0 50 heures<\/li>\n<li class=\"p2\">R\u00e9cipient en verre \u2014 simple, \u00e9l\u00e9gant et r\u00e9utilisable<\/li>\n<li class=\"p2\">Vegan et sans additifs synth\u00e9tiques<\/li>\n<\/ul>\n<p class=\"p3\">Exp\u00e9rience :<br \/>\nUn parfum qui rappelle les chaudes soir\u00e9es m\u00e9diterran\u00e9ennes : fruit\u00e9-sucr\u00e9, d\u00e9licatement floral et avec une profondeur discr\u00e8te mais \u00e9l\u00e9gante. Id\u00e9al pour les moments de d\u00e9tente, les soir\u00e9es confortables ou comme cadeau \u00e9l\u00e9gant \u2014 et parfait si vous souhaitez remplir votre int\u00e9rieur d&rsquo;une touche d&rsquo;\u00e9t\u00e9, de chaleur et de naturel.<\/p>\n<p class=\"p3\">Contenu 240 gr.<\/p>\n","protected":false},"excerpt":{"rendered":"<p>Salt &amp; Stone &#8211; Bougie parfum\u00e9e Fig &amp; Violet La bougie Fig &amp; Violet de Salt &amp; Stone transporte votre int\u00e9rieur dans un \u00e9t\u00e9 m\u00e9diterran\u00e9en: des figues noires juteuses se marient \u00e0 la note douce et cr\u00e9meuse du lait de coco, tandis que des feuilles de lierre fra\u00eeches ajoutent une touche verte et naturelle. Au &#8230; <a title=\"Salt &#038; Stone &#8211; Bougie parfum\u00e9e Fig &#038; Violet\" class=\"read-more\" href=\"https:\/\/manskin.ch\/fr\/produkt\/salt-stone-bougie-parfumee-fig-violet\/\" aria-label=\"En savoir plus sur Salt &#038; Stone &#8211; Bougie parfum\u00e9e Fig &#038; Violet\">Lire la suite<\/a><\/p>\n","protected":false},"featured_media":503800,"comment_status":"closed","ping_status":"closed","template":"","meta":{"_acf_changed":false},"pwb-brand":[2780],"product_brand":[],"product_cat":[2392],"product_tag":[],"class_list":{"0":"post-503809","1":"product","2":"type-product","3":"status-publish","4":"has-post-thumbnail","6":"pwb-brand-salt-stone","7":"product_cat-salt-stone-fr","8":"product_shipping_class-standard-fr","9":"sales-flash-overlay","10":"woocommerce-text-align-center","11":"woocommerce-image-align-center","12":"do-quantity-buttons","14":"first","15":"instock","16":"taxable","17":"shipping-taxable","18":"purchasable","19":"product-type-simple"},"acf":[],"yoast_head":"<!-- This site is optimized with the Yoast SEO Premium plugin v27.3 (Yoast SEO v27.3) - https:\/\/yoast.com\/product\/yoast-seo-premium-wordpress\/ -->\n<title>Salt &amp; Stone - Bougie parfum\u00e9e Fig &amp; Violet | Manskin.ch<\/title>\n<meta name=\"description\" content=\"Salt &amp; Stone - Bougie parfum\u00e9e Fig &amp; Violet\" \/>\n<meta name=\"robots\" content=\"index, follow, max-snippet:-1, max-image-preview:large, max-video-preview:-1\" \/>\n<link rel=\"canonical\" href=\"https:\/\/manskin.ch\/fr\/produkt\/salt-stone-bougie-parfumee-fig-violet\/\" \/>\n<meta property=\"og:locale\" content=\"fr_FR\" \/>\n<meta property=\"og:type\" content=\"article\" \/>\n<meta property=\"og:title\" content=\"Salt &amp; Stone - Bougie parfum\u00e9e Fig &amp; Violet\" \/>\n<meta property=\"og:description\" content=\"Salt &amp; Stone - Bougie parfum\u00e9e Fig &amp; Violet\" \/>\n<meta property=\"og:url\" content=\"https:\/\/manskin.ch\/fr\/produkt\/salt-stone-bougie-parfumee-fig-violet\/\" \/>\n<meta property=\"og:site_name\" content=\"Manskin.ch\" \/>\n<meta property=\"article:publisher\" content=\"https:\/\/www.facebook.com\/manskin.ch\" \/>\n<meta property=\"article:modified_time\" content=\"2025-12-06T17:01:20+00:00\" \/>\n<meta name=\"twitter:card\" content=\"summary_large_image\" \/>\n<meta name=\"twitter:label1\" content=\"Prix\" \/>\n\t<meta name=\"twitter:data1\" content=\"55.00&#067;&#072;&#070;\" \/>\n\t<meta name=\"twitter:label2\" content=\"Disponibilit\u00e9\" \/>\n\t<meta name=\"twitter:data2\" content=\"En stock\" \/>\n<script type=\"application\/ld+json\" class=\"yoast-schema-graph\">{\"@context\":\"https:\\\/\\\/schema.org\",\"@graph\":[{\"@type\":\"WebPage\",\"@id\":\"https:\\\/\\\/manskin.ch\\\/fr\\\/produkt\\\/salt-stone-bougie-parfumee-fig-violet\\\/\",\"url\":\"https:\\\/\\\/manskin.ch\\\/fr\\\/produkt\\\/salt-stone-bougie-parfumee-fig-violet\\\/\",\"name\":\"Salt & Stone - Bougie parfum\u00e9e Fig & Violet | Manskin.ch\",\"isPartOf\":{\"@id\":\"https:\\\/\\\/manskin.ch\\\/fr\\\/#website\"},\"primaryImageOfPage\":{\"@id\":\"https:\\\/\\\/manskin.ch\\\/fr\\\/produkt\\\/salt-stone-bougie-parfumee-fig-violet\\\/#primaryimage\"},\"image\":{\"@id\":\"https:\\\/\\\/manskin.ch\\\/fr\\\/produkt\\\/salt-stone-bougie-parfumee-fig-violet\\\/#primaryimage\"},\"thumbnailUrl\":\"https:\\\/\\\/manskin.ch\\\/wp-content\\\/uploads\\\/2025\\\/12\\\/Salt-and-Stone-Candle-Fig-and-Violet.png\",\"datePublished\":\"2025-12-02T12:28:44+00:00\",\"dateModified\":\"2025-12-06T17:01:20+00:00\",\"description\":\"Salt & Stone - Bougie parfum\u00e9e Fig & Violet\",\"breadcrumb\":{\"@id\":\"https:\\\/\\\/manskin.ch\\\/fr\\\/produkt\\\/salt-stone-bougie-parfumee-fig-violet\\\/#breadcrumb\"},\"inLanguage\":\"fr-FR\",\"potentialAction\":[{\"@type\":\"ReadAction\",\"target\":[\"https:\\\/\\\/manskin.ch\\\/fr\\\/produkt\\\/salt-stone-bougie-parfumee-fig-violet\\\/\"]}]},{\"@type\":\"ImageObject\",\"inLanguage\":\"fr-FR\",\"@id\":\"https:\\\/\\\/manskin.ch\\\/fr\\\/produkt\\\/salt-stone-bougie-parfumee-fig-violet\\\/#primaryimage\",\"url\":\"https:\\\/\\\/manskin.ch\\\/wp-content\\\/uploads\\\/2025\\\/12\\\/Salt-and-Stone-Candle-Fig-and-Violet.png\",\"contentUrl\":\"https:\\\/\\\/manskin.ch\\\/wp-content\\\/uploads\\\/2025\\\/12\\\/Salt-and-Stone-Candle-Fig-and-Violet.png\",\"width\":1000,\"height\":1000},{\"@type\":\"BreadcrumbList\",\"@id\":\"https:\\\/\\\/manskin.ch\\\/fr\\\/produkt\\\/salt-stone-bougie-parfumee-fig-violet\\\/#breadcrumb\",\"itemListElement\":[{\"@type\":\"ListItem\",\"position\":1,\"name\":\"Startseite\",\"item\":\"https:\\\/\\\/manskin.ch\\\/fr\\\/\"},{\"@type\":\"ListItem\",\"position\":2,\"name\":\"Boutique Soins pour Hommes &amp; Skincare\",\"item\":\"https:\\\/\\\/manskin.ch\\\/fr\\\/boutique\\\/\"},{\"@type\":\"ListItem\",\"position\":3,\"name\":\"Salt &#038; Stone &#8211; Bougie parfum\u00e9e Fig &#038; Violet\"}]},{\"@type\":\"WebSite\",\"@id\":\"https:\\\/\\\/manskin.ch\\\/fr\\\/#website\",\"url\":\"https:\\\/\\\/manskin.ch\\\/fr\\\/\",\"name\":\"Manskin.ch\",\"description\":\"Tous les produits de beaut\u00e9 pour les hommes les plus exigeants\",\"publisher\":{\"@id\":\"https:\\\/\\\/manskin.ch\\\/fr\\\/#organization\"},\"potentialAction\":[{\"@type\":\"SearchAction\",\"target\":{\"@type\":\"EntryPoint\",\"urlTemplate\":\"https:\\\/\\\/manskin.ch\\\/fr\\\/?s={search_term_string}\"},\"query-input\":{\"@type\":\"PropertyValueSpecification\",\"valueRequired\":true,\"valueName\":\"search_term_string\"}}],\"inLanguage\":\"fr-FR\"},{\"@type\":\"Organization\",\"@id\":\"https:\\\/\\\/manskin.ch\\\/fr\\\/#organization\",\"name\":\"Manskin.ch - der Schweizer Onlineshop f\u00fcr qualit\u00e4tsstarke M\u00e4nnerpflege\",\"url\":\"https:\\\/\\\/manskin.ch\\\/fr\\\/\",\"logo\":{\"@type\":\"ImageObject\",\"inLanguage\":\"fr-FR\",\"@id\":\"https:\\\/\\\/manskin.ch\\\/fr\\\/#\\\/schema\\\/logo\\\/image\\\/\",\"url\":\"https:\\\/\\\/manskin.ch\\\/wp-content\\\/uploads\\\/2021\\\/04\\\/cropped-logo_head.png\",\"contentUrl\":\"https:\\\/\\\/manskin.ch\\\/wp-content\\\/uploads\\\/2021\\\/04\\\/cropped-logo_head.png\",\"width\":235,\"height\":75,\"caption\":\"Manskin.ch - der Schweizer Onlineshop f\u00fcr qualit\u00e4tsstarke M\u00e4nnerpflege\"},\"image\":{\"@id\":\"https:\\\/\\\/manskin.ch\\\/fr\\\/#\\\/schema\\\/logo\\\/image\\\/\"},\"sameAs\":[\"https:\\\/\\\/www.facebook.com\\\/manskin.ch\",\"https:\\\/\\\/www.instagram.com\\\/manskin.ch\\\/\"]}]}<\/script>\n<meta property=\"product:price:amount\" content=\"55.00\" \/>\n<meta property=\"product:price:currency\" content=\"CHF\" \/>\n<meta property=\"og:availability\" content=\"instock\" \/>\n<meta property=\"product:availability\" content=\"instock\" \/>\n<meta property=\"product:retailer_item_id\" content=\"14406\" \/>\n<meta property=\"product:condition\" content=\"new\" \/>\n<!-- \/ Yoast SEO Premium plugin. -->","yoast_head_json":{"title":"Salt & Stone - Bougie parfum\u00e9e Fig & Violet | Manskin.ch","description":"Salt & Stone - Bougie parfum\u00e9e Fig & Violet","robots":{"index":"index","follow":"follow","max-snippet":"max-snippet:-1","max-image-preview":"max-image-preview:large","max-video-preview":"max-video-preview:-1"},"canonical":"https:\/\/manskin.ch\/fr\/produkt\/salt-stone-bougie-parfumee-fig-violet\/","og_locale":"fr_FR","og_type":"article","og_title":"Salt & Stone - Bougie parfum\u00e9e Fig & Violet","og_description":"Salt & Stone - Bougie parfum\u00e9e Fig & Violet","og_url":"https:\/\/manskin.ch\/fr\/produkt\/salt-stone-bougie-parfumee-fig-violet\/","og_site_name":"Manskin.ch","article_publisher":"https:\/\/www.facebook.com\/manskin.ch","article_modified_time":"2025-12-06T17:01:20+00:00","twitter_card":"summary_large_image","twitter_misc":{"Prix":"55.00&#67;&#72;&#70;","Disponibilit\u00e9":"En stock"},"schema":{"@context":"https:\/\/schema.org","@graph":[{"@type":"WebPage","@id":"https:\/\/manskin.ch\/fr\/produkt\/salt-stone-bougie-parfumee-fig-violet\/","url":"https:\/\/manskin.ch\/fr\/produkt\/salt-stone-bougie-parfumee-fig-violet\/","name":"Salt & Stone - Bougie parfum\u00e9e Fig & Violet | Manskin.ch","isPartOf":{"@id":"https:\/\/manskin.ch\/fr\/#website"},"primaryImageOfPage":{"@id":"https:\/\/manskin.ch\/fr\/produkt\/salt-stone-bougie-parfumee-fig-violet\/#primaryimage"},"image":{"@id":"https:\/\/manskin.ch\/fr\/produkt\/salt-stone-bougie-parfumee-fig-violet\/#primaryimage"},"thumbnailUrl":"https:\/\/manskin.ch\/wp-content\/uploads\/2025\/12\/Salt-and-Stone-Candle-Fig-and-Violet.png","datePublished":"2025-12-02T12:28:44+00:00","dateModified":"2025-12-06T17:01:20+00:00","description":"Salt & Stone - Bougie parfum\u00e9e Fig & Violet","breadcrumb":{"@id":"https:\/\/manskin.ch\/fr\/produkt\/salt-stone-bougie-parfumee-fig-violet\/#breadcrumb"},"inLanguage":"fr-FR","potentialAction":[{"@type":"ReadAction","target":["https:\/\/manskin.ch\/fr\/produkt\/salt-stone-bougie-parfumee-fig-violet\/"]}]},{"@type":"ImageObject","inLanguage":"fr-FR","@id":"https:\/\/manskin.ch\/fr\/produkt\/salt-stone-bougie-parfumee-fig-violet\/#primaryimage","url":"https:\/\/manskin.ch\/wp-content\/uploads\/2025\/12\/Salt-and-Stone-Candle-Fig-and-Violet.png","contentUrl":"https:\/\/manskin.ch\/wp-content\/uploads\/2025\/12\/Salt-and-Stone-Candle-Fig-and-Violet.png","width":1000,"height":1000},{"@type":"BreadcrumbList","@id":"https:\/\/manskin.ch\/fr\/produkt\/salt-stone-bougie-parfumee-fig-violet\/#breadcrumb","itemListElement":[{"@type":"ListItem","position":1,"name":"Startseite","item":"https:\/\/manskin.ch\/fr\/"},{"@type":"ListItem","position":2,"name":"Boutique Soins pour Hommes &amp; Skincare","item":"https:\/\/manskin.ch\/fr\/boutique\/"},{"@type":"ListItem","position":3,"name":"Salt &#038; Stone &#8211; Bougie parfum\u00e9e Fig &#038; Violet"}]},{"@type":"WebSite","@id":"https:\/\/manskin.ch\/fr\/#website","url":"https:\/\/manskin.ch\/fr\/","name":"Manskin.ch","description":"Tous les produits de beaut\u00e9 pour les hommes les plus exigeants","publisher":{"@id":"https:\/\/manskin.ch\/fr\/#organization"},"potentialAction":[{"@type":"SearchAction","target":{"@type":"EntryPoint","urlTemplate":"https:\/\/manskin.ch\/fr\/?s={search_term_string}"},"query-input":{"@type":"PropertyValueSpecification","valueRequired":true,"valueName":"search_term_string"}}],"inLanguage":"fr-FR"},{"@type":"Organization","@id":"https:\/\/manskin.ch\/fr\/#organization","name":"Manskin.ch - der Schweizer Onlineshop f\u00fcr qualit\u00e4tsstarke M\u00e4nnerpflege","url":"https:\/\/manskin.ch\/fr\/","logo":{"@type":"ImageObject","inLanguage":"fr-FR","@id":"https:\/\/manskin.ch\/fr\/#\/schema\/logo\/image\/","url":"https:\/\/manskin.ch\/wp-content\/uploads\/2021\/04\/cropped-logo_head.png","contentUrl":"https:\/\/manskin.ch\/wp-content\/uploads\/2021\/04\/cropped-logo_head.png","width":235,"height":75,"caption":"Manskin.ch - der Schweizer Onlineshop f\u00fcr qualit\u00e4tsstarke M\u00e4nnerpflege"},"image":{"@id":"https:\/\/manskin.ch\/fr\/#\/schema\/logo\/image\/"},"sameAs":["https:\/\/www.facebook.com\/manskin.ch","https:\/\/www.instagram.com\/manskin.ch\/"]}]},"product_price_amount":"55.00","product_price_currency":"CHF","og_availability":"instock","product_availability":"instock","product_retailer_item_id":"14406","product_condition":"new"},"brands":[{"id":2780,"name":"Salt &amp; Stone","slug":"salt-stone"}],"_links":{"self":[{"href":"https:\/\/manskin.ch\/fr\/wp-json\/wp\/v2\/product\/503809","targetHints":{"allow":["GET"]}}],"collection":[{"href":"https:\/\/manskin.ch\/fr\/wp-json\/wp\/v2\/product"}],"about":[{"href":"https:\/\/manskin.ch\/fr\/wp-json\/wp\/v2\/types\/product"}],"replies":[{"embeddable":true,"href":"https:\/\/manskin.ch\/fr\/wp-json\/wp\/v2\/comments?post=503809"}],"wp:featuredmedia":[{"embeddable":true,"href":"https:\/\/manskin.ch\/fr\/wp-json\/wp\/v2\/media\/503800"}],"wp:attachment":[{"href":"https:\/\/manskin.ch\/fr\/wp-json\/wp\/v2\/media?parent=503809"}],"wp:term":[{"taxonomy":"pwb-brand","embeddable":true,"href":"https:\/\/manskin.ch\/fr\/wp-json\/wp\/v2\/pwb-brand?post=503809"},{"taxonomy":"product_brand","embeddable":true,"href":"https:\/\/manskin.ch\/fr\/wp-json\/wp\/v2\/product_brand?post=503809"},{"taxonomy":"product_cat","embeddable":true,"href":"https:\/\/manskin.ch\/fr\/wp-json\/wp\/v2\/product_cat?post=503809"},{"taxonomy":"product_tag","embeddable":true,"href":"https:\/\/manskin.ch\/fr\/wp-json\/wp\/v2\/product_tag?post=503809"}],"curies":[{"name":"wp","href":"https:\/\/api.w.org\/{rel}","templated":true}]}}