{"id":503796,"date":"2025-12-06T16:22:45","date_gmt":"2025-12-06T15:22:45","guid":{"rendered":"https:\/\/manskin.ch\/produkt\/gaisbock-2-en-1-shampooing-gel-douche-50-ml\/"},"modified":"2025-12-06T16:55:58","modified_gmt":"2025-12-06T15:55:58","slug":"gaisbock-2-en-1-shampooing-gel-douche-50-ml","status":"publish","type":"product","link":"https:\/\/manskin.ch\/fr\/produkt\/gaisbock-2-en-1-shampooing-gel-douche-50-ml\/","title":{"rendered":"Gaisbock &#8211; 2 en 1 shampooing &#038; gel douche 50 ml"},"content":{"rendered":"<h2 class=\"p1\">Gaisbock &#8211; 2 en 1 shampooing &amp; gel douche 50 ml<\/h2>\n<ul>\n<li class=\"p2\">Pour ceux qui ont plus d&rsquo;un tour dans leur sac.<\/li>\n<li class=\"p2\">Soin 2 en 1 pour cheveux et corps.Appliquer, laisser mousser, rincer. Termin\u00e9.<\/li>\n<li class=\"p2\">Avec des substances actives naturelles.<\/li>\n<li class=\"p2\">Effet: Soigne la peau et renforce les cheveux.<\/li>\n<li class=\"p2\">Antioxydant. Apaisant. Prot\u00e8ge les cellules de la peau (capteur de radicaux libres id\u00e9al).<\/li>\n<li class=\"p2\">Purifiant, stimule le m\u00e9tabolisme de la peau.<\/li>\n<li class=\"p2\">Pratique pour le sport ou voyage.<\/li>\n<\/ul>\n<p>Contenu 50 ml.<\/p>\n","protected":false},"excerpt":{"rendered":"<p>Avec de l&rsquo;edelweiss bio<\/p>\n","protected":false},"featured_media":503794,"comment_status":"closed","ping_status":"closed","template":"","meta":{"_acf_changed":false},"pwb-brand":[2842],"product_brand":[],"product_cat":[2414,2843,2357,1948,2911],"product_tag":[],"class_list":{"0":"post-503796","1":"product","2":"type-product","3":"status-publish","4":"has-post-thumbnail","6":"pwb-brand-gaisbock","7":"product_cat-cosmetique-naturelle","8":"product_cat-gaisbock-fr","9":"product_cat-nettoyant-corps","10":"product_cat-shampoing-conditioner","11":"product_cat-travel-sport","12":"product_shipping_class-standard-fr","13":"sales-flash-overlay","14":"woocommerce-text-align-center","15":"woocommerce-image-align-center","16":"do-quantity-buttons","18":"first","19":"instock","20":"taxable","21":"shipping-taxable","22":"purchasable","23":"product-type-simple"},"acf":[],"yoast_head":"<!-- This site is optimized with the Yoast SEO Premium plugin v27.3 (Yoast SEO v27.3) - https:\/\/yoast.com\/product\/yoast-seo-premium-wordpress\/ -->\n<title>Gaisbock - 2 en 1 shampooing &amp; gel douche 50 ml | Manskin.ch<\/title>\n<meta name=\"description\" content=\"Le shampooing Gaisbock est ton produit de soin tout-en-un. Offre \u00e0 tes cheveux fra\u00eecheur et \u00e0 ta peau soin gr\u00e2ce \u00e0 des ingr\u00e9dients 100 % naturels!\" \/>\n<meta name=\"robots\" content=\"index, follow, max-snippet:-1, max-image-preview:large, max-video-preview:-1\" \/>\n<link rel=\"canonical\" href=\"https:\/\/manskin.ch\/fr\/produkt\/gaisbock-2-en-1-shampooing-gel-douche-50-ml\/\" \/>\n<meta property=\"og:locale\" content=\"fr_FR\" \/>\n<meta property=\"og:type\" content=\"article\" \/>\n<meta property=\"og:title\" content=\"Gaisbock - 2 en 1 shampooing &amp; gel douche 50 ml\" \/>\n<meta property=\"og:description\" content=\"Le shampooing Gaisbock est ton produit de soin tout-en-un. Offre \u00e0 tes cheveux fra\u00eecheur et \u00e0 ta peau soin gr\u00e2ce \u00e0 des ingr\u00e9dients 100 % naturels!\" \/>\n<meta property=\"og:url\" content=\"https:\/\/manskin.ch\/fr\/produkt\/gaisbock-2-en-1-shampooing-gel-douche-50-ml\/\" \/>\n<meta property=\"og:site_name\" content=\"Manskin.ch\" \/>\n<meta property=\"article:publisher\" content=\"https:\/\/www.facebook.com\/manskin.ch\" \/>\n<meta property=\"article:modified_time\" content=\"2025-12-06T15:55:58+00:00\" \/>\n<meta property=\"og:image\" content=\"https:\/\/manskin.ch\/wp-content\/uploads\/2025\/12\/Gaisbock-Shampoo-Travel.jpg\" \/>\n\t<meta property=\"og:image:width\" content=\"1000\" \/>\n\t<meta property=\"og:image:height\" content=\"1000\" \/>\n\t<meta property=\"og:image:type\" content=\"image\/jpeg\" \/>\n<meta name=\"twitter:card\" content=\"summary_large_image\" \/>\n<meta name=\"twitter:label1\" content=\"Prix\" \/>\n\t<meta name=\"twitter:data1\" content=\"7.90&#067;&#072;&#070;\" \/>\n\t<meta name=\"twitter:label2\" content=\"Disponibilit\u00e9\" \/>\n\t<meta name=\"twitter:data2\" content=\"En stock\" \/>\n<script type=\"application\/ld+json\" class=\"yoast-schema-graph\">{\"@context\":\"https:\\\/\\\/schema.org\",\"@graph\":[{\"@type\":\"WebPage\",\"@id\":\"https:\\\/\\\/manskin.ch\\\/fr\\\/produkt\\\/gaisbock-2-en-1-shampooing-gel-douche-50-ml\\\/\",\"url\":\"https:\\\/\\\/manskin.ch\\\/fr\\\/produkt\\\/gaisbock-2-en-1-shampooing-gel-douche-50-ml\\\/\",\"name\":\"Gaisbock - 2 en 1 shampooing & gel douche 50 ml | Manskin.ch\",\"isPartOf\":{\"@id\":\"https:\\\/\\\/manskin.ch\\\/fr\\\/#website\"},\"primaryImageOfPage\":{\"@id\":\"https:\\\/\\\/manskin.ch\\\/fr\\\/produkt\\\/gaisbock-2-en-1-shampooing-gel-douche-50-ml\\\/#primaryimage\"},\"image\":{\"@id\":\"https:\\\/\\\/manskin.ch\\\/fr\\\/produkt\\\/gaisbock-2-en-1-shampooing-gel-douche-50-ml\\\/#primaryimage\"},\"thumbnailUrl\":\"https:\\\/\\\/manskin.ch\\\/wp-content\\\/uploads\\\/2025\\\/12\\\/Gaisbock-Shampoo-Travel.jpg\",\"datePublished\":\"2025-12-06T15:22:45+00:00\",\"dateModified\":\"2025-12-06T15:55:58+00:00\",\"description\":\"Le shampooing Gaisbock est ton produit de soin tout-en-un. Offre \u00e0 tes cheveux fra\u00eecheur et \u00e0 ta peau soin gr\u00e2ce \u00e0 des ingr\u00e9dients 100 % naturels!\",\"breadcrumb\":{\"@id\":\"https:\\\/\\\/manskin.ch\\\/fr\\\/produkt\\\/gaisbock-2-en-1-shampooing-gel-douche-50-ml\\\/#breadcrumb\"},\"inLanguage\":\"fr-FR\",\"potentialAction\":[{\"@type\":\"ReadAction\",\"target\":[\"https:\\\/\\\/manskin.ch\\\/fr\\\/produkt\\\/gaisbock-2-en-1-shampooing-gel-douche-50-ml\\\/\"]}]},{\"@type\":\"ImageObject\",\"inLanguage\":\"fr-FR\",\"@id\":\"https:\\\/\\\/manskin.ch\\\/fr\\\/produkt\\\/gaisbock-2-en-1-shampooing-gel-douche-50-ml\\\/#primaryimage\",\"url\":\"https:\\\/\\\/manskin.ch\\\/wp-content\\\/uploads\\\/2025\\\/12\\\/Gaisbock-Shampoo-Travel.jpg\",\"contentUrl\":\"https:\\\/\\\/manskin.ch\\\/wp-content\\\/uploads\\\/2025\\\/12\\\/Gaisbock-Shampoo-Travel.jpg\",\"width\":1000,\"height\":1000},{\"@type\":\"BreadcrumbList\",\"@id\":\"https:\\\/\\\/manskin.ch\\\/fr\\\/produkt\\\/gaisbock-2-en-1-shampooing-gel-douche-50-ml\\\/#breadcrumb\",\"itemListElement\":[{\"@type\":\"ListItem\",\"position\":1,\"name\":\"Startseite\",\"item\":\"https:\\\/\\\/manskin.ch\\\/fr\\\/\"},{\"@type\":\"ListItem\",\"position\":2,\"name\":\"Boutique\",\"item\":\"https:\\\/\\\/manskin.ch\\\/fr\\\/boutique\\\/\"},{\"@type\":\"ListItem\",\"position\":3,\"name\":\"Gaisbock &#8211; 2 en 1 shampooing &#038; gel douche 50 ml\"}]},{\"@type\":\"WebSite\",\"@id\":\"https:\\\/\\\/manskin.ch\\\/fr\\\/#website\",\"url\":\"https:\\\/\\\/manskin.ch\\\/fr\\\/\",\"name\":\"Manskin.ch\",\"description\":\"Tous les produits de beaut\u00e9 pour les hommes les plus exigeants\",\"publisher\":{\"@id\":\"https:\\\/\\\/manskin.ch\\\/fr\\\/#organization\"},\"potentialAction\":[{\"@type\":\"SearchAction\",\"target\":{\"@type\":\"EntryPoint\",\"urlTemplate\":\"https:\\\/\\\/manskin.ch\\\/fr\\\/?s={search_term_string}\"},\"query-input\":{\"@type\":\"PropertyValueSpecification\",\"valueRequired\":true,\"valueName\":\"search_term_string\"}}],\"inLanguage\":\"fr-FR\"},{\"@type\":\"Organization\",\"@id\":\"https:\\\/\\\/manskin.ch\\\/fr\\\/#organization\",\"name\":\"Manskin.ch - der Schweizer Onlineshop f\u00fcr qualit\u00e4tsstarke M\u00e4nnerpflege\",\"url\":\"https:\\\/\\\/manskin.ch\\\/fr\\\/\",\"logo\":{\"@type\":\"ImageObject\",\"inLanguage\":\"fr-FR\",\"@id\":\"https:\\\/\\\/manskin.ch\\\/fr\\\/#\\\/schema\\\/logo\\\/image\\\/\",\"url\":\"https:\\\/\\\/manskin.ch\\\/wp-content\\\/uploads\\\/2021\\\/04\\\/cropped-logo_head.png\",\"contentUrl\":\"https:\\\/\\\/manskin.ch\\\/wp-content\\\/uploads\\\/2021\\\/04\\\/cropped-logo_head.png\",\"width\":235,\"height\":75,\"caption\":\"Manskin.ch - der Schweizer Onlineshop f\u00fcr qualit\u00e4tsstarke M\u00e4nnerpflege\"},\"image\":{\"@id\":\"https:\\\/\\\/manskin.ch\\\/fr\\\/#\\\/schema\\\/logo\\\/image\\\/\"},\"sameAs\":[\"https:\\\/\\\/www.facebook.com\\\/manskin.ch\",\"https:\\\/\\\/www.instagram.com\\\/manskin.ch\\\/\"]}]}<\/script>\n<meta property=\"product:price:amount\" content=\"7.90\" \/>\n<meta property=\"product:price:currency\" content=\"CHF\" \/>\n<meta property=\"og:availability\" content=\"instock\" \/>\n<meta property=\"product:availability\" content=\"instock\" \/>\n<meta property=\"product:retailer_item_id\" content=\"14407\" \/>\n<meta property=\"product:condition\" content=\"new\" \/>\n<!-- \/ Yoast SEO Premium plugin. -->","yoast_head_json":{"title":"Gaisbock - 2 en 1 shampooing & gel douche 50 ml | Manskin.ch","description":"Le shampooing Gaisbock est ton produit de soin tout-en-un. Offre \u00e0 tes cheveux fra\u00eecheur et \u00e0 ta peau soin gr\u00e2ce \u00e0 des ingr\u00e9dients 100 % naturels!","robots":{"index":"index","follow":"follow","max-snippet":"max-snippet:-1","max-image-preview":"max-image-preview:large","max-video-preview":"max-video-preview:-1"},"canonical":"https:\/\/manskin.ch\/fr\/produkt\/gaisbock-2-en-1-shampooing-gel-douche-50-ml\/","og_locale":"fr_FR","og_type":"article","og_title":"Gaisbock - 2 en 1 shampooing & gel douche 50 ml","og_description":"Le shampooing Gaisbock est ton produit de soin tout-en-un. Offre \u00e0 tes cheveux fra\u00eecheur et \u00e0 ta peau soin gr\u00e2ce \u00e0 des ingr\u00e9dients 100 % naturels!","og_url":"https:\/\/manskin.ch\/fr\/produkt\/gaisbock-2-en-1-shampooing-gel-douche-50-ml\/","og_site_name":"Manskin.ch","article_publisher":"https:\/\/www.facebook.com\/manskin.ch","article_modified_time":"2025-12-06T15:55:58+00:00","og_image":[{"width":1000,"height":1000,"url":"https:\/\/manskin.ch\/wp-content\/uploads\/2025\/12\/Gaisbock-Shampoo-Travel.jpg","type":"image\/jpeg"}],"twitter_card":"summary_large_image","twitter_misc":{"Prix":"7.90&#67;&#72;&#70;","Disponibilit\u00e9":"En stock"},"schema":{"@context":"https:\/\/schema.org","@graph":[{"@type":"WebPage","@id":"https:\/\/manskin.ch\/fr\/produkt\/gaisbock-2-en-1-shampooing-gel-douche-50-ml\/","url":"https:\/\/manskin.ch\/fr\/produkt\/gaisbock-2-en-1-shampooing-gel-douche-50-ml\/","name":"Gaisbock - 2 en 1 shampooing & gel douche 50 ml | Manskin.ch","isPartOf":{"@id":"https:\/\/manskin.ch\/fr\/#website"},"primaryImageOfPage":{"@id":"https:\/\/manskin.ch\/fr\/produkt\/gaisbock-2-en-1-shampooing-gel-douche-50-ml\/#primaryimage"},"image":{"@id":"https:\/\/manskin.ch\/fr\/produkt\/gaisbock-2-en-1-shampooing-gel-douche-50-ml\/#primaryimage"},"thumbnailUrl":"https:\/\/manskin.ch\/wp-content\/uploads\/2025\/12\/Gaisbock-Shampoo-Travel.jpg","datePublished":"2025-12-06T15:22:45+00:00","dateModified":"2025-12-06T15:55:58+00:00","description":"Le shampooing Gaisbock est ton produit de soin tout-en-un. Offre \u00e0 tes cheveux fra\u00eecheur et \u00e0 ta peau soin gr\u00e2ce \u00e0 des ingr\u00e9dients 100 % naturels!","breadcrumb":{"@id":"https:\/\/manskin.ch\/fr\/produkt\/gaisbock-2-en-1-shampooing-gel-douche-50-ml\/#breadcrumb"},"inLanguage":"fr-FR","potentialAction":[{"@type":"ReadAction","target":["https:\/\/manskin.ch\/fr\/produkt\/gaisbock-2-en-1-shampooing-gel-douche-50-ml\/"]}]},{"@type":"ImageObject","inLanguage":"fr-FR","@id":"https:\/\/manskin.ch\/fr\/produkt\/gaisbock-2-en-1-shampooing-gel-douche-50-ml\/#primaryimage","url":"https:\/\/manskin.ch\/wp-content\/uploads\/2025\/12\/Gaisbock-Shampoo-Travel.jpg","contentUrl":"https:\/\/manskin.ch\/wp-content\/uploads\/2025\/12\/Gaisbock-Shampoo-Travel.jpg","width":1000,"height":1000},{"@type":"BreadcrumbList","@id":"https:\/\/manskin.ch\/fr\/produkt\/gaisbock-2-en-1-shampooing-gel-douche-50-ml\/#breadcrumb","itemListElement":[{"@type":"ListItem","position":1,"name":"Startseite","item":"https:\/\/manskin.ch\/fr\/"},{"@type":"ListItem","position":2,"name":"Boutique","item":"https:\/\/manskin.ch\/fr\/boutique\/"},{"@type":"ListItem","position":3,"name":"Gaisbock &#8211; 2 en 1 shampooing &#038; gel douche 50 ml"}]},{"@type":"WebSite","@id":"https:\/\/manskin.ch\/fr\/#website","url":"https:\/\/manskin.ch\/fr\/","name":"Manskin.ch","description":"Tous les produits de beaut\u00e9 pour les hommes les plus exigeants","publisher":{"@id":"https:\/\/manskin.ch\/fr\/#organization"},"potentialAction":[{"@type":"SearchAction","target":{"@type":"EntryPoint","urlTemplate":"https:\/\/manskin.ch\/fr\/?s={search_term_string}"},"query-input":{"@type":"PropertyValueSpecification","valueRequired":true,"valueName":"search_term_string"}}],"inLanguage":"fr-FR"},{"@type":"Organization","@id":"https:\/\/manskin.ch\/fr\/#organization","name":"Manskin.ch - der Schweizer Onlineshop f\u00fcr qualit\u00e4tsstarke M\u00e4nnerpflege","url":"https:\/\/manskin.ch\/fr\/","logo":{"@type":"ImageObject","inLanguage":"fr-FR","@id":"https:\/\/manskin.ch\/fr\/#\/schema\/logo\/image\/","url":"https:\/\/manskin.ch\/wp-content\/uploads\/2021\/04\/cropped-logo_head.png","contentUrl":"https:\/\/manskin.ch\/wp-content\/uploads\/2021\/04\/cropped-logo_head.png","width":235,"height":75,"caption":"Manskin.ch - der Schweizer Onlineshop f\u00fcr qualit\u00e4tsstarke M\u00e4nnerpflege"},"image":{"@id":"https:\/\/manskin.ch\/fr\/#\/schema\/logo\/image\/"},"sameAs":["https:\/\/www.facebook.com\/manskin.ch","https:\/\/www.instagram.com\/manskin.ch\/"]}]},"product_price_amount":"7.90","product_price_currency":"CHF","og_availability":"instock","product_availability":"instock","product_retailer_item_id":"14407","product_condition":"new"},"brands":[{"id":2842,"name":"Gaisbock","slug":"gaisbock"}],"_links":{"self":[{"href":"https:\/\/manskin.ch\/fr\/wp-json\/wp\/v2\/product\/503796","targetHints":{"allow":["GET"]}}],"collection":[{"href":"https:\/\/manskin.ch\/fr\/wp-json\/wp\/v2\/product"}],"about":[{"href":"https:\/\/manskin.ch\/fr\/wp-json\/wp\/v2\/types\/product"}],"replies":[{"embeddable":true,"href":"https:\/\/manskin.ch\/fr\/wp-json\/wp\/v2\/comments?post=503796"}],"wp:featuredmedia":[{"embeddable":true,"href":"https:\/\/manskin.ch\/fr\/wp-json\/wp\/v2\/media\/503794"}],"wp:attachment":[{"href":"https:\/\/manskin.ch\/fr\/wp-json\/wp\/v2\/media?parent=503796"}],"wp:term":[{"taxonomy":"pwb-brand","embeddable":true,"href":"https:\/\/manskin.ch\/fr\/wp-json\/wp\/v2\/pwb-brand?post=503796"},{"taxonomy":"product_brand","embeddable":true,"href":"https:\/\/manskin.ch\/fr\/wp-json\/wp\/v2\/product_brand?post=503796"},{"taxonomy":"product_cat","embeddable":true,"href":"https:\/\/manskin.ch\/fr\/wp-json\/wp\/v2\/product_cat?post=503796"},{"taxonomy":"product_tag","embeddable":true,"href":"https:\/\/manskin.ch\/fr\/wp-json\/wp\/v2\/product_tag?post=503796"}],"curies":[{"name":"wp","href":"https:\/\/api.w.org\/{rel}","templated":true}]}}