{"id":503711,"date":"2025-11-30T12:28:43","date_gmt":"2025-11-30T11:28:43","guid":{"rendered":"https:\/\/manskin.ch\/produkt\/salt-stone-bougie-parfumee-santal-vetiver\/"},"modified":"2025-11-30T18:33:58","modified_gmt":"2025-11-30T17:33:58","slug":"salt-stone-bougie-parfumee-santal-vetiver","status":"publish","type":"product","link":"https:\/\/manskin.ch\/fr\/produkt\/salt-stone-bougie-parfumee-santal-vetiver\/","title":{"rendered":"Salt &#038; Stone &#8211; Bougie parfum\u00e9e Santal &#038; V\u00e9tiver"},"content":{"rendered":"<h2 class=\"p1\">Salt &amp; Stone &#8211; Bougie parfum\u00e9e Santal &amp; V\u00e9tiver<\/h2>\n<ul>\n<li class=\"p2\">La bougie parfum\u00e9e Santal &amp; V\u00e9tiver de Salt &amp; Stone embaume ton int\u00e9rieur d&rsquo;un ar\u00f4me bois\u00e9 moderne et chaleureux, \u00e0 la fois apaisant, \u00e9l\u00e9gant et pur.<\/li>\n<li class=\"p2\">Le bois de santal australien doux se marie \u00e0 l&rsquo;ambre tendre, tandis que l&rsquo;iris, l&rsquo;ambrox et le bois de c\u00e8dre conf\u00e8rent au parfum profondeur, structure et une chaleur discr\u00e8te et luxueuse. En note de fond, les feuilles de violette, le v\u00e9tiver et un accord cristallin apportent une fra\u00eecheur terreuse et cr\u00e9ent une atmosph\u00e8re \u00e9quilibr\u00e9e et apaisante.<\/li>\n<li class=\"p2\">Fabriqu\u00e9e \u00e0 partir d&rsquo;un m\u00e9lange de cire v\u00e9g\u00e9tale de haute qualit\u00e9, la bougie br\u00fble proprement, uniform\u00e9ment et longtemps &#8211; id\u00e9ale pour des soir\u00e9es d\u00e9tendues, des int\u00e9rieurs \u00e9l\u00e9gants ou comme cadeau sp\u00e9cial.<\/li>\n<\/ul>\n<p class=\"p3\">Parfum :<\/p>\n<ul>\n<li class=\"p2\">Notes de t\u00eate : bois de santal australien, ambre<\/li>\n<li class=\"p2\">Notes de c\u0153ur : iris (Orris), ambrox, bois de c\u00e8dre<\/li>\n<li class=\"p2\">Notes de fond : feuilles de violette, v\u00e9tiver, accord cristallin<\/li>\n<\/ul>\n<p>Caract\u00e9ristiques :<\/p>\n<ul>\n<li class=\"p2\">M\u00e9lange de cire v\u00e9g\u00e9tale<\/li>\n<li class=\"p2\">Dur\u00e9e de combustion : jusqu&rsquo;\u00e0 50 heures<\/li>\n<li class=\"p2\">R\u00e9cipient en verre minimaliste et r\u00e9utilisable<\/li>\n<li class=\"p2\">Vegan et sans additifs synth\u00e9tiques<\/li>\n<\/ul>\n<p class=\"p3\">Contenu 240 gr.<\/p>\n","protected":false},"excerpt":{"rendered":"<p>Bougie parfum\u00e9e vegan au bois de santal, \u00e0 l&rsquo;ambre et au v\u00e9tiver<\/p>\n","protected":false},"featured_media":503707,"comment_status":"closed","ping_status":"closed","template":"","meta":{"_acf_changed":false},"pwb-brand":[2780],"product_brand":[],"product_cat":[2392],"product_tag":[],"class_list":{"0":"post-503711","1":"product","2":"type-product","3":"status-publish","4":"has-post-thumbnail","6":"pwb-brand-salt-stone","7":"product_cat-salt-stone-fr","8":"product_shipping_class-standard-fr","9":"sales-flash-overlay","10":"woocommerce-text-align-center","11":"woocommerce-image-align-center","12":"do-quantity-buttons","14":"first","15":"instock","16":"taxable","17":"shipping-taxable","18":"purchasable","19":"product-type-simple"},"acf":[],"yoast_head":"<!-- This site is optimized with the Yoast SEO Premium plugin v27.3 (Yoast SEO v27.3) - https:\/\/yoast.com\/product\/yoast-seo-premium-wordpress\/ -->\n<title>Salt &amp; Stone - Bougie parfum\u00e9e Santal &amp; V\u00e9tiver | Manskin.ch<\/title>\n<meta name=\"description\" content=\"D\u00e9couvre la s\u00e9r\u00e9nit\u00e9 raffin\u00e9e de la bougie Salt &amp; Stone Candle Santal &amp; V\u00e9tiver! Laisse-toi emporter par les ar\u00f4mes bois\u00e9s chaleureux.\" \/>\n<meta name=\"robots\" content=\"index, follow, max-snippet:-1, max-image-preview:large, max-video-preview:-1\" \/>\n<link rel=\"canonical\" href=\"https:\/\/manskin.ch\/fr\/produkt\/salt-stone-bougie-parfumee-santal-vetiver\/\" \/>\n<meta property=\"og:locale\" content=\"fr_FR\" \/>\n<meta property=\"og:type\" content=\"article\" \/>\n<meta property=\"og:title\" content=\"Salt &amp; Stone - Bougie parfum\u00e9e Santal &amp; V\u00e9tiver\" \/>\n<meta property=\"og:description\" content=\"D\u00e9couvre la s\u00e9r\u00e9nit\u00e9 raffin\u00e9e de la bougie Salt &amp; Stone Candle Santal &amp; V\u00e9tiver! Laisse-toi emporter par les ar\u00f4mes bois\u00e9s chaleureux.\" \/>\n<meta property=\"og:url\" content=\"https:\/\/manskin.ch\/fr\/produkt\/salt-stone-bougie-parfumee-santal-vetiver\/\" \/>\n<meta property=\"og:site_name\" content=\"Manskin.ch\" \/>\n<meta property=\"article:publisher\" content=\"https:\/\/www.facebook.com\/manskin.ch\" \/>\n<meta property=\"article:modified_time\" content=\"2025-11-30T17:33:58+00:00\" \/>\n<meta property=\"og:image\" content=\"https:\/\/manskin.ch\/wp-content\/uploads\/2025\/11\/Salt-Stone-Candle-Santal-Vetiver.jpg\" \/>\n\t<meta property=\"og:image:width\" content=\"1000\" \/>\n\t<meta property=\"og:image:height\" content=\"1000\" \/>\n\t<meta property=\"og:image:type\" content=\"image\/jpeg\" \/>\n<meta name=\"twitter:card\" content=\"summary_large_image\" \/>\n<meta name=\"twitter:label1\" content=\"Prix\" \/>\n\t<meta name=\"twitter:data1\" content=\"55.00&#067;&#072;&#070;\" \/>\n\t<meta name=\"twitter:label2\" content=\"Disponibilit\u00e9\" \/>\n\t<meta name=\"twitter:data2\" content=\"En stock\" \/>\n<script type=\"application\/ld+json\" class=\"yoast-schema-graph\">{\"@context\":\"https:\\\/\\\/schema.org\",\"@graph\":[{\"@type\":\"WebPage\",\"@id\":\"https:\\\/\\\/manskin.ch\\\/fr\\\/produkt\\\/salt-stone-bougie-parfumee-santal-vetiver\\\/\",\"url\":\"https:\\\/\\\/manskin.ch\\\/fr\\\/produkt\\\/salt-stone-bougie-parfumee-santal-vetiver\\\/\",\"name\":\"Salt & Stone - Bougie parfum\u00e9e Santal & V\u00e9tiver | Manskin.ch\",\"isPartOf\":{\"@id\":\"https:\\\/\\\/manskin.ch\\\/fr\\\/#website\"},\"primaryImageOfPage\":{\"@id\":\"https:\\\/\\\/manskin.ch\\\/fr\\\/produkt\\\/salt-stone-bougie-parfumee-santal-vetiver\\\/#primaryimage\"},\"image\":{\"@id\":\"https:\\\/\\\/manskin.ch\\\/fr\\\/produkt\\\/salt-stone-bougie-parfumee-santal-vetiver\\\/#primaryimage\"},\"thumbnailUrl\":\"https:\\\/\\\/manskin.ch\\\/wp-content\\\/uploads\\\/2025\\\/11\\\/Salt-Stone-Candle-Santal-Vetiver.jpg\",\"datePublished\":\"2025-11-30T11:28:43+00:00\",\"dateModified\":\"2025-11-30T17:33:58+00:00\",\"description\":\"D\u00e9couvre la s\u00e9r\u00e9nit\u00e9 raffin\u00e9e de la bougie Salt & Stone Candle Santal & V\u00e9tiver! Laisse-toi emporter par les ar\u00f4mes bois\u00e9s chaleureux.\",\"breadcrumb\":{\"@id\":\"https:\\\/\\\/manskin.ch\\\/fr\\\/produkt\\\/salt-stone-bougie-parfumee-santal-vetiver\\\/#breadcrumb\"},\"inLanguage\":\"fr-FR\",\"potentialAction\":[{\"@type\":\"ReadAction\",\"target\":[\"https:\\\/\\\/manskin.ch\\\/fr\\\/produkt\\\/salt-stone-bougie-parfumee-santal-vetiver\\\/\"]}]},{\"@type\":\"ImageObject\",\"inLanguage\":\"fr-FR\",\"@id\":\"https:\\\/\\\/manskin.ch\\\/fr\\\/produkt\\\/salt-stone-bougie-parfumee-santal-vetiver\\\/#primaryimage\",\"url\":\"https:\\\/\\\/manskin.ch\\\/wp-content\\\/uploads\\\/2025\\\/11\\\/Salt-Stone-Candle-Santal-Vetiver.jpg\",\"contentUrl\":\"https:\\\/\\\/manskin.ch\\\/wp-content\\\/uploads\\\/2025\\\/11\\\/Salt-Stone-Candle-Santal-Vetiver.jpg\",\"width\":1000,\"height\":1000},{\"@type\":\"BreadcrumbList\",\"@id\":\"https:\\\/\\\/manskin.ch\\\/fr\\\/produkt\\\/salt-stone-bougie-parfumee-santal-vetiver\\\/#breadcrumb\",\"itemListElement\":[{\"@type\":\"ListItem\",\"position\":1,\"name\":\"Startseite\",\"item\":\"https:\\\/\\\/manskin.ch\\\/fr\\\/\"},{\"@type\":\"ListItem\",\"position\":2,\"name\":\"Boutique Soins pour Hommes &amp; Skincare\",\"item\":\"https:\\\/\\\/manskin.ch\\\/fr\\\/boutique\\\/\"},{\"@type\":\"ListItem\",\"position\":3,\"name\":\"Salt &#038; Stone &#8211; Bougie parfum\u00e9e Santal &#038; V\u00e9tiver\"}]},{\"@type\":\"WebSite\",\"@id\":\"https:\\\/\\\/manskin.ch\\\/fr\\\/#website\",\"url\":\"https:\\\/\\\/manskin.ch\\\/fr\\\/\",\"name\":\"Manskin.ch\",\"description\":\"Tous les produits de beaut\u00e9 pour les hommes les plus exigeants\",\"publisher\":{\"@id\":\"https:\\\/\\\/manskin.ch\\\/fr\\\/#organization\"},\"potentialAction\":[{\"@type\":\"SearchAction\",\"target\":{\"@type\":\"EntryPoint\",\"urlTemplate\":\"https:\\\/\\\/manskin.ch\\\/fr\\\/?s={search_term_string}\"},\"query-input\":{\"@type\":\"PropertyValueSpecification\",\"valueRequired\":true,\"valueName\":\"search_term_string\"}}],\"inLanguage\":\"fr-FR\"},{\"@type\":\"Organization\",\"@id\":\"https:\\\/\\\/manskin.ch\\\/fr\\\/#organization\",\"name\":\"Manskin.ch - der Schweizer Onlineshop f\u00fcr qualit\u00e4tsstarke M\u00e4nnerpflege\",\"url\":\"https:\\\/\\\/manskin.ch\\\/fr\\\/\",\"logo\":{\"@type\":\"ImageObject\",\"inLanguage\":\"fr-FR\",\"@id\":\"https:\\\/\\\/manskin.ch\\\/fr\\\/#\\\/schema\\\/logo\\\/image\\\/\",\"url\":\"https:\\\/\\\/manskin.ch\\\/wp-content\\\/uploads\\\/2021\\\/04\\\/cropped-logo_head.png\",\"contentUrl\":\"https:\\\/\\\/manskin.ch\\\/wp-content\\\/uploads\\\/2021\\\/04\\\/cropped-logo_head.png\",\"width\":235,\"height\":75,\"caption\":\"Manskin.ch - der Schweizer Onlineshop f\u00fcr qualit\u00e4tsstarke M\u00e4nnerpflege\"},\"image\":{\"@id\":\"https:\\\/\\\/manskin.ch\\\/fr\\\/#\\\/schema\\\/logo\\\/image\\\/\"},\"sameAs\":[\"https:\\\/\\\/www.facebook.com\\\/manskin.ch\",\"https:\\\/\\\/www.instagram.com\\\/manskin.ch\\\/\"]}]}<\/script>\n<meta property=\"product:price:amount\" content=\"55.00\" \/>\n<meta property=\"product:price:currency\" content=\"CHF\" \/>\n<meta property=\"og:availability\" content=\"instock\" \/>\n<meta property=\"product:availability\" content=\"instock\" \/>\n<meta property=\"product:retailer_item_id\" content=\"14405\" \/>\n<meta property=\"product:condition\" content=\"new\" \/>\n<!-- \/ Yoast SEO Premium plugin. -->","yoast_head_json":{"title":"Salt & Stone - Bougie parfum\u00e9e Santal & V\u00e9tiver | Manskin.ch","description":"D\u00e9couvre la s\u00e9r\u00e9nit\u00e9 raffin\u00e9e de la bougie Salt & Stone Candle Santal & V\u00e9tiver! Laisse-toi emporter par les ar\u00f4mes bois\u00e9s chaleureux.","robots":{"index":"index","follow":"follow","max-snippet":"max-snippet:-1","max-image-preview":"max-image-preview:large","max-video-preview":"max-video-preview:-1"},"canonical":"https:\/\/manskin.ch\/fr\/produkt\/salt-stone-bougie-parfumee-santal-vetiver\/","og_locale":"fr_FR","og_type":"article","og_title":"Salt & Stone - Bougie parfum\u00e9e Santal & V\u00e9tiver","og_description":"D\u00e9couvre la s\u00e9r\u00e9nit\u00e9 raffin\u00e9e de la bougie Salt & Stone Candle Santal & V\u00e9tiver! Laisse-toi emporter par les ar\u00f4mes bois\u00e9s chaleureux.","og_url":"https:\/\/manskin.ch\/fr\/produkt\/salt-stone-bougie-parfumee-santal-vetiver\/","og_site_name":"Manskin.ch","article_publisher":"https:\/\/www.facebook.com\/manskin.ch","article_modified_time":"2025-11-30T17:33:58+00:00","og_image":[{"width":1000,"height":1000,"url":"https:\/\/manskin.ch\/wp-content\/uploads\/2025\/11\/Salt-Stone-Candle-Santal-Vetiver.jpg","type":"image\/jpeg"}],"twitter_card":"summary_large_image","twitter_misc":{"Prix":"55.00&#67;&#72;&#70;","Disponibilit\u00e9":"En stock"},"schema":{"@context":"https:\/\/schema.org","@graph":[{"@type":"WebPage","@id":"https:\/\/manskin.ch\/fr\/produkt\/salt-stone-bougie-parfumee-santal-vetiver\/","url":"https:\/\/manskin.ch\/fr\/produkt\/salt-stone-bougie-parfumee-santal-vetiver\/","name":"Salt & Stone - Bougie parfum\u00e9e Santal & V\u00e9tiver | Manskin.ch","isPartOf":{"@id":"https:\/\/manskin.ch\/fr\/#website"},"primaryImageOfPage":{"@id":"https:\/\/manskin.ch\/fr\/produkt\/salt-stone-bougie-parfumee-santal-vetiver\/#primaryimage"},"image":{"@id":"https:\/\/manskin.ch\/fr\/produkt\/salt-stone-bougie-parfumee-santal-vetiver\/#primaryimage"},"thumbnailUrl":"https:\/\/manskin.ch\/wp-content\/uploads\/2025\/11\/Salt-Stone-Candle-Santal-Vetiver.jpg","datePublished":"2025-11-30T11:28:43+00:00","dateModified":"2025-11-30T17:33:58+00:00","description":"D\u00e9couvre la s\u00e9r\u00e9nit\u00e9 raffin\u00e9e de la bougie Salt & Stone Candle Santal & V\u00e9tiver! Laisse-toi emporter par les ar\u00f4mes bois\u00e9s chaleureux.","breadcrumb":{"@id":"https:\/\/manskin.ch\/fr\/produkt\/salt-stone-bougie-parfumee-santal-vetiver\/#breadcrumb"},"inLanguage":"fr-FR","potentialAction":[{"@type":"ReadAction","target":["https:\/\/manskin.ch\/fr\/produkt\/salt-stone-bougie-parfumee-santal-vetiver\/"]}]},{"@type":"ImageObject","inLanguage":"fr-FR","@id":"https:\/\/manskin.ch\/fr\/produkt\/salt-stone-bougie-parfumee-santal-vetiver\/#primaryimage","url":"https:\/\/manskin.ch\/wp-content\/uploads\/2025\/11\/Salt-Stone-Candle-Santal-Vetiver.jpg","contentUrl":"https:\/\/manskin.ch\/wp-content\/uploads\/2025\/11\/Salt-Stone-Candle-Santal-Vetiver.jpg","width":1000,"height":1000},{"@type":"BreadcrumbList","@id":"https:\/\/manskin.ch\/fr\/produkt\/salt-stone-bougie-parfumee-santal-vetiver\/#breadcrumb","itemListElement":[{"@type":"ListItem","position":1,"name":"Startseite","item":"https:\/\/manskin.ch\/fr\/"},{"@type":"ListItem","position":2,"name":"Boutique Soins pour Hommes &amp; Skincare","item":"https:\/\/manskin.ch\/fr\/boutique\/"},{"@type":"ListItem","position":3,"name":"Salt &#038; Stone &#8211; Bougie parfum\u00e9e Santal &#038; V\u00e9tiver"}]},{"@type":"WebSite","@id":"https:\/\/manskin.ch\/fr\/#website","url":"https:\/\/manskin.ch\/fr\/","name":"Manskin.ch","description":"Tous les produits de beaut\u00e9 pour les hommes les plus exigeants","publisher":{"@id":"https:\/\/manskin.ch\/fr\/#organization"},"potentialAction":[{"@type":"SearchAction","target":{"@type":"EntryPoint","urlTemplate":"https:\/\/manskin.ch\/fr\/?s={search_term_string}"},"query-input":{"@type":"PropertyValueSpecification","valueRequired":true,"valueName":"search_term_string"}}],"inLanguage":"fr-FR"},{"@type":"Organization","@id":"https:\/\/manskin.ch\/fr\/#organization","name":"Manskin.ch - der Schweizer Onlineshop f\u00fcr qualit\u00e4tsstarke M\u00e4nnerpflege","url":"https:\/\/manskin.ch\/fr\/","logo":{"@type":"ImageObject","inLanguage":"fr-FR","@id":"https:\/\/manskin.ch\/fr\/#\/schema\/logo\/image\/","url":"https:\/\/manskin.ch\/wp-content\/uploads\/2021\/04\/cropped-logo_head.png","contentUrl":"https:\/\/manskin.ch\/wp-content\/uploads\/2021\/04\/cropped-logo_head.png","width":235,"height":75,"caption":"Manskin.ch - der Schweizer Onlineshop f\u00fcr qualit\u00e4tsstarke M\u00e4nnerpflege"},"image":{"@id":"https:\/\/manskin.ch\/fr\/#\/schema\/logo\/image\/"},"sameAs":["https:\/\/www.facebook.com\/manskin.ch","https:\/\/www.instagram.com\/manskin.ch\/"]}]},"product_price_amount":"55.00","product_price_currency":"CHF","og_availability":"instock","product_availability":"instock","product_retailer_item_id":"14405","product_condition":"new"},"brands":[{"id":2780,"name":"Salt &amp; Stone","slug":"salt-stone"}],"_links":{"self":[{"href":"https:\/\/manskin.ch\/fr\/wp-json\/wp\/v2\/product\/503711","targetHints":{"allow":["GET"]}}],"collection":[{"href":"https:\/\/manskin.ch\/fr\/wp-json\/wp\/v2\/product"}],"about":[{"href":"https:\/\/manskin.ch\/fr\/wp-json\/wp\/v2\/types\/product"}],"replies":[{"embeddable":true,"href":"https:\/\/manskin.ch\/fr\/wp-json\/wp\/v2\/comments?post=503711"}],"wp:featuredmedia":[{"embeddable":true,"href":"https:\/\/manskin.ch\/fr\/wp-json\/wp\/v2\/media\/503707"}],"wp:attachment":[{"href":"https:\/\/manskin.ch\/fr\/wp-json\/wp\/v2\/media?parent=503711"}],"wp:term":[{"taxonomy":"pwb-brand","embeddable":true,"href":"https:\/\/manskin.ch\/fr\/wp-json\/wp\/v2\/pwb-brand?post=503711"},{"taxonomy":"product_brand","embeddable":true,"href":"https:\/\/manskin.ch\/fr\/wp-json\/wp\/v2\/product_brand?post=503711"},{"taxonomy":"product_cat","embeddable":true,"href":"https:\/\/manskin.ch\/fr\/wp-json\/wp\/v2\/product_cat?post=503711"},{"taxonomy":"product_tag","embeddable":true,"href":"https:\/\/manskin.ch\/fr\/wp-json\/wp\/v2\/product_tag?post=503711"}],"curies":[{"name":"wp","href":"https:\/\/api.w.org\/{rel}","templated":true}]}}