{"id":503675,"date":"2025-11-29T09:36:02","date_gmt":"2025-11-29T08:36:02","guid":{"rendered":"https:\/\/manskin.ch\/produkt\/claus-porto-coffret-luxueux-de-savons-favorito\/"},"modified":"2026-01-15T20:44:46","modified_gmt":"2026-01-15T19:44:46","slug":"claus-porto-coffret-luxueux-de-savons-favorito","status":"publish","type":"product","link":"https:\/\/manskin.ch\/fr\/produkt\/claus-porto-coffret-luxueux-de-savons-favorito\/","title":{"rendered":"Claus Porto &#8211; Coffret luxueux de savons Favorito"},"content":{"rendered":"<p class=\"p1\"><b>Claus Porto &#8211; Coffret luxueux de savons Favorito<\/b><\/p>\n<ul>\n<li class=\"p2\">Le coffret Soap Dish Gift Set Favorito de Claus Porto r\u00e9unit artisanat luxueux, parfums embl\u00e9matiques et design \u00e9l\u00e9gant. Il comprend trois mini-savons de la collection \u00ab Deco \u00bb ainsi qu\u2019un porte-savon en porcelaine au style classique de la maison.<\/li>\n<li class=\"p2\">Les savons sont formul\u00e9s \u00e0 base d\u2019huiles v\u00e9g\u00e9tales et de beurre de karit\u00e9. Leur fabrication traditionnelle par triple broyage cr\u00e9e une texture compacte et une mousse riche et cr\u00e9meuse qui nettoie la peau en douceur tout en laissant un parfum durable. Le porte-savon en porcelaine, fabriqu\u00e9 \u00e0 la main, apporte une touche raffin\u00e9e \u00e0 toute salle de bain.<\/li>\n<\/ul>\n<p class=\"p3\">Mini-savons inclus:<\/p>\n<p class=\"p3\"><b>Favorito (Coquelicot Rouge)<\/b><\/p>\n<ul>\n<li class=\"p2\">Un parfum fruit\u00e9-floral et vibrant, m\u00ealant coquelicot rouge, baies juteuses et base cr\u00e9meuse et chaude.<\/li>\n<\/ul>\n<p class=\"p3\"><b>Banho (Citron Verveine)<\/b><\/p>\n<ul>\n<li class=\"p2\">Un parfum p\u00e9tillant et lumineux de verveine et d\u2019agrumes m\u00e9diterran\u00e9ens \u2013 l\u00e9ger, frais et revigorant.<\/li>\n<\/ul>\n<p class=\"p3\"><b>Voga (Acacia Tub\u00e9reuse)<\/b><\/p>\n<ul>\n<li class=\"p2\">Un parfum \u00e9l\u00e9gant et floral aux notes d\u2019acacia et de tub\u00e9reuse \u2013 doux, sensuel et luxueux.<\/li>\n<\/ul>\n<p class=\"p3\">Le coffret contient :<\/p>\n<ul>\n<li class=\"p2\">3 mini-savons (Favorito, Banho, Voga)<\/li>\n<li class=\"p2\">Porte-savon en porcelaine d\u00e9cor \u00ab Deco \u00bb<\/li>\n<li class=\"p2\">Coffret cadeau de haute qualit\u00e9<\/li>\n<li class=\"p3\">Points forts :<\/li>\n<li class=\"p2\">Formule v\u00e9g\u00e9tale au beurre de karit\u00e9<\/li>\n<li class=\"p2\">Triple broyage pour une mousse riche<\/li>\n<li class=\"p2\">Porte-savon en porcelaine fait main<\/li>\n<li class=\"p2\">Cadeau luxueux et raffin\u00e9<\/li>\n<li class=\"p2\">Fabriqu\u00e9 au Portugal depuis 1887<\/li>\n<\/ul>\n","protected":false},"excerpt":{"rendered":"<p>Trois savons embl\u00e9matiques Claus Porto avec une \u00e9l\u00e9gante coupelle en porcelaine<\/p>\n","protected":false},"featured_media":503673,"comment_status":"closed","ping_status":"closed","template":"","meta":{"_acf_changed":false},"pwb-brand":[6619],"product_brand":[],"product_cat":[2326,6618,2495],"product_tag":[],"class_list":{"0":"post-503675","1":"product","2":"type-product","3":"status-publish","4":"has-post-thumbnail","6":"pwb-brand-claus-porto","7":"product_cat-cadeaux","8":"product_cat-claus-porto-fr","9":"product_cat-savon-pour-le-corps","10":"product_shipping_class-standard-fr","11":"sales-flash-overlay","12":"woocommerce-text-align-center","13":"woocommerce-image-align-center","14":"do-quantity-buttons","16":"first","17":"instock","18":"taxable","19":"shipping-taxable","20":"purchasable","21":"product-type-simple"},"acf":[],"yoast_head":"<!-- This site is optimized with the Yoast SEO Premium plugin v27.3 (Yoast SEO v27.3) - https:\/\/yoast.com\/product\/yoast-seo-premium-wordpress\/ -->\n<title>Claus Porto - Coffret luxueux de savons Favorito | Manskin.ch<\/title>\n<meta name=\"description\" content=\"Fais-toi plaisir avec le coffret cadeau Favorito de Claus Porto, qui contient des savons haut de gamme et un porte-savon \u00e9l\u00e9gant.\" \/>\n<meta name=\"robots\" content=\"index, follow, max-snippet:-1, max-image-preview:large, max-video-preview:-1\" \/>\n<link rel=\"canonical\" href=\"https:\/\/manskin.ch\/fr\/produkt\/claus-porto-coffret-luxueux-de-savons-favorito\/\" \/>\n<meta property=\"og:locale\" content=\"fr_FR\" \/>\n<meta property=\"og:type\" content=\"article\" \/>\n<meta property=\"og:title\" content=\"Claus Porto - Coffret luxueux de savons Favorito\" \/>\n<meta property=\"og:description\" content=\"Fais-toi plaisir avec le coffret cadeau Favorito de Claus Porto, qui contient des savons haut de gamme et un porte-savon \u00e9l\u00e9gant.\" \/>\n<meta property=\"og:url\" content=\"https:\/\/manskin.ch\/fr\/produkt\/claus-porto-coffret-luxueux-de-savons-favorito\/\" \/>\n<meta property=\"og:site_name\" content=\"Manskin.ch\" \/>\n<meta property=\"article:publisher\" content=\"https:\/\/www.facebook.com\/manskin.ch\" \/>\n<meta property=\"article:modified_time\" content=\"2026-01-15T19:44:46+00:00\" \/>\n<meta name=\"twitter:card\" content=\"summary_large_image\" \/>\n<meta name=\"twitter:label1\" content=\"Prix\" \/>\n\t<meta name=\"twitter:data1\" content=\"65.00&#067;&#072;&#070;\" \/>\n\t<meta name=\"twitter:label2\" content=\"Disponibilit\u00e9\" \/>\n\t<meta name=\"twitter:data2\" content=\"En stock\" \/>\n<script type=\"application\/ld+json\" class=\"yoast-schema-graph\">{\"@context\":\"https:\\\/\\\/schema.org\",\"@graph\":[{\"@type\":\"WebPage\",\"@id\":\"https:\\\/\\\/manskin.ch\\\/fr\\\/produkt\\\/claus-porto-coffret-luxueux-de-savons-favorito\\\/\",\"url\":\"https:\\\/\\\/manskin.ch\\\/fr\\\/produkt\\\/claus-porto-coffret-luxueux-de-savons-favorito\\\/\",\"name\":\"Claus Porto - Coffret luxueux de savons Favorito | Manskin.ch\",\"isPartOf\":{\"@id\":\"https:\\\/\\\/manskin.ch\\\/fr\\\/#website\"},\"primaryImageOfPage\":{\"@id\":\"https:\\\/\\\/manskin.ch\\\/fr\\\/produkt\\\/claus-porto-coffret-luxueux-de-savons-favorito\\\/#primaryimage\"},\"image\":{\"@id\":\"https:\\\/\\\/manskin.ch\\\/fr\\\/produkt\\\/claus-porto-coffret-luxueux-de-savons-favorito\\\/#primaryimage\"},\"thumbnailUrl\":\"https:\\\/\\\/manskin.ch\\\/wp-content\\\/uploads\\\/2025\\\/11\\\/Claus-Porto-Favorito.jpg\",\"datePublished\":\"2025-11-29T08:36:02+00:00\",\"dateModified\":\"2026-01-15T19:44:46+00:00\",\"description\":\"Fais-toi plaisir avec le coffret cadeau Favorito de Claus Porto, qui contient des savons haut de gamme et un porte-savon \u00e9l\u00e9gant.\",\"breadcrumb\":{\"@id\":\"https:\\\/\\\/manskin.ch\\\/fr\\\/produkt\\\/claus-porto-coffret-luxueux-de-savons-favorito\\\/#breadcrumb\"},\"inLanguage\":\"fr-FR\",\"potentialAction\":[{\"@type\":\"ReadAction\",\"target\":[\"https:\\\/\\\/manskin.ch\\\/fr\\\/produkt\\\/claus-porto-coffret-luxueux-de-savons-favorito\\\/\"]}]},{\"@type\":\"ImageObject\",\"inLanguage\":\"fr-FR\",\"@id\":\"https:\\\/\\\/manskin.ch\\\/fr\\\/produkt\\\/claus-porto-coffret-luxueux-de-savons-favorito\\\/#primaryimage\",\"url\":\"https:\\\/\\\/manskin.ch\\\/wp-content\\\/uploads\\\/2025\\\/11\\\/Claus-Porto-Favorito.jpg\",\"contentUrl\":\"https:\\\/\\\/manskin.ch\\\/wp-content\\\/uploads\\\/2025\\\/11\\\/Claus-Porto-Favorito.jpg\",\"width\":1000,\"height\":1000},{\"@type\":\"BreadcrumbList\",\"@id\":\"https:\\\/\\\/manskin.ch\\\/fr\\\/produkt\\\/claus-porto-coffret-luxueux-de-savons-favorito\\\/#breadcrumb\",\"itemListElement\":[{\"@type\":\"ListItem\",\"position\":1,\"name\":\"Startseite\",\"item\":\"https:\\\/\\\/manskin.ch\\\/fr\\\/\"},{\"@type\":\"ListItem\",\"position\":2,\"name\":\"Boutique Soins pour Hommes &amp; Skincare\",\"item\":\"https:\\\/\\\/manskin.ch\\\/fr\\\/boutique\\\/\"},{\"@type\":\"ListItem\",\"position\":3,\"name\":\"Claus Porto &#8211; Coffret luxueux de savons Favorito\"}]},{\"@type\":\"WebSite\",\"@id\":\"https:\\\/\\\/manskin.ch\\\/fr\\\/#website\",\"url\":\"https:\\\/\\\/manskin.ch\\\/fr\\\/\",\"name\":\"Manskin.ch\",\"description\":\"Tous les produits de beaut\u00e9 pour les hommes les plus exigeants\",\"publisher\":{\"@id\":\"https:\\\/\\\/manskin.ch\\\/fr\\\/#organization\"},\"potentialAction\":[{\"@type\":\"SearchAction\",\"target\":{\"@type\":\"EntryPoint\",\"urlTemplate\":\"https:\\\/\\\/manskin.ch\\\/fr\\\/?s={search_term_string}\"},\"query-input\":{\"@type\":\"PropertyValueSpecification\",\"valueRequired\":true,\"valueName\":\"search_term_string\"}}],\"inLanguage\":\"fr-FR\"},{\"@type\":\"Organization\",\"@id\":\"https:\\\/\\\/manskin.ch\\\/fr\\\/#organization\",\"name\":\"Manskin.ch - der Schweizer Onlineshop f\u00fcr qualit\u00e4tsstarke M\u00e4nnerpflege\",\"url\":\"https:\\\/\\\/manskin.ch\\\/fr\\\/\",\"logo\":{\"@type\":\"ImageObject\",\"inLanguage\":\"fr-FR\",\"@id\":\"https:\\\/\\\/manskin.ch\\\/fr\\\/#\\\/schema\\\/logo\\\/image\\\/\",\"url\":\"https:\\\/\\\/manskin.ch\\\/wp-content\\\/uploads\\\/2021\\\/04\\\/cropped-logo_head.png\",\"contentUrl\":\"https:\\\/\\\/manskin.ch\\\/wp-content\\\/uploads\\\/2021\\\/04\\\/cropped-logo_head.png\",\"width\":235,\"height\":75,\"caption\":\"Manskin.ch - der Schweizer Onlineshop f\u00fcr qualit\u00e4tsstarke M\u00e4nnerpflege\"},\"image\":{\"@id\":\"https:\\\/\\\/manskin.ch\\\/fr\\\/#\\\/schema\\\/logo\\\/image\\\/\"},\"sameAs\":[\"https:\\\/\\\/www.facebook.com\\\/manskin.ch\",\"https:\\\/\\\/www.instagram.com\\\/manskin.ch\\\/\"]}]}<\/script>\n<meta property=\"product:price:amount\" content=\"65.00\" \/>\n<meta property=\"product:price:currency\" content=\"CHF\" \/>\n<meta property=\"og:availability\" content=\"instock\" \/>\n<meta property=\"product:availability\" content=\"instock\" \/>\n<meta property=\"product:retailer_item_id\" content=\"14402\" \/>\n<meta property=\"product:condition\" content=\"new\" \/>\n<!-- \/ Yoast SEO Premium plugin. -->","yoast_head_json":{"title":"Claus Porto - Coffret luxueux de savons Favorito | Manskin.ch","description":"Fais-toi plaisir avec le coffret cadeau Favorito de Claus Porto, qui contient des savons haut de gamme et un porte-savon \u00e9l\u00e9gant.","robots":{"index":"index","follow":"follow","max-snippet":"max-snippet:-1","max-image-preview":"max-image-preview:large","max-video-preview":"max-video-preview:-1"},"canonical":"https:\/\/manskin.ch\/fr\/produkt\/claus-porto-coffret-luxueux-de-savons-favorito\/","og_locale":"fr_FR","og_type":"article","og_title":"Claus Porto - Coffret luxueux de savons Favorito","og_description":"Fais-toi plaisir avec le coffret cadeau Favorito de Claus Porto, qui contient des savons haut de gamme et un porte-savon \u00e9l\u00e9gant.","og_url":"https:\/\/manskin.ch\/fr\/produkt\/claus-porto-coffret-luxueux-de-savons-favorito\/","og_site_name":"Manskin.ch","article_publisher":"https:\/\/www.facebook.com\/manskin.ch","article_modified_time":"2026-01-15T19:44:46+00:00","twitter_card":"summary_large_image","twitter_misc":{"Prix":"65.00&#67;&#72;&#70;","Disponibilit\u00e9":"En stock"},"schema":{"@context":"https:\/\/schema.org","@graph":[{"@type":"WebPage","@id":"https:\/\/manskin.ch\/fr\/produkt\/claus-porto-coffret-luxueux-de-savons-favorito\/","url":"https:\/\/manskin.ch\/fr\/produkt\/claus-porto-coffret-luxueux-de-savons-favorito\/","name":"Claus Porto - Coffret luxueux de savons Favorito | Manskin.ch","isPartOf":{"@id":"https:\/\/manskin.ch\/fr\/#website"},"primaryImageOfPage":{"@id":"https:\/\/manskin.ch\/fr\/produkt\/claus-porto-coffret-luxueux-de-savons-favorito\/#primaryimage"},"image":{"@id":"https:\/\/manskin.ch\/fr\/produkt\/claus-porto-coffret-luxueux-de-savons-favorito\/#primaryimage"},"thumbnailUrl":"https:\/\/manskin.ch\/wp-content\/uploads\/2025\/11\/Claus-Porto-Favorito.jpg","datePublished":"2025-11-29T08:36:02+00:00","dateModified":"2026-01-15T19:44:46+00:00","description":"Fais-toi plaisir avec le coffret cadeau Favorito de Claus Porto, qui contient des savons haut de gamme et un porte-savon \u00e9l\u00e9gant.","breadcrumb":{"@id":"https:\/\/manskin.ch\/fr\/produkt\/claus-porto-coffret-luxueux-de-savons-favorito\/#breadcrumb"},"inLanguage":"fr-FR","potentialAction":[{"@type":"ReadAction","target":["https:\/\/manskin.ch\/fr\/produkt\/claus-porto-coffret-luxueux-de-savons-favorito\/"]}]},{"@type":"ImageObject","inLanguage":"fr-FR","@id":"https:\/\/manskin.ch\/fr\/produkt\/claus-porto-coffret-luxueux-de-savons-favorito\/#primaryimage","url":"https:\/\/manskin.ch\/wp-content\/uploads\/2025\/11\/Claus-Porto-Favorito.jpg","contentUrl":"https:\/\/manskin.ch\/wp-content\/uploads\/2025\/11\/Claus-Porto-Favorito.jpg","width":1000,"height":1000},{"@type":"BreadcrumbList","@id":"https:\/\/manskin.ch\/fr\/produkt\/claus-porto-coffret-luxueux-de-savons-favorito\/#breadcrumb","itemListElement":[{"@type":"ListItem","position":1,"name":"Startseite","item":"https:\/\/manskin.ch\/fr\/"},{"@type":"ListItem","position":2,"name":"Boutique Soins pour Hommes &amp; Skincare","item":"https:\/\/manskin.ch\/fr\/boutique\/"},{"@type":"ListItem","position":3,"name":"Claus Porto &#8211; Coffret luxueux de savons Favorito"}]},{"@type":"WebSite","@id":"https:\/\/manskin.ch\/fr\/#website","url":"https:\/\/manskin.ch\/fr\/","name":"Manskin.ch","description":"Tous les produits de beaut\u00e9 pour les hommes les plus exigeants","publisher":{"@id":"https:\/\/manskin.ch\/fr\/#organization"},"potentialAction":[{"@type":"SearchAction","target":{"@type":"EntryPoint","urlTemplate":"https:\/\/manskin.ch\/fr\/?s={search_term_string}"},"query-input":{"@type":"PropertyValueSpecification","valueRequired":true,"valueName":"search_term_string"}}],"inLanguage":"fr-FR"},{"@type":"Organization","@id":"https:\/\/manskin.ch\/fr\/#organization","name":"Manskin.ch - der Schweizer Onlineshop f\u00fcr qualit\u00e4tsstarke M\u00e4nnerpflege","url":"https:\/\/manskin.ch\/fr\/","logo":{"@type":"ImageObject","inLanguage":"fr-FR","@id":"https:\/\/manskin.ch\/fr\/#\/schema\/logo\/image\/","url":"https:\/\/manskin.ch\/wp-content\/uploads\/2021\/04\/cropped-logo_head.png","contentUrl":"https:\/\/manskin.ch\/wp-content\/uploads\/2021\/04\/cropped-logo_head.png","width":235,"height":75,"caption":"Manskin.ch - der Schweizer Onlineshop f\u00fcr qualit\u00e4tsstarke M\u00e4nnerpflege"},"image":{"@id":"https:\/\/manskin.ch\/fr\/#\/schema\/logo\/image\/"},"sameAs":["https:\/\/www.facebook.com\/manskin.ch","https:\/\/www.instagram.com\/manskin.ch\/"]}]},"product_price_amount":"65.00","product_price_currency":"CHF","og_availability":"instock","product_availability":"instock","product_retailer_item_id":"14402","product_condition":"new"},"brands":[{"id":6619,"name":"Claus Porto","slug":"claus-porto"}],"_links":{"self":[{"href":"https:\/\/manskin.ch\/fr\/wp-json\/wp\/v2\/product\/503675","targetHints":{"allow":["GET"]}}],"collection":[{"href":"https:\/\/manskin.ch\/fr\/wp-json\/wp\/v2\/product"}],"about":[{"href":"https:\/\/manskin.ch\/fr\/wp-json\/wp\/v2\/types\/product"}],"replies":[{"embeddable":true,"href":"https:\/\/manskin.ch\/fr\/wp-json\/wp\/v2\/comments?post=503675"}],"wp:featuredmedia":[{"embeddable":true,"href":"https:\/\/manskin.ch\/fr\/wp-json\/wp\/v2\/media\/503673"}],"wp:attachment":[{"href":"https:\/\/manskin.ch\/fr\/wp-json\/wp\/v2\/media?parent=503675"}],"wp:term":[{"taxonomy":"pwb-brand","embeddable":true,"href":"https:\/\/manskin.ch\/fr\/wp-json\/wp\/v2\/pwb-brand?post=503675"},{"taxonomy":"product_brand","embeddable":true,"href":"https:\/\/manskin.ch\/fr\/wp-json\/wp\/v2\/product_brand?post=503675"},{"taxonomy":"product_cat","embeddable":true,"href":"https:\/\/manskin.ch\/fr\/wp-json\/wp\/v2\/product_cat?post=503675"},{"taxonomy":"product_tag","embeddable":true,"href":"https:\/\/manskin.ch\/fr\/wp-json\/wp\/v2\/product_tag?post=503675"}],"curies":[{"name":"wp","href":"https:\/\/api.w.org\/{rel}","templated":true}]}}