{"id":503646,"date":"2025-11-27T20:44:10","date_gmt":"2025-11-27T19:44:10","guid":{"rendered":"https:\/\/manskin.ch\/produkt\/anthony-high-performance-anti-aging-trio\/"},"modified":"2026-03-31T08:28:10","modified_gmt":"2026-03-31T06:28:10","slug":"anthony-high-performance-anti-aging-trio","status":"publish","type":"product","link":"https:\/\/manskin.ch\/fr\/produkt\/anthony-high-performance-anti-aging-trio\/","title":{"rendered":"Anthony &#8211; High Performance Anti-Aging Trio"},"content":{"rendered":"<h2 class=\"p1\">Anthony &#8211; Trio anti-\u00e2ge haute performance<\/h2>\n<p class=\"p1\">L&rsquo;\u00e2ge n&rsquo;est qu&rsquo;un chiffre lorsque vous ajoutez le kit trio haute performance \u00e0 votre routine de soins de la peau.<br \/>\nCe trio triple action combat les premiers signes du vieillissement cutan\u00e9 en trois \u00e9tapes simples.<br \/>\nLe programme anti-\u00e2ge en 3 \u00e9tapes comprend :<\/p>\n<h3 class=\"p1\">1. S\u00e9rum visage haute performance \u00e0 la vitamine C (15 ml)<\/h3>\n<ul>\n<li class=\"p4\">Sens la diff\u00e9rence ! Il \u00e9claircit, illumine et rajeunit les peaux matures, uniformise le teint tout en prot\u00e9geant contre les radicaux libres et les agressions ext\u00e9rieures.<\/li>\n<li class=\"p4\">Ce s\u00e9rum visage haute performance \u00e0 la vitamine C contient de la vitamine C stabilis\u00e9e pour minimiser les effets des radicaux libres li\u00e9s aux agressions ext\u00e9rieures.<\/li>\n<li class=\"p4\">Un m\u00e9lange unique de polypeptides et d&rsquo;acide salicylique aide \u00e0 am\u00e9liorer la texture de la peau, \u00e0 la rajeunir et \u00e0 l&rsquo;\u00e9claircir, tandis que l&rsquo;extrait de racine de r\u00e9glisse contribue \u00e0 uniformiser le teint.<\/li>\n<\/ul>\n<h3>2. Lotion hydratante pour le visage \u00e0 la vitamine A hautement efficace (15 ml)<\/h3>\n<ul>\n<li class=\"p4\">Une formule l\u00e9g\u00e8re aux multiples bienfaits. Con\u00e7ue pour hydrater, apaiser et lisser les peaux grasses (sans obstruer les pores) tout en minimisant les signes du vieillissement cutan\u00e9.<\/li>\n<li class=\"p4\">La lotion hydratante pour le visage \u00e0 la vitamine A hautement efficace contient de la vitamine A et de la racine de carotte pour pr\u00e9server l&rsquo;\u00e9lasticit\u00e9 de votre peau et lui conserver sa vitalit\u00e9 juv\u00e9nile. Enrichie en beurre de karit\u00e9 et en squalane, elle apaise, nourrit et hydrate \u00e9galement la peau.<\/li>\n<\/ul>\n<h3 class=\"p3\">3. Cr\u00e8me contour des yeux hautement efficace et hydratante longue dur\u00e9e (15 ml)<\/h3>\n<ul>\n<li class=\"p4\">Cette cr\u00e8me contour des yeux avanc\u00e9e \u00e0 lib\u00e9ration prolong\u00e9e est douce pour les yeux et aide \u00e0 r\u00e9duire les ridules, les cernes et les poches autour des yeux.<\/li>\n<li class=\"p4\">Cette cr\u00e8me pour les yeux hautement efficace et hydratante en continu contient de l&rsquo;arnica et de la caf\u00e9ine pour r\u00e9duire les poches et les cernes, tandis que l&rsquo;huile de jojoba, le beurre de karit\u00e9, le squalane et l&rsquo;extrait de racine de carotte assurent une hydratation maximale.<\/li>\n<\/ul>\n<p class=\"p2\">Application :<br \/>\n1. Applique 2 \u00e0 3 pressions du s\u00e9rum visage \u00e0 la vitamine C sur une peau propre et s\u00e8che et massez le visage et le cou en insistant particuli\u00e8rement sur les zones tach\u00e9es et irr\u00e9guli\u00e8res.<br \/>\n2. Applique ensuite une petite quantit\u00e9 de la lotion hydratante pour le visage \u00e0 la vitamine A sur le visage et le cou.<br \/>\n3. Pour finir, applique une petite quantit\u00e9 de la cr\u00e8me hydratante continue pour les yeux sur votre doigt et tapote doucement le contour des yeux.<\/p>\n","protected":false},"excerpt":{"rendered":"<p>3 produits anti-\u00e2ge hautement efficaces pour les hommes<\/p>\n","protected":false},"featured_media":503644,"comment_status":"closed","ping_status":"closed","template":"","meta":{"_acf_changed":false},"pwb-brand":[2751],"product_brand":[],"product_cat":[2316,2326,2328,2345,2349,2334],"product_tag":[],"class_list":{"0":"post-503646","1":"product","2":"type-product","3":"status-publish","4":"has-post-thumbnail","6":"pwb-brand-anthony","7":"product_cat-anthony","8":"product_cat-cadeaux","9":"product_cat-contour-de-loeil","10":"product_cat-fines-lignes-rides","11":"product_cat-peau-fatiguee","12":"product_cat-serum-visage","13":"product_shipping_class-standard-fr","14":"sales-flash-overlay","15":"woocommerce-text-align-center","16":"woocommerce-image-align-center","17":"do-quantity-buttons","19":"first","20":"instock","21":"taxable","22":"shipping-taxable","23":"purchasable","24":"product-type-simple"},"acf":[],"yoast_head":"<!-- This site is optimized with the Yoast SEO Premium plugin v27.3 (Yoast SEO v27.3) - https:\/\/yoast.com\/product\/yoast-seo-premium-wordpress\/ -->\n<title>Anthony High Perfomance Anti-Aging Trio | Manskin.ch<\/title>\n<meta name=\"description\" content=\"D\u00e9couvre le trio anti-\u00e2ge haute performance Anthony et obtenez un teint plus \u00e9clatant en seulement trois \u00e9tapes simples. Essaie-le maintenant!\" \/>\n<meta name=\"robots\" content=\"index, follow, max-snippet:-1, max-image-preview:large, max-video-preview:-1\" \/>\n<link rel=\"canonical\" href=\"https:\/\/manskin.ch\/fr\/produkt\/anthony-high-performance-anti-aging-trio\/\" \/>\n<meta property=\"og:locale\" content=\"fr_FR\" \/>\n<meta property=\"og:type\" content=\"article\" \/>\n<meta property=\"og:title\" content=\"Anthony - High Performance Anti-Aging Trio\" \/>\n<meta property=\"og:description\" content=\"D\u00e9couvre le trio anti-\u00e2ge haute performance Anthony et obtenez un teint plus \u00e9clatant en seulement trois \u00e9tapes simples. Essaie-le maintenant!\" \/>\n<meta property=\"og:url\" content=\"https:\/\/manskin.ch\/fr\/produkt\/anthony-high-performance-anti-aging-trio\/\" \/>\n<meta property=\"og:site_name\" content=\"Manskin.ch\" \/>\n<meta property=\"article:publisher\" content=\"https:\/\/www.facebook.com\/manskin.ch\" \/>\n<meta property=\"article:modified_time\" content=\"2026-03-31T06:28:10+00:00\" \/>\n<meta property=\"og:image\" content=\"https:\/\/manskin.ch\/wp-content\/uploads\/2025\/11\/Anthony-High-Perfomance-Trio.jpg\" \/>\n\t<meta property=\"og:image:width\" content=\"1000\" \/>\n\t<meta property=\"og:image:height\" content=\"1000\" \/>\n\t<meta property=\"og:image:type\" content=\"image\/jpeg\" \/>\n<meta name=\"twitter:card\" content=\"summary_large_image\" \/>\n<meta name=\"twitter:label1\" content=\"Prix\" \/>\n\t<meta name=\"twitter:data1\" content=\"65.00&#067;&#072;&#070;\" \/>\n\t<meta name=\"twitter:label2\" content=\"Disponibilit\u00e9\" \/>\n\t<meta name=\"twitter:data2\" content=\"En stock\" \/>\n<script type=\"application\/ld+json\" class=\"yoast-schema-graph\">{\"@context\":\"https:\\\/\\\/schema.org\",\"@graph\":[{\"@type\":\"WebPage\",\"@id\":\"https:\\\/\\\/manskin.ch\\\/fr\\\/produkt\\\/anthony-high-performance-anti-aging-trio\\\/\",\"url\":\"https:\\\/\\\/manskin.ch\\\/fr\\\/produkt\\\/anthony-high-performance-anti-aging-trio\\\/\",\"name\":\"Anthony High Perfomance Anti-Aging Trio | Manskin.ch\",\"isPartOf\":{\"@id\":\"https:\\\/\\\/manskin.ch\\\/fr\\\/#website\"},\"primaryImageOfPage\":{\"@id\":\"https:\\\/\\\/manskin.ch\\\/fr\\\/produkt\\\/anthony-high-performance-anti-aging-trio\\\/#primaryimage\"},\"image\":{\"@id\":\"https:\\\/\\\/manskin.ch\\\/fr\\\/produkt\\\/anthony-high-performance-anti-aging-trio\\\/#primaryimage\"},\"thumbnailUrl\":\"https:\\\/\\\/manskin.ch\\\/wp-content\\\/uploads\\\/2025\\\/11\\\/Anthony-High-Perfomance-Trio.jpg\",\"datePublished\":\"2025-11-27T19:44:10+00:00\",\"dateModified\":\"2026-03-31T06:28:10+00:00\",\"description\":\"D\u00e9couvre le trio anti-\u00e2ge haute performance Anthony et obtenez un teint plus \u00e9clatant en seulement trois \u00e9tapes simples. Essaie-le maintenant!\",\"breadcrumb\":{\"@id\":\"https:\\\/\\\/manskin.ch\\\/fr\\\/produkt\\\/anthony-high-performance-anti-aging-trio\\\/#breadcrumb\"},\"inLanguage\":\"fr-FR\",\"potentialAction\":[{\"@type\":\"ReadAction\",\"target\":[\"https:\\\/\\\/manskin.ch\\\/fr\\\/produkt\\\/anthony-high-performance-anti-aging-trio\\\/\"]}]},{\"@type\":\"ImageObject\",\"inLanguage\":\"fr-FR\",\"@id\":\"https:\\\/\\\/manskin.ch\\\/fr\\\/produkt\\\/anthony-high-performance-anti-aging-trio\\\/#primaryimage\",\"url\":\"https:\\\/\\\/manskin.ch\\\/wp-content\\\/uploads\\\/2025\\\/11\\\/Anthony-High-Perfomance-Trio.jpg\",\"contentUrl\":\"https:\\\/\\\/manskin.ch\\\/wp-content\\\/uploads\\\/2025\\\/11\\\/Anthony-High-Perfomance-Trio.jpg\",\"width\":1000,\"height\":1000},{\"@type\":\"BreadcrumbList\",\"@id\":\"https:\\\/\\\/manskin.ch\\\/fr\\\/produkt\\\/anthony-high-performance-anti-aging-trio\\\/#breadcrumb\",\"itemListElement\":[{\"@type\":\"ListItem\",\"position\":1,\"name\":\"Startseite\",\"item\":\"https:\\\/\\\/manskin.ch\\\/fr\\\/\"},{\"@type\":\"ListItem\",\"position\":2,\"name\":\"Boutique Soins pour Hommes &amp; Skincare\",\"item\":\"https:\\\/\\\/manskin.ch\\\/fr\\\/boutique\\\/\"},{\"@type\":\"ListItem\",\"position\":3,\"name\":\"Anthony &#8211; High Performance Anti-Aging Trio\"}]},{\"@type\":\"WebSite\",\"@id\":\"https:\\\/\\\/manskin.ch\\\/fr\\\/#website\",\"url\":\"https:\\\/\\\/manskin.ch\\\/fr\\\/\",\"name\":\"Manskin.ch\",\"description\":\"Tous les produits de beaut\u00e9 pour les hommes les plus exigeants\",\"publisher\":{\"@id\":\"https:\\\/\\\/manskin.ch\\\/fr\\\/#organization\"},\"potentialAction\":[{\"@type\":\"SearchAction\",\"target\":{\"@type\":\"EntryPoint\",\"urlTemplate\":\"https:\\\/\\\/manskin.ch\\\/fr\\\/?s={search_term_string}\"},\"query-input\":{\"@type\":\"PropertyValueSpecification\",\"valueRequired\":true,\"valueName\":\"search_term_string\"}}],\"inLanguage\":\"fr-FR\"},{\"@type\":\"Organization\",\"@id\":\"https:\\\/\\\/manskin.ch\\\/fr\\\/#organization\",\"name\":\"Manskin.ch - der Schweizer Onlineshop f\u00fcr qualit\u00e4tsstarke M\u00e4nnerpflege\",\"url\":\"https:\\\/\\\/manskin.ch\\\/fr\\\/\",\"logo\":{\"@type\":\"ImageObject\",\"inLanguage\":\"fr-FR\",\"@id\":\"https:\\\/\\\/manskin.ch\\\/fr\\\/#\\\/schema\\\/logo\\\/image\\\/\",\"url\":\"https:\\\/\\\/manskin.ch\\\/wp-content\\\/uploads\\\/2021\\\/04\\\/cropped-logo_head.png\",\"contentUrl\":\"https:\\\/\\\/manskin.ch\\\/wp-content\\\/uploads\\\/2021\\\/04\\\/cropped-logo_head.png\",\"width\":235,\"height\":75,\"caption\":\"Manskin.ch - der Schweizer Onlineshop f\u00fcr qualit\u00e4tsstarke M\u00e4nnerpflege\"},\"image\":{\"@id\":\"https:\\\/\\\/manskin.ch\\\/fr\\\/#\\\/schema\\\/logo\\\/image\\\/\"},\"sameAs\":[\"https:\\\/\\\/www.facebook.com\\\/manskin.ch\",\"https:\\\/\\\/www.instagram.com\\\/manskin.ch\\\/\"]}]}<\/script>\n<meta property=\"product:price:amount\" content=\"65.00\" \/>\n<meta property=\"product:price:currency\" content=\"CHF\" \/>\n<meta property=\"og:availability\" content=\"instock\" \/>\n<meta property=\"product:availability\" content=\"instock\" \/>\n<meta property=\"product:retailer_item_id\" content=\"14398\" \/>\n<meta property=\"product:condition\" content=\"new\" \/>\n<!-- \/ Yoast SEO Premium plugin. -->","yoast_head_json":{"title":"Anthony High Perfomance Anti-Aging Trio | Manskin.ch","description":"D\u00e9couvre le trio anti-\u00e2ge haute performance Anthony et obtenez un teint plus \u00e9clatant en seulement trois \u00e9tapes simples. Essaie-le maintenant!","robots":{"index":"index","follow":"follow","max-snippet":"max-snippet:-1","max-image-preview":"max-image-preview:large","max-video-preview":"max-video-preview:-1"},"canonical":"https:\/\/manskin.ch\/fr\/produkt\/anthony-high-performance-anti-aging-trio\/","og_locale":"fr_FR","og_type":"article","og_title":"Anthony - High Performance Anti-Aging Trio","og_description":"D\u00e9couvre le trio anti-\u00e2ge haute performance Anthony et obtenez un teint plus \u00e9clatant en seulement trois \u00e9tapes simples. Essaie-le maintenant!","og_url":"https:\/\/manskin.ch\/fr\/produkt\/anthony-high-performance-anti-aging-trio\/","og_site_name":"Manskin.ch","article_publisher":"https:\/\/www.facebook.com\/manskin.ch","article_modified_time":"2026-03-31T06:28:10+00:00","og_image":[{"width":1000,"height":1000,"url":"https:\/\/manskin.ch\/wp-content\/uploads\/2025\/11\/Anthony-High-Perfomance-Trio.jpg","type":"image\/jpeg"}],"twitter_card":"summary_large_image","twitter_misc":{"Prix":"65.00&#67;&#72;&#70;","Disponibilit\u00e9":"En stock"},"schema":{"@context":"https:\/\/schema.org","@graph":[{"@type":"WebPage","@id":"https:\/\/manskin.ch\/fr\/produkt\/anthony-high-performance-anti-aging-trio\/","url":"https:\/\/manskin.ch\/fr\/produkt\/anthony-high-performance-anti-aging-trio\/","name":"Anthony High Perfomance Anti-Aging Trio | Manskin.ch","isPartOf":{"@id":"https:\/\/manskin.ch\/fr\/#website"},"primaryImageOfPage":{"@id":"https:\/\/manskin.ch\/fr\/produkt\/anthony-high-performance-anti-aging-trio\/#primaryimage"},"image":{"@id":"https:\/\/manskin.ch\/fr\/produkt\/anthony-high-performance-anti-aging-trio\/#primaryimage"},"thumbnailUrl":"https:\/\/manskin.ch\/wp-content\/uploads\/2025\/11\/Anthony-High-Perfomance-Trio.jpg","datePublished":"2025-11-27T19:44:10+00:00","dateModified":"2026-03-31T06:28:10+00:00","description":"D\u00e9couvre le trio anti-\u00e2ge haute performance Anthony et obtenez un teint plus \u00e9clatant en seulement trois \u00e9tapes simples. Essaie-le maintenant!","breadcrumb":{"@id":"https:\/\/manskin.ch\/fr\/produkt\/anthony-high-performance-anti-aging-trio\/#breadcrumb"},"inLanguage":"fr-FR","potentialAction":[{"@type":"ReadAction","target":["https:\/\/manskin.ch\/fr\/produkt\/anthony-high-performance-anti-aging-trio\/"]}]},{"@type":"ImageObject","inLanguage":"fr-FR","@id":"https:\/\/manskin.ch\/fr\/produkt\/anthony-high-performance-anti-aging-trio\/#primaryimage","url":"https:\/\/manskin.ch\/wp-content\/uploads\/2025\/11\/Anthony-High-Perfomance-Trio.jpg","contentUrl":"https:\/\/manskin.ch\/wp-content\/uploads\/2025\/11\/Anthony-High-Perfomance-Trio.jpg","width":1000,"height":1000},{"@type":"BreadcrumbList","@id":"https:\/\/manskin.ch\/fr\/produkt\/anthony-high-performance-anti-aging-trio\/#breadcrumb","itemListElement":[{"@type":"ListItem","position":1,"name":"Startseite","item":"https:\/\/manskin.ch\/fr\/"},{"@type":"ListItem","position":2,"name":"Boutique Soins pour Hommes &amp; Skincare","item":"https:\/\/manskin.ch\/fr\/boutique\/"},{"@type":"ListItem","position":3,"name":"Anthony &#8211; High Performance Anti-Aging Trio"}]},{"@type":"WebSite","@id":"https:\/\/manskin.ch\/fr\/#website","url":"https:\/\/manskin.ch\/fr\/","name":"Manskin.ch","description":"Tous les produits de beaut\u00e9 pour les hommes les plus exigeants","publisher":{"@id":"https:\/\/manskin.ch\/fr\/#organization"},"potentialAction":[{"@type":"SearchAction","target":{"@type":"EntryPoint","urlTemplate":"https:\/\/manskin.ch\/fr\/?s={search_term_string}"},"query-input":{"@type":"PropertyValueSpecification","valueRequired":true,"valueName":"search_term_string"}}],"inLanguage":"fr-FR"},{"@type":"Organization","@id":"https:\/\/manskin.ch\/fr\/#organization","name":"Manskin.ch - der Schweizer Onlineshop f\u00fcr qualit\u00e4tsstarke M\u00e4nnerpflege","url":"https:\/\/manskin.ch\/fr\/","logo":{"@type":"ImageObject","inLanguage":"fr-FR","@id":"https:\/\/manskin.ch\/fr\/#\/schema\/logo\/image\/","url":"https:\/\/manskin.ch\/wp-content\/uploads\/2021\/04\/cropped-logo_head.png","contentUrl":"https:\/\/manskin.ch\/wp-content\/uploads\/2021\/04\/cropped-logo_head.png","width":235,"height":75,"caption":"Manskin.ch - der Schweizer Onlineshop f\u00fcr qualit\u00e4tsstarke M\u00e4nnerpflege"},"image":{"@id":"https:\/\/manskin.ch\/fr\/#\/schema\/logo\/image\/"},"sameAs":["https:\/\/www.facebook.com\/manskin.ch","https:\/\/www.instagram.com\/manskin.ch\/"]}]},"product_price_amount":"65.00","product_price_currency":"CHF","og_availability":"instock","product_availability":"instock","product_retailer_item_id":"14398","product_condition":"new"},"brands":[{"id":2751,"name":"Anthony","slug":"anthony"}],"_links":{"self":[{"href":"https:\/\/manskin.ch\/fr\/wp-json\/wp\/v2\/product\/503646","targetHints":{"allow":["GET"]}}],"collection":[{"href":"https:\/\/manskin.ch\/fr\/wp-json\/wp\/v2\/product"}],"about":[{"href":"https:\/\/manskin.ch\/fr\/wp-json\/wp\/v2\/types\/product"}],"replies":[{"embeddable":true,"href":"https:\/\/manskin.ch\/fr\/wp-json\/wp\/v2\/comments?post=503646"}],"wp:featuredmedia":[{"embeddable":true,"href":"https:\/\/manskin.ch\/fr\/wp-json\/wp\/v2\/media\/503644"}],"wp:attachment":[{"href":"https:\/\/manskin.ch\/fr\/wp-json\/wp\/v2\/media?parent=503646"}],"wp:term":[{"taxonomy":"pwb-brand","embeddable":true,"href":"https:\/\/manskin.ch\/fr\/wp-json\/wp\/v2\/pwb-brand?post=503646"},{"taxonomy":"product_brand","embeddable":true,"href":"https:\/\/manskin.ch\/fr\/wp-json\/wp\/v2\/product_brand?post=503646"},{"taxonomy":"product_cat","embeddable":true,"href":"https:\/\/manskin.ch\/fr\/wp-json\/wp\/v2\/product_cat?post=503646"},{"taxonomy":"product_tag","embeddable":true,"href":"https:\/\/manskin.ch\/fr\/wp-json\/wp\/v2\/product_tag?post=503646"}],"curies":[{"name":"wp","href":"https:\/\/api.w.org\/{rel}","templated":true}]}}