{"id":503470,"date":"2025-11-13T10:15:45","date_gmt":"2025-11-13T09:15:45","guid":{"rendered":"https:\/\/manskin.ch\/produkt\/merkur-rasoir-de-securite-34c-inox-edition-1896-en-coffret-cadeau\/"},"modified":"2025-11-24T12:22:00","modified_gmt":"2025-11-24T11:22:00","slug":"merkur-rasoir-de-securite-34c-inox-edition-1896-en-coffret-cadeau","status":"publish","type":"product","link":"https:\/\/manskin.ch\/fr\/produkt\/merkur-rasoir-de-securite-34c-inox-edition-1896-en-coffret-cadeau\/","title":{"rendered":"Merkur &#8211; Rasoir de s\u00e9curit\u00e9 34C Inox Edition 1896 en coffret cadeau"},"content":{"rendered":"<h2 class=\"p1\">Merkur &#8211; Rasoir de s\u00e9curit\u00e9 34C Inox Edition 1896 dans un coffret cadeau<\/h2>\n<p class=\"p2\">L&rsquo;\u00e9dition 1896 comprend le rasoir 34C en acier inoxydable, des lames de rasoir et un \u00e9tui en cuir<\/p>\n<ul>\n<li class=\"p2\">La s\u00e9rie de rasoirs Merkur 34C est \u00e9galement connue des amateurs sous l&rsquo;abr\u00e9viation \u00ab HD \u00bb, qui signifie Heavy Duty.<\/li>\n<li class=\"p2\">Ce surnom a \u00e9t\u00e9 donn\u00e9 au rasoir de s\u00e9curit\u00e9 dans les ann\u00e9es 1980 en raison de son poids. Le 34 Inox, fabriqu\u00e9 en acier inoxydable satin\u00e9, est \u00e9galement raffin\u00e9 : peu d&rsquo;autres rasoirs de s\u00e9curit\u00e9 peuvent rivaliser avec le r\u00e9sultat lisse et doux qu&rsquo;offre ce classique.<\/li>\n<li class=\"p2\">Dans l&rsquo;\u00e9dition sp\u00e9ciale MERKUR 1896, le rasoir est livr\u00e9 avec un \u00e9tui en cuir et des lames de rasoir dans un coffret cadeau.<\/li>\n<li class=\"p2\">Un rasoir de s\u00e9curit\u00e9 \u00e0 peigne ferm\u00e9 est l&rsquo;outil polyvalent par excellence pour le rasage classique.<\/li>\n<li class=\"p2\">Vous sentirez intuitivement le meilleur angle d&rsquo;attaque pour le rasoir et obtiendrez imm\u00e9diatement des r\u00e9sultats de rasage id\u00e9aux.<\/li>\n<li class=\"p2\">L&rsquo;espace g\u00e9n\u00e9reux entre les lames permet au savon et aux poils de s&rsquo;\u00e9couler, pour un bon nettoyage et un rasage hygi\u00e9nique.<\/li>\n<\/ul>\n<p class=\"p3\">Poids du rasoir : 79 gr.<\/p>\n","protected":false},"excerpt":{"rendered":"<p>Set comprenant un rasoir en acier inoxydable, des lames de rasoir, un \u00e9tui en cuir<\/p>\n","protected":false},"featured_media":503466,"comment_status":"closed","ping_status":"closed","template":"","meta":{"_acf_changed":false},"pwb-brand":[2947],"product_brand":[],"product_cat":[2326,6590,2422],"product_tag":[],"class_list":{"0":"post-503470","1":"product","2":"type-product","3":"status-publish","4":"has-post-thumbnail","6":"pwb-brand-merkur","7":"product_cat-cadeaux","8":"product_cat-merkur-fr","9":"product_cat-rasoir-de-suretee","10":"product_shipping_class-standard-fr","11":"sales-flash-overlay","12":"woocommerce-text-align-center","13":"woocommerce-image-align-center","14":"do-quantity-buttons","16":"first","17":"instock","18":"taxable","19":"shipping-taxable","20":"purchasable","21":"product-type-simple"},"acf":[],"yoast_head":"<!-- This site is optimized with the Yoast SEO Premium plugin v27.3 (Yoast SEO v27.3) - https:\/\/yoast.com\/product\/yoast-seo-premium-wordpress\/ -->\n<title>Rasoir de s\u00e9curit\u00e9 Merkur 34C pour d\u00e9butants et pro | Manskin.ch<\/title>\n<meta name=\"description\" content=\"Assure-toi un rasage quotidien parfait avec le rasoir Merkur 34C. D\u00e9couvre l&#039;\u00e9quilibre et la pr\u00e9cision que tu m\u00e9rites ! Acheter maintenant sur Manskin.ch\" \/>\n<meta name=\"robots\" content=\"index, follow, max-snippet:-1, max-image-preview:large, max-video-preview:-1\" \/>\n<link rel=\"canonical\" href=\"https:\/\/manskin.ch\/fr\/produkt\/merkur-rasoir-de-securite-34c-inox-edition-1896-en-coffret-cadeau\/\" \/>\n<meta property=\"og:locale\" content=\"fr_FR\" \/>\n<meta property=\"og:type\" content=\"article\" \/>\n<meta property=\"og:title\" content=\"Merkur - Rasoir de s\u00e9curit\u00e9 34C Inox Edition 1896 en coffret cadeau\" \/>\n<meta property=\"og:description\" content=\"Assure-toi un rasage quotidien parfait avec le rasoir Merkur 34C. D\u00e9couvre l&#039;\u00e9quilibre et la pr\u00e9cision que tu m\u00e9rites ! Acheter maintenant sur Manskin.ch\" \/>\n<meta property=\"og:url\" content=\"https:\/\/manskin.ch\/fr\/produkt\/merkur-rasoir-de-securite-34c-inox-edition-1896-en-coffret-cadeau\/\" \/>\n<meta property=\"og:site_name\" content=\"Manskin.ch\" \/>\n<meta property=\"article:publisher\" content=\"https:\/\/www.facebook.com\/manskin.ch\" \/>\n<meta property=\"article:modified_time\" content=\"2025-11-24T11:22:00+00:00\" \/>\n<meta name=\"twitter:card\" content=\"summary_large_image\" \/>\n<meta name=\"twitter:label1\" content=\"Prix\" \/>\n\t<meta name=\"twitter:data1\" content=\"149.00&#067;&#072;&#070;\" \/>\n\t<meta name=\"twitter:label2\" content=\"Disponibilit\u00e9\" \/>\n\t<meta name=\"twitter:data2\" content=\"En stock\" \/>\n<script type=\"application\/ld+json\" class=\"yoast-schema-graph\">{\"@context\":\"https:\\\/\\\/schema.org\",\"@graph\":[{\"@type\":\"WebPage\",\"@id\":\"https:\\\/\\\/manskin.ch\\\/fr\\\/produkt\\\/merkur-rasoir-de-securite-34c-inox-edition-1896-en-coffret-cadeau\\\/\",\"url\":\"https:\\\/\\\/manskin.ch\\\/fr\\\/produkt\\\/merkur-rasoir-de-securite-34c-inox-edition-1896-en-coffret-cadeau\\\/\",\"name\":\"Rasoir de s\u00e9curit\u00e9 Merkur 34C pour d\u00e9butants et pro | Manskin.ch\",\"isPartOf\":{\"@id\":\"https:\\\/\\\/manskin.ch\\\/fr\\\/#website\"},\"primaryImageOfPage\":{\"@id\":\"https:\\\/\\\/manskin.ch\\\/fr\\\/produkt\\\/merkur-rasoir-de-securite-34c-inox-edition-1896-en-coffret-cadeau\\\/#primaryimage\"},\"image\":{\"@id\":\"https:\\\/\\\/manskin.ch\\\/fr\\\/produkt\\\/merkur-rasoir-de-securite-34c-inox-edition-1896-en-coffret-cadeau\\\/#primaryimage\"},\"thumbnailUrl\":\"https:\\\/\\\/manskin.ch\\\/wp-content\\\/uploads\\\/2025\\\/11\\\/Merkur-34C-Inox.webp\",\"datePublished\":\"2025-11-13T09:15:45+00:00\",\"dateModified\":\"2025-11-24T11:22:00+00:00\",\"description\":\"Assure-toi un rasage quotidien parfait avec le rasoir Merkur 34C. D\u00e9couvre l'\u00e9quilibre et la pr\u00e9cision que tu m\u00e9rites ! Acheter maintenant sur Manskin.ch\",\"breadcrumb\":{\"@id\":\"https:\\\/\\\/manskin.ch\\\/fr\\\/produkt\\\/merkur-rasoir-de-securite-34c-inox-edition-1896-en-coffret-cadeau\\\/#breadcrumb\"},\"inLanguage\":\"fr-FR\",\"potentialAction\":[{\"@type\":\"ReadAction\",\"target\":[\"https:\\\/\\\/manskin.ch\\\/fr\\\/produkt\\\/merkur-rasoir-de-securite-34c-inox-edition-1896-en-coffret-cadeau\\\/\"]}]},{\"@type\":\"ImageObject\",\"inLanguage\":\"fr-FR\",\"@id\":\"https:\\\/\\\/manskin.ch\\\/fr\\\/produkt\\\/merkur-rasoir-de-securite-34c-inox-edition-1896-en-coffret-cadeau\\\/#primaryimage\",\"url\":\"https:\\\/\\\/manskin.ch\\\/wp-content\\\/uploads\\\/2025\\\/11\\\/Merkur-34C-Inox.webp\",\"contentUrl\":\"https:\\\/\\\/manskin.ch\\\/wp-content\\\/uploads\\\/2025\\\/11\\\/Merkur-34C-Inox.webp\",\"width\":1000,\"height\":1114},{\"@type\":\"BreadcrumbList\",\"@id\":\"https:\\\/\\\/manskin.ch\\\/fr\\\/produkt\\\/merkur-rasoir-de-securite-34c-inox-edition-1896-en-coffret-cadeau\\\/#breadcrumb\",\"itemListElement\":[{\"@type\":\"ListItem\",\"position\":1,\"name\":\"Startseite\",\"item\":\"https:\\\/\\\/manskin.ch\\\/fr\\\/\"},{\"@type\":\"ListItem\",\"position\":2,\"name\":\"Boutique\",\"item\":\"https:\\\/\\\/manskin.ch\\\/fr\\\/boutique\\\/\"},{\"@type\":\"ListItem\",\"position\":3,\"name\":\"Merkur &#8211; Rasoir de s\u00e9curit\u00e9 34C Inox Edition 1896 en coffret cadeau\"}]},{\"@type\":\"WebSite\",\"@id\":\"https:\\\/\\\/manskin.ch\\\/fr\\\/#website\",\"url\":\"https:\\\/\\\/manskin.ch\\\/fr\\\/\",\"name\":\"Manskin.ch\",\"description\":\"Tous les produits de beaut\u00e9 pour les hommes les plus exigeants\",\"publisher\":{\"@id\":\"https:\\\/\\\/manskin.ch\\\/fr\\\/#organization\"},\"potentialAction\":[{\"@type\":\"SearchAction\",\"target\":{\"@type\":\"EntryPoint\",\"urlTemplate\":\"https:\\\/\\\/manskin.ch\\\/fr\\\/?s={search_term_string}\"},\"query-input\":{\"@type\":\"PropertyValueSpecification\",\"valueRequired\":true,\"valueName\":\"search_term_string\"}}],\"inLanguage\":\"fr-FR\"},{\"@type\":\"Organization\",\"@id\":\"https:\\\/\\\/manskin.ch\\\/fr\\\/#organization\",\"name\":\"Manskin.ch - der Schweizer Onlineshop f\u00fcr qualit\u00e4tsstarke M\u00e4nnerpflege\",\"url\":\"https:\\\/\\\/manskin.ch\\\/fr\\\/\",\"logo\":{\"@type\":\"ImageObject\",\"inLanguage\":\"fr-FR\",\"@id\":\"https:\\\/\\\/manskin.ch\\\/fr\\\/#\\\/schema\\\/logo\\\/image\\\/\",\"url\":\"https:\\\/\\\/manskin.ch\\\/wp-content\\\/uploads\\\/2021\\\/04\\\/cropped-logo_head.png\",\"contentUrl\":\"https:\\\/\\\/manskin.ch\\\/wp-content\\\/uploads\\\/2021\\\/04\\\/cropped-logo_head.png\",\"width\":235,\"height\":75,\"caption\":\"Manskin.ch - der Schweizer Onlineshop f\u00fcr qualit\u00e4tsstarke M\u00e4nnerpflege\"},\"image\":{\"@id\":\"https:\\\/\\\/manskin.ch\\\/fr\\\/#\\\/schema\\\/logo\\\/image\\\/\"},\"sameAs\":[\"https:\\\/\\\/www.facebook.com\\\/manskin.ch\",\"https:\\\/\\\/www.instagram.com\\\/manskin.ch\\\/\"]}]}<\/script>\n<meta property=\"product:price:amount\" content=\"149.00\" \/>\n<meta property=\"product:price:currency\" content=\"CHF\" \/>\n<meta property=\"og:availability\" content=\"instock\" \/>\n<meta property=\"product:availability\" content=\"instock\" \/>\n<meta property=\"product:retailer_item_id\" content=\"34106\" \/>\n<meta property=\"product:condition\" content=\"new\" \/>\n<!-- \/ Yoast SEO Premium plugin. -->","yoast_head_json":{"title":"Rasoir de s\u00e9curit\u00e9 Merkur 34C pour d\u00e9butants et pro | Manskin.ch","description":"Assure-toi un rasage quotidien parfait avec le rasoir Merkur 34C. D\u00e9couvre l'\u00e9quilibre et la pr\u00e9cision que tu m\u00e9rites ! Acheter maintenant sur Manskin.ch","robots":{"index":"index","follow":"follow","max-snippet":"max-snippet:-1","max-image-preview":"max-image-preview:large","max-video-preview":"max-video-preview:-1"},"canonical":"https:\/\/manskin.ch\/fr\/produkt\/merkur-rasoir-de-securite-34c-inox-edition-1896-en-coffret-cadeau\/","og_locale":"fr_FR","og_type":"article","og_title":"Merkur - Rasoir de s\u00e9curit\u00e9 34C Inox Edition 1896 en coffret cadeau","og_description":"Assure-toi un rasage quotidien parfait avec le rasoir Merkur 34C. D\u00e9couvre l'\u00e9quilibre et la pr\u00e9cision que tu m\u00e9rites ! Acheter maintenant sur Manskin.ch","og_url":"https:\/\/manskin.ch\/fr\/produkt\/merkur-rasoir-de-securite-34c-inox-edition-1896-en-coffret-cadeau\/","og_site_name":"Manskin.ch","article_publisher":"https:\/\/www.facebook.com\/manskin.ch","article_modified_time":"2025-11-24T11:22:00+00:00","twitter_card":"summary_large_image","twitter_misc":{"Prix":"149.00&#67;&#72;&#70;","Disponibilit\u00e9":"En stock"},"schema":{"@context":"https:\/\/schema.org","@graph":[{"@type":"WebPage","@id":"https:\/\/manskin.ch\/fr\/produkt\/merkur-rasoir-de-securite-34c-inox-edition-1896-en-coffret-cadeau\/","url":"https:\/\/manskin.ch\/fr\/produkt\/merkur-rasoir-de-securite-34c-inox-edition-1896-en-coffret-cadeau\/","name":"Rasoir de s\u00e9curit\u00e9 Merkur 34C pour d\u00e9butants et pro | Manskin.ch","isPartOf":{"@id":"https:\/\/manskin.ch\/fr\/#website"},"primaryImageOfPage":{"@id":"https:\/\/manskin.ch\/fr\/produkt\/merkur-rasoir-de-securite-34c-inox-edition-1896-en-coffret-cadeau\/#primaryimage"},"image":{"@id":"https:\/\/manskin.ch\/fr\/produkt\/merkur-rasoir-de-securite-34c-inox-edition-1896-en-coffret-cadeau\/#primaryimage"},"thumbnailUrl":"https:\/\/manskin.ch\/wp-content\/uploads\/2025\/11\/Merkur-34C-Inox.webp","datePublished":"2025-11-13T09:15:45+00:00","dateModified":"2025-11-24T11:22:00+00:00","description":"Assure-toi un rasage quotidien parfait avec le rasoir Merkur 34C. D\u00e9couvre l'\u00e9quilibre et la pr\u00e9cision que tu m\u00e9rites ! Acheter maintenant sur Manskin.ch","breadcrumb":{"@id":"https:\/\/manskin.ch\/fr\/produkt\/merkur-rasoir-de-securite-34c-inox-edition-1896-en-coffret-cadeau\/#breadcrumb"},"inLanguage":"fr-FR","potentialAction":[{"@type":"ReadAction","target":["https:\/\/manskin.ch\/fr\/produkt\/merkur-rasoir-de-securite-34c-inox-edition-1896-en-coffret-cadeau\/"]}]},{"@type":"ImageObject","inLanguage":"fr-FR","@id":"https:\/\/manskin.ch\/fr\/produkt\/merkur-rasoir-de-securite-34c-inox-edition-1896-en-coffret-cadeau\/#primaryimage","url":"https:\/\/manskin.ch\/wp-content\/uploads\/2025\/11\/Merkur-34C-Inox.webp","contentUrl":"https:\/\/manskin.ch\/wp-content\/uploads\/2025\/11\/Merkur-34C-Inox.webp","width":1000,"height":1114},{"@type":"BreadcrumbList","@id":"https:\/\/manskin.ch\/fr\/produkt\/merkur-rasoir-de-securite-34c-inox-edition-1896-en-coffret-cadeau\/#breadcrumb","itemListElement":[{"@type":"ListItem","position":1,"name":"Startseite","item":"https:\/\/manskin.ch\/fr\/"},{"@type":"ListItem","position":2,"name":"Boutique","item":"https:\/\/manskin.ch\/fr\/boutique\/"},{"@type":"ListItem","position":3,"name":"Merkur &#8211; Rasoir de s\u00e9curit\u00e9 34C Inox Edition 1896 en coffret cadeau"}]},{"@type":"WebSite","@id":"https:\/\/manskin.ch\/fr\/#website","url":"https:\/\/manskin.ch\/fr\/","name":"Manskin.ch","description":"Tous les produits de beaut\u00e9 pour les hommes les plus exigeants","publisher":{"@id":"https:\/\/manskin.ch\/fr\/#organization"},"potentialAction":[{"@type":"SearchAction","target":{"@type":"EntryPoint","urlTemplate":"https:\/\/manskin.ch\/fr\/?s={search_term_string}"},"query-input":{"@type":"PropertyValueSpecification","valueRequired":true,"valueName":"search_term_string"}}],"inLanguage":"fr-FR"},{"@type":"Organization","@id":"https:\/\/manskin.ch\/fr\/#organization","name":"Manskin.ch - der Schweizer Onlineshop f\u00fcr qualit\u00e4tsstarke M\u00e4nnerpflege","url":"https:\/\/manskin.ch\/fr\/","logo":{"@type":"ImageObject","inLanguage":"fr-FR","@id":"https:\/\/manskin.ch\/fr\/#\/schema\/logo\/image\/","url":"https:\/\/manskin.ch\/wp-content\/uploads\/2021\/04\/cropped-logo_head.png","contentUrl":"https:\/\/manskin.ch\/wp-content\/uploads\/2021\/04\/cropped-logo_head.png","width":235,"height":75,"caption":"Manskin.ch - der Schweizer Onlineshop f\u00fcr qualit\u00e4tsstarke M\u00e4nnerpflege"},"image":{"@id":"https:\/\/manskin.ch\/fr\/#\/schema\/logo\/image\/"},"sameAs":["https:\/\/www.facebook.com\/manskin.ch","https:\/\/www.instagram.com\/manskin.ch\/"]}]},"product_price_amount":"149.00","product_price_currency":"CHF","og_availability":"instock","product_availability":"instock","product_retailer_item_id":"34106","product_condition":"new"},"brands":[{"id":2947,"name":"Merkur","slug":"merkur"}],"_links":{"self":[{"href":"https:\/\/manskin.ch\/fr\/wp-json\/wp\/v2\/product\/503470","targetHints":{"allow":["GET"]}}],"collection":[{"href":"https:\/\/manskin.ch\/fr\/wp-json\/wp\/v2\/product"}],"about":[{"href":"https:\/\/manskin.ch\/fr\/wp-json\/wp\/v2\/types\/product"}],"replies":[{"embeddable":true,"href":"https:\/\/manskin.ch\/fr\/wp-json\/wp\/v2\/comments?post=503470"}],"wp:featuredmedia":[{"embeddable":true,"href":"https:\/\/manskin.ch\/fr\/wp-json\/wp\/v2\/media\/503466"}],"wp:attachment":[{"href":"https:\/\/manskin.ch\/fr\/wp-json\/wp\/v2\/media?parent=503470"}],"wp:term":[{"taxonomy":"pwb-brand","embeddable":true,"href":"https:\/\/manskin.ch\/fr\/wp-json\/wp\/v2\/pwb-brand?post=503470"},{"taxonomy":"product_brand","embeddable":true,"href":"https:\/\/manskin.ch\/fr\/wp-json\/wp\/v2\/product_brand?post=503470"},{"taxonomy":"product_cat","embeddable":true,"href":"https:\/\/manskin.ch\/fr\/wp-json\/wp\/v2\/product_cat?post=503470"},{"taxonomy":"product_tag","embeddable":true,"href":"https:\/\/manskin.ch\/fr\/wp-json\/wp\/v2\/product_tag?post=503470"}],"curies":[{"name":"wp","href":"https:\/\/api.w.org\/{rel}","templated":true}]}}