{"id":503294,"date":"2025-11-09T20:52:00","date_gmt":"2025-11-09T19:52:00","guid":{"rendered":"https:\/\/manskin.ch\/produkt\/musgo-real-creme-a-raser-1887\/"},"modified":"2025-11-18T08:01:49","modified_gmt":"2025-11-18T07:01:49","slug":"musgo-real-creme-a-raser-1887","status":"publish","type":"product","link":"https:\/\/manskin.ch\/fr\/produkt\/musgo-real-creme-a-raser-1887\/","title":{"rendered":"Musgo Real &#8211; Cr\u00e8me \u00e0 raser 1887"},"content":{"rendered":"<h2 class=\"p1\">Musgo Real &#8211; Cr\u00e8me \u00e0 raser 1887<\/h2>\n<ul>\n<li class=\"p2\">Offre-toi un rasage classique et moderne. Gr\u00e2ce \u00e0 sa texture riche et onctueuse, la cr\u00e8me \u00e0 raser Musgo Real 1887 permet \u00e0 la lame de glisser en douceur et prot\u00e8ge efficacement votre peau contre les irritations.<\/li>\n<li class=\"p2\">Enrichie en glyc\u00e9rine et en huile de coco, elle hydrate et nourrit la peau d\u00e8s le rasage.<\/li>\n<li class=\"p2\">Le parfum \u00ab 1887 \u00bb est \u00e9l\u00e9gant, intemporel et inspir\u00e9 de l&rsquo;h\u00e9ritage de la marque Claus Porto.<\/li>\n<\/ul>\n<p class=\"p3\">Notes de parfum:<\/p>\n<ul>\n<li class=\"p2\">Note de t\u00eate : citron, poivre rose, pamplemousse<\/li>\n<li class=\"p2\">Note de c\u0153ur : g\u00e9ranium, ciste, patchouli<\/li>\n<li class=\"p2\">Note de fond : v\u00e9tiver, ambre gris, mousse de ch\u00eane<\/li>\n<\/ul>\n<p class=\"p3\">Un parfum raffin\u00e9 et aromatique avec des notes d&rsquo;agrumes vives, un c\u0153ur chaleureux et une profondeur terreuse &#8211; parfait pour ceux qui allient \u00e9l\u00e9gance et caract\u00e8re.<\/p>\n<p class=\"p3\">Utilisation: appliquer une petite quantit\u00e9 sur la peau humidifi\u00e9e, faire mousser avec le blaireau ou les doigts et se raser comme d&rsquo;habitude.<\/p>\n<p class=\"p3\">Contenu 100 ml.<\/p>\n<p class=\"p3\">La maison portugaise Musgo Real produit depuis 1887 des produits de rasage et de soins pour le corps.<\/p>\n","protected":false},"excerpt":{"rendered":"<p>Parfum \u00e9l\u00e9gant et aromatique, soin classique.<\/p>\n","protected":false},"featured_media":503284,"comment_status":"closed","ping_status":"closed","template":"","meta":{"_acf_changed":false},"pwb-brand":[2770],"product_brand":[],"product_cat":[2311,2382,6576],"product_tag":[],"class_list":{"0":"post-503294","1":"product","2":"type-product","3":"status-publish","4":"has-post-thumbnail","6":"pwb-brand-musgo-real","7":"product_cat-creme-a-raser","8":"product_cat-musgo-real-fr","9":"product_cat-myabo-fr","10":"product_shipping_class-standard-fr","11":"sales-flash-overlay","12":"woocommerce-text-align-center","13":"woocommerce-image-align-center","14":"do-quantity-buttons","15":"has-subscription-plans","17":"first","18":"instock","19":"taxable","20":"shipping-taxable","21":"purchasable","22":"product-type-simple"},"acf":[],"yoast_head":"<!-- This site is optimized with the Yoast SEO Premium plugin v27.3 (Yoast SEO v27.3) - https:\/\/yoast.com\/product\/yoast-seo-premium-wordpress\/ -->\n<title>Cr\u00e8me \u00e0 raser Musgo Real 1887 | Manskin.ch<\/title>\n<meta name=\"description\" content=\"Soigne ta peau pendant le rasage avec la cr\u00e8me \u00e0 raser Musgo Real 1887. \u00c9l\u00e9gante et intemporelle, d\u00e9couvrez son parfum unique en l&#039;utilisant.\" \/>\n<meta name=\"robots\" content=\"index, follow, max-snippet:-1, max-image-preview:large, max-video-preview:-1\" \/>\n<link rel=\"canonical\" href=\"https:\/\/manskin.ch\/fr\/produkt\/musgo-real-creme-a-raser-1887\/\" \/>\n<meta property=\"og:locale\" content=\"fr_FR\" \/>\n<meta property=\"og:type\" content=\"article\" \/>\n<meta property=\"og:title\" content=\"Musgo Real - Cr\u00e8me \u00e0 raser 1887\" \/>\n<meta property=\"og:description\" content=\"Soigne ta peau pendant le rasage avec la cr\u00e8me \u00e0 raser Musgo Real 1887. \u00c9l\u00e9gante et intemporelle, d\u00e9couvrez son parfum unique en l&#039;utilisant.\" \/>\n<meta property=\"og:url\" content=\"https:\/\/manskin.ch\/fr\/produkt\/musgo-real-creme-a-raser-1887\/\" \/>\n<meta property=\"og:site_name\" content=\"Manskin.ch\" \/>\n<meta property=\"article:publisher\" content=\"https:\/\/www.facebook.com\/manskin.ch\" \/>\n<meta property=\"article:modified_time\" content=\"2025-11-18T07:01:49+00:00\" \/>\n<meta name=\"twitter:card\" content=\"summary_large_image\" \/>\n<meta name=\"twitter:label1\" content=\"Prix\" \/>\n\t<meta name=\"twitter:data1\" content=\"30.00&#067;&#072;&#070;\" \/>\n\t<meta name=\"twitter:label2\" content=\"Disponibilit\u00e9\" \/>\n\t<meta name=\"twitter:data2\" content=\"En stock\" \/>\n<script type=\"application\/ld+json\" class=\"yoast-schema-graph\">{\"@context\":\"https:\\\/\\\/schema.org\",\"@graph\":[{\"@type\":\"WebPage\",\"@id\":\"https:\\\/\\\/manskin.ch\\\/fr\\\/produkt\\\/musgo-real-creme-a-raser-1887\\\/\",\"url\":\"https:\\\/\\\/manskin.ch\\\/fr\\\/produkt\\\/musgo-real-creme-a-raser-1887\\\/\",\"name\":\"Cr\u00e8me \u00e0 raser Musgo Real 1887 | Manskin.ch\",\"isPartOf\":{\"@id\":\"https:\\\/\\\/manskin.ch\\\/fr\\\/#website\"},\"primaryImageOfPage\":{\"@id\":\"https:\\\/\\\/manskin.ch\\\/fr\\\/produkt\\\/musgo-real-creme-a-raser-1887\\\/#primaryimage\"},\"image\":{\"@id\":\"https:\\\/\\\/manskin.ch\\\/fr\\\/produkt\\\/musgo-real-creme-a-raser-1887\\\/#primaryimage\"},\"thumbnailUrl\":\"https:\\\/\\\/manskin.ch\\\/wp-content\\\/uploads\\\/2025\\\/11\\\/Musgo-Real-Shaving-1887.jpg\",\"datePublished\":\"2025-11-09T19:52:00+00:00\",\"dateModified\":\"2025-11-18T07:01:49+00:00\",\"description\":\"Soigne ta peau pendant le rasage avec la cr\u00e8me \u00e0 raser Musgo Real 1887. \u00c9l\u00e9gante et intemporelle, d\u00e9couvrez son parfum unique en l'utilisant.\",\"breadcrumb\":{\"@id\":\"https:\\\/\\\/manskin.ch\\\/fr\\\/produkt\\\/musgo-real-creme-a-raser-1887\\\/#breadcrumb\"},\"inLanguage\":\"fr-FR\",\"potentialAction\":[{\"@type\":\"ReadAction\",\"target\":[\"https:\\\/\\\/manskin.ch\\\/fr\\\/produkt\\\/musgo-real-creme-a-raser-1887\\\/\"]}]},{\"@type\":\"ImageObject\",\"inLanguage\":\"fr-FR\",\"@id\":\"https:\\\/\\\/manskin.ch\\\/fr\\\/produkt\\\/musgo-real-creme-a-raser-1887\\\/#primaryimage\",\"url\":\"https:\\\/\\\/manskin.ch\\\/wp-content\\\/uploads\\\/2025\\\/11\\\/Musgo-Real-Shaving-1887.jpg\",\"contentUrl\":\"https:\\\/\\\/manskin.ch\\\/wp-content\\\/uploads\\\/2025\\\/11\\\/Musgo-Real-Shaving-1887.jpg\",\"width\":1000,\"height\":1000},{\"@type\":\"BreadcrumbList\",\"@id\":\"https:\\\/\\\/manskin.ch\\\/fr\\\/produkt\\\/musgo-real-creme-a-raser-1887\\\/#breadcrumb\",\"itemListElement\":[{\"@type\":\"ListItem\",\"position\":1,\"name\":\"Startseite\",\"item\":\"https:\\\/\\\/manskin.ch\\\/fr\\\/\"},{\"@type\":\"ListItem\",\"position\":2,\"name\":\"Boutique Soins pour Hommes &amp; Skincare\",\"item\":\"https:\\\/\\\/manskin.ch\\\/fr\\\/boutique\\\/\"},{\"@type\":\"ListItem\",\"position\":3,\"name\":\"Musgo Real &#8211; Cr\u00e8me \u00e0 raser 1887\"}]},{\"@type\":\"WebSite\",\"@id\":\"https:\\\/\\\/manskin.ch\\\/fr\\\/#website\",\"url\":\"https:\\\/\\\/manskin.ch\\\/fr\\\/\",\"name\":\"Manskin.ch\",\"description\":\"Tous les produits de beaut\u00e9 pour les hommes les plus exigeants\",\"publisher\":{\"@id\":\"https:\\\/\\\/manskin.ch\\\/fr\\\/#organization\"},\"potentialAction\":[{\"@type\":\"SearchAction\",\"target\":{\"@type\":\"EntryPoint\",\"urlTemplate\":\"https:\\\/\\\/manskin.ch\\\/fr\\\/?s={search_term_string}\"},\"query-input\":{\"@type\":\"PropertyValueSpecification\",\"valueRequired\":true,\"valueName\":\"search_term_string\"}}],\"inLanguage\":\"fr-FR\"},{\"@type\":\"Organization\",\"@id\":\"https:\\\/\\\/manskin.ch\\\/fr\\\/#organization\",\"name\":\"Manskin.ch - der Schweizer Onlineshop f\u00fcr qualit\u00e4tsstarke M\u00e4nnerpflege\",\"url\":\"https:\\\/\\\/manskin.ch\\\/fr\\\/\",\"logo\":{\"@type\":\"ImageObject\",\"inLanguage\":\"fr-FR\",\"@id\":\"https:\\\/\\\/manskin.ch\\\/fr\\\/#\\\/schema\\\/logo\\\/image\\\/\",\"url\":\"https:\\\/\\\/manskin.ch\\\/wp-content\\\/uploads\\\/2021\\\/04\\\/cropped-logo_head.png\",\"contentUrl\":\"https:\\\/\\\/manskin.ch\\\/wp-content\\\/uploads\\\/2021\\\/04\\\/cropped-logo_head.png\",\"width\":235,\"height\":75,\"caption\":\"Manskin.ch - der Schweizer Onlineshop f\u00fcr qualit\u00e4tsstarke M\u00e4nnerpflege\"},\"image\":{\"@id\":\"https:\\\/\\\/manskin.ch\\\/fr\\\/#\\\/schema\\\/logo\\\/image\\\/\"},\"sameAs\":[\"https:\\\/\\\/www.facebook.com\\\/manskin.ch\",\"https:\\\/\\\/www.instagram.com\\\/manskin.ch\\\/\"]}]}<\/script>\n<meta property=\"product:price:amount\" content=\"30.00\" \/>\n<meta property=\"product:price:currency\" content=\"CHF\" \/>\n<meta property=\"og:availability\" content=\"instock\" \/>\n<meta property=\"product:availability\" content=\"instock\" \/>\n<meta property=\"product:retailer_item_id\" content=\"14395\" \/>\n<meta property=\"product:condition\" content=\"new\" \/>\n<!-- \/ Yoast SEO Premium plugin. -->","yoast_head_json":{"title":"Cr\u00e8me \u00e0 raser Musgo Real 1887 | Manskin.ch","description":"Soigne ta peau pendant le rasage avec la cr\u00e8me \u00e0 raser Musgo Real 1887. \u00c9l\u00e9gante et intemporelle, d\u00e9couvrez son parfum unique en l'utilisant.","robots":{"index":"index","follow":"follow","max-snippet":"max-snippet:-1","max-image-preview":"max-image-preview:large","max-video-preview":"max-video-preview:-1"},"canonical":"https:\/\/manskin.ch\/fr\/produkt\/musgo-real-creme-a-raser-1887\/","og_locale":"fr_FR","og_type":"article","og_title":"Musgo Real - Cr\u00e8me \u00e0 raser 1887","og_description":"Soigne ta peau pendant le rasage avec la cr\u00e8me \u00e0 raser Musgo Real 1887. \u00c9l\u00e9gante et intemporelle, d\u00e9couvrez son parfum unique en l'utilisant.","og_url":"https:\/\/manskin.ch\/fr\/produkt\/musgo-real-creme-a-raser-1887\/","og_site_name":"Manskin.ch","article_publisher":"https:\/\/www.facebook.com\/manskin.ch","article_modified_time":"2025-11-18T07:01:49+00:00","twitter_card":"summary_large_image","twitter_misc":{"Prix":"30.00&#67;&#72;&#70;","Disponibilit\u00e9":"En stock"},"schema":{"@context":"https:\/\/schema.org","@graph":[{"@type":"WebPage","@id":"https:\/\/manskin.ch\/fr\/produkt\/musgo-real-creme-a-raser-1887\/","url":"https:\/\/manskin.ch\/fr\/produkt\/musgo-real-creme-a-raser-1887\/","name":"Cr\u00e8me \u00e0 raser Musgo Real 1887 | Manskin.ch","isPartOf":{"@id":"https:\/\/manskin.ch\/fr\/#website"},"primaryImageOfPage":{"@id":"https:\/\/manskin.ch\/fr\/produkt\/musgo-real-creme-a-raser-1887\/#primaryimage"},"image":{"@id":"https:\/\/manskin.ch\/fr\/produkt\/musgo-real-creme-a-raser-1887\/#primaryimage"},"thumbnailUrl":"https:\/\/manskin.ch\/wp-content\/uploads\/2025\/11\/Musgo-Real-Shaving-1887.jpg","datePublished":"2025-11-09T19:52:00+00:00","dateModified":"2025-11-18T07:01:49+00:00","description":"Soigne ta peau pendant le rasage avec la cr\u00e8me \u00e0 raser Musgo Real 1887. \u00c9l\u00e9gante et intemporelle, d\u00e9couvrez son parfum unique en l'utilisant.","breadcrumb":{"@id":"https:\/\/manskin.ch\/fr\/produkt\/musgo-real-creme-a-raser-1887\/#breadcrumb"},"inLanguage":"fr-FR","potentialAction":[{"@type":"ReadAction","target":["https:\/\/manskin.ch\/fr\/produkt\/musgo-real-creme-a-raser-1887\/"]}]},{"@type":"ImageObject","inLanguage":"fr-FR","@id":"https:\/\/manskin.ch\/fr\/produkt\/musgo-real-creme-a-raser-1887\/#primaryimage","url":"https:\/\/manskin.ch\/wp-content\/uploads\/2025\/11\/Musgo-Real-Shaving-1887.jpg","contentUrl":"https:\/\/manskin.ch\/wp-content\/uploads\/2025\/11\/Musgo-Real-Shaving-1887.jpg","width":1000,"height":1000},{"@type":"BreadcrumbList","@id":"https:\/\/manskin.ch\/fr\/produkt\/musgo-real-creme-a-raser-1887\/#breadcrumb","itemListElement":[{"@type":"ListItem","position":1,"name":"Startseite","item":"https:\/\/manskin.ch\/fr\/"},{"@type":"ListItem","position":2,"name":"Boutique Soins pour Hommes &amp; Skincare","item":"https:\/\/manskin.ch\/fr\/boutique\/"},{"@type":"ListItem","position":3,"name":"Musgo Real &#8211; Cr\u00e8me \u00e0 raser 1887"}]},{"@type":"WebSite","@id":"https:\/\/manskin.ch\/fr\/#website","url":"https:\/\/manskin.ch\/fr\/","name":"Manskin.ch","description":"Tous les produits de beaut\u00e9 pour les hommes les plus exigeants","publisher":{"@id":"https:\/\/manskin.ch\/fr\/#organization"},"potentialAction":[{"@type":"SearchAction","target":{"@type":"EntryPoint","urlTemplate":"https:\/\/manskin.ch\/fr\/?s={search_term_string}"},"query-input":{"@type":"PropertyValueSpecification","valueRequired":true,"valueName":"search_term_string"}}],"inLanguage":"fr-FR"},{"@type":"Organization","@id":"https:\/\/manskin.ch\/fr\/#organization","name":"Manskin.ch - der Schweizer Onlineshop f\u00fcr qualit\u00e4tsstarke M\u00e4nnerpflege","url":"https:\/\/manskin.ch\/fr\/","logo":{"@type":"ImageObject","inLanguage":"fr-FR","@id":"https:\/\/manskin.ch\/fr\/#\/schema\/logo\/image\/","url":"https:\/\/manskin.ch\/wp-content\/uploads\/2021\/04\/cropped-logo_head.png","contentUrl":"https:\/\/manskin.ch\/wp-content\/uploads\/2021\/04\/cropped-logo_head.png","width":235,"height":75,"caption":"Manskin.ch - der Schweizer Onlineshop f\u00fcr qualit\u00e4tsstarke M\u00e4nnerpflege"},"image":{"@id":"https:\/\/manskin.ch\/fr\/#\/schema\/logo\/image\/"},"sameAs":["https:\/\/www.facebook.com\/manskin.ch","https:\/\/www.instagram.com\/manskin.ch\/"]}]},"product_price_amount":"30.00","product_price_currency":"CHF","og_availability":"instock","product_availability":"instock","product_retailer_item_id":"14395","product_condition":"new"},"brands":[{"id":2770,"name":"Musgo Real","slug":"musgo-real"}],"_links":{"self":[{"href":"https:\/\/manskin.ch\/fr\/wp-json\/wp\/v2\/product\/503294","targetHints":{"allow":["GET"]}}],"collection":[{"href":"https:\/\/manskin.ch\/fr\/wp-json\/wp\/v2\/product"}],"about":[{"href":"https:\/\/manskin.ch\/fr\/wp-json\/wp\/v2\/types\/product"}],"replies":[{"embeddable":true,"href":"https:\/\/manskin.ch\/fr\/wp-json\/wp\/v2\/comments?post=503294"}],"wp:featuredmedia":[{"embeddable":true,"href":"https:\/\/manskin.ch\/fr\/wp-json\/wp\/v2\/media\/503284"}],"wp:attachment":[{"href":"https:\/\/manskin.ch\/fr\/wp-json\/wp\/v2\/media?parent=503294"}],"wp:term":[{"taxonomy":"pwb-brand","embeddable":true,"href":"https:\/\/manskin.ch\/fr\/wp-json\/wp\/v2\/pwb-brand?post=503294"},{"taxonomy":"product_brand","embeddable":true,"href":"https:\/\/manskin.ch\/fr\/wp-json\/wp\/v2\/product_brand?post=503294"},{"taxonomy":"product_cat","embeddable":true,"href":"https:\/\/manskin.ch\/fr\/wp-json\/wp\/v2\/product_cat?post=503294"},{"taxonomy":"product_tag","embeddable":true,"href":"https:\/\/manskin.ch\/fr\/wp-json\/wp\/v2\/product_tag?post=503294"}],"curies":[{"name":"wp","href":"https:\/\/api.w.org\/{rel}","templated":true}]}}