{"id":503292,"date":"2025-11-09T21:16:37","date_gmt":"2025-11-09T20:16:37","guid":{"rendered":"https:\/\/manskin.ch\/produkt\/musgo-real-creme-a-raser-puro-sangue\/"},"modified":"2026-02-09T22:20:09","modified_gmt":"2026-02-09T21:20:09","slug":"musgo-real-creme-a-raser-puro-sangue","status":"publish","type":"product","link":"https:\/\/manskin.ch\/fr\/produkt\/musgo-real-creme-a-raser-puro-sangue\/","title":{"rendered":"Musgo Real &#8211; Cr\u00e8me \u00e0 raser Puro Sangue"},"content":{"rendered":"<h2 class=\"p1\">Musgo Real &#8211; Cr\u00e8me \u00e0 raser Puro Sangue<\/h2>\n<ul>\n<li class=\"p2\">D\u00e9couvre un rasage plein d&rsquo;\u00e9nergie et de caract\u00e8re. La cr\u00e8me \u00e0 raser Musgo Real Shaving Cream Puro Sangue allie savoir-faire traditionnel, soins modernes et parfum intense et masculin.<\/li>\n<li class=\"p2\">Sa texture riche et onctueuse permet \u00e0 la lame de glisser en douceur et prot\u00e8ge efficacement votre peau contre les irritations.<\/li>\n<li class=\"p2\">Enrichie en glyc\u00e9rine et en huile de coco, elle nourrit intens\u00e9ment et hydrate la peau pour une peau lisse et souple apr\u00e8s chaque rasage. Le parfum \u00ab Puro Sangue \u00bb incarne la passion, la force et le style, une expression de pure virilit\u00e9.<\/li>\n<\/ul>\n<p class=\"p3\">Notes de parfum :<\/p>\n<ul>\n<li class=\"p2\">Note de t\u00eate : bergamote, citron, noix de muscade<\/li>\n<li class=\"p2\">Notes de c\u0153ur : violette, accords de cuir, bois de c\u00e8dre<\/li>\n<li class=\"p2\">Notes de fond : v\u00e9tiver, patchouli, musc, vanille, f\u00e8ve tonka<\/li>\n<\/ul>\n<p class=\"p3\">Un parfum chaud et \u00e9pic\u00e9 avec une note fra\u00eeche d&rsquo;agrumes, un c\u0153ur de cuir noble et une profondeur sensuelle et bois\u00e9e, parfait pour les hommes s\u00fbrs d&rsquo;eux et de caract\u00e8re.<\/p>\n<p class=\"p3\">Contenu 100 ml.<\/p>\n","protected":false},"excerpt":{"rendered":"<p>Parfum \u00e9pic\u00e9 et masculin, formule de soin cr\u00e9meuse<\/p>\n","protected":false},"featured_media":503282,"comment_status":"closed","ping_status":"closed","template":"","meta":{"_acf_changed":false},"pwb-brand":[2770],"product_brand":[],"product_cat":[2311,2382,6576],"product_tag":[],"class_list":{"0":"post-503292","1":"product","2":"type-product","3":"status-publish","4":"has-post-thumbnail","6":"pwb-brand-musgo-real","7":"product_cat-creme-a-raser","8":"product_cat-musgo-real-fr","9":"product_cat-myabo-fr","10":"product_shipping_class-standard-fr","11":"sales-flash-overlay","12":"woocommerce-text-align-center","13":"woocommerce-image-align-center","14":"do-quantity-buttons","15":"has-subscription-plans","17":"first","18":"instock","19":"taxable","20":"shipping-taxable","21":"purchasable","22":"product-type-simple"},"acf":[],"yoast_head":"<!-- This site is optimized with the Yoast SEO Premium plugin v27.3 (Yoast SEO v27.3) - https:\/\/yoast.com\/product\/yoast-seo-premium-wordpress\/ -->\n<title>Cr\u00e8me \u00e0 raser Musgo Real Puro Sangue pour un rasage parfait | Manskin.ch<\/title>\n<meta name=\"description\" content=\"D\u00e9couvre la puissance de la cr\u00e8me \u00e0 raser Musgo Real Puro Sangue pour un rasage plein de caract\u00e8re. Profite d&#039;une peau douce et d&#039;un parfum intense!\" \/>\n<meta name=\"robots\" content=\"index, follow, max-snippet:-1, max-image-preview:large, max-video-preview:-1\" \/>\n<link rel=\"canonical\" href=\"https:\/\/manskin.ch\/fr\/produkt\/musgo-real-creme-a-raser-puro-sangue\/\" \/>\n<meta property=\"og:locale\" content=\"fr_FR\" \/>\n<meta property=\"og:type\" content=\"article\" \/>\n<meta property=\"og:title\" content=\"Musgo Real - Cr\u00e8me \u00e0 raser Puro Sangue\" \/>\n<meta property=\"og:description\" content=\"D\u00e9couvre la puissance de la cr\u00e8me \u00e0 raser Musgo Real Puro Sangue pour un rasage plein de caract\u00e8re. Profite d&#039;une peau douce et d&#039;un parfum intense!\" \/>\n<meta property=\"og:url\" content=\"https:\/\/manskin.ch\/fr\/produkt\/musgo-real-creme-a-raser-puro-sangue\/\" \/>\n<meta property=\"og:site_name\" content=\"Manskin.ch\" \/>\n<meta property=\"article:publisher\" content=\"https:\/\/www.facebook.com\/manskin.ch\" \/>\n<meta property=\"article:modified_time\" content=\"2026-02-09T21:20:09+00:00\" \/>\n<meta name=\"twitter:card\" content=\"summary_large_image\" \/>\n<meta name=\"twitter:label1\" content=\"Prix\" \/>\n\t<meta name=\"twitter:data1\" content=\"30.00&#067;&#072;&#070;\" \/>\n\t<meta name=\"twitter:label2\" content=\"Disponibilit\u00e9\" \/>\n\t<meta name=\"twitter:data2\" content=\"En stock\" \/>\n<script type=\"application\/ld+json\" class=\"yoast-schema-graph\">{\"@context\":\"https:\\\/\\\/schema.org\",\"@graph\":[{\"@type\":\"WebPage\",\"@id\":\"https:\\\/\\\/manskin.ch\\\/fr\\\/produkt\\\/musgo-real-creme-a-raser-puro-sangue\\\/\",\"url\":\"https:\\\/\\\/manskin.ch\\\/fr\\\/produkt\\\/musgo-real-creme-a-raser-puro-sangue\\\/\",\"name\":\"Cr\u00e8me \u00e0 raser Musgo Real Puro Sangue pour un rasage parfait | Manskin.ch\",\"isPartOf\":{\"@id\":\"https:\\\/\\\/manskin.ch\\\/fr\\\/#website\"},\"primaryImageOfPage\":{\"@id\":\"https:\\\/\\\/manskin.ch\\\/fr\\\/produkt\\\/musgo-real-creme-a-raser-puro-sangue\\\/#primaryimage\"},\"image\":{\"@id\":\"https:\\\/\\\/manskin.ch\\\/fr\\\/produkt\\\/musgo-real-creme-a-raser-puro-sangue\\\/#primaryimage\"},\"thumbnailUrl\":\"https:\\\/\\\/manskin.ch\\\/wp-content\\\/uploads\\\/2025\\\/11\\\/Musgo-Real-Shaving-Puro-Sangue-1.jpg\",\"datePublished\":\"2025-11-09T20:16:37+00:00\",\"dateModified\":\"2026-02-09T21:20:09+00:00\",\"description\":\"D\u00e9couvre la puissance de la cr\u00e8me \u00e0 raser Musgo Real Puro Sangue pour un rasage plein de caract\u00e8re. Profite d'une peau douce et d'un parfum intense!\",\"breadcrumb\":{\"@id\":\"https:\\\/\\\/manskin.ch\\\/fr\\\/produkt\\\/musgo-real-creme-a-raser-puro-sangue\\\/#breadcrumb\"},\"inLanguage\":\"fr-FR\",\"potentialAction\":[{\"@type\":\"ReadAction\",\"target\":[\"https:\\\/\\\/manskin.ch\\\/fr\\\/produkt\\\/musgo-real-creme-a-raser-puro-sangue\\\/\"]}]},{\"@type\":\"ImageObject\",\"inLanguage\":\"fr-FR\",\"@id\":\"https:\\\/\\\/manskin.ch\\\/fr\\\/produkt\\\/musgo-real-creme-a-raser-puro-sangue\\\/#primaryimage\",\"url\":\"https:\\\/\\\/manskin.ch\\\/wp-content\\\/uploads\\\/2025\\\/11\\\/Musgo-Real-Shaving-Puro-Sangue-1.jpg\",\"contentUrl\":\"https:\\\/\\\/manskin.ch\\\/wp-content\\\/uploads\\\/2025\\\/11\\\/Musgo-Real-Shaving-Puro-Sangue-1.jpg\",\"width\":1000,\"height\":1000},{\"@type\":\"BreadcrumbList\",\"@id\":\"https:\\\/\\\/manskin.ch\\\/fr\\\/produkt\\\/musgo-real-creme-a-raser-puro-sangue\\\/#breadcrumb\",\"itemListElement\":[{\"@type\":\"ListItem\",\"position\":1,\"name\":\"Startseite\",\"item\":\"https:\\\/\\\/manskin.ch\\\/fr\\\/\"},{\"@type\":\"ListItem\",\"position\":2,\"name\":\"Boutique Soins pour Hommes &amp; Skincare\",\"item\":\"https:\\\/\\\/manskin.ch\\\/fr\\\/boutique\\\/\"},{\"@type\":\"ListItem\",\"position\":3,\"name\":\"Musgo Real &#8211; Cr\u00e8me \u00e0 raser Puro Sangue\"}]},{\"@type\":\"WebSite\",\"@id\":\"https:\\\/\\\/manskin.ch\\\/fr\\\/#website\",\"url\":\"https:\\\/\\\/manskin.ch\\\/fr\\\/\",\"name\":\"Manskin.ch\",\"description\":\"Tous les produits de beaut\u00e9 pour les hommes les plus exigeants\",\"publisher\":{\"@id\":\"https:\\\/\\\/manskin.ch\\\/fr\\\/#organization\"},\"potentialAction\":[{\"@type\":\"SearchAction\",\"target\":{\"@type\":\"EntryPoint\",\"urlTemplate\":\"https:\\\/\\\/manskin.ch\\\/fr\\\/?s={search_term_string}\"},\"query-input\":{\"@type\":\"PropertyValueSpecification\",\"valueRequired\":true,\"valueName\":\"search_term_string\"}}],\"inLanguage\":\"fr-FR\"},{\"@type\":\"Organization\",\"@id\":\"https:\\\/\\\/manskin.ch\\\/fr\\\/#organization\",\"name\":\"Manskin.ch - der Schweizer Onlineshop f\u00fcr qualit\u00e4tsstarke M\u00e4nnerpflege\",\"url\":\"https:\\\/\\\/manskin.ch\\\/fr\\\/\",\"logo\":{\"@type\":\"ImageObject\",\"inLanguage\":\"fr-FR\",\"@id\":\"https:\\\/\\\/manskin.ch\\\/fr\\\/#\\\/schema\\\/logo\\\/image\\\/\",\"url\":\"https:\\\/\\\/manskin.ch\\\/wp-content\\\/uploads\\\/2021\\\/04\\\/cropped-logo_head.png\",\"contentUrl\":\"https:\\\/\\\/manskin.ch\\\/wp-content\\\/uploads\\\/2021\\\/04\\\/cropped-logo_head.png\",\"width\":235,\"height\":75,\"caption\":\"Manskin.ch - der Schweizer Onlineshop f\u00fcr qualit\u00e4tsstarke M\u00e4nnerpflege\"},\"image\":{\"@id\":\"https:\\\/\\\/manskin.ch\\\/fr\\\/#\\\/schema\\\/logo\\\/image\\\/\"},\"sameAs\":[\"https:\\\/\\\/www.facebook.com\\\/manskin.ch\",\"https:\\\/\\\/www.instagram.com\\\/manskin.ch\\\/\"]}]}<\/script>\n<meta property=\"product:price:amount\" content=\"30.00\" \/>\n<meta property=\"product:price:currency\" content=\"CHF\" \/>\n<meta property=\"og:availability\" content=\"instock\" \/>\n<meta property=\"product:availability\" content=\"instock\" \/>\n<meta property=\"product:retailer_item_id\" content=\"14396\" \/>\n<meta property=\"product:condition\" content=\"new\" \/>\n<!-- \/ Yoast SEO Premium plugin. -->","yoast_head_json":{"title":"Cr\u00e8me \u00e0 raser Musgo Real Puro Sangue pour un rasage parfait | Manskin.ch","description":"D\u00e9couvre la puissance de la cr\u00e8me \u00e0 raser Musgo Real Puro Sangue pour un rasage plein de caract\u00e8re. Profite d'une peau douce et d'un parfum intense!","robots":{"index":"index","follow":"follow","max-snippet":"max-snippet:-1","max-image-preview":"max-image-preview:large","max-video-preview":"max-video-preview:-1"},"canonical":"https:\/\/manskin.ch\/fr\/produkt\/musgo-real-creme-a-raser-puro-sangue\/","og_locale":"fr_FR","og_type":"article","og_title":"Musgo Real - Cr\u00e8me \u00e0 raser Puro Sangue","og_description":"D\u00e9couvre la puissance de la cr\u00e8me \u00e0 raser Musgo Real Puro Sangue pour un rasage plein de caract\u00e8re. Profite d'une peau douce et d'un parfum intense!","og_url":"https:\/\/manskin.ch\/fr\/produkt\/musgo-real-creme-a-raser-puro-sangue\/","og_site_name":"Manskin.ch","article_publisher":"https:\/\/www.facebook.com\/manskin.ch","article_modified_time":"2026-02-09T21:20:09+00:00","twitter_card":"summary_large_image","twitter_misc":{"Prix":"30.00&#67;&#72;&#70;","Disponibilit\u00e9":"En stock"},"schema":{"@context":"https:\/\/schema.org","@graph":[{"@type":"WebPage","@id":"https:\/\/manskin.ch\/fr\/produkt\/musgo-real-creme-a-raser-puro-sangue\/","url":"https:\/\/manskin.ch\/fr\/produkt\/musgo-real-creme-a-raser-puro-sangue\/","name":"Cr\u00e8me \u00e0 raser Musgo Real Puro Sangue pour un rasage parfait | Manskin.ch","isPartOf":{"@id":"https:\/\/manskin.ch\/fr\/#website"},"primaryImageOfPage":{"@id":"https:\/\/manskin.ch\/fr\/produkt\/musgo-real-creme-a-raser-puro-sangue\/#primaryimage"},"image":{"@id":"https:\/\/manskin.ch\/fr\/produkt\/musgo-real-creme-a-raser-puro-sangue\/#primaryimage"},"thumbnailUrl":"https:\/\/manskin.ch\/wp-content\/uploads\/2025\/11\/Musgo-Real-Shaving-Puro-Sangue-1.jpg","datePublished":"2025-11-09T20:16:37+00:00","dateModified":"2026-02-09T21:20:09+00:00","description":"D\u00e9couvre la puissance de la cr\u00e8me \u00e0 raser Musgo Real Puro Sangue pour un rasage plein de caract\u00e8re. Profite d'une peau douce et d'un parfum intense!","breadcrumb":{"@id":"https:\/\/manskin.ch\/fr\/produkt\/musgo-real-creme-a-raser-puro-sangue\/#breadcrumb"},"inLanguage":"fr-FR","potentialAction":[{"@type":"ReadAction","target":["https:\/\/manskin.ch\/fr\/produkt\/musgo-real-creme-a-raser-puro-sangue\/"]}]},{"@type":"ImageObject","inLanguage":"fr-FR","@id":"https:\/\/manskin.ch\/fr\/produkt\/musgo-real-creme-a-raser-puro-sangue\/#primaryimage","url":"https:\/\/manskin.ch\/wp-content\/uploads\/2025\/11\/Musgo-Real-Shaving-Puro-Sangue-1.jpg","contentUrl":"https:\/\/manskin.ch\/wp-content\/uploads\/2025\/11\/Musgo-Real-Shaving-Puro-Sangue-1.jpg","width":1000,"height":1000},{"@type":"BreadcrumbList","@id":"https:\/\/manskin.ch\/fr\/produkt\/musgo-real-creme-a-raser-puro-sangue\/#breadcrumb","itemListElement":[{"@type":"ListItem","position":1,"name":"Startseite","item":"https:\/\/manskin.ch\/fr\/"},{"@type":"ListItem","position":2,"name":"Boutique Soins pour Hommes &amp; Skincare","item":"https:\/\/manskin.ch\/fr\/boutique\/"},{"@type":"ListItem","position":3,"name":"Musgo Real &#8211; Cr\u00e8me \u00e0 raser Puro Sangue"}]},{"@type":"WebSite","@id":"https:\/\/manskin.ch\/fr\/#website","url":"https:\/\/manskin.ch\/fr\/","name":"Manskin.ch","description":"Tous les produits de beaut\u00e9 pour les hommes les plus exigeants","publisher":{"@id":"https:\/\/manskin.ch\/fr\/#organization"},"potentialAction":[{"@type":"SearchAction","target":{"@type":"EntryPoint","urlTemplate":"https:\/\/manskin.ch\/fr\/?s={search_term_string}"},"query-input":{"@type":"PropertyValueSpecification","valueRequired":true,"valueName":"search_term_string"}}],"inLanguage":"fr-FR"},{"@type":"Organization","@id":"https:\/\/manskin.ch\/fr\/#organization","name":"Manskin.ch - der Schweizer Onlineshop f\u00fcr qualit\u00e4tsstarke M\u00e4nnerpflege","url":"https:\/\/manskin.ch\/fr\/","logo":{"@type":"ImageObject","inLanguage":"fr-FR","@id":"https:\/\/manskin.ch\/fr\/#\/schema\/logo\/image\/","url":"https:\/\/manskin.ch\/wp-content\/uploads\/2021\/04\/cropped-logo_head.png","contentUrl":"https:\/\/manskin.ch\/wp-content\/uploads\/2021\/04\/cropped-logo_head.png","width":235,"height":75,"caption":"Manskin.ch - der Schweizer Onlineshop f\u00fcr qualit\u00e4tsstarke M\u00e4nnerpflege"},"image":{"@id":"https:\/\/manskin.ch\/fr\/#\/schema\/logo\/image\/"},"sameAs":["https:\/\/www.facebook.com\/manskin.ch","https:\/\/www.instagram.com\/manskin.ch\/"]}]},"product_price_amount":"30.00","product_price_currency":"CHF","og_availability":"instock","product_availability":"instock","product_retailer_item_id":"14396","product_condition":"new"},"brands":[{"id":2770,"name":"Musgo Real","slug":"musgo-real"}],"_links":{"self":[{"href":"https:\/\/manskin.ch\/fr\/wp-json\/wp\/v2\/product\/503292","targetHints":{"allow":["GET"]}}],"collection":[{"href":"https:\/\/manskin.ch\/fr\/wp-json\/wp\/v2\/product"}],"about":[{"href":"https:\/\/manskin.ch\/fr\/wp-json\/wp\/v2\/types\/product"}],"replies":[{"embeddable":true,"href":"https:\/\/manskin.ch\/fr\/wp-json\/wp\/v2\/comments?post=503292"}],"wp:featuredmedia":[{"embeddable":true,"href":"https:\/\/manskin.ch\/fr\/wp-json\/wp\/v2\/media\/503282"}],"wp:attachment":[{"href":"https:\/\/manskin.ch\/fr\/wp-json\/wp\/v2\/media?parent=503292"}],"wp:term":[{"taxonomy":"pwb-brand","embeddable":true,"href":"https:\/\/manskin.ch\/fr\/wp-json\/wp\/v2\/pwb-brand?post=503292"},{"taxonomy":"product_brand","embeddable":true,"href":"https:\/\/manskin.ch\/fr\/wp-json\/wp\/v2\/product_brand?post=503292"},{"taxonomy":"product_cat","embeddable":true,"href":"https:\/\/manskin.ch\/fr\/wp-json\/wp\/v2\/product_cat?post=503292"},{"taxonomy":"product_tag","embeddable":true,"href":"https:\/\/manskin.ch\/fr\/wp-json\/wp\/v2\/product_tag?post=503292"}],"curies":[{"name":"wp","href":"https:\/\/api.w.org\/{rel}","templated":true}]}}