{"id":502835,"date":"2025-10-14T08:56:19","date_gmt":"2025-10-14T06:56:19","guid":{"rendered":"https:\/\/manskin.ch\/produkt\/merkur-rasoir-progress-500-chrom-laiton\/"},"modified":"2025-10-14T09:34:42","modified_gmt":"2025-10-14T07:34:42","slug":"merkur-rasoir-progress-500-chrom-laiton","status":"publish","type":"product","link":"https:\/\/manskin.ch\/fr\/produkt\/merkur-rasoir-progress-500-chrom-laiton\/","title":{"rendered":"Merkur &#8211; Rasoir Progress 500 Chrom &#038; Laiton"},"content":{"rendered":"<h2 class=\"p1\">Merkur &#8211; Rasoir Progress 500 chrome brillant avec pommeau en laiton antique<\/h2>\n<ul>\n<li class=\"p2\">Le Merkur 500 Progress est un mod\u00e8le des ann\u00e9es 1950. Le pommeau en laiton antique avec la gravure Merkur et le tube profil\u00e9 correspondent \u00e0 cette \u00e9poque.<\/li>\n<li class=\"p2\">La t\u00eate de rasage peut \u00eatre r\u00e9gl\u00e9e \u00e0 l&rsquo;aide d&rsquo;une \u00e9chelle gradu\u00e9e.<\/li>\n<li class=\"p2\">De l&rsquo;angle d&rsquo;attaque \u00e0 l&rsquo;\u00e9cartement des lames, tout est r\u00e9glable, pour un rasage de pr\u00e8s ou tout en douceur. Plus rien ne s&rsquo;oppose \u00e0 un rasage impeccable et personnalis\u00e9.<\/li>\n<\/ul>\n<p class=\"p3\">Points forts :<\/p>\n<ul>\n<li class=\"p2\">R\u00e9glable en continu : 5 niveaux de rasage pour une minutie adaptable individuellement<\/li>\n<li class=\"p2\">Utilisation polyvalente : doux pour la peau ou particuli\u00e8rement efficace &#8211; c&rsquo;est toi qui d\u00e9cides<\/li>\n<li class=\"p2\">Poign\u00e9e : lisse, avec une molette de r\u00e9glage facile \u00e0 saisir \u00e0 l&rsquo;extr\u00e9mit\u00e9 inf\u00e9rieure<\/li>\n<li class=\"p2\">M\u00e9canisme de rotation intuitif : r\u00e9glage facile via la t\u00eate de poign\u00e9e stri\u00e9e<\/li>\n<li class=\"p2\">Durable et pr\u00e9cis &#8211; de fabrication Solingen<\/li>\n<\/ul>\n<p class=\"p3\">Longueur : 8,5 cm, poids : 90 gr.<\/p>\n<p>Conseil pour les d\u00e9butants : commence par le niveau 1 ou 2 pour avoir une bonne sensation du rasage. Ensuite, tu peux facilement t&rsquo;approcher de ta zone de confort personnelle &#8211; sans aucun stress pour la peau.<\/p>\n","protected":false},"excerpt":{"rendered":"<p>R\u00e9glage continu : 5 niveaux de rasage pour une pr\u00e9cision personnalisable<\/p>\n","protected":false},"featured_media":502831,"comment_status":"closed","ping_status":"closed","template":"","meta":{"_acf_changed":false},"pwb-brand":[2947],"product_brand":[],"product_cat":[6590,2422],"product_tag":[],"class_list":{"0":"post-502835","1":"product","2":"type-product","3":"status-publish","4":"has-post-thumbnail","6":"pwb-brand-merkur","7":"product_cat-merkur-fr","8":"product_cat-rasoir-de-suretee","9":"product_shipping_class-standard-fr","10":"sales-flash-overlay","11":"woocommerce-text-align-center","12":"woocommerce-image-align-center","13":"do-quantity-buttons","15":"first","16":"instock","17":"taxable","18":"shipping-taxable","19":"purchasable","20":"product-type-simple"},"acf":[],"yoast_head":"<!-- This site is optimized with the Yoast SEO Premium plugin v27.3 (Yoast SEO v27.3) - https:\/\/yoast.com\/product\/yoast-seo-premium-wordpress\/ -->\n<title>Merkur Rasoir Progress 500 : R\u00e9glable individuellement | Manskin.ch<\/title>\n<meta name=\"description\" content=\"D\u00e9couvre le rasoir Merkur Progress 500 pour un rasage personnalis\u00e9. Choisis parmi cinq niveaux de rasage et d\u00e9couvre le confort et la pr\u00e9cision !\" \/>\n<meta name=\"robots\" content=\"index, follow, max-snippet:-1, max-image-preview:large, max-video-preview:-1\" \/>\n<link rel=\"canonical\" href=\"https:\/\/manskin.ch\/fr\/produkt\/merkur-rasoir-progress-500-chrom-laiton\/\" \/>\n<meta property=\"og:locale\" content=\"fr_FR\" \/>\n<meta property=\"og:type\" content=\"article\" \/>\n<meta property=\"og:title\" content=\"Merkur - Rasoir Progress 500 Chrom &amp; Laiton\" \/>\n<meta property=\"og:description\" content=\"D\u00e9couvre le rasoir Merkur Progress 500 pour un rasage personnalis\u00e9. Choisis parmi cinq niveaux de rasage et d\u00e9couvre le confort et la pr\u00e9cision !\" \/>\n<meta property=\"og:url\" content=\"https:\/\/manskin.ch\/fr\/produkt\/merkur-rasoir-progress-500-chrom-laiton\/\" \/>\n<meta property=\"og:site_name\" content=\"Manskin.ch\" \/>\n<meta property=\"article:publisher\" content=\"https:\/\/www.facebook.com\/manskin.ch\" \/>\n<meta property=\"article:modified_time\" content=\"2025-10-14T07:34:42+00:00\" \/>\n<meta name=\"twitter:card\" content=\"summary_large_image\" \/>\n<meta name=\"twitter:label1\" content=\"Prix\" \/>\n\t<meta name=\"twitter:data1\" content=\"89.00&#067;&#072;&#070;\" \/>\n\t<meta name=\"twitter:label2\" content=\"Disponibilit\u00e9\" \/>\n\t<meta name=\"twitter:data2\" content=\"En stock\" \/>\n<script type=\"application\/ld+json\" class=\"yoast-schema-graph\">{\"@context\":\"https:\\\/\\\/schema.org\",\"@graph\":[{\"@type\":\"WebPage\",\"@id\":\"https:\\\/\\\/manskin.ch\\\/fr\\\/produkt\\\/merkur-rasoir-progress-500-chrom-laiton\\\/\",\"url\":\"https:\\\/\\\/manskin.ch\\\/fr\\\/produkt\\\/merkur-rasoir-progress-500-chrom-laiton\\\/\",\"name\":\"Merkur Rasoir Progress 500 : R\u00e9glable individuellement | Manskin.ch\",\"isPartOf\":{\"@id\":\"https:\\\/\\\/manskin.ch\\\/fr\\\/#website\"},\"primaryImageOfPage\":{\"@id\":\"https:\\\/\\\/manskin.ch\\\/fr\\\/produkt\\\/merkur-rasoir-progress-500-chrom-laiton\\\/#primaryimage\"},\"image\":{\"@id\":\"https:\\\/\\\/manskin.ch\\\/fr\\\/produkt\\\/merkur-rasoir-progress-500-chrom-laiton\\\/#primaryimage\"},\"thumbnailUrl\":\"https:\\\/\\\/manskin.ch\\\/wp-content\\\/uploads\\\/2025\\\/10\\\/Merkur-Progress-Messing.jpg\",\"datePublished\":\"2025-10-14T06:56:19+00:00\",\"dateModified\":\"2025-10-14T07:34:42+00:00\",\"description\":\"D\u00e9couvre le rasoir Merkur Progress 500 pour un rasage personnalis\u00e9. Choisis parmi cinq niveaux de rasage et d\u00e9couvre le confort et la pr\u00e9cision !\",\"breadcrumb\":{\"@id\":\"https:\\\/\\\/manskin.ch\\\/fr\\\/produkt\\\/merkur-rasoir-progress-500-chrom-laiton\\\/#breadcrumb\"},\"inLanguage\":\"fr-FR\",\"potentialAction\":[{\"@type\":\"ReadAction\",\"target\":[\"https:\\\/\\\/manskin.ch\\\/fr\\\/produkt\\\/merkur-rasoir-progress-500-chrom-laiton\\\/\"]}]},{\"@type\":\"ImageObject\",\"inLanguage\":\"fr-FR\",\"@id\":\"https:\\\/\\\/manskin.ch\\\/fr\\\/produkt\\\/merkur-rasoir-progress-500-chrom-laiton\\\/#primaryimage\",\"url\":\"https:\\\/\\\/manskin.ch\\\/wp-content\\\/uploads\\\/2025\\\/10\\\/Merkur-Progress-Messing.jpg\",\"contentUrl\":\"https:\\\/\\\/manskin.ch\\\/wp-content\\\/uploads\\\/2025\\\/10\\\/Merkur-Progress-Messing.jpg\",\"width\":1000,\"height\":1000},{\"@type\":\"BreadcrumbList\",\"@id\":\"https:\\\/\\\/manskin.ch\\\/fr\\\/produkt\\\/merkur-rasoir-progress-500-chrom-laiton\\\/#breadcrumb\",\"itemListElement\":[{\"@type\":\"ListItem\",\"position\":1,\"name\":\"Startseite\",\"item\":\"https:\\\/\\\/manskin.ch\\\/fr\\\/\"},{\"@type\":\"ListItem\",\"position\":2,\"name\":\"Boutique Soins pour Hommes &amp; Skincare\",\"item\":\"https:\\\/\\\/manskin.ch\\\/fr\\\/boutique\\\/\"},{\"@type\":\"ListItem\",\"position\":3,\"name\":\"Merkur &#8211; Rasoir Progress 500 Chrom &#038; Laiton\"}]},{\"@type\":\"WebSite\",\"@id\":\"https:\\\/\\\/manskin.ch\\\/fr\\\/#website\",\"url\":\"https:\\\/\\\/manskin.ch\\\/fr\\\/\",\"name\":\"Manskin.ch\",\"description\":\"Tous les produits de beaut\u00e9 pour les hommes les plus exigeants\",\"publisher\":{\"@id\":\"https:\\\/\\\/manskin.ch\\\/fr\\\/#organization\"},\"potentialAction\":[{\"@type\":\"SearchAction\",\"target\":{\"@type\":\"EntryPoint\",\"urlTemplate\":\"https:\\\/\\\/manskin.ch\\\/fr\\\/?s={search_term_string}\"},\"query-input\":{\"@type\":\"PropertyValueSpecification\",\"valueRequired\":true,\"valueName\":\"search_term_string\"}}],\"inLanguage\":\"fr-FR\"},{\"@type\":\"Organization\",\"@id\":\"https:\\\/\\\/manskin.ch\\\/fr\\\/#organization\",\"name\":\"Manskin.ch - der Schweizer Onlineshop f\u00fcr qualit\u00e4tsstarke M\u00e4nnerpflege\",\"url\":\"https:\\\/\\\/manskin.ch\\\/fr\\\/\",\"logo\":{\"@type\":\"ImageObject\",\"inLanguage\":\"fr-FR\",\"@id\":\"https:\\\/\\\/manskin.ch\\\/fr\\\/#\\\/schema\\\/logo\\\/image\\\/\",\"url\":\"https:\\\/\\\/manskin.ch\\\/wp-content\\\/uploads\\\/2021\\\/04\\\/cropped-logo_head.png\",\"contentUrl\":\"https:\\\/\\\/manskin.ch\\\/wp-content\\\/uploads\\\/2021\\\/04\\\/cropped-logo_head.png\",\"width\":235,\"height\":75,\"caption\":\"Manskin.ch - der Schweizer Onlineshop f\u00fcr qualit\u00e4tsstarke M\u00e4nnerpflege\"},\"image\":{\"@id\":\"https:\\\/\\\/manskin.ch\\\/fr\\\/#\\\/schema\\\/logo\\\/image\\\/\"},\"sameAs\":[\"https:\\\/\\\/www.facebook.com\\\/manskin.ch\",\"https:\\\/\\\/www.instagram.com\\\/manskin.ch\\\/\"],\"hasMerchantReturnPolicy\":{\"@type\":\"MerchantReturnPolicy\",\"merchantReturnLink\":\"https:\\\/\\\/manskin.ch\\\/impressum\\\/ruecksendungen\\\/\"}}]}<\/script>\n<meta property=\"product:brand\" content=\"Merkur\" \/>\n<meta property=\"product:price:amount\" content=\"89.00\" \/>\n<meta property=\"product:price:currency\" content=\"CHF\" \/>\n<meta property=\"og:availability\" content=\"instock\" \/>\n<meta property=\"product:availability\" content=\"instock\" \/>\n<meta property=\"product:retailer_item_id\" content=\"500105\" \/>\n<meta property=\"product:condition\" content=\"new\" \/>\n<!-- \/ Yoast SEO Premium plugin. -->","yoast_head_json":{"title":"Merkur Rasoir Progress 500 : R\u00e9glable individuellement | Manskin.ch","description":"D\u00e9couvre le rasoir Merkur Progress 500 pour un rasage personnalis\u00e9. Choisis parmi cinq niveaux de rasage et d\u00e9couvre le confort et la pr\u00e9cision !","robots":{"index":"index","follow":"follow","max-snippet":"max-snippet:-1","max-image-preview":"max-image-preview:large","max-video-preview":"max-video-preview:-1"},"canonical":"https:\/\/manskin.ch\/fr\/produkt\/merkur-rasoir-progress-500-chrom-laiton\/","og_locale":"fr_FR","og_type":"article","og_title":"Merkur - Rasoir Progress 500 Chrom & Laiton","og_description":"D\u00e9couvre le rasoir Merkur Progress 500 pour un rasage personnalis\u00e9. Choisis parmi cinq niveaux de rasage et d\u00e9couvre le confort et la pr\u00e9cision !","og_url":"https:\/\/manskin.ch\/fr\/produkt\/merkur-rasoir-progress-500-chrom-laiton\/","og_site_name":"Manskin.ch","article_publisher":"https:\/\/www.facebook.com\/manskin.ch","article_modified_time":"2025-10-14T07:34:42+00:00","twitter_card":"summary_large_image","twitter_misc":{"Prix":"89.00&#67;&#72;&#70;","Disponibilit\u00e9":"En stock"},"schema":{"@context":"https:\/\/schema.org","@graph":[{"@type":"WebPage","@id":"https:\/\/manskin.ch\/fr\/produkt\/merkur-rasoir-progress-500-chrom-laiton\/","url":"https:\/\/manskin.ch\/fr\/produkt\/merkur-rasoir-progress-500-chrom-laiton\/","name":"Merkur Rasoir Progress 500 : R\u00e9glable individuellement | Manskin.ch","isPartOf":{"@id":"https:\/\/manskin.ch\/fr\/#website"},"primaryImageOfPage":{"@id":"https:\/\/manskin.ch\/fr\/produkt\/merkur-rasoir-progress-500-chrom-laiton\/#primaryimage"},"image":{"@id":"https:\/\/manskin.ch\/fr\/produkt\/merkur-rasoir-progress-500-chrom-laiton\/#primaryimage"},"thumbnailUrl":"https:\/\/manskin.ch\/wp-content\/uploads\/2025\/10\/Merkur-Progress-Messing.jpg","datePublished":"2025-10-14T06:56:19+00:00","dateModified":"2025-10-14T07:34:42+00:00","description":"D\u00e9couvre le rasoir Merkur Progress 500 pour un rasage personnalis\u00e9. Choisis parmi cinq niveaux de rasage et d\u00e9couvre le confort et la pr\u00e9cision !","breadcrumb":{"@id":"https:\/\/manskin.ch\/fr\/produkt\/merkur-rasoir-progress-500-chrom-laiton\/#breadcrumb"},"inLanguage":"fr-FR","potentialAction":[{"@type":"ReadAction","target":["https:\/\/manskin.ch\/fr\/produkt\/merkur-rasoir-progress-500-chrom-laiton\/"]}]},{"@type":"ImageObject","inLanguage":"fr-FR","@id":"https:\/\/manskin.ch\/fr\/produkt\/merkur-rasoir-progress-500-chrom-laiton\/#primaryimage","url":"https:\/\/manskin.ch\/wp-content\/uploads\/2025\/10\/Merkur-Progress-Messing.jpg","contentUrl":"https:\/\/manskin.ch\/wp-content\/uploads\/2025\/10\/Merkur-Progress-Messing.jpg","width":1000,"height":1000},{"@type":"BreadcrumbList","@id":"https:\/\/manskin.ch\/fr\/produkt\/merkur-rasoir-progress-500-chrom-laiton\/#breadcrumb","itemListElement":[{"@type":"ListItem","position":1,"name":"Startseite","item":"https:\/\/manskin.ch\/fr\/"},{"@type":"ListItem","position":2,"name":"Boutique Soins pour Hommes &amp; Skincare","item":"https:\/\/manskin.ch\/fr\/boutique\/"},{"@type":"ListItem","position":3,"name":"Merkur &#8211; Rasoir Progress 500 Chrom &#038; Laiton"}]},{"@type":"WebSite","@id":"https:\/\/manskin.ch\/fr\/#website","url":"https:\/\/manskin.ch\/fr\/","name":"Manskin.ch","description":"Tous les produits de beaut\u00e9 pour les hommes les plus exigeants","publisher":{"@id":"https:\/\/manskin.ch\/fr\/#organization"},"potentialAction":[{"@type":"SearchAction","target":{"@type":"EntryPoint","urlTemplate":"https:\/\/manskin.ch\/fr\/?s={search_term_string}"},"query-input":{"@type":"PropertyValueSpecification","valueRequired":true,"valueName":"search_term_string"}}],"inLanguage":"fr-FR"},{"@type":"Organization","@id":"https:\/\/manskin.ch\/fr\/#organization","name":"Manskin.ch - der Schweizer Onlineshop f\u00fcr qualit\u00e4tsstarke M\u00e4nnerpflege","url":"https:\/\/manskin.ch\/fr\/","logo":{"@type":"ImageObject","inLanguage":"fr-FR","@id":"https:\/\/manskin.ch\/fr\/#\/schema\/logo\/image\/","url":"https:\/\/manskin.ch\/wp-content\/uploads\/2021\/04\/cropped-logo_head.png","contentUrl":"https:\/\/manskin.ch\/wp-content\/uploads\/2021\/04\/cropped-logo_head.png","width":235,"height":75,"caption":"Manskin.ch - der Schweizer Onlineshop f\u00fcr qualit\u00e4tsstarke M\u00e4nnerpflege"},"image":{"@id":"https:\/\/manskin.ch\/fr\/#\/schema\/logo\/image\/"},"sameAs":["https:\/\/www.facebook.com\/manskin.ch","https:\/\/www.instagram.com\/manskin.ch\/"],"hasMerchantReturnPolicy":{"@type":"MerchantReturnPolicy","merchantReturnLink":"https:\/\/manskin.ch\/impressum\/ruecksendungen\/"}}]},"product_brand":"Merkur","product_price_amount":"89.00","product_price_currency":"CHF","og_availability":"instock","product_availability":"instock","product_retailer_item_id":"500105","product_condition":"new"},"brands":[{"id":2947,"name":"Merkur","slug":"merkur"}],"_links":{"self":[{"href":"https:\/\/manskin.ch\/fr\/wp-json\/wp\/v2\/product\/502835","targetHints":{"allow":["GET"]}}],"collection":[{"href":"https:\/\/manskin.ch\/fr\/wp-json\/wp\/v2\/product"}],"about":[{"href":"https:\/\/manskin.ch\/fr\/wp-json\/wp\/v2\/types\/product"}],"replies":[{"embeddable":true,"href":"https:\/\/manskin.ch\/fr\/wp-json\/wp\/v2\/comments?post=502835"}],"wp:featuredmedia":[{"embeddable":true,"href":"https:\/\/manskin.ch\/fr\/wp-json\/wp\/v2\/media\/502831"}],"wp:attachment":[{"href":"https:\/\/manskin.ch\/fr\/wp-json\/wp\/v2\/media?parent=502835"}],"wp:term":[{"taxonomy":"pwb-brand","embeddable":true,"href":"https:\/\/manskin.ch\/fr\/wp-json\/wp\/v2\/pwb-brand?post=502835"},{"taxonomy":"product_brand","embeddable":true,"href":"https:\/\/manskin.ch\/fr\/wp-json\/wp\/v2\/product_brand?post=502835"},{"taxonomy":"product_cat","embeddable":true,"href":"https:\/\/manskin.ch\/fr\/wp-json\/wp\/v2\/product_cat?post=502835"},{"taxonomy":"product_tag","embeddable":true,"href":"https:\/\/manskin.ch\/fr\/wp-json\/wp\/v2\/product_tag?post=502835"}],"curies":[{"name":"wp","href":"https:\/\/api.w.org\/{rel}","templated":true}]}}