{"id":502826,"date":"2025-10-13T20:46:20","date_gmt":"2025-10-13T18:46:20","guid":{"rendered":"https:\/\/manskin.ch\/produkt\/merkur-rasoir-23c-inox\/"},"modified":"2025-10-13T21:41:14","modified_gmt":"2025-10-13T19:41:14","slug":"merkur-rasoir-23c-inox","status":"publish","type":"product","link":"https:\/\/manskin.ch\/fr\/produkt\/merkur-rasoir-23c-inox\/","title":{"rendered":"Merkur &#8211; Rasoir 23C Inox"},"content":{"rendered":"<h2 class=\"p1\">Merkur &#8211; Rasoir 23C Inox<\/h2>\n<ul>\n<li class=\"p2\">Le Merkur 23C INOX est la version en acier inoxydable du rasoir classique Merkur \u2013 un chef-d\u2019\u0153uvre de Solingen alliant design intemporel, durabilit\u00e9 et confort de rasage.<\/li>\n<li class=\"p2\">Enti\u00e8rement fabriqu\u00e9 en acier inoxydable, il offre une qualit\u00e9 sup\u00e9rieure et une r\u00e9sistance exceptionnelle \u00e0 la corrosion.<\/li>\n<li class=\"p2\">Son peigne ferm\u00e9 garantit un rasage doux, pr\u00e9cis et s\u00fbr.<\/li>\n<li class=\"p2\">Le long manche finement molet\u00e9 assure une prise en main optimale, m\u00eame sur peau humide.<\/li>\n<\/ul>\n<p>Avantages :<\/p>\n<ul>\n<li class=\"p2\">100 % acier inoxydable<\/li>\n<li class=\"p2\">Peigne ferm\u00e9 \u2013 doux et efficace<\/li>\n<li class=\"p2\">Manche long et antid\u00e9rapant pour un contr\u00f4le parfait<\/li>\n<li class=\"p2\">Durable, hygi\u00e9nique et \u00e9cologique<\/li>\n<li class=\"p2\">Fabriqu\u00e9 \u00e0 Solingen, Allemagne<\/li>\n<\/ul>\n<p>Dimension 106 x 43 x 25 cm, Poids: 74 gr.<\/p>\n","protected":false},"excerpt":{"rendered":"<p>Rasoir inox intemporel \u2013 doux, pr\u00e9cis, durable<\/p>\n","protected":false},"featured_media":502822,"comment_status":"closed","ping_status":"closed","template":"","meta":{"_acf_changed":false},"pwb-brand":[2947],"product_brand":[],"product_cat":[6590,2422],"product_tag":[],"class_list":{"0":"post-502826","1":"product","2":"type-product","3":"status-publish","4":"has-post-thumbnail","6":"pwb-brand-merkur","7":"product_cat-merkur-fr","8":"product_cat-rasoir-de-suretee","9":"product_shipping_class-standard-fr","10":"sales-flash-overlay","11":"woocommerce-text-align-center","12":"woocommerce-image-align-center","13":"do-quantity-buttons","15":"first","16":"instock","17":"taxable","18":"shipping-taxable","19":"purchasable","20":"product-type-simple"},"acf":[],"yoast_head":"<!-- This site is optimized with the Yoast SEO Premium plugin v27.3 (Yoast SEO v27.3) - https:\/\/yoast.com\/product\/yoast-seo-premium-wordpress\/ -->\n<title>Rasoir Merkur 23C : rasoir de s\u00e9curit\u00e9 en acier inoxydable | Manskin.ch<\/title>\n<meta name=\"description\" content=\"D\u00e9couvre la combinaison parfaite entre qualit\u00e9 et design avec le rasoir Merkur 23C. Offre-toi un rasage doux et pr\u00e9cis! Chez Manskin.ch\" \/>\n<meta name=\"robots\" content=\"index, follow, max-snippet:-1, max-image-preview:large, max-video-preview:-1\" \/>\n<link rel=\"canonical\" href=\"https:\/\/manskin.ch\/fr\/produkt\/merkur-rasoir-23c-inox\/\" \/>\n<meta property=\"og:locale\" content=\"fr_FR\" \/>\n<meta property=\"og:type\" content=\"article\" \/>\n<meta property=\"og:title\" content=\"Merkur - Rasoir 23C Inox\" \/>\n<meta property=\"og:description\" content=\"D\u00e9couvre la combinaison parfaite entre qualit\u00e9 et design avec le rasoir Merkur 23C. Offre-toi un rasage doux et pr\u00e9cis! Chez Manskin.ch\" \/>\n<meta property=\"og:url\" content=\"https:\/\/manskin.ch\/fr\/produkt\/merkur-rasoir-23c-inox\/\" \/>\n<meta property=\"og:site_name\" content=\"Manskin.ch\" \/>\n<meta property=\"article:publisher\" content=\"https:\/\/www.facebook.com\/manskin.ch\" \/>\n<meta property=\"article:modified_time\" content=\"2025-10-13T19:41:14+00:00\" \/>\n<meta name=\"twitter:card\" content=\"summary_large_image\" \/>\n<meta name=\"twitter:label1\" content=\"Prix\" \/>\n\t<meta name=\"twitter:data1\" content=\"110.00&#067;&#072;&#070;\" \/>\n\t<meta name=\"twitter:label2\" content=\"Disponibilit\u00e9\" \/>\n\t<meta name=\"twitter:data2\" content=\"En stock\" \/>\n<script type=\"application\/ld+json\" class=\"yoast-schema-graph\">{\"@context\":\"https:\\\/\\\/schema.org\",\"@graph\":[{\"@type\":\"WebPage\",\"@id\":\"https:\\\/\\\/manskin.ch\\\/fr\\\/produkt\\\/merkur-rasoir-23c-inox\\\/\",\"url\":\"https:\\\/\\\/manskin.ch\\\/fr\\\/produkt\\\/merkur-rasoir-23c-inox\\\/\",\"name\":\"Rasoir Merkur 23C : rasoir de s\u00e9curit\u00e9 en acier inoxydable | Manskin.ch\",\"isPartOf\":{\"@id\":\"https:\\\/\\\/manskin.ch\\\/fr\\\/#website\"},\"primaryImageOfPage\":{\"@id\":\"https:\\\/\\\/manskin.ch\\\/fr\\\/produkt\\\/merkur-rasoir-23c-inox\\\/#primaryimage\"},\"image\":{\"@id\":\"https:\\\/\\\/manskin.ch\\\/fr\\\/produkt\\\/merkur-rasoir-23c-inox\\\/#primaryimage\"},\"thumbnailUrl\":\"https:\\\/\\\/manskin.ch\\\/wp-content\\\/uploads\\\/2025\\\/10\\\/Merkur-Rasierer-23C-Inox.jpg\",\"datePublished\":\"2025-10-13T18:46:20+00:00\",\"dateModified\":\"2025-10-13T19:41:14+00:00\",\"description\":\"D\u00e9couvre la combinaison parfaite entre qualit\u00e9 et design avec le rasoir Merkur 23C. Offre-toi un rasage doux et pr\u00e9cis! Chez Manskin.ch\",\"breadcrumb\":{\"@id\":\"https:\\\/\\\/manskin.ch\\\/fr\\\/produkt\\\/merkur-rasoir-23c-inox\\\/#breadcrumb\"},\"inLanguage\":\"fr-FR\",\"potentialAction\":[{\"@type\":\"ReadAction\",\"target\":[\"https:\\\/\\\/manskin.ch\\\/fr\\\/produkt\\\/merkur-rasoir-23c-inox\\\/\"]}]},{\"@type\":\"ImageObject\",\"inLanguage\":\"fr-FR\",\"@id\":\"https:\\\/\\\/manskin.ch\\\/fr\\\/produkt\\\/merkur-rasoir-23c-inox\\\/#primaryimage\",\"url\":\"https:\\\/\\\/manskin.ch\\\/wp-content\\\/uploads\\\/2025\\\/10\\\/Merkur-Rasierer-23C-Inox.jpg\",\"contentUrl\":\"https:\\\/\\\/manskin.ch\\\/wp-content\\\/uploads\\\/2025\\\/10\\\/Merkur-Rasierer-23C-Inox.jpg\",\"width\":1000,\"height\":1000},{\"@type\":\"BreadcrumbList\",\"@id\":\"https:\\\/\\\/manskin.ch\\\/fr\\\/produkt\\\/merkur-rasoir-23c-inox\\\/#breadcrumb\",\"itemListElement\":[{\"@type\":\"ListItem\",\"position\":1,\"name\":\"Startseite\",\"item\":\"https:\\\/\\\/manskin.ch\\\/fr\\\/\"},{\"@type\":\"ListItem\",\"position\":2,\"name\":\"Boutique Soins pour Hommes &amp; Skincare\",\"item\":\"https:\\\/\\\/manskin.ch\\\/fr\\\/boutique\\\/\"},{\"@type\":\"ListItem\",\"position\":3,\"name\":\"Merkur &#8211; Rasoir 23C Inox\"}]},{\"@type\":\"WebSite\",\"@id\":\"https:\\\/\\\/manskin.ch\\\/fr\\\/#website\",\"url\":\"https:\\\/\\\/manskin.ch\\\/fr\\\/\",\"name\":\"Manskin.ch\",\"description\":\"Tous les produits de beaut\u00e9 pour les hommes les plus exigeants\",\"publisher\":{\"@id\":\"https:\\\/\\\/manskin.ch\\\/fr\\\/#organization\"},\"potentialAction\":[{\"@type\":\"SearchAction\",\"target\":{\"@type\":\"EntryPoint\",\"urlTemplate\":\"https:\\\/\\\/manskin.ch\\\/fr\\\/?s={search_term_string}\"},\"query-input\":{\"@type\":\"PropertyValueSpecification\",\"valueRequired\":true,\"valueName\":\"search_term_string\"}}],\"inLanguage\":\"fr-FR\"},{\"@type\":\"Organization\",\"@id\":\"https:\\\/\\\/manskin.ch\\\/fr\\\/#organization\",\"name\":\"Manskin.ch - der Schweizer Onlineshop f\u00fcr qualit\u00e4tsstarke M\u00e4nnerpflege\",\"url\":\"https:\\\/\\\/manskin.ch\\\/fr\\\/\",\"logo\":{\"@type\":\"ImageObject\",\"inLanguage\":\"fr-FR\",\"@id\":\"https:\\\/\\\/manskin.ch\\\/fr\\\/#\\\/schema\\\/logo\\\/image\\\/\",\"url\":\"https:\\\/\\\/manskin.ch\\\/wp-content\\\/uploads\\\/2021\\\/04\\\/cropped-logo_head.png\",\"contentUrl\":\"https:\\\/\\\/manskin.ch\\\/wp-content\\\/uploads\\\/2021\\\/04\\\/cropped-logo_head.png\",\"width\":235,\"height\":75,\"caption\":\"Manskin.ch - der Schweizer Onlineshop f\u00fcr qualit\u00e4tsstarke M\u00e4nnerpflege\"},\"image\":{\"@id\":\"https:\\\/\\\/manskin.ch\\\/fr\\\/#\\\/schema\\\/logo\\\/image\\\/\"},\"sameAs\":[\"https:\\\/\\\/www.facebook.com\\\/manskin.ch\",\"https:\\\/\\\/www.instagram.com\\\/manskin.ch\\\/\"]}]}<\/script>\n<meta property=\"product:price:amount\" content=\"110.00\" \/>\n<meta property=\"product:price:currency\" content=\"CHF\" \/>\n<meta property=\"og:availability\" content=\"instock\" \/>\n<meta property=\"product:availability\" content=\"instock\" \/>\n<meta property=\"product:retailer_item_id\" content=\"23006\" \/>\n<meta property=\"product:condition\" content=\"new\" \/>\n<!-- \/ Yoast SEO Premium plugin. -->","yoast_head_json":{"title":"Rasoir Merkur 23C : rasoir de s\u00e9curit\u00e9 en acier inoxydable | Manskin.ch","description":"D\u00e9couvre la combinaison parfaite entre qualit\u00e9 et design avec le rasoir Merkur 23C. Offre-toi un rasage doux et pr\u00e9cis! Chez Manskin.ch","robots":{"index":"index","follow":"follow","max-snippet":"max-snippet:-1","max-image-preview":"max-image-preview:large","max-video-preview":"max-video-preview:-1"},"canonical":"https:\/\/manskin.ch\/fr\/produkt\/merkur-rasoir-23c-inox\/","og_locale":"fr_FR","og_type":"article","og_title":"Merkur - Rasoir 23C Inox","og_description":"D\u00e9couvre la combinaison parfaite entre qualit\u00e9 et design avec le rasoir Merkur 23C. Offre-toi un rasage doux et pr\u00e9cis! Chez Manskin.ch","og_url":"https:\/\/manskin.ch\/fr\/produkt\/merkur-rasoir-23c-inox\/","og_site_name":"Manskin.ch","article_publisher":"https:\/\/www.facebook.com\/manskin.ch","article_modified_time":"2025-10-13T19:41:14+00:00","twitter_card":"summary_large_image","twitter_misc":{"Prix":"110.00&#67;&#72;&#70;","Disponibilit\u00e9":"En stock"},"schema":{"@context":"https:\/\/schema.org","@graph":[{"@type":"WebPage","@id":"https:\/\/manskin.ch\/fr\/produkt\/merkur-rasoir-23c-inox\/","url":"https:\/\/manskin.ch\/fr\/produkt\/merkur-rasoir-23c-inox\/","name":"Rasoir Merkur 23C : rasoir de s\u00e9curit\u00e9 en acier inoxydable | Manskin.ch","isPartOf":{"@id":"https:\/\/manskin.ch\/fr\/#website"},"primaryImageOfPage":{"@id":"https:\/\/manskin.ch\/fr\/produkt\/merkur-rasoir-23c-inox\/#primaryimage"},"image":{"@id":"https:\/\/manskin.ch\/fr\/produkt\/merkur-rasoir-23c-inox\/#primaryimage"},"thumbnailUrl":"https:\/\/manskin.ch\/wp-content\/uploads\/2025\/10\/Merkur-Rasierer-23C-Inox.jpg","datePublished":"2025-10-13T18:46:20+00:00","dateModified":"2025-10-13T19:41:14+00:00","description":"D\u00e9couvre la combinaison parfaite entre qualit\u00e9 et design avec le rasoir Merkur 23C. Offre-toi un rasage doux et pr\u00e9cis! Chez Manskin.ch","breadcrumb":{"@id":"https:\/\/manskin.ch\/fr\/produkt\/merkur-rasoir-23c-inox\/#breadcrumb"},"inLanguage":"fr-FR","potentialAction":[{"@type":"ReadAction","target":["https:\/\/manskin.ch\/fr\/produkt\/merkur-rasoir-23c-inox\/"]}]},{"@type":"ImageObject","inLanguage":"fr-FR","@id":"https:\/\/manskin.ch\/fr\/produkt\/merkur-rasoir-23c-inox\/#primaryimage","url":"https:\/\/manskin.ch\/wp-content\/uploads\/2025\/10\/Merkur-Rasierer-23C-Inox.jpg","contentUrl":"https:\/\/manskin.ch\/wp-content\/uploads\/2025\/10\/Merkur-Rasierer-23C-Inox.jpg","width":1000,"height":1000},{"@type":"BreadcrumbList","@id":"https:\/\/manskin.ch\/fr\/produkt\/merkur-rasoir-23c-inox\/#breadcrumb","itemListElement":[{"@type":"ListItem","position":1,"name":"Startseite","item":"https:\/\/manskin.ch\/fr\/"},{"@type":"ListItem","position":2,"name":"Boutique Soins pour Hommes &amp; Skincare","item":"https:\/\/manskin.ch\/fr\/boutique\/"},{"@type":"ListItem","position":3,"name":"Merkur &#8211; Rasoir 23C Inox"}]},{"@type":"WebSite","@id":"https:\/\/manskin.ch\/fr\/#website","url":"https:\/\/manskin.ch\/fr\/","name":"Manskin.ch","description":"Tous les produits de beaut\u00e9 pour les hommes les plus exigeants","publisher":{"@id":"https:\/\/manskin.ch\/fr\/#organization"},"potentialAction":[{"@type":"SearchAction","target":{"@type":"EntryPoint","urlTemplate":"https:\/\/manskin.ch\/fr\/?s={search_term_string}"},"query-input":{"@type":"PropertyValueSpecification","valueRequired":true,"valueName":"search_term_string"}}],"inLanguage":"fr-FR"},{"@type":"Organization","@id":"https:\/\/manskin.ch\/fr\/#organization","name":"Manskin.ch - der Schweizer Onlineshop f\u00fcr qualit\u00e4tsstarke M\u00e4nnerpflege","url":"https:\/\/manskin.ch\/fr\/","logo":{"@type":"ImageObject","inLanguage":"fr-FR","@id":"https:\/\/manskin.ch\/fr\/#\/schema\/logo\/image\/","url":"https:\/\/manskin.ch\/wp-content\/uploads\/2021\/04\/cropped-logo_head.png","contentUrl":"https:\/\/manskin.ch\/wp-content\/uploads\/2021\/04\/cropped-logo_head.png","width":235,"height":75,"caption":"Manskin.ch - der Schweizer Onlineshop f\u00fcr qualit\u00e4tsstarke M\u00e4nnerpflege"},"image":{"@id":"https:\/\/manskin.ch\/fr\/#\/schema\/logo\/image\/"},"sameAs":["https:\/\/www.facebook.com\/manskin.ch","https:\/\/www.instagram.com\/manskin.ch\/"]}]},"product_price_amount":"110.00","product_price_currency":"CHF","og_availability":"instock","product_availability":"instock","product_retailer_item_id":"23006","product_condition":"new"},"brands":[{"id":2947,"name":"Merkur","slug":"merkur"}],"_links":{"self":[{"href":"https:\/\/manskin.ch\/fr\/wp-json\/wp\/v2\/product\/502826","targetHints":{"allow":["GET"]}}],"collection":[{"href":"https:\/\/manskin.ch\/fr\/wp-json\/wp\/v2\/product"}],"about":[{"href":"https:\/\/manskin.ch\/fr\/wp-json\/wp\/v2\/types\/product"}],"replies":[{"embeddable":true,"href":"https:\/\/manskin.ch\/fr\/wp-json\/wp\/v2\/comments?post=502826"}],"wp:featuredmedia":[{"embeddable":true,"href":"https:\/\/manskin.ch\/fr\/wp-json\/wp\/v2\/media\/502822"}],"wp:attachment":[{"href":"https:\/\/manskin.ch\/fr\/wp-json\/wp\/v2\/media?parent=502826"}],"wp:term":[{"taxonomy":"pwb-brand","embeddable":true,"href":"https:\/\/manskin.ch\/fr\/wp-json\/wp\/v2\/pwb-brand?post=502826"},{"taxonomy":"product_brand","embeddable":true,"href":"https:\/\/manskin.ch\/fr\/wp-json\/wp\/v2\/product_brand?post=502826"},{"taxonomy":"product_cat","embeddable":true,"href":"https:\/\/manskin.ch\/fr\/wp-json\/wp\/v2\/product_cat?post=502826"},{"taxonomy":"product_tag","embeddable":true,"href":"https:\/\/manskin.ch\/fr\/wp-json\/wp\/v2\/product_tag?post=502826"}],"curies":[{"name":"wp","href":"https:\/\/api.w.org\/{rel}","templated":true}]}}