{"id":502651,"date":"2025-10-04T16:33:31","date_gmt":"2025-10-04T14:33:31","guid":{"rendered":"https:\/\/manskin.ch\/produkt\/some-by-mi-super-matcha-starter-kit\/"},"modified":"2025-10-04T16:51:54","modified_gmt":"2025-10-04T14:51:54","slug":"some-by-mi-super-matcha-starter-kit","status":"publish","type":"product","link":"https:\/\/manskin.ch\/fr\/produkt\/some-by-mi-super-matcha-starter-kit\/","title":{"rendered":"Some By Mi &#8211; Super Matcha Starter Kit"},"content":{"rendered":"<h2 class=\"p1\">Some by Mi \u2013 Super Matcha Pore Care Starter Kit<\/h2>\n<p class=\"p2\">Le Super Matcha Pore Care Starter Kit r\u00e9unit quatre soins essentiels pour une peau plus nette et des pores visiblement affin\u00e9s. Gr\u00e2ce au matcha concentr\u00e9, aux acides BHA naturels et aux extraits v\u00e9g\u00e9taux apaisants, la peau est purifi\u00e9e en profondeur, \u00e9quilibr\u00e9e et rafra\u00eechie.<\/p>\n<p class=\"p2\">Contenu :<\/p>\n<ul>\n<li class=\"p3\">Cleansing Gel (42 ml) \u2013 nettoie en douceur et rafra\u00eechit<\/li>\n<li class=\"p3\">Clay Mask (42 g) \u2013 \u00e9limine l\u2019exc\u00e8s de s\u00e9bum et les impuret\u00e9s<\/li>\n<li class=\"p3\">Toner (30 ml) \u2013 resserre les pores et calme la peau<\/li>\n<li class=\"p3\">Serum (10 ml) \u2013 hydrate et am\u00e9liore la texture de la peau<\/li>\n<\/ul>\n<p class=\"p2\">Parfait pour les peaux mixtes ou grasses sujettes aux pores dilat\u00e9s. Pour une peau propre, lisse et \u00e9clatante \u2013 \u00e0 d\u00e9couvrir ou \u00e0 emporter en voyage.<\/p>\n","protected":false},"excerpt":{"rendered":"<p>Soin au matcha pour une peau plus nette et des pores affin\u00e9s \u2013 purifie, \u00e9quilibre et rafra\u00eechit en douceur<\/p>\n","protected":false},"featured_media":502652,"comment_status":"closed","ping_status":"closed","template":"","meta":{"_acf_changed":false},"pwb-brand":[6593],"product_brand":[],"product_cat":[2330,2333,2346,2347,6592],"product_tag":[],"class_list":{"0":"post-502651","1":"product","2":"type-product","3":"status-publish","4":"has-post-thumbnail","6":"pwb-brand-some-by-mi-fr","7":"product_cat-masques-visage","8":"product_cat-nettoyants-visage","9":"product_cat-peau-grasse","10":"product_cat-peau-mixte","11":"product_cat-somebymi-fr","12":"product_shipping_class-standard-fr","13":"sales-flash-overlay","14":"woocommerce-text-align-center","15":"woocommerce-image-align-center","16":"do-quantity-buttons","18":"first","19":"instock","20":"taxable","21":"shipping-taxable","22":"purchasable","23":"product-type-simple"},"acf":[],"yoast_head":"<!-- This site is optimized with the Yoast SEO Premium plugin v27.3 (Yoast SEO v27.3) - https:\/\/yoast.com\/product\/yoast-seo-premium-wordpress\/ -->\n<title>Some By Mi - Super Matcha Starter Kit | Manskin.ch<\/title>\n<meta name=\"description\" content=\"Le kit Super Matcha Pore Care de Some by Mi nettoie et resserre les pores gr\u00e2ce au matcha et aux acides BHA. Id\u00e9al pour les peaux mixtes et grasses.\" \/>\n<meta name=\"robots\" content=\"index, follow, max-snippet:-1, max-image-preview:large, max-video-preview:-1\" \/>\n<link rel=\"canonical\" href=\"https:\/\/manskin.ch\/fr\/produkt\/some-by-mi-super-matcha-starter-kit\/\" \/>\n<meta property=\"og:locale\" content=\"fr_FR\" \/>\n<meta property=\"og:type\" content=\"article\" \/>\n<meta property=\"og:title\" content=\"Some By Mi - Super Matcha Starter Kit\" \/>\n<meta property=\"og:description\" content=\"Le kit Super Matcha Pore Care de Some by Mi nettoie et resserre les pores gr\u00e2ce au matcha et aux acides BHA. Id\u00e9al pour les peaux mixtes et grasses.\" \/>\n<meta property=\"og:url\" content=\"https:\/\/manskin.ch\/fr\/produkt\/some-by-mi-super-matcha-starter-kit\/\" \/>\n<meta property=\"og:site_name\" content=\"Manskin.ch\" \/>\n<meta property=\"article:publisher\" content=\"https:\/\/www.facebook.com\/manskin.ch\" \/>\n<meta property=\"article:modified_time\" content=\"2025-10-04T14:51:54+00:00\" \/>\n<meta property=\"og:image\" content=\"https:\/\/manskin.ch\/wp-content\/uploads\/2025\/10\/Some-By-Mi-Super-Matcha-Kit.jpg\" \/>\n\t<meta property=\"og:image:width\" content=\"1000\" \/>\n\t<meta property=\"og:image:height\" content=\"1000\" \/>\n\t<meta property=\"og:image:type\" content=\"image\/jpeg\" \/>\n<meta name=\"twitter:card\" content=\"summary_large_image\" \/>\n<meta name=\"twitter:label1\" content=\"Prix\" \/>\n\t<meta name=\"twitter:data1\" content=\"29.00&#067;&#072;&#070;\" \/>\n\t<meta name=\"twitter:label2\" content=\"Disponibilit\u00e9\" \/>\n\t<meta name=\"twitter:data2\" content=\"En stock\" \/>\n<script type=\"application\/ld+json\" class=\"yoast-schema-graph\">{\"@context\":\"https:\\\/\\\/schema.org\",\"@graph\":[{\"@type\":\"WebPage\",\"@id\":\"https:\\\/\\\/manskin.ch\\\/fr\\\/produkt\\\/some-by-mi-super-matcha-starter-kit\\\/\",\"url\":\"https:\\\/\\\/manskin.ch\\\/fr\\\/produkt\\\/some-by-mi-super-matcha-starter-kit\\\/\",\"name\":\"Some By Mi - Super Matcha Starter Kit | Manskin.ch\",\"isPartOf\":{\"@id\":\"https:\\\/\\\/manskin.ch\\\/fr\\\/#website\"},\"primaryImageOfPage\":{\"@id\":\"https:\\\/\\\/manskin.ch\\\/fr\\\/produkt\\\/some-by-mi-super-matcha-starter-kit\\\/#primaryimage\"},\"image\":{\"@id\":\"https:\\\/\\\/manskin.ch\\\/fr\\\/produkt\\\/some-by-mi-super-matcha-starter-kit\\\/#primaryimage\"},\"thumbnailUrl\":\"https:\\\/\\\/manskin.ch\\\/wp-content\\\/uploads\\\/2025\\\/10\\\/Some-By-Mi-Super-Matcha-Kit.jpg\",\"datePublished\":\"2025-10-04T14:33:31+00:00\",\"dateModified\":\"2025-10-04T14:51:54+00:00\",\"description\":\"Le kit Super Matcha Pore Care de Some by Mi nettoie et resserre les pores gr\u00e2ce au matcha et aux acides BHA. Id\u00e9al pour les peaux mixtes et grasses.\",\"breadcrumb\":{\"@id\":\"https:\\\/\\\/manskin.ch\\\/fr\\\/produkt\\\/some-by-mi-super-matcha-starter-kit\\\/#breadcrumb\"},\"inLanguage\":\"fr-FR\",\"potentialAction\":[{\"@type\":\"ReadAction\",\"target\":[\"https:\\\/\\\/manskin.ch\\\/fr\\\/produkt\\\/some-by-mi-super-matcha-starter-kit\\\/\"]}]},{\"@type\":\"ImageObject\",\"inLanguage\":\"fr-FR\",\"@id\":\"https:\\\/\\\/manskin.ch\\\/fr\\\/produkt\\\/some-by-mi-super-matcha-starter-kit\\\/#primaryimage\",\"url\":\"https:\\\/\\\/manskin.ch\\\/wp-content\\\/uploads\\\/2025\\\/10\\\/Some-By-Mi-Super-Matcha-Kit.jpg\",\"contentUrl\":\"https:\\\/\\\/manskin.ch\\\/wp-content\\\/uploads\\\/2025\\\/10\\\/Some-By-Mi-Super-Matcha-Kit.jpg\",\"width\":1000,\"height\":1000},{\"@type\":\"BreadcrumbList\",\"@id\":\"https:\\\/\\\/manskin.ch\\\/fr\\\/produkt\\\/some-by-mi-super-matcha-starter-kit\\\/#breadcrumb\",\"itemListElement\":[{\"@type\":\"ListItem\",\"position\":1,\"name\":\"Startseite\",\"item\":\"https:\\\/\\\/manskin.ch\\\/fr\\\/\"},{\"@type\":\"ListItem\",\"position\":2,\"name\":\"Boutique Soins pour Hommes &amp; Skincare\",\"item\":\"https:\\\/\\\/manskin.ch\\\/fr\\\/boutique\\\/\"},{\"@type\":\"ListItem\",\"position\":3,\"name\":\"Some By Mi &#8211; Super Matcha Starter Kit\"}]},{\"@type\":\"WebSite\",\"@id\":\"https:\\\/\\\/manskin.ch\\\/fr\\\/#website\",\"url\":\"https:\\\/\\\/manskin.ch\\\/fr\\\/\",\"name\":\"Manskin.ch\",\"description\":\"Tous les produits de beaut\u00e9 pour les hommes les plus exigeants\",\"publisher\":{\"@id\":\"https:\\\/\\\/manskin.ch\\\/fr\\\/#organization\"},\"potentialAction\":[{\"@type\":\"SearchAction\",\"target\":{\"@type\":\"EntryPoint\",\"urlTemplate\":\"https:\\\/\\\/manskin.ch\\\/fr\\\/?s={search_term_string}\"},\"query-input\":{\"@type\":\"PropertyValueSpecification\",\"valueRequired\":true,\"valueName\":\"search_term_string\"}}],\"inLanguage\":\"fr-FR\"},{\"@type\":\"Organization\",\"@id\":\"https:\\\/\\\/manskin.ch\\\/fr\\\/#organization\",\"name\":\"Manskin.ch - der Schweizer Onlineshop f\u00fcr qualit\u00e4tsstarke M\u00e4nnerpflege\",\"url\":\"https:\\\/\\\/manskin.ch\\\/fr\\\/\",\"logo\":{\"@type\":\"ImageObject\",\"inLanguage\":\"fr-FR\",\"@id\":\"https:\\\/\\\/manskin.ch\\\/fr\\\/#\\\/schema\\\/logo\\\/image\\\/\",\"url\":\"https:\\\/\\\/manskin.ch\\\/wp-content\\\/uploads\\\/2021\\\/04\\\/cropped-logo_head.png\",\"contentUrl\":\"https:\\\/\\\/manskin.ch\\\/wp-content\\\/uploads\\\/2021\\\/04\\\/cropped-logo_head.png\",\"width\":235,\"height\":75,\"caption\":\"Manskin.ch - der Schweizer Onlineshop f\u00fcr qualit\u00e4tsstarke M\u00e4nnerpflege\"},\"image\":{\"@id\":\"https:\\\/\\\/manskin.ch\\\/fr\\\/#\\\/schema\\\/logo\\\/image\\\/\"},\"sameAs\":[\"https:\\\/\\\/www.facebook.com\\\/manskin.ch\",\"https:\\\/\\\/www.instagram.com\\\/manskin.ch\\\/\"]}]}<\/script>\n<meta property=\"product:price:amount\" content=\"29.00\" \/>\n<meta property=\"product:price:currency\" content=\"CHF\" \/>\n<meta property=\"og:availability\" content=\"instock\" \/>\n<meta property=\"product:availability\" content=\"instock\" \/>\n<meta property=\"product:retailer_item_id\" content=\"14361\" \/>\n<meta property=\"product:condition\" content=\"new\" \/>\n<!-- \/ Yoast SEO Premium plugin. -->","yoast_head_json":{"title":"Some By Mi - Super Matcha Starter Kit | Manskin.ch","description":"Le kit Super Matcha Pore Care de Some by Mi nettoie et resserre les pores gr\u00e2ce au matcha et aux acides BHA. Id\u00e9al pour les peaux mixtes et grasses.","robots":{"index":"index","follow":"follow","max-snippet":"max-snippet:-1","max-image-preview":"max-image-preview:large","max-video-preview":"max-video-preview:-1"},"canonical":"https:\/\/manskin.ch\/fr\/produkt\/some-by-mi-super-matcha-starter-kit\/","og_locale":"fr_FR","og_type":"article","og_title":"Some By Mi - Super Matcha Starter Kit","og_description":"Le kit Super Matcha Pore Care de Some by Mi nettoie et resserre les pores gr\u00e2ce au matcha et aux acides BHA. Id\u00e9al pour les peaux mixtes et grasses.","og_url":"https:\/\/manskin.ch\/fr\/produkt\/some-by-mi-super-matcha-starter-kit\/","og_site_name":"Manskin.ch","article_publisher":"https:\/\/www.facebook.com\/manskin.ch","article_modified_time":"2025-10-04T14:51:54+00:00","og_image":[{"width":1000,"height":1000,"url":"https:\/\/manskin.ch\/wp-content\/uploads\/2025\/10\/Some-By-Mi-Super-Matcha-Kit.jpg","type":"image\/jpeg"}],"twitter_card":"summary_large_image","twitter_misc":{"Prix":"29.00&#67;&#72;&#70;","Disponibilit\u00e9":"En stock"},"schema":{"@context":"https:\/\/schema.org","@graph":[{"@type":"WebPage","@id":"https:\/\/manskin.ch\/fr\/produkt\/some-by-mi-super-matcha-starter-kit\/","url":"https:\/\/manskin.ch\/fr\/produkt\/some-by-mi-super-matcha-starter-kit\/","name":"Some By Mi - Super Matcha Starter Kit | Manskin.ch","isPartOf":{"@id":"https:\/\/manskin.ch\/fr\/#website"},"primaryImageOfPage":{"@id":"https:\/\/manskin.ch\/fr\/produkt\/some-by-mi-super-matcha-starter-kit\/#primaryimage"},"image":{"@id":"https:\/\/manskin.ch\/fr\/produkt\/some-by-mi-super-matcha-starter-kit\/#primaryimage"},"thumbnailUrl":"https:\/\/manskin.ch\/wp-content\/uploads\/2025\/10\/Some-By-Mi-Super-Matcha-Kit.jpg","datePublished":"2025-10-04T14:33:31+00:00","dateModified":"2025-10-04T14:51:54+00:00","description":"Le kit Super Matcha Pore Care de Some by Mi nettoie et resserre les pores gr\u00e2ce au matcha et aux acides BHA. Id\u00e9al pour les peaux mixtes et grasses.","breadcrumb":{"@id":"https:\/\/manskin.ch\/fr\/produkt\/some-by-mi-super-matcha-starter-kit\/#breadcrumb"},"inLanguage":"fr-FR","potentialAction":[{"@type":"ReadAction","target":["https:\/\/manskin.ch\/fr\/produkt\/some-by-mi-super-matcha-starter-kit\/"]}]},{"@type":"ImageObject","inLanguage":"fr-FR","@id":"https:\/\/manskin.ch\/fr\/produkt\/some-by-mi-super-matcha-starter-kit\/#primaryimage","url":"https:\/\/manskin.ch\/wp-content\/uploads\/2025\/10\/Some-By-Mi-Super-Matcha-Kit.jpg","contentUrl":"https:\/\/manskin.ch\/wp-content\/uploads\/2025\/10\/Some-By-Mi-Super-Matcha-Kit.jpg","width":1000,"height":1000},{"@type":"BreadcrumbList","@id":"https:\/\/manskin.ch\/fr\/produkt\/some-by-mi-super-matcha-starter-kit\/#breadcrumb","itemListElement":[{"@type":"ListItem","position":1,"name":"Startseite","item":"https:\/\/manskin.ch\/fr\/"},{"@type":"ListItem","position":2,"name":"Boutique Soins pour Hommes &amp; Skincare","item":"https:\/\/manskin.ch\/fr\/boutique\/"},{"@type":"ListItem","position":3,"name":"Some By Mi &#8211; Super Matcha Starter Kit"}]},{"@type":"WebSite","@id":"https:\/\/manskin.ch\/fr\/#website","url":"https:\/\/manskin.ch\/fr\/","name":"Manskin.ch","description":"Tous les produits de beaut\u00e9 pour les hommes les plus exigeants","publisher":{"@id":"https:\/\/manskin.ch\/fr\/#organization"},"potentialAction":[{"@type":"SearchAction","target":{"@type":"EntryPoint","urlTemplate":"https:\/\/manskin.ch\/fr\/?s={search_term_string}"},"query-input":{"@type":"PropertyValueSpecification","valueRequired":true,"valueName":"search_term_string"}}],"inLanguage":"fr-FR"},{"@type":"Organization","@id":"https:\/\/manskin.ch\/fr\/#organization","name":"Manskin.ch - der Schweizer Onlineshop f\u00fcr qualit\u00e4tsstarke M\u00e4nnerpflege","url":"https:\/\/manskin.ch\/fr\/","logo":{"@type":"ImageObject","inLanguage":"fr-FR","@id":"https:\/\/manskin.ch\/fr\/#\/schema\/logo\/image\/","url":"https:\/\/manskin.ch\/wp-content\/uploads\/2021\/04\/cropped-logo_head.png","contentUrl":"https:\/\/manskin.ch\/wp-content\/uploads\/2021\/04\/cropped-logo_head.png","width":235,"height":75,"caption":"Manskin.ch - der Schweizer Onlineshop f\u00fcr qualit\u00e4tsstarke M\u00e4nnerpflege"},"image":{"@id":"https:\/\/manskin.ch\/fr\/#\/schema\/logo\/image\/"},"sameAs":["https:\/\/www.facebook.com\/manskin.ch","https:\/\/www.instagram.com\/manskin.ch\/"]}]},"product_price_amount":"29.00","product_price_currency":"CHF","og_availability":"instock","product_availability":"instock","product_retailer_item_id":"14361","product_condition":"new"},"brands":[{"id":6593,"name":"Some By Mi","slug":"some-by-mi-fr"}],"_links":{"self":[{"href":"https:\/\/manskin.ch\/fr\/wp-json\/wp\/v2\/product\/502651","targetHints":{"allow":["GET"]}}],"collection":[{"href":"https:\/\/manskin.ch\/fr\/wp-json\/wp\/v2\/product"}],"about":[{"href":"https:\/\/manskin.ch\/fr\/wp-json\/wp\/v2\/types\/product"}],"replies":[{"embeddable":true,"href":"https:\/\/manskin.ch\/fr\/wp-json\/wp\/v2\/comments?post=502651"}],"wp:featuredmedia":[{"embeddable":true,"href":"https:\/\/manskin.ch\/fr\/wp-json\/wp\/v2\/media\/502652"}],"wp:attachment":[{"href":"https:\/\/manskin.ch\/fr\/wp-json\/wp\/v2\/media?parent=502651"}],"wp:term":[{"taxonomy":"pwb-brand","embeddable":true,"href":"https:\/\/manskin.ch\/fr\/wp-json\/wp\/v2\/pwb-brand?post=502651"},{"taxonomy":"product_brand","embeddable":true,"href":"https:\/\/manskin.ch\/fr\/wp-json\/wp\/v2\/product_brand?post=502651"},{"taxonomy":"product_cat","embeddable":true,"href":"https:\/\/manskin.ch\/fr\/wp-json\/wp\/v2\/product_cat?post=502651"},{"taxonomy":"product_tag","embeddable":true,"href":"https:\/\/manskin.ch\/fr\/wp-json\/wp\/v2\/product_tag?post=502651"}],"curies":[{"name":"wp","href":"https:\/\/api.w.org\/{rel}","templated":true}]}}